{"id":115773,"date":"2021-01-22T14:48:07","date_gmt":"2021-01-22T14:48:07","guid":{"rendered":"https:\/\/dev.tg4.ie\/?page_id=115773"},"modified":"2021-11-05T09:26:55","modified_gmt":"2021-11-05T09:26:55","slug":"australian-football-league-womens-aflw-to-be-broadcast-on-tg4","status":"publish","type":"page","link":"https:\/\/dev.tg4.ie\/en\/information\/press\/press-releases\/2021-2\/australian-football-league-womens-aflw-to-be-broadcast-on-tg4\/","title":{"rendered":"Australian Football League Women&#8217;s (AFLW) to be broadcast on TG4"},"content":{"rendered":"<p><a href=\"https:\/\/tg4-docs.s3.amazonaws.com\/tg4-redesign-2015\/wp-content\/uploads\/2021\/01\/Sinead_Goldrick-AFL-1920x1080-1.jpg\"><img loading=\"lazy\" decoding=\"async\" width=\"1920\" height=\"1080\" src=\"https:\/\/tg4-docs.s3.amazonaws.com\/tg4-redesign-2015\/wp-content\/uploads\/2021\/01\/Sinead_Goldrick-AFL-1920x1080-1.jpg\" alt=\"\" class=\"aligncenter size-full wp-image-115769\" srcset=\"https:\/\/tg4-docs.s3.amazonaws.com\/tg4-redesign-2015\/wp-content\/uploads\/2021\/01\/Sinead_Goldrick-AFL-1920x1080-1.jpg 1920w, https:\/\/tg4-docs.s3.amazonaws.com\/tg4-redesign-2015\/wp-content\/uploads\/2021\/01\/Sinead_Goldrick-AFL-1920x1080-1-250x141.jpg 250w, https:\/\/tg4-docs.s3.amazonaws.com\/tg4-redesign-2015\/wp-content\/uploads\/2021\/01\/Sinead_Goldrick-AFL-1920x1080-1-700x394.jpg 700w, https:\/\/tg4-docs.s3.amazonaws.com\/tg4-redesign-2015\/wp-content\/uploads\/2021\/01\/Sinead_Goldrick-AFL-1920x1080-1-252x141.jpg 252w, https:\/\/tg4-docs.s3.amazonaws.com\/tg4-redesign-2015\/wp-content\/uploads\/2021\/01\/Sinead_Goldrick-AFL-1920x1080-1-1536x864.jpg 1536w, https:\/\/tg4-docs.s3.amazonaws.com\/tg4-redesign-2015\/wp-content\/uploads\/2021\/01\/Sinead_Goldrick-AFL-1920x1080-1-120x68.jpg 120w\" sizes=\"(max-width: 1920px) 100vw, 1920px\" \/><\/a><br \/>\n&nbsp;<br \/>\nTG4 have announced that the station will broadcast weekly matches and highlights from the upcoming Australian Football League Women\u2019s (AFLW) season.<br \/>\n&nbsp;<br \/>\nThe NAB AFL Women\u2019s Competition begins on the last weekend of January with fourteen teams battling it out over twelve weekends to see who will reach the Grand Final in April.<br \/>\n&nbsp;<br \/>\nThe agreement between TG4 and the Australian Football League (AFL) will see matches being broadcast deferred each weekend as well as weekly highlights. The coverage will begin on TG4 on Saturday 30th January at 5.10pm (the full schedule for February is below).<br \/>\n&nbsp;<br \/>\nThere will be fourteen Irish players playing in this season&#8217;s NAB AFL Women\u2019s Competition which is Australia&#8217;s national semi-professional Australian Rules Football league for female players.  The first season of the league in 2017 had 8 teams; the league expanded to 10 teams in the 2019 season and expanded to 14 teams in the 2020 season. The league is run by the Australian Football League (AFL) and is contested by a subset of clubs from that competition.<br \/>\n&nbsp;<br \/>\nAFL Head of Women\u2019s Football Nicole Livingstone said she was pleased with the announcement and looked forward to the NAB AFL Women\u2019s Competition being broadcast in Ireland. <em>\u201cWe are proud to expand the AFLW broadcast to Ireland, a significant announcement for Australian Football given the impact Irish footballers have had on the NAB AFL Women\u2019s Competition,\u201d<\/em> Ms. Livingstone said. <em>\u201cWe have 14 Irish players currently on AFLW lists and it is great to know that their family and friends back home will be able to watch them in action this season.\u201d<\/em><br \/>\n&nbsp;<br \/>\nTG4&#8217;s Head of Sport R\u00f3n\u00e1n \u00d3 Coisdealbha said: <em>&#8220;We are extremely pleased that TG4 have agreed a deal with the Australian Football League (AFL) to broadcast matches from the NAB AFL Women\u2019s Competition. There are a lot of players from Ireland who play in the AFLW so the interest is very high. We would like to thank the AFL for giving us the opportunity to showcase their sport in Ireland.&#8221;<\/em><br \/>\n&nbsp;<\/p>\n<p><em>The fourteen Irish players confirmed for the 2021 season are as follows:<\/em><br \/>\nSarah Rowe (Collingwood \/ Mayo)<\/p>\n<p>Cora Staunton (GWS Giants \/ Mayo)<\/p>\n<p>Aileen Gilroy (North Melbourne \/ Mayo)<\/p>\n<p>Grace Kelly (West Coast Eagles \/ Mayo)<\/p>\n<p>Niamh Kelly (West Coast Eagles \/ Mayo)<\/p>\n<p>Sin\u00e9ad Goldrick (Melbourne FC \/ Dublin)<\/p>\n<p>Niamh McEvoy (Melbourne FC \/ Dublin)<\/p>\n<p>Lauren Magee (Melbourne FC \/ Dublin)<\/p>\n<p>Aisling McCarthy (West Coast Eagles \/ Tipperary)<\/p>\n<p>Orla O&#8217;Dwyer (Brisbane Lions \/ Tipperary)<\/p>\n<p>Ailish Considine (Adelaide Crows \/ Clare)<\/p>\n<p>\u00c1ine Tighe (Fremantle Dockers \/ Leitrim)<\/p>\n<p>Br\u00edd Stack (GWS Giants \/ Cork)<\/p>\n<p>Aishling Sheridan (Collingwood \/ Cavan)<br \/>\n&nbsp;<\/p>\n<p>DATES FOR NAB AFL WOMEN\u2019S SEASON:<br \/>\nRound 1  &#8211;  Weekend of 28 \/ 29 \/ 30 \/ 31 January<\/p>\n<p>Round 2  &#8211;  Weekend of 5 \/ 6 \/ 7 February<br \/>\nRound 3  &#8211;  Weekend of 12 \/ 13 \/ 14 February<\/p>\n<p>Round 4  &#8211;  Weekend of 19 \/ 20 \/ 21 February<br \/>\nRound 5  &#8211;  Weekend of 26 \/ 27 \/ 28 February<br \/>\nRound 6  &#8211;  Weekend of 5 \/ 6 \/ 7 March<br \/>\nRound 7  &#8211;  Weekend of 12 \/ 13 \/ 14 March<br \/>\nRound 8  &#8211;  Weekend of 19 \/ 20 \/ 21 March<br \/>\nRound 9  &#8211;  Weekend of 26 \/ 27 \/ 28 March<br \/>\n&nbsp;<br \/>\nFinals series \/ Elimination finals  &#8211;  Weekend of 4 April  (3rd place v 6th place &#038; 4th place v 5th place)<br \/>\n&nbsp;<br \/>\nFinals series \/ Preliminary finals &#8211; Weekend of 10 April  (Semi-Finals,  Winner of 3rd vs 6th plays team that finished 2nd,  Winner of 4th vs 5th plays team that finished 1st)<br \/>\n&nbsp;<br \/>\nGRAND FINAL  &#8211;  Saturday 17 April<br \/>\n&nbsp;<br \/>\n&nbsp;<br \/>\n<strong>TG4 Coverage<\/strong><br \/>\nSaturday 30 January     5.10pm &#8211; full deferred coverage from a top match in the 1st round.<br \/>\nMonday 1 February       8pm &#8211; highlights from the weekends matches from the 1st round.<\/p>\n<p>Saturday 6 February     5.10pm &#8211; full deferred coverage from a top match in the 2nd round.<br \/>\nMonday 8 February       8pm &#8211; highlights from the weekends matches from the 2nd round.<\/p>\n<p>Saturday 13 February    5.10pm &#8211; full deferred coverage from a top match in the 3rd round.<br \/>\nMonday 15 February      8pm &#8211; highlights from the weekends matches from the 3rd round.<\/p>\n<p>Saturday 20 February    5.10pm &#8211; full deferred coverage from a top match in the 4th round.<br \/>\nMonday 22 February      8pm &#8211; highlights from the weekends matches from the 4th round.<\/p>\n<p>Saturday 27 February    5.45pm &#8211; coverage from a top match in the 5th round.<br \/>\n&nbsp;<\/p>\n<p><strong>More information here:<\/strong><br \/>\nList of matches:  <a href=\"https:\/\/womens.afl\/matches\/2021\" rel=\"noopener\" target=\"_blank\">https:\/\/womens.afl\/matches\/2021<\/a><br \/>\n<a href=\"https:\/\/womens.afl\/discover\/aflw\/the-game\" rel=\"noopener\" target=\"_blank\">https:\/\/womens.afl\/discover\/aflw\/the-game   <\/a><br \/>\n&nbsp;<br \/>\n&nbsp;<br \/>\n&nbsp;<\/p>\n","protected":false},"excerpt":{"rendered":"<p>&nbsp; TG4 have announced that the station will broadcast weekly matches and highlights from the upcoming Australian Football League Women\u2019s (AFLW) season. &nbsp; The NAB AFL Women\u2019s Competition begins on the last weekend of January with fourteen teams battling it out over twelve weekends to see who will reach the Grand Final in April. &nbsp; [&hellip;]<\/p>\n","protected":false},"author":876,"featured_media":0,"parent":115587,"menu_order":7,"comment_status":"closed","ping_status":"closed","template":"page-templates\/template-pr.php","meta":{"_acf_changed":false,"footnotes":""},"acf":[],"yoast_head":"<!-- This site is optimized with the Yoast SEO plugin v22.6 - https:\/\/yoast.com\/wordpress\/plugins\/seo\/ -->\n<title>TG4 | Australian Football League Women\u2019s (AFLW) to be broadcast on TG4 | 2021 | Press Releases | Press | Irish Television Channel, S\u00fail Eile<\/title>\n<meta name=\"description\" content=\"TG4 announce they will be broadcasting the 2021 Australian Football League Women&#039;s (AFLW)\" \/>\n<meta name=\"robots\" content=\"index, follow, max-snippet:-1, max-image-preview:large, max-video-preview:-1\" \/>\n<meta property=\"og:locale\" content=\"en_US\" \/>\n<meta property=\"og:type\" content=\"article\" \/>\n<meta property=\"og:title\" content=\"TG4 | Australian Football League Women\u2019s (AFLW) to be broadcast on TG4 | 2021 | Press Releases | Press | Irish Television Channel, S\u00fail Eile\" \/>\n<meta property=\"og:description\" content=\"TG4 announce they will be broadcasting the 2021 Australian Football League Women&#039;s (AFLW)\" \/>\n<meta property=\"og:url\" content=\"https:\/\/dev.tg4.ie\/en\/information\/press\/press-releases\/2021-2\/australian-football-league-womens-aflw-to-be-broadcast-on-tg4\/\" \/>\n<meta property=\"og:site_name\" content=\"TG4\" \/>\n<meta property=\"article:publisher\" content=\"https:\/\/www.facebook.com\/TG4TV\" \/>\n<meta property=\"article:modified_time\" content=\"2021-11-05T09:26:55+00:00\" \/>\n<meta property=\"og:image\" content=\"https:\/\/tg4-docs.s3.amazonaws.com\/tg4-redesign-2015\/wp-content\/uploads\/2021\/01\/Sinead_Goldrick-AFL-1920x1080-1.jpg\" \/>\n\t<meta property=\"og:image:width\" content=\"1920\" \/>\n\t<meta property=\"og:image:height\" content=\"1080\" \/>\n\t<meta property=\"og:image:type\" content=\"image\/jpeg\" \/>\n<meta name=\"twitter:card\" content=\"summary_large_image\" \/>\n<meta name=\"twitter:image\" content=\"https:\/\/tg4-docs.s3.amazonaws.com\/tg4-redesign-2015\/wp-content\/uploads\/2021\/01\/Sinead_Goldrick-AFL-1920x1080-1.jpg\" \/>\n<meta name=\"twitter:site\" content=\"@TG4TV\" \/>\n<meta name=\"twitter:label1\" content=\"Est. reading time\" \/>\n\t<meta name=\"twitter:data1\" content=\"3 minutes\" \/>\n<script type=\"application\/ld+json\" class=\"yoast-schema-graph\">{\"@context\":\"https:\/\/schema.org\",\"@graph\":[{\"@type\":\"WebPage\",\"@id\":\"https:\/\/dev.tg4.ie\/en\/information\/press\/press-releases\/2021-2\/australian-football-league-womens-aflw-to-be-broadcast-on-tg4\/\",\"url\":\"https:\/\/dev.tg4.ie\/en\/information\/press\/press-releases\/2021-2\/australian-football-league-womens-aflw-to-be-broadcast-on-tg4\/\",\"name\":\"TG4 | Australian Football League Women\u2019s (AFLW) to be broadcast on TG4 | 2021 | Press Releases | Press | Irish Television Channel, S\u00fail Eile\",\"isPartOf\":{\"@id\":\"https:\/\/dev.tg4.ie\/en\/#website\"},\"primaryImageOfPage\":{\"@id\":\"https:\/\/dev.tg4.ie\/en\/information\/press\/press-releases\/2021-2\/australian-football-league-womens-aflw-to-be-broadcast-on-tg4\/#primaryimage\"},\"image\":{\"@id\":\"https:\/\/dev.tg4.ie\/en\/information\/press\/press-releases\/2021-2\/australian-football-league-womens-aflw-to-be-broadcast-on-tg4\/#primaryimage\"},\"thumbnailUrl\":\"https:\/\/dev.tg4.ie\/wp-content\/uploads\/2021\/01\/Sinead_Goldrick-AFL-1920x1080-1.jpg\",\"datePublished\":\"2021-01-22T14:48:07+00:00\",\"dateModified\":\"2021-11-05T09:26:55+00:00\",\"description\":\"TG4 announce they will be broadcasting the 2021 Australian Football League Women's (AFLW)\",\"breadcrumb\":{\"@id\":\"https:\/\/dev.tg4.ie\/en\/information\/press\/press-releases\/2021-2\/australian-football-league-womens-aflw-to-be-broadcast-on-tg4\/#breadcrumb\"},\"inLanguage\":\"en-ie\",\"potentialAction\":[{\"@type\":\"ReadAction\",\"target\":[\"https:\/\/dev.tg4.ie\/en\/information\/press\/press-releases\/2021-2\/australian-football-league-womens-aflw-to-be-broadcast-on-tg4\/\"]}]},{\"@type\":\"ImageObject\",\"inLanguage\":\"en-ie\",\"@id\":\"https:\/\/dev.tg4.ie\/en\/information\/press\/press-releases\/2021-2\/australian-football-league-womens-aflw-to-be-broadcast-on-tg4\/#primaryimage\",\"url\":\"https:\/\/dev.tg4.ie\/wp-content\/uploads\/2021\/01\/Sinead_Goldrick-AFL-1920x1080-1.jpg\",\"contentUrl\":\"https:\/\/dev.tg4.ie\/wp-content\/uploads\/2021\/01\/Sinead_Goldrick-AFL-1920x1080-1.jpg\"},{\"@type\":\"BreadcrumbList\",\"@id\":\"https:\/\/dev.tg4.ie\/en\/information\/press\/press-releases\/2021-2\/australian-football-league-womens-aflw-to-be-broadcast-on-tg4\/#breadcrumb\",\"itemListElement\":[{\"@type\":\"ListItem\",\"position\":1,\"name\":\"Home\",\"item\":\"https:\/\/dev.tg4.ie\/en\/\"},{\"@type\":\"ListItem\",\"position\":2,\"name\":\"Information\",\"item\":\"https:\/\/dev.tg4.ie\/en\/information\/\"},{\"@type\":\"ListItem\",\"position\":3,\"name\":\"Press\",\"item\":\"https:\/\/dev.tg4.ie\/en\/information\/press\/\"},{\"@type\":\"ListItem\",\"position\":4,\"name\":\"Press Releases\",\"item\":\"https:\/\/dev.tg4.ie\/en\/information\/press\/press-releases\/\"},{\"@type\":\"ListItem\",\"position\":5,\"name\":\"2021\",\"item\":\"https:\/\/dev.tg4.ie\/en\/information\/press\/press-releases\/2021-2\/\"},{\"@type\":\"ListItem\",\"position\":6,\"name\":\"Australian Football League Women&#8217;s (AFLW) to be broadcast on TG4\"}]},{\"@type\":\"WebSite\",\"@id\":\"https:\/\/dev.tg4.ie\/en\/#website\",\"url\":\"https:\/\/dev.tg4.ie\/en\/\",\"name\":\"TG4\",\"description\":\"S\u00fail Eile\",\"potentialAction\":[{\"@type\":\"SearchAction\",\"target\":{\"@type\":\"EntryPoint\",\"urlTemplate\":\"https:\/\/dev.tg4.ie\/en\/?s={search_term_string}\"},\"query-input\":\"required name=search_term_string\"}],\"inLanguage\":\"en-ie\"}]}<\/script>\n<!-- \/ Yoast SEO plugin. -->","yoast_head_json":{"title":"TG4 | Australian Football League Women\u2019s (AFLW) to be broadcast on TG4 | 2021 | Press Releases | Press | Irish Television Channel, S\u00fail Eile","description":"TG4 announce they will be broadcasting the 2021 Australian Football League Women's (AFLW)","robots":{"index":"index","follow":"follow","max-snippet":"max-snippet:-1","max-image-preview":"max-image-preview:large","max-video-preview":"max-video-preview:-1"},"og_locale":"en_US","og_type":"article","og_title":"TG4 | Australian Football League Women\u2019s (AFLW) to be broadcast on TG4 | 2021 | Press Releases | Press | Irish Television Channel, S\u00fail Eile","og_description":"TG4 announce they will be broadcasting the 2021 Australian Football League Women's (AFLW)","og_url":"https:\/\/dev.tg4.ie\/en\/information\/press\/press-releases\/2021-2\/australian-football-league-womens-aflw-to-be-broadcast-on-tg4\/","og_site_name":"TG4","article_publisher":"https:\/\/www.facebook.com\/TG4TV","article_modified_time":"2021-11-05T09:26:55+00:00","og_image":[{"width":1920,"height":1080,"url":"https:\/\/tg4-docs.s3.amazonaws.com\/tg4-redesign-2015\/wp-content\/uploads\/2021\/01\/Sinead_Goldrick-AFL-1920x1080-1.jpg","type":"image\/jpeg"}],"twitter_card":"summary_large_image","twitter_image":"https:\/\/tg4-docs.s3.amazonaws.com\/tg4-redesign-2015\/wp-content\/uploads\/2021\/01\/Sinead_Goldrick-AFL-1920x1080-1.jpg","twitter_site":"@TG4TV","twitter_misc":{"Est. reading time":"3 minutes"},"schema":{"@context":"https:\/\/schema.org","@graph":[{"@type":"WebPage","@id":"https:\/\/dev.tg4.ie\/en\/information\/press\/press-releases\/2021-2\/australian-football-league-womens-aflw-to-be-broadcast-on-tg4\/","url":"https:\/\/dev.tg4.ie\/en\/information\/press\/press-releases\/2021-2\/australian-football-league-womens-aflw-to-be-broadcast-on-tg4\/","name":"TG4 | Australian Football League Women\u2019s (AFLW) to be broadcast on TG4 | 2021 | Press Releases | Press | Irish Television Channel, S\u00fail Eile","isPartOf":{"@id":"https:\/\/dev.tg4.ie\/en\/#website"},"primaryImageOfPage":{"@id":"https:\/\/dev.tg4.ie\/en\/information\/press\/press-releases\/2021-2\/australian-football-league-womens-aflw-to-be-broadcast-on-tg4\/#primaryimage"},"image":{"@id":"https:\/\/dev.tg4.ie\/en\/information\/press\/press-releases\/2021-2\/australian-football-league-womens-aflw-to-be-broadcast-on-tg4\/#primaryimage"},"thumbnailUrl":"https:\/\/dev.tg4.ie\/wp-content\/uploads\/2021\/01\/Sinead_Goldrick-AFL-1920x1080-1.jpg","datePublished":"2021-01-22T14:48:07+00:00","dateModified":"2021-11-05T09:26:55+00:00","description":"TG4 announce they will be broadcasting the 2021 Australian Football League Women's (AFLW)","breadcrumb":{"@id":"https:\/\/dev.tg4.ie\/en\/information\/press\/press-releases\/2021-2\/australian-football-league-womens-aflw-to-be-broadcast-on-tg4\/#breadcrumb"},"inLanguage":"en-ie","potentialAction":[{"@type":"ReadAction","target":["https:\/\/dev.tg4.ie\/en\/information\/press\/press-releases\/2021-2\/australian-football-league-womens-aflw-to-be-broadcast-on-tg4\/"]}]},{"@type":"ImageObject","inLanguage":"en-ie","@id":"https:\/\/dev.tg4.ie\/en\/information\/press\/press-releases\/2021-2\/australian-football-league-womens-aflw-to-be-broadcast-on-tg4\/#primaryimage","url":"https:\/\/dev.tg4.ie\/wp-content\/uploads\/2021\/01\/Sinead_Goldrick-AFL-1920x1080-1.jpg","contentUrl":"https:\/\/dev.tg4.ie\/wp-content\/uploads\/2021\/01\/Sinead_Goldrick-AFL-1920x1080-1.jpg"},{"@type":"BreadcrumbList","@id":"https:\/\/dev.tg4.ie\/en\/information\/press\/press-releases\/2021-2\/australian-football-league-womens-aflw-to-be-broadcast-on-tg4\/#breadcrumb","itemListElement":[{"@type":"ListItem","position":1,"name":"Home","item":"https:\/\/dev.tg4.ie\/en\/"},{"@type":"ListItem","position":2,"name":"Information","item":"https:\/\/dev.tg4.ie\/en\/information\/"},{"@type":"ListItem","position":3,"name":"Press","item":"https:\/\/dev.tg4.ie\/en\/information\/press\/"},{"@type":"ListItem","position":4,"name":"Press Releases","item":"https:\/\/dev.tg4.ie\/en\/information\/press\/press-releases\/"},{"@type":"ListItem","position":5,"name":"2021","item":"https:\/\/dev.tg4.ie\/en\/information\/press\/press-releases\/2021-2\/"},{"@type":"ListItem","position":6,"name":"Australian Football League Women&#8217;s (AFLW) to be broadcast on TG4"}]},{"@type":"WebSite","@id":"https:\/\/dev.tg4.ie\/en\/#website","url":"https:\/\/dev.tg4.ie\/en\/","name":"TG4","description":"S\u00fail Eile","potentialAction":[{"@type":"SearchAction","target":{"@type":"EntryPoint","urlTemplate":"https:\/\/dev.tg4.ie\/en\/?s={search_term_string}"},"query-input":"required name=search_term_string"}],"inLanguage":"en-ie"}]}},"_links":{"self":[{"href":"https:\/\/dev.tg4.ie\/en\/wp-json\/wp\/v2\/pages\/115773"}],"collection":[{"href":"https:\/\/dev.tg4.ie\/en\/wp-json\/wp\/v2\/pages"}],"about":[{"href":"https:\/\/dev.tg4.ie\/en\/wp-json\/wp\/v2\/types\/page"}],"author":[{"embeddable":true,"href":"https:\/\/dev.tg4.ie\/en\/wp-json\/wp\/v2\/users\/876"}],"replies":[{"embeddable":true,"href":"https:\/\/dev.tg4.ie\/en\/wp-json\/wp\/v2\/comments?post=115773"}],"version-history":[{"count":0,"href":"https:\/\/dev.tg4.ie\/en\/wp-json\/wp\/v2\/pages\/115773\/revisions"}],"up":[{"embeddable":true,"href":"https:\/\/dev.tg4.ie\/en\/wp-json\/wp\/v2\/pages\/115587"}],"wp:attachment":[{"href":"https:\/\/dev.tg4.ie\/en\/wp-json\/wp\/v2\/media?parent=115773"}],"curies":[{"name":"wp","href":"https:\/\/api.w.org\/{rel}","templated":true}]}}