{"id":115810,"date":"2021-01-25T15:40:31","date_gmt":"2021-01-25T15:40:31","guid":{"rendered":"https:\/\/dev.tg4.ie\/?page_id=115810"},"modified":"2021-01-25T18:41:28","modified_gmt":"2021-01-25T18:41:28","slug":"nui-galway-nuacht-rte-and-tg4-to-run-a-week-long-course-in-journalism-for-transition-year-students","status":"publish","type":"page","link":"https:\/\/dev.tg4.ie\/en\/information\/press\/press-releases\/2021-2\/nui-galway-nuacht-rte-and-tg4-to-run-a-week-long-course-in-journalism-for-transition-year-students\/","title":{"rendered":"NUI Galway, NUACHT RT\u00c9 and TG4 to run a week-long course in Journalism for Transition Year Students"},"content":{"rendered":"<p><a href=\"https:\/\/tg4-docs.s3.amazonaws.com\/tg4-redesign-2015\/wp-content\/uploads\/2021\/01\/IALA_2021-2_169_Bravo_1920x1080.jpg\"><img loading=\"lazy\" decoding=\"async\" width=\"1920\" height=\"1080\" src=\"https:\/\/tg4-docs.s3.amazonaws.com\/tg4-redesign-2015\/wp-content\/uploads\/2021\/01\/IALA_2021-2_169_Bravo_1920x1080.jpg\" alt=\"\" class=\"aligncenter size-full wp-image-115817\" srcset=\"https:\/\/tg4-docs.s3.amazonaws.com\/tg4-redesign-2015\/wp-content\/uploads\/2021\/01\/IALA_2021-2_169_Bravo_1920x1080.jpg 1920w, https:\/\/tg4-docs.s3.amazonaws.com\/tg4-redesign-2015\/wp-content\/uploads\/2021\/01\/IALA_2021-2_169_Bravo_1920x1080-250x141.jpg 250w, https:\/\/tg4-docs.s3.amazonaws.com\/tg4-redesign-2015\/wp-content\/uploads\/2021\/01\/IALA_2021-2_169_Bravo_1920x1080-700x394.jpg 700w, https:\/\/tg4-docs.s3.amazonaws.com\/tg4-redesign-2015\/wp-content\/uploads\/2021\/01\/IALA_2021-2_169_Bravo_1920x1080-252x141.jpg 252w, https:\/\/tg4-docs.s3.amazonaws.com\/tg4-redesign-2015\/wp-content\/uploads\/2021\/01\/IALA_2021-2_169_Bravo_1920x1080-1536x864.jpg 1536w, https:\/\/tg4-docs.s3.amazonaws.com\/tg4-redesign-2015\/wp-content\/uploads\/2021\/01\/IALA_2021-2_169_Bravo_1920x1080-120x68.jpg 120w\" sizes=\"(max-width: 1920px) 100vw, 1920px\" \/><\/a><br \/>\n&nbsp;<\/p>\n<p>Transition Year students in Irish-medium schools are being offered a unique insight to journalism in an online course with some of Ireland\u2019s finest television, radio and digital journalists and broadcasters.<br \/>\n&nbsp;<br \/>\nNUI Galway, Nuacht RT\u00c9 and TG4 are running the week-long <em>Iriseoir\u00ed an Lae Am\u00e1rach<\/em> programme in conjunction with An Chomhairle um Oideachas Gaeltachta agus Gaelscola\u00edochta (COGG) and the Department of Education.<br \/>\n&nbsp;<br \/>\nThe course is aimed at students in second level schools in Gaeltacht and other Irish-medium secondary schools and will be held via Zoom between 1\u20134 March 2021.<br \/>\n&nbsp;<br \/>\nEach day a mix of material will be presented by a team drawn from NUI Galway\u2019s media and communications courses and from journalists broadcasting on TG4, RT\u00c9 Raidi\u00f3 na Gaeltachta and producing content for online platforms.<br \/>\n&nbsp;<br \/>\nAward winning video journalist and filmmaker, Se\u00e1n Mac an tS\u00edthigh will share his skills and experience in compiling stories of a cinematic quality for TG4 and RT\u00c9.  Gormfhlaith N\u00ed Thuairisg will give an insight into packing the difficult questions into <em>Adhmhaidin<\/em>, RT\u00c9 Raidi\u00f3 na Gaeltachta\u2019s flagship current affairs programme.  Television news anchors Eimear N\u00ed Chonaola and Si\u00fan Nic Gearailt will speak of the joys the trials and the tribulations of daily live broadcasting.  Choosing and presenting stories for online platforms will be covered by Si\u00fan N\u00ed Dhuinn of RT\u00c9 Digiteach\/Gaeilge.ie.<br \/>\n&nbsp;<br \/>\nThe course will also give an insight into following a career path in media along with providing stories for a sporting nation on GAA, soccer and horseracing will also be outlined and discussed.<br \/>\n&nbsp;<br \/>\nProfessor Breand\u00e1n Mac Suibhne, Sti\u00farth\u00f3ir L\u00e9inn, Acadamh na hOllscola\u00edochta Gaeilge, NUI Galway, said: <em>\u201cThe last few years, punctuated by the catch-cry of \u2018fake news\u2019, have made us all more conscious of the importance of quality journalism.  Iriseoir\u00ed an lae am\u00e1rach enables Transition Year Students to see for themselves what journalism involves and it gives them experience that may help them decide if they wish to pursue a career in a field so vital to democracy and social justice.  And it will also give them a sense of the opportunities offered by a BA at NUI Galway.\u201d<\/em><br \/>\n&nbsp;<br \/>\nTG4\u2019s Director General, Alan Esslemont said: <em>\u201cIrish language journalism is core part of the TG4 schedule, and we welcome this collaboration with NUI Galway to encourage Transition Year students to consider a career in journalism.\u201d<\/em><br \/>\n&nbsp;<br \/>\nProgramme Director of the MA (Cleachtas Gairmi\u00fail sna Me\u00e1in), NUI Galway, Aodh \u00d3 Coile\u00e1in, said: <em>\u201cThe European Court of Human Rights in Strasbourg has compared the vital role of journalists to that of \u2018public watchdog\u2019.  Accordingly, the Court has afforded the press the broadest scope of protection.  Freedom of the press is one of the great gifts of a democratic society.  Perhaps now more than at any point in our history, Ireland needs free, critical, impartial and independent media.\u201d<\/em><\/p>\n<p><em>\u201cNUI Galway, Nuacht RT\u00c9 and TG4 and An Chomhairle um Oideachas Gaeltachta agus Gaelscola\u00edochta hope that this vibrant new digital course will give an insight to students and perhaps encourage some to choose education in journalism or some aspect of media and broadcasting.  The truth always matters.\u201d<\/em> concluded \u00d3 Coile\u00e1in.<br \/>\n&nbsp;<\/p>\n<p>Registration for course and further information: <a href=\"mailto:peadar@cogg.ie\" rel=\"noopener\" target=\"_blank\">peadar@cogg.ie <\/a><br \/>\n&nbsp;<br \/>\n&nbsp;<br \/>\n&nbsp;<\/p>\n","protected":false},"excerpt":{"rendered":"<p>&nbsp; Transition Year students in Irish-medium schools are being offered a unique insight to journalism in an online course with some of Ireland\u2019s finest television, radio and digital journalists and broadcasters. &nbsp; NUI Galway, Nuacht RT\u00c9 and TG4 are running the week-long Iriseoir\u00ed an Lae Am\u00e1rach programme in conjunction with An Chomhairle um Oideachas Gaeltachta [&hellip;]<\/p>\n","protected":false},"author":876,"featured_media":0,"parent":115587,"menu_order":8,"comment_status":"closed","ping_status":"closed","template":"page-templates\/template-pr.php","meta":{"_acf_changed":false,"footnotes":""},"acf":[],"yoast_head":"<!-- This site is optimized with the Yoast SEO plugin v22.6 - https:\/\/yoast.com\/wordpress\/plugins\/seo\/ -->\n<title>NUI Galway, NUACHT RT\u00c9 and TG4 to run a week-long course in Journalism for Transition Year Students | Press Release | TG4<\/title>\n<meta name=\"robots\" content=\"index, follow, max-snippet:-1, max-image-preview:large, max-video-preview:-1\" \/>\n<meta property=\"og:locale\" content=\"en_US\" \/>\n<meta property=\"og:type\" content=\"article\" \/>\n<meta property=\"og:title\" content=\"NUI Galway, NUACHT RT\u00c9 and TG4 to run a week-long course in Journalism for Transition Year Students | Press Release | TG4\" \/>\n<meta property=\"og:description\" content=\"&nbsp; Transition Year students in Irish-medium schools are being offered a unique insight to journalism in an online course with some of Ireland\u2019s finest television, radio and digital journalists and broadcasters. &nbsp; NUI Galway, Nuacht RT\u00c9 and TG4 are running the week-long Iriseoir\u00ed an Lae Am\u00e1rach programme in conjunction with An Chomhairle um Oideachas Gaeltachta [&hellip;]\" \/>\n<meta property=\"og:url\" content=\"https:\/\/dev.tg4.ie\/en\/information\/press\/press-releases\/2021-2\/nui-galway-nuacht-rte-and-tg4-to-run-a-week-long-course-in-journalism-for-transition-year-students\/\" \/>\n<meta property=\"og:site_name\" content=\"TG4\" \/>\n<meta property=\"article:publisher\" content=\"https:\/\/www.facebook.com\/TG4TV\" \/>\n<meta property=\"article:modified_time\" content=\"2021-01-25T18:41:28+00:00\" \/>\n<meta property=\"og:image\" content=\"https:\/\/tg4-docs.s3.amazonaws.com\/tg4-redesign-2015\/wp-content\/uploads\/2021\/01\/IALA_2021-2_169_Bravo_1920x1080.jpg\" \/>\n\t<meta property=\"og:image:width\" content=\"1920\" \/>\n\t<meta property=\"og:image:height\" content=\"1080\" \/>\n\t<meta property=\"og:image:type\" content=\"image\/jpeg\" \/>\n<meta name=\"twitter:card\" content=\"summary_large_image\" \/>\n<meta name=\"twitter:image\" content=\"https:\/\/tg4-docs.s3.amazonaws.com\/tg4-redesign-2015\/wp-content\/uploads\/2021\/01\/IALA_2021-2_169_Bravo_1920x1080.jpg\" \/>\n<meta name=\"twitter:site\" content=\"@TG4TV\" \/>\n<meta name=\"twitter:label1\" content=\"Est. reading time\" \/>\n\t<meta name=\"twitter:data1\" content=\"3 minutes\" \/>\n<script type=\"application\/ld+json\" class=\"yoast-schema-graph\">{\"@context\":\"https:\/\/schema.org\",\"@graph\":[{\"@type\":\"WebPage\",\"@id\":\"https:\/\/dev.tg4.ie\/en\/information\/press\/press-releases\/2021-2\/nui-galway-nuacht-rte-and-tg4-to-run-a-week-long-course-in-journalism-for-transition-year-students\/\",\"url\":\"https:\/\/dev.tg4.ie\/en\/information\/press\/press-releases\/2021-2\/nui-galway-nuacht-rte-and-tg4-to-run-a-week-long-course-in-journalism-for-transition-year-students\/\",\"name\":\"NUI Galway, NUACHT RT\u00c9 and TG4 to run a week-long course in Journalism for Transition Year Students | Press Release | TG4\",\"isPartOf\":{\"@id\":\"https:\/\/dev.tg4.ie\/en\/#website\"},\"primaryImageOfPage\":{\"@id\":\"https:\/\/dev.tg4.ie\/en\/information\/press\/press-releases\/2021-2\/nui-galway-nuacht-rte-and-tg4-to-run-a-week-long-course-in-journalism-for-transition-year-students\/#primaryimage\"},\"image\":{\"@id\":\"https:\/\/dev.tg4.ie\/en\/information\/press\/press-releases\/2021-2\/nui-galway-nuacht-rte-and-tg4-to-run-a-week-long-course-in-journalism-for-transition-year-students\/#primaryimage\"},\"thumbnailUrl\":\"https:\/\/dev.tg4.ie\/wp-content\/uploads\/2021\/01\/IALA_2021-2_169_Bravo_1920x1080.jpg\",\"datePublished\":\"2021-01-25T15:40:31+00:00\",\"dateModified\":\"2021-01-25T18:41:28+00:00\",\"breadcrumb\":{\"@id\":\"https:\/\/dev.tg4.ie\/en\/information\/press\/press-releases\/2021-2\/nui-galway-nuacht-rte-and-tg4-to-run-a-week-long-course-in-journalism-for-transition-year-students\/#breadcrumb\"},\"inLanguage\":\"en-ie\",\"potentialAction\":[{\"@type\":\"ReadAction\",\"target\":[\"https:\/\/dev.tg4.ie\/en\/information\/press\/press-releases\/2021-2\/nui-galway-nuacht-rte-and-tg4-to-run-a-week-long-course-in-journalism-for-transition-year-students\/\"]}]},{\"@type\":\"ImageObject\",\"inLanguage\":\"en-ie\",\"@id\":\"https:\/\/dev.tg4.ie\/en\/information\/press\/press-releases\/2021-2\/nui-galway-nuacht-rte-and-tg4-to-run-a-week-long-course-in-journalism-for-transition-year-students\/#primaryimage\",\"url\":\"https:\/\/dev.tg4.ie\/wp-content\/uploads\/2021\/01\/IALA_2021-2_169_Bravo_1920x1080.jpg\",\"contentUrl\":\"https:\/\/dev.tg4.ie\/wp-content\/uploads\/2021\/01\/IALA_2021-2_169_Bravo_1920x1080.jpg\"},{\"@type\":\"BreadcrumbList\",\"@id\":\"https:\/\/dev.tg4.ie\/en\/information\/press\/press-releases\/2021-2\/nui-galway-nuacht-rte-and-tg4-to-run-a-week-long-course-in-journalism-for-transition-year-students\/#breadcrumb\",\"itemListElement\":[{\"@type\":\"ListItem\",\"position\":1,\"name\":\"Home\",\"item\":\"https:\/\/dev.tg4.ie\/en\/\"},{\"@type\":\"ListItem\",\"position\":2,\"name\":\"Information\",\"item\":\"https:\/\/dev.tg4.ie\/en\/information\/\"},{\"@type\":\"ListItem\",\"position\":3,\"name\":\"Press\",\"item\":\"https:\/\/dev.tg4.ie\/en\/information\/press\/\"},{\"@type\":\"ListItem\",\"position\":4,\"name\":\"Press Releases\",\"item\":\"https:\/\/dev.tg4.ie\/en\/information\/press\/press-releases\/\"},{\"@type\":\"ListItem\",\"position\":5,\"name\":\"2021\",\"item\":\"https:\/\/dev.tg4.ie\/en\/information\/press\/press-releases\/2021-2\/\"},{\"@type\":\"ListItem\",\"position\":6,\"name\":\"NUI Galway, NUACHT RT\u00c9 and TG4 to run a week-long course in Journalism for Transition Year Students\"}]},{\"@type\":\"WebSite\",\"@id\":\"https:\/\/dev.tg4.ie\/en\/#website\",\"url\":\"https:\/\/dev.tg4.ie\/en\/\",\"name\":\"TG4\",\"description\":\"S\u00fail Eile\",\"potentialAction\":[{\"@type\":\"SearchAction\",\"target\":{\"@type\":\"EntryPoint\",\"urlTemplate\":\"https:\/\/dev.tg4.ie\/en\/?s={search_term_string}\"},\"query-input\":\"required name=search_term_string\"}],\"inLanguage\":\"en-ie\"}]}<\/script>\n<!-- \/ Yoast SEO plugin. -->","yoast_head_json":{"title":"NUI Galway, NUACHT RT\u00c9 and TG4 to run a week-long course in Journalism for Transition Year Students | Press Release | TG4","robots":{"index":"index","follow":"follow","max-snippet":"max-snippet:-1","max-image-preview":"max-image-preview:large","max-video-preview":"max-video-preview:-1"},"og_locale":"en_US","og_type":"article","og_title":"NUI Galway, NUACHT RT\u00c9 and TG4 to run a week-long course in Journalism for Transition Year Students | Press Release | TG4","og_description":"&nbsp; Transition Year students in Irish-medium schools are being offered a unique insight to journalism in an online course with some of Ireland\u2019s finest television, radio and digital journalists and broadcasters. &nbsp; NUI Galway, Nuacht RT\u00c9 and TG4 are running the week-long Iriseoir\u00ed an Lae Am\u00e1rach programme in conjunction with An Chomhairle um Oideachas Gaeltachta [&hellip;]","og_url":"https:\/\/dev.tg4.ie\/en\/information\/press\/press-releases\/2021-2\/nui-galway-nuacht-rte-and-tg4-to-run-a-week-long-course-in-journalism-for-transition-year-students\/","og_site_name":"TG4","article_publisher":"https:\/\/www.facebook.com\/TG4TV","article_modified_time":"2021-01-25T18:41:28+00:00","og_image":[{"width":1920,"height":1080,"url":"https:\/\/tg4-docs.s3.amazonaws.com\/tg4-redesign-2015\/wp-content\/uploads\/2021\/01\/IALA_2021-2_169_Bravo_1920x1080.jpg","type":"image\/jpeg"}],"twitter_card":"summary_large_image","twitter_image":"https:\/\/tg4-docs.s3.amazonaws.com\/tg4-redesign-2015\/wp-content\/uploads\/2021\/01\/IALA_2021-2_169_Bravo_1920x1080.jpg","twitter_site":"@TG4TV","twitter_misc":{"Est. reading time":"3 minutes"},"schema":{"@context":"https:\/\/schema.org","@graph":[{"@type":"WebPage","@id":"https:\/\/dev.tg4.ie\/en\/information\/press\/press-releases\/2021-2\/nui-galway-nuacht-rte-and-tg4-to-run-a-week-long-course-in-journalism-for-transition-year-students\/","url":"https:\/\/dev.tg4.ie\/en\/information\/press\/press-releases\/2021-2\/nui-galway-nuacht-rte-and-tg4-to-run-a-week-long-course-in-journalism-for-transition-year-students\/","name":"NUI Galway, NUACHT RT\u00c9 and TG4 to run a week-long course in Journalism for Transition Year Students | Press Release | TG4","isPartOf":{"@id":"https:\/\/dev.tg4.ie\/en\/#website"},"primaryImageOfPage":{"@id":"https:\/\/dev.tg4.ie\/en\/information\/press\/press-releases\/2021-2\/nui-galway-nuacht-rte-and-tg4-to-run-a-week-long-course-in-journalism-for-transition-year-students\/#primaryimage"},"image":{"@id":"https:\/\/dev.tg4.ie\/en\/information\/press\/press-releases\/2021-2\/nui-galway-nuacht-rte-and-tg4-to-run-a-week-long-course-in-journalism-for-transition-year-students\/#primaryimage"},"thumbnailUrl":"https:\/\/dev.tg4.ie\/wp-content\/uploads\/2021\/01\/IALA_2021-2_169_Bravo_1920x1080.jpg","datePublished":"2021-01-25T15:40:31+00:00","dateModified":"2021-01-25T18:41:28+00:00","breadcrumb":{"@id":"https:\/\/dev.tg4.ie\/en\/information\/press\/press-releases\/2021-2\/nui-galway-nuacht-rte-and-tg4-to-run-a-week-long-course-in-journalism-for-transition-year-students\/#breadcrumb"},"inLanguage":"en-ie","potentialAction":[{"@type":"ReadAction","target":["https:\/\/dev.tg4.ie\/en\/information\/press\/press-releases\/2021-2\/nui-galway-nuacht-rte-and-tg4-to-run-a-week-long-course-in-journalism-for-transition-year-students\/"]}]},{"@type":"ImageObject","inLanguage":"en-ie","@id":"https:\/\/dev.tg4.ie\/en\/information\/press\/press-releases\/2021-2\/nui-galway-nuacht-rte-and-tg4-to-run-a-week-long-course-in-journalism-for-transition-year-students\/#primaryimage","url":"https:\/\/dev.tg4.ie\/wp-content\/uploads\/2021\/01\/IALA_2021-2_169_Bravo_1920x1080.jpg","contentUrl":"https:\/\/dev.tg4.ie\/wp-content\/uploads\/2021\/01\/IALA_2021-2_169_Bravo_1920x1080.jpg"},{"@type":"BreadcrumbList","@id":"https:\/\/dev.tg4.ie\/en\/information\/press\/press-releases\/2021-2\/nui-galway-nuacht-rte-and-tg4-to-run-a-week-long-course-in-journalism-for-transition-year-students\/#breadcrumb","itemListElement":[{"@type":"ListItem","position":1,"name":"Home","item":"https:\/\/dev.tg4.ie\/en\/"},{"@type":"ListItem","position":2,"name":"Information","item":"https:\/\/dev.tg4.ie\/en\/information\/"},{"@type":"ListItem","position":3,"name":"Press","item":"https:\/\/dev.tg4.ie\/en\/information\/press\/"},{"@type":"ListItem","position":4,"name":"Press Releases","item":"https:\/\/dev.tg4.ie\/en\/information\/press\/press-releases\/"},{"@type":"ListItem","position":5,"name":"2021","item":"https:\/\/dev.tg4.ie\/en\/information\/press\/press-releases\/2021-2\/"},{"@type":"ListItem","position":6,"name":"NUI Galway, NUACHT RT\u00c9 and TG4 to run a week-long course in Journalism for Transition Year Students"}]},{"@type":"WebSite","@id":"https:\/\/dev.tg4.ie\/en\/#website","url":"https:\/\/dev.tg4.ie\/en\/","name":"TG4","description":"S\u00fail Eile","potentialAction":[{"@type":"SearchAction","target":{"@type":"EntryPoint","urlTemplate":"https:\/\/dev.tg4.ie\/en\/?s={search_term_string}"},"query-input":"required name=search_term_string"}],"inLanguage":"en-ie"}]}},"_links":{"self":[{"href":"https:\/\/dev.tg4.ie\/en\/wp-json\/wp\/v2\/pages\/115810"}],"collection":[{"href":"https:\/\/dev.tg4.ie\/en\/wp-json\/wp\/v2\/pages"}],"about":[{"href":"https:\/\/dev.tg4.ie\/en\/wp-json\/wp\/v2\/types\/page"}],"author":[{"embeddable":true,"href":"https:\/\/dev.tg4.ie\/en\/wp-json\/wp\/v2\/users\/876"}],"replies":[{"embeddable":true,"href":"https:\/\/dev.tg4.ie\/en\/wp-json\/wp\/v2\/comments?post=115810"}],"version-history":[{"count":0,"href":"https:\/\/dev.tg4.ie\/en\/wp-json\/wp\/v2\/pages\/115810\/revisions"}],"up":[{"embeddable":true,"href":"https:\/\/dev.tg4.ie\/en\/wp-json\/wp\/v2\/pages\/115587"}],"wp:attachment":[{"href":"https:\/\/dev.tg4.ie\/en\/wp-json\/wp\/v2\/media?parent=115810"}],"curies":[{"name":"wp","href":"https:\/\/api.w.org\/{rel}","templated":true}]}}