{"id":115939,"date":"2021-02-01T12:43:15","date_gmt":"2021-02-01T12:43:15","guid":{"rendered":"https:\/\/dev.tg4.ie\/?page_id=115939"},"modified":"2021-11-05T09:39:17","modified_gmt":"2021-11-05T09:39:17","slug":"tg4-reveal-new-brand-look","status":"publish","type":"page","link":"https:\/\/dev.tg4.ie\/en\/information\/press\/press-releases\/2021-2\/tg4-reveal-new-brand-look\/","title":{"rendered":"TG4 Reveal New Brand Look"},"content":{"rendered":"<p><a href=\"https:\/\/tg4-docs.s3.amazonaws.com\/tg4-redesign-2015\/wp-content\/uploads\/2021\/02\/La_na_Scolb_1_1920x1080.jpg\"><img loading=\"lazy\" decoding=\"async\" width=\"1920\" height=\"1080\" src=\"https:\/\/tg4-docs.s3.amazonaws.com\/tg4-redesign-2015\/wp-content\/uploads\/2021\/02\/La_na_Scolb_1_1920x1080.jpg\" alt=\"\" class=\"aligncenter size-full wp-image-115933\" srcset=\"https:\/\/tg4-docs.s3.amazonaws.com\/tg4-redesign-2015\/wp-content\/uploads\/2021\/02\/La_na_Scolb_1_1920x1080.jpg 1920w, https:\/\/tg4-docs.s3.amazonaws.com\/tg4-redesign-2015\/wp-content\/uploads\/2021\/02\/La_na_Scolb_1_1920x1080-250x141.jpg 250w, https:\/\/tg4-docs.s3.amazonaws.com\/tg4-redesign-2015\/wp-content\/uploads\/2021\/02\/La_na_Scolb_1_1920x1080-700x394.jpg 700w, https:\/\/tg4-docs.s3.amazonaws.com\/tg4-redesign-2015\/wp-content\/uploads\/2021\/02\/La_na_Scolb_1_1920x1080-252x141.jpg 252w, https:\/\/tg4-docs.s3.amazonaws.com\/tg4-redesign-2015\/wp-content\/uploads\/2021\/02\/La_na_Scolb_1_1920x1080-1536x864.jpg 1536w, https:\/\/tg4-docs.s3.amazonaws.com\/tg4-redesign-2015\/wp-content\/uploads\/2021\/02\/La_na_Scolb_1_1920x1080-120x68.jpg 120w\" sizes=\"(max-width: 1920px) 100vw, 1920px\" \/><\/a><br \/>\n&nbsp;<\/p>\n<p>TG4 are pleased to reveal a new brand look that will air from today February 1st.  The new look unifies the TG4 brand across all devices and platforms and includes six new brand idents.  Brand Idents have always created a strong visual identity for TG4 across its platforms and have been the visual representation of the channel motto of \u2018S\u00fail Eile\u2019.<br \/>\n&nbsp;<br \/>\nFollowing a competitive tender process, the set of idents were commissioned from creative agency Red Bee, who worked in collaboration with TG4\u2019s inhouse design team. The inhouse team developed complementary presentation graphics and stings to support the idents which present TG4 programming content with brand personality.<br \/>\n&nbsp;<br \/>\nThe six idents are contemporary interpretations of Ireland\u2019s unique storytelling and landscapes. The concept embraces Irish landscapes whilst injecting a contemporary twist via an unexpected interaction with generated figures that enter the landscape. The idents are visual interpretations of phrases in Irish. The themes of the six idents are: Windy Day, Seaweed, Rain Dance, Leporine, Glass Blowing and Street Crossing.  The idents are visual interpretations of phrases in Irish.<br \/>\n&nbsp;<br \/>\n<strong>TG4&#8217;s Creative Director Se\u00e1n Cathal \u00d3 Coile\u00e1in<\/strong> said, <em>&#8220;TG4 has evolved from TV centric to a multimedia brand, and that evolution means the idents have to work in the multi-platform, multi-screen environment.  The idea is to simplify TG4&#8217;s brand interface on all screens and media while retaining the strengths of the previous identity. The result is a spring forward into a contemporary multimedia environment.&#8221;<\/em><br \/>\n&nbsp;<\/p>\n<p>Red Bee is a creative agency born in entertainment. As the creators of Dave, they deliver brand strategy, create and produce compelling content and integrated campaigns, and design distinctive brand identities for clients including NBCUniversal, Kurt Geiger, Discovery Networks, Oasis, Disney, DreamWorks and Netflix. <a href=\"http:\/\/redbeecreative.com\/\" rel=\"noopener\" target=\"_blank\">http:\/\/redbeecreative.com\/<\/a><br \/>\n&nbsp;<\/p>\n<p><em>&#8220;The TG4 brief was immediately inspiring. A clear understanding of the channel, its audience and the need to engage a wide range of audiences across platforms. They set a challenge to design channel idents that feed back in to their social media. It was such a brilliant experience to take up this challenge, through close collaboration we were guided, trusted and energised to deliver innovative thinking.&#8221;<\/em> <strong>Jane Fielder &#8211; Head of Design, Red Bee Creative<\/strong>.<br \/>\n&nbsp;<\/p>\n<p><em>&#8220;It&#8217;s great to see an identity that stays true to the subversive nature of the channel brand: the deconstructed logo and the unusual CGI characters embodying the sense of the \u2018unexpected\u2019. It was also such a pleasure to work on a project where both teams\u2019 expectations of the creative work have been consistent right from the very start. The work that is going on air is exactly as pitched, which I think demonstrates a truly united creative vision.&#8221;<\/em>  <strong>Christopher Godfree \u2013 Head of Client Services, Red Bee Creative<\/strong>.<br \/>\n&nbsp;<br \/>\nThe new brand idents are on air from today and can be viewed here on TG4&#8217;s YouTube channel:<br \/>\n&nbsp;<br \/>\n<a href=\"https:\/\/www.youtube.com\/playlist?list=PLZCDKZI5tB4oKtf26PpxDIEVB5TZFwYwY\" rel=\"noopener\" target=\"_blank\">TG4 Ident Playlist<\/a><\/p>\n<div style=\"position: relative; overflow: auto; width: 100%; padding-bottom: 56.25%;\"><iframe loading=\"lazy\" src=\"https:\/\/www.youtube.com\/embed\/videoseries?list=PLZCDKZI5tB4oKtf26PpxDIEVB5TZFwYwY\" width=\"100%\" height=\"100%\" frameborder=\"0\" scrolling=\"no\" allowFullscreen=\"true\" style=\"position: absolute; top: 0px; display: block;\"><\/iframe><\/div>\n<p>&nbsp;<\/p>\n<p>&nbsp;<br \/>\n&nbsp;<br \/>\n&nbsp;<\/p>\n","protected":false},"excerpt":{"rendered":"<p>&nbsp; TG4 are pleased to reveal a new brand look that will air from today February 1st. The new look unifies the TG4 brand across all devices and platforms and includes six new brand idents. Brand Idents have always created a strong visual identity for TG4 across its platforms and have been the visual representation [&hellip;]<\/p>\n","protected":false},"author":876,"featured_media":0,"parent":115587,"menu_order":9,"comment_status":"closed","ping_status":"closed","template":"page-templates\/template-pr.php","meta":{"_acf_changed":false,"footnotes":""},"acf":[],"yoast_head":"<!-- This site is optimized with the Yoast SEO plugin v22.6 - https:\/\/yoast.com\/wordpress\/plugins\/seo\/ -->\n<title>TG4 | TG4 Reveal New Brand Look | 2021 | Press Releases | Press | Irish Television Channel, S\u00fail Eile<\/title>\n<meta name=\"description\" content=\"TG4 reveal new brand look which will be officially aired from February 1st 2021\" \/>\n<meta name=\"robots\" content=\"index, follow, max-snippet:-1, max-image-preview:large, max-video-preview:-1\" \/>\n<meta property=\"og:locale\" content=\"en_US\" \/>\n<meta property=\"og:type\" content=\"article\" \/>\n<meta property=\"og:title\" content=\"TG4 | TG4 Reveal New Brand Look | 2021 | Press Releases | Press | Irish Television Channel, S\u00fail Eile\" \/>\n<meta property=\"og:description\" content=\"TG4 reveal new brand look which will be officially aired from February 1st 2021\" \/>\n<meta property=\"og:url\" content=\"https:\/\/dev.tg4.ie\/en\/information\/press\/press-releases\/2021-2\/tg4-reveal-new-brand-look\/\" \/>\n<meta property=\"og:site_name\" content=\"TG4\" \/>\n<meta property=\"article:publisher\" content=\"https:\/\/www.facebook.com\/TG4TV\" \/>\n<meta property=\"article:modified_time\" content=\"2021-11-05T09:39:17+00:00\" \/>\n<meta property=\"og:image\" content=\"https:\/\/tg4-docs.s3.amazonaws.com\/tg4-redesign-2015\/wp-content\/uploads\/2021\/02\/La_na_Scolb_1_1920x1080.jpg\" \/>\n\t<meta property=\"og:image:width\" content=\"1920\" \/>\n\t<meta property=\"og:image:height\" content=\"1080\" \/>\n\t<meta property=\"og:image:type\" content=\"image\/jpeg\" \/>\n<meta name=\"twitter:card\" content=\"summary_large_image\" \/>\n<meta name=\"twitter:image\" content=\"https:\/\/tg4-docs.s3.amazonaws.com\/tg4-redesign-2015\/wp-content\/uploads\/2021\/02\/La_na_Scolb_1_1920x1080.jpg\" \/>\n<meta name=\"twitter:site\" content=\"@TG4TV\" \/>\n<meta name=\"twitter:label1\" content=\"Est. reading time\" \/>\n\t<meta name=\"twitter:data1\" content=\"2 minutes\" \/>\n<script type=\"application\/ld+json\" class=\"yoast-schema-graph\">{\"@context\":\"https:\/\/schema.org\",\"@graph\":[{\"@type\":\"WebPage\",\"@id\":\"https:\/\/dev.tg4.ie\/en\/information\/press\/press-releases\/2021-2\/tg4-reveal-new-brand-look\/\",\"url\":\"https:\/\/dev.tg4.ie\/en\/information\/press\/press-releases\/2021-2\/tg4-reveal-new-brand-look\/\",\"name\":\"TG4 | TG4 Reveal New Brand Look | 2021 | Press Releases | Press | Irish Television Channel, S\u00fail Eile\",\"isPartOf\":{\"@id\":\"https:\/\/dev.tg4.ie\/en\/#website\"},\"primaryImageOfPage\":{\"@id\":\"https:\/\/dev.tg4.ie\/en\/information\/press\/press-releases\/2021-2\/tg4-reveal-new-brand-look\/#primaryimage\"},\"image\":{\"@id\":\"https:\/\/dev.tg4.ie\/en\/information\/press\/press-releases\/2021-2\/tg4-reveal-new-brand-look\/#primaryimage\"},\"thumbnailUrl\":\"https:\/\/dev.tg4.ie\/wp-content\/uploads\/2021\/02\/La_na_Scolb_1_1920x1080.jpg\",\"datePublished\":\"2021-02-01T12:43:15+00:00\",\"dateModified\":\"2021-11-05T09:39:17+00:00\",\"description\":\"TG4 reveal new brand look which will be officially aired from February 1st 2021\",\"breadcrumb\":{\"@id\":\"https:\/\/dev.tg4.ie\/en\/information\/press\/press-releases\/2021-2\/tg4-reveal-new-brand-look\/#breadcrumb\"},\"inLanguage\":\"en-ie\",\"potentialAction\":[{\"@type\":\"ReadAction\",\"target\":[\"https:\/\/dev.tg4.ie\/en\/information\/press\/press-releases\/2021-2\/tg4-reveal-new-brand-look\/\"]}]},{\"@type\":\"ImageObject\",\"inLanguage\":\"en-ie\",\"@id\":\"https:\/\/dev.tg4.ie\/en\/information\/press\/press-releases\/2021-2\/tg4-reveal-new-brand-look\/#primaryimage\",\"url\":\"https:\/\/dev.tg4.ie\/wp-content\/uploads\/2021\/02\/La_na_Scolb_1_1920x1080.jpg\",\"contentUrl\":\"https:\/\/dev.tg4.ie\/wp-content\/uploads\/2021\/02\/La_na_Scolb_1_1920x1080.jpg\"},{\"@type\":\"BreadcrumbList\",\"@id\":\"https:\/\/dev.tg4.ie\/en\/information\/press\/press-releases\/2021-2\/tg4-reveal-new-brand-look\/#breadcrumb\",\"itemListElement\":[{\"@type\":\"ListItem\",\"position\":1,\"name\":\"Home\",\"item\":\"https:\/\/dev.tg4.ie\/en\/\"},{\"@type\":\"ListItem\",\"position\":2,\"name\":\"Information\",\"item\":\"https:\/\/dev.tg4.ie\/en\/information\/\"},{\"@type\":\"ListItem\",\"position\":3,\"name\":\"Press\",\"item\":\"https:\/\/dev.tg4.ie\/en\/information\/press\/\"},{\"@type\":\"ListItem\",\"position\":4,\"name\":\"Press Releases\",\"item\":\"https:\/\/dev.tg4.ie\/en\/information\/press\/press-releases\/\"},{\"@type\":\"ListItem\",\"position\":5,\"name\":\"2021\",\"item\":\"https:\/\/dev.tg4.ie\/en\/information\/press\/press-releases\/2021-2\/\"},{\"@type\":\"ListItem\",\"position\":6,\"name\":\"TG4 Reveal New Brand Look\"}]},{\"@type\":\"WebSite\",\"@id\":\"https:\/\/dev.tg4.ie\/en\/#website\",\"url\":\"https:\/\/dev.tg4.ie\/en\/\",\"name\":\"TG4\",\"description\":\"S\u00fail Eile\",\"potentialAction\":[{\"@type\":\"SearchAction\",\"target\":{\"@type\":\"EntryPoint\",\"urlTemplate\":\"https:\/\/dev.tg4.ie\/en\/?s={search_term_string}\"},\"query-input\":\"required name=search_term_string\"}],\"inLanguage\":\"en-ie\"}]}<\/script>\n<!-- \/ Yoast SEO plugin. -->","yoast_head_json":{"title":"TG4 | TG4 Reveal New Brand Look | 2021 | Press Releases | Press | Irish Television Channel, S\u00fail Eile","description":"TG4 reveal new brand look which will be officially aired from February 1st 2021","robots":{"index":"index","follow":"follow","max-snippet":"max-snippet:-1","max-image-preview":"max-image-preview:large","max-video-preview":"max-video-preview:-1"},"og_locale":"en_US","og_type":"article","og_title":"TG4 | TG4 Reveal New Brand Look | 2021 | Press Releases | Press | Irish Television Channel, S\u00fail Eile","og_description":"TG4 reveal new brand look which will be officially aired from February 1st 2021","og_url":"https:\/\/dev.tg4.ie\/en\/information\/press\/press-releases\/2021-2\/tg4-reveal-new-brand-look\/","og_site_name":"TG4","article_publisher":"https:\/\/www.facebook.com\/TG4TV","article_modified_time":"2021-11-05T09:39:17+00:00","og_image":[{"width":1920,"height":1080,"url":"https:\/\/tg4-docs.s3.amazonaws.com\/tg4-redesign-2015\/wp-content\/uploads\/2021\/02\/La_na_Scolb_1_1920x1080.jpg","type":"image\/jpeg"}],"twitter_card":"summary_large_image","twitter_image":"https:\/\/tg4-docs.s3.amazonaws.com\/tg4-redesign-2015\/wp-content\/uploads\/2021\/02\/La_na_Scolb_1_1920x1080.jpg","twitter_site":"@TG4TV","twitter_misc":{"Est. reading time":"2 minutes"},"schema":{"@context":"https:\/\/schema.org","@graph":[{"@type":"WebPage","@id":"https:\/\/dev.tg4.ie\/en\/information\/press\/press-releases\/2021-2\/tg4-reveal-new-brand-look\/","url":"https:\/\/dev.tg4.ie\/en\/information\/press\/press-releases\/2021-2\/tg4-reveal-new-brand-look\/","name":"TG4 | TG4 Reveal New Brand Look | 2021 | Press Releases | Press | Irish Television Channel, S\u00fail Eile","isPartOf":{"@id":"https:\/\/dev.tg4.ie\/en\/#website"},"primaryImageOfPage":{"@id":"https:\/\/dev.tg4.ie\/en\/information\/press\/press-releases\/2021-2\/tg4-reveal-new-brand-look\/#primaryimage"},"image":{"@id":"https:\/\/dev.tg4.ie\/en\/information\/press\/press-releases\/2021-2\/tg4-reveal-new-brand-look\/#primaryimage"},"thumbnailUrl":"https:\/\/dev.tg4.ie\/wp-content\/uploads\/2021\/02\/La_na_Scolb_1_1920x1080.jpg","datePublished":"2021-02-01T12:43:15+00:00","dateModified":"2021-11-05T09:39:17+00:00","description":"TG4 reveal new brand look which will be officially aired from February 1st 2021","breadcrumb":{"@id":"https:\/\/dev.tg4.ie\/en\/information\/press\/press-releases\/2021-2\/tg4-reveal-new-brand-look\/#breadcrumb"},"inLanguage":"en-ie","potentialAction":[{"@type":"ReadAction","target":["https:\/\/dev.tg4.ie\/en\/information\/press\/press-releases\/2021-2\/tg4-reveal-new-brand-look\/"]}]},{"@type":"ImageObject","inLanguage":"en-ie","@id":"https:\/\/dev.tg4.ie\/en\/information\/press\/press-releases\/2021-2\/tg4-reveal-new-brand-look\/#primaryimage","url":"https:\/\/dev.tg4.ie\/wp-content\/uploads\/2021\/02\/La_na_Scolb_1_1920x1080.jpg","contentUrl":"https:\/\/dev.tg4.ie\/wp-content\/uploads\/2021\/02\/La_na_Scolb_1_1920x1080.jpg"},{"@type":"BreadcrumbList","@id":"https:\/\/dev.tg4.ie\/en\/information\/press\/press-releases\/2021-2\/tg4-reveal-new-brand-look\/#breadcrumb","itemListElement":[{"@type":"ListItem","position":1,"name":"Home","item":"https:\/\/dev.tg4.ie\/en\/"},{"@type":"ListItem","position":2,"name":"Information","item":"https:\/\/dev.tg4.ie\/en\/information\/"},{"@type":"ListItem","position":3,"name":"Press","item":"https:\/\/dev.tg4.ie\/en\/information\/press\/"},{"@type":"ListItem","position":4,"name":"Press Releases","item":"https:\/\/dev.tg4.ie\/en\/information\/press\/press-releases\/"},{"@type":"ListItem","position":5,"name":"2021","item":"https:\/\/dev.tg4.ie\/en\/information\/press\/press-releases\/2021-2\/"},{"@type":"ListItem","position":6,"name":"TG4 Reveal New Brand Look"}]},{"@type":"WebSite","@id":"https:\/\/dev.tg4.ie\/en\/#website","url":"https:\/\/dev.tg4.ie\/en\/","name":"TG4","description":"S\u00fail Eile","potentialAction":[{"@type":"SearchAction","target":{"@type":"EntryPoint","urlTemplate":"https:\/\/dev.tg4.ie\/en\/?s={search_term_string}"},"query-input":"required name=search_term_string"}],"inLanguage":"en-ie"}]}},"_links":{"self":[{"href":"https:\/\/dev.tg4.ie\/en\/wp-json\/wp\/v2\/pages\/115939"}],"collection":[{"href":"https:\/\/dev.tg4.ie\/en\/wp-json\/wp\/v2\/pages"}],"about":[{"href":"https:\/\/dev.tg4.ie\/en\/wp-json\/wp\/v2\/types\/page"}],"author":[{"embeddable":true,"href":"https:\/\/dev.tg4.ie\/en\/wp-json\/wp\/v2\/users\/876"}],"replies":[{"embeddable":true,"href":"https:\/\/dev.tg4.ie\/en\/wp-json\/wp\/v2\/comments?post=115939"}],"version-history":[{"count":0,"href":"https:\/\/dev.tg4.ie\/en\/wp-json\/wp\/v2\/pages\/115939\/revisions"}],"up":[{"embeddable":true,"href":"https:\/\/dev.tg4.ie\/en\/wp-json\/wp\/v2\/pages\/115587"}],"wp:attachment":[{"href":"https:\/\/dev.tg4.ie\/en\/wp-json\/wp\/v2\/media?parent=115939"}],"curies":[{"name":"wp","href":"https:\/\/api.w.org\/{rel}","templated":true}]}}