{"id":116037,"date":"2021-02-10T11:12:38","date_gmt":"2021-02-10T11:12:38","guid":{"rendered":"https:\/\/dev.tg4.ie\/?page_id=116037"},"modified":"2021-11-05T09:31:09","modified_gmt":"2021-11-05T09:31:09","slug":"the-spongebob-movie-sponge-on-the-run-as-gaeilge-on-netflix","status":"publish","type":"page","link":"https:\/\/dev.tg4.ie\/en\/information\/press\/press-releases\/2021-2\/the-spongebob-movie-sponge-on-the-run-as-gaeilge-on-netflix\/","title":{"rendered":"The SpongeBob Movie: Sponge On The Run \u201cAs Gaeilge\u201d on Netflix"},"content":{"rendered":"<p><a href=\"https:\/\/tg4-docs.s3.amazonaws.com\/tg4-redesign-2015\/wp-content\/uploads\/2021\/02\/Spongebob_Rith_Spuinse_Rith_2_1920x1080.jpg\"><img loading=\"lazy\" decoding=\"async\" width=\"1920\" height=\"1080\" src=\"https:\/\/tg4-docs.s3.amazonaws.com\/tg4-redesign-2015\/wp-content\/uploads\/2021\/02\/Spongebob_Rith_Spuinse_Rith_2_1920x1080.jpg\" alt=\"\" class=\"aligncenter size-full wp-image-116039\" srcset=\"https:\/\/tg4-docs.s3.amazonaws.com\/tg4-redesign-2015\/wp-content\/uploads\/2021\/02\/Spongebob_Rith_Spuinse_Rith_2_1920x1080.jpg 1920w, https:\/\/tg4-docs.s3.amazonaws.com\/tg4-redesign-2015\/wp-content\/uploads\/2021\/02\/Spongebob_Rith_Spuinse_Rith_2_1920x1080-250x141.jpg 250w, https:\/\/tg4-docs.s3.amazonaws.com\/tg4-redesign-2015\/wp-content\/uploads\/2021\/02\/Spongebob_Rith_Spuinse_Rith_2_1920x1080-700x394.jpg 700w, https:\/\/tg4-docs.s3.amazonaws.com\/tg4-redesign-2015\/wp-content\/uploads\/2021\/02\/Spongebob_Rith_Spuinse_Rith_2_1920x1080-252x141.jpg 252w, https:\/\/tg4-docs.s3.amazonaws.com\/tg4-redesign-2015\/wp-content\/uploads\/2021\/02\/Spongebob_Rith_Spuinse_Rith_2_1920x1080-1536x864.jpg 1536w, https:\/\/tg4-docs.s3.amazonaws.com\/tg4-redesign-2015\/wp-content\/uploads\/2021\/02\/Spongebob_Rith_Spuinse_Rith_2_1920x1080-120x68.jpg 120w\" sizes=\"(max-width: 1920px) 100vw, 1920px\" \/><\/a><br \/>\n&nbsp;<\/p>\n<p>Parents challenged with home schooling will be delighted to hear that <strong>The SpongeBob Movie: Sponge on The Run<\/strong> is available to watch on Netflix \u2018as Gaeilge\u2019. <strong>\u2018Spongebob an Scann\u00e1n: Rith, Sp\u00fainse, Rith\u2019<\/strong> created by Macalla Teo, with the support of TG4 and Paramount Pictures, is the first Irish language version of a movie on Netflix.<br \/>\n&nbsp;<br \/>\nSpongeBob SquarePants, his best friend Patrick Star and the rest of the gang from Bikini Bottom star in the first-ever all CGI SpongeBob motion picture event. After SpongeBob&#8217;s beloved pet snail Gary is snail-napped, he and Patrick embark on an epic adventure to The Lost City of Atlantic City to bring Gary home. As they navigate the delights and dangers on this perilous and hilarious rescue mission, SpongeBob and his pals prove there\u2019s nothing stronger than the power of friendship. The film is voiced in English by Tom Kenny (SpongeBob), Keanu Reeves (Sage) and Matt Berry (Poseidon) while well-known Irish actors Marcus Lamb, Lochlainn \u00d3 Mear\u00e1in, Brian Thunder, Carmel Stephen and TV presenter D\u00e1ith\u00ed \u00d3 S\u00e9 have taken on the roles in the Irish language version of the film.<br \/>\n&nbsp;<br \/>\nParamount Animation and Nickelodeon Movies partnered with TG4 and Macalla to create the Irish language version of the recently released <strong>The SpongeBob Movie: Sponge on The Run<\/strong>. C\u00fa\u00e1n Mac Conghail, Executive Producer from Macalla said <em>&#8220;It\u2019s a pleasure for Macalla to work on SpongeBob, a character we have been re-voicing for TG4 since 2006. We were excited to work with TG4 and Paramount Pictures to create the Irish language version for the movie, <strong>&#8216;Spongebob an Scann\u00e1n: Rith, Sp\u00fainse, Rith&#8217;<\/strong>. It\u2019s fantastic that the Irish language version of the movie is now available on Netflix and accessible as Gaeilge to young and old.&#8221;<\/em><br \/>\n&nbsp;<br \/>\nTV Presenter <strong>D\u00e1ith\u00ed \u00d3 S\u00e9<\/strong> who voices King Poseidon in Irish said <em>\u201cKing Poseidon is an exuberant character who is somewhat full of himself. Thankfully, not like me at all, so I had to dig deep to act the part! He was a fun character to play. Because of Covid 19 restrictions, we recorded the character voice from home, and my young son was eavesdropping for some of the recording. He\u2019s delighted his Dad has a starring role in the movie!\u201d<\/em><br \/>\n&nbsp;<br \/>\nFor parents who may only have a \u2018c\u00fapla focal\u2019 and need a refresher, <strong>The SpongeBob Movie: Sponge on The Run<\/strong> can be watched as Gaeilge with Irish voices and English subtitles to help with translation, or Irish voices and Irish language subtitles. The settings can be changed easily in the Audio and Subtitles settings on Netflix.<\/p>\n<p>&nbsp;<br \/>\n&nbsp;<br \/>\n&nbsp;<\/p>\n","protected":false},"excerpt":{"rendered":"<p>&nbsp; Parents challenged with home schooling will be delighted to hear that The SpongeBob Movie: Sponge on The Run is available to watch on Netflix \u2018as Gaeilge\u2019. \u2018Spongebob an Scann\u00e1n: Rith, Sp\u00fainse, Rith\u2019 created by Macalla Teo, with the support of TG4 and Paramount Pictures, is the first Irish language version of a movie on [&hellip;]<\/p>\n","protected":false},"author":876,"featured_media":0,"parent":115587,"menu_order":13,"comment_status":"closed","ping_status":"closed","template":"page-templates\/template-pr.php","meta":{"_acf_changed":false,"footnotes":""},"acf":[],"yoast_head":"<!-- This site is optimized with the Yoast SEO plugin v22.6 - https:\/\/yoast.com\/wordpress\/plugins\/seo\/ -->\n<title>TG4 | The SpongeBob Movie: Sponge On The Run \u201cAs Gaeilge\u201d on Netflix | 2021 | Press Releases | Press | Irish Television Channel, S\u00fail Eile<\/title>\n<meta name=\"description\" content=\"Teaching irish in the home is now more fun as Netflix release Spongebob: The Movie as gaeilge\" \/>\n<meta name=\"robots\" content=\"index, follow, max-snippet:-1, max-image-preview:large, max-video-preview:-1\" \/>\n<meta property=\"og:locale\" content=\"en_US\" \/>\n<meta property=\"og:type\" content=\"article\" \/>\n<meta property=\"og:title\" content=\"TG4 | The SpongeBob Movie: Sponge On The Run \u201cAs Gaeilge\u201d on Netflix | 2021 | Press Releases | Press | Irish Television Channel, S\u00fail Eile\" \/>\n<meta property=\"og:description\" content=\"Teaching irish in the home is now more fun as Netflix release Spongebob: The Movie as gaeilge\" \/>\n<meta property=\"og:url\" content=\"https:\/\/dev.tg4.ie\/en\/information\/press\/press-releases\/2021-2\/the-spongebob-movie-sponge-on-the-run-as-gaeilge-on-netflix\/\" \/>\n<meta property=\"og:site_name\" content=\"TG4\" \/>\n<meta property=\"article:publisher\" content=\"https:\/\/www.facebook.com\/TG4TV\" \/>\n<meta property=\"article:modified_time\" content=\"2021-11-05T09:31:09+00:00\" \/>\n<meta property=\"og:image\" content=\"https:\/\/tg4-docs.s3.amazonaws.com\/tg4-redesign-2015\/wp-content\/uploads\/2021\/02\/Spongebob_Rith_Spuinse_Rith_2_1920x1080.jpg\" \/>\n\t<meta property=\"og:image:width\" content=\"1920\" \/>\n\t<meta property=\"og:image:height\" content=\"1080\" \/>\n\t<meta property=\"og:image:type\" content=\"image\/jpeg\" \/>\n<meta name=\"twitter:card\" content=\"summary_large_image\" \/>\n<meta name=\"twitter:image\" content=\"https:\/\/tg4-docs.s3.amazonaws.com\/tg4-redesign-2015\/wp-content\/uploads\/2021\/02\/Spongebob_Rith_Spuinse_Rith_2_1920x1080.jpg\" \/>\n<meta name=\"twitter:site\" content=\"@TG4TV\" \/>\n<meta name=\"twitter:label1\" content=\"Est. reading time\" \/>\n\t<meta name=\"twitter:data1\" content=\"2 minutes\" \/>\n<script type=\"application\/ld+json\" class=\"yoast-schema-graph\">{\"@context\":\"https:\/\/schema.org\",\"@graph\":[{\"@type\":\"WebPage\",\"@id\":\"https:\/\/dev.tg4.ie\/en\/information\/press\/press-releases\/2021-2\/the-spongebob-movie-sponge-on-the-run-as-gaeilge-on-netflix\/\",\"url\":\"https:\/\/dev.tg4.ie\/en\/information\/press\/press-releases\/2021-2\/the-spongebob-movie-sponge-on-the-run-as-gaeilge-on-netflix\/\",\"name\":\"TG4 | The SpongeBob Movie: Sponge On The Run \u201cAs Gaeilge\u201d on Netflix | 2021 | Press Releases | Press | Irish Television Channel, S\u00fail Eile\",\"isPartOf\":{\"@id\":\"https:\/\/dev.tg4.ie\/en\/#website\"},\"primaryImageOfPage\":{\"@id\":\"https:\/\/dev.tg4.ie\/en\/information\/press\/press-releases\/2021-2\/the-spongebob-movie-sponge-on-the-run-as-gaeilge-on-netflix\/#primaryimage\"},\"image\":{\"@id\":\"https:\/\/dev.tg4.ie\/en\/information\/press\/press-releases\/2021-2\/the-spongebob-movie-sponge-on-the-run-as-gaeilge-on-netflix\/#primaryimage\"},\"thumbnailUrl\":\"https:\/\/dev.tg4.ie\/wp-content\/uploads\/2021\/02\/Spongebob_Rith_Spuinse_Rith_2_1920x1080.jpg\",\"datePublished\":\"2021-02-10T11:12:38+00:00\",\"dateModified\":\"2021-11-05T09:31:09+00:00\",\"description\":\"Teaching irish in the home is now more fun as Netflix release Spongebob: The Movie as gaeilge\",\"breadcrumb\":{\"@id\":\"https:\/\/dev.tg4.ie\/en\/information\/press\/press-releases\/2021-2\/the-spongebob-movie-sponge-on-the-run-as-gaeilge-on-netflix\/#breadcrumb\"},\"inLanguage\":\"en-ie\",\"potentialAction\":[{\"@type\":\"ReadAction\",\"target\":[\"https:\/\/dev.tg4.ie\/en\/information\/press\/press-releases\/2021-2\/the-spongebob-movie-sponge-on-the-run-as-gaeilge-on-netflix\/\"]}]},{\"@type\":\"ImageObject\",\"inLanguage\":\"en-ie\",\"@id\":\"https:\/\/dev.tg4.ie\/en\/information\/press\/press-releases\/2021-2\/the-spongebob-movie-sponge-on-the-run-as-gaeilge-on-netflix\/#primaryimage\",\"url\":\"https:\/\/dev.tg4.ie\/wp-content\/uploads\/2021\/02\/Spongebob_Rith_Spuinse_Rith_2_1920x1080.jpg\",\"contentUrl\":\"https:\/\/dev.tg4.ie\/wp-content\/uploads\/2021\/02\/Spongebob_Rith_Spuinse_Rith_2_1920x1080.jpg\"},{\"@type\":\"BreadcrumbList\",\"@id\":\"https:\/\/dev.tg4.ie\/en\/information\/press\/press-releases\/2021-2\/the-spongebob-movie-sponge-on-the-run-as-gaeilge-on-netflix\/#breadcrumb\",\"itemListElement\":[{\"@type\":\"ListItem\",\"position\":1,\"name\":\"Home\",\"item\":\"https:\/\/dev.tg4.ie\/en\/\"},{\"@type\":\"ListItem\",\"position\":2,\"name\":\"Information\",\"item\":\"https:\/\/dev.tg4.ie\/en\/information\/\"},{\"@type\":\"ListItem\",\"position\":3,\"name\":\"Press\",\"item\":\"https:\/\/dev.tg4.ie\/en\/information\/press\/\"},{\"@type\":\"ListItem\",\"position\":4,\"name\":\"Press Releases\",\"item\":\"https:\/\/dev.tg4.ie\/en\/information\/press\/press-releases\/\"},{\"@type\":\"ListItem\",\"position\":5,\"name\":\"2021\",\"item\":\"https:\/\/dev.tg4.ie\/en\/information\/press\/press-releases\/2021-2\/\"},{\"@type\":\"ListItem\",\"position\":6,\"name\":\"The SpongeBob Movie: Sponge On The Run \u201cAs Gaeilge\u201d on Netflix\"}]},{\"@type\":\"WebSite\",\"@id\":\"https:\/\/dev.tg4.ie\/en\/#website\",\"url\":\"https:\/\/dev.tg4.ie\/en\/\",\"name\":\"TG4\",\"description\":\"S\u00fail Eile\",\"potentialAction\":[{\"@type\":\"SearchAction\",\"target\":{\"@type\":\"EntryPoint\",\"urlTemplate\":\"https:\/\/dev.tg4.ie\/en\/?s={search_term_string}\"},\"query-input\":\"required name=search_term_string\"}],\"inLanguage\":\"en-ie\"}]}<\/script>\n<!-- \/ Yoast SEO plugin. -->","yoast_head_json":{"title":"TG4 | The SpongeBob Movie: Sponge On The Run \u201cAs Gaeilge\u201d on Netflix | 2021 | Press Releases | Press | Irish Television Channel, S\u00fail Eile","description":"Teaching irish in the home is now more fun as Netflix release Spongebob: The Movie as gaeilge","robots":{"index":"index","follow":"follow","max-snippet":"max-snippet:-1","max-image-preview":"max-image-preview:large","max-video-preview":"max-video-preview:-1"},"og_locale":"en_US","og_type":"article","og_title":"TG4 | The SpongeBob Movie: Sponge On The Run \u201cAs Gaeilge\u201d on Netflix | 2021 | Press Releases | Press | Irish Television Channel, S\u00fail Eile","og_description":"Teaching irish in the home is now more fun as Netflix release Spongebob: The Movie as gaeilge","og_url":"https:\/\/dev.tg4.ie\/en\/information\/press\/press-releases\/2021-2\/the-spongebob-movie-sponge-on-the-run-as-gaeilge-on-netflix\/","og_site_name":"TG4","article_publisher":"https:\/\/www.facebook.com\/TG4TV","article_modified_time":"2021-11-05T09:31:09+00:00","og_image":[{"width":1920,"height":1080,"url":"https:\/\/tg4-docs.s3.amazonaws.com\/tg4-redesign-2015\/wp-content\/uploads\/2021\/02\/Spongebob_Rith_Spuinse_Rith_2_1920x1080.jpg","type":"image\/jpeg"}],"twitter_card":"summary_large_image","twitter_image":"https:\/\/tg4-docs.s3.amazonaws.com\/tg4-redesign-2015\/wp-content\/uploads\/2021\/02\/Spongebob_Rith_Spuinse_Rith_2_1920x1080.jpg","twitter_site":"@TG4TV","twitter_misc":{"Est. reading time":"2 minutes"},"schema":{"@context":"https:\/\/schema.org","@graph":[{"@type":"WebPage","@id":"https:\/\/dev.tg4.ie\/en\/information\/press\/press-releases\/2021-2\/the-spongebob-movie-sponge-on-the-run-as-gaeilge-on-netflix\/","url":"https:\/\/dev.tg4.ie\/en\/information\/press\/press-releases\/2021-2\/the-spongebob-movie-sponge-on-the-run-as-gaeilge-on-netflix\/","name":"TG4 | The SpongeBob Movie: Sponge On The Run \u201cAs Gaeilge\u201d on Netflix | 2021 | Press Releases | Press | Irish Television Channel, S\u00fail Eile","isPartOf":{"@id":"https:\/\/dev.tg4.ie\/en\/#website"},"primaryImageOfPage":{"@id":"https:\/\/dev.tg4.ie\/en\/information\/press\/press-releases\/2021-2\/the-spongebob-movie-sponge-on-the-run-as-gaeilge-on-netflix\/#primaryimage"},"image":{"@id":"https:\/\/dev.tg4.ie\/en\/information\/press\/press-releases\/2021-2\/the-spongebob-movie-sponge-on-the-run-as-gaeilge-on-netflix\/#primaryimage"},"thumbnailUrl":"https:\/\/dev.tg4.ie\/wp-content\/uploads\/2021\/02\/Spongebob_Rith_Spuinse_Rith_2_1920x1080.jpg","datePublished":"2021-02-10T11:12:38+00:00","dateModified":"2021-11-05T09:31:09+00:00","description":"Teaching irish in the home is now more fun as Netflix release Spongebob: The Movie as gaeilge","breadcrumb":{"@id":"https:\/\/dev.tg4.ie\/en\/information\/press\/press-releases\/2021-2\/the-spongebob-movie-sponge-on-the-run-as-gaeilge-on-netflix\/#breadcrumb"},"inLanguage":"en-ie","potentialAction":[{"@type":"ReadAction","target":["https:\/\/dev.tg4.ie\/en\/information\/press\/press-releases\/2021-2\/the-spongebob-movie-sponge-on-the-run-as-gaeilge-on-netflix\/"]}]},{"@type":"ImageObject","inLanguage":"en-ie","@id":"https:\/\/dev.tg4.ie\/en\/information\/press\/press-releases\/2021-2\/the-spongebob-movie-sponge-on-the-run-as-gaeilge-on-netflix\/#primaryimage","url":"https:\/\/dev.tg4.ie\/wp-content\/uploads\/2021\/02\/Spongebob_Rith_Spuinse_Rith_2_1920x1080.jpg","contentUrl":"https:\/\/dev.tg4.ie\/wp-content\/uploads\/2021\/02\/Spongebob_Rith_Spuinse_Rith_2_1920x1080.jpg"},{"@type":"BreadcrumbList","@id":"https:\/\/dev.tg4.ie\/en\/information\/press\/press-releases\/2021-2\/the-spongebob-movie-sponge-on-the-run-as-gaeilge-on-netflix\/#breadcrumb","itemListElement":[{"@type":"ListItem","position":1,"name":"Home","item":"https:\/\/dev.tg4.ie\/en\/"},{"@type":"ListItem","position":2,"name":"Information","item":"https:\/\/dev.tg4.ie\/en\/information\/"},{"@type":"ListItem","position":3,"name":"Press","item":"https:\/\/dev.tg4.ie\/en\/information\/press\/"},{"@type":"ListItem","position":4,"name":"Press Releases","item":"https:\/\/dev.tg4.ie\/en\/information\/press\/press-releases\/"},{"@type":"ListItem","position":5,"name":"2021","item":"https:\/\/dev.tg4.ie\/en\/information\/press\/press-releases\/2021-2\/"},{"@type":"ListItem","position":6,"name":"The SpongeBob Movie: Sponge On The Run \u201cAs Gaeilge\u201d on Netflix"}]},{"@type":"WebSite","@id":"https:\/\/dev.tg4.ie\/en\/#website","url":"https:\/\/dev.tg4.ie\/en\/","name":"TG4","description":"S\u00fail Eile","potentialAction":[{"@type":"SearchAction","target":{"@type":"EntryPoint","urlTemplate":"https:\/\/dev.tg4.ie\/en\/?s={search_term_string}"},"query-input":"required name=search_term_string"}],"inLanguage":"en-ie"}]}},"_links":{"self":[{"href":"https:\/\/dev.tg4.ie\/en\/wp-json\/wp\/v2\/pages\/116037"}],"collection":[{"href":"https:\/\/dev.tg4.ie\/en\/wp-json\/wp\/v2\/pages"}],"about":[{"href":"https:\/\/dev.tg4.ie\/en\/wp-json\/wp\/v2\/types\/page"}],"author":[{"embeddable":true,"href":"https:\/\/dev.tg4.ie\/en\/wp-json\/wp\/v2\/users\/876"}],"replies":[{"embeddable":true,"href":"https:\/\/dev.tg4.ie\/en\/wp-json\/wp\/v2\/comments?post=116037"}],"version-history":[{"count":0,"href":"https:\/\/dev.tg4.ie\/en\/wp-json\/wp\/v2\/pages\/116037\/revisions"}],"up":[{"embeddable":true,"href":"https:\/\/dev.tg4.ie\/en\/wp-json\/wp\/v2\/pages\/115587"}],"wp:attachment":[{"href":"https:\/\/dev.tg4.ie\/en\/wp-json\/wp\/v2\/media?parent=116037"}],"curies":[{"name":"wp","href":"https:\/\/api.w.org\/{rel}","templated":true}]}}