{"id":116286,"date":"2021-03-05T13:42:12","date_gmt":"2021-03-05T13:42:12","guid":{"rendered":"https:\/\/dev.tg4.ie\/?page_id=116286"},"modified":"2021-11-05T09:37:27","modified_gmt":"2021-11-05T09:37:27","slug":"music-series-presented-by-daithi-o-se","status":"publish","type":"page","link":"https:\/\/dev.tg4.ie\/en\/information\/press\/press-releases\/2021-2\/music-series-presented-by-daithi-o-se\/","title":{"rendered":"Music Series Presented by D\u00e1ith\u00ed \u00d3 S\u00e9"},"content":{"rendered":"<p><a href=\"https:\/\/tg4-docs.s3.amazonaws.com\/tg4-redesign-2015\/wp-content\/uploads\/2021\/03\/Comhluadar_Ceoil_Daithi_Preas_1_1920x1080.jpg\"><img loading=\"lazy\" decoding=\"async\" width=\"1920\" height=\"1080\" src=\"https:\/\/tg4-docs.s3.amazonaws.com\/tg4-redesign-2015\/wp-content\/uploads\/2021\/03\/Comhluadar_Ceoil_Daithi_Preas_1_1920x1080.jpg\" alt=\"\" class=\"aligncenter size-full wp-image-116282\" srcset=\"https:\/\/tg4-docs.s3.amazonaws.com\/tg4-redesign-2015\/wp-content\/uploads\/2021\/03\/Comhluadar_Ceoil_Daithi_Preas_1_1920x1080.jpg 1920w, https:\/\/tg4-docs.s3.amazonaws.com\/tg4-redesign-2015\/wp-content\/uploads\/2021\/03\/Comhluadar_Ceoil_Daithi_Preas_1_1920x1080-250x141.jpg 250w, https:\/\/tg4-docs.s3.amazonaws.com\/tg4-redesign-2015\/wp-content\/uploads\/2021\/03\/Comhluadar_Ceoil_Daithi_Preas_1_1920x1080-700x394.jpg 700w, https:\/\/tg4-docs.s3.amazonaws.com\/tg4-redesign-2015\/wp-content\/uploads\/2021\/03\/Comhluadar_Ceoil_Daithi_Preas_1_1920x1080-252x141.jpg 252w, https:\/\/tg4-docs.s3.amazonaws.com\/tg4-redesign-2015\/wp-content\/uploads\/2021\/03\/Comhluadar_Ceoil_Daithi_Preas_1_1920x1080-1536x864.jpg 1536w, https:\/\/tg4-docs.s3.amazonaws.com\/tg4-redesign-2015\/wp-content\/uploads\/2021\/03\/Comhluadar_Ceoil_Daithi_Preas_1_1920x1080-120x68.jpg 120w\" sizes=\"(max-width: 1920px) 100vw, 1920px\" \/><\/a><br \/>\n&nbsp;<\/p>\n<div style=\"position: relative; overflow: auto; width: 100%; padding-bottom: 56.25%;\"><iframe loading=\"lazy\" src=\"https:\/\/www.youtube.com\/embed\/pyKhT20Mbho\" width=\"100%\" height=\"100%\" frameborder=\"0\" scrolling=\"no\" allowFullscreen=\"true\" style=\"position: absolute; top: 0px; display: block;\"><\/iframe><\/div>\n<p>&nbsp;<br \/>\n<strong>A new music series produced by Tyrone Productions for TG4 will see some of the most musical families and groups in Ireland performing and conversing with presenter D\u00e1ith\u00ed \u00d3 S\u00e9.<\/strong><br \/>\n&nbsp;<br \/>\nExcellent music and conversation are the backbone of this new music series. Amongst the groups that feature are <strong>Sharon Shannon and Family, Altan, Hothouse Flowers, Clann Mhic Ruair\u00ed, T\u00e9ada, Dan\u00fa<\/strong> and <strong>The Kilfenora C\u00e9il\u00ed Band<\/strong>. The programme will air on TG4 every Sunday at 8.30pm from the 14th of March.<br \/>\n&nbsp;<br \/>\nThe first episode will feature The O&#8217;Connor Family \u2013 Gerry and his children D\u00f3nal, Feilim\u00ed, Siubh\u00e1n and Finnian. This musical clan hails from Ravensdale, Co. Louth. During the course of the episode we will hear of their musical upbringing as well as about their hugely talented mother Eithne N\u00ed Uallach\u00e1in who passed away in 1999. The episode will showcase music from the family&#8217;s locality as well as pieces originally recorded by Gerry and Eithne&#8217;s group La L\u00fagh.<br \/>\n&nbsp;<br \/>\nIn the second episode, D\u00e1ith\u00ed will meet with The Kilfenora C\u00e9il\u00ed Band. There&#8217;ll be plenty of chat about this group who have been on the go since 1909 with band leader John Lynch and members Garry Shannon and Sharon Howley.<br \/>\n&nbsp;<br \/>\nOn 28\/03\/21, D\u00e1ith\u00ed will meet with T\u00e9ada \u2013 a group that has travelled the world over the last twenty years. Ois\u00edn Mac Diarmada, Tristan Rosenstock and S\u00e9amus \u00d3 Beaglaoich will chat to D\u00e1ith\u00ed about their music and their travels \u2013 from the United States to Japan. The series will continue on Easter Sunday with an episode featuring The Bonny Men. Siblings Maiti\u00fa \u00d3 Casaide and Natalie N\u00ed Chasaide will chat about the band and about the influence that their own family had on their music.<br \/>\n&nbsp;<br \/>\nThe fifth episode will see global sensations Hothouse Flowers looking back at their own highlights \u2013 from the early years in Col\u00e1iste Eoin to Wembley Arena. Dan\u00fa are the next guests on 18\/04\/21. Band leader Benny McCarthy and lead singer Nell N\u00ed Chr\u00f3in\u00edn will chat with D\u00e1ith\u00ed about how the band came together as well as their time travelling in America.<br \/>\n&nbsp;<br \/>\nNext D\u00e1ith\u00ed will meet with Sharon Shannon and her family followed by Rann na Feirste group Clann Mhic Ruair\u00ed. Cherish the Ladies join us on 09\/05\/21 and finally Altan wrap up the series with stunning performances and moving conversation on 16\/05\/21.<br \/>\n&nbsp;<br \/>\nThroughout the series, there will be a number of special guests including Moya N\u00ed Bhraon\u00e1in, Clare Sands, R\u00f3is\u00edn Chambers, Don Stiffe, Kate Purcell and Ciar\u00e1n \u00d3 Maonaigh.<\/p>\n<p>&nbsp;<\/p>\n<p>&nbsp;<br \/>\n&nbsp;<\/p>\n","protected":false},"excerpt":{"rendered":"<p>&nbsp; &nbsp; A new music series produced by Tyrone Productions for TG4 will see some of the most musical families and groups in Ireland performing and conversing with presenter D\u00e1ith\u00ed \u00d3 S\u00e9. &nbsp; Excellent music and conversation are the backbone of this new music series. Amongst the groups that feature are Sharon Shannon and Family, [&hellip;]<\/p>\n","protected":false},"author":876,"featured_media":0,"parent":115587,"menu_order":19,"comment_status":"closed","ping_status":"closed","template":"page-templates\/template-pr.php","meta":{"_acf_changed":false,"footnotes":""},"acf":[],"yoast_head":"<!-- This site is optimized with the Yoast SEO plugin v22.6 - https:\/\/yoast.com\/wordpress\/plugins\/seo\/ -->\n<title>TG4 | Music Series Presented by D\u00e1ith\u00ed \u00d3 S\u00e9 | 2021 | Press Releases | Press | Irish Television Channel, S\u00fail Eile<\/title>\n<meta name=\"description\" content=\"A new TG4 music series sees some familiar faces in irish music perform and discuss some of their career highlights\" \/>\n<meta name=\"robots\" content=\"index, follow, max-snippet:-1, max-image-preview:large, max-video-preview:-1\" \/>\n<meta property=\"og:locale\" content=\"en_US\" \/>\n<meta property=\"og:type\" content=\"article\" \/>\n<meta property=\"og:title\" content=\"TG4 | Music Series Presented by D\u00e1ith\u00ed \u00d3 S\u00e9 | 2021 | Press Releases | Press | Irish Television Channel, S\u00fail Eile\" \/>\n<meta property=\"og:description\" content=\"A new TG4 music series sees some familiar faces in irish music perform and discuss some of their career highlights\" \/>\n<meta property=\"og:url\" content=\"https:\/\/dev.tg4.ie\/en\/information\/press\/press-releases\/2021-2\/music-series-presented-by-daithi-o-se\/\" \/>\n<meta property=\"og:site_name\" content=\"TG4\" \/>\n<meta property=\"article:publisher\" content=\"https:\/\/www.facebook.com\/TG4TV\" \/>\n<meta property=\"article:modified_time\" content=\"2021-11-05T09:37:27+00:00\" \/>\n<meta property=\"og:image\" content=\"https:\/\/tg4-docs.s3.amazonaws.com\/tg4-redesign-2015\/wp-content\/uploads\/2021\/03\/Comhluadar_Ceoil_Daithi_Preas_1_1920x1080.jpg\" \/>\n\t<meta property=\"og:image:width\" content=\"1920\" \/>\n\t<meta property=\"og:image:height\" content=\"1080\" \/>\n\t<meta property=\"og:image:type\" content=\"image\/jpeg\" \/>\n<meta name=\"twitter:card\" content=\"summary_large_image\" \/>\n<meta name=\"twitter:image\" content=\"https:\/\/tg4-docs.s3.amazonaws.com\/tg4-redesign-2015\/wp-content\/uploads\/2021\/03\/Comhluadar_Ceoil_Daithi_Preas_1_1920x1080.jpg\" \/>\n<meta name=\"twitter:site\" content=\"@TG4TV\" \/>\n<meta name=\"twitter:label1\" content=\"Est. reading time\" \/>\n\t<meta name=\"twitter:data1\" content=\"2 minutes\" \/>\n<script type=\"application\/ld+json\" class=\"yoast-schema-graph\">{\"@context\":\"https:\/\/schema.org\",\"@graph\":[{\"@type\":\"WebPage\",\"@id\":\"https:\/\/dev.tg4.ie\/en\/information\/press\/press-releases\/2021-2\/music-series-presented-by-daithi-o-se\/\",\"url\":\"https:\/\/dev.tg4.ie\/en\/information\/press\/press-releases\/2021-2\/music-series-presented-by-daithi-o-se\/\",\"name\":\"TG4 | Music Series Presented by D\u00e1ith\u00ed \u00d3 S\u00e9 | 2021 | Press Releases | Press | Irish Television Channel, S\u00fail Eile\",\"isPartOf\":{\"@id\":\"https:\/\/dev.tg4.ie\/en\/#website\"},\"primaryImageOfPage\":{\"@id\":\"https:\/\/dev.tg4.ie\/en\/information\/press\/press-releases\/2021-2\/music-series-presented-by-daithi-o-se\/#primaryimage\"},\"image\":{\"@id\":\"https:\/\/dev.tg4.ie\/en\/information\/press\/press-releases\/2021-2\/music-series-presented-by-daithi-o-se\/#primaryimage\"},\"thumbnailUrl\":\"https:\/\/dev.tg4.ie\/wp-content\/uploads\/2021\/03\/Comhluadar_Ceoil_Daithi_Preas_1_1920x1080.jpg\",\"datePublished\":\"2021-03-05T13:42:12+00:00\",\"dateModified\":\"2021-11-05T09:37:27+00:00\",\"description\":\"A new TG4 music series sees some familiar faces in irish music perform and discuss some of their career highlights\",\"breadcrumb\":{\"@id\":\"https:\/\/dev.tg4.ie\/en\/information\/press\/press-releases\/2021-2\/music-series-presented-by-daithi-o-se\/#breadcrumb\"},\"inLanguage\":\"en-ie\",\"potentialAction\":[{\"@type\":\"ReadAction\",\"target\":[\"https:\/\/dev.tg4.ie\/en\/information\/press\/press-releases\/2021-2\/music-series-presented-by-daithi-o-se\/\"]}]},{\"@type\":\"ImageObject\",\"inLanguage\":\"en-ie\",\"@id\":\"https:\/\/dev.tg4.ie\/en\/information\/press\/press-releases\/2021-2\/music-series-presented-by-daithi-o-se\/#primaryimage\",\"url\":\"https:\/\/dev.tg4.ie\/wp-content\/uploads\/2021\/03\/Comhluadar_Ceoil_Daithi_Preas_1_1920x1080.jpg\",\"contentUrl\":\"https:\/\/dev.tg4.ie\/wp-content\/uploads\/2021\/03\/Comhluadar_Ceoil_Daithi_Preas_1_1920x1080.jpg\"},{\"@type\":\"BreadcrumbList\",\"@id\":\"https:\/\/dev.tg4.ie\/en\/information\/press\/press-releases\/2021-2\/music-series-presented-by-daithi-o-se\/#breadcrumb\",\"itemListElement\":[{\"@type\":\"ListItem\",\"position\":1,\"name\":\"Home\",\"item\":\"https:\/\/dev.tg4.ie\/en\/\"},{\"@type\":\"ListItem\",\"position\":2,\"name\":\"Information\",\"item\":\"https:\/\/dev.tg4.ie\/en\/information\/\"},{\"@type\":\"ListItem\",\"position\":3,\"name\":\"Press\",\"item\":\"https:\/\/dev.tg4.ie\/en\/information\/press\/\"},{\"@type\":\"ListItem\",\"position\":4,\"name\":\"Press Releases\",\"item\":\"https:\/\/dev.tg4.ie\/en\/information\/press\/press-releases\/\"},{\"@type\":\"ListItem\",\"position\":5,\"name\":\"2021\",\"item\":\"https:\/\/dev.tg4.ie\/en\/information\/press\/press-releases\/2021-2\/\"},{\"@type\":\"ListItem\",\"position\":6,\"name\":\"Music Series Presented by D\u00e1ith\u00ed \u00d3 S\u00e9\"}]},{\"@type\":\"WebSite\",\"@id\":\"https:\/\/dev.tg4.ie\/en\/#website\",\"url\":\"https:\/\/dev.tg4.ie\/en\/\",\"name\":\"TG4\",\"description\":\"S\u00fail Eile\",\"potentialAction\":[{\"@type\":\"SearchAction\",\"target\":{\"@type\":\"EntryPoint\",\"urlTemplate\":\"https:\/\/dev.tg4.ie\/en\/?s={search_term_string}\"},\"query-input\":\"required name=search_term_string\"}],\"inLanguage\":\"en-ie\"}]}<\/script>\n<!-- \/ Yoast SEO plugin. -->","yoast_head_json":{"title":"TG4 | Music Series Presented by D\u00e1ith\u00ed \u00d3 S\u00e9 | 2021 | Press Releases | Press | Irish Television Channel, S\u00fail Eile","description":"A new TG4 music series sees some familiar faces in irish music perform and discuss some of their career highlights","robots":{"index":"index","follow":"follow","max-snippet":"max-snippet:-1","max-image-preview":"max-image-preview:large","max-video-preview":"max-video-preview:-1"},"og_locale":"en_US","og_type":"article","og_title":"TG4 | Music Series Presented by D\u00e1ith\u00ed \u00d3 S\u00e9 | 2021 | Press Releases | Press | Irish Television Channel, S\u00fail Eile","og_description":"A new TG4 music series sees some familiar faces in irish music perform and discuss some of their career highlights","og_url":"https:\/\/dev.tg4.ie\/en\/information\/press\/press-releases\/2021-2\/music-series-presented-by-daithi-o-se\/","og_site_name":"TG4","article_publisher":"https:\/\/www.facebook.com\/TG4TV","article_modified_time":"2021-11-05T09:37:27+00:00","og_image":[{"width":1920,"height":1080,"url":"https:\/\/tg4-docs.s3.amazonaws.com\/tg4-redesign-2015\/wp-content\/uploads\/2021\/03\/Comhluadar_Ceoil_Daithi_Preas_1_1920x1080.jpg","type":"image\/jpeg"}],"twitter_card":"summary_large_image","twitter_image":"https:\/\/tg4-docs.s3.amazonaws.com\/tg4-redesign-2015\/wp-content\/uploads\/2021\/03\/Comhluadar_Ceoil_Daithi_Preas_1_1920x1080.jpg","twitter_site":"@TG4TV","twitter_misc":{"Est. reading time":"2 minutes"},"schema":{"@context":"https:\/\/schema.org","@graph":[{"@type":"WebPage","@id":"https:\/\/dev.tg4.ie\/en\/information\/press\/press-releases\/2021-2\/music-series-presented-by-daithi-o-se\/","url":"https:\/\/dev.tg4.ie\/en\/information\/press\/press-releases\/2021-2\/music-series-presented-by-daithi-o-se\/","name":"TG4 | Music Series Presented by D\u00e1ith\u00ed \u00d3 S\u00e9 | 2021 | Press Releases | Press | Irish Television Channel, S\u00fail Eile","isPartOf":{"@id":"https:\/\/dev.tg4.ie\/en\/#website"},"primaryImageOfPage":{"@id":"https:\/\/dev.tg4.ie\/en\/information\/press\/press-releases\/2021-2\/music-series-presented-by-daithi-o-se\/#primaryimage"},"image":{"@id":"https:\/\/dev.tg4.ie\/en\/information\/press\/press-releases\/2021-2\/music-series-presented-by-daithi-o-se\/#primaryimage"},"thumbnailUrl":"https:\/\/dev.tg4.ie\/wp-content\/uploads\/2021\/03\/Comhluadar_Ceoil_Daithi_Preas_1_1920x1080.jpg","datePublished":"2021-03-05T13:42:12+00:00","dateModified":"2021-11-05T09:37:27+00:00","description":"A new TG4 music series sees some familiar faces in irish music perform and discuss some of their career highlights","breadcrumb":{"@id":"https:\/\/dev.tg4.ie\/en\/information\/press\/press-releases\/2021-2\/music-series-presented-by-daithi-o-se\/#breadcrumb"},"inLanguage":"en-ie","potentialAction":[{"@type":"ReadAction","target":["https:\/\/dev.tg4.ie\/en\/information\/press\/press-releases\/2021-2\/music-series-presented-by-daithi-o-se\/"]}]},{"@type":"ImageObject","inLanguage":"en-ie","@id":"https:\/\/dev.tg4.ie\/en\/information\/press\/press-releases\/2021-2\/music-series-presented-by-daithi-o-se\/#primaryimage","url":"https:\/\/dev.tg4.ie\/wp-content\/uploads\/2021\/03\/Comhluadar_Ceoil_Daithi_Preas_1_1920x1080.jpg","contentUrl":"https:\/\/dev.tg4.ie\/wp-content\/uploads\/2021\/03\/Comhluadar_Ceoil_Daithi_Preas_1_1920x1080.jpg"},{"@type":"BreadcrumbList","@id":"https:\/\/dev.tg4.ie\/en\/information\/press\/press-releases\/2021-2\/music-series-presented-by-daithi-o-se\/#breadcrumb","itemListElement":[{"@type":"ListItem","position":1,"name":"Home","item":"https:\/\/dev.tg4.ie\/en\/"},{"@type":"ListItem","position":2,"name":"Information","item":"https:\/\/dev.tg4.ie\/en\/information\/"},{"@type":"ListItem","position":3,"name":"Press","item":"https:\/\/dev.tg4.ie\/en\/information\/press\/"},{"@type":"ListItem","position":4,"name":"Press Releases","item":"https:\/\/dev.tg4.ie\/en\/information\/press\/press-releases\/"},{"@type":"ListItem","position":5,"name":"2021","item":"https:\/\/dev.tg4.ie\/en\/information\/press\/press-releases\/2021-2\/"},{"@type":"ListItem","position":6,"name":"Music Series Presented by D\u00e1ith\u00ed \u00d3 S\u00e9"}]},{"@type":"WebSite","@id":"https:\/\/dev.tg4.ie\/en\/#website","url":"https:\/\/dev.tg4.ie\/en\/","name":"TG4","description":"S\u00fail Eile","potentialAction":[{"@type":"SearchAction","target":{"@type":"EntryPoint","urlTemplate":"https:\/\/dev.tg4.ie\/en\/?s={search_term_string}"},"query-input":"required name=search_term_string"}],"inLanguage":"en-ie"}]}},"_links":{"self":[{"href":"https:\/\/dev.tg4.ie\/en\/wp-json\/wp\/v2\/pages\/116286"}],"collection":[{"href":"https:\/\/dev.tg4.ie\/en\/wp-json\/wp\/v2\/pages"}],"about":[{"href":"https:\/\/dev.tg4.ie\/en\/wp-json\/wp\/v2\/types\/page"}],"author":[{"embeddable":true,"href":"https:\/\/dev.tg4.ie\/en\/wp-json\/wp\/v2\/users\/876"}],"replies":[{"embeddable":true,"href":"https:\/\/dev.tg4.ie\/en\/wp-json\/wp\/v2\/comments?post=116286"}],"version-history":[{"count":0,"href":"https:\/\/dev.tg4.ie\/en\/wp-json\/wp\/v2\/pages\/116286\/revisions"}],"up":[{"embeddable":true,"href":"https:\/\/dev.tg4.ie\/en\/wp-json\/wp\/v2\/pages\/115587"}],"wp:attachment":[{"href":"https:\/\/dev.tg4.ie\/en\/wp-json\/wp\/v2\/media?parent=116286"}],"curies":[{"name":"wp","href":"https:\/\/api.w.org\/{rel}","templated":true}]}}