{"id":116323,"date":"2021-03-12T14:56:27","date_gmt":"2021-03-12T14:56:27","guid":{"rendered":"https:\/\/dev.tg4.ie\/?page_id=116323"},"modified":"2021-11-05T09:38:00","modified_gmt":"2021-11-05T09:38:00","slug":"the-power-of-nature-during-this-pandemic-explored-in-tg4-documentary","status":"publish","type":"page","link":"https:\/\/dev.tg4.ie\/en\/information\/press\/press-releases\/2021-2\/the-power-of-nature-during-this-pandemic-explored-in-tg4-documentary\/","title":{"rendered":"The power of nature during this pandemic explored in TG4 documentary"},"content":{"rendered":"<p>Presented by Darach \u00d3 Murch\u00fa | Directed by Martin Danneels<br \/>\n&nbsp;<br \/>\nYouTube Clip:<\/p>\n<div style=\"position: relative; overflow: auto; width: 100%; padding-bottom: 56.25%;\"><iframe loading=\"lazy\" src=\"https:\/\/www.youtube.com\/embed\/_E0Zc4RW8KU\" width=\"100%\" height=\"100%\" frameborder=\"0\" scrolling=\"no\" allowFullscreen=\"true\" style=\"position: absolute; top: 0px; display: block;\"><\/iframe><\/div>\n<p>&nbsp;<br \/>\n<strong>Cumhacht an N\u00e1d\u00fair<\/strong> is a new two-part documentary for TG4 that looks at the solace nature has offered during this pandemic and how it may fuel the debate for a broader range of wildlife habitat and land management.<br \/>\n&nbsp;<br \/>\n<a href=\"https:\/\/tg4-docs.s3.amazonaws.com\/tg4-redesign-2015\/wp-content\/uploads\/2021\/02\/Cumhacht_an_Naduir_1_1920x1080.jpg\"><img loading=\"lazy\" decoding=\"async\" width=\"1920\" height=\"1080\" src=\"https:\/\/tg4-docs.s3.amazonaws.com\/tg4-redesign-2015\/wp-content\/uploads\/2021\/02\/Cumhacht_an_Naduir_1_1920x1080.jpg\" alt=\"\" class=\"aligncenter size-full wp-image-116208\" srcset=\"https:\/\/tg4-docs.s3.amazonaws.com\/tg4-redesign-2015\/wp-content\/uploads\/2021\/02\/Cumhacht_an_Naduir_1_1920x1080.jpg 1920w, https:\/\/tg4-docs.s3.amazonaws.com\/tg4-redesign-2015\/wp-content\/uploads\/2021\/02\/Cumhacht_an_Naduir_1_1920x1080-250x141.jpg 250w, https:\/\/tg4-docs.s3.amazonaws.com\/tg4-redesign-2015\/wp-content\/uploads\/2021\/02\/Cumhacht_an_Naduir_1_1920x1080-700x394.jpg 700w, https:\/\/tg4-docs.s3.amazonaws.com\/tg4-redesign-2015\/wp-content\/uploads\/2021\/02\/Cumhacht_an_Naduir_1_1920x1080-252x141.jpg 252w, https:\/\/tg4-docs.s3.amazonaws.com\/tg4-redesign-2015\/wp-content\/uploads\/2021\/02\/Cumhacht_an_Naduir_1_1920x1080-1536x864.jpg 1536w, https:\/\/tg4-docs.s3.amazonaws.com\/tg4-redesign-2015\/wp-content\/uploads\/2021\/02\/Cumhacht_an_Naduir_1_1920x1080-120x68.jpg 120w\" sizes=\"(max-width: 1920px) 100vw, 1920px\" \/><\/a><br \/>\nPic: Darach \u00d3 Murch\u00fa<br \/>\n&nbsp;<br \/>\nA positive consequence of the coronavirus is the way in which it has led many of us to value and explore our natural surroundings. Access to wilderness areas, coastlines and parklands has provided much needed solace during this pandemic. In this two-part documentary, <strong>Cumhacht an N\u00e1d\u00fair<\/strong>, we find out if this greater awareness has been of any benefit to wildlife, and whether a greater natural balance can emerge from the lockdown experience.<br \/>\n&nbsp;<br \/>\n<a href=\"https:\/\/tg4-docs.s3.amazonaws.com\/tg4-redesign-2015\/wp-content\/uploads\/2021\/03\/Cumhacht_an_Naduir_2_1920x1080.jpg\"><img loading=\"lazy\" decoding=\"async\" width=\"1920\" height=\"1080\" src=\"https:\/\/tg4-docs.s3.amazonaws.com\/tg4-redesign-2015\/wp-content\/uploads\/2021\/03\/Cumhacht_an_Naduir_2_1920x1080.jpg\" alt=\"\" class=\"aligncenter size-full wp-image-116318\" srcset=\"https:\/\/tg4-docs.s3.amazonaws.com\/tg4-redesign-2015\/wp-content\/uploads\/2021\/03\/Cumhacht_an_Naduir_2_1920x1080.jpg 1920w, https:\/\/tg4-docs.s3.amazonaws.com\/tg4-redesign-2015\/wp-content\/uploads\/2021\/03\/Cumhacht_an_Naduir_2_1920x1080-250x141.jpg 250w, https:\/\/tg4-docs.s3.amazonaws.com\/tg4-redesign-2015\/wp-content\/uploads\/2021\/03\/Cumhacht_an_Naduir_2_1920x1080-700x394.jpg 700w, https:\/\/tg4-docs.s3.amazonaws.com\/tg4-redesign-2015\/wp-content\/uploads\/2021\/03\/Cumhacht_an_Naduir_2_1920x1080-252x141.jpg 252w, https:\/\/tg4-docs.s3.amazonaws.com\/tg4-redesign-2015\/wp-content\/uploads\/2021\/03\/Cumhacht_an_Naduir_2_1920x1080-1536x864.jpg 1536w, https:\/\/tg4-docs.s3.amazonaws.com\/tg4-redesign-2015\/wp-content\/uploads\/2021\/03\/Cumhacht_an_Naduir_2_1920x1080-120x68.jpg 120w\" sizes=\"(max-width: 1920px) 100vw, 1920px\" \/><\/a><br \/>\nPic: John Bhaba Jeaic \u00d3&#8217;Conghaile agus Darach \u00d3 Murch\u00fa<br \/>\n&nbsp;<br \/>\nWhat happens when sites fall strangely and beautifully silent, when nature is given a chance to breathe and to revive? Has this twelve-month period implanted a greater need to protect and expand our wilderness areas?<\/p>\n<p>In the hands of presenter Darach \u00d3 Murch\u00fa, an environmental educator who was given permission to travel outside of his own restricted area, we visit some of Ireland\u2019s most celebrated destinations and tourist sites: Malin Head, the Blaskets, Glendalough, and Garnish Island, as well as community spaces and local areas of beauty. We capture these locations during a near total absence of visitors and we consider how wildlife has behaved in their absence. Post-lockdown, we return to evaluate how these landscapes could be better managed in the crucial years ahead.<\/p>\n<p>This pandemic and the successive lockdowns have not only piqued our interest in nature, but the hope is they might prompt long-terms adjustments in lifestyle and, by doing so, curtail our carbon emissions. There is a need to reintroduce displaced native species, prevent further loss of natural habitat and replenish our bog and wilderness areas. The pandemic has shown us that we are willing to accept and embrace change; it has also encouraged us to explore local initiatives that improve wildlife populations and biodiversity.<br \/>\n&nbsp;<br \/>\n<a href=\"https:\/\/tg4-docs.s3.amazonaws.com\/tg4-redesign-2015\/wp-content\/uploads\/2021\/03\/Cumhacht_an_Naduir_3_1920x1080.jpg\"><img loading=\"lazy\" decoding=\"async\" width=\"1920\" height=\"1080\" src=\"https:\/\/tg4-docs.s3.amazonaws.com\/tg4-redesign-2015\/wp-content\/uploads\/2021\/03\/Cumhacht_an_Naduir_3_1920x1080.jpg\" alt=\"\" class=\"aligncenter size-full wp-image-116319\" srcset=\"https:\/\/tg4-docs.s3.amazonaws.com\/tg4-redesign-2015\/wp-content\/uploads\/2021\/03\/Cumhacht_an_Naduir_3_1920x1080.jpg 1920w, https:\/\/tg4-docs.s3.amazonaws.com\/tg4-redesign-2015\/wp-content\/uploads\/2021\/03\/Cumhacht_an_Naduir_3_1920x1080-250x141.jpg 250w, https:\/\/tg4-docs.s3.amazonaws.com\/tg4-redesign-2015\/wp-content\/uploads\/2021\/03\/Cumhacht_an_Naduir_3_1920x1080-700x394.jpg 700w, https:\/\/tg4-docs.s3.amazonaws.com\/tg4-redesign-2015\/wp-content\/uploads\/2021\/03\/Cumhacht_an_Naduir_3_1920x1080-252x141.jpg 252w, https:\/\/tg4-docs.s3.amazonaws.com\/tg4-redesign-2015\/wp-content\/uploads\/2021\/03\/Cumhacht_an_Naduir_3_1920x1080-1536x864.jpg 1536w, https:\/\/tg4-docs.s3.amazonaws.com\/tg4-redesign-2015\/wp-content\/uploads\/2021\/03\/Cumhacht_an_Naduir_3_1920x1080-120x68.jpg 120w\" sizes=\"(max-width: 1920px) 100vw, 1920px\" \/><\/a><br \/>\nPic: Darach \u00d3 Murch\u00fa<br \/>\n&nbsp;<br \/>\nFilming took place between March and early December and the episodes take in a panorama of sights during the lockdown experience.<\/p>\n<p>While we were cocooning or self-isolating, or taking walks and runs within our two and five-kilometre radius, what was happening to some of our most celebrated and spectacular locations? How have natural sites, that usually fuel an entire economic sector, been affected by months of abandonment? And what can we learn from all of this?<\/p>\n<p><em>* Interviews with presenter Darach \u00d3 Murch\u00fa and contributors available on request *<br \/>\nA preview copy is available on request.<\/em><\/p>\n<p>Red Pepper Productions\u2019 (<a href=\"http:\/\/www.redpepper.ie\" rel=\"noopener\" target=\"_blank\">www.redpepper.ie<\/a>) previous documentaries include <strong>Fota: Into the Wild<\/strong> (VMTV, 2020), <strong>Born Addicted<\/strong> (RT\u00c92, 2015) and <strong>Tar Abhaile<\/strong> (TG4, 2013).<\/p>\n<p><strong>Martin Danneels<\/strong> is director of the acclaimed RT\u00c92 \u2018Reality Bites\u2019 documentaries <em>Ireland\u2019s Sulky Racers<\/em> and <em>Rural Addiction<\/em>. He recently directed the ground-breaking documentary for RTE1, <em>Will Ireland Survive 2050?<\/em>  Previous work also includes the IFTA-nominated series <em>How the Irish have Sex<\/em> (2009), and <em>Only Fools Buy Horses<\/em> (2004).<\/p>\n<p>&nbsp; <\/p>\n<p>LISTING INFORMATION<\/p>\n<p>Cumhacht an N\u00e1d\u00fair<\/p>\n<p>@ 9.30pm, 24th March &#038; 31st March 2021, on TG4<br \/>\n&nbsp;<\/p>\n<p>&nbsp;<br \/>\n&nbsp;<\/p>\n","protected":false},"excerpt":{"rendered":"<p>Presented by Darach \u00d3 Murch\u00fa | Directed by Martin Danneels &nbsp; YouTube Clip: &nbsp; Cumhacht an N\u00e1d\u00fair is a new two-part documentary for TG4 that looks at the solace nature has offered during this pandemic and how it may fuel the debate for a broader range of wildlife habitat and land management. &nbsp; Pic: Darach [&hellip;]<\/p>\n","protected":false},"author":876,"featured_media":0,"parent":115587,"menu_order":20,"comment_status":"closed","ping_status":"closed","template":"page-templates\/template-pr.php","meta":{"_acf_changed":false,"footnotes":""},"acf":[],"yoast_head":"<!-- This site is optimized with the Yoast SEO plugin v22.6 - https:\/\/yoast.com\/wordpress\/plugins\/seo\/ -->\n<title>TG4 | The power of nature during this pandemic explored in TG4 documentary | 2021 | Press Releases | Press | Irish Television Channel, S\u00fail Eile<\/title>\n<meta name=\"description\" content=\"Powerful new documentary, Cumhacht an N\u00e1d\u00fair, explores how powerful nature can be during the global pandemic\" \/>\n<meta name=\"robots\" content=\"index, follow, max-snippet:-1, max-image-preview:large, max-video-preview:-1\" \/>\n<meta property=\"og:locale\" content=\"en_US\" \/>\n<meta property=\"og:type\" content=\"article\" \/>\n<meta property=\"og:title\" content=\"TG4 | The power of nature during this pandemic explored in TG4 documentary | 2021 | Press Releases | Press | Irish Television Channel, S\u00fail Eile\" \/>\n<meta property=\"og:description\" content=\"Powerful new documentary, Cumhacht an N\u00e1d\u00fair, explores how powerful nature can be during the global pandemic\" \/>\n<meta property=\"og:url\" content=\"https:\/\/dev.tg4.ie\/en\/information\/press\/press-releases\/2021-2\/the-power-of-nature-during-this-pandemic-explored-in-tg4-documentary\/\" \/>\n<meta property=\"og:site_name\" content=\"TG4\" \/>\n<meta property=\"article:publisher\" content=\"https:\/\/www.facebook.com\/TG4TV\" \/>\n<meta property=\"article:modified_time\" content=\"2021-11-05T09:38:00+00:00\" \/>\n<meta property=\"og:image\" content=\"https:\/\/tg4-docs.s3.amazonaws.com\/tg4-redesign-2015\/wp-content\/uploads\/2021\/02\/Cumhacht_an_Naduir_1_1920x1080.jpg\" \/>\n\t<meta property=\"og:image:width\" content=\"1920\" \/>\n\t<meta property=\"og:image:height\" content=\"1080\" \/>\n\t<meta property=\"og:image:type\" content=\"image\/jpeg\" \/>\n<meta name=\"twitter:card\" content=\"summary_large_image\" \/>\n<meta name=\"twitter:image\" content=\"https:\/\/tg4-docs.s3.amazonaws.com\/tg4-redesign-2015\/wp-content\/uploads\/2021\/02\/Cumhacht_an_Naduir_1_1920x1080.jpg\" \/>\n<meta name=\"twitter:site\" content=\"@TG4TV\" \/>\n<meta name=\"twitter:label1\" content=\"Est. reading time\" \/>\n\t<meta name=\"twitter:data1\" content=\"3 minutes\" \/>\n<script type=\"application\/ld+json\" class=\"yoast-schema-graph\">{\"@context\":\"https:\/\/schema.org\",\"@graph\":[{\"@type\":\"WebPage\",\"@id\":\"https:\/\/dev.tg4.ie\/en\/information\/press\/press-releases\/2021-2\/the-power-of-nature-during-this-pandemic-explored-in-tg4-documentary\/\",\"url\":\"https:\/\/dev.tg4.ie\/en\/information\/press\/press-releases\/2021-2\/the-power-of-nature-during-this-pandemic-explored-in-tg4-documentary\/\",\"name\":\"TG4 | The power of nature during this pandemic explored in TG4 documentary | 2021 | Press Releases | Press | Irish Television Channel, S\u00fail Eile\",\"isPartOf\":{\"@id\":\"https:\/\/dev.tg4.ie\/en\/#website\"},\"primaryImageOfPage\":{\"@id\":\"https:\/\/dev.tg4.ie\/en\/information\/press\/press-releases\/2021-2\/the-power-of-nature-during-this-pandemic-explored-in-tg4-documentary\/#primaryimage\"},\"image\":{\"@id\":\"https:\/\/dev.tg4.ie\/en\/information\/press\/press-releases\/2021-2\/the-power-of-nature-during-this-pandemic-explored-in-tg4-documentary\/#primaryimage\"},\"thumbnailUrl\":\"https:\/\/dev.tg4.ie\/wp-content\/uploads\/2021\/02\/Cumhacht_an_Naduir_1_1920x1080.jpg\",\"datePublished\":\"2021-03-12T14:56:27+00:00\",\"dateModified\":\"2021-11-05T09:38:00+00:00\",\"description\":\"Powerful new documentary, Cumhacht an N\u00e1d\u00fair, explores how powerful nature can be during the global pandemic\",\"breadcrumb\":{\"@id\":\"https:\/\/dev.tg4.ie\/en\/information\/press\/press-releases\/2021-2\/the-power-of-nature-during-this-pandemic-explored-in-tg4-documentary\/#breadcrumb\"},\"inLanguage\":\"en-ie\",\"potentialAction\":[{\"@type\":\"ReadAction\",\"target\":[\"https:\/\/dev.tg4.ie\/en\/information\/press\/press-releases\/2021-2\/the-power-of-nature-during-this-pandemic-explored-in-tg4-documentary\/\"]}]},{\"@type\":\"ImageObject\",\"inLanguage\":\"en-ie\",\"@id\":\"https:\/\/dev.tg4.ie\/en\/information\/press\/press-releases\/2021-2\/the-power-of-nature-during-this-pandemic-explored-in-tg4-documentary\/#primaryimage\",\"url\":\"https:\/\/dev.tg4.ie\/wp-content\/uploads\/2021\/02\/Cumhacht_an_Naduir_1_1920x1080.jpg\",\"contentUrl\":\"https:\/\/dev.tg4.ie\/wp-content\/uploads\/2021\/02\/Cumhacht_an_Naduir_1_1920x1080.jpg\"},{\"@type\":\"BreadcrumbList\",\"@id\":\"https:\/\/dev.tg4.ie\/en\/information\/press\/press-releases\/2021-2\/the-power-of-nature-during-this-pandemic-explored-in-tg4-documentary\/#breadcrumb\",\"itemListElement\":[{\"@type\":\"ListItem\",\"position\":1,\"name\":\"Home\",\"item\":\"https:\/\/dev.tg4.ie\/en\/\"},{\"@type\":\"ListItem\",\"position\":2,\"name\":\"Information\",\"item\":\"https:\/\/dev.tg4.ie\/en\/information\/\"},{\"@type\":\"ListItem\",\"position\":3,\"name\":\"Press\",\"item\":\"https:\/\/dev.tg4.ie\/en\/information\/press\/\"},{\"@type\":\"ListItem\",\"position\":4,\"name\":\"Press Releases\",\"item\":\"https:\/\/dev.tg4.ie\/en\/information\/press\/press-releases\/\"},{\"@type\":\"ListItem\",\"position\":5,\"name\":\"2021\",\"item\":\"https:\/\/dev.tg4.ie\/en\/information\/press\/press-releases\/2021-2\/\"},{\"@type\":\"ListItem\",\"position\":6,\"name\":\"The power of nature during this pandemic explored in TG4 documentary\"}]},{\"@type\":\"WebSite\",\"@id\":\"https:\/\/dev.tg4.ie\/en\/#website\",\"url\":\"https:\/\/dev.tg4.ie\/en\/\",\"name\":\"TG4\",\"description\":\"S\u00fail Eile\",\"potentialAction\":[{\"@type\":\"SearchAction\",\"target\":{\"@type\":\"EntryPoint\",\"urlTemplate\":\"https:\/\/dev.tg4.ie\/en\/?s={search_term_string}\"},\"query-input\":\"required name=search_term_string\"}],\"inLanguage\":\"en-ie\"}]}<\/script>\n<!-- \/ Yoast SEO plugin. -->","yoast_head_json":{"title":"TG4 | The power of nature during this pandemic explored in TG4 documentary | 2021 | Press Releases | Press | Irish Television Channel, S\u00fail Eile","description":"Powerful new documentary, Cumhacht an N\u00e1d\u00fair, explores how powerful nature can be during the global pandemic","robots":{"index":"index","follow":"follow","max-snippet":"max-snippet:-1","max-image-preview":"max-image-preview:large","max-video-preview":"max-video-preview:-1"},"og_locale":"en_US","og_type":"article","og_title":"TG4 | The power of nature during this pandemic explored in TG4 documentary | 2021 | Press Releases | Press | Irish Television Channel, S\u00fail Eile","og_description":"Powerful new documentary, Cumhacht an N\u00e1d\u00fair, explores how powerful nature can be during the global pandemic","og_url":"https:\/\/dev.tg4.ie\/en\/information\/press\/press-releases\/2021-2\/the-power-of-nature-during-this-pandemic-explored-in-tg4-documentary\/","og_site_name":"TG4","article_publisher":"https:\/\/www.facebook.com\/TG4TV","article_modified_time":"2021-11-05T09:38:00+00:00","og_image":[{"width":1920,"height":1080,"url":"https:\/\/tg4-docs.s3.amazonaws.com\/tg4-redesign-2015\/wp-content\/uploads\/2021\/02\/Cumhacht_an_Naduir_1_1920x1080.jpg","type":"image\/jpeg"}],"twitter_card":"summary_large_image","twitter_image":"https:\/\/tg4-docs.s3.amazonaws.com\/tg4-redesign-2015\/wp-content\/uploads\/2021\/02\/Cumhacht_an_Naduir_1_1920x1080.jpg","twitter_site":"@TG4TV","twitter_misc":{"Est. reading time":"3 minutes"},"schema":{"@context":"https:\/\/schema.org","@graph":[{"@type":"WebPage","@id":"https:\/\/dev.tg4.ie\/en\/information\/press\/press-releases\/2021-2\/the-power-of-nature-during-this-pandemic-explored-in-tg4-documentary\/","url":"https:\/\/dev.tg4.ie\/en\/information\/press\/press-releases\/2021-2\/the-power-of-nature-during-this-pandemic-explored-in-tg4-documentary\/","name":"TG4 | The power of nature during this pandemic explored in TG4 documentary | 2021 | Press Releases | Press | Irish Television Channel, S\u00fail Eile","isPartOf":{"@id":"https:\/\/dev.tg4.ie\/en\/#website"},"primaryImageOfPage":{"@id":"https:\/\/dev.tg4.ie\/en\/information\/press\/press-releases\/2021-2\/the-power-of-nature-during-this-pandemic-explored-in-tg4-documentary\/#primaryimage"},"image":{"@id":"https:\/\/dev.tg4.ie\/en\/information\/press\/press-releases\/2021-2\/the-power-of-nature-during-this-pandemic-explored-in-tg4-documentary\/#primaryimage"},"thumbnailUrl":"https:\/\/dev.tg4.ie\/wp-content\/uploads\/2021\/02\/Cumhacht_an_Naduir_1_1920x1080.jpg","datePublished":"2021-03-12T14:56:27+00:00","dateModified":"2021-11-05T09:38:00+00:00","description":"Powerful new documentary, Cumhacht an N\u00e1d\u00fair, explores how powerful nature can be during the global pandemic","breadcrumb":{"@id":"https:\/\/dev.tg4.ie\/en\/information\/press\/press-releases\/2021-2\/the-power-of-nature-during-this-pandemic-explored-in-tg4-documentary\/#breadcrumb"},"inLanguage":"en-ie","potentialAction":[{"@type":"ReadAction","target":["https:\/\/dev.tg4.ie\/en\/information\/press\/press-releases\/2021-2\/the-power-of-nature-during-this-pandemic-explored-in-tg4-documentary\/"]}]},{"@type":"ImageObject","inLanguage":"en-ie","@id":"https:\/\/dev.tg4.ie\/en\/information\/press\/press-releases\/2021-2\/the-power-of-nature-during-this-pandemic-explored-in-tg4-documentary\/#primaryimage","url":"https:\/\/dev.tg4.ie\/wp-content\/uploads\/2021\/02\/Cumhacht_an_Naduir_1_1920x1080.jpg","contentUrl":"https:\/\/dev.tg4.ie\/wp-content\/uploads\/2021\/02\/Cumhacht_an_Naduir_1_1920x1080.jpg"},{"@type":"BreadcrumbList","@id":"https:\/\/dev.tg4.ie\/en\/information\/press\/press-releases\/2021-2\/the-power-of-nature-during-this-pandemic-explored-in-tg4-documentary\/#breadcrumb","itemListElement":[{"@type":"ListItem","position":1,"name":"Home","item":"https:\/\/dev.tg4.ie\/en\/"},{"@type":"ListItem","position":2,"name":"Information","item":"https:\/\/dev.tg4.ie\/en\/information\/"},{"@type":"ListItem","position":3,"name":"Press","item":"https:\/\/dev.tg4.ie\/en\/information\/press\/"},{"@type":"ListItem","position":4,"name":"Press Releases","item":"https:\/\/dev.tg4.ie\/en\/information\/press\/press-releases\/"},{"@type":"ListItem","position":5,"name":"2021","item":"https:\/\/dev.tg4.ie\/en\/information\/press\/press-releases\/2021-2\/"},{"@type":"ListItem","position":6,"name":"The power of nature during this pandemic explored in TG4 documentary"}]},{"@type":"WebSite","@id":"https:\/\/dev.tg4.ie\/en\/#website","url":"https:\/\/dev.tg4.ie\/en\/","name":"TG4","description":"S\u00fail Eile","potentialAction":[{"@type":"SearchAction","target":{"@type":"EntryPoint","urlTemplate":"https:\/\/dev.tg4.ie\/en\/?s={search_term_string}"},"query-input":"required name=search_term_string"}],"inLanguage":"en-ie"}]}},"_links":{"self":[{"href":"https:\/\/dev.tg4.ie\/en\/wp-json\/wp\/v2\/pages\/116323"}],"collection":[{"href":"https:\/\/dev.tg4.ie\/en\/wp-json\/wp\/v2\/pages"}],"about":[{"href":"https:\/\/dev.tg4.ie\/en\/wp-json\/wp\/v2\/types\/page"}],"author":[{"embeddable":true,"href":"https:\/\/dev.tg4.ie\/en\/wp-json\/wp\/v2\/users\/876"}],"replies":[{"embeddable":true,"href":"https:\/\/dev.tg4.ie\/en\/wp-json\/wp\/v2\/comments?post=116323"}],"version-history":[{"count":0,"href":"https:\/\/dev.tg4.ie\/en\/wp-json\/wp\/v2\/pages\/116323\/revisions"}],"up":[{"embeddable":true,"href":"https:\/\/dev.tg4.ie\/en\/wp-json\/wp\/v2\/pages\/115587"}],"wp:attachment":[{"href":"https:\/\/dev.tg4.ie\/en\/wp-json\/wp\/v2\/media?parent=116323"}],"curies":[{"name":"wp","href":"https:\/\/api.w.org\/{rel}","templated":true}]}}