{"id":118825,"date":"2021-04-29T17:12:25","date_gmt":"2021-04-29T16:12:25","guid":{"rendered":"https:\/\/dev.tg4.ie\/?page_id=118825"},"modified":"2021-11-05T09:28:15","modified_gmt":"2021-11-05T09:28:15","slug":"two-awards-for-tg4-at-prix-circom-2021","status":"publish","type":"page","link":"https:\/\/dev.tg4.ie\/en\/information\/press\/press-releases\/2021-2\/two-awards-for-tg4-at-prix-circom-2021\/","title":{"rendered":"Two awards for TG4 at PRIX CIRCOM 2021, the awards for Europe&#8217;s regional public service broadcasters"},"content":{"rendered":"<p><a href=\"https:\/\/tg4-docs.s3.amazonaws.com\/tg4-redesign-2015\/wp-content\/uploads\/2021\/04\/Samhlu2020_IsOlcAnGhaoth_1_3840x1080-scaled.jpg\"><img loading=\"lazy\" decoding=\"async\" width=\"2560\" height=\"720\" src=\"https:\/\/tg4-docs.s3.amazonaws.com\/tg4-redesign-2015\/wp-content\/uploads\/2021\/04\/Samhlu2020_IsOlcAnGhaoth_1_3840x1080-scaled.jpg\" alt=\"\" class=\"aligncenter size-full wp-image-118833\" srcset=\"https:\/\/tg4-docs.s3.amazonaws.com\/tg4-redesign-2015\/wp-content\/uploads\/2021\/04\/Samhlu2020_IsOlcAnGhaoth_1_3840x1080-scaled.jpg 2560w, https:\/\/tg4-docs.s3.amazonaws.com\/tg4-redesign-2015\/wp-content\/uploads\/2021\/04\/Samhlu2020_IsOlcAnGhaoth_1_3840x1080-250x70.jpg 250w, https:\/\/tg4-docs.s3.amazonaws.com\/tg4-redesign-2015\/wp-content\/uploads\/2021\/04\/Samhlu2020_IsOlcAnGhaoth_1_3840x1080-700x197.jpg 700w, https:\/\/tg4-docs.s3.amazonaws.com\/tg4-redesign-2015\/wp-content\/uploads\/2021\/04\/Samhlu2020_IsOlcAnGhaoth_1_3840x1080-252x71.jpg 252w, https:\/\/tg4-docs.s3.amazonaws.com\/tg4-redesign-2015\/wp-content\/uploads\/2021\/04\/Samhlu2020_IsOlcAnGhaoth_1_3840x1080-1536x432.jpg 1536w, https:\/\/tg4-docs.s3.amazonaws.com\/tg4-redesign-2015\/wp-content\/uploads\/2021\/04\/Samhlu2020_IsOlcAnGhaoth_1_3840x1080-2048x576.jpg 2048w, https:\/\/tg4-docs.s3.amazonaws.com\/tg4-redesign-2015\/wp-content\/uploads\/2021\/04\/Samhlu2020_IsOlcAnGhaoth_1_3840x1080-120x34.jpg 120w\" sizes=\"(max-width: 2560px) 100vw, 2560px\" \/><\/a><br \/>\n&nbsp;<\/p>\n<div style=\"position: relative; overflow: auto; width: 75%; padding-bottom: 56.25%;\"><iframe loading=\"lazy\" src=\"https:\/\/www.youtube.com\/embed\/2c_e7ajjNWc\" width=\"100%\" height=\"100%\" frameborder=\"0\" scrolling=\"no\" allowFullscreen=\"true\" style=\"position: absolute; top: 0px; display: block;\"><\/iframe><\/div>\n<p>&nbsp;<br \/>\nTG4&#8217;s <strong>Samhl\u00fa 2020<\/strong> and <strong>Is Olc an Ghaoth<\/strong> have been awarded at PRIX CIRCOM 2021 announced today. Every year, the Prix CIRCOM awards honours the best regional productions. These are the most important international awards for regional programmes and were first presented in 1990. Ten <strong>Category Winners<\/strong> and nine <strong>Commended awards<\/strong> were selected in 2021. There were 191 entries for the awards this year compared with 193 last year, which suggests that in a full year of Covid-19 the public stations continued to produce a significant amount of content in service to their viewers during this tragic year. In all, 23 states had entries for the awards by broadcasters.<br \/>\n&nbsp;<br \/>\nTG4&#8217;s <strong>Samhl\u00fa 2020<\/strong> was awarded <strong>Winner<\/strong> of <strong>MOST ORIGINAL AND INNOVATIVE<\/strong> award which is sponsored by NRK NORWAY.  <strong>Samhl\u00fa 2020<\/strong>, a landmark cultural showcase to celebrate the artistic endeavours and creativity that have endured throughout Ireland in 2020 despite a very challenging year. Samhl\u00fa 2020 was funded by The Creative Ireland Programme and produced by Meangadh F\u00edb\u00edn, and directed by Philip Doherty for TG4.  Set in the beautiful surrounds of Roundstone, Connemara, Co. Galway. Tommy Tiernan, in the role of The Wanderer brought the audience on a joyous and magical journey of music, dance, and theatre.  World renowned composer and Roundstone resident Bill Whelan\u2019s new original composition, \u2018Samhl\u00fa\u2019 premiered in the broadcast.  Samhl\u00fa 2020 also featured six short leagacy films interwoven with performances from Shane Hennessey, Moxie, Slow Moving Clouds, Julie Feeney, Morgan Bullock, David Geaney, R\u00f3n\u00e1n \u00d3 Snodaigh, Varo and Tonnta.<br \/>\n&nbsp;<\/p>\n<p><strong>Is Olc an Ghaoth<\/strong> was awarded <strong>Commended<\/strong> in the <strong>ENTERTAINMENT AND DRAMA category<\/strong> which was sponsored by TPA Asturias-TVG Galicia. An Achill Island Gothic Triptych \u2013 three sad-funny short films that fold into each other, set on a slightly off-kilter, quirky Covid-bound Island and features some of the finest actors in the country, Stiof\u00e1n Seoige <em>(Murdair Mh\u00e1m Trasna, Na Cloigne, Ros na R\u00fan)<\/em>, John Finn <em>(Cold Case, The Walking Dead, The Crown, An Bronntanas)<\/em>, Carrie Crowley <em>(Fair City, R\u00e1sa\u00ed na Gaillimhe)<\/em> and Peadar Cox <em>(Song of Granite, Fir Bolg, Ros na R\u00fan)<\/em>. Produced by Niamh Fagan directed by IFTA winning director Tom Sullivan and BAFTA winning writer Kevin Toolis.<br \/>\n&nbsp;<br \/>\nThe winner of the <strong>Grand Prix \u2013 the Best of the Best<\/strong>, sponsored by TVP Poland will be announced at an online gala and celebration on <strong>Wednesday 12 May, 20:00 CET<\/strong>.  There will also be a further <strong>Special Award<\/strong> to be announced, sponsored by BNT Bulgaria.<br \/>\n&nbsp;<\/p>\n<p>The award juries comprise experts working as producers in regional stations.  They were: Sybren Terpstra, Omrop Fryslan, The Netherlands; Cathrine Gaukerud, NRK, Norway; Erica Stenback, SVT, Sweden; L\u00e9a Zilber, RTBF, Belgium; Adriano Nazareth, RTP, Portugal; Lisa Reynolds, BBC, UK; Zsuszanna Antala, MTVA, Hungary; Chiara Tomasoni, RSI, Switzerland; Daniela Dra\u0161tata, HRT, Croatia; Daniele Guido Gessa, RAI, Italy; Fran\u00e7oise Erb, France 3, France; Alina Amza, TVR, Romania; Montse Armengou Mart\u00edn, CCMA, Spain; Dagmara Drzazga, TVP, Poland; Christine Schwarz, RTBF, Belgium; Andreas Riedl, ORF, Au stria; Mojca Recek, RTVSLO, Slovenia; Martin Novosad, \u010cT, Czech Republic; Luc\u00eda Herrera Cueva, RTPA, Spain; Roisin N\u00ed Thuairisg, TG4, Ireland; Janina Strothman, HR, Germany; Joe Reddington, RT\u00c9, Ireland; Gunnar Henrich, HR, Germany;Eivind Undrum Jacobsen, NRK, Norway.<br \/>\n&nbsp;<\/p>\n<p><strong>Director Genereal of TG4 Alan Esslemont said<\/strong>, <em>&#8220;I would like to congratulate producers Meangadh F\u00edb\u00edn and Lunar Pictures and everybody involved in Samhl\u00fa 2020 and Is Olc an Ghaoth on their awards today.  Samhl\u00fa 2020 was a hugely ambitious and important project which celebrated the best of the arts in Ireland during an unprecedented and difficult year.  Our partnership with The Creative Ireland Programme was a fruitful one and we are delighted with this award today. The calibre of talent involved in Is Olc an Ghaoth speaks for itself, and shows the success of original Irish-produced drama which can transcend boundaries and appeal to international audiences.&#8221;<\/em><br \/>\n&nbsp;<br \/>\n<strong>Minister of Tourism, Culture, Arts, Gaeltacht, Sport and Media Catherine Martin said<\/strong> <em>\u201cMany congratulations to TG4 and F\u00edb\u00edn Media in Connemara. To win the most original and innovative programme against regional broadcasters of much greater scale is some achievement. TG4\u2019s S\u00fail Eile is one we all admire. I am delighted to have funded the making of Samhl\u00fa. Our ambition was to showcase the extraordinary creative practice which thrived despite COVID, hence 126 artists featured from all over Ireland including new music from composer Bill Whelan. This is also a great tribute to the independent production community in the west.\u201d<\/em><br \/>\n&nbsp;<br \/>\n<strong>Minister of State Jack Chambers said<\/strong>, <em>\u201cI want to offer my congratulations to TG4 on this magnificent achievement. Covid has tested the entire nation\u2019s resolve but programmes like Samhl\u00fa have played an incredible role in keeping people\u2019s hopes up and inspiring the nation. Connemara in the Gaeltacht community is at the heart of so much creativity and innovation so this award is particularly fitting and showcases Irish culture to the entire world. That the programme has triumphed over productions from some of Europe\u2019s largest broadcasters is further testament to the incredible work that has gone into making Samhl\u00fa.\u201d<\/em><br \/>\n&nbsp;<br \/>\n<strong>David Lowen CIRCOM said<\/strong>: <em>\u201cIt has been a pleasure and honour to be Chair of the Juries of such distinguished and experienced professionals from around Europe. They have worked hard and faced some difficult choices. They have praised so much of what has been achieved by the regional public service broadcasters and media providers in what has been a difficult period for viewers and professionals. We now look forward to the announcement of the Grand Prix and the Special Award and to sharing the video celebrations of the category winners.\u201d<\/em><br \/>\n&nbsp;<br \/>\n&nbsp;<br \/>\n&nbsp;<\/p>\n","protected":false},"excerpt":{"rendered":"<p>&nbsp; &nbsp; TG4&#8217;s Samhl\u00fa 2020 and Is Olc an Ghaoth have been awarded at PRIX CIRCOM 2021 announced today. Every year, the Prix CIRCOM awards honours the best regional productions. These are the most important international awards for regional programmes and were first presented in 1990. Ten Category Winners and nine Commended awards were selected [&hellip;]<\/p>\n","protected":false},"author":876,"featured_media":0,"parent":115587,"menu_order":23,"comment_status":"closed","ping_status":"closed","template":"page-templates\/template-pr.php","meta":{"_acf_changed":false,"footnotes":""},"acf":[],"yoast_head":"<!-- This site is optimized with the Yoast SEO plugin v22.6 - https:\/\/yoast.com\/wordpress\/plugins\/seo\/ -->\n<title>TG4 | Two awards for TG4 at PRIX CIRCOM 2021, the awards for Europe\u2019s regional public service broadcasters | 2021 | Press Releases | Press | Irish Television Channel, S\u00fail Eile<\/title>\n<meta name=\"description\" content=\"Successful night for TG4 at the 2021 PRIX COM awards\" \/>\n<meta name=\"robots\" content=\"index, follow, max-snippet:-1, max-image-preview:large, max-video-preview:-1\" \/>\n<meta property=\"og:locale\" content=\"en_US\" \/>\n<meta property=\"og:type\" content=\"article\" \/>\n<meta property=\"og:title\" content=\"TG4 | Two awards for TG4 at PRIX CIRCOM 2021, the awards for Europe\u2019s regional public service broadcasters | 2021 | Press Releases | Press | Irish Television Channel, S\u00fail Eile\" \/>\n<meta property=\"og:description\" content=\"Successful night for TG4 at the 2021 PRIX COM awards\" \/>\n<meta property=\"og:url\" content=\"https:\/\/dev.tg4.ie\/en\/information\/press\/press-releases\/2021-2\/two-awards-for-tg4-at-prix-circom-2021\/\" \/>\n<meta property=\"og:site_name\" content=\"TG4\" \/>\n<meta property=\"article:publisher\" content=\"https:\/\/www.facebook.com\/TG4TV\" \/>\n<meta property=\"article:modified_time\" content=\"2021-11-05T09:28:15+00:00\" \/>\n<meta property=\"og:image\" content=\"https:\/\/tg4-docs.s3.amazonaws.com\/tg4-redesign-2015\/wp-content\/uploads\/2021\/04\/Samhlu2020_IsOlcAnGhaoth_Pad_1920x1080.jpg\" \/>\n\t<meta property=\"og:image:width\" content=\"1920\" \/>\n\t<meta property=\"og:image:height\" content=\"1080\" \/>\n\t<meta property=\"og:image:type\" content=\"image\/jpeg\" \/>\n<meta name=\"twitter:card\" content=\"summary_large_image\" \/>\n<meta name=\"twitter:image\" content=\"https:\/\/tg4-docs.s3.amazonaws.com\/tg4-redesign-2015\/wp-content\/uploads\/2021\/04\/Samhlu2020_IsOlcAnGhaoth_Pad_1920x1080.jpg\" \/>\n<meta name=\"twitter:site\" content=\"@TG4TV\" \/>\n<meta name=\"twitter:label1\" content=\"Est. reading time\" \/>\n\t<meta name=\"twitter:data1\" content=\"5 minutes\" \/>\n<script type=\"application\/ld+json\" class=\"yoast-schema-graph\">{\"@context\":\"https:\/\/schema.org\",\"@graph\":[{\"@type\":\"WebPage\",\"@id\":\"https:\/\/dev.tg4.ie\/en\/information\/press\/press-releases\/2021-2\/two-awards-for-tg4-at-prix-circom-2021\/\",\"url\":\"https:\/\/dev.tg4.ie\/en\/information\/press\/press-releases\/2021-2\/two-awards-for-tg4-at-prix-circom-2021\/\",\"name\":\"TG4 | Two awards for TG4 at PRIX CIRCOM 2021, the awards for Europe\u2019s regional public service broadcasters | 2021 | Press Releases | Press | Irish Television Channel, S\u00fail Eile\",\"isPartOf\":{\"@id\":\"https:\/\/dev.tg4.ie\/en\/#website\"},\"primaryImageOfPage\":{\"@id\":\"https:\/\/dev.tg4.ie\/en\/information\/press\/press-releases\/2021-2\/two-awards-for-tg4-at-prix-circom-2021\/#primaryimage\"},\"image\":{\"@id\":\"https:\/\/dev.tg4.ie\/en\/information\/press\/press-releases\/2021-2\/two-awards-for-tg4-at-prix-circom-2021\/#primaryimage\"},\"thumbnailUrl\":\"https:\/\/dev.tg4.ie\/wp-content\/uploads\/2021\/04\/Samhlu2020_IsOlcAnGhaoth_1_3840x1080-scaled.jpg\",\"datePublished\":\"2021-04-29T16:12:25+00:00\",\"dateModified\":\"2021-11-05T09:28:15+00:00\",\"description\":\"Successful night for TG4 at the 2021 PRIX COM awards\",\"breadcrumb\":{\"@id\":\"https:\/\/dev.tg4.ie\/en\/information\/press\/press-releases\/2021-2\/two-awards-for-tg4-at-prix-circom-2021\/#breadcrumb\"},\"inLanguage\":\"en-ie\",\"potentialAction\":[{\"@type\":\"ReadAction\",\"target\":[\"https:\/\/dev.tg4.ie\/en\/information\/press\/press-releases\/2021-2\/two-awards-for-tg4-at-prix-circom-2021\/\"]}]},{\"@type\":\"ImageObject\",\"inLanguage\":\"en-ie\",\"@id\":\"https:\/\/dev.tg4.ie\/en\/information\/press\/press-releases\/2021-2\/two-awards-for-tg4-at-prix-circom-2021\/#primaryimage\",\"url\":\"https:\/\/dev.tg4.ie\/wp-content\/uploads\/2021\/04\/Samhlu2020_IsOlcAnGhaoth_1_3840x1080-scaled.jpg\",\"contentUrl\":\"https:\/\/dev.tg4.ie\/wp-content\/uploads\/2021\/04\/Samhlu2020_IsOlcAnGhaoth_1_3840x1080-scaled.jpg\"},{\"@type\":\"BreadcrumbList\",\"@id\":\"https:\/\/dev.tg4.ie\/en\/information\/press\/press-releases\/2021-2\/two-awards-for-tg4-at-prix-circom-2021\/#breadcrumb\",\"itemListElement\":[{\"@type\":\"ListItem\",\"position\":1,\"name\":\"Home\",\"item\":\"https:\/\/dev.tg4.ie\/en\/\"},{\"@type\":\"ListItem\",\"position\":2,\"name\":\"Information\",\"item\":\"https:\/\/dev.tg4.ie\/en\/information\/\"},{\"@type\":\"ListItem\",\"position\":3,\"name\":\"Press\",\"item\":\"https:\/\/dev.tg4.ie\/en\/information\/press\/\"},{\"@type\":\"ListItem\",\"position\":4,\"name\":\"Press Releases\",\"item\":\"https:\/\/dev.tg4.ie\/en\/information\/press\/press-releases\/\"},{\"@type\":\"ListItem\",\"position\":5,\"name\":\"2021\",\"item\":\"https:\/\/dev.tg4.ie\/en\/information\/press\/press-releases\/2021-2\/\"},{\"@type\":\"ListItem\",\"position\":6,\"name\":\"Two awards for TG4 at PRIX CIRCOM 2021, the awards for Europe&#8217;s regional public service broadcasters\"}]},{\"@type\":\"WebSite\",\"@id\":\"https:\/\/dev.tg4.ie\/en\/#website\",\"url\":\"https:\/\/dev.tg4.ie\/en\/\",\"name\":\"TG4\",\"description\":\"S\u00fail Eile\",\"potentialAction\":[{\"@type\":\"SearchAction\",\"target\":{\"@type\":\"EntryPoint\",\"urlTemplate\":\"https:\/\/dev.tg4.ie\/en\/?s={search_term_string}\"},\"query-input\":\"required name=search_term_string\"}],\"inLanguage\":\"en-ie\"}]}<\/script>\n<!-- \/ Yoast SEO plugin. -->","yoast_head_json":{"title":"TG4 | Two awards for TG4 at PRIX CIRCOM 2021, the awards for Europe\u2019s regional public service broadcasters | 2021 | Press Releases | Press | Irish Television Channel, S\u00fail Eile","description":"Successful night for TG4 at the 2021 PRIX COM awards","robots":{"index":"index","follow":"follow","max-snippet":"max-snippet:-1","max-image-preview":"max-image-preview:large","max-video-preview":"max-video-preview:-1"},"og_locale":"en_US","og_type":"article","og_title":"TG4 | Two awards for TG4 at PRIX CIRCOM 2021, the awards for Europe\u2019s regional public service broadcasters | 2021 | Press Releases | Press | Irish Television Channel, S\u00fail Eile","og_description":"Successful night for TG4 at the 2021 PRIX COM awards","og_url":"https:\/\/dev.tg4.ie\/en\/information\/press\/press-releases\/2021-2\/two-awards-for-tg4-at-prix-circom-2021\/","og_site_name":"TG4","article_publisher":"https:\/\/www.facebook.com\/TG4TV","article_modified_time":"2021-11-05T09:28:15+00:00","og_image":[{"width":1920,"height":1080,"url":"https:\/\/tg4-docs.s3.amazonaws.com\/tg4-redesign-2015\/wp-content\/uploads\/2021\/04\/Samhlu2020_IsOlcAnGhaoth_Pad_1920x1080.jpg","type":"image\/jpeg"}],"twitter_card":"summary_large_image","twitter_image":"https:\/\/tg4-docs.s3.amazonaws.com\/tg4-redesign-2015\/wp-content\/uploads\/2021\/04\/Samhlu2020_IsOlcAnGhaoth_Pad_1920x1080.jpg","twitter_site":"@TG4TV","twitter_misc":{"Est. reading time":"5 minutes"},"schema":{"@context":"https:\/\/schema.org","@graph":[{"@type":"WebPage","@id":"https:\/\/dev.tg4.ie\/en\/information\/press\/press-releases\/2021-2\/two-awards-for-tg4-at-prix-circom-2021\/","url":"https:\/\/dev.tg4.ie\/en\/information\/press\/press-releases\/2021-2\/two-awards-for-tg4-at-prix-circom-2021\/","name":"TG4 | Two awards for TG4 at PRIX CIRCOM 2021, the awards for Europe\u2019s regional public service broadcasters | 2021 | Press Releases | Press | Irish Television Channel, S\u00fail Eile","isPartOf":{"@id":"https:\/\/dev.tg4.ie\/en\/#website"},"primaryImageOfPage":{"@id":"https:\/\/dev.tg4.ie\/en\/information\/press\/press-releases\/2021-2\/two-awards-for-tg4-at-prix-circom-2021\/#primaryimage"},"image":{"@id":"https:\/\/dev.tg4.ie\/en\/information\/press\/press-releases\/2021-2\/two-awards-for-tg4-at-prix-circom-2021\/#primaryimage"},"thumbnailUrl":"https:\/\/dev.tg4.ie\/wp-content\/uploads\/2021\/04\/Samhlu2020_IsOlcAnGhaoth_1_3840x1080-scaled.jpg","datePublished":"2021-04-29T16:12:25+00:00","dateModified":"2021-11-05T09:28:15+00:00","description":"Successful night for TG4 at the 2021 PRIX COM awards","breadcrumb":{"@id":"https:\/\/dev.tg4.ie\/en\/information\/press\/press-releases\/2021-2\/two-awards-for-tg4-at-prix-circom-2021\/#breadcrumb"},"inLanguage":"en-ie","potentialAction":[{"@type":"ReadAction","target":["https:\/\/dev.tg4.ie\/en\/information\/press\/press-releases\/2021-2\/two-awards-for-tg4-at-prix-circom-2021\/"]}]},{"@type":"ImageObject","inLanguage":"en-ie","@id":"https:\/\/dev.tg4.ie\/en\/information\/press\/press-releases\/2021-2\/two-awards-for-tg4-at-prix-circom-2021\/#primaryimage","url":"https:\/\/dev.tg4.ie\/wp-content\/uploads\/2021\/04\/Samhlu2020_IsOlcAnGhaoth_1_3840x1080-scaled.jpg","contentUrl":"https:\/\/dev.tg4.ie\/wp-content\/uploads\/2021\/04\/Samhlu2020_IsOlcAnGhaoth_1_3840x1080-scaled.jpg"},{"@type":"BreadcrumbList","@id":"https:\/\/dev.tg4.ie\/en\/information\/press\/press-releases\/2021-2\/two-awards-for-tg4-at-prix-circom-2021\/#breadcrumb","itemListElement":[{"@type":"ListItem","position":1,"name":"Home","item":"https:\/\/dev.tg4.ie\/en\/"},{"@type":"ListItem","position":2,"name":"Information","item":"https:\/\/dev.tg4.ie\/en\/information\/"},{"@type":"ListItem","position":3,"name":"Press","item":"https:\/\/dev.tg4.ie\/en\/information\/press\/"},{"@type":"ListItem","position":4,"name":"Press Releases","item":"https:\/\/dev.tg4.ie\/en\/information\/press\/press-releases\/"},{"@type":"ListItem","position":5,"name":"2021","item":"https:\/\/dev.tg4.ie\/en\/information\/press\/press-releases\/2021-2\/"},{"@type":"ListItem","position":6,"name":"Two awards for TG4 at PRIX CIRCOM 2021, the awards for Europe&#8217;s regional public service broadcasters"}]},{"@type":"WebSite","@id":"https:\/\/dev.tg4.ie\/en\/#website","url":"https:\/\/dev.tg4.ie\/en\/","name":"TG4","description":"S\u00fail Eile","potentialAction":[{"@type":"SearchAction","target":{"@type":"EntryPoint","urlTemplate":"https:\/\/dev.tg4.ie\/en\/?s={search_term_string}"},"query-input":"required name=search_term_string"}],"inLanguage":"en-ie"}]}},"_links":{"self":[{"href":"https:\/\/dev.tg4.ie\/en\/wp-json\/wp\/v2\/pages\/118825"}],"collection":[{"href":"https:\/\/dev.tg4.ie\/en\/wp-json\/wp\/v2\/pages"}],"about":[{"href":"https:\/\/dev.tg4.ie\/en\/wp-json\/wp\/v2\/types\/page"}],"author":[{"embeddable":true,"href":"https:\/\/dev.tg4.ie\/en\/wp-json\/wp\/v2\/users\/876"}],"replies":[{"embeddable":true,"href":"https:\/\/dev.tg4.ie\/en\/wp-json\/wp\/v2\/comments?post=118825"}],"version-history":[{"count":0,"href":"https:\/\/dev.tg4.ie\/en\/wp-json\/wp\/v2\/pages\/118825\/revisions"}],"up":[{"embeddable":true,"href":"https:\/\/dev.tg4.ie\/en\/wp-json\/wp\/v2\/pages\/115587"}],"wp:attachment":[{"href":"https:\/\/dev.tg4.ie\/en\/wp-json\/wp\/v2\/media?parent=118825"}],"curies":[{"name":"wp","href":"https:\/\/api.w.org\/{rel}","templated":true}]}}