{"id":119010,"date":"2021-05-05T12:56:56","date_gmt":"2021-05-05T11:56:56","guid":{"rendered":"https:\/\/dev.tg4.ie\/?page_id=119010"},"modified":"2021-05-05T12:56:56","modified_gmt":"2021-05-05T11:56:56","slug":"2018-2","status":"publish","type":"page","link":"https:\/\/dev.tg4.ie\/en\/information\/awards\/2018-2\/","title":{"rendered":"2018"},"content":{"rendered":"<h1>2018<\/h1>\n<table>\n<tbody>\n<tr>\n<td><strong>Programme \/ Person<\/strong><\/td>\n<td><strong>Award<\/strong><\/td>\n<td><strong>Awarding Body<\/strong><\/td>\n<\/tr>\n<tr>\n<td>Poc na nGael<\/td>\n<td>Gradam Mac Con M\u00ed (McNamee Awards)<\/td>\n<td>Cumann L\u00fathchleas Gael \/ GAA<\/td>\n<\/tr>\n<tr>\n<td>TG4 Tour de France coverage<\/td>\n<td>Shortlisted for \u201cBest Sport &#038; Activity Feature\u201d<\/td>\n<td>French Travel Media Awards<\/td>\n<\/tr>\n<tr>\n<td>An B\u00e9al Bocht<\/td>\n<td>Animation<\/td>\n<td>Celtic Media Festival<\/td>\n<\/tr>\n<tr>\n<td>Rocky Ros Muc<\/td>\n<td>Sport<\/td>\n<td>Celtic Media Festival<\/td>\n<\/tr>\n<tr>\n<td>Murdair Mh\u00e1m Trasna<\/td>\n<td>History Series<\/td>\n<td>Celtic Media Festival<\/td>\n<\/tr>\n<tr>\n<td>Song of Granite<\/td>\n<td>Arts<\/td>\n<td>Celtic Media Festival<\/td>\n<\/tr>\n<tr>\n<td>Camino Voyage<\/td>\n<td>Documentary 2018<\/td>\n<td>Irish Screen America Film Festival in NYC<\/td>\n<\/tr>\n<tr>\n<td>Camino Voyage<\/td>\n<td>Audience Award<\/td>\n<td>Dingle International Film Festival<\/td>\n<\/tr>\n<tr>\n<td>Camino Voyage<\/td>\n<td>Audience Award<\/td>\n<td>Luxembourg British &#038; Irish Film Season<\/td>\n<\/tr>\n<tr>\n<td>TG4XX BEO (Gifted Empire\/TG4)<\/td>\n<td>Live Event<\/td>\n<td>IFTA<\/td>\n<\/tr>\n<tr>\n<td>Hector Central (Good Company Productions)<\/td>\n<td>Nomination &#8211; Factual<\/td>\n<td>IFTA<\/td>\n<\/tr>\n<tr>\n<td>\u00c9ire Fhi\u00e1in- An C\u00f3sta Thiar (Crossing the Line Productions)<\/td>\n<td>Nomination &#8211; Documentary Series<\/td>\n<td>IFTA<\/td>\n<\/tr>\n<tr>\n<td>Ros na R\u00fan (EO Teilif\u00eds &#038; Tyrone)<\/td>\n<td>Nomination &#8211; Soap Drama<\/td>\n<td>IFTA<\/td>\n<\/tr>\n<tr>\n<td>Is Eola\u00ed M\u00e9 (Meangadh F\u00edb\u00edn)<\/td>\n<td>Nomination &#8211; Young People<\/td>\n<td>IFTA<\/td>\n<\/tr>\n<tr>\n<td>Lurgan 2K17 (Iris Productions)<\/td>\n<td>Nomination &#8211; Young People<\/td>\n<td>IFTA<\/td>\n<\/tr>\n<tr>\n<td>Fir Bolg (Dearg Films)<\/td>\n<td>Nomination \u2013 Irish Language<\/td>\n<td>IFTA<\/td>\n<\/tr>\n<tr>\n<td>Frank O\u2019Connor- Idir Dh\u00e1 Shruth (AnimoTV)<\/td>\n<td>Nomination \u2013 Irish Language<\/td>\n<td>IFTA<\/td>\n<\/tr>\n<tr>\n<td>Rocky Ros Muc (Below the Radar)<\/td>\n<td>Nomination \u2013 Irish Language<\/td>\n<td>IFTA<\/td>\n<\/tr>\n<tr>\n<td>Ros na R\u00fan (EO Teilif\u00eds &#038; Tyrone Productions)<\/td>\n<td>Nomination \u2013 Irish Language<\/td>\n<td>IFTA<\/td>\n<\/tr>\n<tr>\n<td>Se\u00e1n McGinley, Fir Bolg (Dearg Films)<\/td>\n<td>Nomination \u2013 Male Performance<\/td>\n<td>IFTA<\/td>\n<\/tr>\n<tr>\n<td>Domenico Pontillo, Wild Ireland &#8211; the Edge of the World<\/td>\n<td>Nomination \u2013 Camera<\/td>\n<td>IFTA<\/td>\n<\/tr>\n<tr>\n<td>Camino an tS\u00e1ile<\/td>\n<td>Buaiteoir &#8211; Sraith Teilif\u00edse na Bliana<\/td>\n<td>Gradaim Chumars\u00e1ide an Oireachtais<\/td>\n<\/tr>\n<tr>\n<td>Song of Granite<\/td>\n<td>Buaiteoir &#8211; Scann\u00e1n\/Cl\u00e1r Teilif\u00edse na Bliana<\/td>\n<td>Gradaim Chumars\u00e1ide an Oireachtais<\/td>\n<\/tr>\n<tr>\n<td>Beidh M\u00e9 Ar Ais<\/td>\n<td>Ainmni\u00fach\u00e1n &#8211; Sraith Teilif\u00edse na Bliana<\/td>\n<td>Gradaim Chumars\u00e1ide an Oireachtais<\/td>\n<\/tr>\n<tr>\n<td>C\u00fal St\u00e1itse<\/td>\n<td>Ainmni\u00fach\u00e1n &#8211; Sraith Teilif\u00edse na Bliana<\/td>\n<td>Gradaim Chumars\u00e1ide an Oireachtais<\/td>\n<\/tr>\n<tr>\n<td>Grace Harte (Wildfire Films)<\/td>\n<td>Ainmni\u00fach\u00e1n &#8211; Sraith Teilif\u00edse na Bliana<\/td>\n<td>Gradaim Chumars\u00e1ide an Oireachtais<\/td>\n<\/tr>\n<tr>\n<td>Murdair Mh\u00e1m Trasna (Rosg)<\/td>\n<td>Ainmni\u00fach\u00e1n &#8211; Cl\u00e1r Teilif\u00edse na Bliana<\/td>\n<td>Gradaim Chumars\u00e1ide an Oireachtais<\/td>\n<\/tr>\n<tr>\n<td>Rocky Ros Muc (Below the Radar)<\/td>\n<td>Ainmni\u00fach\u00e1n &#8211; Cl\u00e1r Teilif\u00edse na Bliana<\/td>\n<td>Gradaim Chumars\u00e1ide an Oireachtais<\/td>\n<\/tr>\n<tr>\n<td>Anseo i L\u00e1r an Ghleanna<\/td>\n<td>Ainmni\u00fach\u00e1n &#8211; Cl\u00e1r Teilif\u00edse na Bliana<\/td>\n<td>Gradaim Chumars\u00e1ide an Oireachtais<\/td>\n<\/tr>\n<tr>\n<td>Se\u00e1n Mac an tS\u00edthigh<\/td>\n<td>Ainmni\u00fach\u00e1n &#8211; Iriseoir na Bliana<\/td>\n<td>Gradaim Chumars\u00e1ide an Oireachtais<\/td>\n<\/tr>\n<tr>\n<td>Caitl\u00edn Nic Aoidh (TG4)<\/td>\n<td>Pearsa Teilif\u00edse na Bliana Buaiteoir<\/td>\n<td>Gradaim Chumars\u00e1ide an Oireachtais<\/td>\n<\/tr>\n<tr>\n<td>Anna Marie Nic Dhonnchadha (Ros na R\u00fan)<\/td>\n<td>Ainmni\u00fach\u00e1n &#8211; Pearsa Teilif\u00edse na Bliana<\/td>\n<td>Gradaim Chumars\u00e1ide an Oireachtais<\/td>\n<\/tr>\n<tr>\n<td>Brian Tyers (TG4)<\/td>\n<td>Ainmni\u00fach\u00e1n &#8211; Pearsa Teilif\u00edse na Bliana<\/td>\n<td>Gradaim Chumars\u00e1ide an Oireachtais<\/td>\n<\/tr>\n<tr>\n<td>Miche\u00e1l \u00d3 Ciaraidh<\/td>\n<td>Ainmni\u00fach\u00e1n &#8211; Pearsa Teilif\u00edse na Bliana<\/td>\n<td>Gradaim Chumars\u00e1ide an Oireachtais<\/td>\n<\/tr>\n<tr>\n<td>P\u00e1dhraic \u00d3 Ciardha<\/td>\n<td>Buaicghradam Cumars\u00e1ide na Bliana<\/td>\n<td>Gradaim Chumars\u00e1ide an Oireachtais<\/td>\n<\/tr>\n<tr>\n<td>#MurdairMh\u00e1mTrasna<\/td>\n<td>Ainmni\u00fach\u00e1n &#8211; Feachtas Me\u00e1n S\u00f3isialta na Bliana<\/td>\n<td>Gradaim Chumars\u00e1ide an Oireachtais<\/td>\n<\/tr>\n<tr>\n<td>#anl\u00e1seo &#8211; Molsc\u00e9al<\/td>\n<td>Ainmni\u00fach\u00e1n &#8211; Feachtas Me\u00e1n S\u00f3isialta na Bliana<\/td>\n<td>Gradaim Chumars\u00e1ide an Oireachtais<\/td>\n<\/tr>\n<tr>\n<td>Bloc TG4<\/td>\n<td>Use of Social Media<\/td>\n<td>Sockies<\/td>\n<\/tr>\n<tr>\n<td>Grace Harte<\/td>\n<td>Award for Best Drama<\/td>\n<td>Circom<\/td>\n<\/tr>\n<tr>\n<td>Biafra &#8211; Misean Dearmadta<\/td>\n<td>Highly Commended<\/td>\n<td>Radharc Awards<\/td>\n<\/tr>\n<tr>\n<td>XL (do Ros na R\u00fan)<\/td>\n<td>Gradam Best Low Budget Sponsorship Award<\/td>\n<td> <\/td>\n<\/tr>\n<\/tbody>\n<\/table>\n","protected":false},"excerpt":{"rendered":"<p>2018 Programme \/ Person Award Awarding Body Poc na nGael Gradam Mac Con M\u00ed (McNamee Awards) Cumann L\u00fathchleas Gael \/ GAA TG4 Tour de France coverage Shortlisted for \u201cBest Sport &#038; Activity Feature\u201d French Travel Media Awards An B\u00e9al Bocht Animation Celtic Media Festival Rocky Ros Muc Sport Celtic Media Festival Murdair Mh\u00e1m Trasna History [&hellip;]<\/p>\n","protected":false},"author":876,"featured_media":0,"parent":1217,"menu_order":20,"comment_status":"closed","ping_status":"closed","template":"page-templates\/template-corporate.php","meta":{"_acf_changed":false,"footnotes":""},"acf":[],"yoast_head":"<!-- This site is optimized with the Yoast SEO plugin v22.6 - https:\/\/yoast.com\/wordpress\/plugins\/seo\/ -->\n<title>2018 - TG4<\/title>\n<meta name=\"robots\" content=\"index, follow, max-snippet:-1, max-image-preview:large, max-video-preview:-1\" \/>\n<meta property=\"og:locale\" content=\"en_US\" \/>\n<meta property=\"og:type\" content=\"article\" \/>\n<meta property=\"og:title\" content=\"2018 - TG4\" \/>\n<meta property=\"og:description\" content=\"2018 Programme \/ Person Award Awarding Body Poc na nGael Gradam Mac Con M\u00ed (McNamee Awards) Cumann L\u00fathchleas Gael \/ GAA TG4 Tour de France coverage Shortlisted for \u201cBest Sport &#038; Activity Feature\u201d French Travel Media Awards An B\u00e9al Bocht Animation Celtic Media Festival Rocky Ros Muc Sport Celtic Media Festival Murdair Mh\u00e1m Trasna History [&hellip;]\" \/>\n<meta property=\"og:url\" content=\"https:\/\/dev.tg4.ie\/en\/information\/awards\/2018-2\/\" \/>\n<meta property=\"og:site_name\" content=\"TG4\" \/>\n<meta property=\"article:publisher\" content=\"https:\/\/www.facebook.com\/TG4TV\" \/>\n<meta property=\"og:image\" content=\"https:\/\/tg4-docs.s3.amazonaws.com\/wp-content\/uploads\/2024\/11\/18151812\/TG4_2024_corcra_teal_1-1920x1080-1.jpg\" \/>\n\t<meta property=\"og:image:width\" content=\"1920\" \/>\n\t<meta property=\"og:image:height\" content=\"1080\" \/>\n\t<meta property=\"og:image:type\" content=\"image\/jpeg\" \/>\n<meta name=\"twitter:card\" content=\"summary_large_image\" \/>\n<meta name=\"twitter:site\" content=\"@TG4TV\" \/>\n<meta name=\"twitter:label1\" content=\"Est. reading time\" \/>\n\t<meta name=\"twitter:data1\" content=\"3 minutes\" \/>\n<script type=\"application\/ld+json\" class=\"yoast-schema-graph\">{\"@context\":\"https:\/\/schema.org\",\"@graph\":[{\"@type\":\"WebPage\",\"@id\":\"https:\/\/dev.tg4.ie\/en\/information\/awards\/2018-2\/\",\"url\":\"https:\/\/dev.tg4.ie\/en\/information\/awards\/2018-2\/\",\"name\":\"2018 - TG4\",\"isPartOf\":{\"@id\":\"https:\/\/dev.tg4.ie\/en\/#website\"},\"datePublished\":\"2021-05-05T11:56:56+00:00\",\"dateModified\":\"2021-05-05T11:56:56+00:00\",\"breadcrumb\":{\"@id\":\"https:\/\/dev.tg4.ie\/en\/information\/awards\/2018-2\/#breadcrumb\"},\"inLanguage\":\"en-ie\",\"potentialAction\":[{\"@type\":\"ReadAction\",\"target\":[\"https:\/\/dev.tg4.ie\/en\/information\/awards\/2018-2\/\"]}]},{\"@type\":\"BreadcrumbList\",\"@id\":\"https:\/\/dev.tg4.ie\/en\/information\/awards\/2018-2\/#breadcrumb\",\"itemListElement\":[{\"@type\":\"ListItem\",\"position\":1,\"name\":\"Home\",\"item\":\"https:\/\/dev.tg4.ie\/en\/\"},{\"@type\":\"ListItem\",\"position\":2,\"name\":\"Information\",\"item\":\"https:\/\/dev.tg4.ie\/en\/information\/\"},{\"@type\":\"ListItem\",\"position\":3,\"name\":\"Awards\",\"item\":\"https:\/\/dev.tg4.ie\/en\/information\/awards\/\"},{\"@type\":\"ListItem\",\"position\":4,\"name\":\"2018\"}]},{\"@type\":\"WebSite\",\"@id\":\"https:\/\/dev.tg4.ie\/en\/#website\",\"url\":\"https:\/\/dev.tg4.ie\/en\/\",\"name\":\"TG4\",\"description\":\"S\u00fail Eile\",\"potentialAction\":[{\"@type\":\"SearchAction\",\"target\":{\"@type\":\"EntryPoint\",\"urlTemplate\":\"https:\/\/dev.tg4.ie\/en\/?s={search_term_string}\"},\"query-input\":\"required name=search_term_string\"}],\"inLanguage\":\"en-ie\"}]}<\/script>\n<!-- \/ Yoast SEO plugin. -->","yoast_head_json":{"title":"2018 - TG4","robots":{"index":"index","follow":"follow","max-snippet":"max-snippet:-1","max-image-preview":"max-image-preview:large","max-video-preview":"max-video-preview:-1"},"og_locale":"en_US","og_type":"article","og_title":"2018 - TG4","og_description":"2018 Programme \/ Person Award Awarding Body Poc na nGael Gradam Mac Con M\u00ed (McNamee Awards) Cumann L\u00fathchleas Gael \/ GAA TG4 Tour de France coverage Shortlisted for \u201cBest Sport &#038; Activity Feature\u201d French Travel Media Awards An B\u00e9al Bocht Animation Celtic Media Festival Rocky Ros Muc Sport Celtic Media Festival Murdair Mh\u00e1m Trasna History [&hellip;]","og_url":"https:\/\/dev.tg4.ie\/en\/information\/awards\/2018-2\/","og_site_name":"TG4","article_publisher":"https:\/\/www.facebook.com\/TG4TV","og_image":[{"width":1920,"height":1080,"url":"https:\/\/tg4-docs.s3.amazonaws.com\/wp-content\/uploads\/2024\/11\/18151812\/TG4_2024_corcra_teal_1-1920x1080-1.jpg","type":"image\/jpeg"}],"twitter_card":"summary_large_image","twitter_site":"@TG4TV","twitter_misc":{"Est. reading time":"3 minutes"},"schema":{"@context":"https:\/\/schema.org","@graph":[{"@type":"WebPage","@id":"https:\/\/dev.tg4.ie\/en\/information\/awards\/2018-2\/","url":"https:\/\/dev.tg4.ie\/en\/information\/awards\/2018-2\/","name":"2018 - TG4","isPartOf":{"@id":"https:\/\/dev.tg4.ie\/en\/#website"},"datePublished":"2021-05-05T11:56:56+00:00","dateModified":"2021-05-05T11:56:56+00:00","breadcrumb":{"@id":"https:\/\/dev.tg4.ie\/en\/information\/awards\/2018-2\/#breadcrumb"},"inLanguage":"en-ie","potentialAction":[{"@type":"ReadAction","target":["https:\/\/dev.tg4.ie\/en\/information\/awards\/2018-2\/"]}]},{"@type":"BreadcrumbList","@id":"https:\/\/dev.tg4.ie\/en\/information\/awards\/2018-2\/#breadcrumb","itemListElement":[{"@type":"ListItem","position":1,"name":"Home","item":"https:\/\/dev.tg4.ie\/en\/"},{"@type":"ListItem","position":2,"name":"Information","item":"https:\/\/dev.tg4.ie\/en\/information\/"},{"@type":"ListItem","position":3,"name":"Awards","item":"https:\/\/dev.tg4.ie\/en\/information\/awards\/"},{"@type":"ListItem","position":4,"name":"2018"}]},{"@type":"WebSite","@id":"https:\/\/dev.tg4.ie\/en\/#website","url":"https:\/\/dev.tg4.ie\/en\/","name":"TG4","description":"S\u00fail Eile","potentialAction":[{"@type":"SearchAction","target":{"@type":"EntryPoint","urlTemplate":"https:\/\/dev.tg4.ie\/en\/?s={search_term_string}"},"query-input":"required name=search_term_string"}],"inLanguage":"en-ie"}]}},"_links":{"self":[{"href":"https:\/\/dev.tg4.ie\/en\/wp-json\/wp\/v2\/pages\/119010"}],"collection":[{"href":"https:\/\/dev.tg4.ie\/en\/wp-json\/wp\/v2\/pages"}],"about":[{"href":"https:\/\/dev.tg4.ie\/en\/wp-json\/wp\/v2\/types\/page"}],"author":[{"embeddable":true,"href":"https:\/\/dev.tg4.ie\/en\/wp-json\/wp\/v2\/users\/876"}],"replies":[{"embeddable":true,"href":"https:\/\/dev.tg4.ie\/en\/wp-json\/wp\/v2\/comments?post=119010"}],"version-history":[{"count":0,"href":"https:\/\/dev.tg4.ie\/en\/wp-json\/wp\/v2\/pages\/119010\/revisions"}],"up":[{"embeddable":true,"href":"https:\/\/dev.tg4.ie\/en\/wp-json\/wp\/v2\/pages\/1217"}],"wp:attachment":[{"href":"https:\/\/dev.tg4.ie\/en\/wp-json\/wp\/v2\/media?parent=119010"}],"curies":[{"name":"wp","href":"https:\/\/api.w.org\/{rel}","templated":true}]}}