{"id":119020,"date":"2021-05-05T13:08:37","date_gmt":"2021-05-05T12:08:37","guid":{"rendered":"https:\/\/dev.tg4.ie\/?page_id=119020"},"modified":"2022-01-17T15:22:01","modified_gmt":"2022-01-17T15:22:01","slug":"2021-2","status":"publish","type":"page","link":"https:\/\/dev.tg4.ie\/en\/information\/awards\/2021-2\/","title":{"rendered":"2021"},"content":{"rendered":"<h1>2021<\/h1>\n<table>\n<tbody>\n<tr>\n<td><strong>Programme \/ Person<\/strong><\/td>\n<td><strong>Award<\/strong><\/td>\n<td><strong>Awarding Body<\/strong><\/td>\n<\/tr>\n<tr>\n<td>Is Olc an Ghaoth<\/td>\n<td>Nomination<\/td>\n<td>RTS Ireland Television Awards<\/td>\n<\/tr>\n<tr>\n<td>Toraigh: Creag Bheag i L\u00e1r na Farraige<\/td>\n<td>Nomination<\/td>\n<td>RTS Ireland Television Awards<\/td>\n<\/tr>\n<tr>\n<td>Laochra Gael &#8211; Kieran Donaghy<\/td>\n<td>Nomination<\/td>\n<td>RTS Ireland Television Awards<\/td>\n<\/tr>\n<tr>\n<td>Cogadh ar Mhn\u00e1<\/td>\n<td>Nomination<\/td>\n<td>RTS Ireland Television Awards<\/td>\n<\/tr>\n<tr>\n<td>Sol<\/td>\n<td>Nomination<\/td>\n<td>RTS Ireland Television Awards<\/td>\n<\/tr>\n<tr>\n<td>Samhl\u00fa 2020 (Meangadh F\u00edb\u00edn)<\/td>\n<td>Winner &#8211; Most Original And Innovative Award<\/td>\n<td>PRIX CIRCOM 2021<\/td>\n<\/tr>\n<tr>\n<td>Is Olc an Ghaoth<\/td>\n<td>Entertainment and Drama Category<\/td>\n<td>PRIX CIRCOM 2021<\/td>\n<\/tr>\n<tr>\n<td>Samhl\u00fa 2020 (Meangadh F\u00edb\u00edn)<\/td>\n<td>Special Award of the Grand Prix<\/td>\n<td>PRIX CIRCOM 2021<\/td>\n<\/tr>\n<tr>\n<td>TG4 Rebrand<\/td>\n<td>\u2018Gold\u2019 Award<\/td>\n<td>Promax Europe Awards<\/td>\n<\/tr>\n<tr>\n<td>Liam O&#8217;Flynn \u2013 P\u00edobaire (Doubleband Films)<\/td>\n<td>Nomination \u2013 Arts Feature Documentary<\/td>\n<td>Celtic Media Festival<\/td>\n<\/tr>\n<tr>\n<td>Is Eola\u00ed M\u00e9 (F\u00edb\u00edn)<\/td>\n<td>Nomination \u2013 Children\u2019s Programmes<\/td>\n<td>Celtic Media Festival<\/td>\n<\/tr>\n<tr>\n<td>Sl\u00ed na mBeaglaoich (Tyrone Productions)<\/td>\n<td>Nomination &#8211; Factual Entertainment<\/td>\n<td>Celtic Media Festival<\/td>\n<\/tr>\n<tr>\n<td>An Bhoirinn (Phoenix Films)<\/td>\n<td>Nomination \u2013 Factual Series<\/td>\n<td>Celtic Media Festival<\/td>\n<\/tr>\n<tr>\n<td>Treibh na nD\u00e9ithe (Lugh Films)<\/td>\n<td>Nomination &#8211; Feature Documentary<\/td>\n<td>Celtic Media Festival<\/td>\n<\/tr>\n<tr>\n<td>Treibh na nD\u00e9ithe (Lugh Films)<\/td>\n<td>Nomination &#8211; Spirit of the Festival<\/td>\n<td>Celtic Media Festival<\/td>\n<\/tr>\n<tr>\n<td>Cogadh ar Mhn\u00e1 (Forefront Productions)<\/td>\n<td>Nomination &#8211; History<\/td>\n<td>Celtic Media Festival<\/td>\n<\/tr>\n<tr>\n<td>Le Ceangal (Tua Films for TG4\u2019s under 35\u2019s online platform BLOC)<\/td>\n<td>Nomination \u2013 Short Form<\/td>\n<td>Celtic Media Festival<\/td>\n<\/tr>\n<tr>\n<td>Ciara N\u00ed \u00c9 &#8211; Saol Tr\u00ed Ghaeilge (Aniar TV)<\/td>\n<td>Nomination \u2013 Single Documentary<\/td>\n<td>Celtic Media Festival<\/td>\n<\/tr>\n<tr>\n<td>Kieran Donaghy &#8211; Laochra Gael (Nemeton Teo)<\/td>\n<td>Nomination \u2013 Sports Documentary<\/td>\n<td>Celtic Media Festival<\/td>\n<\/tr>\n<tr>\n<td>Treibh na nD\u00e9ithe (Lugh Films)<\/td>\n<td>Awarded &#8211; Spirit of the Festival Torc<\/td>\n<td>Celtic Media Festival<\/td>\n<\/tr>\n<tr>\n<td>Le Ceangal (Tua Films for TG4\u2019s under 35\u2019s online platform BLOC)<\/td>\n<td>Winner \u2013 Short Form<\/td>\n<td>Celtic Media Festival<\/td>\n<\/tr>\n<tr>\n<td>Foscadh (Magamedia Teo)<\/td>\n<td>Best International Feature Film category<\/td>\n<td>Nomination &#8211; by IFTA as Ireland\u2019s entry for the Oscars\u2019<\/td>\n<\/tr>\n<tr>\n<td>TG4 Rebrand<\/td>\n<td>Bronze<\/td>\n<td>Shark Design Awards<\/td>\n<\/tr>\n<tr>\n<td>Peadar Mac Gaoith\u00edn (Nuacht TG4)<\/td>\n<td>Winner &#8211; Journalist of the Year<\/td>\n<td>Gradaim Chumars\u00e1ide an Oireachtais<\/td>\n<\/tr>\n<tr>\n<td>Irene N\u00ed Nuall\u00e1in (Nuacht TG4)<\/td>\n<td>Nomination &#8211; Journalist of the Year<\/td>\n<td>Gradaim Chumars\u00e1ide an Oireachtais<\/td>\n<\/tr>\n<tr>\n<td>Shane \u00d3 Curraigh\u00edn (7L\u00e1 &#038; Nuacht TG4)<\/td>\n<td>Nomination &#8211; Journalist of the Year<\/td>\n<td>Gradaim Chumars\u00e1ide an Oireachtais<\/td>\n<\/tr>\n<tr>\n<td>Eimear N\u00ed Chonaola (Nuacht TG4)<\/td>\n<td>Nomination &#8211;  TV Personality of the Year<\/td>\n<td>Gradaim Chumars\u00e1ide an Oireachtais<\/td>\n<\/tr>\n<tr>\n<td>Samhl\u00fa (Meangadh F\u00edb\u00edn)<\/td>\n<td>Winner &#8211; TV Show of the Year<\/td>\n<td>Gradaim Chumars\u00e1ide an Oireachtais<\/td>\n<\/tr>\n<tr>\n<td>Rian na gCos (Imagine Media)<\/td>\n<td>Nomination &#8211; TV Show of the Year<\/td>\n<td>Gradaim Chumars\u00e1ide an Oireachtais<\/td>\n<\/tr>\n<tr>\n<td>Uimhir 6 (New Departures Media)<\/td>\n<td>Nomination &#8211; TV Show of the Year<\/td>\n<td>Gradaim Chumars\u00e1ide an Oireachtais<\/td>\n<\/tr>\n<tr>\n<td>Martin McGuinness (Ligid)<\/td>\n<td>Nomination &#8211; TV Show of the Year<\/td>\n<td>Gradaim Chumars\u00e1ide an Oireachtais<\/td>\n<\/tr>\n<tr>\n<td>Plean Bee (Dearc\u00e1n Media)<\/td>\n<td>Nomination &#8211; TV Show of the Year<\/td>\n<td>Gradaim Chumars\u00e1ide an Oireachtais<\/td>\n<\/tr>\n<tr>\n<td>Bailte (Aniar TV)<\/td>\n<td>Winner &#8211; TV Series of the Year<\/td>\n<td>Gradaim Chumars\u00e1ide an Oireachtais<\/td>\n<\/tr>\n<tr>\n<td>Turas Clainne (Aniar TV)<\/td>\n<td>Nomination &#8211; TV Series of the Year<\/td>\n<td>Gradaim Chumars\u00e1ide an Oireachtais<\/td>\n<\/tr>\n<tr>\n<td>Donncha  \u00d3 Murch\u00fa (TG4)<\/td>\n<td>Winner &#8211; Young Star of the Year<\/td>\n<td>Gradaim Chumars\u00e1ide an Oireachtais<\/td>\n<\/tr>\n<tr>\n<td>TG4<\/td>\n<td>Special Award \u2013 25 Year Recognition<\/td>\n<td>Gradaim Chumars\u00e1ide an Oireachtais<\/td>\n<\/tr>\n<tr>\n<td>BLOC<\/td>\n<td>Silver &#8211; Best Use of Tik Tok<\/td>\n<td>Sockies (Social Media Awards)<\/td>\n<\/tr>\n<tr>\n<td>BLOC<\/td>\n<td>Best Use of Tik Tok \/ Instagram for a State Body<\/td>\n<td>Sockies (Social Media Awards)<\/td>\n<\/tr>\n<tr>\n<td>Sp\u00f3rt TG4<\/td>\n<td>Bronze &#8211; Best Use of Instagram Reels<\/td>\n<td>Sockies (Social Media Awards)<\/td>\n<\/tr>\n<tr>\n<td>TG4<\/td>\n<td>Special Award &#8211; Best Social Media Team Craic<\/td>\n<td>Sockies (Social Media Awards)<\/td>\n<\/tr>\n<\/tbody>\n<\/table>\n","protected":false},"excerpt":{"rendered":"<p>2021 Programme \/ Person Award Awarding Body Is Olc an Ghaoth Nomination RTS Ireland Television Awards Toraigh: Creag Bheag i L\u00e1r na Farraige Nomination RTS Ireland Television Awards Laochra Gael &#8211; Kieran Donaghy Nomination RTS Ireland Television Awards Cogadh ar Mhn\u00e1 Nomination RTS Ireland Television Awards Sol Nomination RTS Ireland Television Awards Samhl\u00fa 2020 (Meangadh [&hellip;]<\/p>\n","protected":false},"author":876,"featured_media":0,"parent":1217,"menu_order":23,"comment_status":"closed","ping_status":"closed","template":"page-templates\/template-corporate.php","meta":{"_acf_changed":false,"footnotes":""},"acf":[],"yoast_head":"<!-- This site is optimized with the Yoast SEO plugin v22.6 - https:\/\/yoast.com\/wordpress\/plugins\/seo\/ -->\n<title>2021 - TG4<\/title>\n<meta name=\"robots\" content=\"index, follow, max-snippet:-1, max-image-preview:large, max-video-preview:-1\" \/>\n<meta property=\"og:locale\" content=\"en_US\" \/>\n<meta property=\"og:type\" content=\"article\" \/>\n<meta property=\"og:title\" content=\"2021 - TG4\" \/>\n<meta property=\"og:description\" content=\"2021 Programme \/ Person Award Awarding Body Is Olc an Ghaoth Nomination RTS Ireland Television Awards Toraigh: Creag Bheag i L\u00e1r na Farraige Nomination RTS Ireland Television Awards Laochra Gael &#8211; Kieran Donaghy Nomination RTS Ireland Television Awards Cogadh ar Mhn\u00e1 Nomination RTS Ireland Television Awards Sol Nomination RTS Ireland Television Awards Samhl\u00fa 2020 (Meangadh [&hellip;]\" \/>\n<meta property=\"og:url\" content=\"https:\/\/dev.tg4.ie\/en\/information\/awards\/2021-2\/\" \/>\n<meta property=\"og:site_name\" content=\"TG4\" \/>\n<meta property=\"article:publisher\" content=\"https:\/\/www.facebook.com\/TG4TV\" \/>\n<meta property=\"article:modified_time\" content=\"2022-01-17T15:22:01+00:00\" \/>\n<meta property=\"og:image\" content=\"https:\/\/tg4-docs.s3.amazonaws.com\/wp-content\/uploads\/2024\/11\/18151812\/TG4_2024_corcra_teal_1-1920x1080-1.jpg\" \/>\n\t<meta property=\"og:image:width\" content=\"1920\" \/>\n\t<meta property=\"og:image:height\" content=\"1080\" \/>\n\t<meta property=\"og:image:type\" content=\"image\/jpeg\" \/>\n<meta name=\"twitter:card\" content=\"summary_large_image\" \/>\n<meta name=\"twitter:site\" content=\"@TG4TV\" \/>\n<meta name=\"twitter:label1\" content=\"Est. reading time\" \/>\n\t<meta name=\"twitter:data1\" content=\"3 minutes\" \/>\n<script type=\"application\/ld+json\" class=\"yoast-schema-graph\">{\"@context\":\"https:\/\/schema.org\",\"@graph\":[{\"@type\":\"WebPage\",\"@id\":\"https:\/\/dev.tg4.ie\/en\/information\/awards\/2021-2\/\",\"url\":\"https:\/\/dev.tg4.ie\/en\/information\/awards\/2021-2\/\",\"name\":\"2021 - TG4\",\"isPartOf\":{\"@id\":\"https:\/\/dev.tg4.ie\/en\/#website\"},\"datePublished\":\"2021-05-05T12:08:37+00:00\",\"dateModified\":\"2022-01-17T15:22:01+00:00\",\"breadcrumb\":{\"@id\":\"https:\/\/dev.tg4.ie\/en\/information\/awards\/2021-2\/#breadcrumb\"},\"inLanguage\":\"en-ie\",\"potentialAction\":[{\"@type\":\"ReadAction\",\"target\":[\"https:\/\/dev.tg4.ie\/en\/information\/awards\/2021-2\/\"]}]},{\"@type\":\"BreadcrumbList\",\"@id\":\"https:\/\/dev.tg4.ie\/en\/information\/awards\/2021-2\/#breadcrumb\",\"itemListElement\":[{\"@type\":\"ListItem\",\"position\":1,\"name\":\"Home\",\"item\":\"https:\/\/dev.tg4.ie\/en\/\"},{\"@type\":\"ListItem\",\"position\":2,\"name\":\"Information\",\"item\":\"https:\/\/dev.tg4.ie\/en\/information\/\"},{\"@type\":\"ListItem\",\"position\":3,\"name\":\"Awards\",\"item\":\"https:\/\/dev.tg4.ie\/en\/information\/awards\/\"},{\"@type\":\"ListItem\",\"position\":4,\"name\":\"2021\"}]},{\"@type\":\"WebSite\",\"@id\":\"https:\/\/dev.tg4.ie\/en\/#website\",\"url\":\"https:\/\/dev.tg4.ie\/en\/\",\"name\":\"TG4\",\"description\":\"S\u00fail Eile\",\"potentialAction\":[{\"@type\":\"SearchAction\",\"target\":{\"@type\":\"EntryPoint\",\"urlTemplate\":\"https:\/\/dev.tg4.ie\/en\/?s={search_term_string}\"},\"query-input\":\"required name=search_term_string\"}],\"inLanguage\":\"en-ie\"}]}<\/script>\n<!-- \/ Yoast SEO plugin. -->","yoast_head_json":{"title":"2021 - TG4","robots":{"index":"index","follow":"follow","max-snippet":"max-snippet:-1","max-image-preview":"max-image-preview:large","max-video-preview":"max-video-preview:-1"},"og_locale":"en_US","og_type":"article","og_title":"2021 - TG4","og_description":"2021 Programme \/ Person Award Awarding Body Is Olc an Ghaoth Nomination RTS Ireland Television Awards Toraigh: Creag Bheag i L\u00e1r na Farraige Nomination RTS Ireland Television Awards Laochra Gael &#8211; Kieran Donaghy Nomination RTS Ireland Television Awards Cogadh ar Mhn\u00e1 Nomination RTS Ireland Television Awards Sol Nomination RTS Ireland Television Awards Samhl\u00fa 2020 (Meangadh [&hellip;]","og_url":"https:\/\/dev.tg4.ie\/en\/information\/awards\/2021-2\/","og_site_name":"TG4","article_publisher":"https:\/\/www.facebook.com\/TG4TV","article_modified_time":"2022-01-17T15:22:01+00:00","og_image":[{"width":1920,"height":1080,"url":"https:\/\/tg4-docs.s3.amazonaws.com\/wp-content\/uploads\/2024\/11\/18151812\/TG4_2024_corcra_teal_1-1920x1080-1.jpg","type":"image\/jpeg"}],"twitter_card":"summary_large_image","twitter_site":"@TG4TV","twitter_misc":{"Est. reading time":"3 minutes"},"schema":{"@context":"https:\/\/schema.org","@graph":[{"@type":"WebPage","@id":"https:\/\/dev.tg4.ie\/en\/information\/awards\/2021-2\/","url":"https:\/\/dev.tg4.ie\/en\/information\/awards\/2021-2\/","name":"2021 - TG4","isPartOf":{"@id":"https:\/\/dev.tg4.ie\/en\/#website"},"datePublished":"2021-05-05T12:08:37+00:00","dateModified":"2022-01-17T15:22:01+00:00","breadcrumb":{"@id":"https:\/\/dev.tg4.ie\/en\/information\/awards\/2021-2\/#breadcrumb"},"inLanguage":"en-ie","potentialAction":[{"@type":"ReadAction","target":["https:\/\/dev.tg4.ie\/en\/information\/awards\/2021-2\/"]}]},{"@type":"BreadcrumbList","@id":"https:\/\/dev.tg4.ie\/en\/information\/awards\/2021-2\/#breadcrumb","itemListElement":[{"@type":"ListItem","position":1,"name":"Home","item":"https:\/\/dev.tg4.ie\/en\/"},{"@type":"ListItem","position":2,"name":"Information","item":"https:\/\/dev.tg4.ie\/en\/information\/"},{"@type":"ListItem","position":3,"name":"Awards","item":"https:\/\/dev.tg4.ie\/en\/information\/awards\/"},{"@type":"ListItem","position":4,"name":"2021"}]},{"@type":"WebSite","@id":"https:\/\/dev.tg4.ie\/en\/#website","url":"https:\/\/dev.tg4.ie\/en\/","name":"TG4","description":"S\u00fail Eile","potentialAction":[{"@type":"SearchAction","target":{"@type":"EntryPoint","urlTemplate":"https:\/\/dev.tg4.ie\/en\/?s={search_term_string}"},"query-input":"required name=search_term_string"}],"inLanguage":"en-ie"}]}},"_links":{"self":[{"href":"https:\/\/dev.tg4.ie\/en\/wp-json\/wp\/v2\/pages\/119020"}],"collection":[{"href":"https:\/\/dev.tg4.ie\/en\/wp-json\/wp\/v2\/pages"}],"about":[{"href":"https:\/\/dev.tg4.ie\/en\/wp-json\/wp\/v2\/types\/page"}],"author":[{"embeddable":true,"href":"https:\/\/dev.tg4.ie\/en\/wp-json\/wp\/v2\/users\/876"}],"replies":[{"embeddable":true,"href":"https:\/\/dev.tg4.ie\/en\/wp-json\/wp\/v2\/comments?post=119020"}],"version-history":[{"count":0,"href":"https:\/\/dev.tg4.ie\/en\/wp-json\/wp\/v2\/pages\/119020\/revisions"}],"up":[{"embeddable":true,"href":"https:\/\/dev.tg4.ie\/en\/wp-json\/wp\/v2\/pages\/1217"}],"wp:attachment":[{"href":"https:\/\/dev.tg4.ie\/en\/wp-json\/wp\/v2\/media?parent=119020"}],"curies":[{"name":"wp","href":"https:\/\/api.w.org\/{rel}","templated":true}]}}