{"id":119433,"date":"2021-05-12T12:50:54","date_gmt":"2021-05-12T11:50:54","guid":{"rendered":"https:\/\/dev.tg4.ie\/?page_id=119433"},"modified":"2021-05-12T12:50:54","modified_gmt":"2021-05-12T11:50:54","slug":"2019-2","status":"publish","type":"page","link":"https:\/\/dev.tg4.ie\/en\/information\/awards\/2019-2\/","title":{"rendered":"2019"},"content":{"rendered":"<h1>2019<\/h1>\n<table>\n<tbody>\n<tr>\n<td><strong>Programme \/ Person<\/strong><\/td>\n<td><strong>Award<\/strong><\/td>\n<td><strong>Awarding Body<\/strong><\/td>\n<\/tr>\n<tr>\n<td>Se\u00e1n Mac an tS\u00edthigh<\/td>\n<td>Gradam Mac Con M\u00ed (McNamee Awards)<\/td>\n<td>Cumann L\u00fathchleas Gael \/ GAA<\/td>\n<\/tr>\n<tr>\n<td>Finn\u00e9<\/td>\n<td>Human Rights \/ Social Justice Reporting<\/td>\n<td>Justice Media Awards<\/td>\n<\/tr>\n<tr>\n<td>Lomax in \u00c9irinn (Aisling Productions)<\/td>\n<td>Cl\u00e1r Teilif\u00edse na Bliana<\/td>\n<td>Gradaim Chumars\u00e1ide an Oireachtais<\/td>\n<\/tr>\n<tr>\n<td>Iomramh an Chamino (An\u00fa Pictures)<\/td>\n<td>Scann\u00e1n na Bliana<\/td>\n<td>Gradaim Chumars\u00e1ide an Oireachtais<\/td>\n<\/tr>\n<tr>\n<td>B\u00e1d\u00f3ir\u00ed (Aniar TV)<\/td>\n<td>Sraith Teilif\u00edse na Bliana<\/td>\n<td>Gradaim Chumars\u00e1ide an Oireachtais<\/td>\n<\/tr>\n<tr>\n<td>S\u00edle Nic Chonaonaigh<\/td>\n<td>Pearsa Teilif\u00edse na Bliana<\/td>\n<td>Gradaim Chumars\u00e1ide an Oireachtais<\/td>\n<\/tr>\n<tr>\n<td>Tom\u00e1s \u00d3 Mainn\u00edn<\/td>\n<td>Iriseoir na Bliana<\/td>\n<td>Gradaim Chumars\u00e1ide an Oireachtais<\/td>\n<\/tr>\n<tr>\n<td>S\u00e9amus \u00d3 Scanl\u00e1in, RT\u00c9 RnaG &#038; TG4<\/td>\n<td>R\u00e9alt \u00d3g na Bliana<\/td>\n<td>Gradaim Chumars\u00e1ide an Oireachtais<\/td>\n<\/tr>\n<tr>\n<td>Shane \u00d3 Curraigh\u00edn<\/td>\n<td>Ainmni\u00fach\u00e1n Iriseoir na Bliana<\/td>\n<td>Gradaim Chumars\u00e1ide an Oireachtais<\/td>\n<\/tr>\n<tr>\n<td>Tab\u00fa: Ag Teacht Sl\u00e1n (Midas Productions)<\/td>\n<td>Ainmni\u00fach\u00e1n Cl\u00e1r Teilif\u00edse na Bliana<\/td>\n<td>Gradaim Chumars\u00e1ide an Oireachtais<\/td>\n<\/tr>\n<tr>\n<td>An Balla, Iosrael agus Palaist\u00edn (Rondo, JTV, Rosg)<\/td>\n<td>Ainmni\u00fach\u00e1n Cl\u00e1r Teilif\u00edse na Bliana<\/td>\n<td>Gradaim Chumars\u00e1ide an Oireachtais<\/td>\n<\/tr>\n<tr>\n<td>Sc\u00e9al na Beatha (Below the Radar)<\/td>\n<td>Ainmni\u00fach\u00e1n Cl\u00e1r Teilif\u00edse na Bliana<\/td>\n<td>Gradaim Chumars\u00e1ide an Oireachtais<\/td>\n<\/tr>\n<tr>\n<td>Iomramh an Chamino (An\u00fa Pictures)<\/td>\n<td>Ainmni\u00fach\u00e1n Scann\u00e1n na Bliana<\/td>\n<td>Gradaim Chumars\u00e1ide an Oireachtais<\/td>\n<\/tr>\n<tr>\n<td>Aithr\u00ed (Zanzibar Film)<\/td>\n<td>Ainmni\u00fach\u00e1n Scann\u00e1n na Bliana<\/td>\n<td>Gradaim Chumars\u00e1ide an Oireachtais<\/td>\n<\/tr>\n<tr>\n<td>Finky (Ab\u00fa Media)<\/td>\n<td>Ainmni\u00fach\u00e1n Scann\u00e1n na Bliana<\/td>\n<td>Gradaim Chumars\u00e1ide an Oireachtais<\/td>\n<\/tr>\n<tr>\n<td>#T\u00e1GaeilgeAgam, Molsc\u00e9al TG4<\/td>\n<td>Ainmni\u00fach\u00e1n Feachtas me\u00e1n s\u00f3isialta na bliana<\/td>\n<td>Gradaim Chumars\u00e1ide an Oireachtais<\/td>\n<\/tr>\n<tr>\n<td>#FleadhTV (Gifted Empire)<\/td>\n<td>Ainmni\u00fach\u00e1n Feachtas me\u00e1n s\u00f3isialta na bliana<\/td>\n<td>Gradaim Chumars\u00e1ide an Oireachtais<\/td>\n<\/tr>\n<tr>\n<td>Finn\u00e9<\/td>\n<td>Ainmni\u00fach\u00e1n Sraith Teilif\u00edse na Bliana<\/td>\n<td>Gradaim Chumars\u00e1ide an Oireachtais<\/td>\n<\/tr>\n<tr>\n<td>S\u00edolsc\u00e9alta (Saoi Media)<\/td>\n<td>Ainmni\u00fach\u00e1n Sraith Teilif\u00edse na Bliana<\/td>\n<td>Gradaim Chumars\u00e1ide an Oireachtais<\/td>\n<\/tr>\n<tr>\n<td>Beidh Aonach Am\u00e1rach<\/td>\n<td>Ainmni\u00fach\u00e1n Sraith Teilif\u00edse na Bliana<\/td>\n<td>Gradaim Chumars\u00e1ide an Oireachtais<\/td>\n<\/tr>\n<tr>\n<td>Hector \u00d3 hEochag\u00e1in<\/td>\n<td>Ainmni\u00fach\u00e1n Pearsa Teilif\u00eds na Gaeilge<\/td>\n<td>Gradaim Chumars\u00e1ide an Oireachtais<\/td>\n<\/tr>\n<tr>\n<td>M\u00edche\u00e1l \u00d3 D\u00f3mhnaill<\/td>\n<td>Ainmni\u00fach\u00e1n Pearsa Teilif\u00eds na Gaeilge<\/td>\n<td>Gradaim Chumars\u00e1ide an Oireachtais<\/td>\n<\/tr>\n<tr>\n<td>Doireann N\u00ed Ghlac\u00e1in<\/td>\n<td>Ainmni\u00fach\u00e1n Pearsa Teilif\u00eds na Gaeilge<\/td>\n<td>Gradaim Chumars\u00e1ide an Oireachtais<\/td>\n<\/tr>\n<tr>\n<td>Lomax in \u00c9irinn (Aisling Productions)<\/td>\n<td>Spirit of the Festival Award<\/td>\n<td>Celtic Media Festival<\/td>\n<\/tr>\n<tr>\n<td>T\u00edr Eoghain: The Unbreakable Bond<\/td>\n<td>Nomination &#8211; Sports Documentary<\/td>\n<td>Celtic Media Festival<\/td>\n<\/tr>\n<tr>\n<td>Taith\u00ed gan Teorainn (Loosehorse)<\/td>\n<td>Nomination &#8211; Factual Entertainment<\/td>\n<td>Celtic Media Festival<\/td>\n<\/tr>\n<tr>\n<td>Son of Kerry, Son of Sam (IWR Media Ltd)<\/td>\n<td>Nomination &#8211; History<\/td>\n<td>Celtic Media Festival<\/td>\n<\/tr>\n<tr>\n<td>Anseo i l\u00e1r an Ghleanna (Mord\u00e1n Films)<\/td>\n<td>Nomination &#8211; Single Documentary<\/td>\n<td>Celtic Media Festival<\/td>\n<\/tr>\n<tr>\n<td>Iomramh an Chamino (An\u00fa Pictures)<\/td>\n<td>Nomination &#8211; Single Documentary<\/td>\n<td>Celtic Media Festival<\/td>\n<\/tr>\n<tr>\n<td>CUMAR &#8211; A Galway Rhapsody (F\u00edb\u00edn)<\/td>\n<td>Best Documentary Award<\/td>\n<td>London Irish Film Festival<\/td>\n<\/tr>\n<\/tbody>\n<\/table>\n","protected":false},"excerpt":{"rendered":"<p>2019 Programme \/ Person Award Awarding Body Se\u00e1n Mac an tS\u00edthigh Gradam Mac Con M\u00ed (McNamee Awards) Cumann L\u00fathchleas Gael \/ GAA Finn\u00e9 Human Rights \/ Social Justice Reporting Justice Media Awards Lomax in \u00c9irinn (Aisling Productions) Cl\u00e1r Teilif\u00edse na Bliana Gradaim Chumars\u00e1ide an Oireachtais Iomramh an Chamino (An\u00fa Pictures) Scann\u00e1n na Bliana Gradaim Chumars\u00e1ide [&hellip;]<\/p>\n","protected":false},"author":876,"featured_media":0,"parent":1217,"menu_order":21,"comment_status":"closed","ping_status":"closed","template":"page-templates\/template-corporate.php","meta":{"_acf_changed":false,"footnotes":""},"acf":[],"yoast_head":"<!-- This site is optimized with the Yoast SEO plugin v22.6 - https:\/\/yoast.com\/wordpress\/plugins\/seo\/ -->\n<title>2019 - TG4<\/title>\n<meta name=\"robots\" content=\"index, follow, max-snippet:-1, max-image-preview:large, max-video-preview:-1\" \/>\n<meta property=\"og:locale\" content=\"en_US\" \/>\n<meta property=\"og:type\" content=\"article\" \/>\n<meta property=\"og:title\" content=\"2019 - TG4\" \/>\n<meta property=\"og:description\" content=\"2019 Programme \/ Person Award Awarding Body Se\u00e1n Mac an tS\u00edthigh Gradam Mac Con M\u00ed (McNamee Awards) Cumann L\u00fathchleas Gael \/ GAA Finn\u00e9 Human Rights \/ Social Justice Reporting Justice Media Awards Lomax in \u00c9irinn (Aisling Productions) Cl\u00e1r Teilif\u00edse na Bliana Gradaim Chumars\u00e1ide an Oireachtais Iomramh an Chamino (An\u00fa Pictures) Scann\u00e1n na Bliana Gradaim Chumars\u00e1ide [&hellip;]\" \/>\n<meta property=\"og:url\" content=\"https:\/\/dev.tg4.ie\/en\/information\/awards\/2019-2\/\" \/>\n<meta property=\"og:site_name\" content=\"TG4\" \/>\n<meta property=\"article:publisher\" content=\"https:\/\/www.facebook.com\/TG4TV\" \/>\n<meta property=\"og:image\" content=\"https:\/\/tg4-docs.s3.amazonaws.com\/wp-content\/uploads\/2024\/11\/18151812\/TG4_2024_corcra_teal_1-1920x1080-1.jpg\" \/>\n\t<meta property=\"og:image:width\" content=\"1920\" \/>\n\t<meta property=\"og:image:height\" content=\"1080\" \/>\n\t<meta property=\"og:image:type\" content=\"image\/jpeg\" \/>\n<meta name=\"twitter:card\" content=\"summary_large_image\" \/>\n<meta name=\"twitter:site\" content=\"@TG4TV\" \/>\n<meta name=\"twitter:label1\" content=\"Est. reading time\" \/>\n\t<meta name=\"twitter:data1\" content=\"2 minutes\" \/>\n<script type=\"application\/ld+json\" class=\"yoast-schema-graph\">{\"@context\":\"https:\/\/schema.org\",\"@graph\":[{\"@type\":\"WebPage\",\"@id\":\"https:\/\/dev.tg4.ie\/en\/information\/awards\/2019-2\/\",\"url\":\"https:\/\/dev.tg4.ie\/en\/information\/awards\/2019-2\/\",\"name\":\"2019 - TG4\",\"isPartOf\":{\"@id\":\"https:\/\/dev.tg4.ie\/en\/#website\"},\"datePublished\":\"2021-05-12T11:50:54+00:00\",\"dateModified\":\"2021-05-12T11:50:54+00:00\",\"breadcrumb\":{\"@id\":\"https:\/\/dev.tg4.ie\/en\/information\/awards\/2019-2\/#breadcrumb\"},\"inLanguage\":\"en-ie\",\"potentialAction\":[{\"@type\":\"ReadAction\",\"target\":[\"https:\/\/dev.tg4.ie\/en\/information\/awards\/2019-2\/\"]}]},{\"@type\":\"BreadcrumbList\",\"@id\":\"https:\/\/dev.tg4.ie\/en\/information\/awards\/2019-2\/#breadcrumb\",\"itemListElement\":[{\"@type\":\"ListItem\",\"position\":1,\"name\":\"Home\",\"item\":\"https:\/\/dev.tg4.ie\/en\/\"},{\"@type\":\"ListItem\",\"position\":2,\"name\":\"Information\",\"item\":\"https:\/\/dev.tg4.ie\/en\/information\/\"},{\"@type\":\"ListItem\",\"position\":3,\"name\":\"Awards\",\"item\":\"https:\/\/dev.tg4.ie\/en\/information\/awards\/\"},{\"@type\":\"ListItem\",\"position\":4,\"name\":\"2019\"}]},{\"@type\":\"WebSite\",\"@id\":\"https:\/\/dev.tg4.ie\/en\/#website\",\"url\":\"https:\/\/dev.tg4.ie\/en\/\",\"name\":\"TG4\",\"description\":\"S\u00fail Eile\",\"potentialAction\":[{\"@type\":\"SearchAction\",\"target\":{\"@type\":\"EntryPoint\",\"urlTemplate\":\"https:\/\/dev.tg4.ie\/en\/?s={search_term_string}\"},\"query-input\":\"required name=search_term_string\"}],\"inLanguage\":\"en-ie\"}]}<\/script>\n<!-- \/ Yoast SEO plugin. -->","yoast_head_json":{"title":"2019 - TG4","robots":{"index":"index","follow":"follow","max-snippet":"max-snippet:-1","max-image-preview":"max-image-preview:large","max-video-preview":"max-video-preview:-1"},"og_locale":"en_US","og_type":"article","og_title":"2019 - TG4","og_description":"2019 Programme \/ Person Award Awarding Body Se\u00e1n Mac an tS\u00edthigh Gradam Mac Con M\u00ed (McNamee Awards) Cumann L\u00fathchleas Gael \/ GAA Finn\u00e9 Human Rights \/ Social Justice Reporting Justice Media Awards Lomax in \u00c9irinn (Aisling Productions) Cl\u00e1r Teilif\u00edse na Bliana Gradaim Chumars\u00e1ide an Oireachtais Iomramh an Chamino (An\u00fa Pictures) Scann\u00e1n na Bliana Gradaim Chumars\u00e1ide [&hellip;]","og_url":"https:\/\/dev.tg4.ie\/en\/information\/awards\/2019-2\/","og_site_name":"TG4","article_publisher":"https:\/\/www.facebook.com\/TG4TV","og_image":[{"width":1920,"height":1080,"url":"https:\/\/tg4-docs.s3.amazonaws.com\/wp-content\/uploads\/2024\/11\/18151812\/TG4_2024_corcra_teal_1-1920x1080-1.jpg","type":"image\/jpeg"}],"twitter_card":"summary_large_image","twitter_site":"@TG4TV","twitter_misc":{"Est. reading time":"2 minutes"},"schema":{"@context":"https:\/\/schema.org","@graph":[{"@type":"WebPage","@id":"https:\/\/dev.tg4.ie\/en\/information\/awards\/2019-2\/","url":"https:\/\/dev.tg4.ie\/en\/information\/awards\/2019-2\/","name":"2019 - TG4","isPartOf":{"@id":"https:\/\/dev.tg4.ie\/en\/#website"},"datePublished":"2021-05-12T11:50:54+00:00","dateModified":"2021-05-12T11:50:54+00:00","breadcrumb":{"@id":"https:\/\/dev.tg4.ie\/en\/information\/awards\/2019-2\/#breadcrumb"},"inLanguage":"en-ie","potentialAction":[{"@type":"ReadAction","target":["https:\/\/dev.tg4.ie\/en\/information\/awards\/2019-2\/"]}]},{"@type":"BreadcrumbList","@id":"https:\/\/dev.tg4.ie\/en\/information\/awards\/2019-2\/#breadcrumb","itemListElement":[{"@type":"ListItem","position":1,"name":"Home","item":"https:\/\/dev.tg4.ie\/en\/"},{"@type":"ListItem","position":2,"name":"Information","item":"https:\/\/dev.tg4.ie\/en\/information\/"},{"@type":"ListItem","position":3,"name":"Awards","item":"https:\/\/dev.tg4.ie\/en\/information\/awards\/"},{"@type":"ListItem","position":4,"name":"2019"}]},{"@type":"WebSite","@id":"https:\/\/dev.tg4.ie\/en\/#website","url":"https:\/\/dev.tg4.ie\/en\/","name":"TG4","description":"S\u00fail Eile","potentialAction":[{"@type":"SearchAction","target":{"@type":"EntryPoint","urlTemplate":"https:\/\/dev.tg4.ie\/en\/?s={search_term_string}"},"query-input":"required name=search_term_string"}],"inLanguage":"en-ie"}]}},"_links":{"self":[{"href":"https:\/\/dev.tg4.ie\/en\/wp-json\/wp\/v2\/pages\/119433"}],"collection":[{"href":"https:\/\/dev.tg4.ie\/en\/wp-json\/wp\/v2\/pages"}],"about":[{"href":"https:\/\/dev.tg4.ie\/en\/wp-json\/wp\/v2\/types\/page"}],"author":[{"embeddable":true,"href":"https:\/\/dev.tg4.ie\/en\/wp-json\/wp\/v2\/users\/876"}],"replies":[{"embeddable":true,"href":"https:\/\/dev.tg4.ie\/en\/wp-json\/wp\/v2\/comments?post=119433"}],"version-history":[{"count":0,"href":"https:\/\/dev.tg4.ie\/en\/wp-json\/wp\/v2\/pages\/119433\/revisions"}],"up":[{"embeddable":true,"href":"https:\/\/dev.tg4.ie\/en\/wp-json\/wp\/v2\/pages\/1217"}],"wp:attachment":[{"href":"https:\/\/dev.tg4.ie\/en\/wp-json\/wp\/v2\/media?parent=119433"}],"curies":[{"name":"wp","href":"https:\/\/api.w.org\/{rel}","templated":true}]}}