{"id":119439,"date":"2021-05-12T14:06:55","date_gmt":"2021-05-12T13:06:55","guid":{"rendered":"https:\/\/dev.tg4.ie\/?page_id=119439"},"modified":"2021-05-12T14:06:55","modified_gmt":"2021-05-12T13:06:55","slug":"2020-2","status":"publish","type":"page","link":"https:\/\/dev.tg4.ie\/en\/information\/awards\/2020-2\/","title":{"rendered":"2020"},"content":{"rendered":"<h1>2020<\/h1>\n<table>\n<tbody>\n<tr>\n<td><strong>Programme \/ Person<\/strong><\/td>\n<td><strong>Award<\/strong><\/td>\n<td><strong>Awarding Body<\/strong><\/td>\n<\/tr>\n<tr>\n<td>Arracht (Macalla)<\/td>\n<td>Selected as Ireland\u2019s Best International Feature Film<\/td>\n<td>Oscars<\/td>\n<\/tr>\n<tr>\n<td>Arracht (Macalla)<\/td>\n<td>Best Feature Film<\/td>\n<td>American Golden Picture International Film Festival<\/td>\n<\/tr>\n<tr>\n<td>Arracht (Macalla) &#8211; Tom Sullivan<\/td>\n<td>Best Director<\/td>\n<td>American Golden Picture International Film Festival<\/td>\n<\/tr>\n<tr>\n<td>Arracht (Macalla) &#8211; Kate McCullough<\/td>\n<td>Cinematographer<\/td>\n<td>American Golden Picture International Film Festival<\/td>\n<\/tr>\n<tr>\n<td>Arracht (Macalla) &#8211; Saise N\u00ed Chuinn<\/td>\n<td>Best Child Actress award<\/td>\n<td>American Golden Picture International Film Festival<\/td>\n<\/tr>\n<tr>\n<td>Arracht (Macalla) &#8211; D\u00f3nall \u00d3 H\u00e9ala\u00ed<\/td>\n<td>Best Lead Actor<\/td>\n<td>F\u00e9ile Scann\u00e1n Idirn\u00e1isi\u00fanta American Golden Picture<\/td>\n<\/tr>\n<tr>\n<td>Arracht (Macalla)<\/td>\n<td>Feature Film<\/td>\n<td>IFTA Ireland\u2019s entry for the Academy Awards<\/td>\n<\/tr>\n<tr>\n<td>Arracht &#8211; (Macalla) &#8211; K\u00edla<\/td>\n<td>Best Original Score<\/td>\n<td>IFTA<\/td>\n<\/tr>\n<tr>\n<td>Arracht (Macalla)<\/td>\n<td>Nomination &#8211; Best Feature Film<\/td>\n<td>IFTA<\/td>\n<\/tr>\n<tr>\n<td>Arracht (Macalla) \u2013 Tom Sullivan<\/td>\n<td>Nomination &#8211; Best Film Director<\/td>\n<td>IFTA<\/td>\n<\/tr>\n<tr>\n<td>Arracht (Macalla) &#8211; Kate McCullough<\/td>\n<td>Nomination &#8211; Cinematographer<\/td>\n<td>IFTA<\/td>\n<\/tr>\n<tr>\n<td>Arracht (Macalla) \u2013 Dara Devaney<\/td>\n<td>Nomination &#8211; Actor in Supporting Role Film<\/td>\n<td>IFTA<\/td>\n<\/tr>\n<tr>\n<td>Arracht (Macalla) &#8211; D\u00f3nall \u00d3 H\u00e9ala\u00ed<\/td>\n<td>Nomination &#8211; Best Lead Actor<\/td>\n<td>IFTA<\/td>\n<\/tr>\n<tr>\n<td>Arracht (Macalla) &#8211; Tom Sullivan<\/td>\n<td>Nomination &#8211; Script Film<\/td>\n<td>IFTA<\/td>\n<\/tr>\n<tr>\n<td>Finky &#8211; Dara Devaney (Ab\u00fa Media do CINE4)<\/td>\n<td>Actor in a Lead Role Film<\/td>\n<td>IFTA<\/td>\n<\/tr>\n<tr>\n<td>Se\u00e1n Mac an tS\u00edthigh<\/td>\n<td>Iriseoir na Bliana<\/td>\n<td>Gradaim Chumars\u00e1ide an Oireachtais<\/td>\n<\/tr>\n<tr>\n<td>Ucht\u00fa: Evanne N\u00ed Chuilinn (Tyrone Productions)<\/td>\n<td>Cl\u00e1r Teilif\u00edse na Bliana<\/td>\n<td>Gradaim Chumars\u00e1ide an Oireachtais<\/td>\n<\/tr>\n<tr>\n<td>Eoghan McDermott, Junior Eurovision, TG4<\/td>\n<td>Pearsa Teilif\u00edse na Bliana<\/td>\n<td>Gradaim Chumars\u00e1ide an Oireachtais<\/td>\n<\/tr>\n<tr>\n<td>Arracht (Macalla Teoranta)<\/td>\n<td>Scann\u00e1n na Bliana<\/td>\n<td>Gradaim Chumars\u00e1ide an Oireachtais<\/td>\n<\/tr>\n<tr>\n<td>An Bhoirinn (Phoenix Films)<\/td>\n<td>Sraith Teilif\u00edse na Bliana<\/td>\n<td>Gradaim Chumars\u00e1ide an Oireachtais<\/td>\n<\/tr>\n<tr>\n<td>Hector \u00d3 Siberia go Saigon (Good Company Productions)<\/td>\n<td>Nomination &#8211; Factual Entertainment<\/td>\n<td>Celtic Media Festival<\/td>\n<\/tr>\n<tr>\n<td>Finn\u00e9 (Tua Films)<\/td>\n<td>Factual Series<\/td>\n<td>Celtic Media Festival<\/td>\n<\/tr>\n<tr>\n<td>Finn\u00e9 (Tua Films) Paddy Merrigan<\/td>\n<td>Nomination \u2013 Sports Documentary<\/td>\n<td>Celtic Media Festival<\/td>\n<\/tr>\n<tr>\n<td>Jump Girls (Touchline Media)<\/td>\n<td>Nomination \u2013 Sports Documentary<\/td>\n<td>Celtic Media Festival<\/td>\n<\/tr>\n<tr>\n<td>Michael Davitt Radacach (Dearc\u00e1n Media)<\/td>\n<td>Nomination &#8211; History<\/td>\n<td>Celtic Media Festival<\/td>\n<\/tr>\n<tr>\n<td>Finky (Ab\u00fa Media do CINE4)<\/td>\n<td>Nomination &#8211; Single Drama<\/td>\n<td>Celtic Media Festival<\/td>\n<\/tr>\n<tr>\n<td>Sc\u00e9al na Beatha (Below the Radar)<\/td>\n<td>Nomination &#8211; Single Documentary<\/td>\n<td>Celtic Media Festival<\/td>\n<\/tr>\n<\/tbody>\n<\/table>\n","protected":false},"excerpt":{"rendered":"<p>2020 Programme \/ Person Award Awarding Body Arracht (Macalla) Selected as Ireland\u2019s Best International Feature Film Oscars Arracht (Macalla) Best Feature Film American Golden Picture International Film Festival Arracht (Macalla) &#8211; Tom Sullivan Best Director American Golden Picture International Film Festival Arracht (Macalla) &#8211; Kate McCullough Cinematographer American Golden Picture International Film Festival Arracht (Macalla) [&hellip;]<\/p>\n","protected":false},"author":876,"featured_media":0,"parent":1217,"menu_order":22,"comment_status":"closed","ping_status":"closed","template":"page-templates\/template-corporate.php","meta":{"_acf_changed":false,"footnotes":""},"acf":[],"yoast_head":"<!-- This site is optimized with the Yoast SEO plugin v22.6 - https:\/\/yoast.com\/wordpress\/plugins\/seo\/ -->\n<title>2020 - TG4<\/title>\n<meta name=\"robots\" content=\"index, follow, max-snippet:-1, max-image-preview:large, max-video-preview:-1\" \/>\n<meta property=\"og:locale\" content=\"en_US\" \/>\n<meta property=\"og:type\" content=\"article\" \/>\n<meta property=\"og:title\" content=\"2020 - TG4\" \/>\n<meta property=\"og:description\" content=\"2020 Programme \/ Person Award Awarding Body Arracht (Macalla) Selected as Ireland\u2019s Best International Feature Film Oscars Arracht (Macalla) Best Feature Film American Golden Picture International Film Festival Arracht (Macalla) &#8211; Tom Sullivan Best Director American Golden Picture International Film Festival Arracht (Macalla) &#8211; Kate McCullough Cinematographer American Golden Picture International Film Festival Arracht (Macalla) [&hellip;]\" \/>\n<meta property=\"og:url\" content=\"https:\/\/dev.tg4.ie\/en\/information\/awards\/2020-2\/\" \/>\n<meta property=\"og:site_name\" content=\"TG4\" \/>\n<meta property=\"article:publisher\" content=\"https:\/\/www.facebook.com\/TG4TV\" \/>\n<meta property=\"og:image\" content=\"https:\/\/tg4-docs.s3.amazonaws.com\/wp-content\/uploads\/2024\/11\/18151812\/TG4_2024_corcra_teal_1-1920x1080-1.jpg\" \/>\n\t<meta property=\"og:image:width\" content=\"1920\" \/>\n\t<meta property=\"og:image:height\" content=\"1080\" \/>\n\t<meta property=\"og:image:type\" content=\"image\/jpeg\" \/>\n<meta name=\"twitter:card\" content=\"summary_large_image\" \/>\n<meta name=\"twitter:site\" content=\"@TG4TV\" \/>\n<meta name=\"twitter:label1\" content=\"Est. reading time\" \/>\n\t<meta name=\"twitter:data1\" content=\"2 minutes\" \/>\n<script type=\"application\/ld+json\" class=\"yoast-schema-graph\">{\"@context\":\"https:\/\/schema.org\",\"@graph\":[{\"@type\":\"WebPage\",\"@id\":\"https:\/\/dev.tg4.ie\/en\/information\/awards\/2020-2\/\",\"url\":\"https:\/\/dev.tg4.ie\/en\/information\/awards\/2020-2\/\",\"name\":\"2020 - TG4\",\"isPartOf\":{\"@id\":\"https:\/\/dev.tg4.ie\/en\/#website\"},\"datePublished\":\"2021-05-12T13:06:55+00:00\",\"dateModified\":\"2021-05-12T13:06:55+00:00\",\"breadcrumb\":{\"@id\":\"https:\/\/dev.tg4.ie\/en\/information\/awards\/2020-2\/#breadcrumb\"},\"inLanguage\":\"en-ie\",\"potentialAction\":[{\"@type\":\"ReadAction\",\"target\":[\"https:\/\/dev.tg4.ie\/en\/information\/awards\/2020-2\/\"]}]},{\"@type\":\"BreadcrumbList\",\"@id\":\"https:\/\/dev.tg4.ie\/en\/information\/awards\/2020-2\/#breadcrumb\",\"itemListElement\":[{\"@type\":\"ListItem\",\"position\":1,\"name\":\"Home\",\"item\":\"https:\/\/dev.tg4.ie\/en\/\"},{\"@type\":\"ListItem\",\"position\":2,\"name\":\"Information\",\"item\":\"https:\/\/dev.tg4.ie\/en\/information\/\"},{\"@type\":\"ListItem\",\"position\":3,\"name\":\"Awards\",\"item\":\"https:\/\/dev.tg4.ie\/en\/information\/awards\/\"},{\"@type\":\"ListItem\",\"position\":4,\"name\":\"2020\"}]},{\"@type\":\"WebSite\",\"@id\":\"https:\/\/dev.tg4.ie\/en\/#website\",\"url\":\"https:\/\/dev.tg4.ie\/en\/\",\"name\":\"TG4\",\"description\":\"S\u00fail Eile\",\"potentialAction\":[{\"@type\":\"SearchAction\",\"target\":{\"@type\":\"EntryPoint\",\"urlTemplate\":\"https:\/\/dev.tg4.ie\/en\/?s={search_term_string}\"},\"query-input\":\"required name=search_term_string\"}],\"inLanguage\":\"en-ie\"}]}<\/script>\n<!-- \/ Yoast SEO plugin. -->","yoast_head_json":{"title":"2020 - TG4","robots":{"index":"index","follow":"follow","max-snippet":"max-snippet:-1","max-image-preview":"max-image-preview:large","max-video-preview":"max-video-preview:-1"},"og_locale":"en_US","og_type":"article","og_title":"2020 - TG4","og_description":"2020 Programme \/ Person Award Awarding Body Arracht (Macalla) Selected as Ireland\u2019s Best International Feature Film Oscars Arracht (Macalla) Best Feature Film American Golden Picture International Film Festival Arracht (Macalla) &#8211; Tom Sullivan Best Director American Golden Picture International Film Festival Arracht (Macalla) &#8211; Kate McCullough Cinematographer American Golden Picture International Film Festival Arracht (Macalla) [&hellip;]","og_url":"https:\/\/dev.tg4.ie\/en\/information\/awards\/2020-2\/","og_site_name":"TG4","article_publisher":"https:\/\/www.facebook.com\/TG4TV","og_image":[{"width":1920,"height":1080,"url":"https:\/\/tg4-docs.s3.amazonaws.com\/wp-content\/uploads\/2024\/11\/18151812\/TG4_2024_corcra_teal_1-1920x1080-1.jpg","type":"image\/jpeg"}],"twitter_card":"summary_large_image","twitter_site":"@TG4TV","twitter_misc":{"Est. reading time":"2 minutes"},"schema":{"@context":"https:\/\/schema.org","@graph":[{"@type":"WebPage","@id":"https:\/\/dev.tg4.ie\/en\/information\/awards\/2020-2\/","url":"https:\/\/dev.tg4.ie\/en\/information\/awards\/2020-2\/","name":"2020 - TG4","isPartOf":{"@id":"https:\/\/dev.tg4.ie\/en\/#website"},"datePublished":"2021-05-12T13:06:55+00:00","dateModified":"2021-05-12T13:06:55+00:00","breadcrumb":{"@id":"https:\/\/dev.tg4.ie\/en\/information\/awards\/2020-2\/#breadcrumb"},"inLanguage":"en-ie","potentialAction":[{"@type":"ReadAction","target":["https:\/\/dev.tg4.ie\/en\/information\/awards\/2020-2\/"]}]},{"@type":"BreadcrumbList","@id":"https:\/\/dev.tg4.ie\/en\/information\/awards\/2020-2\/#breadcrumb","itemListElement":[{"@type":"ListItem","position":1,"name":"Home","item":"https:\/\/dev.tg4.ie\/en\/"},{"@type":"ListItem","position":2,"name":"Information","item":"https:\/\/dev.tg4.ie\/en\/information\/"},{"@type":"ListItem","position":3,"name":"Awards","item":"https:\/\/dev.tg4.ie\/en\/information\/awards\/"},{"@type":"ListItem","position":4,"name":"2020"}]},{"@type":"WebSite","@id":"https:\/\/dev.tg4.ie\/en\/#website","url":"https:\/\/dev.tg4.ie\/en\/","name":"TG4","description":"S\u00fail Eile","potentialAction":[{"@type":"SearchAction","target":{"@type":"EntryPoint","urlTemplate":"https:\/\/dev.tg4.ie\/en\/?s={search_term_string}"},"query-input":"required name=search_term_string"}],"inLanguage":"en-ie"}]}},"_links":{"self":[{"href":"https:\/\/dev.tg4.ie\/en\/wp-json\/wp\/v2\/pages\/119439"}],"collection":[{"href":"https:\/\/dev.tg4.ie\/en\/wp-json\/wp\/v2\/pages"}],"about":[{"href":"https:\/\/dev.tg4.ie\/en\/wp-json\/wp\/v2\/types\/page"}],"author":[{"embeddable":true,"href":"https:\/\/dev.tg4.ie\/en\/wp-json\/wp\/v2\/users\/876"}],"replies":[{"embeddable":true,"href":"https:\/\/dev.tg4.ie\/en\/wp-json\/wp\/v2\/comments?post=119439"}],"version-history":[{"count":0,"href":"https:\/\/dev.tg4.ie\/en\/wp-json\/wp\/v2\/pages\/119439\/revisions"}],"up":[{"embeddable":true,"href":"https:\/\/dev.tg4.ie\/en\/wp-json\/wp\/v2\/pages\/1217"}],"wp:attachment":[{"href":"https:\/\/dev.tg4.ie\/en\/wp-json\/wp\/v2\/media?parent=119439"}],"curies":[{"name":"wp","href":"https:\/\/api.w.org\/{rel}","templated":true}]}}