{"id":120183,"date":"2021-05-28T11:36:30","date_gmt":"2021-05-28T10:36:30","guid":{"rendered":"https:\/\/dev.tg4.ie\/?page_id=120183"},"modified":"2021-05-28T11:36:30","modified_gmt":"2021-05-28T10:36:30","slug":"tg4s-new-brand-look-wins-gold-at-promax-europe-awards","status":"publish","type":"page","link":"https:\/\/dev.tg4.ie\/en\/information\/press\/press-releases\/2021-2\/tg4s-new-brand-look-wins-gold-at-promax-europe-awards\/","title":{"rendered":"TG4&#8217;s new brand look wins Gold at PROMAX Europe Awards"},"content":{"rendered":"<p><a href=\"https:\/\/tg4-docs.s3.amazonaws.com\/tg4-redesign-2015\/wp-content\/uploads\/2021\/05\/Spite_Feamainne_1_1920x1080.jpg\"><img loading=\"lazy\" decoding=\"async\" width=\"1920\" height=\"1080\" src=\"https:\/\/tg4-docs.s3.amazonaws.com\/tg4-redesign-2015\/wp-content\/uploads\/2021\/05\/Spite_Feamainne_1_1920x1080.jpg\" alt=\"\" class=\"aligncenter size-full wp-image-120179\" srcset=\"https:\/\/tg4-docs.s3.amazonaws.com\/tg4-redesign-2015\/wp-content\/uploads\/2021\/05\/Spite_Feamainne_1_1920x1080.jpg 1920w, https:\/\/tg4-docs.s3.amazonaws.com\/tg4-redesign-2015\/wp-content\/uploads\/2021\/05\/Spite_Feamainne_1_1920x1080-250x141.jpg 250w, https:\/\/tg4-docs.s3.amazonaws.com\/tg4-redesign-2015\/wp-content\/uploads\/2021\/05\/Spite_Feamainne_1_1920x1080-700x394.jpg 700w, https:\/\/tg4-docs.s3.amazonaws.com\/tg4-redesign-2015\/wp-content\/uploads\/2021\/05\/Spite_Feamainne_1_1920x1080-252x141.jpg 252w, https:\/\/tg4-docs.s3.amazonaws.com\/tg4-redesign-2015\/wp-content\/uploads\/2021\/05\/Spite_Feamainne_1_1920x1080-1536x864.jpg 1536w, https:\/\/tg4-docs.s3.amazonaws.com\/tg4-redesign-2015\/wp-content\/uploads\/2021\/05\/Spite_Feamainne_1_1920x1080-120x68.jpg 120w\" sizes=\"(max-width: 1920px) 100vw, 1920px\" \/><\/a><br \/>\n&nbsp;<br \/>\nThe TG4 rebrand which was launched in February has been awarded &#8216;Gold&#8217; at the Promax Europe Awards announced last night.  The rebrand was nominated in the General Brand Design Package category.  The rebrand idents were created by creative agency Red Bee, and a suite of supporting graphics and stings to support the idents were developed by the TG4 inhouse creative team which present TG4 programming content with brand personality. The brand idents can be viewed here on TG4&#8217;s YouTube channel: <a href=\"https:\/\/www.youtube.com\/playlist?list=PLZCDKZI5tB4oKtf26PpxDIEVB5TZFwYwY\" rel=\"noopener\" target=\"_blank\">TG4 Ident Playlist<\/a><br \/>\n&nbsp;<br \/>\nThe Promax Europe Awards are the industry\u2019s top prize for outstanding achievement in entertainment marketing and design. Marketers and creatives from Europe\u2019s leading media brands gathered online to honour the campaigns from the past year that delivered audiences and helped convert viewers into passionate fans.<br \/>\n&nbsp;<br \/>\nBrand Idents are the visual representation of TG4&#8217;s channel motto of <em>\u2018S\u00fail Eile\u2019<\/em>.  The six idents are contemporary interpretations of Ireland\u2019s unique storytelling and landscapes. The concept embraces Irish landscapes whilst injecting a contemporary twist via an unexpected interaction with generated figures that enter the landscape. The idents are visual interpretations of phrases in Irish. The themes of the six idents are: Windy Day, Seaweed, Rain Dance, Leporine, Glass Blowing and Street Crossing.  The idents are visual interpretations of phrases in Irish.<br \/>\n&nbsp;<\/p>\n<p>Red Bee is a creative agency born in entertainment. As the creators of Dave, they deliver brand strategy, create and produce compelling content and integrated campaigns, and design distinctive brand identities for clients including NBCUniversal, Kurt Geiger, Discovery Networks, Oasis, Disney, DreamWorks and Netflix. <a href=\"https:\/\/www.redbeecreative.com\/\" rel=\"noopener\" target=\"_blank\">www.redbeecreative.com<\/a><br \/>\n&nbsp;<\/p>\n<p><strong>TG4&#8217;s Director General Alan Esslemont<\/strong> congratulated the team saying <em>\u201cCongratulations to everyone in TG4 and Red Bee who were part of the design process. A Gold award at PROMAX is the highest level of recognition for TV design in Europe and we have been awarded this gold award in the prestigious category, \u2018Brand Design\u2019, one of the most competitive categories in the entire competition. For me, the designers in TG4 have revolutionised the design of TG4 on all our broadcasting platforms. This PROMAX award and our recent CIRCOM awards show that TG4 is a world-class broadcaster. \u201d<\/em><br \/>\n&nbsp;<\/p>\n<p><strong>TG4&#8217;s Creative Director Se\u00e1n Cathal \u00d3 Coile\u00e1in<\/strong> said, <em>&#8220;It\u2019s a wonderful honour to have TG4\u2019s creative output recognised at such a prestigious event as Promax Europe.  The TG4 rebrand was a creative collaboration between Red Bee Creative and TG4\u2019s in-house design team and it was a privilege for me to have played a part in bringing these two great teams together. I\u2019d like to thank the Red Bee team for their deep engagement with the project and for the industry experience and creativity they brought to the process, which was a joy throughout.  I\u2019m especially delighted for the excellent TG4 design team who continue to deliver outstanding design solutions and who keep TG4 at the forefront of Irish media design.&#8221;<\/em><br \/>\n&nbsp;<br \/>\n&nbsp;<br \/>\n&nbsp;<\/p>\n","protected":false},"excerpt":{"rendered":"<p>&nbsp; The TG4 rebrand which was launched in February has been awarded &#8216;Gold&#8217; at the Promax Europe Awards announced last night. The rebrand was nominated in the General Brand Design Package category. The rebrand idents were created by creative agency Red Bee, and a suite of supporting graphics and stings to support the idents were [&hellip;]<\/p>\n","protected":false},"author":876,"featured_media":0,"parent":115587,"menu_order":24,"comment_status":"closed","ping_status":"closed","template":"page-templates\/template-pr.php","meta":{"_acf_changed":false,"footnotes":""},"acf":[],"yoast_head":"<!-- This site is optimized with the Yoast SEO plugin v22.6 - https:\/\/yoast.com\/wordpress\/plugins\/seo\/ -->\n<title>TG4&#039;s new brand look wins Gold at PROMAX Europe Awards | Press Release | TG4<\/title>\n<meta name=\"robots\" content=\"index, follow, max-snippet:-1, max-image-preview:large, max-video-preview:-1\" \/>\n<meta property=\"og:locale\" content=\"en_US\" \/>\n<meta property=\"og:type\" content=\"article\" \/>\n<meta property=\"og:title\" content=\"TG4&#039;s new brand look wins Gold at PROMAX Europe Awards | Press Release | TG4\" \/>\n<meta property=\"og:description\" content=\"&nbsp; The TG4 rebrand which was launched in February has been awarded &#8216;Gold&#8217; at the Promax Europe Awards announced last night. The rebrand was nominated in the General Brand Design Package category. The rebrand idents were created by creative agency Red Bee, and a suite of supporting graphics and stings to support the idents were [&hellip;]\" \/>\n<meta property=\"og:url\" content=\"https:\/\/dev.tg4.ie\/en\/information\/press\/press-releases\/2021-2\/tg4s-new-brand-look-wins-gold-at-promax-europe-awards\/\" \/>\n<meta property=\"og:site_name\" content=\"TG4\" \/>\n<meta property=\"article:publisher\" content=\"https:\/\/www.facebook.com\/TG4TV\" \/>\n<meta property=\"og:image\" content=\"https:\/\/tg4-docs.s3.amazonaws.com\/tg4-redesign-2015\/wp-content\/uploads\/2021\/05\/Spite_Feamainne_1_1920x1080.jpg\" \/>\n\t<meta property=\"og:image:width\" content=\"1920\" \/>\n\t<meta property=\"og:image:height\" content=\"1080\" \/>\n\t<meta property=\"og:image:type\" content=\"image\/jpeg\" \/>\n<meta name=\"twitter:card\" content=\"summary_large_image\" \/>\n<meta name=\"twitter:image\" content=\"https:\/\/tg4-docs.s3.amazonaws.com\/tg4-redesign-2015\/wp-content\/uploads\/2021\/05\/Spite_Feamainne_1_1920x1080.jpg\" \/>\n<meta name=\"twitter:site\" content=\"@TG4TV\" \/>\n<meta name=\"twitter:label1\" content=\"Est. reading time\" \/>\n\t<meta name=\"twitter:data1\" content=\"2 minutes\" \/>\n<script type=\"application\/ld+json\" class=\"yoast-schema-graph\">{\"@context\":\"https:\/\/schema.org\",\"@graph\":[{\"@type\":\"WebPage\",\"@id\":\"https:\/\/dev.tg4.ie\/en\/information\/press\/press-releases\/2021-2\/tg4s-new-brand-look-wins-gold-at-promax-europe-awards\/\",\"url\":\"https:\/\/dev.tg4.ie\/en\/information\/press\/press-releases\/2021-2\/tg4s-new-brand-look-wins-gold-at-promax-europe-awards\/\",\"name\":\"TG4's new brand look wins Gold at PROMAX Europe Awards | Press Release | TG4\",\"isPartOf\":{\"@id\":\"https:\/\/dev.tg4.ie\/en\/#website\"},\"primaryImageOfPage\":{\"@id\":\"https:\/\/dev.tg4.ie\/en\/information\/press\/press-releases\/2021-2\/tg4s-new-brand-look-wins-gold-at-promax-europe-awards\/#primaryimage\"},\"image\":{\"@id\":\"https:\/\/dev.tg4.ie\/en\/information\/press\/press-releases\/2021-2\/tg4s-new-brand-look-wins-gold-at-promax-europe-awards\/#primaryimage\"},\"thumbnailUrl\":\"https:\/\/dev.tg4.ie\/wp-content\/uploads\/2021\/05\/Spite_Feamainne_1_1920x1080.jpg\",\"datePublished\":\"2021-05-28T10:36:30+00:00\",\"dateModified\":\"2021-05-28T10:36:30+00:00\",\"breadcrumb\":{\"@id\":\"https:\/\/dev.tg4.ie\/en\/information\/press\/press-releases\/2021-2\/tg4s-new-brand-look-wins-gold-at-promax-europe-awards\/#breadcrumb\"},\"inLanguage\":\"en-ie\",\"potentialAction\":[{\"@type\":\"ReadAction\",\"target\":[\"https:\/\/dev.tg4.ie\/en\/information\/press\/press-releases\/2021-2\/tg4s-new-brand-look-wins-gold-at-promax-europe-awards\/\"]}]},{\"@type\":\"ImageObject\",\"inLanguage\":\"en-ie\",\"@id\":\"https:\/\/dev.tg4.ie\/en\/information\/press\/press-releases\/2021-2\/tg4s-new-brand-look-wins-gold-at-promax-europe-awards\/#primaryimage\",\"url\":\"https:\/\/dev.tg4.ie\/wp-content\/uploads\/2021\/05\/Spite_Feamainne_1_1920x1080.jpg\",\"contentUrl\":\"https:\/\/dev.tg4.ie\/wp-content\/uploads\/2021\/05\/Spite_Feamainne_1_1920x1080.jpg\"},{\"@type\":\"BreadcrumbList\",\"@id\":\"https:\/\/dev.tg4.ie\/en\/information\/press\/press-releases\/2021-2\/tg4s-new-brand-look-wins-gold-at-promax-europe-awards\/#breadcrumb\",\"itemListElement\":[{\"@type\":\"ListItem\",\"position\":1,\"name\":\"Home\",\"item\":\"https:\/\/dev.tg4.ie\/en\/\"},{\"@type\":\"ListItem\",\"position\":2,\"name\":\"Information\",\"item\":\"https:\/\/dev.tg4.ie\/en\/information\/\"},{\"@type\":\"ListItem\",\"position\":3,\"name\":\"Press\",\"item\":\"https:\/\/dev.tg4.ie\/en\/information\/press\/\"},{\"@type\":\"ListItem\",\"position\":4,\"name\":\"Press Releases\",\"item\":\"https:\/\/dev.tg4.ie\/en\/information\/press\/press-releases\/\"},{\"@type\":\"ListItem\",\"position\":5,\"name\":\"2021\",\"item\":\"https:\/\/dev.tg4.ie\/en\/information\/press\/press-releases\/2021-2\/\"},{\"@type\":\"ListItem\",\"position\":6,\"name\":\"TG4&#8217;s new brand look wins Gold at PROMAX Europe Awards\"}]},{\"@type\":\"WebSite\",\"@id\":\"https:\/\/dev.tg4.ie\/en\/#website\",\"url\":\"https:\/\/dev.tg4.ie\/en\/\",\"name\":\"TG4\",\"description\":\"S\u00fail Eile\",\"potentialAction\":[{\"@type\":\"SearchAction\",\"target\":{\"@type\":\"EntryPoint\",\"urlTemplate\":\"https:\/\/dev.tg4.ie\/en\/?s={search_term_string}\"},\"query-input\":\"required name=search_term_string\"}],\"inLanguage\":\"en-ie\"}]}<\/script>\n<!-- \/ Yoast SEO plugin. -->","yoast_head_json":{"title":"TG4's new brand look wins Gold at PROMAX Europe Awards | Press Release | TG4","robots":{"index":"index","follow":"follow","max-snippet":"max-snippet:-1","max-image-preview":"max-image-preview:large","max-video-preview":"max-video-preview:-1"},"og_locale":"en_US","og_type":"article","og_title":"TG4's new brand look wins Gold at PROMAX Europe Awards | Press Release | TG4","og_description":"&nbsp; The TG4 rebrand which was launched in February has been awarded &#8216;Gold&#8217; at the Promax Europe Awards announced last night. The rebrand was nominated in the General Brand Design Package category. The rebrand idents were created by creative agency Red Bee, and a suite of supporting graphics and stings to support the idents were [&hellip;]","og_url":"https:\/\/dev.tg4.ie\/en\/information\/press\/press-releases\/2021-2\/tg4s-new-brand-look-wins-gold-at-promax-europe-awards\/","og_site_name":"TG4","article_publisher":"https:\/\/www.facebook.com\/TG4TV","og_image":[{"width":1920,"height":1080,"url":"https:\/\/tg4-docs.s3.amazonaws.com\/tg4-redesign-2015\/wp-content\/uploads\/2021\/05\/Spite_Feamainne_1_1920x1080.jpg","type":"image\/jpeg"}],"twitter_card":"summary_large_image","twitter_image":"https:\/\/tg4-docs.s3.amazonaws.com\/tg4-redesign-2015\/wp-content\/uploads\/2021\/05\/Spite_Feamainne_1_1920x1080.jpg","twitter_site":"@TG4TV","twitter_misc":{"Est. reading time":"2 minutes"},"schema":{"@context":"https:\/\/schema.org","@graph":[{"@type":"WebPage","@id":"https:\/\/dev.tg4.ie\/en\/information\/press\/press-releases\/2021-2\/tg4s-new-brand-look-wins-gold-at-promax-europe-awards\/","url":"https:\/\/dev.tg4.ie\/en\/information\/press\/press-releases\/2021-2\/tg4s-new-brand-look-wins-gold-at-promax-europe-awards\/","name":"TG4's new brand look wins Gold at PROMAX Europe Awards | Press Release | TG4","isPartOf":{"@id":"https:\/\/dev.tg4.ie\/en\/#website"},"primaryImageOfPage":{"@id":"https:\/\/dev.tg4.ie\/en\/information\/press\/press-releases\/2021-2\/tg4s-new-brand-look-wins-gold-at-promax-europe-awards\/#primaryimage"},"image":{"@id":"https:\/\/dev.tg4.ie\/en\/information\/press\/press-releases\/2021-2\/tg4s-new-brand-look-wins-gold-at-promax-europe-awards\/#primaryimage"},"thumbnailUrl":"https:\/\/dev.tg4.ie\/wp-content\/uploads\/2021\/05\/Spite_Feamainne_1_1920x1080.jpg","datePublished":"2021-05-28T10:36:30+00:00","dateModified":"2021-05-28T10:36:30+00:00","breadcrumb":{"@id":"https:\/\/dev.tg4.ie\/en\/information\/press\/press-releases\/2021-2\/tg4s-new-brand-look-wins-gold-at-promax-europe-awards\/#breadcrumb"},"inLanguage":"en-ie","potentialAction":[{"@type":"ReadAction","target":["https:\/\/dev.tg4.ie\/en\/information\/press\/press-releases\/2021-2\/tg4s-new-brand-look-wins-gold-at-promax-europe-awards\/"]}]},{"@type":"ImageObject","inLanguage":"en-ie","@id":"https:\/\/dev.tg4.ie\/en\/information\/press\/press-releases\/2021-2\/tg4s-new-brand-look-wins-gold-at-promax-europe-awards\/#primaryimage","url":"https:\/\/dev.tg4.ie\/wp-content\/uploads\/2021\/05\/Spite_Feamainne_1_1920x1080.jpg","contentUrl":"https:\/\/dev.tg4.ie\/wp-content\/uploads\/2021\/05\/Spite_Feamainne_1_1920x1080.jpg"},{"@type":"BreadcrumbList","@id":"https:\/\/dev.tg4.ie\/en\/information\/press\/press-releases\/2021-2\/tg4s-new-brand-look-wins-gold-at-promax-europe-awards\/#breadcrumb","itemListElement":[{"@type":"ListItem","position":1,"name":"Home","item":"https:\/\/dev.tg4.ie\/en\/"},{"@type":"ListItem","position":2,"name":"Information","item":"https:\/\/dev.tg4.ie\/en\/information\/"},{"@type":"ListItem","position":3,"name":"Press","item":"https:\/\/dev.tg4.ie\/en\/information\/press\/"},{"@type":"ListItem","position":4,"name":"Press Releases","item":"https:\/\/dev.tg4.ie\/en\/information\/press\/press-releases\/"},{"@type":"ListItem","position":5,"name":"2021","item":"https:\/\/dev.tg4.ie\/en\/information\/press\/press-releases\/2021-2\/"},{"@type":"ListItem","position":6,"name":"TG4&#8217;s new brand look wins Gold at PROMAX Europe Awards"}]},{"@type":"WebSite","@id":"https:\/\/dev.tg4.ie\/en\/#website","url":"https:\/\/dev.tg4.ie\/en\/","name":"TG4","description":"S\u00fail Eile","potentialAction":[{"@type":"SearchAction","target":{"@type":"EntryPoint","urlTemplate":"https:\/\/dev.tg4.ie\/en\/?s={search_term_string}"},"query-input":"required name=search_term_string"}],"inLanguage":"en-ie"}]}},"_links":{"self":[{"href":"https:\/\/dev.tg4.ie\/en\/wp-json\/wp\/v2\/pages\/120183"}],"collection":[{"href":"https:\/\/dev.tg4.ie\/en\/wp-json\/wp\/v2\/pages"}],"about":[{"href":"https:\/\/dev.tg4.ie\/en\/wp-json\/wp\/v2\/types\/page"}],"author":[{"embeddable":true,"href":"https:\/\/dev.tg4.ie\/en\/wp-json\/wp\/v2\/users\/876"}],"replies":[{"embeddable":true,"href":"https:\/\/dev.tg4.ie\/en\/wp-json\/wp\/v2\/comments?post=120183"}],"version-history":[{"count":0,"href":"https:\/\/dev.tg4.ie\/en\/wp-json\/wp\/v2\/pages\/120183\/revisions"}],"up":[{"embeddable":true,"href":"https:\/\/dev.tg4.ie\/en\/wp-json\/wp\/v2\/pages\/115587"}],"wp:attachment":[{"href":"https:\/\/dev.tg4.ie\/en\/wp-json\/wp\/v2\/media?parent=120183"}],"curies":[{"name":"wp","href":"https:\/\/api.w.org\/{rel}","templated":true}]}}