{"id":120603,"date":"2021-06-03T13:05:52","date_gmt":"2021-06-03T12:05:52","guid":{"rendered":"https:\/\/dev.tg4.ie\/?page_id=120603"},"modified":"2021-06-03T13:05:52","modified_gmt":"2021-06-03T12:05:52","slug":"cruinniu-na-nog-on-tg4","status":"publish","type":"page","link":"https:\/\/dev.tg4.ie\/en\/information\/press\/press-releases\/2021-2\/cruinniu-na-nog-on-tg4\/","title":{"rendered":"Cruinni\u00fa na n\u00d3g on TG4"},"content":{"rendered":"<p><a href=\"https:\/\/tg4-docs.s3.amazonaws.com\/tg4-redesign-2015\/wp-content\/uploads\/2021\/05\/Cruthaim_1_1920x1080.jpg\"><img loading=\"lazy\" decoding=\"async\" width=\"1920\" height=\"1080\" src=\"https:\/\/tg4-docs.s3.amazonaws.com\/tg4-redesign-2015\/wp-content\/uploads\/2021\/05\/Cruthaim_1_1920x1080.jpg\" alt=\"\" class=\"aligncenter size-full wp-image-120123\" srcset=\"https:\/\/tg4-docs.s3.amazonaws.com\/tg4-redesign-2015\/wp-content\/uploads\/2021\/05\/Cruthaim_1_1920x1080.jpg 1920w, https:\/\/tg4-docs.s3.amazonaws.com\/tg4-redesign-2015\/wp-content\/uploads\/2021\/05\/Cruthaim_1_1920x1080-250x141.jpg 250w, https:\/\/tg4-docs.s3.amazonaws.com\/tg4-redesign-2015\/wp-content\/uploads\/2021\/05\/Cruthaim_1_1920x1080-700x394.jpg 700w, https:\/\/tg4-docs.s3.amazonaws.com\/tg4-redesign-2015\/wp-content\/uploads\/2021\/05\/Cruthaim_1_1920x1080-252x141.jpg 252w, https:\/\/tg4-docs.s3.amazonaws.com\/tg4-redesign-2015\/wp-content\/uploads\/2021\/05\/Cruthaim_1_1920x1080-1536x864.jpg 1536w, https:\/\/tg4-docs.s3.amazonaws.com\/tg4-redesign-2015\/wp-content\/uploads\/2021\/05\/Cruthaim_1_1920x1080-120x68.jpg 120w\" sizes=\"(max-width: 1920px) 100vw, 1920px\" \/><\/a><br \/>\n&nbsp;<br \/>\n<strong>Creativity will be unleashed around the country on Saturday 12th June with Cruinni\u00fa na n\u00d3g 2021!<br \/>\nYouTube: https:\/\/youtu.be\/v2GbH82TBfs<\/strong><br \/>\n&nbsp;<br \/>\nTG4 in partnership with the Creative Ireland Programme of the Department of Tourism, Culture, Arts, Gaeltacht, Sport and Media, will celebrate Cruinni\u00fa na n\u00d3g 2021 with a new creative series for children <em>Crutha\u00edm<\/em> and a TikTok Drama for teenagers.<br \/>\n&nbsp;<br \/>\nCruinni\u00fa na n\u00d3g will reflect youth creativity and innovation. Ruarc \u00d3 Confhaola, a seven-year-old actor from Connemara, who is no stranger to TG4\u2019s C\u00fala4 ar Scoil is one of three ambassadors this this year\u2019s Cruinni\u00fa na n\u00d3g.<br \/>\n&nbsp;<br \/>\n<em>Crutha\u00edm<\/em> will highlight the talent of young Irish speakers across the country and in Gaeltacht areas and their unique creative processes. One young Irish speaker from each county and a representative from the diaspora of Irish speakers will showcase their creativity in the series of videos that will be broadcast on <strong>C\u00fala4\u2019s YouTube<\/strong> channel from the 2nd of June to the 12th of June.  Young people will be given a voice and a unique opportunity to show what creativity is to them. For the first time ever, a Tik Tok drama will be produced in Irish as part of this year\u2019s Cruinni\u00fa na n\u00d3g.  The drama will use the popular trend #Fairytale on Tik Tok to tell the love story of a Debs Fairytale or a classic teenage romance for the TikTok Age \u2013 featuring Gillian and S\u00e9amus. The drama will be published on <strong>TikTok bloc_tg4<\/strong> in segments from Saturday 12th June. This fun, hyper and energetic drama has been developed by young people and mostly only features young people. It was created by writer and director Philip Doherty with input and collaboration with young people. Philip Doherty was the Director of the award-winning Samhl\u00fa 2020 which was broadcast on TG4 last December. The audience on TikTok will be encouraged after watching the drama to create their own content using the hashtag #Fairytale and tag @bloc_tg4.<br \/>\n&nbsp;<br \/>\n<strong>Tania Banotti, Director of Creative Ireland<\/strong> says that <em>\u201cThe Creative Ireland Programme is delighted to support TG4\u2019s wonderful programme of Cruinni\u00fa na n\u00d3g projects which celebrates and echoes the creativity of our young people throughout Ireland and beyond. TG4\u2019s commitment to the voice of the child is so encouraging and nothing demonstrates this more fundamentally than their great Crutha\u00edm project. Their TikTok romance is pure fun and is yet another demonstration of TG4\u2019s unique approach to creative broadcasting and we are delighted to be part of it.\u201d<\/em><br \/>\n&nbsp;<br \/>\nSpeaking about the new series <strong>TG4\u2019s Editor of Young People\u2019s Content, Siobhan N\u00ed Bhradaigh<\/strong> said, <em>\u201cWe are delighted to support such an important event as \u2018Cruinni\u00fa na n\u00d3g\u2019 2021. The new series of 33 interstitials \u2018Crutha\u00edm\u2019, will provide a platform for a young representative from every County in Ireland as well as a representative from the diaspora to show and tell how they embrace creativity in their everyday lives.  As young content creators and actors are constantly emerging, it is so important to provide a platform for their work and to provide content for them on the platforms that they are most engaged with. We hope that the new TikTok drama series will encourage young people to continue to create and to perform and to enjoy the process as much as possible.\u201d<\/em><\/p>\n<p>&nbsp;<br \/>\n&nbsp;<br \/>\n&nbsp;<\/p>\n","protected":false},"excerpt":{"rendered":"<p>&nbsp; Creativity will be unleashed around the country on Saturday 12th June with Cruinni\u00fa na n\u00d3g 2021! YouTube: https:\/\/youtu.be\/v2GbH82TBfs &nbsp; TG4 in partnership with the Creative Ireland Programme of the Department of Tourism, Culture, Arts, Gaeltacht, Sport and Media, will celebrate Cruinni\u00fa na n\u00d3g 2021 with a new creative series for children Crutha\u00edm and a [&hellip;]<\/p>\n","protected":false},"author":876,"featured_media":0,"parent":115587,"menu_order":25,"comment_status":"closed","ping_status":"closed","template":"page-templates\/template-pr.php","meta":{"_acf_changed":false,"footnotes":""},"acf":[],"yoast_head":"<!-- This site is optimized with the Yoast SEO plugin v22.6 - https:\/\/yoast.com\/wordpress\/plugins\/seo\/ -->\n<title>Cruinni\u00fa na n\u00d3g on TG4 | Press Release | TG4<\/title>\n<meta name=\"robots\" content=\"index, follow, max-snippet:-1, max-image-preview:large, max-video-preview:-1\" \/>\n<meta property=\"og:locale\" content=\"en_US\" \/>\n<meta property=\"og:type\" content=\"article\" \/>\n<meta property=\"og:title\" content=\"Cruinni\u00fa na n\u00d3g on TG4 | Press Release | TG4\" \/>\n<meta property=\"og:description\" content=\"&nbsp; Creativity will be unleashed around the country on Saturday 12th June with Cruinni\u00fa na n\u00d3g 2021! YouTube: https:\/\/youtu.be\/v2GbH82TBfs &nbsp; TG4 in partnership with the Creative Ireland Programme of the Department of Tourism, Culture, Arts, Gaeltacht, Sport and Media, will celebrate Cruinni\u00fa na n\u00d3g 2021 with a new creative series for children Crutha\u00edm and a [&hellip;]\" \/>\n<meta property=\"og:url\" content=\"https:\/\/dev.tg4.ie\/en\/information\/press\/press-releases\/2021-2\/cruinniu-na-nog-on-tg4\/\" \/>\n<meta property=\"og:site_name\" content=\"TG4\" \/>\n<meta property=\"article:publisher\" content=\"https:\/\/www.facebook.com\/TG4TV\" \/>\n<meta property=\"og:image\" content=\"https:\/\/tg4-docs.s3.amazonaws.com\/tg4-redesign-2015\/wp-content\/uploads\/2021\/05\/Cruthaim_1_1920x1080.jpg\" \/>\n\t<meta property=\"og:image:width\" content=\"1920\" \/>\n\t<meta property=\"og:image:height\" content=\"1080\" \/>\n\t<meta property=\"og:image:type\" content=\"image\/jpeg\" \/>\n<meta name=\"twitter:card\" content=\"summary_large_image\" \/>\n<meta name=\"twitter:image\" content=\"https:\/\/tg4-docs.s3.amazonaws.com\/tg4-redesign-2015\/wp-content\/uploads\/2021\/05\/Cruthaim_1_1920x1080.jpg\" \/>\n<meta name=\"twitter:site\" content=\"@TG4TV\" \/>\n<meta name=\"twitter:label1\" content=\"Est. reading time\" \/>\n\t<meta name=\"twitter:data1\" content=\"3 minutes\" \/>\n<script type=\"application\/ld+json\" class=\"yoast-schema-graph\">{\"@context\":\"https:\/\/schema.org\",\"@graph\":[{\"@type\":\"WebPage\",\"@id\":\"https:\/\/dev.tg4.ie\/en\/information\/press\/press-releases\/2021-2\/cruinniu-na-nog-on-tg4\/\",\"url\":\"https:\/\/dev.tg4.ie\/en\/information\/press\/press-releases\/2021-2\/cruinniu-na-nog-on-tg4\/\",\"name\":\"Cruinni\u00fa na n\u00d3g on TG4 | Press Release | TG4\",\"isPartOf\":{\"@id\":\"https:\/\/dev.tg4.ie\/en\/#website\"},\"primaryImageOfPage\":{\"@id\":\"https:\/\/dev.tg4.ie\/en\/information\/press\/press-releases\/2021-2\/cruinniu-na-nog-on-tg4\/#primaryimage\"},\"image\":{\"@id\":\"https:\/\/dev.tg4.ie\/en\/information\/press\/press-releases\/2021-2\/cruinniu-na-nog-on-tg4\/#primaryimage\"},\"thumbnailUrl\":\"https:\/\/dev.tg4.ie\/wp-content\/uploads\/2021\/05\/Cruthaim_1_1920x1080.jpg\",\"datePublished\":\"2021-06-03T12:05:52+00:00\",\"dateModified\":\"2021-06-03T12:05:52+00:00\",\"breadcrumb\":{\"@id\":\"https:\/\/dev.tg4.ie\/en\/information\/press\/press-releases\/2021-2\/cruinniu-na-nog-on-tg4\/#breadcrumb\"},\"inLanguage\":\"en-ie\",\"potentialAction\":[{\"@type\":\"ReadAction\",\"target\":[\"https:\/\/dev.tg4.ie\/en\/information\/press\/press-releases\/2021-2\/cruinniu-na-nog-on-tg4\/\"]}]},{\"@type\":\"ImageObject\",\"inLanguage\":\"en-ie\",\"@id\":\"https:\/\/dev.tg4.ie\/en\/information\/press\/press-releases\/2021-2\/cruinniu-na-nog-on-tg4\/#primaryimage\",\"url\":\"https:\/\/dev.tg4.ie\/wp-content\/uploads\/2021\/05\/Cruthaim_1_1920x1080.jpg\",\"contentUrl\":\"https:\/\/dev.tg4.ie\/wp-content\/uploads\/2021\/05\/Cruthaim_1_1920x1080.jpg\"},{\"@type\":\"BreadcrumbList\",\"@id\":\"https:\/\/dev.tg4.ie\/en\/information\/press\/press-releases\/2021-2\/cruinniu-na-nog-on-tg4\/#breadcrumb\",\"itemListElement\":[{\"@type\":\"ListItem\",\"position\":1,\"name\":\"Home\",\"item\":\"https:\/\/dev.tg4.ie\/en\/\"},{\"@type\":\"ListItem\",\"position\":2,\"name\":\"Information\",\"item\":\"https:\/\/dev.tg4.ie\/en\/information\/\"},{\"@type\":\"ListItem\",\"position\":3,\"name\":\"Press\",\"item\":\"https:\/\/dev.tg4.ie\/en\/information\/press\/\"},{\"@type\":\"ListItem\",\"position\":4,\"name\":\"Press Releases\",\"item\":\"https:\/\/dev.tg4.ie\/en\/information\/press\/press-releases\/\"},{\"@type\":\"ListItem\",\"position\":5,\"name\":\"2021\",\"item\":\"https:\/\/dev.tg4.ie\/en\/information\/press\/press-releases\/2021-2\/\"},{\"@type\":\"ListItem\",\"position\":6,\"name\":\"Cruinni\u00fa na n\u00d3g on TG4\"}]},{\"@type\":\"WebSite\",\"@id\":\"https:\/\/dev.tg4.ie\/en\/#website\",\"url\":\"https:\/\/dev.tg4.ie\/en\/\",\"name\":\"TG4\",\"description\":\"S\u00fail Eile\",\"potentialAction\":[{\"@type\":\"SearchAction\",\"target\":{\"@type\":\"EntryPoint\",\"urlTemplate\":\"https:\/\/dev.tg4.ie\/en\/?s={search_term_string}\"},\"query-input\":\"required name=search_term_string\"}],\"inLanguage\":\"en-ie\"}]}<\/script>\n<!-- \/ Yoast SEO plugin. -->","yoast_head_json":{"title":"Cruinni\u00fa na n\u00d3g on TG4 | Press Release | TG4","robots":{"index":"index","follow":"follow","max-snippet":"max-snippet:-1","max-image-preview":"max-image-preview:large","max-video-preview":"max-video-preview:-1"},"og_locale":"en_US","og_type":"article","og_title":"Cruinni\u00fa na n\u00d3g on TG4 | Press Release | TG4","og_description":"&nbsp; Creativity will be unleashed around the country on Saturday 12th June with Cruinni\u00fa na n\u00d3g 2021! YouTube: https:\/\/youtu.be\/v2GbH82TBfs &nbsp; TG4 in partnership with the Creative Ireland Programme of the Department of Tourism, Culture, Arts, Gaeltacht, Sport and Media, will celebrate Cruinni\u00fa na n\u00d3g 2021 with a new creative series for children Crutha\u00edm and a [&hellip;]","og_url":"https:\/\/dev.tg4.ie\/en\/information\/press\/press-releases\/2021-2\/cruinniu-na-nog-on-tg4\/","og_site_name":"TG4","article_publisher":"https:\/\/www.facebook.com\/TG4TV","og_image":[{"width":1920,"height":1080,"url":"https:\/\/tg4-docs.s3.amazonaws.com\/tg4-redesign-2015\/wp-content\/uploads\/2021\/05\/Cruthaim_1_1920x1080.jpg","type":"image\/jpeg"}],"twitter_card":"summary_large_image","twitter_image":"https:\/\/tg4-docs.s3.amazonaws.com\/tg4-redesign-2015\/wp-content\/uploads\/2021\/05\/Cruthaim_1_1920x1080.jpg","twitter_site":"@TG4TV","twitter_misc":{"Est. reading time":"3 minutes"},"schema":{"@context":"https:\/\/schema.org","@graph":[{"@type":"WebPage","@id":"https:\/\/dev.tg4.ie\/en\/information\/press\/press-releases\/2021-2\/cruinniu-na-nog-on-tg4\/","url":"https:\/\/dev.tg4.ie\/en\/information\/press\/press-releases\/2021-2\/cruinniu-na-nog-on-tg4\/","name":"Cruinni\u00fa na n\u00d3g on TG4 | Press Release | TG4","isPartOf":{"@id":"https:\/\/dev.tg4.ie\/en\/#website"},"primaryImageOfPage":{"@id":"https:\/\/dev.tg4.ie\/en\/information\/press\/press-releases\/2021-2\/cruinniu-na-nog-on-tg4\/#primaryimage"},"image":{"@id":"https:\/\/dev.tg4.ie\/en\/information\/press\/press-releases\/2021-2\/cruinniu-na-nog-on-tg4\/#primaryimage"},"thumbnailUrl":"https:\/\/dev.tg4.ie\/wp-content\/uploads\/2021\/05\/Cruthaim_1_1920x1080.jpg","datePublished":"2021-06-03T12:05:52+00:00","dateModified":"2021-06-03T12:05:52+00:00","breadcrumb":{"@id":"https:\/\/dev.tg4.ie\/en\/information\/press\/press-releases\/2021-2\/cruinniu-na-nog-on-tg4\/#breadcrumb"},"inLanguage":"en-ie","potentialAction":[{"@type":"ReadAction","target":["https:\/\/dev.tg4.ie\/en\/information\/press\/press-releases\/2021-2\/cruinniu-na-nog-on-tg4\/"]}]},{"@type":"ImageObject","inLanguage":"en-ie","@id":"https:\/\/dev.tg4.ie\/en\/information\/press\/press-releases\/2021-2\/cruinniu-na-nog-on-tg4\/#primaryimage","url":"https:\/\/dev.tg4.ie\/wp-content\/uploads\/2021\/05\/Cruthaim_1_1920x1080.jpg","contentUrl":"https:\/\/dev.tg4.ie\/wp-content\/uploads\/2021\/05\/Cruthaim_1_1920x1080.jpg"},{"@type":"BreadcrumbList","@id":"https:\/\/dev.tg4.ie\/en\/information\/press\/press-releases\/2021-2\/cruinniu-na-nog-on-tg4\/#breadcrumb","itemListElement":[{"@type":"ListItem","position":1,"name":"Home","item":"https:\/\/dev.tg4.ie\/en\/"},{"@type":"ListItem","position":2,"name":"Information","item":"https:\/\/dev.tg4.ie\/en\/information\/"},{"@type":"ListItem","position":3,"name":"Press","item":"https:\/\/dev.tg4.ie\/en\/information\/press\/"},{"@type":"ListItem","position":4,"name":"Press Releases","item":"https:\/\/dev.tg4.ie\/en\/information\/press\/press-releases\/"},{"@type":"ListItem","position":5,"name":"2021","item":"https:\/\/dev.tg4.ie\/en\/information\/press\/press-releases\/2021-2\/"},{"@type":"ListItem","position":6,"name":"Cruinni\u00fa na n\u00d3g on TG4"}]},{"@type":"WebSite","@id":"https:\/\/dev.tg4.ie\/en\/#website","url":"https:\/\/dev.tg4.ie\/en\/","name":"TG4","description":"S\u00fail Eile","potentialAction":[{"@type":"SearchAction","target":{"@type":"EntryPoint","urlTemplate":"https:\/\/dev.tg4.ie\/en\/?s={search_term_string}"},"query-input":"required name=search_term_string"}],"inLanguage":"en-ie"}]}},"_links":{"self":[{"href":"https:\/\/dev.tg4.ie\/en\/wp-json\/wp\/v2\/pages\/120603"}],"collection":[{"href":"https:\/\/dev.tg4.ie\/en\/wp-json\/wp\/v2\/pages"}],"about":[{"href":"https:\/\/dev.tg4.ie\/en\/wp-json\/wp\/v2\/types\/page"}],"author":[{"embeddable":true,"href":"https:\/\/dev.tg4.ie\/en\/wp-json\/wp\/v2\/users\/876"}],"replies":[{"embeddable":true,"href":"https:\/\/dev.tg4.ie\/en\/wp-json\/wp\/v2\/comments?post=120603"}],"version-history":[{"count":0,"href":"https:\/\/dev.tg4.ie\/en\/wp-json\/wp\/v2\/pages\/120603\/revisions"}],"up":[{"embeddable":true,"href":"https:\/\/dev.tg4.ie\/en\/wp-json\/wp\/v2\/pages\/115587"}],"wp:attachment":[{"href":"https:\/\/dev.tg4.ie\/en\/wp-json\/wp\/v2\/media?parent=120603"}],"curies":[{"name":"wp","href":"https:\/\/api.w.org\/{rel}","templated":true}]}}