{"id":120974,"date":"2021-06-15T14:43:59","date_gmt":"2021-06-15T13:43:59","guid":{"rendered":"https:\/\/dev.tg4.ie\/?page_id=120974"},"modified":"2021-11-05T09:42:31","modified_gmt":"2021-11-05T09:42:31","slug":"tg4-receives-10-nominations-is-this-years-celtic-media-festival-torc-awards","status":"publish","type":"page","link":"https:\/\/dev.tg4.ie\/en\/information\/press\/press-releases\/2021-2\/tg4-receives-10-nominations-is-this-years-celtic-media-festival-torc-awards\/","title":{"rendered":"TG4 receives 10 nominations is this year\u2019s Celtic Media Festival Torc Awards including a &#8216;Spirit of the Festival&#8217; nomination"},"content":{"rendered":"<p>TG4 has been nominated for a total of nine awards in the Torc Awards of Excellence and <strong>Treibh na nD\u00e9ithe<\/strong> is also nominated for the &#8216;Spirit of the Festival&#8217; award.  The nominees were announced yesterday on Facebook.<br \/>\n&nbsp;<br \/>\n<a href=\"https:\/\/tg4-docs.s3.amazonaws.com\/tg4-redesign-2015\/wp-content\/uploads\/2021\/06\/Toraigh_Patsy_Dan_1_1920x1080.jpg\"><img loading=\"lazy\" decoding=\"async\" width=\"1920\" height=\"1080\" src=\"https:\/\/tg4-docs.s3.amazonaws.com\/tg4-redesign-2015\/wp-content\/uploads\/2021\/06\/Toraigh_Patsy_Dan_1_1920x1080.jpg\" alt=\"\" class=\"aligncenter size-full wp-image-120969\" srcset=\"https:\/\/tg4-docs.s3.amazonaws.com\/tg4-redesign-2015\/wp-content\/uploads\/2021\/06\/Toraigh_Patsy_Dan_1_1920x1080.jpg 1920w, https:\/\/tg4-docs.s3.amazonaws.com\/tg4-redesign-2015\/wp-content\/uploads\/2021\/06\/Toraigh_Patsy_Dan_1_1920x1080-250x141.jpg 250w, https:\/\/tg4-docs.s3.amazonaws.com\/tg4-redesign-2015\/wp-content\/uploads\/2021\/06\/Toraigh_Patsy_Dan_1_1920x1080-700x394.jpg 700w, https:\/\/tg4-docs.s3.amazonaws.com\/tg4-redesign-2015\/wp-content\/uploads\/2021\/06\/Toraigh_Patsy_Dan_1_1920x1080-252x141.jpg 252w, https:\/\/tg4-docs.s3.amazonaws.com\/tg4-redesign-2015\/wp-content\/uploads\/2021\/06\/Toraigh_Patsy_Dan_1_1920x1080-1536x864.jpg 1536w, https:\/\/tg4-docs.s3.amazonaws.com\/tg4-redesign-2015\/wp-content\/uploads\/2021\/06\/Toraigh_Patsy_Dan_1_1920x1080-120x68.jpg 120w\" sizes=\"(max-width: 1920px) 100vw, 1920px\" \/><\/a><br \/>\n&nbsp;<br \/>\nThe Celtic Media Festival, the longest-established and most prestigious media festival in the Celtic nations, has revealed the names for its esteemed Torc Awards For Excellence. The nominee announcement was presented by Scottish actor, comedian and writer Sanjeev Kohli and Festival Director Catriona Logan. The winners will be announced at this year\u2019s debut digital festival, hosted on a bespoke platform and taking place 7-9 September and for the first time in its history, Celtic Media Festival will be free of charge to all delegates. Nominees from across the UK, Ireland and Europe will compete across 26 award categories including Current Affairs, Comedy, Radio, Arts, Factual and Sport. Celtic Media Festival are proud to announce two new awards categories this year: Feature Documentary and Live Music Programme which will showcase the rich talent on offer in those areas.<br \/>\n&nbsp;<br \/>\nFor the first time ever, nominees have been announced for the Gold Torc for Spirit of the Festival. In previous years, International Juries would choose the award from the list of all nominees, but for the first time, National Screen Juries have picked their choice for the award, the winner of which embodies the spirit and ethos of the Celtic Media Festival, and the only award specifically in a Celtic language.<br \/>\n&nbsp;<\/p>\n<p>The nominations received are:<br \/>\n&nbsp;<br \/>\n<strong>Arts &#8211; Liam O&#8217;Flynn &#8211; P\u00edobaire<\/strong><br \/>\nThis feature documentary tells the story of master piper, Liam O&#8217;Flynn, from his membership with iconic Irish supergroup, Planxty, through to his ground-breaking orchestral work in The Brendan Voyage. Produced by Doubleband Films.<br \/>\n&nbsp;<\/p>\n<p><strong>Children&#8217;s Programmes &#8211; Is Eola\u00ed M\u00e9  <\/strong><br \/>\nAn entertaining science series that offers an enjoyable, visual &#038; funny insight into science &#038; the environment. Each episode explores a different science theme, drawing on the national Primary School Curriculum, in an exciting and innovative way. Presenter Peadar \u00d3 Goill introduces each episode with the question of the day. Assisted by our reporter Caitr\u00edona N\u00ed Chual\u00e1in and young guests in the studio, by visiting venues, setting up science experiments and getting to know the Scientist of the Day, we arrive at an answer to the question. Produced by F\u00edb\u00edn Media.<br \/>\n&nbsp;<\/p>\n<p><strong>Factual Entertainment &#8211; Sl\u00ed na mBeaglaoich<\/strong><br \/>\nFather and Son, musicians Cormac and Breannd\u00e1n \u00d3 Beaglaoich journey up the West coast of Ireland, from Kerry to Donegal in their 40 year old campervan, Beauty. They celebrate each county&#8217;s music, meeting with friends, artists and local musicians along the way. Produced by Tyrone Productions.<br \/>\n&nbsp;<\/p>\n<p><strong>Factual Series &#8211; An Bhoirinn<\/strong><br \/>\nThe Burren lies in the west of Ireland, where the sea &#038; the land meet and skies are huge and open. It is known all over the world for its extraordinary landscape, its flora and the power of the limestone that covers so much of the land. Over the next year, an adventure unfolds as we explore this landscape with its true custodians, the Burren community of local people &#038; visitors who came for a while &#038; ended up living here, drawn by some indefinable magic. They will be our guides throughout the series, &#038; the Burren itself our main character in this visually stunning &#038; atmospheric journey. Produced by Phoenix Films.<br \/>\n&nbsp;<\/p>\n<p><strong>Feature Documentary &#038; Spirit of the Festival  &#8211; Treibh na nD\u00e9ithe <\/strong><br \/>\nIt&#8217;s more than just the sea that can separate island life from the mainland. Tory Island is a unique location, a few hundred strong Irish speaking community on Ireland&#8217;s most remote inhabited island. This island community feels isolated and vulnerable, and very distant from the decision makers in Dublin. How can this community, on the very margins of Ireland and Europe, preserve its unique way of life? Produced by Lugh Films.<br \/>\n&nbsp;<\/p>\n<p><strong>History &#8211; Cogadh ar Mhn\u00e1<\/strong><br \/>\nFor years, the Irish Revolution has been seen as exceptional in that acts of sexual violence weren&#8217;t seen as part of it, even though they happen as part of many other wars. But was Ireland really so special? Was the nature of war here so very different from war everywhere else? This documentary argues that the answer is no by presenting for the first time the witness testimony of some of the women who were victims of it, in their own words. It shows that sexual violence was perpetrated by all sides and highlights the repeated silencing of women and their stories in Irish history. Produced by Forefront Productions.<br \/>\n&nbsp;<\/p>\n<p><strong>Short Form &#8211; Le Ceangal <\/strong><br \/>\nTinder brought Aoife and Declan together. But how will they get on during lockdown? Le Ceangal is an 8 part web series set during the lockdown. Each episode is 5 minutes long and follows the characters as they are forced to take their relationship online.  Produced by Tua Films for TG4&#8217;s under 35&#8217;s online platform BLOC.<br \/>\n&nbsp;<\/p>\n<p><strong>Single Documentary &#8211; Ciara N\u00ed \u00c9 &#8211; Saol tr\u00ed Ghaeilge <\/strong><br \/>\nUp until the 1970&#8217;s the relationship between the state and the Irish language speaker outside the Gaeltacht had always been strange one, a relationship of mere acceptance rather than devotion. However the development of the Gaelscoil movement helped rehabilitate the language and indeed its communities across the country. In this documentary poet and writer Ciara N\u00ed \u00c9 looks at the transformation of the Irish language community outside the Gaeltacht, a community losing the shackles of the past as they strive to create a modern role and identity for themselves on the island of Ireland 2020. Produced by Aniar TV.<br \/>\n&nbsp;<\/p>\n<p><strong>Sports Documentary &#8211; Laochra Gael &#8211; Kieran Donaghy <\/strong><br \/>\nThe story of Kerry footballer, Kieran Donaghy. In his career, Kieran won 4 All Ireland medals, 3 All Stars and Footballer of the Year. The man called Star has an extraordinary story: breaking through with the Underdogs, the experiment that made a full forward out of him, the basketball hands, the decline and the revival, and of course, Joe Brolly. And in the background, the complex and difficult relationship with his father that was tied up in everything he did on the field of play. Produced by Nemeton.<br \/>\n&nbsp;<\/p>\n<p><strong>Alan Esslemont Director General of TG4 said,<\/strong> <em>\u201cTG4 are delighted to receive ten nominations today from the Celtic Media Festival. These nominations show the range of quality, original home-produced content offered by TG4 to its audience.  We look forward to this year&#8217;s digital festival which will be free of charge and joining our colleagues from Scotland, Wales, England and Ireland to celebrate the best of the Celtic Media.\u201d<\/em><br \/>\n&nbsp;<br \/>\nThe full list of nominations here: <a href=\"https:\/\/www.celticmediafestival.co.uk\/nominees\" rel=\"noopener\" target=\"_blank\">www.celticmediafestival.co.uk\/nominees<\/a><br \/>\n&nbsp;<br \/>\n&nbsp;<br \/>\n&nbsp;<\/p>\n","protected":false},"excerpt":{"rendered":"<p>TG4 has been nominated for a total of nine awards in the Torc Awards of Excellence and Treibh na nD\u00e9ithe is also nominated for the &#8216;Spirit of the Festival&#8217; award. The nominees were announced yesterday on Facebook. &nbsp; &nbsp; The Celtic Media Festival, the longest-established and most prestigious media festival in the Celtic nations, has [&hellip;]<\/p>\n","protected":false},"author":876,"featured_media":0,"parent":115587,"menu_order":27,"comment_status":"closed","ping_status":"closed","template":"page-templates\/template-pr.php","meta":{"_acf_changed":false,"footnotes":""},"acf":[],"yoast_head":"<!-- This site is optimized with the Yoast SEO plugin v22.6 - https:\/\/yoast.com\/wordpress\/plugins\/seo\/ -->\n<title>TG4 | TG4 receives 10 nominations is this year\u2019s Celtic Media Festival Torc Awards including a \u2018Spirit of the Festival\u2019 nomination | 2021 | Press Releases | Press | Irish Television Channel, S\u00fail Eile<\/title>\n<meta name=\"description\" content=\"Delight as TG4 receive 10 nominations in the 2021 Celtic Media Festival Torc Awards\" \/>\n<meta name=\"robots\" content=\"index, follow, max-snippet:-1, max-image-preview:large, max-video-preview:-1\" \/>\n<meta property=\"og:locale\" content=\"en_US\" \/>\n<meta property=\"og:type\" content=\"article\" \/>\n<meta property=\"og:title\" content=\"TG4 | TG4 receives 10 nominations is this year\u2019s Celtic Media Festival Torc Awards including a \u2018Spirit of the Festival\u2019 nomination | 2021 | Press Releases | Press | Irish Television Channel, S\u00fail Eile\" \/>\n<meta property=\"og:description\" content=\"Delight as TG4 receive 10 nominations in the 2021 Celtic Media Festival Torc Awards\" \/>\n<meta property=\"og:url\" content=\"https:\/\/dev.tg4.ie\/en\/information\/press\/press-releases\/2021-2\/tg4-receives-10-nominations-is-this-years-celtic-media-festival-torc-awards\/\" \/>\n<meta property=\"og:site_name\" content=\"TG4\" \/>\n<meta property=\"article:publisher\" content=\"https:\/\/www.facebook.com\/TG4TV\" \/>\n<meta property=\"article:modified_time\" content=\"2021-11-05T09:42:31+00:00\" \/>\n<meta property=\"og:image\" content=\"https:\/\/tg4-docs.s3.amazonaws.com\/tg4-redesign-2015\/wp-content\/uploads\/2021\/06\/Toraigh_Patsy_Dan_1_1920x1080.jpg\" \/>\n\t<meta property=\"og:image:width\" content=\"1920\" \/>\n\t<meta property=\"og:image:height\" content=\"1080\" \/>\n\t<meta property=\"og:image:type\" content=\"image\/jpeg\" \/>\n<meta name=\"twitter:card\" content=\"summary_large_image\" \/>\n<meta name=\"twitter:image\" content=\"https:\/\/tg4-docs.s3.amazonaws.com\/tg4-redesign-2015\/wp-content\/uploads\/2021\/06\/Toraigh_Patsy_Dan_1_1920x1080.jpg\" \/>\n<meta name=\"twitter:site\" content=\"@TG4TV\" \/>\n<meta name=\"twitter:label1\" content=\"Est. reading time\" \/>\n\t<meta name=\"twitter:data1\" content=\"6 minutes\" \/>\n<script type=\"application\/ld+json\" class=\"yoast-schema-graph\">{\"@context\":\"https:\/\/schema.org\",\"@graph\":[{\"@type\":\"WebPage\",\"@id\":\"https:\/\/dev.tg4.ie\/en\/information\/press\/press-releases\/2021-2\/tg4-receives-10-nominations-is-this-years-celtic-media-festival-torc-awards\/\",\"url\":\"https:\/\/dev.tg4.ie\/en\/information\/press\/press-releases\/2021-2\/tg4-receives-10-nominations-is-this-years-celtic-media-festival-torc-awards\/\",\"name\":\"TG4 | TG4 receives 10 nominations is this year\u2019s Celtic Media Festival Torc Awards including a \u2018Spirit of the Festival\u2019 nomination | 2021 | Press Releases | Press | Irish Television Channel, S\u00fail Eile\",\"isPartOf\":{\"@id\":\"https:\/\/dev.tg4.ie\/en\/#website\"},\"primaryImageOfPage\":{\"@id\":\"https:\/\/dev.tg4.ie\/en\/information\/press\/press-releases\/2021-2\/tg4-receives-10-nominations-is-this-years-celtic-media-festival-torc-awards\/#primaryimage\"},\"image\":{\"@id\":\"https:\/\/dev.tg4.ie\/en\/information\/press\/press-releases\/2021-2\/tg4-receives-10-nominations-is-this-years-celtic-media-festival-torc-awards\/#primaryimage\"},\"thumbnailUrl\":\"https:\/\/dev.tg4.ie\/wp-content\/uploads\/2021\/06\/Toraigh_Patsy_Dan_1_1920x1080.jpg\",\"datePublished\":\"2021-06-15T13:43:59+00:00\",\"dateModified\":\"2021-11-05T09:42:31+00:00\",\"description\":\"Delight as TG4 receive 10 nominations in the 2021 Celtic Media Festival Torc Awards\",\"breadcrumb\":{\"@id\":\"https:\/\/dev.tg4.ie\/en\/information\/press\/press-releases\/2021-2\/tg4-receives-10-nominations-is-this-years-celtic-media-festival-torc-awards\/#breadcrumb\"},\"inLanguage\":\"en-ie\",\"potentialAction\":[{\"@type\":\"ReadAction\",\"target\":[\"https:\/\/dev.tg4.ie\/en\/information\/press\/press-releases\/2021-2\/tg4-receives-10-nominations-is-this-years-celtic-media-festival-torc-awards\/\"]}]},{\"@type\":\"ImageObject\",\"inLanguage\":\"en-ie\",\"@id\":\"https:\/\/dev.tg4.ie\/en\/information\/press\/press-releases\/2021-2\/tg4-receives-10-nominations-is-this-years-celtic-media-festival-torc-awards\/#primaryimage\",\"url\":\"https:\/\/dev.tg4.ie\/wp-content\/uploads\/2021\/06\/Toraigh_Patsy_Dan_1_1920x1080.jpg\",\"contentUrl\":\"https:\/\/dev.tg4.ie\/wp-content\/uploads\/2021\/06\/Toraigh_Patsy_Dan_1_1920x1080.jpg\"},{\"@type\":\"BreadcrumbList\",\"@id\":\"https:\/\/dev.tg4.ie\/en\/information\/press\/press-releases\/2021-2\/tg4-receives-10-nominations-is-this-years-celtic-media-festival-torc-awards\/#breadcrumb\",\"itemListElement\":[{\"@type\":\"ListItem\",\"position\":1,\"name\":\"Home\",\"item\":\"https:\/\/dev.tg4.ie\/en\/\"},{\"@type\":\"ListItem\",\"position\":2,\"name\":\"Information\",\"item\":\"https:\/\/dev.tg4.ie\/en\/information\/\"},{\"@type\":\"ListItem\",\"position\":3,\"name\":\"Press\",\"item\":\"https:\/\/dev.tg4.ie\/en\/information\/press\/\"},{\"@type\":\"ListItem\",\"position\":4,\"name\":\"Press Releases\",\"item\":\"https:\/\/dev.tg4.ie\/en\/information\/press\/press-releases\/\"},{\"@type\":\"ListItem\",\"position\":5,\"name\":\"2021\",\"item\":\"https:\/\/dev.tg4.ie\/en\/information\/press\/press-releases\/2021-2\/\"},{\"@type\":\"ListItem\",\"position\":6,\"name\":\"TG4 receives 10 nominations is this year\u2019s Celtic Media Festival Torc Awards including a &#8216;Spirit of the Festival&#8217; nomination\"}]},{\"@type\":\"WebSite\",\"@id\":\"https:\/\/dev.tg4.ie\/en\/#website\",\"url\":\"https:\/\/dev.tg4.ie\/en\/\",\"name\":\"TG4\",\"description\":\"S\u00fail Eile\",\"potentialAction\":[{\"@type\":\"SearchAction\",\"target\":{\"@type\":\"EntryPoint\",\"urlTemplate\":\"https:\/\/dev.tg4.ie\/en\/?s={search_term_string}\"},\"query-input\":\"required name=search_term_string\"}],\"inLanguage\":\"en-ie\"}]}<\/script>\n<!-- \/ Yoast SEO plugin. -->","yoast_head_json":{"title":"TG4 | TG4 receives 10 nominations is this year\u2019s Celtic Media Festival Torc Awards including a \u2018Spirit of the Festival\u2019 nomination | 2021 | Press Releases | Press | Irish Television Channel, S\u00fail Eile","description":"Delight as TG4 receive 10 nominations in the 2021 Celtic Media Festival Torc Awards","robots":{"index":"index","follow":"follow","max-snippet":"max-snippet:-1","max-image-preview":"max-image-preview:large","max-video-preview":"max-video-preview:-1"},"og_locale":"en_US","og_type":"article","og_title":"TG4 | TG4 receives 10 nominations is this year\u2019s Celtic Media Festival Torc Awards including a \u2018Spirit of the Festival\u2019 nomination | 2021 | Press Releases | Press | Irish Television Channel, S\u00fail Eile","og_description":"Delight as TG4 receive 10 nominations in the 2021 Celtic Media Festival Torc Awards","og_url":"https:\/\/dev.tg4.ie\/en\/information\/press\/press-releases\/2021-2\/tg4-receives-10-nominations-is-this-years-celtic-media-festival-torc-awards\/","og_site_name":"TG4","article_publisher":"https:\/\/www.facebook.com\/TG4TV","article_modified_time":"2021-11-05T09:42:31+00:00","og_image":[{"width":1920,"height":1080,"url":"https:\/\/tg4-docs.s3.amazonaws.com\/tg4-redesign-2015\/wp-content\/uploads\/2021\/06\/Toraigh_Patsy_Dan_1_1920x1080.jpg","type":"image\/jpeg"}],"twitter_card":"summary_large_image","twitter_image":"https:\/\/tg4-docs.s3.amazonaws.com\/tg4-redesign-2015\/wp-content\/uploads\/2021\/06\/Toraigh_Patsy_Dan_1_1920x1080.jpg","twitter_site":"@TG4TV","twitter_misc":{"Est. reading time":"6 minutes"},"schema":{"@context":"https:\/\/schema.org","@graph":[{"@type":"WebPage","@id":"https:\/\/dev.tg4.ie\/en\/information\/press\/press-releases\/2021-2\/tg4-receives-10-nominations-is-this-years-celtic-media-festival-torc-awards\/","url":"https:\/\/dev.tg4.ie\/en\/information\/press\/press-releases\/2021-2\/tg4-receives-10-nominations-is-this-years-celtic-media-festival-torc-awards\/","name":"TG4 | TG4 receives 10 nominations is this year\u2019s Celtic Media Festival Torc Awards including a \u2018Spirit of the Festival\u2019 nomination | 2021 | Press Releases | Press | Irish Television Channel, S\u00fail Eile","isPartOf":{"@id":"https:\/\/dev.tg4.ie\/en\/#website"},"primaryImageOfPage":{"@id":"https:\/\/dev.tg4.ie\/en\/information\/press\/press-releases\/2021-2\/tg4-receives-10-nominations-is-this-years-celtic-media-festival-torc-awards\/#primaryimage"},"image":{"@id":"https:\/\/dev.tg4.ie\/en\/information\/press\/press-releases\/2021-2\/tg4-receives-10-nominations-is-this-years-celtic-media-festival-torc-awards\/#primaryimage"},"thumbnailUrl":"https:\/\/dev.tg4.ie\/wp-content\/uploads\/2021\/06\/Toraigh_Patsy_Dan_1_1920x1080.jpg","datePublished":"2021-06-15T13:43:59+00:00","dateModified":"2021-11-05T09:42:31+00:00","description":"Delight as TG4 receive 10 nominations in the 2021 Celtic Media Festival Torc Awards","breadcrumb":{"@id":"https:\/\/dev.tg4.ie\/en\/information\/press\/press-releases\/2021-2\/tg4-receives-10-nominations-is-this-years-celtic-media-festival-torc-awards\/#breadcrumb"},"inLanguage":"en-ie","potentialAction":[{"@type":"ReadAction","target":["https:\/\/dev.tg4.ie\/en\/information\/press\/press-releases\/2021-2\/tg4-receives-10-nominations-is-this-years-celtic-media-festival-torc-awards\/"]}]},{"@type":"ImageObject","inLanguage":"en-ie","@id":"https:\/\/dev.tg4.ie\/en\/information\/press\/press-releases\/2021-2\/tg4-receives-10-nominations-is-this-years-celtic-media-festival-torc-awards\/#primaryimage","url":"https:\/\/dev.tg4.ie\/wp-content\/uploads\/2021\/06\/Toraigh_Patsy_Dan_1_1920x1080.jpg","contentUrl":"https:\/\/dev.tg4.ie\/wp-content\/uploads\/2021\/06\/Toraigh_Patsy_Dan_1_1920x1080.jpg"},{"@type":"BreadcrumbList","@id":"https:\/\/dev.tg4.ie\/en\/information\/press\/press-releases\/2021-2\/tg4-receives-10-nominations-is-this-years-celtic-media-festival-torc-awards\/#breadcrumb","itemListElement":[{"@type":"ListItem","position":1,"name":"Home","item":"https:\/\/dev.tg4.ie\/en\/"},{"@type":"ListItem","position":2,"name":"Information","item":"https:\/\/dev.tg4.ie\/en\/information\/"},{"@type":"ListItem","position":3,"name":"Press","item":"https:\/\/dev.tg4.ie\/en\/information\/press\/"},{"@type":"ListItem","position":4,"name":"Press Releases","item":"https:\/\/dev.tg4.ie\/en\/information\/press\/press-releases\/"},{"@type":"ListItem","position":5,"name":"2021","item":"https:\/\/dev.tg4.ie\/en\/information\/press\/press-releases\/2021-2\/"},{"@type":"ListItem","position":6,"name":"TG4 receives 10 nominations is this year\u2019s Celtic Media Festival Torc Awards including a &#8216;Spirit of the Festival&#8217; nomination"}]},{"@type":"WebSite","@id":"https:\/\/dev.tg4.ie\/en\/#website","url":"https:\/\/dev.tg4.ie\/en\/","name":"TG4","description":"S\u00fail Eile","potentialAction":[{"@type":"SearchAction","target":{"@type":"EntryPoint","urlTemplate":"https:\/\/dev.tg4.ie\/en\/?s={search_term_string}"},"query-input":"required name=search_term_string"}],"inLanguage":"en-ie"}]}},"_links":{"self":[{"href":"https:\/\/dev.tg4.ie\/en\/wp-json\/wp\/v2\/pages\/120974"}],"collection":[{"href":"https:\/\/dev.tg4.ie\/en\/wp-json\/wp\/v2\/pages"}],"about":[{"href":"https:\/\/dev.tg4.ie\/en\/wp-json\/wp\/v2\/types\/page"}],"author":[{"embeddable":true,"href":"https:\/\/dev.tg4.ie\/en\/wp-json\/wp\/v2\/users\/876"}],"replies":[{"embeddable":true,"href":"https:\/\/dev.tg4.ie\/en\/wp-json\/wp\/v2\/comments?post=120974"}],"version-history":[{"count":0,"href":"https:\/\/dev.tg4.ie\/en\/wp-json\/wp\/v2\/pages\/120974\/revisions"}],"up":[{"embeddable":true,"href":"https:\/\/dev.tg4.ie\/en\/wp-json\/wp\/v2\/pages\/115587"}],"wp:attachment":[{"href":"https:\/\/dev.tg4.ie\/en\/wp-json\/wp\/v2\/media?parent=120974"}],"curies":[{"name":"wp","href":"https:\/\/api.w.org\/{rel}","templated":true}]}}