{"id":121394,"date":"2021-06-21T19:25:49","date_gmt":"2021-06-21T18:25:49","guid":{"rendered":"https:\/\/dev.tg4.ie\/?page_id=121394"},"modified":"2021-11-05T09:28:54","modified_gmt":"2021-11-05T09:28:54","slug":"irish-language-communities-seek-a-broader-and-extensive-news-service-from-tg4","status":"publish","type":"page","link":"https:\/\/dev.tg4.ie\/en\/information\/press\/press-releases\/2021-2\/irish-language-communities-seek-a-broader-and-extensive-news-service-from-tg4\/","title":{"rendered":"Irish Language Communities seek a broader and extensive news service from TG4"},"content":{"rendered":"<p>A new research report representing the views of Irish language speakers towards the provision of news and current affairs available to them published today shows that there is a high level of satisfaction with the quality of news in Irish, but they want a broader and more extensive news provision.<br \/>\n&nbsp;<br \/>\n<a href=\"https:\/\/tg4-docs.s3.amazonaws.com\/tg4-redesign-2015\/wp-content\/uploads\/2021\/06\/Infograific-Tuarascail-Cursai-Reatha_1_1920x1080.jpg\"><img loading=\"lazy\" decoding=\"async\" width=\"1920\" height=\"1080\" src=\"https:\/\/tg4-docs.s3.amazonaws.com\/tg4-redesign-2015\/wp-content\/uploads\/2021\/06\/Infograific-Tuarascail-Cursai-Reatha_1_1920x1080.jpg\" alt=\"\" class=\"aligncenter size-full wp-image-121401\" srcset=\"https:\/\/tg4-docs.s3.amazonaws.com\/tg4-redesign-2015\/wp-content\/uploads\/2021\/06\/Infograific-Tuarascail-Cursai-Reatha_1_1920x1080.jpg 1920w, https:\/\/tg4-docs.s3.amazonaws.com\/tg4-redesign-2015\/wp-content\/uploads\/2021\/06\/Infograific-Tuarascail-Cursai-Reatha_1_1920x1080-250x141.jpg 250w, https:\/\/tg4-docs.s3.amazonaws.com\/tg4-redesign-2015\/wp-content\/uploads\/2021\/06\/Infograific-Tuarascail-Cursai-Reatha_1_1920x1080-700x394.jpg 700w, https:\/\/tg4-docs.s3.amazonaws.com\/tg4-redesign-2015\/wp-content\/uploads\/2021\/06\/Infograific-Tuarascail-Cursai-Reatha_1_1920x1080-252x141.jpg 252w, https:\/\/tg4-docs.s3.amazonaws.com\/tg4-redesign-2015\/wp-content\/uploads\/2021\/06\/Infograific-Tuarascail-Cursai-Reatha_1_1920x1080-1536x864.jpg 1536w, https:\/\/tg4-docs.s3.amazonaws.com\/tg4-redesign-2015\/wp-content\/uploads\/2021\/06\/Infograific-Tuarascail-Cursai-Reatha_1_1920x1080-120x68.jpg 120w\" sizes=\"(max-width: 1920px) 100vw, 1920px\" \/><\/a><br \/>\n&nbsp;<br \/>\nThe report <strong>Nuacht agus C\u00farsa\u00ed Reatha agus Pobal Labhartha na Gaeilge<\/strong> shows that Irish speakers want investment in online news provision, investigative journalism and more extensive coverage of news and current affairs. The research report reveals that the Irish speaking public want news that has a distinct editorial perspective and not a direct translation of English language news. The coverage of local stories is praised, but the public would like to see more provision of these stories.<br \/>\n&nbsp;<br \/>\nThe research study was commissioned by TG4 with support from the Broadcasting Authority of Ireland. The research was carried out by the National University of Ireland, Galway with advice from the research agency, Red C. The aim of the research was to explore where Irish language speakers get their news. There were three components to the study, focus groups, questions to the <em>Fios F\u00edse<\/em> research panel and an open survey. There were 819 responses to the open survey.<br \/>\n&nbsp;<br \/>\nAccording to the research report, most people in all age groups get their news from online sources. Traditional media remains a popular source of news, especially in the older age groups. 73% of people surveyed get their news from radio and 68% get their news from television. 84% of those surveyed watch <em>Nuacht TG4<\/em>. However, people aged between 18-35 primarily get their news from online sources or from social media, ahead of radio and television. There is a strong demand for an Irish language online news service and the existing provision is not considered sufficient to meet the needs of the younger community.<br \/>\n&nbsp;<br \/>\nParticipants questioned would like journalists and news programs to break stories on social media, especially on twitter. According to the research, <em>tuairisc.ie<\/em> caters well for the core language community.<br \/>\n&nbsp;<br \/>\nThere is a significant demand for investigative journalism linked to the further development of current affairs programs such as <em>7 L\u00e1<\/em>. TG4 and Raidi\u00f3 na Gaeltachta are considered good at covering local news. The Irish Language community nonetheless would like more of these stories from their communities.<br \/>\n&nbsp;<br \/>\nThe research shows that a distinctive community needs a distinctive news offering and that the Irish language community want a provision of national and international Irish language news that is different from the provision available to them in English.<br \/>\n&nbsp;<br \/>\n<strong>Aodh \u00d3 Coile\u00e1in, Head of Aonad L\u00e9ann na Cumars\u00e1ide, NUI Galway,<\/strong> said <em>&#8220;Across all cohorts that responded, digital news platforms including social media are being used more often to access the news and current affairs content of traditional news providers. There is a significant demand in the Irish language community for news and current affairs that comes from a different perspective and that is not directly translated from English language news sources. The positive findings of this research indicate that there are marked opportunities for Irish language media to develop, expand and to fulfil the expectations of their user.&#8221;<\/em><br \/>\n&nbsp;<br \/>\n<strong>TG4&#8217;s Director General Alan Esslemont<\/strong> welcomed the findings saying, <em>&#8220;This important research provides an insight into the importance of the News and Current Affairs service to the Irish speaking community. It provides us with valuable information on audience values and perspectives, which demonstrates the need for more public investment to meet the demands of the audience. TG4, in conjunction with RT\u00c9, intends to work to reimagine the Irish Language News and Current Affairs Strategy, and ensure that it has the resources to support the delivery of a distinctive, independent and high-quality news brand on TG4 and online.&#8221; <\/em><br \/>\n&nbsp;<br \/>\nThe research report Nuacht agus C\u00farsa\u00ed Reatha agus Pobal Labhartha na Gaeilge is available here:<\/p>\n<p><a href=\"https:\/\/tg4-docs.s3.amazonaws.com\/tg4-redesign-2015\/wp-content\/uploads\/2021\/06\/Tuarasca%CC%81il_Cu%CC%81rsai%CC%81-Reatha-TG4_Acadamh%E2%80%A2%E2%80%A2%E2%80%A2BE%CC%81ARLA-21Meith-1.pdf\"><img loading=\"lazy\" decoding=\"async\" width=\"115\" height=\"141\" src=\"https:\/\/tg4-docs.s3.amazonaws.com\/tg4-redesign-2015\/wp-content\/uploads\/2021\/06\/PDF_Icon_300w-115x141.jpg\" alt=\"\" class=\"aligncenter size-thumbnail wp-image-121389\" srcset=\"https:\/\/tg4-docs.s3.amazonaws.com\/tg4-redesign-2015\/wp-content\/uploads\/2021\/06\/PDF_Icon_300w-115x141.jpg 115w, https:\/\/tg4-docs.s3.amazonaws.com\/tg4-redesign-2015\/wp-content\/uploads\/2021\/06\/PDF_Icon_300w-250x308.jpg 250w, https:\/\/tg4-docs.s3.amazonaws.com\/tg4-redesign-2015\/wp-content\/uploads\/2021\/06\/PDF_Icon_300w-120x148.jpg 120w, https:\/\/tg4-docs.s3.amazonaws.com\/tg4-redesign-2015\/wp-content\/uploads\/2021\/06\/PDF_Icon_300w.jpg 300w\" sizes=\"(max-width: 115px) 100vw, 115px\" \/><\/a> <a href=\"https:\/\/tg4-docs.s3.amazonaws.com\/tg4-redesign-2015\/wp-content\/uploads\/2021\/06\/Tuarasca%CC%81il_Cu%CC%81rsai%CC%81-Reatha-TG4_Acadamh%E2%80%A2%E2%80%A2%E2%80%A2BE%CC%81ARLA-21Meith-1.pdf\" rel=\"noopener\" target=\"_blank\">Nuacht, C\u00farsa\u00ed Reatha agus Pobal Labhartha na Gaeilge &#8211; Report<\/a><br \/>\n&nbsp;<br \/>\n&nbsp;<br \/>\n<a href=\"https:\/\/tg4-docs.s3.amazonaws.com\/tg4-redesign-2015\/wp-content\/uploads\/2021\/06\/Tuarascail_Nuacht_Cursai_Reatha-Wordcloud_1_1920x1080.jpg\"><img loading=\"lazy\" decoding=\"async\" width=\"1920\" height=\"1080\" src=\"https:\/\/tg4-docs.s3.amazonaws.com\/tg4-redesign-2015\/wp-content\/uploads\/2021\/06\/Tuarascail_Nuacht_Cursai_Reatha-Wordcloud_1_1920x1080.jpg\" alt=\"\" class=\"aligncenter size-full wp-image-121419\" srcset=\"https:\/\/tg4-docs.s3.amazonaws.com\/tg4-redesign-2015\/wp-content\/uploads\/2021\/06\/Tuarascail_Nuacht_Cursai_Reatha-Wordcloud_1_1920x1080.jpg 1920w, https:\/\/tg4-docs.s3.amazonaws.com\/tg4-redesign-2015\/wp-content\/uploads\/2021\/06\/Tuarascail_Nuacht_Cursai_Reatha-Wordcloud_1_1920x1080-250x141.jpg 250w, https:\/\/tg4-docs.s3.amazonaws.com\/tg4-redesign-2015\/wp-content\/uploads\/2021\/06\/Tuarascail_Nuacht_Cursai_Reatha-Wordcloud_1_1920x1080-700x394.jpg 700w, https:\/\/tg4-docs.s3.amazonaws.com\/tg4-redesign-2015\/wp-content\/uploads\/2021\/06\/Tuarascail_Nuacht_Cursai_Reatha-Wordcloud_1_1920x1080-252x141.jpg 252w, https:\/\/tg4-docs.s3.amazonaws.com\/tg4-redesign-2015\/wp-content\/uploads\/2021\/06\/Tuarascail_Nuacht_Cursai_Reatha-Wordcloud_1_1920x1080-1536x864.jpg 1536w, https:\/\/tg4-docs.s3.amazonaws.com\/tg4-redesign-2015\/wp-content\/uploads\/2021\/06\/Tuarascail_Nuacht_Cursai_Reatha-Wordcloud_1_1920x1080-120x68.jpg 120w\" sizes=\"(max-width: 1920px) 100vw, 1920px\" \/><\/a><br \/>\n&nbsp;<\/p>\n","protected":false},"excerpt":{"rendered":"<p>A new research report representing the views of Irish language speakers towards the provision of news and current affairs available to them published today shows that there is a high level of satisfaction with the quality of news in Irish, but they want a broader and more extensive news provision. &nbsp; &nbsp; The report Nuacht [&hellip;]<\/p>\n","protected":false},"author":876,"featured_media":0,"parent":115587,"menu_order":29,"comment_status":"closed","ping_status":"closed","template":"page-templates\/template-pr.php","meta":{"_acf_changed":false,"footnotes":""},"acf":[],"yoast_head":"<!-- This site is optimized with the Yoast SEO plugin v22.6 - https:\/\/yoast.com\/wordpress\/plugins\/seo\/ -->\n<title>TG4 | Irish Language Communities seek a broader and extensive news service from TG4 | 2021 | Press Releases | Press | Irish Television Channel, S\u00fail Eile<\/title>\n<meta name=\"description\" content=\"New research sees Irish Language Communities seek more from TG4 News\" \/>\n<meta name=\"robots\" content=\"index, follow, max-snippet:-1, max-image-preview:large, max-video-preview:-1\" \/>\n<meta property=\"og:locale\" content=\"en_US\" \/>\n<meta property=\"og:type\" content=\"article\" \/>\n<meta property=\"og:title\" content=\"TG4 | Irish Language Communities seek a broader and extensive news service from TG4 | 2021 | Press Releases | Press | Irish Television Channel, S\u00fail Eile\" \/>\n<meta property=\"og:description\" content=\"New research sees Irish Language Communities seek more from TG4 News\" \/>\n<meta property=\"og:url\" content=\"https:\/\/dev.tg4.ie\/en\/information\/press\/press-releases\/2021-2\/irish-language-communities-seek-a-broader-and-extensive-news-service-from-tg4\/\" \/>\n<meta property=\"og:site_name\" content=\"TG4\" \/>\n<meta property=\"article:publisher\" content=\"https:\/\/www.facebook.com\/TG4TV\" \/>\n<meta property=\"article:modified_time\" content=\"2021-11-05T09:28:54+00:00\" \/>\n<meta property=\"og:image\" content=\"https:\/\/tg4-docs.s3.amazonaws.com\/tg4-redesign-2015\/wp-content\/uploads\/2021\/06\/Infograific-Tuarascail-Cursai-Reatha_1_1920x1080.jpg\" \/>\n\t<meta property=\"og:image:width\" content=\"1920\" \/>\n\t<meta property=\"og:image:height\" content=\"1080\" \/>\n\t<meta property=\"og:image:type\" content=\"image\/jpeg\" \/>\n<meta name=\"twitter:card\" content=\"summary_large_image\" \/>\n<meta name=\"twitter:image\" content=\"https:\/\/tg4-docs.s3.amazonaws.com\/tg4-redesign-2015\/wp-content\/uploads\/2021\/06\/Infograific-Tuarascail-Cursai-Reatha_1_1920x1080.jpg\" \/>\n<meta name=\"twitter:site\" content=\"@TG4TV\" \/>\n<meta name=\"twitter:label1\" content=\"Est. reading time\" \/>\n\t<meta name=\"twitter:data1\" content=\"3 minutes\" \/>\n<script type=\"application\/ld+json\" class=\"yoast-schema-graph\">{\"@context\":\"https:\/\/schema.org\",\"@graph\":[{\"@type\":\"WebPage\",\"@id\":\"https:\/\/dev.tg4.ie\/en\/information\/press\/press-releases\/2021-2\/irish-language-communities-seek-a-broader-and-extensive-news-service-from-tg4\/\",\"url\":\"https:\/\/dev.tg4.ie\/en\/information\/press\/press-releases\/2021-2\/irish-language-communities-seek-a-broader-and-extensive-news-service-from-tg4\/\",\"name\":\"TG4 | Irish Language Communities seek a broader and extensive news service from TG4 | 2021 | Press Releases | Press | Irish Television Channel, S\u00fail Eile\",\"isPartOf\":{\"@id\":\"https:\/\/dev.tg4.ie\/en\/#website\"},\"primaryImageOfPage\":{\"@id\":\"https:\/\/dev.tg4.ie\/en\/information\/press\/press-releases\/2021-2\/irish-language-communities-seek-a-broader-and-extensive-news-service-from-tg4\/#primaryimage\"},\"image\":{\"@id\":\"https:\/\/dev.tg4.ie\/en\/information\/press\/press-releases\/2021-2\/irish-language-communities-seek-a-broader-and-extensive-news-service-from-tg4\/#primaryimage\"},\"thumbnailUrl\":\"https:\/\/dev.tg4.ie\/wp-content\/uploads\/2021\/06\/Infograific-Tuarascail-Cursai-Reatha_1_1920x1080.jpg\",\"datePublished\":\"2021-06-21T18:25:49+00:00\",\"dateModified\":\"2021-11-05T09:28:54+00:00\",\"description\":\"New research sees Irish Language Communities seek more from TG4 News\",\"breadcrumb\":{\"@id\":\"https:\/\/dev.tg4.ie\/en\/information\/press\/press-releases\/2021-2\/irish-language-communities-seek-a-broader-and-extensive-news-service-from-tg4\/#breadcrumb\"},\"inLanguage\":\"en-ie\",\"potentialAction\":[{\"@type\":\"ReadAction\",\"target\":[\"https:\/\/dev.tg4.ie\/en\/information\/press\/press-releases\/2021-2\/irish-language-communities-seek-a-broader-and-extensive-news-service-from-tg4\/\"]}]},{\"@type\":\"ImageObject\",\"inLanguage\":\"en-ie\",\"@id\":\"https:\/\/dev.tg4.ie\/en\/information\/press\/press-releases\/2021-2\/irish-language-communities-seek-a-broader-and-extensive-news-service-from-tg4\/#primaryimage\",\"url\":\"https:\/\/dev.tg4.ie\/wp-content\/uploads\/2021\/06\/Infograific-Tuarascail-Cursai-Reatha_1_1920x1080.jpg\",\"contentUrl\":\"https:\/\/dev.tg4.ie\/wp-content\/uploads\/2021\/06\/Infograific-Tuarascail-Cursai-Reatha_1_1920x1080.jpg\"},{\"@type\":\"BreadcrumbList\",\"@id\":\"https:\/\/dev.tg4.ie\/en\/information\/press\/press-releases\/2021-2\/irish-language-communities-seek-a-broader-and-extensive-news-service-from-tg4\/#breadcrumb\",\"itemListElement\":[{\"@type\":\"ListItem\",\"position\":1,\"name\":\"Home\",\"item\":\"https:\/\/dev.tg4.ie\/en\/\"},{\"@type\":\"ListItem\",\"position\":2,\"name\":\"Information\",\"item\":\"https:\/\/dev.tg4.ie\/en\/information\/\"},{\"@type\":\"ListItem\",\"position\":3,\"name\":\"Press\",\"item\":\"https:\/\/dev.tg4.ie\/en\/information\/press\/\"},{\"@type\":\"ListItem\",\"position\":4,\"name\":\"Press Releases\",\"item\":\"https:\/\/dev.tg4.ie\/en\/information\/press\/press-releases\/\"},{\"@type\":\"ListItem\",\"position\":5,\"name\":\"2021\",\"item\":\"https:\/\/dev.tg4.ie\/en\/information\/press\/press-releases\/2021-2\/\"},{\"@type\":\"ListItem\",\"position\":6,\"name\":\"Irish Language Communities seek a broader and extensive news service from TG4\"}]},{\"@type\":\"WebSite\",\"@id\":\"https:\/\/dev.tg4.ie\/en\/#website\",\"url\":\"https:\/\/dev.tg4.ie\/en\/\",\"name\":\"TG4\",\"description\":\"S\u00fail Eile\",\"potentialAction\":[{\"@type\":\"SearchAction\",\"target\":{\"@type\":\"EntryPoint\",\"urlTemplate\":\"https:\/\/dev.tg4.ie\/en\/?s={search_term_string}\"},\"query-input\":\"required name=search_term_string\"}],\"inLanguage\":\"en-ie\"}]}<\/script>\n<!-- \/ Yoast SEO plugin. -->","yoast_head_json":{"title":"TG4 | Irish Language Communities seek a broader and extensive news service from TG4 | 2021 | Press Releases | Press | Irish Television Channel, S\u00fail Eile","description":"New research sees Irish Language Communities seek more from TG4 News","robots":{"index":"index","follow":"follow","max-snippet":"max-snippet:-1","max-image-preview":"max-image-preview:large","max-video-preview":"max-video-preview:-1"},"og_locale":"en_US","og_type":"article","og_title":"TG4 | Irish Language Communities seek a broader and extensive news service from TG4 | 2021 | Press Releases | Press | Irish Television Channel, S\u00fail Eile","og_description":"New research sees Irish Language Communities seek more from TG4 News","og_url":"https:\/\/dev.tg4.ie\/en\/information\/press\/press-releases\/2021-2\/irish-language-communities-seek-a-broader-and-extensive-news-service-from-tg4\/","og_site_name":"TG4","article_publisher":"https:\/\/www.facebook.com\/TG4TV","article_modified_time":"2021-11-05T09:28:54+00:00","og_image":[{"width":1920,"height":1080,"url":"https:\/\/tg4-docs.s3.amazonaws.com\/tg4-redesign-2015\/wp-content\/uploads\/2021\/06\/Infograific-Tuarascail-Cursai-Reatha_1_1920x1080.jpg","type":"image\/jpeg"}],"twitter_card":"summary_large_image","twitter_image":"https:\/\/tg4-docs.s3.amazonaws.com\/tg4-redesign-2015\/wp-content\/uploads\/2021\/06\/Infograific-Tuarascail-Cursai-Reatha_1_1920x1080.jpg","twitter_site":"@TG4TV","twitter_misc":{"Est. reading time":"3 minutes"},"schema":{"@context":"https:\/\/schema.org","@graph":[{"@type":"WebPage","@id":"https:\/\/dev.tg4.ie\/en\/information\/press\/press-releases\/2021-2\/irish-language-communities-seek-a-broader-and-extensive-news-service-from-tg4\/","url":"https:\/\/dev.tg4.ie\/en\/information\/press\/press-releases\/2021-2\/irish-language-communities-seek-a-broader-and-extensive-news-service-from-tg4\/","name":"TG4 | Irish Language Communities seek a broader and extensive news service from TG4 | 2021 | Press Releases | Press | Irish Television Channel, S\u00fail Eile","isPartOf":{"@id":"https:\/\/dev.tg4.ie\/en\/#website"},"primaryImageOfPage":{"@id":"https:\/\/dev.tg4.ie\/en\/information\/press\/press-releases\/2021-2\/irish-language-communities-seek-a-broader-and-extensive-news-service-from-tg4\/#primaryimage"},"image":{"@id":"https:\/\/dev.tg4.ie\/en\/information\/press\/press-releases\/2021-2\/irish-language-communities-seek-a-broader-and-extensive-news-service-from-tg4\/#primaryimage"},"thumbnailUrl":"https:\/\/dev.tg4.ie\/wp-content\/uploads\/2021\/06\/Infograific-Tuarascail-Cursai-Reatha_1_1920x1080.jpg","datePublished":"2021-06-21T18:25:49+00:00","dateModified":"2021-11-05T09:28:54+00:00","description":"New research sees Irish Language Communities seek more from TG4 News","breadcrumb":{"@id":"https:\/\/dev.tg4.ie\/en\/information\/press\/press-releases\/2021-2\/irish-language-communities-seek-a-broader-and-extensive-news-service-from-tg4\/#breadcrumb"},"inLanguage":"en-ie","potentialAction":[{"@type":"ReadAction","target":["https:\/\/dev.tg4.ie\/en\/information\/press\/press-releases\/2021-2\/irish-language-communities-seek-a-broader-and-extensive-news-service-from-tg4\/"]}]},{"@type":"ImageObject","inLanguage":"en-ie","@id":"https:\/\/dev.tg4.ie\/en\/information\/press\/press-releases\/2021-2\/irish-language-communities-seek-a-broader-and-extensive-news-service-from-tg4\/#primaryimage","url":"https:\/\/dev.tg4.ie\/wp-content\/uploads\/2021\/06\/Infograific-Tuarascail-Cursai-Reatha_1_1920x1080.jpg","contentUrl":"https:\/\/dev.tg4.ie\/wp-content\/uploads\/2021\/06\/Infograific-Tuarascail-Cursai-Reatha_1_1920x1080.jpg"},{"@type":"BreadcrumbList","@id":"https:\/\/dev.tg4.ie\/en\/information\/press\/press-releases\/2021-2\/irish-language-communities-seek-a-broader-and-extensive-news-service-from-tg4\/#breadcrumb","itemListElement":[{"@type":"ListItem","position":1,"name":"Home","item":"https:\/\/dev.tg4.ie\/en\/"},{"@type":"ListItem","position":2,"name":"Information","item":"https:\/\/dev.tg4.ie\/en\/information\/"},{"@type":"ListItem","position":3,"name":"Press","item":"https:\/\/dev.tg4.ie\/en\/information\/press\/"},{"@type":"ListItem","position":4,"name":"Press Releases","item":"https:\/\/dev.tg4.ie\/en\/information\/press\/press-releases\/"},{"@type":"ListItem","position":5,"name":"2021","item":"https:\/\/dev.tg4.ie\/en\/information\/press\/press-releases\/2021-2\/"},{"@type":"ListItem","position":6,"name":"Irish Language Communities seek a broader and extensive news service from TG4"}]},{"@type":"WebSite","@id":"https:\/\/dev.tg4.ie\/en\/#website","url":"https:\/\/dev.tg4.ie\/en\/","name":"TG4","description":"S\u00fail Eile","potentialAction":[{"@type":"SearchAction","target":{"@type":"EntryPoint","urlTemplate":"https:\/\/dev.tg4.ie\/en\/?s={search_term_string}"},"query-input":"required name=search_term_string"}],"inLanguage":"en-ie"}]}},"_links":{"self":[{"href":"https:\/\/dev.tg4.ie\/en\/wp-json\/wp\/v2\/pages\/121394"}],"collection":[{"href":"https:\/\/dev.tg4.ie\/en\/wp-json\/wp\/v2\/pages"}],"about":[{"href":"https:\/\/dev.tg4.ie\/en\/wp-json\/wp\/v2\/types\/page"}],"author":[{"embeddable":true,"href":"https:\/\/dev.tg4.ie\/en\/wp-json\/wp\/v2\/users\/876"}],"replies":[{"embeddable":true,"href":"https:\/\/dev.tg4.ie\/en\/wp-json\/wp\/v2\/comments?post=121394"}],"version-history":[{"count":0,"href":"https:\/\/dev.tg4.ie\/en\/wp-json\/wp\/v2\/pages\/121394\/revisions"}],"up":[{"embeddable":true,"href":"https:\/\/dev.tg4.ie\/en\/wp-json\/wp\/v2\/pages\/115587"}],"wp:attachment":[{"href":"https:\/\/dev.tg4.ie\/en\/wp-json\/wp\/v2\/media?parent=121394"}],"curies":[{"name":"wp","href":"https:\/\/api.w.org\/{rel}","templated":true}]}}