{"id":124975,"date":"2021-07-07T11:18:21","date_gmt":"2021-07-07T10:18:21","guid":{"rendered":"https:\/\/dev.tg4.ie\/?page_id=124975"},"modified":"2021-11-05T09:38:41","modified_gmt":"2021-11-05T09:38:41","slug":"lgfa-and-tg4-confirm-live-coverage","status":"publish","type":"page","link":"https:\/\/dev.tg4.ie\/en\/information\/press\/press-releases\/2021-2\/lgfa-and-tg4-confirm-live-coverage\/","title":{"rendered":"LGFA and TG4 confirm LIVE coverage of all 63 games in the 2021 Championships"},"content":{"rendered":"<p><strong>13 games pencilled in for TG4 coverage; 50 streamed on the LGFA and TG4\u2019s dedicated Championship portal<\/strong><br \/>\n&nbsp;<br \/>\n<a href=\"https:\/\/tg4-docs.s3.amazonaws.com\/tg4-redesign-2015\/wp-content\/uploads\/2021\/07\/Peil_na_mBan_2021_1_1280x720.jpg\"><img loading=\"lazy\" decoding=\"async\" width=\"1280\" height=\"720\" src=\"https:\/\/tg4-docs.s3.amazonaws.com\/tg4-redesign-2015\/wp-content\/uploads\/2021\/07\/Peil_na_mBan_2021_1_1280x720.jpg\" alt=\"\" class=\"aligncenter size-full wp-image-124966\" srcset=\"https:\/\/tg4-docs.s3.amazonaws.com\/tg4-redesign-2015\/wp-content\/uploads\/2021\/07\/Peil_na_mBan_2021_1_1280x720.jpg 1280w, https:\/\/tg4-docs.s3.amazonaws.com\/tg4-redesign-2015\/wp-content\/uploads\/2021\/07\/Peil_na_mBan_2021_1_1280x720-250x141.jpg 250w, https:\/\/tg4-docs.s3.amazonaws.com\/tg4-redesign-2015\/wp-content\/uploads\/2021\/07\/Peil_na_mBan_2021_1_1280x720-700x394.jpg 700w, https:\/\/tg4-docs.s3.amazonaws.com\/tg4-redesign-2015\/wp-content\/uploads\/2021\/07\/Peil_na_mBan_2021_1_1280x720-252x141.jpg 252w, https:\/\/tg4-docs.s3.amazonaws.com\/tg4-redesign-2015\/wp-content\/uploads\/2021\/07\/Peil_na_mBan_2021_1_1280x720-120x68.jpg 120w\" sizes=\"(max-width: 1280px) 100vw, 1280px\" \/><\/a><br \/>\n&nbsp;<\/p>\n<p>The Ladies Gaelic Football Association and Championship sponsors TG4 have today announced a bumper schedule of live summer action.<\/p>\n<p>It has been confirmed that all 63 games in the 2021 TG4 All-Ireland Championships will be available to watch LIVE \u2013 and Friday night football is back!<br \/>\n&nbsp;<\/p>\n<div style=\"position: relative; overflow: auto; width: 100%; padding-bottom: 56.25%;\"><iframe loading=\"lazy\" src=\"https:\/\/www.youtube.com\/embed\/_tZO5mBE8-Y\" width=\"100%\" height=\"100%\" frameborder=\"0\" scrolling=\"no\" allowFullscreen=\"true\" style=\"position: absolute; top: 0px; display: block;\"><\/iframe><\/div>\n<p>&nbsp;<br \/>\nTG4 will screen a total of 13 live games \u2013 including an All-Ireland Final triple-header from Croke Park on Sunday, September 5, when the Junior, Intermediate and Senior champions will be crowned. <\/p>\n<p>TG4\u2019s exclusive coverage begins this Friday, July 9, with the meeting of meeting of Galway and Kerry in Group D of the Senior Championship (throw-in, 7.30pm).<\/p>\n<p>The Friday night fare continues with the Ulster derby clash between Armagh and Cavan on Friday, July 16, while Tipperary will play Meath in another Friday night offering on July 23.<\/p>\n<p>The pivotal Group 4 showdown between Kerry and Donegal is also live on Saturday, July 24, while TG4 will broadcast all four Senior Championship quarter-finals across the August Bank Holiday weekend, along with the Senior Championship semi-finals on Saturday, August 14.<\/p>\n<p>In addition, the remaining 50 matches across the Junior, Intermediate and Senior Championships will be available to view live on the LGFA and TG4\u2019s dedicated Championship online portal: <a href=\"https:\/\/page.inplayer.com\/peilnamban\" rel=\"noopener\" target=\"_blank\"><strong>https:\/\/page.inplayer.com\/peilnamban<\/strong><\/a><\/p>\n<p>This announcement comes as 2021 marks the 21st season of TG4\u2019s sponsorship of the All-Ireland Ladies Football Championships \u2013 and the 21st year of live TV coverage of the All-Ireland Finals.<\/p>\n<p>31 counties will set out on the road to potential glory, with 13 teams competing in the Senior Championship, 13 in the Intermediate grade, and five in the Junior Championship.<\/p>\n<p>Peil na mBan Beo will be available to audiences globally on the TG4 Player at <a href=\"https:\/\/dev.tg4.ie\/beo\" rel=\"noopener\" target=\"_blank\"><strong>www.tg4.ie\/beo<\/strong><\/a> and on the TG4 Mobile and Smart TV App.<\/p>\n<p>Sp\u00f3rt TG4 will also have exclusive behind the scenes action from the championships across its social media channels.<\/p>\n<p>Speaking to mark the launch of the 2021 TG4 Championships, <strong>TG4 Ardsti\u00farth\u00f3ir TG4 Alan Esslemont<\/strong> said: <em>\u201cFor 21 years now, TG4 has been the proud sponsor of the TG4 All-Ireland Ladies Football Championships, during which time we have been the sport\u2019s exclusive broadcaster and passionate partner of Peil na mBan\/LGFA. TG4 is delighted to continue to lead the way, ensuring that women\u2019s sport is front and centre for television audiences. Already this year, we have aired 150% more games from the 2021 Lidl Ladies National Football Leagues; we will continue to make even more games available to the public, free to air, nationally and internationally across all our broadcast platforms. Above all, I look forward to all the sporting action over the summer and to hearing the roar of the crowd (however many they may be) at the TG4 All-Ireland Finals in Croke Park this September.\u201d<\/em><\/p>\n<p><strong>Ladies Gaelic Football Association President M\u00edche\u00e1l Naughton<\/strong> commented: <em>\u201cWe\u2019re looking forward to another brilliant season of TG4 All-Ireland Championship Football, coming hot on the heels of a memorable Lidl National League campaign. This is the 21st year of our long-standing partnership with TG4, which continues to go from strength to strength. We\u2019re grateful to our Championship sponsors and official broadcast partner for their continued investment in, and support of, our Championships. We\u2019re in a position, too, where we can welcome back spectators to our fixtures, albeit in a limited capacity for now, but their presence will add to our games and we look forward to welcoming our loyal supporters back through the turnstiles. It promises to be another memorable Championship season up to Sunday, September 5, when we will crown our Junior, Intermediate and Senior Champions for 2021. You can follow all of the action on TG4 and on our dedicated Championship portal \u2013 with all 63 games available to view live. For the #ProperFan in your life, this is a real treat and we\u2019re sure to witness many spectacular moments before the West County Hotel, Mary Quinn Memorial and Brendan Martin Cups are handed over.\u201d<\/em><\/p>\n<p>TG4 has also confirmed that former Galway star M\u00e1ire N\u00ed Bhraon\u00e1in will lead the Irish language broadcaster\u2019s Peil na mBan Beo coverage once again for the forthcoming season.<\/p>\n<p>M\u00e1ire will be joined on live coverage by a top-class team of analysts. Cork legend Rena Buckley, an 11-time TG4 All-Ireland Senior medallist, is on board again alongside Dublin\u2019s Sorcha Furlong, a leading figure in the breakthrough 2010 win for the Sky Blues.<\/p>\n<p>2020 TG4 All-Ireland Intermediate winner and Players\u2019 Player of the Year Vikki Wall will also provide expert insight \u2013 and she\u2019s a key member of the Meath team now preparing for Senior Championship fare. Former Waterford star Michelle Ryan, ex-Dublin ace Sin\u00e9ad Finnegan, and Cork\u2019s Rh\u00f3na N\u00ed Bhuachalla, who netted crucial goals in the 2014 and 2016 TG4 All-Ireland Senior Finals, make up the star-studded TG4 team.<\/p>\n<p>A host of leading inter-county stars joined M\u00e1ire at the stunning Aasleagh Falls, Leenane, County Mayo, to mark the launch of the 2021 TG4 All-Ireland Championships.<\/p>\n<p>In attendance were Dublin\u2019s long-serving star Lyndsey Davey, a five-time TG4 All-Ireland Senior medallist, Armagh\u2019s Blaith\u00edn Mackin, Mayo ace Niamh Kelly, and Kerry\u2019s Aishling O\u2019Connell.<\/p>\n<p>The senior players were joined at Aasleagh Falls by Intermediate duo Sin\u00e9ad Kenny (Roscommon) and Fiona Claffey (Westmeath), as well as Junior players Gr\u00e1inne McLoughlin (Antrim) and Niamh McCarthy (Limerick).<\/p>\n<p>In the 2021 TG4 Senior Championship, Dublin are the team to catch as the Sky Blues, who recently captured the Lidl National League Division 1 title, aim for a fifth successive Brendan Martin Cup win.<\/p>\n<p>Dublin\u2019s opening fixture in the 2021 TG4 All-Ireland Senior Championship will be streamed live next Saturday, July 10, when they take on Tyrone at Kingspan Breffni.<\/p>\n<p>Dublin will face stiff opposition from last year\u2019s beaten finalists, Cork, who also succumbed to Mick Bohan\u2019s charges in the 2021 Lidl NFL Final.<\/p>\n<p>2020 semi-finalists Galway and Armagh are other teams to watch out for in the Senior grade, along with Mayo, under the management of former county star Michael Moyles.<\/p>\n<p>Westmeath, meanwhile, will be aiming to go one step further in the Intermediate Championship, after suffering defeat to Meath at Croke Park last December.<\/p>\n<p>And in the Junior grade, five teams are bidding for glory, namely Antrim, Carlow, Derry, Limerick and Wicklow, who were runners-up last year.<br \/>\n&nbsp;<\/p>\n<p>#ProperFan<br \/>\n&nbsp;<\/p>\n<p>TG4 All Ireland Ladies Football Championship 2021 \u2013 All ties at 2pm unless stated<br \/>\n&nbsp;<\/p>\n<p><strong>Friday 9th July 2021<\/strong><\/p>\n<p><em>TG4 All Ireland Senior Championship \u2013 Group 4 &#8211; Round 1 \u2013 Live on TG4<\/em><br \/>\nGalway v Kerry &#8211; Cusack Park, Ennis, 7.30pm<br \/>\n&nbsp;<\/p>\n<p><strong>Saturday 10th July 2021<\/strong><\/p>\n<p><em>TG4 All Ireland Senior Championship \u2013 Group 1 &#8211; Round 1<\/em><br \/>\nArmagh v Monaghan &#8211; Athletic Grounds.<br \/>\nCavan v Mayo &#8211; Markievicz Park. <\/p>\n<p><em>TG4 All Ireland Senior Championship \u2013 Group 2 &#8211; Round 1<\/em><br \/>\nCork v Meath &#8211; St Brendans Park, Birr.<\/p>\n<p><em>TG4 All Ireland Senior Championship \u2013 Group 3 &#8211; Round 1<\/em><br \/>\nDublin v Tyrone- Kingspan Breffni. <\/p>\n<p><em>TG4 All Ireland Intermediate Championship \u2013 Group 2 &#8211; Round 1<\/em><br \/>\nLeitrim v Fermanagh &#8211; Ballinamore Sean O\u2019Heslins.<\/p>\n<p><em>TG4 All Ireland Junior Championship &#8211; Round 1<\/em><br \/>\nAntrim v Derry &#8211; Corrigan Park, Belfast.<br \/>\n&nbsp;<\/p>\n<p><strong>Sunday 11th July 2021<\/strong><\/p>\n<p><em>TG4 All Ireland Intermediate Championship \u2013 Group 1 &#8211; Round 1<\/em><br \/>\nWestmeath v Longford &#8211; TEG Cusack Park, Mullingar.<br \/>\nWexford v Sligo &#8211; Ferbane.   <\/p>\n<p><em>TG4 All Ireland Intermediate Championship \u2013 Group 3 &#8211; Round 1<\/em><br \/>\nRoscommon v Kildare &#8211; Duggan Park, Ballinasloe.<\/p>\n<p><em>TG4 All Ireland Intermediate Championship \u2013 Group 4 &#8211; Round 1<\/em><br \/>\nDown v Offaly &#8211; Lannleire, Dunleer, 1pm.<\/p>\n<p><em>TG4 All Ireland Junior Championship &#8211; Round 1<\/em><br \/>\nLimerick v Wicklow &#8211; John Lockes, Callan.<br \/>\n&nbsp;<br \/>\n&nbsp;<\/p>\n","protected":false},"excerpt":{"rendered":"<p>13 games pencilled in for TG4 coverage; 50 streamed on the LGFA and TG4\u2019s dedicated Championship portal &nbsp; &nbsp; The Ladies Gaelic Football Association and Championship sponsors TG4 have today announced a bumper schedule of live summer action. It has been confirmed that all 63 games in the 2021 TG4 All-Ireland Championships will be available [&hellip;]<\/p>\n","protected":false},"author":876,"featured_media":0,"parent":115587,"menu_order":32,"comment_status":"closed","ping_status":"closed","template":"page-templates\/template-pr.php","meta":{"_acf_changed":false,"footnotes":""},"acf":[],"yoast_head":"<!-- This site is optimized with the Yoast SEO plugin v22.6 - https:\/\/yoast.com\/wordpress\/plugins\/seo\/ -->\n<title>TG4 | LGFA and TG4 confirm LIVE coverage of all 63 games in the 2021 Championships | 2021 | Press Releases | Press | Irish Television Channel, S\u00fail Eile<\/title>\n<meta name=\"description\" content=\"TG4 in collaboration with LGFA are delighted to announce live coverage of all 64 Ladies All-Ireland Football Championship\" \/>\n<meta name=\"robots\" content=\"index, follow, max-snippet:-1, max-image-preview:large, max-video-preview:-1\" \/>\n<meta property=\"og:locale\" content=\"en_US\" \/>\n<meta property=\"og:type\" content=\"article\" \/>\n<meta property=\"og:title\" content=\"TG4 | LGFA and TG4 confirm LIVE coverage of all 63 games in the 2021 Championships | 2021 | Press Releases | Press | Irish Television Channel, S\u00fail Eile\" \/>\n<meta property=\"og:description\" content=\"TG4 in collaboration with LGFA are delighted to announce live coverage of all 64 Ladies All-Ireland Football Championship\" \/>\n<meta property=\"og:url\" content=\"https:\/\/dev.tg4.ie\/en\/information\/press\/press-releases\/2021-2\/lgfa-and-tg4-confirm-live-coverage\/\" \/>\n<meta property=\"og:site_name\" content=\"TG4\" \/>\n<meta property=\"article:publisher\" content=\"https:\/\/www.facebook.com\/TG4TV\" \/>\n<meta property=\"article:modified_time\" content=\"2021-11-05T09:38:41+00:00\" \/>\n<meta property=\"og:image\" content=\"https:\/\/tg4-docs.s3.amazonaws.com\/tg4-redesign-2015\/wp-content\/uploads\/2021\/07\/Peil_na_mBan_2021_1_1280x720.jpg\" \/>\n\t<meta property=\"og:image:width\" content=\"1280\" \/>\n\t<meta property=\"og:image:height\" content=\"720\" \/>\n\t<meta property=\"og:image:type\" content=\"image\/jpeg\" \/>\n<meta name=\"twitter:card\" content=\"summary_large_image\" \/>\n<meta name=\"twitter:image\" content=\"https:\/\/tg4-docs.s3.amazonaws.com\/tg4-redesign-2015\/wp-content\/uploads\/2021\/07\/Peil_na_mBan_2021_1_1280x720.jpg\" \/>\n<meta name=\"twitter:site\" content=\"@TG4TV\" \/>\n<meta name=\"twitter:label1\" content=\"Est. reading time\" \/>\n\t<meta name=\"twitter:data1\" content=\"6 minutes\" \/>\n<script type=\"application\/ld+json\" class=\"yoast-schema-graph\">{\"@context\":\"https:\/\/schema.org\",\"@graph\":[{\"@type\":\"WebPage\",\"@id\":\"https:\/\/dev.tg4.ie\/en\/information\/press\/press-releases\/2021-2\/lgfa-and-tg4-confirm-live-coverage\/\",\"url\":\"https:\/\/dev.tg4.ie\/en\/information\/press\/press-releases\/2021-2\/lgfa-and-tg4-confirm-live-coverage\/\",\"name\":\"TG4 | LGFA and TG4 confirm LIVE coverage of all 63 games in the 2021 Championships | 2021 | Press Releases | Press | Irish Television Channel, S\u00fail Eile\",\"isPartOf\":{\"@id\":\"https:\/\/dev.tg4.ie\/en\/#website\"},\"primaryImageOfPage\":{\"@id\":\"https:\/\/dev.tg4.ie\/en\/information\/press\/press-releases\/2021-2\/lgfa-and-tg4-confirm-live-coverage\/#primaryimage\"},\"image\":{\"@id\":\"https:\/\/dev.tg4.ie\/en\/information\/press\/press-releases\/2021-2\/lgfa-and-tg4-confirm-live-coverage\/#primaryimage\"},\"thumbnailUrl\":\"https:\/\/dev.tg4.ie\/wp-content\/uploads\/2021\/07\/Peil_na_mBan_2021_1_1280x720.jpg\",\"datePublished\":\"2021-07-07T10:18:21+00:00\",\"dateModified\":\"2021-11-05T09:38:41+00:00\",\"description\":\"TG4 in collaboration with LGFA are delighted to announce live coverage of all 64 Ladies All-Ireland Football Championship\",\"breadcrumb\":{\"@id\":\"https:\/\/dev.tg4.ie\/en\/information\/press\/press-releases\/2021-2\/lgfa-and-tg4-confirm-live-coverage\/#breadcrumb\"},\"inLanguage\":\"en-ie\",\"potentialAction\":[{\"@type\":\"ReadAction\",\"target\":[\"https:\/\/dev.tg4.ie\/en\/information\/press\/press-releases\/2021-2\/lgfa-and-tg4-confirm-live-coverage\/\"]}]},{\"@type\":\"ImageObject\",\"inLanguage\":\"en-ie\",\"@id\":\"https:\/\/dev.tg4.ie\/en\/information\/press\/press-releases\/2021-2\/lgfa-and-tg4-confirm-live-coverage\/#primaryimage\",\"url\":\"https:\/\/dev.tg4.ie\/wp-content\/uploads\/2021\/07\/Peil_na_mBan_2021_1_1280x720.jpg\",\"contentUrl\":\"https:\/\/dev.tg4.ie\/wp-content\/uploads\/2021\/07\/Peil_na_mBan_2021_1_1280x720.jpg\"},{\"@type\":\"BreadcrumbList\",\"@id\":\"https:\/\/dev.tg4.ie\/en\/information\/press\/press-releases\/2021-2\/lgfa-and-tg4-confirm-live-coverage\/#breadcrumb\",\"itemListElement\":[{\"@type\":\"ListItem\",\"position\":1,\"name\":\"Home\",\"item\":\"https:\/\/dev.tg4.ie\/en\/\"},{\"@type\":\"ListItem\",\"position\":2,\"name\":\"Information\",\"item\":\"https:\/\/dev.tg4.ie\/en\/information\/\"},{\"@type\":\"ListItem\",\"position\":3,\"name\":\"Press\",\"item\":\"https:\/\/dev.tg4.ie\/en\/information\/press\/\"},{\"@type\":\"ListItem\",\"position\":4,\"name\":\"Press Releases\",\"item\":\"https:\/\/dev.tg4.ie\/en\/information\/press\/press-releases\/\"},{\"@type\":\"ListItem\",\"position\":5,\"name\":\"2021\",\"item\":\"https:\/\/dev.tg4.ie\/en\/information\/press\/press-releases\/2021-2\/\"},{\"@type\":\"ListItem\",\"position\":6,\"name\":\"LGFA and TG4 confirm LIVE coverage of all 63 games in the 2021 Championships\"}]},{\"@type\":\"WebSite\",\"@id\":\"https:\/\/dev.tg4.ie\/en\/#website\",\"url\":\"https:\/\/dev.tg4.ie\/en\/\",\"name\":\"TG4\",\"description\":\"S\u00fail Eile\",\"potentialAction\":[{\"@type\":\"SearchAction\",\"target\":{\"@type\":\"EntryPoint\",\"urlTemplate\":\"https:\/\/dev.tg4.ie\/en\/?s={search_term_string}\"},\"query-input\":\"required name=search_term_string\"}],\"inLanguage\":\"en-ie\"}]}<\/script>\n<!-- \/ Yoast SEO plugin. -->","yoast_head_json":{"title":"TG4 | LGFA and TG4 confirm LIVE coverage of all 63 games in the 2021 Championships | 2021 | Press Releases | Press | Irish Television Channel, S\u00fail Eile","description":"TG4 in collaboration with LGFA are delighted to announce live coverage of all 64 Ladies All-Ireland Football Championship","robots":{"index":"index","follow":"follow","max-snippet":"max-snippet:-1","max-image-preview":"max-image-preview:large","max-video-preview":"max-video-preview:-1"},"og_locale":"en_US","og_type":"article","og_title":"TG4 | LGFA and TG4 confirm LIVE coverage of all 63 games in the 2021 Championships | 2021 | Press Releases | Press | Irish Television Channel, S\u00fail Eile","og_description":"TG4 in collaboration with LGFA are delighted to announce live coverage of all 64 Ladies All-Ireland Football Championship","og_url":"https:\/\/dev.tg4.ie\/en\/information\/press\/press-releases\/2021-2\/lgfa-and-tg4-confirm-live-coverage\/","og_site_name":"TG4","article_publisher":"https:\/\/www.facebook.com\/TG4TV","article_modified_time":"2021-11-05T09:38:41+00:00","og_image":[{"width":1280,"height":720,"url":"https:\/\/tg4-docs.s3.amazonaws.com\/tg4-redesign-2015\/wp-content\/uploads\/2021\/07\/Peil_na_mBan_2021_1_1280x720.jpg","type":"image\/jpeg"}],"twitter_card":"summary_large_image","twitter_image":"https:\/\/tg4-docs.s3.amazonaws.com\/tg4-redesign-2015\/wp-content\/uploads\/2021\/07\/Peil_na_mBan_2021_1_1280x720.jpg","twitter_site":"@TG4TV","twitter_misc":{"Est. reading time":"6 minutes"},"schema":{"@context":"https:\/\/schema.org","@graph":[{"@type":"WebPage","@id":"https:\/\/dev.tg4.ie\/en\/information\/press\/press-releases\/2021-2\/lgfa-and-tg4-confirm-live-coverage\/","url":"https:\/\/dev.tg4.ie\/en\/information\/press\/press-releases\/2021-2\/lgfa-and-tg4-confirm-live-coverage\/","name":"TG4 | LGFA and TG4 confirm LIVE coverage of all 63 games in the 2021 Championships | 2021 | Press Releases | Press | Irish Television Channel, S\u00fail Eile","isPartOf":{"@id":"https:\/\/dev.tg4.ie\/en\/#website"},"primaryImageOfPage":{"@id":"https:\/\/dev.tg4.ie\/en\/information\/press\/press-releases\/2021-2\/lgfa-and-tg4-confirm-live-coverage\/#primaryimage"},"image":{"@id":"https:\/\/dev.tg4.ie\/en\/information\/press\/press-releases\/2021-2\/lgfa-and-tg4-confirm-live-coverage\/#primaryimage"},"thumbnailUrl":"https:\/\/dev.tg4.ie\/wp-content\/uploads\/2021\/07\/Peil_na_mBan_2021_1_1280x720.jpg","datePublished":"2021-07-07T10:18:21+00:00","dateModified":"2021-11-05T09:38:41+00:00","description":"TG4 in collaboration with LGFA are delighted to announce live coverage of all 64 Ladies All-Ireland Football Championship","breadcrumb":{"@id":"https:\/\/dev.tg4.ie\/en\/information\/press\/press-releases\/2021-2\/lgfa-and-tg4-confirm-live-coverage\/#breadcrumb"},"inLanguage":"en-ie","potentialAction":[{"@type":"ReadAction","target":["https:\/\/dev.tg4.ie\/en\/information\/press\/press-releases\/2021-2\/lgfa-and-tg4-confirm-live-coverage\/"]}]},{"@type":"ImageObject","inLanguage":"en-ie","@id":"https:\/\/dev.tg4.ie\/en\/information\/press\/press-releases\/2021-2\/lgfa-and-tg4-confirm-live-coverage\/#primaryimage","url":"https:\/\/dev.tg4.ie\/wp-content\/uploads\/2021\/07\/Peil_na_mBan_2021_1_1280x720.jpg","contentUrl":"https:\/\/dev.tg4.ie\/wp-content\/uploads\/2021\/07\/Peil_na_mBan_2021_1_1280x720.jpg"},{"@type":"BreadcrumbList","@id":"https:\/\/dev.tg4.ie\/en\/information\/press\/press-releases\/2021-2\/lgfa-and-tg4-confirm-live-coverage\/#breadcrumb","itemListElement":[{"@type":"ListItem","position":1,"name":"Home","item":"https:\/\/dev.tg4.ie\/en\/"},{"@type":"ListItem","position":2,"name":"Information","item":"https:\/\/dev.tg4.ie\/en\/information\/"},{"@type":"ListItem","position":3,"name":"Press","item":"https:\/\/dev.tg4.ie\/en\/information\/press\/"},{"@type":"ListItem","position":4,"name":"Press Releases","item":"https:\/\/dev.tg4.ie\/en\/information\/press\/press-releases\/"},{"@type":"ListItem","position":5,"name":"2021","item":"https:\/\/dev.tg4.ie\/en\/information\/press\/press-releases\/2021-2\/"},{"@type":"ListItem","position":6,"name":"LGFA and TG4 confirm LIVE coverage of all 63 games in the 2021 Championships"}]},{"@type":"WebSite","@id":"https:\/\/dev.tg4.ie\/en\/#website","url":"https:\/\/dev.tg4.ie\/en\/","name":"TG4","description":"S\u00fail Eile","potentialAction":[{"@type":"SearchAction","target":{"@type":"EntryPoint","urlTemplate":"https:\/\/dev.tg4.ie\/en\/?s={search_term_string}"},"query-input":"required name=search_term_string"}],"inLanguage":"en-ie"}]}},"_links":{"self":[{"href":"https:\/\/dev.tg4.ie\/en\/wp-json\/wp\/v2\/pages\/124975"}],"collection":[{"href":"https:\/\/dev.tg4.ie\/en\/wp-json\/wp\/v2\/pages"}],"about":[{"href":"https:\/\/dev.tg4.ie\/en\/wp-json\/wp\/v2\/types\/page"}],"author":[{"embeddable":true,"href":"https:\/\/dev.tg4.ie\/en\/wp-json\/wp\/v2\/users\/876"}],"replies":[{"embeddable":true,"href":"https:\/\/dev.tg4.ie\/en\/wp-json\/wp\/v2\/comments?post=124975"}],"version-history":[{"count":0,"href":"https:\/\/dev.tg4.ie\/en\/wp-json\/wp\/v2\/pages\/124975\/revisions"}],"up":[{"embeddable":true,"href":"https:\/\/dev.tg4.ie\/en\/wp-json\/wp\/v2\/pages\/115587"}],"wp:attachment":[{"href":"https:\/\/dev.tg4.ie\/en\/wp-json\/wp\/v2\/media?parent=124975"}],"curies":[{"name":"wp","href":"https:\/\/api.w.org\/{rel}","templated":true}]}}