{"id":128764,"date":"2021-07-26T11:14:00","date_gmt":"2021-07-26T10:14:00","guid":{"rendered":"https:\/\/dev.tg4.ie\/?page_id=128764"},"modified":"2021-11-05T09:30:29","modified_gmt":"2021-11-05T09:30:29","slug":"fleadhfest-21-on-tg4","status":"publish","type":"page","link":"https:\/\/dev.tg4.ie\/en\/information\/press\/press-releases\/2021-2\/fleadhfest-21-on-tg4\/","title":{"rendered":"Fleadhfest &#8217;21 on TG4"},"content":{"rendered":"<p><a href=\"https:\/\/tg4-docs.s3.amazonaws.com\/tg4-redesign-2015\/wp-content\/uploads\/2021\/07\/Fleadh21-1_Preas.jpg\"><img loading=\"lazy\" decoding=\"async\" width=\"1920\" height=\"1080\" src=\"https:\/\/tg4-docs.s3.amazonaws.com\/tg4-redesign-2015\/wp-content\/uploads\/2021\/07\/Fleadh21-1_Preas.jpg\" alt=\"\" class=\"aligncenter size-full wp-image-128760\" srcset=\"https:\/\/tg4-docs.s3.amazonaws.com\/tg4-redesign-2015\/wp-content\/uploads\/2021\/07\/Fleadh21-1_Preas.jpg 1920w, https:\/\/tg4-docs.s3.amazonaws.com\/tg4-redesign-2015\/wp-content\/uploads\/2021\/07\/Fleadh21-1_Preas-250x141.jpg 250w, https:\/\/tg4-docs.s3.amazonaws.com\/tg4-redesign-2015\/wp-content\/uploads\/2021\/07\/Fleadh21-1_Preas-700x394.jpg 700w, https:\/\/tg4-docs.s3.amazonaws.com\/tg4-redesign-2015\/wp-content\/uploads\/2021\/07\/Fleadh21-1_Preas-252x141.jpg 252w, https:\/\/tg4-docs.s3.amazonaws.com\/tg4-redesign-2015\/wp-content\/uploads\/2021\/07\/Fleadh21-1_Preas-1536x864.jpg 1536w, https:\/\/tg4-docs.s3.amazonaws.com\/tg4-redesign-2015\/wp-content\/uploads\/2021\/07\/Fleadh21-1_Preas-120x68.jpg 120w\" sizes=\"(max-width: 1920px) 100vw, 1920px\" \/><\/a><br \/>\n&nbsp;<\/p>\n<p>Hot on the heels of TG4\u2019s programmes celebrating 70 years of Fleadh Cheoil na h\u00c9ireann in each of the four provinces, the Baile na hAbhann broadcaster continues to be \u2018Fleadh Cheoil central\u2019 for a full weekend of concert films on 6, 7 and 8 August to coincide with what otherwise would have been the big weekend at the Fleadh!<\/p>\n<p>For three consecutive nights, in the company of presenters Daith\u00ed O S\u00e9 and Doireann N\u00ed Ghlac\u00e1in, viewers will be treated to the cream of traditional music. <\/p>\n<p>Filmed in Sligo, in locations including Lissadell House, there will be a wealth of musical talent from all over Ireland\u2026 and beyond.  With performances from Iarla O\u2019Lionaird, Dervish, Moxie, Declan O\u2019Rourke, Sean O\u2019S\u00e9, Laoise Kelly, Liam O\u2019Maonla\u00ed, JigJam, Joanie Madden, Mairtin O Connor, Cathal Hayden, Seamie O\u2019Dowd, West Ocean String Quartet and many more, it will be like having your very own Fleadh Cheoil\u2026 in the comfort of your home!<br \/>\n&nbsp;<br \/>\n<a href=\"https:\/\/tg4-docs.s3.amazonaws.com\/tg4-redesign-2015\/wp-content\/uploads\/2021\/07\/Fleadh21-2_Preas.jpg\"><img loading=\"lazy\" decoding=\"async\" width=\"700\" height=\"394\" src=\"https:\/\/tg4-docs.s3.amazonaws.com\/tg4-redesign-2015\/wp-content\/uploads\/2021\/07\/Fleadh21-2_Preas-700x394.jpg\" alt=\"\" class=\"aligncenter size-large wp-image-128759\" srcset=\"https:\/\/tg4-docs.s3.amazonaws.com\/tg4-redesign-2015\/wp-content\/uploads\/2021\/07\/Fleadh21-2_Preas-700x394.jpg 700w, https:\/\/tg4-docs.s3.amazonaws.com\/tg4-redesign-2015\/wp-content\/uploads\/2021\/07\/Fleadh21-2_Preas-250x141.jpg 250w, https:\/\/tg4-docs.s3.amazonaws.com\/tg4-redesign-2015\/wp-content\/uploads\/2021\/07\/Fleadh21-2_Preas-252x141.jpg 252w, https:\/\/tg4-docs.s3.amazonaws.com\/tg4-redesign-2015\/wp-content\/uploads\/2021\/07\/Fleadh21-2_Preas-1536x864.jpg 1536w, https:\/\/tg4-docs.s3.amazonaws.com\/tg4-redesign-2015\/wp-content\/uploads\/2021\/07\/Fleadh21-2_Preas-120x68.jpg 120w, https:\/\/tg4-docs.s3.amazonaws.com\/tg4-redesign-2015\/wp-content\/uploads\/2021\/07\/Fleadh21-2_Preas.jpg 1920w\" sizes=\"(max-width: 700px) 100vw, 700px\" \/><\/a><br \/>\n&nbsp;<\/p>\n<p>Full of song, dance, music and stories, <em>Fleadhfest \u201821<\/em> will be rooted in the tradition of the Fleadh and promises to be unmissable entertainment\u2026 particularly for those who, in any other year, would have been at the event!<\/p>\n<p>Produced by Power Pictures the series runs from 9.30pm &#8211; 11pm on TG4, on 6<sup>th<\/sup>, 7<sup>th<\/sup> and 8<sup>th<\/sup> August.<br \/>\n&nbsp;<br \/>\n&nbsp;<\/p>\n","protected":false},"excerpt":{"rendered":"<p>&nbsp; Hot on the heels of TG4\u2019s programmes celebrating 70 years of Fleadh Cheoil na h\u00c9ireann in each of the four provinces, the Baile na hAbhann broadcaster continues to be \u2018Fleadh Cheoil central\u2019 for a full weekend of concert films on 6, 7 and 8 August to coincide with what otherwise would have been the [&hellip;]<\/p>\n","protected":false},"author":876,"featured_media":0,"parent":115587,"menu_order":34,"comment_status":"closed","ping_status":"closed","template":"page-templates\/template-pr.php","meta":{"_acf_changed":false,"footnotes":""},"acf":[],"yoast_head":"<!-- This site is optimized with the Yoast SEO plugin v22.6 - https:\/\/yoast.com\/wordpress\/plugins\/seo\/ -->\n<title>TG4 | Fleadhfest \u201921 on TG4 | 2021 | Press Releases | Press | Irish Television Channel, S\u00fail Eile<\/title>\n<meta name=\"description\" content=\"The music continues on TG4, as Fleadh Cheoil &#039;21 begins\" \/>\n<meta name=\"robots\" content=\"index, follow, max-snippet:-1, max-image-preview:large, max-video-preview:-1\" \/>\n<meta property=\"og:locale\" content=\"en_US\" \/>\n<meta property=\"og:type\" content=\"article\" \/>\n<meta property=\"og:title\" content=\"TG4 | Fleadhfest \u201921 on TG4 | 2021 | Press Releases | Press | Irish Television Channel, S\u00fail Eile\" \/>\n<meta property=\"og:description\" content=\"The music continues on TG4, as Fleadh Cheoil &#039;21 begins\" \/>\n<meta property=\"og:url\" content=\"https:\/\/dev.tg4.ie\/en\/information\/press\/press-releases\/2021-2\/fleadhfest-21-on-tg4\/\" \/>\n<meta property=\"og:site_name\" content=\"TG4\" \/>\n<meta property=\"article:publisher\" content=\"https:\/\/www.facebook.com\/TG4TV\" \/>\n<meta property=\"article:modified_time\" content=\"2021-11-05T09:30:29+00:00\" \/>\n<meta property=\"og:image\" content=\"https:\/\/tg4-docs.s3.amazonaws.com\/tg4-redesign-2015\/wp-content\/uploads\/2021\/07\/Fleadh21-1_Preas.jpg\" \/>\n\t<meta property=\"og:image:width\" content=\"1920\" \/>\n\t<meta property=\"og:image:height\" content=\"1080\" \/>\n\t<meta property=\"og:image:type\" content=\"image\/jpeg\" \/>\n<meta name=\"twitter:card\" content=\"summary_large_image\" \/>\n<meta name=\"twitter:image\" content=\"https:\/\/tg4-docs.s3.amazonaws.com\/tg4-redesign-2015\/wp-content\/uploads\/2021\/07\/Fleadh21-1_Preas.jpg\" \/>\n<meta name=\"twitter:site\" content=\"@TG4TV\" \/>\n<meta name=\"twitter:label1\" content=\"Est. reading time\" \/>\n\t<meta name=\"twitter:data1\" content=\"1 minute\" \/>\n<script type=\"application\/ld+json\" class=\"yoast-schema-graph\">{\"@context\":\"https:\/\/schema.org\",\"@graph\":[{\"@type\":\"WebPage\",\"@id\":\"https:\/\/dev.tg4.ie\/en\/information\/press\/press-releases\/2021-2\/fleadhfest-21-on-tg4\/\",\"url\":\"https:\/\/dev.tg4.ie\/en\/information\/press\/press-releases\/2021-2\/fleadhfest-21-on-tg4\/\",\"name\":\"TG4 | Fleadhfest \u201921 on TG4 | 2021 | Press Releases | Press | Irish Television Channel, S\u00fail Eile\",\"isPartOf\":{\"@id\":\"https:\/\/dev.tg4.ie\/en\/#website\"},\"primaryImageOfPage\":{\"@id\":\"https:\/\/dev.tg4.ie\/en\/information\/press\/press-releases\/2021-2\/fleadhfest-21-on-tg4\/#primaryimage\"},\"image\":{\"@id\":\"https:\/\/dev.tg4.ie\/en\/information\/press\/press-releases\/2021-2\/fleadhfest-21-on-tg4\/#primaryimage\"},\"thumbnailUrl\":\"https:\/\/dev.tg4.ie\/wp-content\/uploads\/2021\/07\/Fleadh21-1_Preas.jpg\",\"datePublished\":\"2021-07-26T10:14:00+00:00\",\"dateModified\":\"2021-11-05T09:30:29+00:00\",\"description\":\"The music continues on TG4, as Fleadh Cheoil '21 begins\",\"breadcrumb\":{\"@id\":\"https:\/\/dev.tg4.ie\/en\/information\/press\/press-releases\/2021-2\/fleadhfest-21-on-tg4\/#breadcrumb\"},\"inLanguage\":\"en-ie\",\"potentialAction\":[{\"@type\":\"ReadAction\",\"target\":[\"https:\/\/dev.tg4.ie\/en\/information\/press\/press-releases\/2021-2\/fleadhfest-21-on-tg4\/\"]}]},{\"@type\":\"ImageObject\",\"inLanguage\":\"en-ie\",\"@id\":\"https:\/\/dev.tg4.ie\/en\/information\/press\/press-releases\/2021-2\/fleadhfest-21-on-tg4\/#primaryimage\",\"url\":\"https:\/\/dev.tg4.ie\/wp-content\/uploads\/2021\/07\/Fleadh21-1_Preas.jpg\",\"contentUrl\":\"https:\/\/dev.tg4.ie\/wp-content\/uploads\/2021\/07\/Fleadh21-1_Preas.jpg\"},{\"@type\":\"BreadcrumbList\",\"@id\":\"https:\/\/dev.tg4.ie\/en\/information\/press\/press-releases\/2021-2\/fleadhfest-21-on-tg4\/#breadcrumb\",\"itemListElement\":[{\"@type\":\"ListItem\",\"position\":1,\"name\":\"Home\",\"item\":\"https:\/\/dev.tg4.ie\/en\/\"},{\"@type\":\"ListItem\",\"position\":2,\"name\":\"Information\",\"item\":\"https:\/\/dev.tg4.ie\/en\/information\/\"},{\"@type\":\"ListItem\",\"position\":3,\"name\":\"Press\",\"item\":\"https:\/\/dev.tg4.ie\/en\/information\/press\/\"},{\"@type\":\"ListItem\",\"position\":4,\"name\":\"Press Releases\",\"item\":\"https:\/\/dev.tg4.ie\/en\/information\/press\/press-releases\/\"},{\"@type\":\"ListItem\",\"position\":5,\"name\":\"2021\",\"item\":\"https:\/\/dev.tg4.ie\/en\/information\/press\/press-releases\/2021-2\/\"},{\"@type\":\"ListItem\",\"position\":6,\"name\":\"Fleadhfest &#8217;21 on TG4\"}]},{\"@type\":\"WebSite\",\"@id\":\"https:\/\/dev.tg4.ie\/en\/#website\",\"url\":\"https:\/\/dev.tg4.ie\/en\/\",\"name\":\"TG4\",\"description\":\"S\u00fail Eile\",\"potentialAction\":[{\"@type\":\"SearchAction\",\"target\":{\"@type\":\"EntryPoint\",\"urlTemplate\":\"https:\/\/dev.tg4.ie\/en\/?s={search_term_string}\"},\"query-input\":\"required name=search_term_string\"}],\"inLanguage\":\"en-ie\"}]}<\/script>\n<!-- \/ Yoast SEO plugin. -->","yoast_head_json":{"title":"TG4 | Fleadhfest \u201921 on TG4 | 2021 | Press Releases | Press | Irish Television Channel, S\u00fail Eile","description":"The music continues on TG4, as Fleadh Cheoil '21 begins","robots":{"index":"index","follow":"follow","max-snippet":"max-snippet:-1","max-image-preview":"max-image-preview:large","max-video-preview":"max-video-preview:-1"},"og_locale":"en_US","og_type":"article","og_title":"TG4 | Fleadhfest \u201921 on TG4 | 2021 | Press Releases | Press | Irish Television Channel, S\u00fail Eile","og_description":"The music continues on TG4, as Fleadh Cheoil '21 begins","og_url":"https:\/\/dev.tg4.ie\/en\/information\/press\/press-releases\/2021-2\/fleadhfest-21-on-tg4\/","og_site_name":"TG4","article_publisher":"https:\/\/www.facebook.com\/TG4TV","article_modified_time":"2021-11-05T09:30:29+00:00","og_image":[{"width":1920,"height":1080,"url":"https:\/\/tg4-docs.s3.amazonaws.com\/tg4-redesign-2015\/wp-content\/uploads\/2021\/07\/Fleadh21-1_Preas.jpg","type":"image\/jpeg"}],"twitter_card":"summary_large_image","twitter_image":"https:\/\/tg4-docs.s3.amazonaws.com\/tg4-redesign-2015\/wp-content\/uploads\/2021\/07\/Fleadh21-1_Preas.jpg","twitter_site":"@TG4TV","twitter_misc":{"Est. reading time":"1 minute"},"schema":{"@context":"https:\/\/schema.org","@graph":[{"@type":"WebPage","@id":"https:\/\/dev.tg4.ie\/en\/information\/press\/press-releases\/2021-2\/fleadhfest-21-on-tg4\/","url":"https:\/\/dev.tg4.ie\/en\/information\/press\/press-releases\/2021-2\/fleadhfest-21-on-tg4\/","name":"TG4 | Fleadhfest \u201921 on TG4 | 2021 | Press Releases | Press | Irish Television Channel, S\u00fail Eile","isPartOf":{"@id":"https:\/\/dev.tg4.ie\/en\/#website"},"primaryImageOfPage":{"@id":"https:\/\/dev.tg4.ie\/en\/information\/press\/press-releases\/2021-2\/fleadhfest-21-on-tg4\/#primaryimage"},"image":{"@id":"https:\/\/dev.tg4.ie\/en\/information\/press\/press-releases\/2021-2\/fleadhfest-21-on-tg4\/#primaryimage"},"thumbnailUrl":"https:\/\/dev.tg4.ie\/wp-content\/uploads\/2021\/07\/Fleadh21-1_Preas.jpg","datePublished":"2021-07-26T10:14:00+00:00","dateModified":"2021-11-05T09:30:29+00:00","description":"The music continues on TG4, as Fleadh Cheoil '21 begins","breadcrumb":{"@id":"https:\/\/dev.tg4.ie\/en\/information\/press\/press-releases\/2021-2\/fleadhfest-21-on-tg4\/#breadcrumb"},"inLanguage":"en-ie","potentialAction":[{"@type":"ReadAction","target":["https:\/\/dev.tg4.ie\/en\/information\/press\/press-releases\/2021-2\/fleadhfest-21-on-tg4\/"]}]},{"@type":"ImageObject","inLanguage":"en-ie","@id":"https:\/\/dev.tg4.ie\/en\/information\/press\/press-releases\/2021-2\/fleadhfest-21-on-tg4\/#primaryimage","url":"https:\/\/dev.tg4.ie\/wp-content\/uploads\/2021\/07\/Fleadh21-1_Preas.jpg","contentUrl":"https:\/\/dev.tg4.ie\/wp-content\/uploads\/2021\/07\/Fleadh21-1_Preas.jpg"},{"@type":"BreadcrumbList","@id":"https:\/\/dev.tg4.ie\/en\/information\/press\/press-releases\/2021-2\/fleadhfest-21-on-tg4\/#breadcrumb","itemListElement":[{"@type":"ListItem","position":1,"name":"Home","item":"https:\/\/dev.tg4.ie\/en\/"},{"@type":"ListItem","position":2,"name":"Information","item":"https:\/\/dev.tg4.ie\/en\/information\/"},{"@type":"ListItem","position":3,"name":"Press","item":"https:\/\/dev.tg4.ie\/en\/information\/press\/"},{"@type":"ListItem","position":4,"name":"Press Releases","item":"https:\/\/dev.tg4.ie\/en\/information\/press\/press-releases\/"},{"@type":"ListItem","position":5,"name":"2021","item":"https:\/\/dev.tg4.ie\/en\/information\/press\/press-releases\/2021-2\/"},{"@type":"ListItem","position":6,"name":"Fleadhfest &#8217;21 on TG4"}]},{"@type":"WebSite","@id":"https:\/\/dev.tg4.ie\/en\/#website","url":"https:\/\/dev.tg4.ie\/en\/","name":"TG4","description":"S\u00fail Eile","potentialAction":[{"@type":"SearchAction","target":{"@type":"EntryPoint","urlTemplate":"https:\/\/dev.tg4.ie\/en\/?s={search_term_string}"},"query-input":"required name=search_term_string"}],"inLanguage":"en-ie"}]}},"_links":{"self":[{"href":"https:\/\/dev.tg4.ie\/en\/wp-json\/wp\/v2\/pages\/128764"}],"collection":[{"href":"https:\/\/dev.tg4.ie\/en\/wp-json\/wp\/v2\/pages"}],"about":[{"href":"https:\/\/dev.tg4.ie\/en\/wp-json\/wp\/v2\/types\/page"}],"author":[{"embeddable":true,"href":"https:\/\/dev.tg4.ie\/en\/wp-json\/wp\/v2\/users\/876"}],"replies":[{"embeddable":true,"href":"https:\/\/dev.tg4.ie\/en\/wp-json\/wp\/v2\/comments?post=128764"}],"version-history":[{"count":0,"href":"https:\/\/dev.tg4.ie\/en\/wp-json\/wp\/v2\/pages\/128764\/revisions"}],"up":[{"embeddable":true,"href":"https:\/\/dev.tg4.ie\/en\/wp-json\/wp\/v2\/pages\/115587"}],"wp:attachment":[{"href":"https:\/\/dev.tg4.ie\/en\/wp-json\/wp\/v2\/media?parent=128764"}],"curies":[{"name":"wp","href":"https:\/\/api.w.org\/{rel}","templated":true}]}}