{"id":129596,"date":"2021-08-11T14:11:25","date_gmt":"2021-08-11T13:11:25","guid":{"rendered":"https:\/\/dev.tg4.ie\/information\/press\/press-releases\/2021-2\/5sraith\/"},"modified":"2021-11-05T09:29:47","modified_gmt":"2021-11-05T09:29:47","slug":"5sraith","status":"publish","type":"page","link":"https:\/\/dev.tg4.ie\/en\/information\/press\/press-releases\/2021-2\/5sraith\/","title":{"rendered":"Five new drama series for younger audiences selected for development supported by Screen Ireland\/F\u00eds \u00c9ireann and TG4"},"content":{"rendered":"<p><img loading=\"lazy\" decoding=\"async\" width=\"252\" height=\"92\" src=\"https:\/\/tg4-docs.s3.amazonaws.com\/tg4-redesign-2015\/wp-content\/uploads\/2021\/08\/TG4-logo-gradient-RGB-copy-252x92.jpg\" alt=\"Logo TG4\" class=\"alignright size-thumbnail wp-image-129590\" srcset=\"https:\/\/tg4-docs.s3.amazonaws.com\/tg4-redesign-2015\/wp-content\/uploads\/2021\/08\/TG4-logo-gradient-RGB-copy-252x92.jpg 252w, https:\/\/tg4-docs.s3.amazonaws.com\/tg4-redesign-2015\/wp-content\/uploads\/2021\/08\/TG4-logo-gradient-RGB-copy-250x91.jpg 250w, https:\/\/tg4-docs.s3.amazonaws.com\/tg4-redesign-2015\/wp-content\/uploads\/2021\/08\/TG4-logo-gradient-RGB-copy-700x256.jpg 700w, https:\/\/tg4-docs.s3.amazonaws.com\/tg4-redesign-2015\/wp-content\/uploads\/2021\/08\/TG4-logo-gradient-RGB-copy-120x44.jpg 120w, https:\/\/tg4-docs.s3.amazonaws.com\/tg4-redesign-2015\/wp-content\/uploads\/2021\/08\/TG4-logo-gradient-RGB-copy.jpg 757w\" sizes=\"(max-width: 252px) 100vw, 252px\" \/><img loading=\"lazy\" decoding=\"async\" width=\"252\" height=\"88\" src=\"https:\/\/tg4-docs.s3.amazonaws.com\/tg4-redesign-2015\/wp-content\/uploads\/2021\/08\/ScreenIreland_RGB_Black-252x88.png\" alt=\"F\u00eds \u00c9ireann\" class=\"alignright size-thumbnail wp-image-129589\" srcset=\"https:\/\/tg4-docs.s3.amazonaws.com\/tg4-redesign-2015\/wp-content\/uploads\/2021\/08\/ScreenIreland_RGB_Black-252x88.png 252w, https:\/\/tg4-docs.s3.amazonaws.com\/tg4-redesign-2015\/wp-content\/uploads\/2021\/08\/ScreenIreland_RGB_Black-250x88.png 250w, https:\/\/tg4-docs.s3.amazonaws.com\/tg4-redesign-2015\/wp-content\/uploads\/2021\/08\/ScreenIreland_RGB_Black-700x246.png 700w, https:\/\/tg4-docs.s3.amazonaws.com\/tg4-redesign-2015\/wp-content\/uploads\/2021\/08\/ScreenIreland_RGB_Black-1536x539.png 1536w, https:\/\/tg4-docs.s3.amazonaws.com\/tg4-redesign-2015\/wp-content\/uploads\/2021\/08\/ScreenIreland_RGB_Black-2048x718.png 2048w, https:\/\/tg4-docs.s3.amazonaws.com\/tg4-redesign-2015\/wp-content\/uploads\/2021\/08\/ScreenIreland_RGB_Black-120x42.png 120w\" sizes=\"(max-width: 252px) 100vw, 252px\" \/><br \/>\n&nbsp;<\/p>\n<p>Five young and contemporary drama series, ranging from a supernatural coming-of-age dramedy to an eight-part gritty crime drama, have been selected by TG4 for development, supported by F\u00eds \u00c9ireann\/Screen Ireland. <\/p>\n<p>The five new character-based series are aimed at younger audiences under 35, and each are expected to attract a new and diverse generation of TG4 drama enthusiasts. F\u00eds \u00c9ireann\/Screen Ireland provided the funding as part of 2020\u2019s \u20ac3 million July Stimulus Package, recognising the potential for growth in the Irish TV drama sector and its successes to date, including the BAFTA Award-winning Normal People and RT\u00c9\u2019s recent success Smother. In partnership with TG4, Screen Ireland aims to support Irish-language TV drama development, with a strong focus on young, contemporary audience-driven stories with national and international appeal.<\/p>\n<p>Development funding of up to \u20ac50,000 per series will be provided to bring the series to production level.\u202f Mentorship provided by Screen Ireland will be available to the selected companies throughout the development process. Screen Ireland and TG4 are hopeful that one of the five series selected will go to production before the end of 2021.<\/p>\n<p>Director General of TG4, Alan Esslemont said \u201cProgramming for young people has been identified by the TG4 Board as one of the areas in which we are under-serving audiences, and we recognise that drama is a key genre for all of the various younger demographics.  Fifteen years ago, the series \u2018Aifric\u2019, showed that both the television talent and the audience appetite do exist.  But a gap of fifteen years is too long, and it is well past time that we committed in a sustained and sustainable manner to serving young Irish audiences with Irish language drama series.  Our Cine4 partnership with Screen Ireland and BAI has already produced feature films of the highest quality and we believe that this new collaboration with Screen Ireland will lay the foundation which will allow multiple original and innovative drama series in the Irish language to emerge.\u201d  <\/p>\n<p>Chief Executive of F\u00eds \u00c9ireann\/Screen Ireland, D\u00e9sir\u00e9e Finnegan, said: \u201cScreen Ireland is committed to building Irish language TV drama told by and for new, contemporary audiences. We are delighted to support the five series selected for development. The TV Drama Stimulus Package, provided to Screen Ireland by Minister Catherine Martin T.D., is invaluable in responding to the strong appetite worldwide for original, local language stories. We are delighted to recognise these five creative and original Irish language series in collaboration with TG4 \u2013 and are looking forward to providing mentorship and support to all five production companies selected for the scheme.\u201d<br \/>\n&nbsp;<\/p>\n<p><strong>Notes to Editor<\/strong><br \/>\nThe five series selected for development are:<\/p>\n<p><strong>Saor Sin \u00d3 Olc<\/strong> is\u202fa gritty drama series set in a costal Connemara village focusing on the discovery of a local woman&#8217;s body who has been missing for 20 years. Written by Doireann N\u00ed Chorraig\u00e1in, Richie Conroy and Eoin Mac Diarmada and produced by Darach \u00d3 Tuairisg for F\u00edb\u00edn Media.<\/p>\n<p><strong>Ag Briseadh Tr\u00edd<\/strong> is a Gaeltacht set comedy about a teenager struggling to find herself.\u202f Written by Christina Caty and produced by Yvonne Donohoe for Blinder Films.<\/p>\n<p><strong>Cail\u00edn\u00ed Aimsire<\/strong>\u202fis a comedy following the exploits of three college friends as they begin their careers in a new city.  Written by Sheena Lambert and directed by D\u00e9irdre N\u00ed Fhlatharta for Dan\u00fa Media.<\/p>\n<p><strong>An Bua<\/strong>\u202fis a dramedy exploring the repercussions of a hedonistic Galway student discovering she\u2019s clairvoyant.  Written by Eva O&#8217;Connor, Ciara N\u00ed \u00c9 and Hildegard Ryan, directed by Hildegard Ryan and produced by Paddy Hayes for Tua Films in Galway.<\/p>\n<p><strong>Ciontach<\/strong> is a nineties-set drama exploring the aftermath of sexual assault for a 16 year old girl and the justice system.  Written by Cl\u00edona Ruis\u00e9il and produced by Ciar\u00e1n \u00d3 Cofaigh and Eil\u00eds N\u00ed Cheallaigh for Rosg.<\/p>\n","protected":false},"excerpt":{"rendered":"<p>&nbsp; Five young and contemporary drama series, ranging from a supernatural coming-of-age dramedy to an eight-part gritty crime drama, have been selected by TG4 for development, supported by F\u00eds \u00c9ireann\/Screen Ireland. The five new character-based series are aimed at younger audiences under 35, and each are expected to attract a new and diverse generation of [&hellip;]<\/p>\n","protected":false},"author":4,"featured_media":0,"parent":115587,"menu_order":35,"comment_status":"closed","ping_status":"closed","template":"page-templates\/template-pr.php","meta":{"_acf_changed":false,"footnotes":""},"acf":[],"yoast_head":"<!-- This site is optimized with the Yoast SEO plugin v22.6 - https:\/\/yoast.com\/wordpress\/plugins\/seo\/ -->\n<title>TG4 | Five new drama series for younger audiences selected for development supported by Screen Ireland\/F\u00eds \u00c9ireann and TG4 | 2021 | Press Releases | Press | Irish Television Channel, S\u00fail Eile<\/title>\n<meta name=\"description\" content=\"Excitement as F\u00eds \u00c9ireann &amp; TG4 team up to develop 5 new drama series for young adults\" \/>\n<meta name=\"robots\" content=\"index, follow, max-snippet:-1, max-image-preview:large, max-video-preview:-1\" \/>\n<meta property=\"og:locale\" content=\"en_US\" \/>\n<meta property=\"og:type\" content=\"article\" \/>\n<meta property=\"og:title\" content=\"TG4 | Five new drama series for younger audiences selected for development supported by Screen Ireland\/F\u00eds \u00c9ireann and TG4 | 2021 | Press Releases | Press | Irish Television Channel, S\u00fail Eile\" \/>\n<meta property=\"og:description\" content=\"Excitement as F\u00eds \u00c9ireann &amp; TG4 team up to develop 5 new drama series for young adults\" \/>\n<meta property=\"og:url\" content=\"https:\/\/dev.tg4.ie\/en\/information\/press\/press-releases\/2021-2\/5sraith\/\" \/>\n<meta property=\"og:site_name\" content=\"TG4\" \/>\n<meta property=\"article:publisher\" content=\"https:\/\/www.facebook.com\/TG4TV\" \/>\n<meta property=\"article:modified_time\" content=\"2021-11-05T09:29:47+00:00\" \/>\n<meta property=\"og:image\" content=\"https:\/\/tg4-docs.s3.amazonaws.com\/tg4-redesign-2015\/wp-content\/uploads\/2018\/07\/TG4-Logo-Grad_cscgyb.jpg\" \/>\n\t<meta property=\"og:image:width\" content=\"1920\" \/>\n\t<meta property=\"og:image:height\" content=\"1080\" \/>\n\t<meta property=\"og:image:type\" content=\"image\/jpeg\" \/>\n<meta name=\"twitter:card\" content=\"summary_large_image\" \/>\n<meta name=\"twitter:image\" content=\"https:\/\/tg4-docs.s3.amazonaws.com\/tg4-redesign-2015\/wp-content\/uploads\/2018\/07\/TG4-Logo-Grad_cscgyb.jpg\" \/>\n<meta name=\"twitter:site\" content=\"@TG4TV\" \/>\n<meta name=\"twitter:label1\" content=\"Est. reading time\" \/>\n\t<meta name=\"twitter:data1\" content=\"3 minutes\" \/>\n<script type=\"application\/ld+json\" class=\"yoast-schema-graph\">{\"@context\":\"https:\/\/schema.org\",\"@graph\":[{\"@type\":\"WebPage\",\"@id\":\"https:\/\/dev.tg4.ie\/en\/information\/press\/press-releases\/2021-2\/5sraith\/\",\"url\":\"https:\/\/dev.tg4.ie\/en\/information\/press\/press-releases\/2021-2\/5sraith\/\",\"name\":\"TG4 | Five new drama series for younger audiences selected for development supported by Screen Ireland\/F\u00eds \u00c9ireann and TG4 | 2021 | Press Releases | Press | Irish Television Channel, S\u00fail Eile\",\"isPartOf\":{\"@id\":\"https:\/\/dev.tg4.ie\/en\/#website\"},\"primaryImageOfPage\":{\"@id\":\"https:\/\/dev.tg4.ie\/en\/information\/press\/press-releases\/2021-2\/5sraith\/#primaryimage\"},\"image\":{\"@id\":\"https:\/\/dev.tg4.ie\/en\/information\/press\/press-releases\/2021-2\/5sraith\/#primaryimage\"},\"thumbnailUrl\":\"https:\/\/dev.tg4.ie\/wp-content\/uploads\/2021\/08\/TG4-logo-gradient-RGB-copy-252x92.jpg\",\"datePublished\":\"2021-08-11T13:11:25+00:00\",\"dateModified\":\"2021-11-05T09:29:47+00:00\",\"description\":\"Excitement as F\u00eds \u00c9ireann & TG4 team up to develop 5 new drama series for young adults\",\"breadcrumb\":{\"@id\":\"https:\/\/dev.tg4.ie\/en\/information\/press\/press-releases\/2021-2\/5sraith\/#breadcrumb\"},\"inLanguage\":\"en-ie\",\"potentialAction\":[{\"@type\":\"ReadAction\",\"target\":[\"https:\/\/dev.tg4.ie\/en\/information\/press\/press-releases\/2021-2\/5sraith\/\"]}]},{\"@type\":\"ImageObject\",\"inLanguage\":\"en-ie\",\"@id\":\"https:\/\/dev.tg4.ie\/en\/information\/press\/press-releases\/2021-2\/5sraith\/#primaryimage\",\"url\":\"https:\/\/dev.tg4.ie\/wp-content\/uploads\/2021\/08\/TG4-logo-gradient-RGB-copy-252x92.jpg\",\"contentUrl\":\"https:\/\/dev.tg4.ie\/wp-content\/uploads\/2021\/08\/TG4-logo-gradient-RGB-copy-252x92.jpg\"},{\"@type\":\"BreadcrumbList\",\"@id\":\"https:\/\/dev.tg4.ie\/en\/information\/press\/press-releases\/2021-2\/5sraith\/#breadcrumb\",\"itemListElement\":[{\"@type\":\"ListItem\",\"position\":1,\"name\":\"Home\",\"item\":\"https:\/\/dev.tg4.ie\/en\/\"},{\"@type\":\"ListItem\",\"position\":2,\"name\":\"Information\",\"item\":\"https:\/\/dev.tg4.ie\/en\/information\/\"},{\"@type\":\"ListItem\",\"position\":3,\"name\":\"Press\",\"item\":\"https:\/\/dev.tg4.ie\/en\/information\/press\/\"},{\"@type\":\"ListItem\",\"position\":4,\"name\":\"Press Releases\",\"item\":\"https:\/\/dev.tg4.ie\/en\/information\/press\/press-releases\/\"},{\"@type\":\"ListItem\",\"position\":5,\"name\":\"2021\",\"item\":\"https:\/\/dev.tg4.ie\/en\/information\/press\/press-releases\/2021-2\/\"},{\"@type\":\"ListItem\",\"position\":6,\"name\":\"Five new drama series for younger audiences selected for development supported by Screen Ireland\/F\u00eds \u00c9ireann and TG4\"}]},{\"@type\":\"WebSite\",\"@id\":\"https:\/\/dev.tg4.ie\/en\/#website\",\"url\":\"https:\/\/dev.tg4.ie\/en\/\",\"name\":\"TG4\",\"description\":\"S\u00fail Eile\",\"potentialAction\":[{\"@type\":\"SearchAction\",\"target\":{\"@type\":\"EntryPoint\",\"urlTemplate\":\"https:\/\/dev.tg4.ie\/en\/?s={search_term_string}\"},\"query-input\":\"required name=search_term_string\"}],\"inLanguage\":\"en-ie\"}]}<\/script>\n<!-- \/ Yoast SEO plugin. -->","yoast_head_json":{"title":"TG4 | Five new drama series for younger audiences selected for development supported by Screen Ireland\/F\u00eds \u00c9ireann and TG4 | 2021 | Press Releases | Press | Irish Television Channel, S\u00fail Eile","description":"Excitement as F\u00eds \u00c9ireann & TG4 team up to develop 5 new drama series for young adults","robots":{"index":"index","follow":"follow","max-snippet":"max-snippet:-1","max-image-preview":"max-image-preview:large","max-video-preview":"max-video-preview:-1"},"og_locale":"en_US","og_type":"article","og_title":"TG4 | Five new drama series for younger audiences selected for development supported by Screen Ireland\/F\u00eds \u00c9ireann and TG4 | 2021 | Press Releases | Press | Irish Television Channel, S\u00fail Eile","og_description":"Excitement as F\u00eds \u00c9ireann & TG4 team up to develop 5 new drama series for young adults","og_url":"https:\/\/dev.tg4.ie\/en\/information\/press\/press-releases\/2021-2\/5sraith\/","og_site_name":"TG4","article_publisher":"https:\/\/www.facebook.com\/TG4TV","article_modified_time":"2021-11-05T09:29:47+00:00","og_image":[{"width":1920,"height":1080,"url":"https:\/\/tg4-docs.s3.amazonaws.com\/tg4-redesign-2015\/wp-content\/uploads\/2018\/07\/TG4-Logo-Grad_cscgyb.jpg","type":"image\/jpeg"}],"twitter_card":"summary_large_image","twitter_image":"https:\/\/tg4-docs.s3.amazonaws.com\/tg4-redesign-2015\/wp-content\/uploads\/2018\/07\/TG4-Logo-Grad_cscgyb.jpg","twitter_site":"@TG4TV","twitter_misc":{"Est. reading time":"3 minutes"},"schema":{"@context":"https:\/\/schema.org","@graph":[{"@type":"WebPage","@id":"https:\/\/dev.tg4.ie\/en\/information\/press\/press-releases\/2021-2\/5sraith\/","url":"https:\/\/dev.tg4.ie\/en\/information\/press\/press-releases\/2021-2\/5sraith\/","name":"TG4 | Five new drama series for younger audiences selected for development supported by Screen Ireland\/F\u00eds \u00c9ireann and TG4 | 2021 | Press Releases | Press | Irish Television Channel, S\u00fail Eile","isPartOf":{"@id":"https:\/\/dev.tg4.ie\/en\/#website"},"primaryImageOfPage":{"@id":"https:\/\/dev.tg4.ie\/en\/information\/press\/press-releases\/2021-2\/5sraith\/#primaryimage"},"image":{"@id":"https:\/\/dev.tg4.ie\/en\/information\/press\/press-releases\/2021-2\/5sraith\/#primaryimage"},"thumbnailUrl":"https:\/\/dev.tg4.ie\/wp-content\/uploads\/2021\/08\/TG4-logo-gradient-RGB-copy-252x92.jpg","datePublished":"2021-08-11T13:11:25+00:00","dateModified":"2021-11-05T09:29:47+00:00","description":"Excitement as F\u00eds \u00c9ireann & TG4 team up to develop 5 new drama series for young adults","breadcrumb":{"@id":"https:\/\/dev.tg4.ie\/en\/information\/press\/press-releases\/2021-2\/5sraith\/#breadcrumb"},"inLanguage":"en-ie","potentialAction":[{"@type":"ReadAction","target":["https:\/\/dev.tg4.ie\/en\/information\/press\/press-releases\/2021-2\/5sraith\/"]}]},{"@type":"ImageObject","inLanguage":"en-ie","@id":"https:\/\/dev.tg4.ie\/en\/information\/press\/press-releases\/2021-2\/5sraith\/#primaryimage","url":"https:\/\/dev.tg4.ie\/wp-content\/uploads\/2021\/08\/TG4-logo-gradient-RGB-copy-252x92.jpg","contentUrl":"https:\/\/dev.tg4.ie\/wp-content\/uploads\/2021\/08\/TG4-logo-gradient-RGB-copy-252x92.jpg"},{"@type":"BreadcrumbList","@id":"https:\/\/dev.tg4.ie\/en\/information\/press\/press-releases\/2021-2\/5sraith\/#breadcrumb","itemListElement":[{"@type":"ListItem","position":1,"name":"Home","item":"https:\/\/dev.tg4.ie\/en\/"},{"@type":"ListItem","position":2,"name":"Information","item":"https:\/\/dev.tg4.ie\/en\/information\/"},{"@type":"ListItem","position":3,"name":"Press","item":"https:\/\/dev.tg4.ie\/en\/information\/press\/"},{"@type":"ListItem","position":4,"name":"Press Releases","item":"https:\/\/dev.tg4.ie\/en\/information\/press\/press-releases\/"},{"@type":"ListItem","position":5,"name":"2021","item":"https:\/\/dev.tg4.ie\/en\/information\/press\/press-releases\/2021-2\/"},{"@type":"ListItem","position":6,"name":"Five new drama series for younger audiences selected for development supported by Screen Ireland\/F\u00eds \u00c9ireann and TG4"}]},{"@type":"WebSite","@id":"https:\/\/dev.tg4.ie\/en\/#website","url":"https:\/\/dev.tg4.ie\/en\/","name":"TG4","description":"S\u00fail Eile","potentialAction":[{"@type":"SearchAction","target":{"@type":"EntryPoint","urlTemplate":"https:\/\/dev.tg4.ie\/en\/?s={search_term_string}"},"query-input":"required name=search_term_string"}],"inLanguage":"en-ie"}]}},"_links":{"self":[{"href":"https:\/\/dev.tg4.ie\/en\/wp-json\/wp\/v2\/pages\/129596"}],"collection":[{"href":"https:\/\/dev.tg4.ie\/en\/wp-json\/wp\/v2\/pages"}],"about":[{"href":"https:\/\/dev.tg4.ie\/en\/wp-json\/wp\/v2\/types\/page"}],"author":[{"embeddable":true,"href":"https:\/\/dev.tg4.ie\/en\/wp-json\/wp\/v2\/users\/4"}],"replies":[{"embeddable":true,"href":"https:\/\/dev.tg4.ie\/en\/wp-json\/wp\/v2\/comments?post=129596"}],"version-history":[{"count":0,"href":"https:\/\/dev.tg4.ie\/en\/wp-json\/wp\/v2\/pages\/129596\/revisions"}],"up":[{"embeddable":true,"href":"https:\/\/dev.tg4.ie\/en\/wp-json\/wp\/v2\/pages\/115587"}],"wp:attachment":[{"href":"https:\/\/dev.tg4.ie\/en\/wp-json\/wp\/v2\/media?parent=129596"}],"curies":[{"name":"wp","href":"https:\/\/api.w.org\/{rel}","templated":true}]}}