{"id":130498,"date":"2021-08-23T11:23:14","date_gmt":"2021-08-23T10:23:14","guid":{"rendered":"https:\/\/dev.tg4.ie\/?page_id=130498"},"modified":"2021-08-23T12:23:39","modified_gmt":"2021-08-23T11:23:39","slug":"killers-spillers-and-thrillers-in-tg4s-autumn-schedule","status":"publish","type":"page","link":"https:\/\/dev.tg4.ie\/en\/information\/press\/press-releases\/2021-2\/killers-spillers-and-thrillers-in-tg4s-autumn-schedule\/","title":{"rendered":"Killers, Spillers and Thrillers in TG4\u2019s Autumn Schedule"},"content":{"rendered":"<p><a href=\"https:\/\/tg4-docs.s3.amazonaws.com\/tg4-redesign-2015\/wp-content\/uploads\/2021\/08\/Seoladh_an_Fhomhair_Grupa_1920x1080.jpg\"><img loading=\"lazy\" decoding=\"async\" width=\"1920\" height=\"1080\" src=\"https:\/\/tg4-docs.s3.amazonaws.com\/tg4-redesign-2015\/wp-content\/uploads\/2021\/08\/Seoladh_an_Fhomhair_Grupa_1920x1080.jpg\" alt=\"\" class=\"aligncenter size-full wp-image-130506\" srcset=\"https:\/\/tg4-docs.s3.amazonaws.com\/tg4-redesign-2015\/wp-content\/uploads\/2021\/08\/Seoladh_an_Fhomhair_Grupa_1920x1080.jpg 1920w, https:\/\/tg4-docs.s3.amazonaws.com\/tg4-redesign-2015\/wp-content\/uploads\/2021\/08\/Seoladh_an_Fhomhair_Grupa_1920x1080-250x141.jpg 250w, https:\/\/tg4-docs.s3.amazonaws.com\/tg4-redesign-2015\/wp-content\/uploads\/2021\/08\/Seoladh_an_Fhomhair_Grupa_1920x1080-700x394.jpg 700w, https:\/\/tg4-docs.s3.amazonaws.com\/tg4-redesign-2015\/wp-content\/uploads\/2021\/08\/Seoladh_an_Fhomhair_Grupa_1920x1080-252x141.jpg 252w, https:\/\/tg4-docs.s3.amazonaws.com\/tg4-redesign-2015\/wp-content\/uploads\/2021\/08\/Seoladh_an_Fhomhair_Grupa_1920x1080-1536x864.jpg 1536w, https:\/\/tg4-docs.s3.amazonaws.com\/tg4-redesign-2015\/wp-content\/uploads\/2021\/08\/Seoladh_an_Fhomhair_Grupa_1920x1080-120x68.jpg 120w\" sizes=\"(max-width: 1920px) 100vw, 1920px\" \/><\/a><br \/>\n&nbsp;<br \/>\nAs TG4 approaches its 25th birthday this October, the new autumn schedule is a fitting representation of TG4\u2019s age and of Irish society from the New Irish and sustainability to killers and culture.<br \/>\n&nbsp;<\/p>\n<p>TG4 continues to deliver distinctive home-produced documentaries, unique entertainment, new and upcoming talent, excellent music and sports programming and an impressive selection of drama from the US, Australia and the United Kingdom.<br \/>\n&nbsp;<\/p>\n<p>Documentary series <strong>Misneach<\/strong>, shows the treatment of whistle-blowers in Ireland, who have bravely taken a stand against wrongdoing in the workplace. A year-long look at Dublin Bay, one of Ireland\u2019s most iconic and unique ecosystems is explored in <strong>An Cuan<\/strong>. Inspired by the Coronavirus pandemic <strong>Go mBeirimid Beo<\/strong>, is a tongue-in-cheek look at apocalypses past, present and future, and how we as a nation have prepared for them.<br \/>\n&nbsp;<\/p>\n<p>History documentary <strong>\u00c1ille ar Airgead<\/strong> follows the lives of two remarkable women; Mary Cunningham from the Donegal Gaeltacht who became the face of America\u2019s Golden Dollar and Hazel Lavery born in the United States, who graced the first banknote of independent Ireland. <strong>Violet Gibson An t\u00c9ireannach Mn\u00e1 a L\u00e1mhach Mussolini<\/strong> tells the story of the Irish woman who almost assassinated the Italian dictator. <strong>Colm Cille An Naomh D\u00e1na<\/strong> will celebrate birth of the revered but troublemaker saint who was born 1500 years ago.<br \/>\n&nbsp;<\/p>\n<p>Hector \u00d3 hEochag\u00e1in meets the New Irish who now call Ireland home in <strong>Hector \u00c9ire Nua<\/strong>. Sustainable fashion features in new entertainment series <strong>\u00c9ada\u00ed SOS<\/strong> presented by newcomers Caoimhe N\u00ed Chathail and Proinsias \u00d3 Coinn. Ladies club footballers from around the country will be put to the test in this season\u2019s <strong>Underdogs<\/strong>. The search for a young Eurovision star to represent Ireland in Paris in <strong>Junior Eurovision<\/strong> will be presented by Louise Cantillon.<br \/>\n&nbsp;<\/p>\n<p><strong>Gradam Ceoil TG4<\/strong> will award recipients of Gradam Ceoil on Halloween night to mark the 25th anniversary of TG4 with a gala event in Belfast. Daniel O\u2019Donnell will play homage to Philomena Begley who is sixty years on the road this year in the new season of <strong>Opry le Daniel<\/strong>.<br \/>\n&nbsp;<\/p>\n<p>TG4 will show 26 games from the new United Rugby Championship on <strong>Rugba\u00ed Beo<\/strong> which begins at the end of September.  For the first time ever, TG4 will have live coverage of the Vodafone Women&#8217;s Interprovincial Rugby Series on <strong>Rugba\u00ed na mBan Beo<\/strong>. <strong>GAA Beo<\/strong> will continue its coverage from GAA County Football and Hurling Club Championship and the AIB Provincial Club Championships.<br \/>\n&nbsp;<\/p>\n<p>Compelling drama this autumn on TG4 include <strong>Stateless<\/strong> co-created by and starring Cate Blanchett about four strangers whose lives collide at an immigration detention centre in the middle of the Australian desert.  Academy Award and BAFTA winner Steve Mc Queen\u2019s first project for television <strong>Small Axe<\/strong> drama series tells the story of London\u2019s West Indian community of Notting Hill. Desperate Housewives creator Marc Cherry\u2019s <strong>Why Women Kill<\/strong> is back for a second season with a new cast.<br \/>\n&nbsp;<\/p>\n<p>Viewers are in for a nostalgic treat with 80\u2019s and 90\u2019s classics <strong>The Golden Girls<\/strong>, <strong>The Wonder Years<\/strong> and <strong>Dr. Quinn Medicine Woman<\/strong>.<br \/>\n&nbsp;<\/p>\n<p>TG4 has seven hours of Irish language programming for children daily.  New live action series this season include engineering for children in <strong>Na hInnealt\u00f3ir\u00ed<\/strong>, entertainment life swap series <strong>Mo Shaol do Shaol<\/strong>. For younger viewers, <strong>Timpeall Orainn<\/strong> is a new nature series and <strong>An Bhfuil a Fhios agat?<\/strong> asks all the important questions that youngsters need answers to.<br \/>\n&nbsp;<\/p>\n<p>TG4 content is available worldwide via the TG4 Player which is on IOS, Android and Smart TV App and includes Playback +1 and +2 features and the option to cast programmes. TG4 was the first to bring Nordic Noir to Ireland, and this year bingeable boxsets of <strong>The Killing<\/strong>, <strong>Borgen<\/strong> and <strong>The Bridge<\/strong> will be on the TG4 Player, as well as boxset collections from the archives, of traditional music, documentary and drama.  Also for online audiences are <strong>BLOC<\/strong>, a social media brand for young audiences and <strong>MOLSC\u00c9AL<\/strong> an online video story hub featuring stories from the heart of Irish language communities and Gaeltacht regions.<br \/>\n&nbsp;<\/p>\n<p>Cine 4\u2019s Oscar nominated <strong>Arracht<\/strong> starring Donal \u00d3 H\u00e9ala\u00ed will be in cinemas nationwide this autumn. Other feature films in Irish from TG4 this autumn include CINE4\u2019s <strong>Foscadh<\/strong> as well as Northern Ireland Screen\u2019s <strong>Doineann<\/strong> and docu-drama <strong>The Queen v Patrick O\u2019Donnell<\/strong> will be shown at various film festivals at home and abroad.<br \/>\n&nbsp;<\/p>\n<p><strong>Alan Esslemont, Director General, TG4<\/strong> said: <em>\u201cOn October 31st this year TG4 will celebrate our 25th birthday and can reflect with some satisfaction that our programmes have brought a genuine \u2018s\u00fail eile\u2019 to Irish broadcasting and that the station\u2019s brand has been instrumental in bringing about a change of image for the Irish language.   I\u2019d especially like to thank and congratulate all of our partners working in the independent audiovisual industry, whose imagination and creativity have underpinned TG4\u2019s success over the last quarter century and whose latest work we are celebrating at our Autumn launch.   <\/p>\n<p>However, when compared to the way Welsh is supported in Wales, the Irish state continues to display a clear lack of ambition for the Irish-speaking communities and for Irish language media.   The present Public Service Media ecosystem in Ireland is monolithic.  PSM in Ireland after the pandemic needs to be sustainable but it also needs more diversity and plurality. TG4\u2019s Post-Covid Vision document outlines how all the state-funded audiovisual agencies, RT\u00c9, TG4, Screen Ireland and BAI, can be supported in a fairer, more balanced way and drive a more diverse and less centralised public media ecosystem.\u201d  <\/em><br \/>\n&nbsp;<\/p>\n<p>For more on TG4\u2019s autumn schedule visit <a href=\"https:\/\/dev.tg4.ie\/f\u00f3mhar21\" rel=\"noopener\" target=\"_blank\">tg4.ie\/f\u00f3mhar21<\/a><br \/>\n&nbsp;<br \/>\n&nbsp;<br \/>\n&nbsp;<\/p>\n","protected":false},"excerpt":{"rendered":"<p>&nbsp; As TG4 approaches its 25th birthday this October, the new autumn schedule is a fitting representation of TG4\u2019s age and of Irish society from the New Irish and sustainability to killers and culture. &nbsp; TG4 continues to deliver distinctive home-produced documentaries, unique entertainment, new and upcoming talent, excellent music and sports programming and an [&hellip;]<\/p>\n","protected":false},"author":876,"featured_media":0,"parent":115587,"menu_order":36,"comment_status":"closed","ping_status":"closed","template":"page-templates\/template-pr.php","meta":{"_acf_changed":false,"footnotes":""},"acf":[],"yoast_head":"<!-- This site is optimized with the Yoast SEO plugin v22.6 - https:\/\/yoast.com\/wordpress\/plugins\/seo\/ -->\n<title>Killers, Spillers and Thrillers in TG4\u2019s Autumn Schedule | Preas R\u00e1iteas | TG4<\/title>\n<meta name=\"robots\" content=\"index, follow, max-snippet:-1, max-image-preview:large, max-video-preview:-1\" \/>\n<meta property=\"og:locale\" content=\"en_US\" \/>\n<meta property=\"og:type\" content=\"article\" \/>\n<meta property=\"og:title\" content=\"Killers, Spillers and Thrillers in TG4\u2019s Autumn Schedule | Preas R\u00e1iteas | TG4\" \/>\n<meta property=\"og:description\" content=\"&nbsp; As TG4 approaches its 25th birthday this October, the new autumn schedule is a fitting representation of TG4\u2019s age and of Irish society from the New Irish and sustainability to killers and culture. &nbsp; TG4 continues to deliver distinctive home-produced documentaries, unique entertainment, new and upcoming talent, excellent music and sports programming and an [&hellip;]\" \/>\n<meta property=\"og:url\" content=\"https:\/\/dev.tg4.ie\/en\/information\/press\/press-releases\/2021-2\/killers-spillers-and-thrillers-in-tg4s-autumn-schedule\/\" \/>\n<meta property=\"og:site_name\" content=\"TG4\" \/>\n<meta property=\"article:publisher\" content=\"https:\/\/www.facebook.com\/TG4TV\" \/>\n<meta property=\"article:modified_time\" content=\"2021-08-23T11:23:39+00:00\" \/>\n<meta property=\"og:image\" content=\"https:\/\/tg4-docs.s3.amazonaws.com\/tg4-redesign-2015\/wp-content\/uploads\/2021\/08\/Seoladh_an_Fhomhair_Grupa_1920x1080.jpg\" \/>\n\t<meta property=\"og:image:width\" content=\"1920\" \/>\n\t<meta property=\"og:image:height\" content=\"1080\" \/>\n\t<meta property=\"og:image:type\" content=\"image\/jpeg\" \/>\n<meta name=\"twitter:card\" content=\"summary_large_image\" \/>\n<meta name=\"twitter:image\" content=\"https:\/\/tg4-docs.s3.amazonaws.com\/tg4-redesign-2015\/wp-content\/uploads\/2021\/08\/Seoladh_an_Fhomhair_Grupa_1920x1080.jpg\" \/>\n<meta name=\"twitter:site\" content=\"@TG4TV\" \/>\n<meta name=\"twitter:label1\" content=\"Est. reading time\" \/>\n\t<meta name=\"twitter:data1\" content=\"5 minutes\" \/>\n<script type=\"application\/ld+json\" class=\"yoast-schema-graph\">{\"@context\":\"https:\/\/schema.org\",\"@graph\":[{\"@type\":\"WebPage\",\"@id\":\"https:\/\/dev.tg4.ie\/en\/information\/press\/press-releases\/2021-2\/killers-spillers-and-thrillers-in-tg4s-autumn-schedule\/\",\"url\":\"https:\/\/dev.tg4.ie\/en\/information\/press\/press-releases\/2021-2\/killers-spillers-and-thrillers-in-tg4s-autumn-schedule\/\",\"name\":\"Killers, Spillers and Thrillers in TG4\u2019s Autumn Schedule | Preas R\u00e1iteas | TG4\",\"isPartOf\":{\"@id\":\"https:\/\/dev.tg4.ie\/en\/#website\"},\"primaryImageOfPage\":{\"@id\":\"https:\/\/dev.tg4.ie\/en\/information\/press\/press-releases\/2021-2\/killers-spillers-and-thrillers-in-tg4s-autumn-schedule\/#primaryimage\"},\"image\":{\"@id\":\"https:\/\/dev.tg4.ie\/en\/information\/press\/press-releases\/2021-2\/killers-spillers-and-thrillers-in-tg4s-autumn-schedule\/#primaryimage\"},\"thumbnailUrl\":\"https:\/\/dev.tg4.ie\/wp-content\/uploads\/2021\/08\/Seoladh_an_Fhomhair_Grupa_1920x1080.jpg\",\"datePublished\":\"2021-08-23T10:23:14+00:00\",\"dateModified\":\"2021-08-23T11:23:39+00:00\",\"breadcrumb\":{\"@id\":\"https:\/\/dev.tg4.ie\/en\/information\/press\/press-releases\/2021-2\/killers-spillers-and-thrillers-in-tg4s-autumn-schedule\/#breadcrumb\"},\"inLanguage\":\"en-ie\",\"potentialAction\":[{\"@type\":\"ReadAction\",\"target\":[\"https:\/\/dev.tg4.ie\/en\/information\/press\/press-releases\/2021-2\/killers-spillers-and-thrillers-in-tg4s-autumn-schedule\/\"]}]},{\"@type\":\"ImageObject\",\"inLanguage\":\"en-ie\",\"@id\":\"https:\/\/dev.tg4.ie\/en\/information\/press\/press-releases\/2021-2\/killers-spillers-and-thrillers-in-tg4s-autumn-schedule\/#primaryimage\",\"url\":\"https:\/\/dev.tg4.ie\/wp-content\/uploads\/2021\/08\/Seoladh_an_Fhomhair_Grupa_1920x1080.jpg\",\"contentUrl\":\"https:\/\/dev.tg4.ie\/wp-content\/uploads\/2021\/08\/Seoladh_an_Fhomhair_Grupa_1920x1080.jpg\"},{\"@type\":\"BreadcrumbList\",\"@id\":\"https:\/\/dev.tg4.ie\/en\/information\/press\/press-releases\/2021-2\/killers-spillers-and-thrillers-in-tg4s-autumn-schedule\/#breadcrumb\",\"itemListElement\":[{\"@type\":\"ListItem\",\"position\":1,\"name\":\"Home\",\"item\":\"https:\/\/dev.tg4.ie\/en\/\"},{\"@type\":\"ListItem\",\"position\":2,\"name\":\"Information\",\"item\":\"https:\/\/dev.tg4.ie\/en\/information\/\"},{\"@type\":\"ListItem\",\"position\":3,\"name\":\"Press\",\"item\":\"https:\/\/dev.tg4.ie\/en\/information\/press\/\"},{\"@type\":\"ListItem\",\"position\":4,\"name\":\"Press Releases\",\"item\":\"https:\/\/dev.tg4.ie\/en\/information\/press\/press-releases\/\"},{\"@type\":\"ListItem\",\"position\":5,\"name\":\"2021\",\"item\":\"https:\/\/dev.tg4.ie\/en\/information\/press\/press-releases\/2021-2\/\"},{\"@type\":\"ListItem\",\"position\":6,\"name\":\"Killers, Spillers and Thrillers in TG4\u2019s Autumn Schedule\"}]},{\"@type\":\"WebSite\",\"@id\":\"https:\/\/dev.tg4.ie\/en\/#website\",\"url\":\"https:\/\/dev.tg4.ie\/en\/\",\"name\":\"TG4\",\"description\":\"S\u00fail Eile\",\"potentialAction\":[{\"@type\":\"SearchAction\",\"target\":{\"@type\":\"EntryPoint\",\"urlTemplate\":\"https:\/\/dev.tg4.ie\/en\/?s={search_term_string}\"},\"query-input\":\"required name=search_term_string\"}],\"inLanguage\":\"en-ie\"}]}<\/script>\n<!-- \/ Yoast SEO plugin. -->","yoast_head_json":{"title":"Killers, Spillers and Thrillers in TG4\u2019s Autumn Schedule | Preas R\u00e1iteas | TG4","robots":{"index":"index","follow":"follow","max-snippet":"max-snippet:-1","max-image-preview":"max-image-preview:large","max-video-preview":"max-video-preview:-1"},"og_locale":"en_US","og_type":"article","og_title":"Killers, Spillers and Thrillers in TG4\u2019s Autumn Schedule | Preas R\u00e1iteas | TG4","og_description":"&nbsp; As TG4 approaches its 25th birthday this October, the new autumn schedule is a fitting representation of TG4\u2019s age and of Irish society from the New Irish and sustainability to killers and culture. &nbsp; TG4 continues to deliver distinctive home-produced documentaries, unique entertainment, new and upcoming talent, excellent music and sports programming and an [&hellip;]","og_url":"https:\/\/dev.tg4.ie\/en\/information\/press\/press-releases\/2021-2\/killers-spillers-and-thrillers-in-tg4s-autumn-schedule\/","og_site_name":"TG4","article_publisher":"https:\/\/www.facebook.com\/TG4TV","article_modified_time":"2021-08-23T11:23:39+00:00","og_image":[{"width":1920,"height":1080,"url":"https:\/\/tg4-docs.s3.amazonaws.com\/tg4-redesign-2015\/wp-content\/uploads\/2021\/08\/Seoladh_an_Fhomhair_Grupa_1920x1080.jpg","type":"image\/jpeg"}],"twitter_card":"summary_large_image","twitter_image":"https:\/\/tg4-docs.s3.amazonaws.com\/tg4-redesign-2015\/wp-content\/uploads\/2021\/08\/Seoladh_an_Fhomhair_Grupa_1920x1080.jpg","twitter_site":"@TG4TV","twitter_misc":{"Est. reading time":"5 minutes"},"schema":{"@context":"https:\/\/schema.org","@graph":[{"@type":"WebPage","@id":"https:\/\/dev.tg4.ie\/en\/information\/press\/press-releases\/2021-2\/killers-spillers-and-thrillers-in-tg4s-autumn-schedule\/","url":"https:\/\/dev.tg4.ie\/en\/information\/press\/press-releases\/2021-2\/killers-spillers-and-thrillers-in-tg4s-autumn-schedule\/","name":"Killers, Spillers and Thrillers in TG4\u2019s Autumn Schedule | Preas R\u00e1iteas | TG4","isPartOf":{"@id":"https:\/\/dev.tg4.ie\/en\/#website"},"primaryImageOfPage":{"@id":"https:\/\/dev.tg4.ie\/en\/information\/press\/press-releases\/2021-2\/killers-spillers-and-thrillers-in-tg4s-autumn-schedule\/#primaryimage"},"image":{"@id":"https:\/\/dev.tg4.ie\/en\/information\/press\/press-releases\/2021-2\/killers-spillers-and-thrillers-in-tg4s-autumn-schedule\/#primaryimage"},"thumbnailUrl":"https:\/\/dev.tg4.ie\/wp-content\/uploads\/2021\/08\/Seoladh_an_Fhomhair_Grupa_1920x1080.jpg","datePublished":"2021-08-23T10:23:14+00:00","dateModified":"2021-08-23T11:23:39+00:00","breadcrumb":{"@id":"https:\/\/dev.tg4.ie\/en\/information\/press\/press-releases\/2021-2\/killers-spillers-and-thrillers-in-tg4s-autumn-schedule\/#breadcrumb"},"inLanguage":"en-ie","potentialAction":[{"@type":"ReadAction","target":["https:\/\/dev.tg4.ie\/en\/information\/press\/press-releases\/2021-2\/killers-spillers-and-thrillers-in-tg4s-autumn-schedule\/"]}]},{"@type":"ImageObject","inLanguage":"en-ie","@id":"https:\/\/dev.tg4.ie\/en\/information\/press\/press-releases\/2021-2\/killers-spillers-and-thrillers-in-tg4s-autumn-schedule\/#primaryimage","url":"https:\/\/dev.tg4.ie\/wp-content\/uploads\/2021\/08\/Seoladh_an_Fhomhair_Grupa_1920x1080.jpg","contentUrl":"https:\/\/dev.tg4.ie\/wp-content\/uploads\/2021\/08\/Seoladh_an_Fhomhair_Grupa_1920x1080.jpg"},{"@type":"BreadcrumbList","@id":"https:\/\/dev.tg4.ie\/en\/information\/press\/press-releases\/2021-2\/killers-spillers-and-thrillers-in-tg4s-autumn-schedule\/#breadcrumb","itemListElement":[{"@type":"ListItem","position":1,"name":"Home","item":"https:\/\/dev.tg4.ie\/en\/"},{"@type":"ListItem","position":2,"name":"Information","item":"https:\/\/dev.tg4.ie\/en\/information\/"},{"@type":"ListItem","position":3,"name":"Press","item":"https:\/\/dev.tg4.ie\/en\/information\/press\/"},{"@type":"ListItem","position":4,"name":"Press Releases","item":"https:\/\/dev.tg4.ie\/en\/information\/press\/press-releases\/"},{"@type":"ListItem","position":5,"name":"2021","item":"https:\/\/dev.tg4.ie\/en\/information\/press\/press-releases\/2021-2\/"},{"@type":"ListItem","position":6,"name":"Killers, Spillers and Thrillers in TG4\u2019s Autumn Schedule"}]},{"@type":"WebSite","@id":"https:\/\/dev.tg4.ie\/en\/#website","url":"https:\/\/dev.tg4.ie\/en\/","name":"TG4","description":"S\u00fail Eile","potentialAction":[{"@type":"SearchAction","target":{"@type":"EntryPoint","urlTemplate":"https:\/\/dev.tg4.ie\/en\/?s={search_term_string}"},"query-input":"required name=search_term_string"}],"inLanguage":"en-ie"}]}},"_links":{"self":[{"href":"https:\/\/dev.tg4.ie\/en\/wp-json\/wp\/v2\/pages\/130498"}],"collection":[{"href":"https:\/\/dev.tg4.ie\/en\/wp-json\/wp\/v2\/pages"}],"about":[{"href":"https:\/\/dev.tg4.ie\/en\/wp-json\/wp\/v2\/types\/page"}],"author":[{"embeddable":true,"href":"https:\/\/dev.tg4.ie\/en\/wp-json\/wp\/v2\/users\/876"}],"replies":[{"embeddable":true,"href":"https:\/\/dev.tg4.ie\/en\/wp-json\/wp\/v2\/comments?post=130498"}],"version-history":[{"count":0,"href":"https:\/\/dev.tg4.ie\/en\/wp-json\/wp\/v2\/pages\/130498\/revisions"}],"up":[{"embeddable":true,"href":"https:\/\/dev.tg4.ie\/en\/wp-json\/wp\/v2\/pages\/115587"}],"wp:attachment":[{"href":"https:\/\/dev.tg4.ie\/en\/wp-json\/wp\/v2\/media?parent=130498"}],"curies":[{"name":"wp","href":"https:\/\/api.w.org\/{rel}","templated":true}]}}