{"id":131212,"date":"2021-09-14T10:56:53","date_gmt":"2021-09-14T09:56:53","guid":{"rendered":"https:\/\/dev.tg4.ie\/?page_id=131212"},"modified":"2021-09-14T11:10:14","modified_gmt":"2021-09-14T10:10:14","slug":"tg4-set-to-show-four-sse-airtricity-womens-national-league-games","status":"publish","type":"page","link":"https:\/\/dev.tg4.ie\/en\/information\/press\/press-releases\/2021-2\/tg4-set-to-show-four-sse-airtricity-womens-national-league-games\/","title":{"rendered":"TG4 set to show four SSE Airtricity Women&#8217;s National League games"},"content":{"rendered":"<p><a href=\"https:\/\/tg4-docs.s3.amazonaws.com\/tg4-redesign-2015\/wp-content\/uploads\/2021\/09\/Sacar_na_mBan_2_1920x1080.jpg\"><img loading=\"lazy\" decoding=\"async\" width=\"1920\" height=\"1080\" src=\"https:\/\/tg4-docs.s3.amazonaws.com\/tg4-redesign-2015\/wp-content\/uploads\/2021\/09\/Sacar_na_mBan_2_1920x1080.jpg\" alt=\"\" class=\"aligncenter size-full wp-image-131220\" srcset=\"https:\/\/tg4-docs.s3.amazonaws.com\/tg4-redesign-2015\/wp-content\/uploads\/2021\/09\/Sacar_na_mBan_2_1920x1080.jpg 1920w, https:\/\/tg4-docs.s3.amazonaws.com\/tg4-redesign-2015\/wp-content\/uploads\/2021\/09\/Sacar_na_mBan_2_1920x1080-250x141.jpg 250w, https:\/\/tg4-docs.s3.amazonaws.com\/tg4-redesign-2015\/wp-content\/uploads\/2021\/09\/Sacar_na_mBan_2_1920x1080-700x394.jpg 700w, https:\/\/tg4-docs.s3.amazonaws.com\/tg4-redesign-2015\/wp-content\/uploads\/2021\/09\/Sacar_na_mBan_2_1920x1080-252x141.jpg 252w, https:\/\/tg4-docs.s3.amazonaws.com\/tg4-redesign-2015\/wp-content\/uploads\/2021\/09\/Sacar_na_mBan_2_1920x1080-1536x864.jpg 1536w, https:\/\/tg4-docs.s3.amazonaws.com\/tg4-redesign-2015\/wp-content\/uploads\/2021\/09\/Sacar_na_mBan_2_1920x1080-120x68.jpg 120w\" sizes=\"(max-width: 1920px) 100vw, 1920px\" \/><\/a><br \/>\n&nbsp;<\/p>\n<p>The TG4 cameras will soon be at <strong>SSE Airtricity Women&#8217;s National League<\/strong> stadiums after agreeing a deal with the Football Association of Ireland to broadcast live games.<br \/>\n&nbsp;<\/p>\n<div style=\"position: relative; overflow: auto; width: 100%; padding-bottom: 56.25%;\"><iframe loading=\"lazy\" src=\"https:\/\/www.youtube.com\/embed\/j9LZw281kkw\" width=\"100%\" height=\"100%\" frameborder=\"0\" scrolling=\"no\" allowFullscreen=\"true\" style=\"position: absolute; top: 0px; display: block;\"><\/iframe><\/div>\n<p>&nbsp;<\/p>\n<p>In what will be a first for the League &#8211; which was established in 2011 &#8211; a national broadcaster will show four League games free-to-air over the coming weeks and they will also be available globally via the TG4 Player App.<br \/>\n&nbsp;<br \/>\nThe timing of this announcement coincides with a thrilling title race between Peamount United, Shelbourne and Wexford Youths, a battle to finish inside the top five involving DLR Waves, Galway WFC and Bohemians, and plenty to play for amongst Cork City, Treaty United and Athlone Town.<br \/>\n&nbsp;<br \/>\n<strong>Sacar Beo<\/strong> will be presented by Galway sports broadcaster <strong>M\u00e1ire Treasa N\u00ed Cheallaigh<\/strong>, who will be joined by a team of expert football analysts. including UEFA A licence coach Laura Cusack &#038; former Cork City manager Ronan Collins. The series is produced by Fogarty Fenwick Services.<br \/>\n&nbsp;<br \/>\nCoverage will commence with Shelbourne versus DLR Waves on Saturday October 2 at 5pm at Tolka Park.<br \/>\n&nbsp;<br \/>\n<strong>TG4\u2019s Head of Sport, R\u00f3n\u00e1n \u00d3 Coisdealbha<\/strong> said: <em>&#8220;TG4 is delighted to have football back on the station and we look forward to an action-packed season from the SSE Airtricity Women\u2019s National League. We are very proud to continue to lead the way in broadcasting of women\u2019s sport in Ireland and to bring the best of sporting action to our audiences.&#8221;<br \/>\n&#8220;This announcement reaffirms our dedication to the broadcasting of women\u2019s sport in Ireland. In 2021 TG4 has brought the Women\u2019s Australian Football League and the Vodafone Women\u2019s Interprovincial Rugby Championship to Irish TV audiences for the first time, while also increasing their coverage of the LGFA Lidl Leagues by 150%.&#8221;<\/em><br \/>\n&nbsp;<br \/>\n<strong>League of Ireland Director, Mark Scanlon<\/strong> welcomed the announcement by saying: <em>&#8220;It is fantastic to be able to raise the profile of the SSE Airtricity Women&#8217;s National League even higher by teaming up with TG4 to give the players even more visibility through the broadcasting of live games.&#8221;<br \/>\n&#8220;We have enjoyed unprecedented success with LOITV this season, where every game has been available to stream live for free. But having a national broadcaster come onboard to promote the League is a huge milestone.&#8221;<br \/>\n&#8220;It&#8217;s important that we continue to improve in all areas of promoting the game. We are excited to work with TG4 and will hopefully attract even more newcomers to the League as a result of this partnership.&#8221;<\/em><br \/>\n&nbsp;<br \/>\nDetails of the remaining games that will be shown live on TG4 will be announced soon.<br \/>\n&nbsp;<br \/>\n&nbsp;<br \/>\n&nbsp;<\/p>\n","protected":false},"excerpt":{"rendered":"<p>&nbsp; The TG4 cameras will soon be at SSE Airtricity Women&#8217;s National League stadiums after agreeing a deal with the Football Association of Ireland to broadcast live games. &nbsp; &nbsp; In what will be a first for the League &#8211; which was established in 2011 &#8211; a national broadcaster will show four League games free-to-air [&hellip;]<\/p>\n","protected":false},"author":876,"featured_media":0,"parent":115587,"menu_order":40,"comment_status":"closed","ping_status":"closed","template":"page-templates\/template-pr.php","meta":{"_acf_changed":false,"footnotes":""},"acf":[],"yoast_head":"<!-- This site is optimized with the Yoast SEO plugin v22.6 - https:\/\/yoast.com\/wordpress\/plugins\/seo\/ -->\n<title>TG4 set to show four SSE Airtricity Women&#039;s National League games | Press Release | TG4<\/title>\n<meta name=\"robots\" content=\"index, follow, max-snippet:-1, max-image-preview:large, max-video-preview:-1\" \/>\n<meta property=\"og:locale\" content=\"en_US\" \/>\n<meta property=\"og:type\" content=\"article\" \/>\n<meta property=\"og:title\" content=\"TG4 set to show four SSE Airtricity Women&#039;s National League games | Press Release | TG4\" \/>\n<meta property=\"og:description\" content=\"&nbsp; The TG4 cameras will soon be at SSE Airtricity Women&#8217;s National League stadiums after agreeing a deal with the Football Association of Ireland to broadcast live games. &nbsp; &nbsp; In what will be a first for the League &#8211; which was established in 2011 &#8211; a national broadcaster will show four League games free-to-air [&hellip;]\" \/>\n<meta property=\"og:url\" content=\"https:\/\/dev.tg4.ie\/en\/information\/press\/press-releases\/2021-2\/tg4-set-to-show-four-sse-airtricity-womens-national-league-games\/\" \/>\n<meta property=\"og:site_name\" content=\"TG4\" \/>\n<meta property=\"article:publisher\" content=\"https:\/\/www.facebook.com\/TG4TV\" \/>\n<meta property=\"article:modified_time\" content=\"2021-09-14T10:10:14+00:00\" \/>\n<meta property=\"og:image\" content=\"https:\/\/tg4-docs.s3.amazonaws.com\/tg4-redesign-2015\/wp-content\/uploads\/2021\/09\/Sacar_na_mBan_2_1920x1080.jpg\" \/>\n\t<meta property=\"og:image:width\" content=\"1920\" \/>\n\t<meta property=\"og:image:height\" content=\"1080\" \/>\n\t<meta property=\"og:image:type\" content=\"image\/jpeg\" \/>\n<meta name=\"twitter:card\" content=\"summary_large_image\" \/>\n<meta name=\"twitter:image\" content=\"https:\/\/tg4-docs.s3.amazonaws.com\/tg4-redesign-2015\/wp-content\/uploads\/2021\/09\/Sacar_na_mBan_2_1920x1080.jpg\" \/>\n<meta name=\"twitter:site\" content=\"@TG4TV\" \/>\n<meta name=\"twitter:label1\" content=\"Est. reading time\" \/>\n\t<meta name=\"twitter:data1\" content=\"2 minutes\" \/>\n<script type=\"application\/ld+json\" class=\"yoast-schema-graph\">{\"@context\":\"https:\/\/schema.org\",\"@graph\":[{\"@type\":\"WebPage\",\"@id\":\"https:\/\/dev.tg4.ie\/en\/information\/press\/press-releases\/2021-2\/tg4-set-to-show-four-sse-airtricity-womens-national-league-games\/\",\"url\":\"https:\/\/dev.tg4.ie\/en\/information\/press\/press-releases\/2021-2\/tg4-set-to-show-four-sse-airtricity-womens-national-league-games\/\",\"name\":\"TG4 set to show four SSE Airtricity Women's National League games | Press Release | TG4\",\"isPartOf\":{\"@id\":\"https:\/\/dev.tg4.ie\/en\/#website\"},\"primaryImageOfPage\":{\"@id\":\"https:\/\/dev.tg4.ie\/en\/information\/press\/press-releases\/2021-2\/tg4-set-to-show-four-sse-airtricity-womens-national-league-games\/#primaryimage\"},\"image\":{\"@id\":\"https:\/\/dev.tg4.ie\/en\/information\/press\/press-releases\/2021-2\/tg4-set-to-show-four-sse-airtricity-womens-national-league-games\/#primaryimage\"},\"thumbnailUrl\":\"https:\/\/dev.tg4.ie\/wp-content\/uploads\/2021\/09\/Sacar_na_mBan_2_1920x1080.jpg\",\"datePublished\":\"2021-09-14T09:56:53+00:00\",\"dateModified\":\"2021-09-14T10:10:14+00:00\",\"breadcrumb\":{\"@id\":\"https:\/\/dev.tg4.ie\/en\/information\/press\/press-releases\/2021-2\/tg4-set-to-show-four-sse-airtricity-womens-national-league-games\/#breadcrumb\"},\"inLanguage\":\"en-ie\",\"potentialAction\":[{\"@type\":\"ReadAction\",\"target\":[\"https:\/\/dev.tg4.ie\/en\/information\/press\/press-releases\/2021-2\/tg4-set-to-show-four-sse-airtricity-womens-national-league-games\/\"]}]},{\"@type\":\"ImageObject\",\"inLanguage\":\"en-ie\",\"@id\":\"https:\/\/dev.tg4.ie\/en\/information\/press\/press-releases\/2021-2\/tg4-set-to-show-four-sse-airtricity-womens-national-league-games\/#primaryimage\",\"url\":\"https:\/\/dev.tg4.ie\/wp-content\/uploads\/2021\/09\/Sacar_na_mBan_2_1920x1080.jpg\",\"contentUrl\":\"https:\/\/dev.tg4.ie\/wp-content\/uploads\/2021\/09\/Sacar_na_mBan_2_1920x1080.jpg\"},{\"@type\":\"BreadcrumbList\",\"@id\":\"https:\/\/dev.tg4.ie\/en\/information\/press\/press-releases\/2021-2\/tg4-set-to-show-four-sse-airtricity-womens-national-league-games\/#breadcrumb\",\"itemListElement\":[{\"@type\":\"ListItem\",\"position\":1,\"name\":\"Home\",\"item\":\"https:\/\/dev.tg4.ie\/en\/\"},{\"@type\":\"ListItem\",\"position\":2,\"name\":\"Information\",\"item\":\"https:\/\/dev.tg4.ie\/en\/information\/\"},{\"@type\":\"ListItem\",\"position\":3,\"name\":\"Press\",\"item\":\"https:\/\/dev.tg4.ie\/en\/information\/press\/\"},{\"@type\":\"ListItem\",\"position\":4,\"name\":\"Press Releases\",\"item\":\"https:\/\/dev.tg4.ie\/en\/information\/press\/press-releases\/\"},{\"@type\":\"ListItem\",\"position\":5,\"name\":\"2021\",\"item\":\"https:\/\/dev.tg4.ie\/en\/information\/press\/press-releases\/2021-2\/\"},{\"@type\":\"ListItem\",\"position\":6,\"name\":\"TG4 set to show four SSE Airtricity Women&#8217;s National League games\"}]},{\"@type\":\"WebSite\",\"@id\":\"https:\/\/dev.tg4.ie\/en\/#website\",\"url\":\"https:\/\/dev.tg4.ie\/en\/\",\"name\":\"TG4\",\"description\":\"S\u00fail Eile\",\"potentialAction\":[{\"@type\":\"SearchAction\",\"target\":{\"@type\":\"EntryPoint\",\"urlTemplate\":\"https:\/\/dev.tg4.ie\/en\/?s={search_term_string}\"},\"query-input\":\"required name=search_term_string\"}],\"inLanguage\":\"en-ie\"}]}<\/script>\n<!-- \/ Yoast SEO plugin. -->","yoast_head_json":{"title":"TG4 set to show four SSE Airtricity Women's National League games | Press Release | TG4","robots":{"index":"index","follow":"follow","max-snippet":"max-snippet:-1","max-image-preview":"max-image-preview:large","max-video-preview":"max-video-preview:-1"},"og_locale":"en_US","og_type":"article","og_title":"TG4 set to show four SSE Airtricity Women's National League games | Press Release | TG4","og_description":"&nbsp; The TG4 cameras will soon be at SSE Airtricity Women&#8217;s National League stadiums after agreeing a deal with the Football Association of Ireland to broadcast live games. &nbsp; &nbsp; In what will be a first for the League &#8211; which was established in 2011 &#8211; a national broadcaster will show four League games free-to-air [&hellip;]","og_url":"https:\/\/dev.tg4.ie\/en\/information\/press\/press-releases\/2021-2\/tg4-set-to-show-four-sse-airtricity-womens-national-league-games\/","og_site_name":"TG4","article_publisher":"https:\/\/www.facebook.com\/TG4TV","article_modified_time":"2021-09-14T10:10:14+00:00","og_image":[{"width":1920,"height":1080,"url":"https:\/\/tg4-docs.s3.amazonaws.com\/tg4-redesign-2015\/wp-content\/uploads\/2021\/09\/Sacar_na_mBan_2_1920x1080.jpg","type":"image\/jpeg"}],"twitter_card":"summary_large_image","twitter_image":"https:\/\/tg4-docs.s3.amazonaws.com\/tg4-redesign-2015\/wp-content\/uploads\/2021\/09\/Sacar_na_mBan_2_1920x1080.jpg","twitter_site":"@TG4TV","twitter_misc":{"Est. reading time":"2 minutes"},"schema":{"@context":"https:\/\/schema.org","@graph":[{"@type":"WebPage","@id":"https:\/\/dev.tg4.ie\/en\/information\/press\/press-releases\/2021-2\/tg4-set-to-show-four-sse-airtricity-womens-national-league-games\/","url":"https:\/\/dev.tg4.ie\/en\/information\/press\/press-releases\/2021-2\/tg4-set-to-show-four-sse-airtricity-womens-national-league-games\/","name":"TG4 set to show four SSE Airtricity Women's National League games | Press Release | TG4","isPartOf":{"@id":"https:\/\/dev.tg4.ie\/en\/#website"},"primaryImageOfPage":{"@id":"https:\/\/dev.tg4.ie\/en\/information\/press\/press-releases\/2021-2\/tg4-set-to-show-four-sse-airtricity-womens-national-league-games\/#primaryimage"},"image":{"@id":"https:\/\/dev.tg4.ie\/en\/information\/press\/press-releases\/2021-2\/tg4-set-to-show-four-sse-airtricity-womens-national-league-games\/#primaryimage"},"thumbnailUrl":"https:\/\/dev.tg4.ie\/wp-content\/uploads\/2021\/09\/Sacar_na_mBan_2_1920x1080.jpg","datePublished":"2021-09-14T09:56:53+00:00","dateModified":"2021-09-14T10:10:14+00:00","breadcrumb":{"@id":"https:\/\/dev.tg4.ie\/en\/information\/press\/press-releases\/2021-2\/tg4-set-to-show-four-sse-airtricity-womens-national-league-games\/#breadcrumb"},"inLanguage":"en-ie","potentialAction":[{"@type":"ReadAction","target":["https:\/\/dev.tg4.ie\/en\/information\/press\/press-releases\/2021-2\/tg4-set-to-show-four-sse-airtricity-womens-national-league-games\/"]}]},{"@type":"ImageObject","inLanguage":"en-ie","@id":"https:\/\/dev.tg4.ie\/en\/information\/press\/press-releases\/2021-2\/tg4-set-to-show-four-sse-airtricity-womens-national-league-games\/#primaryimage","url":"https:\/\/dev.tg4.ie\/wp-content\/uploads\/2021\/09\/Sacar_na_mBan_2_1920x1080.jpg","contentUrl":"https:\/\/dev.tg4.ie\/wp-content\/uploads\/2021\/09\/Sacar_na_mBan_2_1920x1080.jpg"},{"@type":"BreadcrumbList","@id":"https:\/\/dev.tg4.ie\/en\/information\/press\/press-releases\/2021-2\/tg4-set-to-show-four-sse-airtricity-womens-national-league-games\/#breadcrumb","itemListElement":[{"@type":"ListItem","position":1,"name":"Home","item":"https:\/\/dev.tg4.ie\/en\/"},{"@type":"ListItem","position":2,"name":"Information","item":"https:\/\/dev.tg4.ie\/en\/information\/"},{"@type":"ListItem","position":3,"name":"Press","item":"https:\/\/dev.tg4.ie\/en\/information\/press\/"},{"@type":"ListItem","position":4,"name":"Press Releases","item":"https:\/\/dev.tg4.ie\/en\/information\/press\/press-releases\/"},{"@type":"ListItem","position":5,"name":"2021","item":"https:\/\/dev.tg4.ie\/en\/information\/press\/press-releases\/2021-2\/"},{"@type":"ListItem","position":6,"name":"TG4 set to show four SSE Airtricity Women&#8217;s National League games"}]},{"@type":"WebSite","@id":"https:\/\/dev.tg4.ie\/en\/#website","url":"https:\/\/dev.tg4.ie\/en\/","name":"TG4","description":"S\u00fail Eile","potentialAction":[{"@type":"SearchAction","target":{"@type":"EntryPoint","urlTemplate":"https:\/\/dev.tg4.ie\/en\/?s={search_term_string}"},"query-input":"required name=search_term_string"}],"inLanguage":"en-ie"}]}},"_links":{"self":[{"href":"https:\/\/dev.tg4.ie\/en\/wp-json\/wp\/v2\/pages\/131212"}],"collection":[{"href":"https:\/\/dev.tg4.ie\/en\/wp-json\/wp\/v2\/pages"}],"about":[{"href":"https:\/\/dev.tg4.ie\/en\/wp-json\/wp\/v2\/types\/page"}],"author":[{"embeddable":true,"href":"https:\/\/dev.tg4.ie\/en\/wp-json\/wp\/v2\/users\/876"}],"replies":[{"embeddable":true,"href":"https:\/\/dev.tg4.ie\/en\/wp-json\/wp\/v2\/comments?post=131212"}],"version-history":[{"count":0,"href":"https:\/\/dev.tg4.ie\/en\/wp-json\/wp\/v2\/pages\/131212\/revisions"}],"up":[{"embeddable":true,"href":"https:\/\/dev.tg4.ie\/en\/wp-json\/wp\/v2\/pages\/115587"}],"wp:attachment":[{"href":"https:\/\/dev.tg4.ie\/en\/wp-json\/wp\/v2\/media?parent=131212"}],"curies":[{"name":"wp","href":"https:\/\/api.w.org\/{rel}","templated":true}]}}