{"id":131277,"date":"2021-09-15T16:25:19","date_gmt":"2021-09-15T15:25:19","guid":{"rendered":"https:\/\/dev.tg4.ie\/?page_id=131277"},"modified":"2021-09-16T09:54:56","modified_gmt":"2021-09-16T08:54:56","slug":"official-launch-of-brand-new-united-rugby-championship","status":"publish","type":"page","link":"https:\/\/dev.tg4.ie\/en\/information\/press\/press-releases\/2021-2\/official-launch-of-brand-new-united-rugby-championship\/","title":{"rendered":"Official Launch of Brand-New United Rugby Championship"},"content":{"rendered":"<p><strong>RT\u00c9 and TG4 unite to bring Irish audiences over 150 hours of rugby action free-to-air. <\/p>\n<p>Coverage kicks-off on RT\u00c9 and TG4 on September 24. Connacht, Munster and Leinster all live in Round 1<\/strong><br \/>\n&nbsp;<br \/>\n<a href=\"https:\/\/tg4-docs.s3.amazonaws.com\/tg4-redesign-2015\/wp-content\/uploads\/2021\/09\/URC_Launch_2021_2_1920x1080.jpg\"><img loading=\"lazy\" decoding=\"async\" width=\"1920\" height=\"1080\" src=\"https:\/\/tg4-docs.s3.amazonaws.com\/tg4-redesign-2015\/wp-content\/uploads\/2021\/09\/URC_Launch_2021_2_1920x1080.jpg\" alt=\"\" class=\"aligncenter size-full wp-image-131308\" srcset=\"https:\/\/tg4-docs.s3.amazonaws.com\/tg4-redesign-2015\/wp-content\/uploads\/2021\/09\/URC_Launch_2021_2_1920x1080.jpg 1920w, https:\/\/tg4-docs.s3.amazonaws.com\/tg4-redesign-2015\/wp-content\/uploads\/2021\/09\/URC_Launch_2021_2_1920x1080-250x141.jpg 250w, https:\/\/tg4-docs.s3.amazonaws.com\/tg4-redesign-2015\/wp-content\/uploads\/2021\/09\/URC_Launch_2021_2_1920x1080-700x394.jpg 700w, https:\/\/tg4-docs.s3.amazonaws.com\/tg4-redesign-2015\/wp-content\/uploads\/2021\/09\/URC_Launch_2021_2_1920x1080-252x141.jpg 252w, https:\/\/tg4-docs.s3.amazonaws.com\/tg4-redesign-2015\/wp-content\/uploads\/2021\/09\/URC_Launch_2021_2_1920x1080-1536x864.jpg 1536w, https:\/\/tg4-docs.s3.amazonaws.com\/tg4-redesign-2015\/wp-content\/uploads\/2021\/09\/URC_Launch_2021_2_1920x1080-120x68.jpg 120w\" sizes=\"(max-width: 1920px) 100vw, 1920px\" \/><\/a><br \/>\n<sup>Pic: Inpho Photography &#8211; Jacqui Hurley, M\u00e1ire Treasa N\u00ed Dhubhghaill, Daire O&#8217;Brien and Gemma N\u00ed Chionnaith<\/sup><br \/>\n&nbsp;<\/p>\n<p>As the brand-new URC is officially launched, RT\u00c9 and TG4 have announced that together they will deliver over 150 hours of world class club rugby to Irish audiences free-to-air.<br \/>\n&nbsp;<br \/>\nGames involving all four Irish provinces will be live and free-to-air on Irish television as the URC kicks off its inaugural season next weekend.<br \/>\n&nbsp;<br \/>\nRT\u00c9 and TG4\u2019s live, free-to-air coverage of the new United Rugby Championship begins with Connacht live on TG4 on Friday 24 September, followed by an action-packed rugby Saturday (25 September) as Leinster are live on TG4, and Munster live on RT\u00c9.<br \/>\n&nbsp;<br \/>\nRT\u00c9 will broadcast live television, radio and online coverage of 26 games featuring the Irish provinces in the league, plus additional knockout matches. There will also be extensive highlights and analysis each week on Against the Head on RT\u00c92 and RT\u00c9 Player.<br \/>\n&nbsp;<br \/>\nTG4\u2019s Rugba\u00ed Beo will continue to be the station\u2019s flagship rugby programme and will broadcast 26 games involving Irish provincial clubs and an additional 16 games featuring international club sides. Sp\u00f3rt TG4 will also have exclusive behind the scenes action from the competition across its social media channels.<br \/>\n&nbsp;<br \/>\nThe URC final will also be delivered free-to-air with RT\u00c9 and TG4 broadcasting it live on alternate years.<br \/>\n&nbsp;<br \/>\n<strong>Declan McBennett, Group Head of Sport, RT\u00c9<\/strong> said: <em>\u201cThroughout the year RT\u00c9 Sport has seen the very best of Irish athletes compete domestically and internationally against first class opposition at an elite level. Being in a position to provide free-to-air coverage of the provinces to our audience in the newly reconstituted URC adds a further dimension to that and allows us to ensure our best rugby players are seen and seen to inspire future generations who want to one day wear their provincial and national jersey.\u201d<\/em><br \/>\n&nbsp;<br \/>\n<strong>R\u00f3n\u00e1n \u00d3 Coisdealbha, TG4 Head of Sport<\/strong> said: <em>\u201cTG4 has been bringing interprovincial rugby to Irish Audiences since the first days of the Celtic League in 2001, and we are looking forward to taking this next step with the URC and to see the South Africa \u2018Super\u2019 teams become part of our Rugba\u00ed Beo line-up. This partnership with RT\u00c9 galvanises TG4\u2019s commitment to provide the best of sporting action to our audiences, and to making that coverage free-to-air and accessible to all fans.\u201d<\/em><br \/>\n&nbsp;<br \/>\n<strong>Martin Anayi, CEO, United Rugby Championship<\/strong> said <em>\u201cThe widespread return of URC and the provinces to Free-to-Air television in Ireland is a real cause for excitement and we can\u2019t wait for that energy to be unleashed on the opening weekend with some cracking games on RT\u00c9 and TG4 involving Leinster and Munster against two of South Africa\u2019s heavyweights in the Vodacom Bulls and Cell C Sharks. We have talked about the potential of our new partnership with RT\u00c9 and TG4 and now we get to see if come to life in a week\u2019s time.\u201d<\/em><br \/>\n&nbsp;<\/p>\n<p><strong>TG4\u2019s Rugba\u00ed Beo<\/strong><\/p>\n<p>TG4\u2019s Rugba\u00ed Beo lead by presenter M\u00e1ire Treasa N\u00ed Dhubhghaill, will feature expert analysis from Eimear Considine, Deirbhile Nic a Bhaird, Niamh N\u00ed Dhroma, Marcus Horan, Ronan Loughney, Eoghan \u00d3 Neachtain and Eamonn Molloy along with a host of others. Match commentary will be provided by Garry Mac Donncha. Gemma N\u00ed Chionnaith will take over presenting duties from M\u00e1ire Treasa while she is on maternity leave later in this year<\/p>\n<p>URC coverage will get underway on TG4 with a bumper weekend of action. On Friday 24 September Connacht travel to Wales to take on Cardiff Rugby (7.30pm TG4 &#038; TG4 Player). And on Saturday 25 September Leinster take on the Vodacom Bulls at the Aviva Stadium (4.50pm TG4 &#038; TG4 Player).<br \/>\n&nbsp;<\/p>\n<p><strong>RT\u00c9 URC Live<\/strong><\/p>\n<p>RT\u00c9\u2019s URC Live will be presented by Jacqui Hurley and Daire O\u2019Brien with a top-class line-up of panellists.<\/p>\n<p>RT\u00c9\u2019s URC Live kicks off on Saturday 25th September on RT\u00c92 and RT\u00c9 Player with Jacqui Hurley live from Thomond Park as Munster begin their campaign against the Cell C Sharks with Donal Lenihan alongside Hugh Cahill on commentary. <\/p>\n<p>RT\u00c9 Radio 1 and RT\u00c92fm will have full live commentary on the key games involving the Irish provinces as well as reports, analysis, and interviews throughout the season.<br \/>\nFull RT\u00c9 &#038; TG4 fixture list below.<br \/>\n&nbsp;<br \/>\nThe RT\u00c9 \/ TG4 joint TV broadcast output contract has been awarded to Iris Productions. The Galway based production company spearheaded many innovations in their previous rugby coverage on TG4, including behind-the-scenes referee briefings and audio-snoops on coaches and players. NEP Ireland will provide OB facilities.<br \/>\n&nbsp;<br \/>\n&nbsp;<\/p>\n<p><strong>RT\u00c9 &#038; TG4 live televised fixtures<\/strong><br \/>\n&nbsp;<br \/>\n<strong>Friday 24th September<\/strong><\/p>\n<p>Cardiff v Connacht, TG4 &#038; TG4 Player<br \/>\n&nbsp;<\/p>\n<p><strong>Saturday 25th September<\/strong><\/p>\n<p>Leinster v Vodacom Bulls, TG4 &#038; TG4 Player<\/p>\n<p>Munster v Cell C Sharks, RT\u00c92 &#038; RT\u00c9 Player<br \/>\n&nbsp;<\/p>\n<p><strong>Friday 1st October<\/strong><\/p>\n<p>Connacht v Vodacom Bulls TG4 &#038; TG4 Player<br \/>\n&nbsp;<\/p>\n<p><strong>Saturday 2nd October<\/strong><\/p>\n<p>Dragons v Leinster, RT\u00c92 &#038; RT\u00c9 Player<\/p>\n<p>Munster v DHL Stormers, RT\u00c92 &#038; RT\u00c9 Player<br \/>\n&nbsp;<\/p>\n<p><strong>Friday 8th October<\/strong><\/p>\n<p>Ulster v Benetton, TG4 &#038; TG4 Player<br \/>\n&nbsp;<\/p>\n<p><strong>Saturday 9th October<\/strong><\/p>\n<p>Leinster v Zebre, RT\u00c92 &#038; RT\u00c9 Player<\/p>\n<p>Connacht v Dragons, TG4 &#038; TG4 Player<br \/>\n&nbsp;<\/p>\n<p><strong>Sunday 10th October<\/strong><\/p>\n<p>Scarlets v Munster, RT\u00c92 &#038; RT\u00c9 Player<br \/>\n&nbsp;<\/p>\n<p><strong>Friday 15th October<\/strong><\/p>\n<p>Ulster v Emirates Lions, RT\u00c92 &#038; RT\u00c9 Player<br \/>\n&nbsp;<\/p>\n<p><strong>Saturday 16th October<\/strong><\/p>\n<p>Benetton v Ospreys, TG4 &#038; TG4 Player<\/p>\n<p>Leinster v Scarlets, TG4 &#038; TG4 Player<\/p>\n<p>Munster v Connacht, RT\u00c92 &#038; RT\u00c9 Player<br \/>\n&nbsp;<\/p>\n<p><strong>Friday 22nd October<\/strong><\/p>\n<p>Scarlets v Benetton, TG4 &#038; TG4 Player<\/p>\n<p>Glasgow v Leinster, TG4 &#038; TG4 Player<br \/>\n&nbsp;<\/p>\n<p><strong>Saturday 23rd October<\/strong><\/p>\n<p>Ospreys v Munster, RT\u00c92 &#038; RT\u00c9 Player<\/p>\n<p>Connacht v Ulster, TG4 &#038; TG4 Player<br \/>\n&nbsp;<\/p>\n<p><strong>Friday 26th November<\/strong><\/p>\n<p>Connacht v Ospreys, RT\u00c92 &#038; RT\u00c9 Player<br \/>\n&nbsp;<\/p>\n<p><strong>Saturday 27th November<\/strong><\/p>\n<p>Cell C Sharks v Scarlets, TG4 &#038; TG4 Player<\/p>\n<p>Vodacom Bulls v Munster, TG4 &#038; TG4 Player<\/p>\n<p>Leinster v Ulster RT\u00c92 &#038; RT\u00c9 Player<br \/>\n&nbsp;<\/p>\n<p><strong>Friday 3rd December<\/strong><\/p>\n<p>Leinster v Connacht, TG4 &#038; TG4 Player<br \/>\n&nbsp;<\/p>\n<p><strong>Saturday 4th December<\/strong><\/p>\n<p>Emirates Lions v Munster, RT\u00c92 &#038; RT\u00c9 Player<\/p>\n<p>DHL Stormers v Cardiff, TG4 &#038; TG4 Player<br \/>\n&nbsp;<\/p>\n<p><strong>Sunday 26th December<\/strong><\/p>\n<p>Ulster v Connacht, TG4 &#038; TG4 Player<\/p>\n<p>Munster v Leinster, RT\u00c92 &#038; RT\u00c9 Player<br \/>\n&nbsp;<\/p>\n<p><strong>Saturday 1st January<\/strong><\/p>\n<p>Connacht v Munster, TG4 &#038; TG4 Player<\/p>\n<p>Ulster v Leinster, TG4 &#038; TG4 Player<br \/>\n&nbsp;<\/p>\n<p><strong>Friday 7th January<\/strong><\/p>\n<p>Leinster v Emirates Lions, TG4 &#038; TG4 Player<br \/>\n&nbsp;<\/p>\n<p><strong>Saturday 8th January<\/strong><\/p>\n<p>Connacht v DHL Stormers, RT\u00c92 &#038; RT\u00c9 Player<\/p>\n<p>Munster v Ulster, RT\u00c92 &#038; RT\u00c9 Player<br \/>\n&nbsp;<br \/>\n&nbsp;<br \/>\n&nbsp;<\/p>\n","protected":false},"excerpt":{"rendered":"<p>RT\u00c9 and TG4 unite to bring Irish audiences over 150 hours of rugby action free-to-air. Coverage kicks-off on RT\u00c9 and TG4 on September 24. Connacht, Munster and Leinster all live in Round 1 &nbsp; Pic: Inpho Photography &#8211; Jacqui Hurley, M\u00e1ire Treasa N\u00ed Dhubhghaill, Daire O&#8217;Brien and Gemma N\u00ed Chionnaith &nbsp; As the brand-new URC [&hellip;]<\/p>\n","protected":false},"author":876,"featured_media":0,"parent":115587,"menu_order":41,"comment_status":"closed","ping_status":"closed","template":"page-templates\/template-pr.php","meta":{"_acf_changed":false,"footnotes":""},"acf":[],"yoast_head":"<!-- This site is optimized with the Yoast SEO plugin v22.6 - https:\/\/yoast.com\/wordpress\/plugins\/seo\/ -->\n<title>Official Launch of Brand-New United Rugby Championship | Press Release | TG4<\/title>\n<meta name=\"robots\" content=\"index, follow, max-snippet:-1, max-image-preview:large, max-video-preview:-1\" \/>\n<meta property=\"og:locale\" content=\"en_US\" \/>\n<meta property=\"og:type\" content=\"article\" \/>\n<meta property=\"og:title\" content=\"Official Launch of Brand-New United Rugby Championship | Press Release | TG4\" \/>\n<meta property=\"og:description\" content=\"RT\u00c9 and TG4 unite to bring Irish audiences over 150 hours of rugby action free-to-air. Coverage kicks-off on RT\u00c9 and TG4 on September 24. Connacht, Munster and Leinster all live in Round 1 &nbsp; Pic: Inpho Photography &#8211; Jacqui Hurley, M\u00e1ire Treasa N\u00ed Dhubhghaill, Daire O&#8217;Brien and Gemma N\u00ed Chionnaith &nbsp; As the brand-new URC [&hellip;]\" \/>\n<meta property=\"og:url\" content=\"https:\/\/dev.tg4.ie\/en\/information\/press\/press-releases\/2021-2\/official-launch-of-brand-new-united-rugby-championship\/\" \/>\n<meta property=\"og:site_name\" content=\"TG4\" \/>\n<meta property=\"article:publisher\" content=\"https:\/\/www.facebook.com\/TG4TV\" \/>\n<meta property=\"article:modified_time\" content=\"2021-09-16T08:54:56+00:00\" \/>\n<meta property=\"og:image\" content=\"https:\/\/tg4-docs.s3.amazonaws.com\/tg4-redesign-2015\/wp-content\/uploads\/2021\/09\/URC_Launch_2021_2_1920x1080.jpg\" \/>\n\t<meta property=\"og:image:width\" content=\"1920\" \/>\n\t<meta property=\"og:image:height\" content=\"1080\" \/>\n\t<meta property=\"og:image:type\" content=\"image\/jpeg\" \/>\n<meta name=\"twitter:card\" content=\"summary_large_image\" \/>\n<meta name=\"twitter:image\" content=\"https:\/\/tg4-docs.s3.amazonaws.com\/tg4-redesign-2015\/wp-content\/uploads\/2021\/09\/URC_Launch_2021_2_1920x1080.jpg\" \/>\n<meta name=\"twitter:site\" content=\"@TG4TV\" \/>\n<meta name=\"twitter:label1\" content=\"Est. reading time\" \/>\n\t<meta name=\"twitter:data1\" content=\"5 minutes\" \/>\n<script type=\"application\/ld+json\" class=\"yoast-schema-graph\">{\"@context\":\"https:\/\/schema.org\",\"@graph\":[{\"@type\":\"WebPage\",\"@id\":\"https:\/\/dev.tg4.ie\/en\/information\/press\/press-releases\/2021-2\/official-launch-of-brand-new-united-rugby-championship\/\",\"url\":\"https:\/\/dev.tg4.ie\/en\/information\/press\/press-releases\/2021-2\/official-launch-of-brand-new-united-rugby-championship\/\",\"name\":\"Official Launch of Brand-New United Rugby Championship | Press Release | TG4\",\"isPartOf\":{\"@id\":\"https:\/\/dev.tg4.ie\/en\/#website\"},\"primaryImageOfPage\":{\"@id\":\"https:\/\/dev.tg4.ie\/en\/information\/press\/press-releases\/2021-2\/official-launch-of-brand-new-united-rugby-championship\/#primaryimage\"},\"image\":{\"@id\":\"https:\/\/dev.tg4.ie\/en\/information\/press\/press-releases\/2021-2\/official-launch-of-brand-new-united-rugby-championship\/#primaryimage\"},\"thumbnailUrl\":\"https:\/\/dev.tg4.ie\/wp-content\/uploads\/2021\/09\/URC_Launch_2021_2_1920x1080.jpg\",\"datePublished\":\"2021-09-15T15:25:19+00:00\",\"dateModified\":\"2021-09-16T08:54:56+00:00\",\"breadcrumb\":{\"@id\":\"https:\/\/dev.tg4.ie\/en\/information\/press\/press-releases\/2021-2\/official-launch-of-brand-new-united-rugby-championship\/#breadcrumb\"},\"inLanguage\":\"en-ie\",\"potentialAction\":[{\"@type\":\"ReadAction\",\"target\":[\"https:\/\/dev.tg4.ie\/en\/information\/press\/press-releases\/2021-2\/official-launch-of-brand-new-united-rugby-championship\/\"]}]},{\"@type\":\"ImageObject\",\"inLanguage\":\"en-ie\",\"@id\":\"https:\/\/dev.tg4.ie\/en\/information\/press\/press-releases\/2021-2\/official-launch-of-brand-new-united-rugby-championship\/#primaryimage\",\"url\":\"https:\/\/dev.tg4.ie\/wp-content\/uploads\/2021\/09\/URC_Launch_2021_2_1920x1080.jpg\",\"contentUrl\":\"https:\/\/dev.tg4.ie\/wp-content\/uploads\/2021\/09\/URC_Launch_2021_2_1920x1080.jpg\"},{\"@type\":\"BreadcrumbList\",\"@id\":\"https:\/\/dev.tg4.ie\/en\/information\/press\/press-releases\/2021-2\/official-launch-of-brand-new-united-rugby-championship\/#breadcrumb\",\"itemListElement\":[{\"@type\":\"ListItem\",\"position\":1,\"name\":\"Home\",\"item\":\"https:\/\/dev.tg4.ie\/en\/\"},{\"@type\":\"ListItem\",\"position\":2,\"name\":\"Information\",\"item\":\"https:\/\/dev.tg4.ie\/en\/information\/\"},{\"@type\":\"ListItem\",\"position\":3,\"name\":\"Press\",\"item\":\"https:\/\/dev.tg4.ie\/en\/information\/press\/\"},{\"@type\":\"ListItem\",\"position\":4,\"name\":\"Press Releases\",\"item\":\"https:\/\/dev.tg4.ie\/en\/information\/press\/press-releases\/\"},{\"@type\":\"ListItem\",\"position\":5,\"name\":\"2021\",\"item\":\"https:\/\/dev.tg4.ie\/en\/information\/press\/press-releases\/2021-2\/\"},{\"@type\":\"ListItem\",\"position\":6,\"name\":\"Official Launch of Brand-New United Rugby Championship\"}]},{\"@type\":\"WebSite\",\"@id\":\"https:\/\/dev.tg4.ie\/en\/#website\",\"url\":\"https:\/\/dev.tg4.ie\/en\/\",\"name\":\"TG4\",\"description\":\"S\u00fail Eile\",\"potentialAction\":[{\"@type\":\"SearchAction\",\"target\":{\"@type\":\"EntryPoint\",\"urlTemplate\":\"https:\/\/dev.tg4.ie\/en\/?s={search_term_string}\"},\"query-input\":\"required name=search_term_string\"}],\"inLanguage\":\"en-ie\"}]}<\/script>\n<!-- \/ Yoast SEO plugin. -->","yoast_head_json":{"title":"Official Launch of Brand-New United Rugby Championship | Press Release | TG4","robots":{"index":"index","follow":"follow","max-snippet":"max-snippet:-1","max-image-preview":"max-image-preview:large","max-video-preview":"max-video-preview:-1"},"og_locale":"en_US","og_type":"article","og_title":"Official Launch of Brand-New United Rugby Championship | Press Release | TG4","og_description":"RT\u00c9 and TG4 unite to bring Irish audiences over 150 hours of rugby action free-to-air. Coverage kicks-off on RT\u00c9 and TG4 on September 24. Connacht, Munster and Leinster all live in Round 1 &nbsp; Pic: Inpho Photography &#8211; Jacqui Hurley, M\u00e1ire Treasa N\u00ed Dhubhghaill, Daire O&#8217;Brien and Gemma N\u00ed Chionnaith &nbsp; As the brand-new URC [&hellip;]","og_url":"https:\/\/dev.tg4.ie\/en\/information\/press\/press-releases\/2021-2\/official-launch-of-brand-new-united-rugby-championship\/","og_site_name":"TG4","article_publisher":"https:\/\/www.facebook.com\/TG4TV","article_modified_time":"2021-09-16T08:54:56+00:00","og_image":[{"width":1920,"height":1080,"url":"https:\/\/tg4-docs.s3.amazonaws.com\/tg4-redesign-2015\/wp-content\/uploads\/2021\/09\/URC_Launch_2021_2_1920x1080.jpg","type":"image\/jpeg"}],"twitter_card":"summary_large_image","twitter_image":"https:\/\/tg4-docs.s3.amazonaws.com\/tg4-redesign-2015\/wp-content\/uploads\/2021\/09\/URC_Launch_2021_2_1920x1080.jpg","twitter_site":"@TG4TV","twitter_misc":{"Est. reading time":"5 minutes"},"schema":{"@context":"https:\/\/schema.org","@graph":[{"@type":"WebPage","@id":"https:\/\/dev.tg4.ie\/en\/information\/press\/press-releases\/2021-2\/official-launch-of-brand-new-united-rugby-championship\/","url":"https:\/\/dev.tg4.ie\/en\/information\/press\/press-releases\/2021-2\/official-launch-of-brand-new-united-rugby-championship\/","name":"Official Launch of Brand-New United Rugby Championship | Press Release | TG4","isPartOf":{"@id":"https:\/\/dev.tg4.ie\/en\/#website"},"primaryImageOfPage":{"@id":"https:\/\/dev.tg4.ie\/en\/information\/press\/press-releases\/2021-2\/official-launch-of-brand-new-united-rugby-championship\/#primaryimage"},"image":{"@id":"https:\/\/dev.tg4.ie\/en\/information\/press\/press-releases\/2021-2\/official-launch-of-brand-new-united-rugby-championship\/#primaryimage"},"thumbnailUrl":"https:\/\/dev.tg4.ie\/wp-content\/uploads\/2021\/09\/URC_Launch_2021_2_1920x1080.jpg","datePublished":"2021-09-15T15:25:19+00:00","dateModified":"2021-09-16T08:54:56+00:00","breadcrumb":{"@id":"https:\/\/dev.tg4.ie\/en\/information\/press\/press-releases\/2021-2\/official-launch-of-brand-new-united-rugby-championship\/#breadcrumb"},"inLanguage":"en-ie","potentialAction":[{"@type":"ReadAction","target":["https:\/\/dev.tg4.ie\/en\/information\/press\/press-releases\/2021-2\/official-launch-of-brand-new-united-rugby-championship\/"]}]},{"@type":"ImageObject","inLanguage":"en-ie","@id":"https:\/\/dev.tg4.ie\/en\/information\/press\/press-releases\/2021-2\/official-launch-of-brand-new-united-rugby-championship\/#primaryimage","url":"https:\/\/dev.tg4.ie\/wp-content\/uploads\/2021\/09\/URC_Launch_2021_2_1920x1080.jpg","contentUrl":"https:\/\/dev.tg4.ie\/wp-content\/uploads\/2021\/09\/URC_Launch_2021_2_1920x1080.jpg"},{"@type":"BreadcrumbList","@id":"https:\/\/dev.tg4.ie\/en\/information\/press\/press-releases\/2021-2\/official-launch-of-brand-new-united-rugby-championship\/#breadcrumb","itemListElement":[{"@type":"ListItem","position":1,"name":"Home","item":"https:\/\/dev.tg4.ie\/en\/"},{"@type":"ListItem","position":2,"name":"Information","item":"https:\/\/dev.tg4.ie\/en\/information\/"},{"@type":"ListItem","position":3,"name":"Press","item":"https:\/\/dev.tg4.ie\/en\/information\/press\/"},{"@type":"ListItem","position":4,"name":"Press Releases","item":"https:\/\/dev.tg4.ie\/en\/information\/press\/press-releases\/"},{"@type":"ListItem","position":5,"name":"2021","item":"https:\/\/dev.tg4.ie\/en\/information\/press\/press-releases\/2021-2\/"},{"@type":"ListItem","position":6,"name":"Official Launch of Brand-New United Rugby Championship"}]},{"@type":"WebSite","@id":"https:\/\/dev.tg4.ie\/en\/#website","url":"https:\/\/dev.tg4.ie\/en\/","name":"TG4","description":"S\u00fail Eile","potentialAction":[{"@type":"SearchAction","target":{"@type":"EntryPoint","urlTemplate":"https:\/\/dev.tg4.ie\/en\/?s={search_term_string}"},"query-input":"required name=search_term_string"}],"inLanguage":"en-ie"}]}},"_links":{"self":[{"href":"https:\/\/dev.tg4.ie\/en\/wp-json\/wp\/v2\/pages\/131277"}],"collection":[{"href":"https:\/\/dev.tg4.ie\/en\/wp-json\/wp\/v2\/pages"}],"about":[{"href":"https:\/\/dev.tg4.ie\/en\/wp-json\/wp\/v2\/types\/page"}],"author":[{"embeddable":true,"href":"https:\/\/dev.tg4.ie\/en\/wp-json\/wp\/v2\/users\/876"}],"replies":[{"embeddable":true,"href":"https:\/\/dev.tg4.ie\/en\/wp-json\/wp\/v2\/comments?post=131277"}],"version-history":[{"count":0,"href":"https:\/\/dev.tg4.ie\/en\/wp-json\/wp\/v2\/pages\/131277\/revisions"}],"up":[{"embeddable":true,"href":"https:\/\/dev.tg4.ie\/en\/wp-json\/wp\/v2\/pages\/115587"}],"wp:attachment":[{"href":"https:\/\/dev.tg4.ie\/en\/wp-json\/wp\/v2\/media?parent=131277"}],"curies":[{"name":"wp","href":"https:\/\/api.w.org\/{rel}","templated":true}]}}