{"id":133867,"date":"2021-10-20T16:55:55","date_gmt":"2021-10-20T15:55:55","guid":{"rendered":"https:\/\/dev.tg4.ie\/information\/press\/press-releases\/2021-2\/bliain-dushlanach\/"},"modified":"2021-10-21T11:52:43","modified_gmt":"2021-10-21T10:52:43","slug":"difficult-year","status":"publish","type":"page","link":"https:\/\/dev.tg4.ie\/en\/information\/press\/press-releases\/2021-2\/difficult-year\/","title":{"rendered":"Despite the challenges of a difficult year 2020 was a good year for TG4 as revealed in the station&#8217;s Annual Report"},"content":{"rendered":"<p><a href=\"https:\/\/tg4-docs.s3.amazonaws.com\/tg4-redesign-2015\/wp-content\/uploads\/2021\/10\/TG4-2020.jpg\"><img decoding=\"async\" src=\"https:\/\/tg4-docs.s3.amazonaws.com\/tg4-redesign-2015\/wp-content\/uploads\/2021\/10\/TG4-2020.jpg\" alt=\"\" class=\"aligncenter size-full wp-image-132956\" \/><\/a><br \/>\n&nbsp;<br \/>\n2020 was a year like no other, with the coronavirus pandemic having a profound impact on our lives. It was a year of adversity for businesses and the economy, as well as one of great sadness and hardship for many families and individuals.<\/p>\n<p>TG4 responded quickly to lockdown, developing a Covid-19 strategy to ensure that people were safe by limiting productions during lockdown, maintaining a focus on the audience at all times, and assisting the independent production sector to maintain continuity of employment as far as possible. <\/p>\n<p>TG4 also commissioned a new educational series <strong>C\u00fala4 ar Scoil<\/strong> for families and teachers who were homeschooling.  TG4\u2019s news coverage during the pandemic provided a s\u00fail eile perspective from Irish language communities at home and worldwide.  TG4\u2019s schedule provided entertainment and distraction from Covid-19 with its <em>Sona sa Bhaile<\/em> slogan, with entertainment series such as <strong>An Bhoirinn<\/strong>, a visually stunning &#038; atmospheric journey over a year in the Burren, <strong>D\u00faiseacht<\/strong>, a fly on the wall documentary series as Dingle peninsula emerged from the first lockdown in 2020,  <strong>Sl\u00ed na mBeaglaioch<\/strong>, a musical journey along the west coast with father and son dou Breand\u00e1n &#038; Cormac \u00d3 Beagla\u00edoch and <strong>Le Ceangal<\/strong> a zoomcom romantic drama series for online audiences.  The <strong>Fleadh Ceoil<\/strong> was celebrated virtually in August and the year culminated in a joyful celebration of the Arts and Culture with award winning Arts programme <strong>Samhl\u00fa 2020<\/strong>. <\/p>\n<p>At a time of increasing globalisation in the media market and changing audience behaviour, TG4 holds a unique place in the Irish media landscape. In 2020, TG4 retained its position as the 6th most watched television channel in Ireland. TG4 had moved up from 7th place in 2019 where it had ranked since 2014. 3.66m people or 83% of the population watched TG4 at some stage during 2020 and the average viewing share was 1.83%. There was a 3% increase in TG4\u2019s primetime audience share to 1.92%. This share and channel position was a considerable achievement in 2020 given that a significant amount of TG4\u2019s output was severely disrupted by the pandemic as productions were put on hold or delayed, and as many sporting and cultural events were cancelled. TG4\u2019s performance was down to the fast reaction of creative and production staff and of the independent producers to develop new content to respond to the crisis.<\/p>\n<p>2020 also brought a major acceleration of non-linear digital media. Video-on-demand streams increased by 158% on the TG4 Player in 2020 and streams of TG4 on the RT\u00c9 Player increased by 38%. C\u00fala4 Player streams, indicating children\u2019s audience levels, increased by 34% and TG4 social media views grew by 60%.<\/p>\n<p>TG4 continued its investment in the Cine4 initiative with the BAI and F\u00eds \u00c9ireann \/ Screen Ireland, to support the development and production of feature films in the Irish language.  Reflecting this quality, <strong>Arracht<\/strong> was selected as Ireland\u2019s entry for the Oscars\u2019 Best International Feature Film category for the Academy Awards. <\/p>\n<p>TG4 delivered new content in 2020 to connect with Gaeltacht and Irish language audiences. By engaging extensively on Irish language planning and development including creating a new TV advertising campaign to highlight Irish Language Planning work along with developing a new Gaeltacht Strategy. TG4 also engaged extensively with organisations such as Eala\u00edn na Gaeltachta, Tuismitheoir\u00ed na Gaeltachta, Roinn na Gaeltachta and an tOireachtas to produce programming content to support their events calendar which was curtailed due to Covid.  <\/p>\n<p>TG4 is committed to making the best use of public funding. Every year, it invests the highest possible share of its public funding on Irish language content.  In 2020 77% of TG4\u2019s public funding was invested in Irish language content. TG4 spent \u20ac25.8m on creative services in Ireland of which \u20ac21.3m was spent with regional creative companies. Of the \u20ac25.8m, \u20ac20.6m was spent with independent production companies of which \u20ac18.1m was spent with regional independent production companies. Through this, TG4 supported growth and jobs in regional creative industries, helping to sustain and build Ireland\u2019s regional creative economy.  TG4\u2019s operational budget was exceeded by \u20ac1.9m due to additional expenditure incurred as a result of Covid-19.  TG4 received a one-off supplementary amount in Q4 2020 to address the additional costs incurred during the year. With the support of this additional funding in what was an exceptionally challenging year, TG4 was able to meet operating budgets by year end.<\/p>\n<p><strong>Cathaoirleach of the TG4 Board, Si\u00fan N\u00ed Raghallaigh<\/strong> said <em>&#8220;I would like to thank our new Minister Catherine Martin TD, along with Secretary General Katherine Licken and her other officials in the Department of Tourism, Culture, Arts, Gaeltacht, Sport and Media. We are exceptionally grateful for the funding increase TG4 received for 2021. It is the largest amount allocated to TG4 since 2008 and we believe this additional funding reflects the confidence the Government has in TG4, and in our strategy for Ireland\u2019s regional independent production sector.  PSM plays an essential role in society, representing a nation\u2019s cultures, promoting its languages and supporting its creative industries.&#8221;<\/em><\/p>\n<p><strong>Alan Esslemont Director General TG4<\/strong> said: <em>&#8220;I would like to thank my colleagues in TG4 and the TG4 Board. Their hard work during what was a personally and professionally difficult year, has enabled us to continue to work effectively as a team, despite working remotely, and is a testament to their unstinting dedication to TG4.  2021 is an important landmark for TG4 as we celebrate our 25th year on air. While 25 years ago there was opposition across Irish society to the establishment of \u201cTeilif\u00eds na Gaeilge\u201d, a quarter of a century has seen the emergence of TG4 as a genuine force for Irish language audio-visual innovation. The Board, management and staff of TG4, together with our partners, will continue in our efforts to reimagine the role of TG4 and status of the Irish language and the Gaeltacht in Irish society. We believe that media and the arts play a central role in this reimagined vision and we look forward to working collaboratively on its delivery, in the years ahead.&#8221;<\/em><\/p>\n<p>The TG4 Annual Report 2020 is available here:  <a href=\"https:\/\/tg4-docs.s3.amazonaws.com\/tg4-redesign-2015\/wp-content\/uploads\/2021\/10\/TG4-Tuarascail-20-G.pdf\">TG4 Annual Report 2020<\/a><\/p>\n","protected":false},"excerpt":{"rendered":"<p>&nbsp; 2020 was a year like no other, with the coronavirus pandemic having a profound impact on our lives. It was a year of adversity for businesses and the economy, as well as one of great sadness and hardship for many families and individuals. TG4 responded quickly to lockdown, developing a Covid-19 strategy to ensure [&hellip;]<\/p>\n","protected":false},"author":4,"featured_media":0,"parent":115587,"menu_order":46,"comment_status":"closed","ping_status":"closed","template":"page-templates\/template-pr.php","meta":{"_acf_changed":false,"footnotes":""},"acf":[],"yoast_head":"<!-- This site is optimized with the Yoast SEO plugin v22.6 - https:\/\/yoast.com\/wordpress\/plugins\/seo\/ -->\n<title>Despite the challenges of a difficult year 2020 was a good year for TG4 as revealed in the station&#039;s Annual Report | Press Release | TG4<\/title>\n<meta name=\"description\" content=\"Against the backdrop of an exceptionally challenging year TG4 performed well in 2020.\" \/>\n<meta name=\"robots\" content=\"index, follow, max-snippet:-1, max-image-preview:large, max-video-preview:-1\" \/>\n<meta property=\"og:locale\" content=\"en_US\" \/>\n<meta property=\"og:type\" content=\"article\" \/>\n<meta property=\"og:title\" content=\"Despite the challenges of a difficult year 2020 was a good year for TG4 as revealed in the station&#039;s Annual Report | Press Release | TG4\" \/>\n<meta property=\"og:description\" content=\"Against the backdrop of an exceptionally challenging year TG4 performed well in 2020.\" \/>\n<meta property=\"og:url\" content=\"https:\/\/dev.tg4.ie\/en\/information\/press\/press-releases\/2021-2\/difficult-year\/\" \/>\n<meta property=\"og:site_name\" content=\"TG4\" \/>\n<meta property=\"article:publisher\" content=\"https:\/\/www.facebook.com\/TG4TV\" \/>\n<meta property=\"article:modified_time\" content=\"2021-10-21T10:52:43+00:00\" \/>\n<meta property=\"og:image\" content=\"https:\/\/tg4-docs.s3.amazonaws.com\/tg4-redesign-2015\/wp-content\/uploads\/2021\/10\/TG4-2020.jpg\" \/>\n\t<meta property=\"og:image:width\" content=\"1920\" \/>\n\t<meta property=\"og:image:height\" content=\"1080\" \/>\n\t<meta property=\"og:image:type\" content=\"image\/jpeg\" \/>\n<meta name=\"twitter:card\" content=\"summary_large_image\" \/>\n<meta name=\"twitter:image\" content=\"https:\/\/tg4-docs.s3.amazonaws.com\/tg4-redesign-2015\/wp-content\/uploads\/2021\/10\/TG4-2020.jpg\" \/>\n<meta name=\"twitter:site\" content=\"@TG4TV\" \/>\n<meta name=\"twitter:label1\" content=\"Est. reading time\" \/>\n\t<meta name=\"twitter:data1\" content=\"5 minutes\" \/>\n<script type=\"application\/ld+json\" class=\"yoast-schema-graph\">{\"@context\":\"https:\/\/schema.org\",\"@graph\":[{\"@type\":\"WebPage\",\"@id\":\"https:\/\/dev.tg4.ie\/en\/information\/press\/press-releases\/2021-2\/difficult-year\/\",\"url\":\"https:\/\/dev.tg4.ie\/en\/information\/press\/press-releases\/2021-2\/difficult-year\/\",\"name\":\"Despite the challenges of a difficult year 2020 was a good year for TG4 as revealed in the station's Annual Report | Press Release | TG4\",\"isPartOf\":{\"@id\":\"https:\/\/dev.tg4.ie\/en\/#website\"},\"primaryImageOfPage\":{\"@id\":\"https:\/\/dev.tg4.ie\/en\/information\/press\/press-releases\/2021-2\/difficult-year\/#primaryimage\"},\"image\":{\"@id\":\"https:\/\/dev.tg4.ie\/en\/information\/press\/press-releases\/2021-2\/difficult-year\/#primaryimage\"},\"thumbnailUrl\":\"https:\/\/dev.tg4.ie\/wp-content\/uploads\/2021\/10\/TG4-2020.jpg\",\"datePublished\":\"2021-10-20T15:55:55+00:00\",\"dateModified\":\"2021-10-21T10:52:43+00:00\",\"description\":\"Against the backdrop of an exceptionally challenging year TG4 performed well in 2020.\",\"breadcrumb\":{\"@id\":\"https:\/\/dev.tg4.ie\/en\/information\/press\/press-releases\/2021-2\/difficult-year\/#breadcrumb\"},\"inLanguage\":\"en-ie\",\"potentialAction\":[{\"@type\":\"ReadAction\",\"target\":[\"https:\/\/dev.tg4.ie\/en\/information\/press\/press-releases\/2021-2\/difficult-year\/\"]}]},{\"@type\":\"ImageObject\",\"inLanguage\":\"en-ie\",\"@id\":\"https:\/\/dev.tg4.ie\/en\/information\/press\/press-releases\/2021-2\/difficult-year\/#primaryimage\",\"url\":\"https:\/\/dev.tg4.ie\/wp-content\/uploads\/2021\/10\/TG4-2020.jpg\",\"contentUrl\":\"https:\/\/dev.tg4.ie\/wp-content\/uploads\/2021\/10\/TG4-2020.jpg\"},{\"@type\":\"BreadcrumbList\",\"@id\":\"https:\/\/dev.tg4.ie\/en\/information\/press\/press-releases\/2021-2\/difficult-year\/#breadcrumb\",\"itemListElement\":[{\"@type\":\"ListItem\",\"position\":1,\"name\":\"Home\",\"item\":\"https:\/\/dev.tg4.ie\/en\/\"},{\"@type\":\"ListItem\",\"position\":2,\"name\":\"Information\",\"item\":\"https:\/\/dev.tg4.ie\/en\/information\/\"},{\"@type\":\"ListItem\",\"position\":3,\"name\":\"Press\",\"item\":\"https:\/\/dev.tg4.ie\/en\/information\/press\/\"},{\"@type\":\"ListItem\",\"position\":4,\"name\":\"Press Releases\",\"item\":\"https:\/\/dev.tg4.ie\/en\/information\/press\/press-releases\/\"},{\"@type\":\"ListItem\",\"position\":5,\"name\":\"2021\",\"item\":\"https:\/\/dev.tg4.ie\/en\/information\/press\/press-releases\/2021-2\/\"},{\"@type\":\"ListItem\",\"position\":6,\"name\":\"Despite the challenges of a difficult year 2020 was a good year for TG4 as revealed in the station&#8217;s Annual Report\"}]},{\"@type\":\"WebSite\",\"@id\":\"https:\/\/dev.tg4.ie\/en\/#website\",\"url\":\"https:\/\/dev.tg4.ie\/en\/\",\"name\":\"TG4\",\"description\":\"S\u00fail Eile\",\"potentialAction\":[{\"@type\":\"SearchAction\",\"target\":{\"@type\":\"EntryPoint\",\"urlTemplate\":\"https:\/\/dev.tg4.ie\/en\/?s={search_term_string}\"},\"query-input\":\"required name=search_term_string\"}],\"inLanguage\":\"en-ie\"}]}<\/script>\n<!-- \/ Yoast SEO plugin. -->","yoast_head_json":{"title":"Despite the challenges of a difficult year 2020 was a good year for TG4 as revealed in the station's Annual Report | Press Release | TG4","description":"Against the backdrop of an exceptionally challenging year TG4 performed well in 2020.","robots":{"index":"index","follow":"follow","max-snippet":"max-snippet:-1","max-image-preview":"max-image-preview:large","max-video-preview":"max-video-preview:-1"},"og_locale":"en_US","og_type":"article","og_title":"Despite the challenges of a difficult year 2020 was a good year for TG4 as revealed in the station's Annual Report | Press Release | TG4","og_description":"Against the backdrop of an exceptionally challenging year TG4 performed well in 2020.","og_url":"https:\/\/dev.tg4.ie\/en\/information\/press\/press-releases\/2021-2\/difficult-year\/","og_site_name":"TG4","article_publisher":"https:\/\/www.facebook.com\/TG4TV","article_modified_time":"2021-10-21T10:52:43+00:00","og_image":[{"width":1920,"height":1080,"url":"https:\/\/tg4-docs.s3.amazonaws.com\/tg4-redesign-2015\/wp-content\/uploads\/2021\/10\/TG4-2020.jpg","type":"image\/jpeg"}],"twitter_card":"summary_large_image","twitter_image":"https:\/\/tg4-docs.s3.amazonaws.com\/tg4-redesign-2015\/wp-content\/uploads\/2021\/10\/TG4-2020.jpg","twitter_site":"@TG4TV","twitter_misc":{"Est. reading time":"5 minutes"},"schema":{"@context":"https:\/\/schema.org","@graph":[{"@type":"WebPage","@id":"https:\/\/dev.tg4.ie\/en\/information\/press\/press-releases\/2021-2\/difficult-year\/","url":"https:\/\/dev.tg4.ie\/en\/information\/press\/press-releases\/2021-2\/difficult-year\/","name":"Despite the challenges of a difficult year 2020 was a good year for TG4 as revealed in the station's Annual Report | Press Release | TG4","isPartOf":{"@id":"https:\/\/dev.tg4.ie\/en\/#website"},"primaryImageOfPage":{"@id":"https:\/\/dev.tg4.ie\/en\/information\/press\/press-releases\/2021-2\/difficult-year\/#primaryimage"},"image":{"@id":"https:\/\/dev.tg4.ie\/en\/information\/press\/press-releases\/2021-2\/difficult-year\/#primaryimage"},"thumbnailUrl":"https:\/\/dev.tg4.ie\/wp-content\/uploads\/2021\/10\/TG4-2020.jpg","datePublished":"2021-10-20T15:55:55+00:00","dateModified":"2021-10-21T10:52:43+00:00","description":"Against the backdrop of an exceptionally challenging year TG4 performed well in 2020.","breadcrumb":{"@id":"https:\/\/dev.tg4.ie\/en\/information\/press\/press-releases\/2021-2\/difficult-year\/#breadcrumb"},"inLanguage":"en-ie","potentialAction":[{"@type":"ReadAction","target":["https:\/\/dev.tg4.ie\/en\/information\/press\/press-releases\/2021-2\/difficult-year\/"]}]},{"@type":"ImageObject","inLanguage":"en-ie","@id":"https:\/\/dev.tg4.ie\/en\/information\/press\/press-releases\/2021-2\/difficult-year\/#primaryimage","url":"https:\/\/dev.tg4.ie\/wp-content\/uploads\/2021\/10\/TG4-2020.jpg","contentUrl":"https:\/\/dev.tg4.ie\/wp-content\/uploads\/2021\/10\/TG4-2020.jpg"},{"@type":"BreadcrumbList","@id":"https:\/\/dev.tg4.ie\/en\/information\/press\/press-releases\/2021-2\/difficult-year\/#breadcrumb","itemListElement":[{"@type":"ListItem","position":1,"name":"Home","item":"https:\/\/dev.tg4.ie\/en\/"},{"@type":"ListItem","position":2,"name":"Information","item":"https:\/\/dev.tg4.ie\/en\/information\/"},{"@type":"ListItem","position":3,"name":"Press","item":"https:\/\/dev.tg4.ie\/en\/information\/press\/"},{"@type":"ListItem","position":4,"name":"Press Releases","item":"https:\/\/dev.tg4.ie\/en\/information\/press\/press-releases\/"},{"@type":"ListItem","position":5,"name":"2021","item":"https:\/\/dev.tg4.ie\/en\/information\/press\/press-releases\/2021-2\/"},{"@type":"ListItem","position":6,"name":"Despite the challenges of a difficult year 2020 was a good year for TG4 as revealed in the station&#8217;s Annual Report"}]},{"@type":"WebSite","@id":"https:\/\/dev.tg4.ie\/en\/#website","url":"https:\/\/dev.tg4.ie\/en\/","name":"TG4","description":"S\u00fail Eile","potentialAction":[{"@type":"SearchAction","target":{"@type":"EntryPoint","urlTemplate":"https:\/\/dev.tg4.ie\/en\/?s={search_term_string}"},"query-input":"required name=search_term_string"}],"inLanguage":"en-ie"}]}},"_links":{"self":[{"href":"https:\/\/dev.tg4.ie\/en\/wp-json\/wp\/v2\/pages\/133867"}],"collection":[{"href":"https:\/\/dev.tg4.ie\/en\/wp-json\/wp\/v2\/pages"}],"about":[{"href":"https:\/\/dev.tg4.ie\/en\/wp-json\/wp\/v2\/types\/page"}],"author":[{"embeddable":true,"href":"https:\/\/dev.tg4.ie\/en\/wp-json\/wp\/v2\/users\/4"}],"replies":[{"embeddable":true,"href":"https:\/\/dev.tg4.ie\/en\/wp-json\/wp\/v2\/comments?post=133867"}],"version-history":[{"count":0,"href":"https:\/\/dev.tg4.ie\/en\/wp-json\/wp\/v2\/pages\/133867\/revisions"}],"up":[{"embeddable":true,"href":"https:\/\/dev.tg4.ie\/en\/wp-json\/wp\/v2\/pages\/115587"}],"wp:attachment":[{"href":"https:\/\/dev.tg4.ie\/en\/wp-json\/wp\/v2\/media?parent=133867"}],"curies":[{"name":"wp","href":"https:\/\/api.w.org\/{rel}","templated":true}]}}