{"id":134482,"date":"2021-10-29T14:21:59","date_gmt":"2021-10-29T13:21:59","guid":{"rendered":"https:\/\/dev.tg4.ie\/?page_id=134482"},"modified":"2021-10-29T14:29:49","modified_gmt":"2021-10-29T13:29:49","slug":"president-higgins-and-president-of-germany-frank-walter-steinmeier-visited-the-ros-na-run-studios","status":"publish","type":"page","link":"https:\/\/dev.tg4.ie\/en\/information\/press\/press-releases\/2021-2\/president-higgins-and-president-of-germany-frank-walter-steinmeier-visited-the-ros-na-run-studios\/","title":{"rendered":"President Higgins and President of Germany Frank-Walter Steinmeier visited the Ros na R\u00fan studios today to mark TG4&#8217;s 25<sup>th<\/sup> anniversary"},"content":{"rendered":"<p><a href=\"https:\/\/tg4-docs.s3.amazonaws.com\/tg4-redesign-2015\/wp-content\/uploads\/2021\/10\/President_Higgins_President_Steinmeier_in_Ros_na_Run_for_TG4_s_25th_Anniversary_2-1280x720-1.jpg\"><img loading=\"lazy\" decoding=\"async\" width=\"1280\" height=\"720\" src=\"https:\/\/tg4-docs.s3.amazonaws.com\/tg4-redesign-2015\/wp-content\/uploads\/2021\/10\/President_Higgins_President_Steinmeier_in_Ros_na_Run_for_TG4_s_25th_Anniversary_2-1280x720-1.jpg\" alt=\"\" class=\"aligncenter size-full wp-image-134478\" srcset=\"https:\/\/tg4-docs.s3.amazonaws.com\/tg4-redesign-2015\/wp-content\/uploads\/2021\/10\/President_Higgins_President_Steinmeier_in_Ros_na_Run_for_TG4_s_25th_Anniversary_2-1280x720-1.jpg 1280w, https:\/\/tg4-docs.s3.amazonaws.com\/tg4-redesign-2015\/wp-content\/uploads\/2021\/10\/President_Higgins_President_Steinmeier_in_Ros_na_Run_for_TG4_s_25th_Anniversary_2-1280x720-1-250x141.jpg 250w, https:\/\/tg4-docs.s3.amazonaws.com\/tg4-redesign-2015\/wp-content\/uploads\/2021\/10\/President_Higgins_President_Steinmeier_in_Ros_na_Run_for_TG4_s_25th_Anniversary_2-1280x720-1-700x394.jpg 700w, https:\/\/tg4-docs.s3.amazonaws.com\/tg4-redesign-2015\/wp-content\/uploads\/2021\/10\/President_Higgins_President_Steinmeier_in_Ros_na_Run_for_TG4_s_25th_Anniversary_2-1280x720-1-252x141.jpg 252w, https:\/\/tg4-docs.s3.amazonaws.com\/tg4-redesign-2015\/wp-content\/uploads\/2021\/10\/President_Higgins_President_Steinmeier_in_Ros_na_Run_for_TG4_s_25th_Anniversary_2-1280x720-1-120x68.jpg 120w\" sizes=\"(max-width: 1280px) 100vw, 1280px\" \/><\/a><br \/>\n&nbsp;<br \/>\nThe visit to Ros na R\u00fan was to acknowledge TG4\u2019s 25<sup>th<\/sup> anniversary which takes place on Halloween night. President Higgins founded TnaG when he was Minister for Arts. The station went on air for the first time on October 31st 1996.  Over the past 25 years, TG4\u2019s vision has been to promote the Irish language and culture in people\u2019s lives in Ireland and worldwide. TG4\u2019s motto <em>\u2018S\u00fail Eile\u2019<\/em> is to show the world from a different perspective and to shine a light on communities that aren\u2019t in the mainstream. The Presidents were given a taste of the cultural, linguistic, and economic importance of TG4, especially Gaeltacht regions.<br \/>\n&nbsp;<\/p>\n<p>Also present were \u00dadar\u00e1s na Gaeltachta who had a leading role in training and development in the sector in 1996 and continue to work closely with TG4 to support development, sustainability of employment in the creative sector in Gaeltacht regions.<br \/>\n&nbsp;<br \/>\nThe Presidents were joined by current Council of State member, Se\u00e1n \u00d3 Cuirre\u00e1in, former Council of State member Professor Gear\u00f3id \u00d3 Tuathaigh, and M\u00edche\u00e1l \u00d3 Conghaile, founder of Irish language publisher <em>Cl\u00f3 Iar-Chonnacht<\/em>.<br \/>\n&nbsp;<\/p>\n<p>They were treated to a live action scene from Ros na R\u00fan actors on set and a musical performance by internationally renowned traditional Irish musician and composer Johnny \u00d3g Connolly and sean-n\u00f3s singer P\u00f3l \u00d3 Ceannabh\u00e1in. Johnny \u00d3g, from An Spid\u00e9al has collaborated with many musicians and has composed music to the poetry of M\u00e1irt\u00edn \u00d3 Dire\u00e1in and most recently for poems by Joe Steve \u00d3 Neachtain. P\u00f3l \u00d3 Ceannabh\u00e1in from Carna, in the Connemara Gaeltacht won the coveted sean-n\u00f3s singing competition, Corn U\u00ed Riada at Oireachtas na Gaeilge in 2012, was awarded TG4 Gradam Ceoil Singer of the year in 2016 and was ambassador for Culture Night Ireland 2020.<br \/>\n&nbsp;<\/p>\n<p><strong>Si\u00fan N\u00ed Raghallaigh, Cathaoirleach of the TG4 Board<\/strong> spoke about TG4\u2019s anniversary and future of the station, <em>\u201cSince it launched in 1996, TG4 has been a champion of Irish culture, creativity and talent and has grown its audience both at home and worldwide through the TG4 player. 2021 is an important milestone for TG4 as we celebrate our 25th year on air and look forward to continuing to invest in a vibrant, creative independent sector which ensures TG4 and the Irish language remain relevant and important part of Ireland\u2019s Public Service Media.\u201d<\/em><br \/>\n&nbsp;<\/p>\n<p>Referring to the presidential visit <strong>Miche\u00e1l \u00d3 h\u00c9anaigh, Chief Executive, \u00dadar\u00e1s na Gaeltachta<\/strong> commented: <em>\u201cThe audio-visual sector is vitally important to the Irish language and the Gaeltacht itself and it is a source of pride for \u00dadar\u00e1s na Gaeltachta to have had a central role in the growth of the sector over the last forty years and especially in advance of the establishment twenty-five years ago of Teilif\u00eds na Gaeilge or TG4 as it is now.<br \/>\nWe are delighted to have had the opportunity today to highlight those intertwined aspects of Gaeltacht tradition and innovation to both Presidents.\u201d<\/em><br \/>\n&nbsp;<br \/>\n<a href=\"https:\/\/tg4-docs.s3.amazonaws.com\/tg4-redesign-2015\/wp-content\/uploads\/2021\/10\/President_Higgins_President_Steinmeier_in_Ros_na_Run_for_TG4_s_25th_Anniversary_1-1920x1080-1.jpg\"><img loading=\"lazy\" decoding=\"async\" width=\"1920\" height=\"1080\" src=\"https:\/\/tg4-docs.s3.amazonaws.com\/tg4-redesign-2015\/wp-content\/uploads\/2021\/10\/President_Higgins_President_Steinmeier_in_Ros_na_Run_for_TG4_s_25th_Anniversary_1-1920x1080-1.jpg\" alt=\"\" class=\"aligncenter size-full wp-image-134480\" srcset=\"https:\/\/tg4-docs.s3.amazonaws.com\/tg4-redesign-2015\/wp-content\/uploads\/2021\/10\/President_Higgins_President_Steinmeier_in_Ros_na_Run_for_TG4_s_25th_Anniversary_1-1920x1080-1.jpg 1920w, https:\/\/tg4-docs.s3.amazonaws.com\/tg4-redesign-2015\/wp-content\/uploads\/2021\/10\/President_Higgins_President_Steinmeier_in_Ros_na_Run_for_TG4_s_25th_Anniversary_1-1920x1080-1-250x141.jpg 250w, https:\/\/tg4-docs.s3.amazonaws.com\/tg4-redesign-2015\/wp-content\/uploads\/2021\/10\/President_Higgins_President_Steinmeier_in_Ros_na_Run_for_TG4_s_25th_Anniversary_1-1920x1080-1-700x394.jpg 700w, https:\/\/tg4-docs.s3.amazonaws.com\/tg4-redesign-2015\/wp-content\/uploads\/2021\/10\/President_Higgins_President_Steinmeier_in_Ros_na_Run_for_TG4_s_25th_Anniversary_1-1920x1080-1-252x141.jpg 252w, https:\/\/tg4-docs.s3.amazonaws.com\/tg4-redesign-2015\/wp-content\/uploads\/2021\/10\/President_Higgins_President_Steinmeier_in_Ros_na_Run_for_TG4_s_25th_Anniversary_1-1920x1080-1-1536x864.jpg 1536w, https:\/\/tg4-docs.s3.amazonaws.com\/tg4-redesign-2015\/wp-content\/uploads\/2021\/10\/President_Higgins_President_Steinmeier_in_Ros_na_Run_for_TG4_s_25th_Anniversary_1-1920x1080-1-120x68.jpg 120w\" sizes=\"(max-width: 1920px) 100vw, 1920px\" \/><\/a><br \/>\n&nbsp;<\/p>\n","protected":false},"excerpt":{"rendered":"<p>&nbsp; The visit to Ros na R\u00fan was to acknowledge TG4\u2019s 25th anniversary which takes place on Halloween night. President Higgins founded TnaG when he was Minister for Arts. The station went on air for the first time on October 31st 1996. Over the past 25 years, TG4\u2019s vision has been to promote the Irish [&hellip;]<\/p>\n","protected":false},"author":876,"featured_media":0,"parent":115587,"menu_order":47,"comment_status":"closed","ping_status":"closed","template":"page-templates\/template-pr.php","meta":{"_acf_changed":false,"footnotes":""},"acf":[],"yoast_head":"<!-- This site is optimized with the Yoast SEO plugin v22.6 - https:\/\/yoast.com\/wordpress\/plugins\/seo\/ -->\n<title>Cuairt na nUachtar\u00e1n Miche\u00e1l D. \u00d3 hUig\u00ednn agus Uachtar\u00e1n na Gearm\u00e1ine Frank-Walter Steinmeier ar Ros na R\u00fan ar maidin | Preas R\u00e1iteas | TG4<\/title>\n<meta name=\"robots\" content=\"index, follow, max-snippet:-1, max-image-preview:large, max-video-preview:-1\" \/>\n<meta property=\"og:locale\" content=\"en_US\" \/>\n<meta property=\"og:type\" content=\"article\" \/>\n<meta property=\"og:title\" content=\"Cuairt na nUachtar\u00e1n Miche\u00e1l D. \u00d3 hUig\u00ednn agus Uachtar\u00e1n na Gearm\u00e1ine Frank-Walter Steinmeier ar Ros na R\u00fan ar maidin | Preas R\u00e1iteas | TG4\" \/>\n<meta property=\"og:description\" content=\"&nbsp; The visit to Ros na R\u00fan was to acknowledge TG4\u2019s 25th anniversary which takes place on Halloween night. President Higgins founded TnaG when he was Minister for Arts. The station went on air for the first time on October 31st 1996. Over the past 25 years, TG4\u2019s vision has been to promote the Irish [&hellip;]\" \/>\n<meta property=\"og:url\" content=\"https:\/\/dev.tg4.ie\/en\/information\/press\/press-releases\/2021-2\/president-higgins-and-president-of-germany-frank-walter-steinmeier-visited-the-ros-na-run-studios\/\" \/>\n<meta property=\"og:site_name\" content=\"TG4\" \/>\n<meta property=\"article:publisher\" content=\"https:\/\/www.facebook.com\/TG4TV\" \/>\n<meta property=\"article:modified_time\" content=\"2021-10-29T13:29:49+00:00\" \/>\n<meta property=\"og:image\" content=\"https:\/\/tg4-docs.s3.amazonaws.com\/tg4-redesign-2015\/wp-content\/uploads\/2021\/10\/President_Higgins_President_Steinmeier_in_Ros_na_Run_for_TG4_s_25th_Anniversary_1-1920x1080-1.jpg\" \/>\n\t<meta property=\"og:image:width\" content=\"1920\" \/>\n\t<meta property=\"og:image:height\" content=\"1080\" \/>\n\t<meta property=\"og:image:type\" content=\"image\/jpeg\" \/>\n<meta name=\"twitter:card\" content=\"summary_large_image\" \/>\n<meta name=\"twitter:image\" content=\"https:\/\/tg4-docs.s3.amazonaws.com\/tg4-redesign-2015\/wp-content\/uploads\/2021\/10\/President_Higgins_President_Steinmeier_in_Ros_na_Run_for_TG4_s_25th_Anniversary_1-1920x1080-1.jpg\" \/>\n<meta name=\"twitter:site\" content=\"@TG4TV\" \/>\n<meta name=\"twitter:label1\" content=\"Est. reading time\" \/>\n\t<meta name=\"twitter:data1\" content=\"3 minutes\" \/>\n<script type=\"application\/ld+json\" class=\"yoast-schema-graph\">{\"@context\":\"https:\/\/schema.org\",\"@graph\":[{\"@type\":\"WebPage\",\"@id\":\"https:\/\/dev.tg4.ie\/en\/information\/press\/press-releases\/2021-2\/president-higgins-and-president-of-germany-frank-walter-steinmeier-visited-the-ros-na-run-studios\/\",\"url\":\"https:\/\/dev.tg4.ie\/en\/information\/press\/press-releases\/2021-2\/president-higgins-and-president-of-germany-frank-walter-steinmeier-visited-the-ros-na-run-studios\/\",\"name\":\"Cuairt na nUachtar\u00e1n Miche\u00e1l D. \u00d3 hUig\u00ednn agus Uachtar\u00e1n na Gearm\u00e1ine Frank-Walter Steinmeier ar Ros na R\u00fan ar maidin | Preas R\u00e1iteas | TG4\",\"isPartOf\":{\"@id\":\"https:\/\/dev.tg4.ie\/en\/#website\"},\"primaryImageOfPage\":{\"@id\":\"https:\/\/dev.tg4.ie\/en\/information\/press\/press-releases\/2021-2\/president-higgins-and-president-of-germany-frank-walter-steinmeier-visited-the-ros-na-run-studios\/#primaryimage\"},\"image\":{\"@id\":\"https:\/\/dev.tg4.ie\/en\/information\/press\/press-releases\/2021-2\/president-higgins-and-president-of-germany-frank-walter-steinmeier-visited-the-ros-na-run-studios\/#primaryimage\"},\"thumbnailUrl\":\"https:\/\/dev.tg4.ie\/wp-content\/uploads\/2021\/10\/President_Higgins_President_Steinmeier_in_Ros_na_Run_for_TG4_s_25th_Anniversary_2-1280x720-1.jpg\",\"datePublished\":\"2021-10-29T13:21:59+00:00\",\"dateModified\":\"2021-10-29T13:29:49+00:00\",\"breadcrumb\":{\"@id\":\"https:\/\/dev.tg4.ie\/en\/information\/press\/press-releases\/2021-2\/president-higgins-and-president-of-germany-frank-walter-steinmeier-visited-the-ros-na-run-studios\/#breadcrumb\"},\"inLanguage\":\"en-ie\",\"potentialAction\":[{\"@type\":\"ReadAction\",\"target\":[\"https:\/\/dev.tg4.ie\/en\/information\/press\/press-releases\/2021-2\/president-higgins-and-president-of-germany-frank-walter-steinmeier-visited-the-ros-na-run-studios\/\"]}]},{\"@type\":\"ImageObject\",\"inLanguage\":\"en-ie\",\"@id\":\"https:\/\/dev.tg4.ie\/en\/information\/press\/press-releases\/2021-2\/president-higgins-and-president-of-germany-frank-walter-steinmeier-visited-the-ros-na-run-studios\/#primaryimage\",\"url\":\"https:\/\/dev.tg4.ie\/wp-content\/uploads\/2021\/10\/President_Higgins_President_Steinmeier_in_Ros_na_Run_for_TG4_s_25th_Anniversary_2-1280x720-1.jpg\",\"contentUrl\":\"https:\/\/dev.tg4.ie\/wp-content\/uploads\/2021\/10\/President_Higgins_President_Steinmeier_in_Ros_na_Run_for_TG4_s_25th_Anniversary_2-1280x720-1.jpg\"},{\"@type\":\"BreadcrumbList\",\"@id\":\"https:\/\/dev.tg4.ie\/en\/information\/press\/press-releases\/2021-2\/president-higgins-and-president-of-germany-frank-walter-steinmeier-visited-the-ros-na-run-studios\/#breadcrumb\",\"itemListElement\":[{\"@type\":\"ListItem\",\"position\":1,\"name\":\"Home\",\"item\":\"https:\/\/dev.tg4.ie\/en\/\"},{\"@type\":\"ListItem\",\"position\":2,\"name\":\"Information\",\"item\":\"https:\/\/dev.tg4.ie\/en\/information\/\"},{\"@type\":\"ListItem\",\"position\":3,\"name\":\"Press\",\"item\":\"https:\/\/dev.tg4.ie\/en\/information\/press\/\"},{\"@type\":\"ListItem\",\"position\":4,\"name\":\"Press Releases\",\"item\":\"https:\/\/dev.tg4.ie\/en\/information\/press\/press-releases\/\"},{\"@type\":\"ListItem\",\"position\":5,\"name\":\"2021\",\"item\":\"https:\/\/dev.tg4.ie\/en\/information\/press\/press-releases\/2021-2\/\"},{\"@type\":\"ListItem\",\"position\":6,\"name\":\"President Higgins and President of Germany Frank-Walter Steinmeier visited the Ros na R\u00fan studios today to mark TG4&#8217;s 25th anniversary\"}]},{\"@type\":\"WebSite\",\"@id\":\"https:\/\/dev.tg4.ie\/en\/#website\",\"url\":\"https:\/\/dev.tg4.ie\/en\/\",\"name\":\"TG4\",\"description\":\"S\u00fail Eile\",\"potentialAction\":[{\"@type\":\"SearchAction\",\"target\":{\"@type\":\"EntryPoint\",\"urlTemplate\":\"https:\/\/dev.tg4.ie\/en\/?s={search_term_string}\"},\"query-input\":\"required name=search_term_string\"}],\"inLanguage\":\"en-ie\"}]}<\/script>\n<!-- \/ Yoast SEO plugin. -->","yoast_head_json":{"title":"Cuairt na nUachtar\u00e1n Miche\u00e1l D. \u00d3 hUig\u00ednn agus Uachtar\u00e1n na Gearm\u00e1ine Frank-Walter Steinmeier ar Ros na R\u00fan ar maidin | Preas R\u00e1iteas | TG4","robots":{"index":"index","follow":"follow","max-snippet":"max-snippet:-1","max-image-preview":"max-image-preview:large","max-video-preview":"max-video-preview:-1"},"og_locale":"en_US","og_type":"article","og_title":"Cuairt na nUachtar\u00e1n Miche\u00e1l D. \u00d3 hUig\u00ednn agus Uachtar\u00e1n na Gearm\u00e1ine Frank-Walter Steinmeier ar Ros na R\u00fan ar maidin | Preas R\u00e1iteas | TG4","og_description":"&nbsp; The visit to Ros na R\u00fan was to acknowledge TG4\u2019s 25th anniversary which takes place on Halloween night. President Higgins founded TnaG when he was Minister for Arts. The station went on air for the first time on October 31st 1996. Over the past 25 years, TG4\u2019s vision has been to promote the Irish [&hellip;]","og_url":"https:\/\/dev.tg4.ie\/en\/information\/press\/press-releases\/2021-2\/president-higgins-and-president-of-germany-frank-walter-steinmeier-visited-the-ros-na-run-studios\/","og_site_name":"TG4","article_publisher":"https:\/\/www.facebook.com\/TG4TV","article_modified_time":"2021-10-29T13:29:49+00:00","og_image":[{"width":1920,"height":1080,"url":"https:\/\/tg4-docs.s3.amazonaws.com\/tg4-redesign-2015\/wp-content\/uploads\/2021\/10\/President_Higgins_President_Steinmeier_in_Ros_na_Run_for_TG4_s_25th_Anniversary_1-1920x1080-1.jpg","type":"image\/jpeg"}],"twitter_card":"summary_large_image","twitter_image":"https:\/\/tg4-docs.s3.amazonaws.com\/tg4-redesign-2015\/wp-content\/uploads\/2021\/10\/President_Higgins_President_Steinmeier_in_Ros_na_Run_for_TG4_s_25th_Anniversary_1-1920x1080-1.jpg","twitter_site":"@TG4TV","twitter_misc":{"Est. reading time":"3 minutes"},"schema":{"@context":"https:\/\/schema.org","@graph":[{"@type":"WebPage","@id":"https:\/\/dev.tg4.ie\/en\/information\/press\/press-releases\/2021-2\/president-higgins-and-president-of-germany-frank-walter-steinmeier-visited-the-ros-na-run-studios\/","url":"https:\/\/dev.tg4.ie\/en\/information\/press\/press-releases\/2021-2\/president-higgins-and-president-of-germany-frank-walter-steinmeier-visited-the-ros-na-run-studios\/","name":"Cuairt na nUachtar\u00e1n Miche\u00e1l D. \u00d3 hUig\u00ednn agus Uachtar\u00e1n na Gearm\u00e1ine Frank-Walter Steinmeier ar Ros na R\u00fan ar maidin | Preas R\u00e1iteas | TG4","isPartOf":{"@id":"https:\/\/dev.tg4.ie\/en\/#website"},"primaryImageOfPage":{"@id":"https:\/\/dev.tg4.ie\/en\/information\/press\/press-releases\/2021-2\/president-higgins-and-president-of-germany-frank-walter-steinmeier-visited-the-ros-na-run-studios\/#primaryimage"},"image":{"@id":"https:\/\/dev.tg4.ie\/en\/information\/press\/press-releases\/2021-2\/president-higgins-and-president-of-germany-frank-walter-steinmeier-visited-the-ros-na-run-studios\/#primaryimage"},"thumbnailUrl":"https:\/\/dev.tg4.ie\/wp-content\/uploads\/2021\/10\/President_Higgins_President_Steinmeier_in_Ros_na_Run_for_TG4_s_25th_Anniversary_2-1280x720-1.jpg","datePublished":"2021-10-29T13:21:59+00:00","dateModified":"2021-10-29T13:29:49+00:00","breadcrumb":{"@id":"https:\/\/dev.tg4.ie\/en\/information\/press\/press-releases\/2021-2\/president-higgins-and-president-of-germany-frank-walter-steinmeier-visited-the-ros-na-run-studios\/#breadcrumb"},"inLanguage":"en-ie","potentialAction":[{"@type":"ReadAction","target":["https:\/\/dev.tg4.ie\/en\/information\/press\/press-releases\/2021-2\/president-higgins-and-president-of-germany-frank-walter-steinmeier-visited-the-ros-na-run-studios\/"]}]},{"@type":"ImageObject","inLanguage":"en-ie","@id":"https:\/\/dev.tg4.ie\/en\/information\/press\/press-releases\/2021-2\/president-higgins-and-president-of-germany-frank-walter-steinmeier-visited-the-ros-na-run-studios\/#primaryimage","url":"https:\/\/dev.tg4.ie\/wp-content\/uploads\/2021\/10\/President_Higgins_President_Steinmeier_in_Ros_na_Run_for_TG4_s_25th_Anniversary_2-1280x720-1.jpg","contentUrl":"https:\/\/dev.tg4.ie\/wp-content\/uploads\/2021\/10\/President_Higgins_President_Steinmeier_in_Ros_na_Run_for_TG4_s_25th_Anniversary_2-1280x720-1.jpg"},{"@type":"BreadcrumbList","@id":"https:\/\/dev.tg4.ie\/en\/information\/press\/press-releases\/2021-2\/president-higgins-and-president-of-germany-frank-walter-steinmeier-visited-the-ros-na-run-studios\/#breadcrumb","itemListElement":[{"@type":"ListItem","position":1,"name":"Home","item":"https:\/\/dev.tg4.ie\/en\/"},{"@type":"ListItem","position":2,"name":"Information","item":"https:\/\/dev.tg4.ie\/en\/information\/"},{"@type":"ListItem","position":3,"name":"Press","item":"https:\/\/dev.tg4.ie\/en\/information\/press\/"},{"@type":"ListItem","position":4,"name":"Press Releases","item":"https:\/\/dev.tg4.ie\/en\/information\/press\/press-releases\/"},{"@type":"ListItem","position":5,"name":"2021","item":"https:\/\/dev.tg4.ie\/en\/information\/press\/press-releases\/2021-2\/"},{"@type":"ListItem","position":6,"name":"President Higgins and President of Germany Frank-Walter Steinmeier visited the Ros na R\u00fan studios today to mark TG4&#8217;s 25th anniversary"}]},{"@type":"WebSite","@id":"https:\/\/dev.tg4.ie\/en\/#website","url":"https:\/\/dev.tg4.ie\/en\/","name":"TG4","description":"S\u00fail Eile","potentialAction":[{"@type":"SearchAction","target":{"@type":"EntryPoint","urlTemplate":"https:\/\/dev.tg4.ie\/en\/?s={search_term_string}"},"query-input":"required name=search_term_string"}],"inLanguage":"en-ie"}]}},"_links":{"self":[{"href":"https:\/\/dev.tg4.ie\/en\/wp-json\/wp\/v2\/pages\/134482"}],"collection":[{"href":"https:\/\/dev.tg4.ie\/en\/wp-json\/wp\/v2\/pages"}],"about":[{"href":"https:\/\/dev.tg4.ie\/en\/wp-json\/wp\/v2\/types\/page"}],"author":[{"embeddable":true,"href":"https:\/\/dev.tg4.ie\/en\/wp-json\/wp\/v2\/users\/876"}],"replies":[{"embeddable":true,"href":"https:\/\/dev.tg4.ie\/en\/wp-json\/wp\/v2\/comments?post=134482"}],"version-history":[{"count":0,"href":"https:\/\/dev.tg4.ie\/en\/wp-json\/wp\/v2\/pages\/134482\/revisions"}],"up":[{"embeddable":true,"href":"https:\/\/dev.tg4.ie\/en\/wp-json\/wp\/v2\/pages\/115587"}],"wp:attachment":[{"href":"https:\/\/dev.tg4.ie\/en\/wp-json\/wp\/v2\/media?parent=134482"}],"curies":[{"name":"wp","href":"https:\/\/api.w.org\/{rel}","templated":true}]}}