{"id":134655,"date":"2021-11-04T09:37:26","date_gmt":"2021-11-04T09:37:26","guid":{"rendered":"https:\/\/dev.tg4.ie\/?page_id=134655"},"modified":"2021-11-04T09:40:58","modified_gmt":"2021-11-04T09:40:58","slug":"tg4-release-new-book-tg4-25-to-mark-its-25th-anniversary","status":"publish","type":"page","link":"https:\/\/dev.tg4.ie\/en\/information\/press\/press-releases\/2021-2\/tg4-release-new-book-tg4-25-to-mark-its-25th-anniversary\/","title":{"rendered":"TG4 release new book TG4 @ 25 to mark its 25th Anniversary"},"content":{"rendered":"<p><a href=\"https:\/\/tg4-docs.s3.amazonaws.com\/tg4-redesign-2015\/wp-content\/uploads\/2021\/11\/TG4ag25_Leabhar_Aire_Martin_1_1920x1080.jpg\"><img loading=\"lazy\" decoding=\"async\" width=\"1920\" height=\"1080\" src=\"https:\/\/tg4-docs.s3.amazonaws.com\/tg4-redesign-2015\/wp-content\/uploads\/2021\/11\/TG4ag25_Leabhar_Aire_Martin_1_1920x1080.jpg\" alt=\"\" class=\"aligncenter size-full wp-image-134649\" srcset=\"https:\/\/tg4-docs.s3.amazonaws.com\/tg4-redesign-2015\/wp-content\/uploads\/2021\/11\/TG4ag25_Leabhar_Aire_Martin_1_1920x1080.jpg 1920w, https:\/\/tg4-docs.s3.amazonaws.com\/tg4-redesign-2015\/wp-content\/uploads\/2021\/11\/TG4ag25_Leabhar_Aire_Martin_1_1920x1080-250x141.jpg 250w, https:\/\/tg4-docs.s3.amazonaws.com\/tg4-redesign-2015\/wp-content\/uploads\/2021\/11\/TG4ag25_Leabhar_Aire_Martin_1_1920x1080-700x394.jpg 700w, https:\/\/tg4-docs.s3.amazonaws.com\/tg4-redesign-2015\/wp-content\/uploads\/2021\/11\/TG4ag25_Leabhar_Aire_Martin_1_1920x1080-252x141.jpg 252w, https:\/\/tg4-docs.s3.amazonaws.com\/tg4-redesign-2015\/wp-content\/uploads\/2021\/11\/TG4ag25_Leabhar_Aire_Martin_1_1920x1080-1536x864.jpg 1536w, https:\/\/tg4-docs.s3.amazonaws.com\/tg4-redesign-2015\/wp-content\/uploads\/2021\/11\/TG4ag25_Leabhar_Aire_Martin_1_1920x1080-120x68.jpg 120w\" sizes=\"(max-width: 1920px) 100vw, 1920px\" \/><\/a><br \/>\n&nbsp;<br \/>\nMinister for Tourism, Culture, Arts, Gaeltacht, Sport and Media, Catherine Martin launched a new book <strong>TG4 @ 25<\/strong> today at an event in Dublin to mark TG4\u2019s twenty fifth anniversary. TnaG, a dedicated Irish language television channel was launched on Halloween night 1996. The channel was founded by then Minister of Arts, Culture and the Gaeltacht, Michael D. Higgins.<br \/>\n&nbsp;<\/p>\n<p><em>TG4 @ 25<\/em> will inspire as TG4 embarks on its next chapter and is a celebration of the achievements of the broadcaster over the past quarter of a century. The book is a series of memoirs and photographs, which gives recognition to the programme makers, producers, presenters and writers who have contributed to the creativity and success of TG4. The preface of the book is written by President Michael D. Higgins.<br \/>\n&nbsp;<\/p>\n<p>TG4\u2019s former Commissioning Director, Miche\u00e1l \u00d3 Meallaigh wrote the book with the support of TG4 team led by L\u00eds N\u00ed Dh\u00e1laigh, TG4&#8217;s Director of Marketing and Partnerships. The book was designed by Ignacio Viega and published by Cl\u00f3 Iar-Chonnacht who are based in An Spid\u00e9al, Connemara. The book costs \u20ac30 and can be bought online on Cl\u00f3 Iar-Chonnacht\u2019s website: <a href=\"https:\/\/cic.ie\/shop\/leabhair\/neamhfhicsean\/tg4-25\/\" rel=\"noopener\" target=\"_blank\">https:\/\/cic.ie\/shop\/leabhair\/neamhfhicsean\/tg4-25\/<\/a><br \/>\nThe book is also available in all major bookshops.<br \/>\n&nbsp;<\/p>\n<p><strong>Minister Catherine Martin<\/strong> who launched the book in As One Dublin said <em>\u201cTG4 enables powerful connections right across the areas under my remit as Minister for Culture, Arts, Gaeltacht, Sport and Media. I appreciate the huge value that TG4 offers in supporting our language and cultural heritage.  It benefits both the Gaeltacht and Irish speaking communities and the wider Irish audience. I was delighted to have been able to secure additional annual funding of \u20ac4.2m in budget 2022, which is the largest ever single annual increase in TG4\u2019s funding.\u201d<\/em><br \/>\n&nbsp;<\/p>\n<p><strong>Miche\u00e1l \u00d3 Meallaigh, author TG4 @ 25<\/strong> said, <em>&#8220;The book gives a flavour of TG4 &#8216;s wide range of cultural and Irish language content and has been produced by independent teams from all over the country for 25 years. The book affirms that governments have made a worthwhile investment in our identity as a nation not to mention employment in the arts around the country. The book give a voice to the people involved in making programmes for TG4, their stories are accompanied by beautiful photographs.  I hope the book will also appeal to those who haven\u2019t engaged with TG4 to date&#8221;<\/em><br \/>\n&nbsp;<\/p>\n<p><strong>Director General of TG4, Alan Esslemont<\/strong> said at today\u2019s launch <em>\u201cI would like to congratulate everyone involved in producing this beautiful book. I believe the creative sector is the most powerful resource available to the Irish language. Media can influence the inter-generational transmission of the Irish language, but the State needs to show more commitment to those communities.  There is huge potential in the next generation to reimagine TG4 and to grow the Irish language community. We look forward to Future of Media Commission\u2019s final report to a new funding model for public service media which will in part ensure that Irish language in Ireland is no longer a de minimis issue.\u201d<\/em><\/p>\n<p>&nbsp;<br \/>\n<a href=\"https:\/\/tg4-docs.s3.amazonaws.com\/tg4-redesign-2015\/wp-content\/uploads\/2021\/11\/Micheal_O_Meallaigh_Alan_Esslemont_Siun_Ni_Raghallaigh_Cathal_Goan_ag_seoladh_TG4_25_1_1920x1080.jpg\"><img loading=\"lazy\" decoding=\"async\" width=\"1920\" height=\"1080\" src=\"https:\/\/tg4-docs.s3.amazonaws.com\/tg4-redesign-2015\/wp-content\/uploads\/2021\/11\/Micheal_O_Meallaigh_Alan_Esslemont_Siun_Ni_Raghallaigh_Cathal_Goan_ag_seoladh_TG4_25_1_1920x1080.jpg\" alt=\"\" class=\"aligncenter size-full wp-image-134650\" srcset=\"https:\/\/tg4-docs.s3.amazonaws.com\/tg4-redesign-2015\/wp-content\/uploads\/2021\/11\/Micheal_O_Meallaigh_Alan_Esslemont_Siun_Ni_Raghallaigh_Cathal_Goan_ag_seoladh_TG4_25_1_1920x1080.jpg 1920w, https:\/\/tg4-docs.s3.amazonaws.com\/tg4-redesign-2015\/wp-content\/uploads\/2021\/11\/Micheal_O_Meallaigh_Alan_Esslemont_Siun_Ni_Raghallaigh_Cathal_Goan_ag_seoladh_TG4_25_1_1920x1080-250x141.jpg 250w, https:\/\/tg4-docs.s3.amazonaws.com\/tg4-redesign-2015\/wp-content\/uploads\/2021\/11\/Micheal_O_Meallaigh_Alan_Esslemont_Siun_Ni_Raghallaigh_Cathal_Goan_ag_seoladh_TG4_25_1_1920x1080-700x394.jpg 700w, https:\/\/tg4-docs.s3.amazonaws.com\/tg4-redesign-2015\/wp-content\/uploads\/2021\/11\/Micheal_O_Meallaigh_Alan_Esslemont_Siun_Ni_Raghallaigh_Cathal_Goan_ag_seoladh_TG4_25_1_1920x1080-252x141.jpg 252w, https:\/\/tg4-docs.s3.amazonaws.com\/tg4-redesign-2015\/wp-content\/uploads\/2021\/11\/Micheal_O_Meallaigh_Alan_Esslemont_Siun_Ni_Raghallaigh_Cathal_Goan_ag_seoladh_TG4_25_1_1920x1080-1536x864.jpg 1536w, https:\/\/tg4-docs.s3.amazonaws.com\/tg4-redesign-2015\/wp-content\/uploads\/2021\/11\/Micheal_O_Meallaigh_Alan_Esslemont_Siun_Ni_Raghallaigh_Cathal_Goan_ag_seoladh_TG4_25_1_1920x1080-120x68.jpg 120w\" sizes=\"(max-width: 1920px) 100vw, 1920px\" \/><\/a><br \/>\n<sup>Pic: Micheal \u00d3 Meallaigh, Alan Esslemont, Si\u00fan N\u00ed Raghallaigh &#038; Cathal Goan at the launch of TG4 @ 25<\/sup><br \/>\n&nbsp;<br \/>\n&nbsp;<\/p>\n","protected":false},"excerpt":{"rendered":"<p>&nbsp; Minister for Tourism, Culture, Arts, Gaeltacht, Sport and Media, Catherine Martin launched a new book TG4 @ 25 today at an event in Dublin to mark TG4\u2019s twenty fifth anniversary. TnaG, a dedicated Irish language television channel was launched on Halloween night 1996. The channel was founded by then Minister of Arts, Culture and [&hellip;]<\/p>\n","protected":false},"author":876,"featured_media":0,"parent":115587,"menu_order":48,"comment_status":"closed","ping_status":"closed","template":"page-templates\/template-pr.php","meta":{"_acf_changed":false,"footnotes":""},"acf":[],"yoast_head":"<!-- This site is optimized with the Yoast SEO plugin v22.6 - https:\/\/yoast.com\/wordpress\/plugins\/seo\/ -->\n<title>TG4 release new book TG4 @ 25 to mark its 25th Anniversary | Press Release | TG4<\/title>\n<meta name=\"description\" content=\"Minister for Tourism, Culture, Arts, Gaeltacht, Sport and Media, Catherine Martin launched a new book TG4 @ 25 today at an event in Dublin to mark TG4\u2019s twenty fifth anniversary.\" \/>\n<meta name=\"robots\" content=\"index, follow, max-snippet:-1, max-image-preview:large, max-video-preview:-1\" \/>\n<meta property=\"og:locale\" content=\"en_US\" \/>\n<meta property=\"og:type\" content=\"article\" \/>\n<meta property=\"og:title\" content=\"TG4 release new book TG4 @ 25 to mark its 25th Anniversary | Press Release | TG4\" \/>\n<meta property=\"og:description\" content=\"Minister for Tourism, Culture, Arts, Gaeltacht, Sport and Media, Catherine Martin launched a new book TG4 @ 25 today at an event in Dublin to mark TG4\u2019s twenty fifth anniversary.\" \/>\n<meta property=\"og:url\" content=\"https:\/\/dev.tg4.ie\/en\/information\/press\/press-releases\/2021-2\/tg4-release-new-book-tg4-25-to-mark-its-25th-anniversary\/\" \/>\n<meta property=\"og:site_name\" content=\"TG4\" \/>\n<meta property=\"article:publisher\" content=\"https:\/\/www.facebook.com\/TG4TV\" \/>\n<meta property=\"article:modified_time\" content=\"2021-11-04T09:40:58+00:00\" \/>\n<meta property=\"og:image\" content=\"https:\/\/tg4-docs.s3.amazonaws.com\/tg4-redesign-2015\/wp-content\/uploads\/2021\/11\/TG4ag25_Leabhar_Aire_Martin_1_1920x1080.jpg\" \/>\n\t<meta property=\"og:image:width\" content=\"1920\" \/>\n\t<meta property=\"og:image:height\" content=\"1080\" \/>\n\t<meta property=\"og:image:type\" content=\"image\/jpeg\" \/>\n<meta name=\"twitter:card\" content=\"summary_large_image\" \/>\n<meta name=\"twitter:image\" content=\"https:\/\/tg4-docs.s3.amazonaws.com\/tg4-redesign-2015\/wp-content\/uploads\/2021\/11\/TG4ag25_Leabhar_Aire_Martin_1_1920x1080.jpg\" \/>\n<meta name=\"twitter:site\" content=\"@TG4TV\" \/>\n<meta name=\"twitter:label1\" content=\"Est. reading time\" \/>\n\t<meta name=\"twitter:data1\" content=\"3 minutes\" \/>\n<script type=\"application\/ld+json\" class=\"yoast-schema-graph\">{\"@context\":\"https:\/\/schema.org\",\"@graph\":[{\"@type\":\"WebPage\",\"@id\":\"https:\/\/dev.tg4.ie\/en\/information\/press\/press-releases\/2021-2\/tg4-release-new-book-tg4-25-to-mark-its-25th-anniversary\/\",\"url\":\"https:\/\/dev.tg4.ie\/en\/information\/press\/press-releases\/2021-2\/tg4-release-new-book-tg4-25-to-mark-its-25th-anniversary\/\",\"name\":\"TG4 release new book TG4 @ 25 to mark its 25th Anniversary | Press Release | TG4\",\"isPartOf\":{\"@id\":\"https:\/\/dev.tg4.ie\/en\/#website\"},\"primaryImageOfPage\":{\"@id\":\"https:\/\/dev.tg4.ie\/en\/information\/press\/press-releases\/2021-2\/tg4-release-new-book-tg4-25-to-mark-its-25th-anniversary\/#primaryimage\"},\"image\":{\"@id\":\"https:\/\/dev.tg4.ie\/en\/information\/press\/press-releases\/2021-2\/tg4-release-new-book-tg4-25-to-mark-its-25th-anniversary\/#primaryimage\"},\"thumbnailUrl\":\"https:\/\/dev.tg4.ie\/wp-content\/uploads\/2021\/11\/TG4ag25_Leabhar_Aire_Martin_1_1920x1080.jpg\",\"datePublished\":\"2021-11-04T09:37:26+00:00\",\"dateModified\":\"2021-11-04T09:40:58+00:00\",\"description\":\"Minister for Tourism, Culture, Arts, Gaeltacht, Sport and Media, Catherine Martin launched a new book TG4 @ 25 today at an event in Dublin to mark TG4\u2019s twenty fifth anniversary.\",\"breadcrumb\":{\"@id\":\"https:\/\/dev.tg4.ie\/en\/information\/press\/press-releases\/2021-2\/tg4-release-new-book-tg4-25-to-mark-its-25th-anniversary\/#breadcrumb\"},\"inLanguage\":\"en-ie\",\"potentialAction\":[{\"@type\":\"ReadAction\",\"target\":[\"https:\/\/dev.tg4.ie\/en\/information\/press\/press-releases\/2021-2\/tg4-release-new-book-tg4-25-to-mark-its-25th-anniversary\/\"]}]},{\"@type\":\"ImageObject\",\"inLanguage\":\"en-ie\",\"@id\":\"https:\/\/dev.tg4.ie\/en\/information\/press\/press-releases\/2021-2\/tg4-release-new-book-tg4-25-to-mark-its-25th-anniversary\/#primaryimage\",\"url\":\"https:\/\/dev.tg4.ie\/wp-content\/uploads\/2021\/11\/TG4ag25_Leabhar_Aire_Martin_1_1920x1080.jpg\",\"contentUrl\":\"https:\/\/dev.tg4.ie\/wp-content\/uploads\/2021\/11\/TG4ag25_Leabhar_Aire_Martin_1_1920x1080.jpg\"},{\"@type\":\"BreadcrumbList\",\"@id\":\"https:\/\/dev.tg4.ie\/en\/information\/press\/press-releases\/2021-2\/tg4-release-new-book-tg4-25-to-mark-its-25th-anniversary\/#breadcrumb\",\"itemListElement\":[{\"@type\":\"ListItem\",\"position\":1,\"name\":\"Home\",\"item\":\"https:\/\/dev.tg4.ie\/en\/\"},{\"@type\":\"ListItem\",\"position\":2,\"name\":\"Information\",\"item\":\"https:\/\/dev.tg4.ie\/en\/information\/\"},{\"@type\":\"ListItem\",\"position\":3,\"name\":\"Press\",\"item\":\"https:\/\/dev.tg4.ie\/en\/information\/press\/\"},{\"@type\":\"ListItem\",\"position\":4,\"name\":\"Press Releases\",\"item\":\"https:\/\/dev.tg4.ie\/en\/information\/press\/press-releases\/\"},{\"@type\":\"ListItem\",\"position\":5,\"name\":\"2021\",\"item\":\"https:\/\/dev.tg4.ie\/en\/information\/press\/press-releases\/2021-2\/\"},{\"@type\":\"ListItem\",\"position\":6,\"name\":\"TG4 release new book TG4 @ 25 to mark its 25th Anniversary\"}]},{\"@type\":\"WebSite\",\"@id\":\"https:\/\/dev.tg4.ie\/en\/#website\",\"url\":\"https:\/\/dev.tg4.ie\/en\/\",\"name\":\"TG4\",\"description\":\"S\u00fail Eile\",\"potentialAction\":[{\"@type\":\"SearchAction\",\"target\":{\"@type\":\"EntryPoint\",\"urlTemplate\":\"https:\/\/dev.tg4.ie\/en\/?s={search_term_string}\"},\"query-input\":\"required name=search_term_string\"}],\"inLanguage\":\"en-ie\"}]}<\/script>\n<!-- \/ Yoast SEO plugin. -->","yoast_head_json":{"title":"TG4 release new book TG4 @ 25 to mark its 25th Anniversary | Press Release | TG4","description":"Minister for Tourism, Culture, Arts, Gaeltacht, Sport and Media, Catherine Martin launched a new book TG4 @ 25 today at an event in Dublin to mark TG4\u2019s twenty fifth anniversary.","robots":{"index":"index","follow":"follow","max-snippet":"max-snippet:-1","max-image-preview":"max-image-preview:large","max-video-preview":"max-video-preview:-1"},"og_locale":"en_US","og_type":"article","og_title":"TG4 release new book TG4 @ 25 to mark its 25th Anniversary | Press Release | TG4","og_description":"Minister for Tourism, Culture, Arts, Gaeltacht, Sport and Media, Catherine Martin launched a new book TG4 @ 25 today at an event in Dublin to mark TG4\u2019s twenty fifth anniversary.","og_url":"https:\/\/dev.tg4.ie\/en\/information\/press\/press-releases\/2021-2\/tg4-release-new-book-tg4-25-to-mark-its-25th-anniversary\/","og_site_name":"TG4","article_publisher":"https:\/\/www.facebook.com\/TG4TV","article_modified_time":"2021-11-04T09:40:58+00:00","og_image":[{"width":1920,"height":1080,"url":"https:\/\/tg4-docs.s3.amazonaws.com\/tg4-redesign-2015\/wp-content\/uploads\/2021\/11\/TG4ag25_Leabhar_Aire_Martin_1_1920x1080.jpg","type":"image\/jpeg"}],"twitter_card":"summary_large_image","twitter_image":"https:\/\/tg4-docs.s3.amazonaws.com\/tg4-redesign-2015\/wp-content\/uploads\/2021\/11\/TG4ag25_Leabhar_Aire_Martin_1_1920x1080.jpg","twitter_site":"@TG4TV","twitter_misc":{"Est. reading time":"3 minutes"},"schema":{"@context":"https:\/\/schema.org","@graph":[{"@type":"WebPage","@id":"https:\/\/dev.tg4.ie\/en\/information\/press\/press-releases\/2021-2\/tg4-release-new-book-tg4-25-to-mark-its-25th-anniversary\/","url":"https:\/\/dev.tg4.ie\/en\/information\/press\/press-releases\/2021-2\/tg4-release-new-book-tg4-25-to-mark-its-25th-anniversary\/","name":"TG4 release new book TG4 @ 25 to mark its 25th Anniversary | Press Release | TG4","isPartOf":{"@id":"https:\/\/dev.tg4.ie\/en\/#website"},"primaryImageOfPage":{"@id":"https:\/\/dev.tg4.ie\/en\/information\/press\/press-releases\/2021-2\/tg4-release-new-book-tg4-25-to-mark-its-25th-anniversary\/#primaryimage"},"image":{"@id":"https:\/\/dev.tg4.ie\/en\/information\/press\/press-releases\/2021-2\/tg4-release-new-book-tg4-25-to-mark-its-25th-anniversary\/#primaryimage"},"thumbnailUrl":"https:\/\/dev.tg4.ie\/wp-content\/uploads\/2021\/11\/TG4ag25_Leabhar_Aire_Martin_1_1920x1080.jpg","datePublished":"2021-11-04T09:37:26+00:00","dateModified":"2021-11-04T09:40:58+00:00","description":"Minister for Tourism, Culture, Arts, Gaeltacht, Sport and Media, Catherine Martin launched a new book TG4 @ 25 today at an event in Dublin to mark TG4\u2019s twenty fifth anniversary.","breadcrumb":{"@id":"https:\/\/dev.tg4.ie\/en\/information\/press\/press-releases\/2021-2\/tg4-release-new-book-tg4-25-to-mark-its-25th-anniversary\/#breadcrumb"},"inLanguage":"en-ie","potentialAction":[{"@type":"ReadAction","target":["https:\/\/dev.tg4.ie\/en\/information\/press\/press-releases\/2021-2\/tg4-release-new-book-tg4-25-to-mark-its-25th-anniversary\/"]}]},{"@type":"ImageObject","inLanguage":"en-ie","@id":"https:\/\/dev.tg4.ie\/en\/information\/press\/press-releases\/2021-2\/tg4-release-new-book-tg4-25-to-mark-its-25th-anniversary\/#primaryimage","url":"https:\/\/dev.tg4.ie\/wp-content\/uploads\/2021\/11\/TG4ag25_Leabhar_Aire_Martin_1_1920x1080.jpg","contentUrl":"https:\/\/dev.tg4.ie\/wp-content\/uploads\/2021\/11\/TG4ag25_Leabhar_Aire_Martin_1_1920x1080.jpg"},{"@type":"BreadcrumbList","@id":"https:\/\/dev.tg4.ie\/en\/information\/press\/press-releases\/2021-2\/tg4-release-new-book-tg4-25-to-mark-its-25th-anniversary\/#breadcrumb","itemListElement":[{"@type":"ListItem","position":1,"name":"Home","item":"https:\/\/dev.tg4.ie\/en\/"},{"@type":"ListItem","position":2,"name":"Information","item":"https:\/\/dev.tg4.ie\/en\/information\/"},{"@type":"ListItem","position":3,"name":"Press","item":"https:\/\/dev.tg4.ie\/en\/information\/press\/"},{"@type":"ListItem","position":4,"name":"Press Releases","item":"https:\/\/dev.tg4.ie\/en\/information\/press\/press-releases\/"},{"@type":"ListItem","position":5,"name":"2021","item":"https:\/\/dev.tg4.ie\/en\/information\/press\/press-releases\/2021-2\/"},{"@type":"ListItem","position":6,"name":"TG4 release new book TG4 @ 25 to mark its 25th Anniversary"}]},{"@type":"WebSite","@id":"https:\/\/dev.tg4.ie\/en\/#website","url":"https:\/\/dev.tg4.ie\/en\/","name":"TG4","description":"S\u00fail Eile","potentialAction":[{"@type":"SearchAction","target":{"@type":"EntryPoint","urlTemplate":"https:\/\/dev.tg4.ie\/en\/?s={search_term_string}"},"query-input":"required name=search_term_string"}],"inLanguage":"en-ie"}]}},"_links":{"self":[{"href":"https:\/\/dev.tg4.ie\/en\/wp-json\/wp\/v2\/pages\/134655"}],"collection":[{"href":"https:\/\/dev.tg4.ie\/en\/wp-json\/wp\/v2\/pages"}],"about":[{"href":"https:\/\/dev.tg4.ie\/en\/wp-json\/wp\/v2\/types\/page"}],"author":[{"embeddable":true,"href":"https:\/\/dev.tg4.ie\/en\/wp-json\/wp\/v2\/users\/876"}],"replies":[{"embeddable":true,"href":"https:\/\/dev.tg4.ie\/en\/wp-json\/wp\/v2\/comments?post=134655"}],"version-history":[{"count":0,"href":"https:\/\/dev.tg4.ie\/en\/wp-json\/wp\/v2\/pages\/134655\/revisions"}],"up":[{"embeddable":true,"href":"https:\/\/dev.tg4.ie\/en\/wp-json\/wp\/v2\/pages\/115587"}],"wp:attachment":[{"href":"https:\/\/dev.tg4.ie\/en\/wp-json\/wp\/v2\/media?parent=134655"}],"curies":[{"name":"wp","href":"https:\/\/api.w.org\/{rel}","templated":true}]}}