{"id":135536,"date":"2021-11-19T13:16:37","date_gmt":"2021-11-19T13:16:37","guid":{"rendered":"https:\/\/dev.tg4.ie\/?page_id=135536"},"modified":"2021-11-19T13:16:37","modified_gmt":"2021-11-19T13:16:37","slug":"tg4-appoints-its-first-archivist","status":"publish","type":"page","link":"https:\/\/dev.tg4.ie\/en\/information\/press\/press-releases\/2021-2\/tg4-appoints-its-first-archivist\/","title":{"rendered":"TG4 appoints its first Archivist"},"content":{"rendered":"<p><a href=\"https:\/\/tg4-docs.s3.amazonaws.com\/tg4-redesign-2015\/wp-content\/uploads\/2021\/11\/Maire_Aoibhinn_Ni_Ogain_1920x1080.jpg\"><img loading=\"lazy\" decoding=\"async\" width=\"1920\" height=\"1080\" src=\"https:\/\/tg4-docs.s3.amazonaws.com\/tg4-redesign-2015\/wp-content\/uploads\/2021\/11\/Maire_Aoibhinn_Ni_Ogain_1920x1080.jpg\" alt=\"\" class=\"aligncenter size-full wp-image-135534\" srcset=\"https:\/\/tg4-docs.s3.amazonaws.com\/tg4-redesign-2015\/wp-content\/uploads\/2021\/11\/Maire_Aoibhinn_Ni_Ogain_1920x1080.jpg 1920w, https:\/\/tg4-docs.s3.amazonaws.com\/tg4-redesign-2015\/wp-content\/uploads\/2021\/11\/Maire_Aoibhinn_Ni_Ogain_1920x1080-250x141.jpg 250w, https:\/\/tg4-docs.s3.amazonaws.com\/tg4-redesign-2015\/wp-content\/uploads\/2021\/11\/Maire_Aoibhinn_Ni_Ogain_1920x1080-700x394.jpg 700w, https:\/\/tg4-docs.s3.amazonaws.com\/tg4-redesign-2015\/wp-content\/uploads\/2021\/11\/Maire_Aoibhinn_Ni_Ogain_1920x1080-252x141.jpg 252w, https:\/\/tg4-docs.s3.amazonaws.com\/tg4-redesign-2015\/wp-content\/uploads\/2021\/11\/Maire_Aoibhinn_Ni_Ogain_1920x1080-1536x864.jpg 1536w, https:\/\/tg4-docs.s3.amazonaws.com\/tg4-redesign-2015\/wp-content\/uploads\/2021\/11\/Maire_Aoibhinn_Ni_Ogain_1920x1080-120x68.jpg 120w\" sizes=\"(max-width: 1920px) 100vw, 1920px\" \/><\/a><br \/>\n&nbsp;<br \/>\nTG4 wants to increase public access to the station&#8217;s digital archive as we celebrate 25 years on air. As a custodian of Irish language  Linguistic Assets broadcasting legacy, The TG4 archive contains a valuable and varied repository of material. The development of the digital archive will continue in 2022, work that has been ongoing since the end of 2011.   When complete, TG4\u2019s Irish Language Digital Archive will be one of the most extensive and significant bodies of Irish language  audio-visual material in the world.<br \/>\n&nbsp;<br \/>\nTo this end, M\u00e1ire Aoibhinn N\u00ed \u00d3g\u00e1in has been appointed as the station&#8217;s first Archivist.   M\u00e1ire Aoibhinn has expertise in TG4&#8217;s programme content in her role as TG4 Schedule Manager for over twenty years.  She has previously pioneered archive developments and schemes with the support of the BAI. She will build on that experience and advance technological and curated developments in the digital archive. She will start her new role as TG4 Archivist on February 1st, 2022.<br \/>\n&nbsp;<\/p>\n<p><strong>M\u00e1ire Aoibhinn N\u00ed \u00d3g\u00e1in<\/strong> said <em>\u201cIt is a privilege for me to take on this new role as TG4&#8217;s Archivist. The TG4 Archive is an important record of Irish history and a source of information that reflects the broadcasting heritage of TG4 and the development of Irish language broadcasting. There is a need to ensure access to the wealth of history, information, music and entertainment contained in the archive for our audiences. This material needs to be curated and preserved so that it is available to study and to enjoy.  My goal would be to find new ways to use the archive as a historical and creative resource, to foster national and international partners and promote the importance of television archives in general. I look forward to taking on the new role with the same challenge and enthusiasm I have shown in my twenty five years of service to TG4 as Schedule Manager.&#8221;<\/em><br \/>\n&nbsp;<\/p>\n<p><strong>Alan Esslemont, Director General of TG4<\/strong> said <em>\u201cAs we celebrate 25 years on air, TG4 has made a significant decision to appoint a lead of our valuable archive to ensure that TG4&#8217;s content is findable and available to the public. A lot of work has been done to date in digitising and cataloging the archive with the support of the BAI, ITMA and Europus and we look forward to building on this work in 2022. M\u00e1ire Aoibhinn has expertise of TG4&#8217;s programming content over the past quarter of a century. This new role is a big challenge and there is no doubt that M\u00e1ire Aoibhinn along with other members of our talented team at TG4 will excel in this new role.\u201d<\/em><\/p>\n<p>&nbsp;<br \/>\n&nbsp;<\/p>\n","protected":false},"excerpt":{"rendered":"<p>&nbsp; TG4 wants to increase public access to the station&#8217;s digital archive as we celebrate 25 years on air. As a custodian of Irish language Linguistic Assets broadcasting legacy, The TG4 archive contains a valuable and varied repository of material. The development of the digital archive will continue in 2022, work that has been ongoing [&hellip;]<\/p>\n","protected":false},"author":876,"featured_media":0,"parent":115587,"menu_order":49,"comment_status":"closed","ping_status":"closed","template":"page-templates\/template-pr.php","meta":{"_acf_changed":false,"footnotes":""},"acf":[],"yoast_head":"<!-- This site is optimized with the Yoast SEO plugin v22.6 - https:\/\/yoast.com\/wordpress\/plugins\/seo\/ -->\n<title>TG4 appoints its first Archivist | Press Release | TG4<\/title>\n<meta name=\"robots\" content=\"index, follow, max-snippet:-1, max-image-preview:large, max-video-preview:-1\" \/>\n<meta property=\"og:locale\" content=\"en_US\" \/>\n<meta property=\"og:type\" content=\"article\" \/>\n<meta property=\"og:title\" content=\"TG4 appoints its first Archivist | Press Release | TG4\" \/>\n<meta property=\"og:description\" content=\"&nbsp; TG4 wants to increase public access to the station&#8217;s digital archive as we celebrate 25 years on air. As a custodian of Irish language Linguistic Assets broadcasting legacy, The TG4 archive contains a valuable and varied repository of material. The development of the digital archive will continue in 2022, work that has been ongoing [&hellip;]\" \/>\n<meta property=\"og:url\" content=\"https:\/\/dev.tg4.ie\/en\/information\/press\/press-releases\/2021-2\/tg4-appoints-its-first-archivist\/\" \/>\n<meta property=\"og:site_name\" content=\"TG4\" \/>\n<meta property=\"article:publisher\" content=\"https:\/\/www.facebook.com\/TG4TV\" \/>\n<meta property=\"og:image\" content=\"https:\/\/tg4-docs.s3.amazonaws.com\/tg4-redesign-2015\/wp-content\/uploads\/2021\/11\/Maire_Aoibhinn_Ni_Ogain_1920x1080.jpg\" \/>\n\t<meta property=\"og:image:width\" content=\"1920\" \/>\n\t<meta property=\"og:image:height\" content=\"1080\" \/>\n\t<meta property=\"og:image:type\" content=\"image\/jpeg\" \/>\n<meta name=\"twitter:card\" content=\"summary_large_image\" \/>\n<meta name=\"twitter:image\" content=\"https:\/\/tg4-docs.s3.amazonaws.com\/tg4-redesign-2015\/wp-content\/uploads\/2021\/11\/Maire_Aoibhinn_Ni_Ogain_1920x1080.jpg\" \/>\n<meta name=\"twitter:site\" content=\"@TG4TV\" \/>\n<meta name=\"twitter:label1\" content=\"Est. reading time\" \/>\n\t<meta name=\"twitter:data1\" content=\"2 minutes\" \/>\n<script type=\"application\/ld+json\" class=\"yoast-schema-graph\">{\"@context\":\"https:\/\/schema.org\",\"@graph\":[{\"@type\":\"WebPage\",\"@id\":\"https:\/\/dev.tg4.ie\/en\/information\/press\/press-releases\/2021-2\/tg4-appoints-its-first-archivist\/\",\"url\":\"https:\/\/dev.tg4.ie\/en\/information\/press\/press-releases\/2021-2\/tg4-appoints-its-first-archivist\/\",\"name\":\"TG4 appoints its first Archivist | Press Release | TG4\",\"isPartOf\":{\"@id\":\"https:\/\/dev.tg4.ie\/en\/#website\"},\"primaryImageOfPage\":{\"@id\":\"https:\/\/dev.tg4.ie\/en\/information\/press\/press-releases\/2021-2\/tg4-appoints-its-first-archivist\/#primaryimage\"},\"image\":{\"@id\":\"https:\/\/dev.tg4.ie\/en\/information\/press\/press-releases\/2021-2\/tg4-appoints-its-first-archivist\/#primaryimage\"},\"thumbnailUrl\":\"https:\/\/dev.tg4.ie\/wp-content\/uploads\/2021\/11\/Maire_Aoibhinn_Ni_Ogain_1920x1080.jpg\",\"datePublished\":\"2021-11-19T13:16:37+00:00\",\"dateModified\":\"2021-11-19T13:16:37+00:00\",\"breadcrumb\":{\"@id\":\"https:\/\/dev.tg4.ie\/en\/information\/press\/press-releases\/2021-2\/tg4-appoints-its-first-archivist\/#breadcrumb\"},\"inLanguage\":\"en-ie\",\"potentialAction\":[{\"@type\":\"ReadAction\",\"target\":[\"https:\/\/dev.tg4.ie\/en\/information\/press\/press-releases\/2021-2\/tg4-appoints-its-first-archivist\/\"]}]},{\"@type\":\"ImageObject\",\"inLanguage\":\"en-ie\",\"@id\":\"https:\/\/dev.tg4.ie\/en\/information\/press\/press-releases\/2021-2\/tg4-appoints-its-first-archivist\/#primaryimage\",\"url\":\"https:\/\/dev.tg4.ie\/wp-content\/uploads\/2021\/11\/Maire_Aoibhinn_Ni_Ogain_1920x1080.jpg\",\"contentUrl\":\"https:\/\/dev.tg4.ie\/wp-content\/uploads\/2021\/11\/Maire_Aoibhinn_Ni_Ogain_1920x1080.jpg\"},{\"@type\":\"BreadcrumbList\",\"@id\":\"https:\/\/dev.tg4.ie\/en\/information\/press\/press-releases\/2021-2\/tg4-appoints-its-first-archivist\/#breadcrumb\",\"itemListElement\":[{\"@type\":\"ListItem\",\"position\":1,\"name\":\"Home\",\"item\":\"https:\/\/dev.tg4.ie\/en\/\"},{\"@type\":\"ListItem\",\"position\":2,\"name\":\"Information\",\"item\":\"https:\/\/dev.tg4.ie\/en\/information\/\"},{\"@type\":\"ListItem\",\"position\":3,\"name\":\"Press\",\"item\":\"https:\/\/dev.tg4.ie\/en\/information\/press\/\"},{\"@type\":\"ListItem\",\"position\":4,\"name\":\"Press Releases\",\"item\":\"https:\/\/dev.tg4.ie\/en\/information\/press\/press-releases\/\"},{\"@type\":\"ListItem\",\"position\":5,\"name\":\"2021\",\"item\":\"https:\/\/dev.tg4.ie\/en\/information\/press\/press-releases\/2021-2\/\"},{\"@type\":\"ListItem\",\"position\":6,\"name\":\"TG4 appoints its first Archivist\"}]},{\"@type\":\"WebSite\",\"@id\":\"https:\/\/dev.tg4.ie\/en\/#website\",\"url\":\"https:\/\/dev.tg4.ie\/en\/\",\"name\":\"TG4\",\"description\":\"S\u00fail Eile\",\"potentialAction\":[{\"@type\":\"SearchAction\",\"target\":{\"@type\":\"EntryPoint\",\"urlTemplate\":\"https:\/\/dev.tg4.ie\/en\/?s={search_term_string}\"},\"query-input\":\"required name=search_term_string\"}],\"inLanguage\":\"en-ie\"}]}<\/script>\n<!-- \/ Yoast SEO plugin. -->","yoast_head_json":{"title":"TG4 appoints its first Archivist | Press Release | TG4","robots":{"index":"index","follow":"follow","max-snippet":"max-snippet:-1","max-image-preview":"max-image-preview:large","max-video-preview":"max-video-preview:-1"},"og_locale":"en_US","og_type":"article","og_title":"TG4 appoints its first Archivist | Press Release | TG4","og_description":"&nbsp; TG4 wants to increase public access to the station&#8217;s digital archive as we celebrate 25 years on air. As a custodian of Irish language Linguistic Assets broadcasting legacy, The TG4 archive contains a valuable and varied repository of material. The development of the digital archive will continue in 2022, work that has been ongoing [&hellip;]","og_url":"https:\/\/dev.tg4.ie\/en\/information\/press\/press-releases\/2021-2\/tg4-appoints-its-first-archivist\/","og_site_name":"TG4","article_publisher":"https:\/\/www.facebook.com\/TG4TV","og_image":[{"width":1920,"height":1080,"url":"https:\/\/tg4-docs.s3.amazonaws.com\/tg4-redesign-2015\/wp-content\/uploads\/2021\/11\/Maire_Aoibhinn_Ni_Ogain_1920x1080.jpg","type":"image\/jpeg"}],"twitter_card":"summary_large_image","twitter_image":"https:\/\/tg4-docs.s3.amazonaws.com\/tg4-redesign-2015\/wp-content\/uploads\/2021\/11\/Maire_Aoibhinn_Ni_Ogain_1920x1080.jpg","twitter_site":"@TG4TV","twitter_misc":{"Est. reading time":"2 minutes"},"schema":{"@context":"https:\/\/schema.org","@graph":[{"@type":"WebPage","@id":"https:\/\/dev.tg4.ie\/en\/information\/press\/press-releases\/2021-2\/tg4-appoints-its-first-archivist\/","url":"https:\/\/dev.tg4.ie\/en\/information\/press\/press-releases\/2021-2\/tg4-appoints-its-first-archivist\/","name":"TG4 appoints its first Archivist | Press Release | TG4","isPartOf":{"@id":"https:\/\/dev.tg4.ie\/en\/#website"},"primaryImageOfPage":{"@id":"https:\/\/dev.tg4.ie\/en\/information\/press\/press-releases\/2021-2\/tg4-appoints-its-first-archivist\/#primaryimage"},"image":{"@id":"https:\/\/dev.tg4.ie\/en\/information\/press\/press-releases\/2021-2\/tg4-appoints-its-first-archivist\/#primaryimage"},"thumbnailUrl":"https:\/\/dev.tg4.ie\/wp-content\/uploads\/2021\/11\/Maire_Aoibhinn_Ni_Ogain_1920x1080.jpg","datePublished":"2021-11-19T13:16:37+00:00","dateModified":"2021-11-19T13:16:37+00:00","breadcrumb":{"@id":"https:\/\/dev.tg4.ie\/en\/information\/press\/press-releases\/2021-2\/tg4-appoints-its-first-archivist\/#breadcrumb"},"inLanguage":"en-ie","potentialAction":[{"@type":"ReadAction","target":["https:\/\/dev.tg4.ie\/en\/information\/press\/press-releases\/2021-2\/tg4-appoints-its-first-archivist\/"]}]},{"@type":"ImageObject","inLanguage":"en-ie","@id":"https:\/\/dev.tg4.ie\/en\/information\/press\/press-releases\/2021-2\/tg4-appoints-its-first-archivist\/#primaryimage","url":"https:\/\/dev.tg4.ie\/wp-content\/uploads\/2021\/11\/Maire_Aoibhinn_Ni_Ogain_1920x1080.jpg","contentUrl":"https:\/\/dev.tg4.ie\/wp-content\/uploads\/2021\/11\/Maire_Aoibhinn_Ni_Ogain_1920x1080.jpg"},{"@type":"BreadcrumbList","@id":"https:\/\/dev.tg4.ie\/en\/information\/press\/press-releases\/2021-2\/tg4-appoints-its-first-archivist\/#breadcrumb","itemListElement":[{"@type":"ListItem","position":1,"name":"Home","item":"https:\/\/dev.tg4.ie\/en\/"},{"@type":"ListItem","position":2,"name":"Information","item":"https:\/\/dev.tg4.ie\/en\/information\/"},{"@type":"ListItem","position":3,"name":"Press","item":"https:\/\/dev.tg4.ie\/en\/information\/press\/"},{"@type":"ListItem","position":4,"name":"Press Releases","item":"https:\/\/dev.tg4.ie\/en\/information\/press\/press-releases\/"},{"@type":"ListItem","position":5,"name":"2021","item":"https:\/\/dev.tg4.ie\/en\/information\/press\/press-releases\/2021-2\/"},{"@type":"ListItem","position":6,"name":"TG4 appoints its first Archivist"}]},{"@type":"WebSite","@id":"https:\/\/dev.tg4.ie\/en\/#website","url":"https:\/\/dev.tg4.ie\/en\/","name":"TG4","description":"S\u00fail Eile","potentialAction":[{"@type":"SearchAction","target":{"@type":"EntryPoint","urlTemplate":"https:\/\/dev.tg4.ie\/en\/?s={search_term_string}"},"query-input":"required name=search_term_string"}],"inLanguage":"en-ie"}]}},"_links":{"self":[{"href":"https:\/\/dev.tg4.ie\/en\/wp-json\/wp\/v2\/pages\/135536"}],"collection":[{"href":"https:\/\/dev.tg4.ie\/en\/wp-json\/wp\/v2\/pages"}],"about":[{"href":"https:\/\/dev.tg4.ie\/en\/wp-json\/wp\/v2\/types\/page"}],"author":[{"embeddable":true,"href":"https:\/\/dev.tg4.ie\/en\/wp-json\/wp\/v2\/users\/876"}],"replies":[{"embeddable":true,"href":"https:\/\/dev.tg4.ie\/en\/wp-json\/wp\/v2\/comments?post=135536"}],"version-history":[{"count":0,"href":"https:\/\/dev.tg4.ie\/en\/wp-json\/wp\/v2\/pages\/135536\/revisions"}],"up":[{"embeddable":true,"href":"https:\/\/dev.tg4.ie\/en\/wp-json\/wp\/v2\/pages\/115587"}],"wp:attachment":[{"href":"https:\/\/dev.tg4.ie\/en\/wp-json\/wp\/v2\/media?parent=135536"}],"curies":[{"name":"wp","href":"https:\/\/api.w.org\/{rel}","templated":true}]}}