{"id":138181,"date":"2022-01-11T10:20:50","date_gmt":"2022-01-11T10:20:50","guid":{"rendered":"https:\/\/dev.tg4.ie\/?page_id=138181"},"modified":"2022-01-11T10:20:50","modified_gmt":"2022-01-11T10:20:50","slug":"ratings-jump-for-tg4-during-christmas-2021","status":"publish","type":"page","link":"https:\/\/dev.tg4.ie\/en\/information\/press\/press-releases\/2022-2\/ratings-jump-for-tg4-during-christmas-2021\/","title":{"rendered":"Ratings jump for TG4 during Christmas 2021"},"content":{"rendered":"<p><a href=\"https:\/\/tg4-docs.s3.amazonaws.com\/tg4-redesign-2015\/wp-content\/uploads\/2021\/12\/PeterOToole-1-1920x1080-1.jpg\"><img loading=\"lazy\" decoding=\"async\" width=\"1920\" height=\"1080\" src=\"https:\/\/tg4-docs.s3.amazonaws.com\/tg4-redesign-2015\/wp-content\/uploads\/2021\/12\/PeterOToole-1-1920x1080-1.jpg\" alt=\"\" class=\"aligncenter size-full wp-image-136975\" srcset=\"https:\/\/tg4-docs.s3.amazonaws.com\/tg4-redesign-2015\/wp-content\/uploads\/2021\/12\/PeterOToole-1-1920x1080-1.jpg 1920w, https:\/\/tg4-docs.s3.amazonaws.com\/tg4-redesign-2015\/wp-content\/uploads\/2021\/12\/PeterOToole-1-1920x1080-1-250x141.jpg 250w, https:\/\/tg4-docs.s3.amazonaws.com\/tg4-redesign-2015\/wp-content\/uploads\/2021\/12\/PeterOToole-1-1920x1080-1-700x394.jpg 700w, https:\/\/tg4-docs.s3.amazonaws.com\/tg4-redesign-2015\/wp-content\/uploads\/2021\/12\/PeterOToole-1-1920x1080-1-252x141.jpg 252w, https:\/\/tg4-docs.s3.amazonaws.com\/tg4-redesign-2015\/wp-content\/uploads\/2021\/12\/PeterOToole-1-1920x1080-1-1536x864.jpg 1536w, https:\/\/tg4-docs.s3.amazonaws.com\/tg4-redesign-2015\/wp-content\/uploads\/2021\/12\/PeterOToole-1-1920x1080-1-120x68.jpg 120w\" sizes=\"(max-width: 1920px) 100vw, 1920px\" \/><\/a><br \/>\n&nbsp;<\/p>\n<p>TG4 ratings increased 25% during Christmas 2021 compared to the same period in 2020.   According to official TAM Ireland\/Nielsen figures, from Christmas Eve until New Year&#8217;s Day, TG4 had an average daily share of 2.8% compared to 2.2% in 2020.   The average daily reach was 632,700 and the overall reach during the Christmas period was 1.87m.<br \/>\n&nbsp;<br \/>\nOn New Year&#8217;s Day, TG4 had its highest audience share of 4.3%. New Year&#8217;s Eve, St. Stephen&#8217;s Day and Christmas Day all performed well with audience shares of 3.2%, 3.3% and 2.7% respectively.<br \/>\n&nbsp;<br \/>\nThe most watched programme was <strong>Rugba\u00ed Beo<\/strong> on New Year&#8217;s Day, where Connacht won against Munster in the Sportsgrounds in Galway was watched by 118,000.  A celebration of the best of Joe Dolan, <strong>Seo \u00e9 Joe Dolan<\/strong> on New Year&#8217;s Eve was watched by 109,000 people, and a celebration of Philomena Begley&#8217;s sixty years in the music industry, <strong>Opry Philomena @ 60<\/strong> on December 28th was watched by 72,000.<br \/>\n&nbsp;<br \/>\nNew documentaries during Christmas proved very popular with viewers. The Christmas Day documentary about Irish actor Peter O&#8217;Toole, <strong>Peter O&#8217;Toole &#8211; R\u00e9alta &#038; R\u00f3gaire<\/strong> was watched by 70,000.  Doireann N\u00ed Ghlac\u00e1in granddaughter of Se\u00e1n \u00d3 Riada who fronted documentary <strong>Se\u00e1n \u00d3 Riada Mo Sheanathair<\/strong> to find out more about the iconic musician who passed away 50 years ago was watched by 60,000 and a tribute to Cork Ladies Football Manager <strong>\u00c9amonn Ryan: An M\u00e1istir<\/strong> who passed away in 2020 was viewed by 51,000.<br \/>\n&nbsp;<br \/>\nTG4&#8217;s music offerings also drew in large numbers, <strong>The Saw Doctors &#8211; Sing a Powerful Song<\/strong> on St. Stephen&#8217;s Day was watched by 72,000.  <strong>Joe Burke &#8211; Ceili\u00faradh<\/strong>, a celebration of the East Galway accordion player who died in February 2021 was watched by 54,000 and the New Year&#8217;s Eve countdown programme from R\u00e1th Chairn Gaeltacht, presented by D\u00e1ith\u00ed \u00d3 S\u00e9 and Orla N\u00ed Fhinneadha <strong>F\u00e1ilte 2022<\/strong> attracted 58,000 viewers.<br \/>\n&nbsp;<br \/>\n<strong>Director General of TG4, Alan Esslemont<\/strong> welcomed the good news saying, <em>\u201cI would like to convey my heartfelt thanks to the staff of TG4, our producers and all our partners who ensured that TG4 viewers had a very entertaining Christmas despite all the challenges that Covid-Omicron placed in our way during the Christmas festive period.  All our metrics show that the Irish public has a real fondness for TG4 as a channel and as a brand and it is with some satisfaction that we can record this significant year-on-year increase as we approach 2022 with spirit and with optimism.\u201d<\/em><br \/>\n&nbsp;<br \/>\n&nbsp;<\/p>\n","protected":false},"excerpt":{"rendered":"<p>&nbsp; TG4 ratings increased 25% during Christmas 2021 compared to the same period in 2020. According to official TAM Ireland\/Nielsen figures, from Christmas Eve until New Year&#8217;s Day, TG4 had an average daily share of 2.8% compared to 2.2% in 2020. The average daily reach was 632,700 and the overall reach during the Christmas period [&hellip;]<\/p>\n","protected":false},"author":876,"featured_media":0,"parent":138173,"menu_order":0,"comment_status":"closed","ping_status":"closed","template":"page-templates\/template-pr.php","meta":{"_acf_changed":false,"footnotes":""},"acf":[],"yoast_head":"<!-- This site is optimized with the Yoast SEO plugin v22.6 - https:\/\/yoast.com\/wordpress\/plugins\/seo\/ -->\n<title>Ratings jump for TG4 during Christmas 2021 | Press Release | TG4<\/title>\n<meta name=\"description\" content=\"TG4 ratings increased 25% during Christmas 2021 compared to the same period in 2020.\" \/>\n<meta name=\"robots\" content=\"index, follow, max-snippet:-1, max-image-preview:large, max-video-preview:-1\" \/>\n<meta property=\"og:locale\" content=\"en_US\" \/>\n<meta property=\"og:type\" content=\"article\" \/>\n<meta property=\"og:title\" content=\"Ratings jump for TG4 during Christmas 2021 | Press Release | TG4\" \/>\n<meta property=\"og:description\" content=\"TG4 ratings increased 25% during Christmas 2021 compared to the same period in 2020.\" \/>\n<meta property=\"og:url\" content=\"https:\/\/dev.tg4.ie\/en\/information\/press\/press-releases\/2022-2\/ratings-jump-for-tg4-during-christmas-2021\/\" \/>\n<meta property=\"og:site_name\" content=\"TG4\" \/>\n<meta property=\"article:publisher\" content=\"https:\/\/www.facebook.com\/TG4TV\" \/>\n<meta property=\"og:image\" content=\"https:\/\/d1og0s8nlbd0hm.cloudfront.net\/tg4-redesign-2015\/wp-content\/uploads\/2021\/12\/PeterOToole-1-1920x1080-1.jpg\" \/>\n<meta name=\"twitter:card\" content=\"summary_large_image\" \/>\n<meta name=\"twitter:image\" content=\"https:\/\/d1og0s8nlbd0hm.cloudfront.net\/tg4-redesign-2015\/wp-content\/uploads\/2021\/12\/PeterOToole-1-1920x1080-1.jpg\" \/>\n<meta name=\"twitter:site\" content=\"@TG4TV\" \/>\n<meta name=\"twitter:label1\" content=\"Est. reading time\" \/>\n\t<meta name=\"twitter:data1\" content=\"2 minutes\" \/>\n<script type=\"application\/ld+json\" class=\"yoast-schema-graph\">{\"@context\":\"https:\/\/schema.org\",\"@graph\":[{\"@type\":\"WebPage\",\"@id\":\"https:\/\/dev.tg4.ie\/en\/information\/press\/press-releases\/2022-2\/ratings-jump-for-tg4-during-christmas-2021\/\",\"url\":\"https:\/\/dev.tg4.ie\/en\/information\/press\/press-releases\/2022-2\/ratings-jump-for-tg4-during-christmas-2021\/\",\"name\":\"Ratings jump for TG4 during Christmas 2021 | Press Release | TG4\",\"isPartOf\":{\"@id\":\"https:\/\/dev.tg4.ie\/en\/#website\"},\"primaryImageOfPage\":{\"@id\":\"https:\/\/dev.tg4.ie\/en\/information\/press\/press-releases\/2022-2\/ratings-jump-for-tg4-during-christmas-2021\/#primaryimage\"},\"image\":{\"@id\":\"https:\/\/dev.tg4.ie\/en\/information\/press\/press-releases\/2022-2\/ratings-jump-for-tg4-during-christmas-2021\/#primaryimage\"},\"thumbnailUrl\":\"https:\/\/dev.tg4.ie\/wp-content\/uploads\/2021\/12\/PeterOToole-1-1920x1080-1.jpg\",\"datePublished\":\"2022-01-11T10:20:50+00:00\",\"dateModified\":\"2022-01-11T10:20:50+00:00\",\"description\":\"TG4 ratings increased 25% during Christmas 2021 compared to the same period in 2020.\",\"breadcrumb\":{\"@id\":\"https:\/\/dev.tg4.ie\/en\/information\/press\/press-releases\/2022-2\/ratings-jump-for-tg4-during-christmas-2021\/#breadcrumb\"},\"inLanguage\":\"en-ie\",\"potentialAction\":[{\"@type\":\"ReadAction\",\"target\":[\"https:\/\/dev.tg4.ie\/en\/information\/press\/press-releases\/2022-2\/ratings-jump-for-tg4-during-christmas-2021\/\"]}]},{\"@type\":\"ImageObject\",\"inLanguage\":\"en-ie\",\"@id\":\"https:\/\/dev.tg4.ie\/en\/information\/press\/press-releases\/2022-2\/ratings-jump-for-tg4-during-christmas-2021\/#primaryimage\",\"url\":\"https:\/\/dev.tg4.ie\/wp-content\/uploads\/2021\/12\/PeterOToole-1-1920x1080-1.jpg\",\"contentUrl\":\"https:\/\/dev.tg4.ie\/wp-content\/uploads\/2021\/12\/PeterOToole-1-1920x1080-1.jpg\"},{\"@type\":\"BreadcrumbList\",\"@id\":\"https:\/\/dev.tg4.ie\/en\/information\/press\/press-releases\/2022-2\/ratings-jump-for-tg4-during-christmas-2021\/#breadcrumb\",\"itemListElement\":[{\"@type\":\"ListItem\",\"position\":1,\"name\":\"Home\",\"item\":\"https:\/\/dev.tg4.ie\/en\/\"},{\"@type\":\"ListItem\",\"position\":2,\"name\":\"Information\",\"item\":\"https:\/\/dev.tg4.ie\/en\/information\/\"},{\"@type\":\"ListItem\",\"position\":3,\"name\":\"Press\",\"item\":\"https:\/\/dev.tg4.ie\/en\/information\/press\/\"},{\"@type\":\"ListItem\",\"position\":4,\"name\":\"Press Releases\",\"item\":\"https:\/\/dev.tg4.ie\/en\/information\/press\/press-releases\/\"},{\"@type\":\"ListItem\",\"position\":5,\"name\":\"2022\",\"item\":\"https:\/\/dev.tg4.ie\/en\/information\/press\/press-releases\/2022-2\/\"},{\"@type\":\"ListItem\",\"position\":6,\"name\":\"Ratings jump for TG4 during Christmas 2021\"}]},{\"@type\":\"WebSite\",\"@id\":\"https:\/\/dev.tg4.ie\/en\/#website\",\"url\":\"https:\/\/dev.tg4.ie\/en\/\",\"name\":\"TG4\",\"description\":\"S\u00fail Eile\",\"potentialAction\":[{\"@type\":\"SearchAction\",\"target\":{\"@type\":\"EntryPoint\",\"urlTemplate\":\"https:\/\/dev.tg4.ie\/en\/?s={search_term_string}\"},\"query-input\":\"required name=search_term_string\"}],\"inLanguage\":\"en-ie\"}]}<\/script>\n<!-- \/ Yoast SEO plugin. -->","yoast_head_json":{"title":"Ratings jump for TG4 during Christmas 2021 | Press Release | TG4","description":"TG4 ratings increased 25% during Christmas 2021 compared to the same period in 2020.","robots":{"index":"index","follow":"follow","max-snippet":"max-snippet:-1","max-image-preview":"max-image-preview:large","max-video-preview":"max-video-preview:-1"},"og_locale":"en_US","og_type":"article","og_title":"Ratings jump for TG4 during Christmas 2021 | Press Release | TG4","og_description":"TG4 ratings increased 25% during Christmas 2021 compared to the same period in 2020.","og_url":"https:\/\/dev.tg4.ie\/en\/information\/press\/press-releases\/2022-2\/ratings-jump-for-tg4-during-christmas-2021\/","og_site_name":"TG4","article_publisher":"https:\/\/www.facebook.com\/TG4TV","og_image":[{"url":"https:\/\/d1og0s8nlbd0hm.cloudfront.net\/tg4-redesign-2015\/wp-content\/uploads\/2021\/12\/PeterOToole-1-1920x1080-1.jpg"}],"twitter_card":"summary_large_image","twitter_image":"https:\/\/d1og0s8nlbd0hm.cloudfront.net\/tg4-redesign-2015\/wp-content\/uploads\/2021\/12\/PeterOToole-1-1920x1080-1.jpg","twitter_site":"@TG4TV","twitter_misc":{"Est. reading time":"2 minutes"},"schema":{"@context":"https:\/\/schema.org","@graph":[{"@type":"WebPage","@id":"https:\/\/dev.tg4.ie\/en\/information\/press\/press-releases\/2022-2\/ratings-jump-for-tg4-during-christmas-2021\/","url":"https:\/\/dev.tg4.ie\/en\/information\/press\/press-releases\/2022-2\/ratings-jump-for-tg4-during-christmas-2021\/","name":"Ratings jump for TG4 during Christmas 2021 | Press Release | TG4","isPartOf":{"@id":"https:\/\/dev.tg4.ie\/en\/#website"},"primaryImageOfPage":{"@id":"https:\/\/dev.tg4.ie\/en\/information\/press\/press-releases\/2022-2\/ratings-jump-for-tg4-during-christmas-2021\/#primaryimage"},"image":{"@id":"https:\/\/dev.tg4.ie\/en\/information\/press\/press-releases\/2022-2\/ratings-jump-for-tg4-during-christmas-2021\/#primaryimage"},"thumbnailUrl":"https:\/\/dev.tg4.ie\/wp-content\/uploads\/2021\/12\/PeterOToole-1-1920x1080-1.jpg","datePublished":"2022-01-11T10:20:50+00:00","dateModified":"2022-01-11T10:20:50+00:00","description":"TG4 ratings increased 25% during Christmas 2021 compared to the same period in 2020.","breadcrumb":{"@id":"https:\/\/dev.tg4.ie\/en\/information\/press\/press-releases\/2022-2\/ratings-jump-for-tg4-during-christmas-2021\/#breadcrumb"},"inLanguage":"en-ie","potentialAction":[{"@type":"ReadAction","target":["https:\/\/dev.tg4.ie\/en\/information\/press\/press-releases\/2022-2\/ratings-jump-for-tg4-during-christmas-2021\/"]}]},{"@type":"ImageObject","inLanguage":"en-ie","@id":"https:\/\/dev.tg4.ie\/en\/information\/press\/press-releases\/2022-2\/ratings-jump-for-tg4-during-christmas-2021\/#primaryimage","url":"https:\/\/dev.tg4.ie\/wp-content\/uploads\/2021\/12\/PeterOToole-1-1920x1080-1.jpg","contentUrl":"https:\/\/dev.tg4.ie\/wp-content\/uploads\/2021\/12\/PeterOToole-1-1920x1080-1.jpg"},{"@type":"BreadcrumbList","@id":"https:\/\/dev.tg4.ie\/en\/information\/press\/press-releases\/2022-2\/ratings-jump-for-tg4-during-christmas-2021\/#breadcrumb","itemListElement":[{"@type":"ListItem","position":1,"name":"Home","item":"https:\/\/dev.tg4.ie\/en\/"},{"@type":"ListItem","position":2,"name":"Information","item":"https:\/\/dev.tg4.ie\/en\/information\/"},{"@type":"ListItem","position":3,"name":"Press","item":"https:\/\/dev.tg4.ie\/en\/information\/press\/"},{"@type":"ListItem","position":4,"name":"Press Releases","item":"https:\/\/dev.tg4.ie\/en\/information\/press\/press-releases\/"},{"@type":"ListItem","position":5,"name":"2022","item":"https:\/\/dev.tg4.ie\/en\/information\/press\/press-releases\/2022-2\/"},{"@type":"ListItem","position":6,"name":"Ratings jump for TG4 during Christmas 2021"}]},{"@type":"WebSite","@id":"https:\/\/dev.tg4.ie\/en\/#website","url":"https:\/\/dev.tg4.ie\/en\/","name":"TG4","description":"S\u00fail Eile","potentialAction":[{"@type":"SearchAction","target":{"@type":"EntryPoint","urlTemplate":"https:\/\/dev.tg4.ie\/en\/?s={search_term_string}"},"query-input":"required name=search_term_string"}],"inLanguage":"en-ie"}]}},"_links":{"self":[{"href":"https:\/\/dev.tg4.ie\/en\/wp-json\/wp\/v2\/pages\/138181"}],"collection":[{"href":"https:\/\/dev.tg4.ie\/en\/wp-json\/wp\/v2\/pages"}],"about":[{"href":"https:\/\/dev.tg4.ie\/en\/wp-json\/wp\/v2\/types\/page"}],"author":[{"embeddable":true,"href":"https:\/\/dev.tg4.ie\/en\/wp-json\/wp\/v2\/users\/876"}],"replies":[{"embeddable":true,"href":"https:\/\/dev.tg4.ie\/en\/wp-json\/wp\/v2\/comments?post=138181"}],"version-history":[{"count":0,"href":"https:\/\/dev.tg4.ie\/en\/wp-json\/wp\/v2\/pages\/138181\/revisions"}],"up":[{"embeddable":true,"href":"https:\/\/dev.tg4.ie\/en\/wp-json\/wp\/v2\/pages\/138173"}],"wp:attachment":[{"href":"https:\/\/dev.tg4.ie\/en\/wp-json\/wp\/v2\/media?parent=138181"}],"curies":[{"name":"wp","href":"https:\/\/api.w.org\/{rel}","templated":true}]}}