{"id":13837,"date":"2016-02-09T19:30:02","date_gmt":"2016-02-09T19:30:02","guid":{"rendered":"https:\/\/dev.tg4.ie\/en\/?page_id=13837"},"modified":"2019-06-24T16:14:16","modified_gmt":"2019-06-24T15:14:16","slug":"09-02-16","status":"publish","type":"page","link":"https:\/\/dev.tg4.ie\/en\/information\/press\/press-releases\/2016-2\/09-02-16\/","title":{"rendered":"09.02.16"},"content":{"rendered":"<h2>New TG4 Opinion Poll in Donegal shows FF may thwart SF\u2019s ambitous D\u00e1il hopes<\/h2>\n<p>A new opinion poll carried out for TG4 shows that Fianna F\u00e1il is poised to win two seats in Donegal and may well upset Sinn F\u00e9in\u2019s plans to take three seats in that newly merged 5 seat constituency. Veteran\u00a0 FF candidate Pat the Cope Gallagher looks set to make a comeback to D\u00e1il \u00c9ireann and there is even a possibility that Sinn F\u00e9in might lose one of the two seats it held in the county coming into this election, depending on transfers in the later stages of the count.<\/p>\n<p>This\u00a0Ipsos MRBI opinion poll on Donegal voters\u2019 intentions was commissioned for the the channel\u2019s <em>V\u00f3ta 2016<\/em> programme and broadcast this evening (Embargo 7.30pm).\u00a0 It indicates that outgoing Gaeltacht Minister of State Joe McHugh has a good chance of retaining a\u00a0single seat\u00a0for Fine Gael with outgoing Independent deputy Thomas Pringle fighting stiff competition from the bigger parties and other non-party candidates for the last seat.<\/p>\n<p>&nbsp;<\/p>\n<p><strong>Donegal Constituency Party Support<\/strong> (Number 1 Preference Vote)<\/p>\n<table>\n<tbody>\n<tr>\n<td width=\"40%\">Sinn F\u00e9in\u00a0\u00a0 (SF)<\/td>\n<td>30%<\/td>\n<\/tr>\n<tr>\n<td>Fianna F\u00e1il (FF)<\/td>\n<td>30%<\/td>\n<\/tr>\n<tr>\n<td>Fine Gael (FG)<\/td>\n<td>17%<\/td>\n<\/tr>\n<tr>\n<td>Independent (Ind)<\/td>\n<td>23%<\/td>\n<\/tr>\n<\/tbody>\n<\/table>\n<p>&nbsp;<\/p>\n<p><strong>Donegal Constituency Individual Candidate Support<\/strong>\u00a0\u00a0 (Number 1 Preference Vote)<\/p>\n<table>\n<tbody>\n<tr>\n<td width=\"40%\">Pearse Doherty\u00a0 (SF)<\/td>\n<td>19%<\/td>\n<\/tr>\n<tr>\n<td>Charlie McConalogue\u00a0 (FF)<\/td>\n<td>17%<\/td>\n<\/tr>\n<tr>\n<td>Joe McHugh\u00a0 (FG)<\/td>\n<td>13%<\/td>\n<\/tr>\n<tr>\n<td>Pat the Cope Gallagher\u00a0 (FF)<\/td>\n<td>13%<\/td>\n<\/tr>\n<tr>\n<td>P\u00e1draig Mac Lochlainn\u00a0 (SF)<\/td>\n<td>9%<\/td>\n<\/tr>\n<tr>\n<td>Thomas Pringle\u00a0 (Ind)<\/td>\n<td>7%<\/td>\n<\/tr>\n<tr>\n<td>Dessie Shiels\u00a0 (Ind)<\/td>\n<td>7%<\/td>\n<\/tr>\n<tr>\n<td>Paddy Harte\u00a0 (FG)<\/td>\n<td>4%<\/td>\n<\/tr>\n<tr>\n<td>Frank McBrearty Jnr\u00a0 (Ind)<\/td>\n<td>4%<\/td>\n<\/tr>\n<tr>\n<td>Tim Jackson\u00a0 (Ind)<\/td>\n<td>3%<\/td>\n<\/tr>\n<tr>\n<td>Gary Doherty\u00a0 (SF)<\/td>\n<td>2%<\/td>\n<\/tr>\n<tr>\n<td>Ian McGarvey\u00a0 (Ind<\/td>\n<td>2%<\/td>\n<\/tr>\n<tr>\n<td>Niamh Kennedy\u00a0 (Ind)<\/td>\n<td>2%<\/td>\n<\/tr>\n<\/tbody>\n<\/table>\n<p>&nbsp;<\/p>\n<p>With over two weeks left to polling day, it is too early to make definitive pronouncements but FF\u00a0 is\u00a0 performing well ahead of its national vote and, based on these figures,\u00a0 may well take two seats. With FF polling this well,\u00a0 it is by no means certain that SF will take a second seat, which some commentators have been confidently predicting in view of that party\u2019s loyal following in the county and SF\u2019s progress in national polls during the lifetime of the last D\u00e1il.<\/p>\n<p>SF looks set to take a seat on the first count with Pearse Doherty on 19%.\u00a0\u00a0 This is two points over quota and subsequent transfers could make all the difference to P\u00e1draig Mac Lochlainn\u2019s chances of getting\u00a0 a second seat\u00a0 for that party at a later stage of the count.<\/p>\n<p>Charlie McConalogue, on 17%, looks set to take the second seat and the first seat for FF. The third and fourth seats look like going to Pat The Cope Gallagher (FF) and Joe McHugh, (FG), both with 13% of the vote, although neither candidate reaches the quota and will have to rely on transfers. Pat The Cope Gallagher, a former Minister of State and MEP and long-standing politician in Donegal,\u00a0 should have the profile to attract sufficient transfers, while Joe McHugh looks set to benefit from transfers from FG running mate, Paddy Harte, who on 4% first preference votes looks certain to be \u00a0eliminated.<\/p>\n<p>Calling the fifth seat is nigh on impossible. A number of candidates are clustered together \u2013 P\u00e1draig Mac Lochlainn, (SF,\u00a0 9%), Thomas Pringle\u00a0 (Ind, 7%) and Dessie Shiels\u00a0\u00a0 (Ind,\u00a0 7%). If Pearse Doherty can poll comfortably above the quota, P\u00e1draig Mac Lochlainn may build up enough of a lead to be uncatchable, with the additional help of transfers from SF\u2019s\u00a0 third candidate, Gary Doherty, on just 2%. However, if it goes down to the wire, Thomas Pringle and Dessie Shiels, both Independents, will be relatively transfer-friendly and could be there to the bitter end.<\/p>\n<p><strong>Note to Editors<\/strong>:\u00a0\u00a0\u00a0 This is the first of TG4\u2019s\u00a0 three constituency opinion polls in key constituencies along the west coast. Next week\u2019s <em>V\u00f3a 2016<\/em>\u00a0 (7pm Tues 16 February)\u00a0 will report the Ipsos MRBI opinion poll being caried out in the Kerry constituency.<\/p>\n<p><em>V\u00f3ta 2016<\/em> news anchor Emer N\u00ed Chonaola is available for interview on the findings of this Donegal\u00a0 opinion poll.\u00a0 Contact\u00a0\u00a0 Linda N\u00ed Ghr\u00edofa 091 505228\u00a0\u00a0 <a href=\"mailto:linda.ni.ghriofa@dev.tg4.ie\">linda.ni.ghriofa@dev.tg4.ie<\/a><\/p>\n<p>&nbsp;<\/p>\n<p><sup>(Note on Survey Methodology: This survey was conducted in the Donegal constituency on behalf of TG4 by Ipsos MRBI. among a sample of 500 adults aged 18 upwards. Interviewing\u00a0took place on Thursday 4th and Friday 5th February.\u00a0\u00a0 The survey was conducted within the guidelines laid down by The Marketing Society of Ireland and by ESOMAR.\u00a0 Interviews were conducted via CATI [Computer Aided Telephone Interviewing]. Respondents were selected from a database of both landline and mobile numbers created via Random Digit Dialling.\u00a0 A survey sample of 500 attaches a margin of error of up to plus or minus 4 percentage points).<\/sup><\/p>\n","protected":false},"excerpt":{"rendered":"<p>New TG4 Opinion Poll in Donegal shows FF may thwart SF\u2019s ambitous D\u00e1il hopes A new opinion poll carried out for TG4 shows that Fianna F\u00e1il is poised to win two seats in Donegal and may well upset Sinn F\u00e9in\u2019s plans to take three seats in that newly merged 5 seat constituency. Veteran\u00a0 FF candidate [&hellip;]<\/p>\n","protected":false},"author":876,"featured_media":0,"parent":6901,"menu_order":4,"comment_status":"closed","ping_status":"closed","template":"page-templates\/template-pr.php","meta":{"_acf_changed":false,"footnotes":""},"acf":[],"yoast_head":"<!-- This site is optimized with the Yoast SEO plugin v22.6 - https:\/\/yoast.com\/wordpress\/plugins\/seo\/ -->\n<title>09.02.16 - TG4<\/title>\n<meta name=\"robots\" content=\"index, follow, max-snippet:-1, max-image-preview:large, max-video-preview:-1\" \/>\n<meta property=\"og:locale\" content=\"en_US\" \/>\n<meta property=\"og:type\" content=\"article\" \/>\n<meta property=\"og:title\" content=\"09.02.16 - TG4\" \/>\n<meta property=\"og:description\" content=\"New TG4 Opinion Poll in Donegal shows FF may thwart SF\u2019s ambitous D\u00e1il hopes A new opinion poll carried out for TG4 shows that Fianna F\u00e1il is poised to win two seats in Donegal and may well upset Sinn F\u00e9in\u2019s plans to take three seats in that newly merged 5 seat constituency. Veteran\u00a0 FF candidate [&hellip;]\" \/>\n<meta property=\"og:url\" content=\"https:\/\/dev.tg4.ie\/en\/information\/press\/press-releases\/2016-2\/09-02-16\/\" \/>\n<meta property=\"og:site_name\" content=\"TG4\" \/>\n<meta property=\"article:publisher\" content=\"https:\/\/www.facebook.com\/TG4TV\" \/>\n<meta property=\"article:modified_time\" content=\"2019-06-24T15:14:16+00:00\" \/>\n<meta property=\"og:image\" content=\"https:\/\/tg4-docs.s3.amazonaws.com\/wp-content\/uploads\/2024\/11\/18151812\/TG4_2024_corcra_teal_1-1920x1080-1.jpg\" \/>\n\t<meta property=\"og:image:width\" content=\"1920\" \/>\n\t<meta property=\"og:image:height\" content=\"1080\" \/>\n\t<meta property=\"og:image:type\" content=\"image\/jpeg\" \/>\n<meta name=\"twitter:card\" content=\"summary_large_image\" \/>\n<meta name=\"twitter:site\" content=\"@TG4TV\" \/>\n<meta name=\"twitter:label1\" content=\"Est. reading time\" \/>\n\t<meta name=\"twitter:data1\" content=\"4 minutes\" \/>\n<script type=\"application\/ld+json\" class=\"yoast-schema-graph\">{\"@context\":\"https:\/\/schema.org\",\"@graph\":[{\"@type\":\"WebPage\",\"@id\":\"https:\/\/dev.tg4.ie\/en\/information\/press\/press-releases\/2016-2\/09-02-16\/\",\"url\":\"https:\/\/dev.tg4.ie\/en\/information\/press\/press-releases\/2016-2\/09-02-16\/\",\"name\":\"09.02.16 - TG4\",\"isPartOf\":{\"@id\":\"https:\/\/dev.tg4.ie\/en\/#website\"},\"datePublished\":\"2016-02-09T19:30:02+00:00\",\"dateModified\":\"2019-06-24T15:14:16+00:00\",\"breadcrumb\":{\"@id\":\"https:\/\/dev.tg4.ie\/en\/information\/press\/press-releases\/2016-2\/09-02-16\/#breadcrumb\"},\"inLanguage\":\"en-ie\",\"potentialAction\":[{\"@type\":\"ReadAction\",\"target\":[\"https:\/\/dev.tg4.ie\/en\/information\/press\/press-releases\/2016-2\/09-02-16\/\"]}]},{\"@type\":\"BreadcrumbList\",\"@id\":\"https:\/\/dev.tg4.ie\/en\/information\/press\/press-releases\/2016-2\/09-02-16\/#breadcrumb\",\"itemListElement\":[{\"@type\":\"ListItem\",\"position\":1,\"name\":\"Home\",\"item\":\"https:\/\/dev.tg4.ie\/en\/\"},{\"@type\":\"ListItem\",\"position\":2,\"name\":\"Information\",\"item\":\"https:\/\/dev.tg4.ie\/en\/information\/\"},{\"@type\":\"ListItem\",\"position\":3,\"name\":\"Press\",\"item\":\"https:\/\/dev.tg4.ie\/en\/information\/press\/\"},{\"@type\":\"ListItem\",\"position\":4,\"name\":\"Press Releases\",\"item\":\"https:\/\/dev.tg4.ie\/en\/information\/press\/press-releases\/\"},{\"@type\":\"ListItem\",\"position\":5,\"name\":\"2016\",\"item\":\"https:\/\/dev.tg4.ie\/en\/information\/press\/press-releases\/2016-2\/\"},{\"@type\":\"ListItem\",\"position\":6,\"name\":\"09.02.16\"}]},{\"@type\":\"WebSite\",\"@id\":\"https:\/\/dev.tg4.ie\/en\/#website\",\"url\":\"https:\/\/dev.tg4.ie\/en\/\",\"name\":\"TG4\",\"description\":\"S\u00fail Eile\",\"potentialAction\":[{\"@type\":\"SearchAction\",\"target\":{\"@type\":\"EntryPoint\",\"urlTemplate\":\"https:\/\/dev.tg4.ie\/en\/?s={search_term_string}\"},\"query-input\":\"required name=search_term_string\"}],\"inLanguage\":\"en-ie\"}]}<\/script>\n<!-- \/ Yoast SEO plugin. -->","yoast_head_json":{"title":"09.02.16 - TG4","robots":{"index":"index","follow":"follow","max-snippet":"max-snippet:-1","max-image-preview":"max-image-preview:large","max-video-preview":"max-video-preview:-1"},"og_locale":"en_US","og_type":"article","og_title":"09.02.16 - TG4","og_description":"New TG4 Opinion Poll in Donegal shows FF may thwart SF\u2019s ambitous D\u00e1il hopes A new opinion poll carried out for TG4 shows that Fianna F\u00e1il is poised to win two seats in Donegal and may well upset Sinn F\u00e9in\u2019s plans to take three seats in that newly merged 5 seat constituency. Veteran\u00a0 FF candidate [&hellip;]","og_url":"https:\/\/dev.tg4.ie\/en\/information\/press\/press-releases\/2016-2\/09-02-16\/","og_site_name":"TG4","article_publisher":"https:\/\/www.facebook.com\/TG4TV","article_modified_time":"2019-06-24T15:14:16+00:00","og_image":[{"width":1920,"height":1080,"url":"https:\/\/tg4-docs.s3.amazonaws.com\/wp-content\/uploads\/2024\/11\/18151812\/TG4_2024_corcra_teal_1-1920x1080-1.jpg","type":"image\/jpeg"}],"twitter_card":"summary_large_image","twitter_site":"@TG4TV","twitter_misc":{"Est. reading time":"4 minutes"},"schema":{"@context":"https:\/\/schema.org","@graph":[{"@type":"WebPage","@id":"https:\/\/dev.tg4.ie\/en\/information\/press\/press-releases\/2016-2\/09-02-16\/","url":"https:\/\/dev.tg4.ie\/en\/information\/press\/press-releases\/2016-2\/09-02-16\/","name":"09.02.16 - TG4","isPartOf":{"@id":"https:\/\/dev.tg4.ie\/en\/#website"},"datePublished":"2016-02-09T19:30:02+00:00","dateModified":"2019-06-24T15:14:16+00:00","breadcrumb":{"@id":"https:\/\/dev.tg4.ie\/en\/information\/press\/press-releases\/2016-2\/09-02-16\/#breadcrumb"},"inLanguage":"en-ie","potentialAction":[{"@type":"ReadAction","target":["https:\/\/dev.tg4.ie\/en\/information\/press\/press-releases\/2016-2\/09-02-16\/"]}]},{"@type":"BreadcrumbList","@id":"https:\/\/dev.tg4.ie\/en\/information\/press\/press-releases\/2016-2\/09-02-16\/#breadcrumb","itemListElement":[{"@type":"ListItem","position":1,"name":"Home","item":"https:\/\/dev.tg4.ie\/en\/"},{"@type":"ListItem","position":2,"name":"Information","item":"https:\/\/dev.tg4.ie\/en\/information\/"},{"@type":"ListItem","position":3,"name":"Press","item":"https:\/\/dev.tg4.ie\/en\/information\/press\/"},{"@type":"ListItem","position":4,"name":"Press Releases","item":"https:\/\/dev.tg4.ie\/en\/information\/press\/press-releases\/"},{"@type":"ListItem","position":5,"name":"2016","item":"https:\/\/dev.tg4.ie\/en\/information\/press\/press-releases\/2016-2\/"},{"@type":"ListItem","position":6,"name":"09.02.16"}]},{"@type":"WebSite","@id":"https:\/\/dev.tg4.ie\/en\/#website","url":"https:\/\/dev.tg4.ie\/en\/","name":"TG4","description":"S\u00fail Eile","potentialAction":[{"@type":"SearchAction","target":{"@type":"EntryPoint","urlTemplate":"https:\/\/dev.tg4.ie\/en\/?s={search_term_string}"},"query-input":"required name=search_term_string"}],"inLanguage":"en-ie"}]}},"_links":{"self":[{"href":"https:\/\/dev.tg4.ie\/en\/wp-json\/wp\/v2\/pages\/13837"}],"collection":[{"href":"https:\/\/dev.tg4.ie\/en\/wp-json\/wp\/v2\/pages"}],"about":[{"href":"https:\/\/dev.tg4.ie\/en\/wp-json\/wp\/v2\/types\/page"}],"author":[{"embeddable":true,"href":"https:\/\/dev.tg4.ie\/en\/wp-json\/wp\/v2\/users\/876"}],"replies":[{"embeddable":true,"href":"https:\/\/dev.tg4.ie\/en\/wp-json\/wp\/v2\/comments?post=13837"}],"version-history":[{"count":0,"href":"https:\/\/dev.tg4.ie\/en\/wp-json\/wp\/v2\/pages\/13837\/revisions"}],"up":[{"embeddable":true,"href":"https:\/\/dev.tg4.ie\/en\/wp-json\/wp\/v2\/pages\/6901"}],"wp:attachment":[{"href":"https:\/\/dev.tg4.ie\/en\/wp-json\/wp\/v2\/media?parent=13837"}],"curies":[{"name":"wp","href":"https:\/\/api.w.org\/{rel}","templated":true}]}}