{"id":138594,"date":"2022-01-24T15:17:53","date_gmt":"2022-01-24T15:17:53","guid":{"rendered":"https:\/\/dev.tg4.ie\/?page_id=138594"},"modified":"2022-01-24T15:19:08","modified_gmt":"2022-01-24T15:19:08","slug":"tg4-and-nuig-to-run-an-online-journalism-course-in-irish-for-transition-year-students","status":"publish","type":"page","link":"https:\/\/dev.tg4.ie\/en\/information\/press\/press-releases\/2022-2\/tg4-and-nuig-to-run-an-online-journalism-course-in-irish-for-transition-year-students\/","title":{"rendered":"TG4 and NUIG to run an online Journalism course in Irish for Transition Year Students"},"content":{"rendered":"<p><a href=\"https:\/\/tg4-docs.s3.amazonaws.com\/tg4-redesign-2015\/wp-content\/uploads\/2022\/01\/Iriseoiri_an_Lae_Amarach_2022_1-1920x1080-1.jpg\"><img loading=\"lazy\" decoding=\"async\" width=\"1920\" height=\"1080\" src=\"https:\/\/tg4-docs.s3.amazonaws.com\/tg4-redesign-2015\/wp-content\/uploads\/2022\/01\/Iriseoiri_an_Lae_Amarach_2022_1-1920x1080-1.jpg\" alt=\"\" class=\"aligncenter size-full wp-image-138591\" srcset=\"https:\/\/tg4-docs.s3.amazonaws.com\/tg4-redesign-2015\/wp-content\/uploads\/2022\/01\/Iriseoiri_an_Lae_Amarach_2022_1-1920x1080-1.jpg 1920w, https:\/\/tg4-docs.s3.amazonaws.com\/tg4-redesign-2015\/wp-content\/uploads\/2022\/01\/Iriseoiri_an_Lae_Amarach_2022_1-1920x1080-1-250x141.jpg 250w, https:\/\/tg4-docs.s3.amazonaws.com\/tg4-redesign-2015\/wp-content\/uploads\/2022\/01\/Iriseoiri_an_Lae_Amarach_2022_1-1920x1080-1-700x394.jpg 700w, https:\/\/tg4-docs.s3.amazonaws.com\/tg4-redesign-2015\/wp-content\/uploads\/2022\/01\/Iriseoiri_an_Lae_Amarach_2022_1-1920x1080-1-252x141.jpg 252w, https:\/\/tg4-docs.s3.amazonaws.com\/tg4-redesign-2015\/wp-content\/uploads\/2022\/01\/Iriseoiri_an_Lae_Amarach_2022_1-1920x1080-1-1536x864.jpg 1536w, https:\/\/tg4-docs.s3.amazonaws.com\/tg4-redesign-2015\/wp-content\/uploads\/2022\/01\/Iriseoiri_an_Lae_Amarach_2022_1-1920x1080-1-120x68.jpg 120w\" sizes=\"(max-width: 1920px) 100vw, 1920px\" \/><\/a><br \/>\n&nbsp;<br \/>\n<strong>NUI Galway in partnernship with TG4 and Nuacht RT\u00c9 \/ TG4 hosts an online course in journalism for transition year students Iriseoir\u00ed an Lae Am\u00e1rach.<\/strong><br \/>\n&nbsp;<br \/>\nTransition Year students in Irish-medium schools are being offered a unique insight to journalism in an online course with some of Ireland\u2019s finest television, radio and digital journalists and broadcasters.  NUI Galway, Nuacht RT\u00c9 and TG4 are running the week-long <strong>Iriseoir\u00ed an Lae Am\u00e1rach<\/strong> programme in conjunction with An Chomhairle um Oideachas Gaeltachta agus Gaelscola\u00edochta (COGG) and the Department of Education.  Over 400 students registered for the inaugural course in 2021.<br \/>\n&nbsp;<br \/>\nThe course is aimed at students in post-primary schools in Gaeltacht and other Irish-medium post-primary schools and will be held via Zoom between 1\u20133 March 2022.<br \/>\n&nbsp;<br \/>\nEach day a mix of material will be presented by a team drawn from NUI Galway\u2019s media and communications courses and from journalists broadcasting on TG4, RT\u00c9 Raidi\u00f3 na Gaeltachta and producing content for online platforms.  The course will also give an insight into following a career path in media.<br \/>\n&nbsp;<br \/>\nParticipating journalists this year will include Nuacht TG4 newscaster Eibhl\u00edn N\u00ed Choistealbha, Orla O\u2019Donnell, RT\u00c9 News Legal Correspondent and presenter of TG4&#8217;s award-winning documentary series <strong>Finn\u00e9<\/strong>, and journalist with TG4&#8217;s current affairs programme <strong>7 L\u00e1<\/strong>, Shane \u00d3 Curraigh\u00edn.   <strong>Drivetime<\/strong> presenter, Cormac \u00d3 hEadhra and <strong>Raidi\u00f3 na Gaeltachta<\/strong>\u2019s \u00c1ine N\u00ed Bhreisle\u00e1in, will give an insight into Radio journalism and the journalists P\u00f3il\u00edn Nic G\u00e9idigh (RT\u00c9 Raidi\u00f3 na Gaeltachta) and M\u00e9abh N\u00ed Thuathall\u00e1in (TG4 and Tuairisc.ie) will give a perspective on social and digital journalism.   <strong>Nuacht TG4<\/strong> News Editor, Beirn\u00ed N\u00ed Chuinn will also give an overview of the responsibilities of the News Editor.<br \/>\n&nbsp;<br \/>\nTG4\u2019s Director General, Alan Esslemont said: <em>\u201cWe are pleased to extend this collaboration with NUIG for a second year running.  Irish language journalism is core part of the TG4 schedule, and we welcome the opportunity to encourage Transition Year students to consider a career in journalism.\u201d<\/em><br \/>\n&nbsp;<br \/>\nProfessor Breand\u00e1n Mac Suibhne, Sti\u00farth\u00f3ir L\u00e9inn, Acadamh na hOllscola\u00edochta Gaeilge, NUI Galway, said: <em>\u201cThe last few years, punctuated by the catch-cry of \u2018fake news\u2019, have made us all more conscious of the importance of quality journalism.  Iriseoir\u00ed an lae am\u00e1rach enables Transition Year Students to see for themselves what journalism involves and it gives them experience that may help them decide if they wish to pursue a career in a field so vital to democracy and social justice.  And it will also give them a sense of the opportunities offered by a BA at NUI Galway.\u201d<\/em><br \/>\n&nbsp;<br \/>\nWelcoming the launch of the second year of the initiative, head of COGG, Muireann N\u00ed Mh\u00f3r\u00e1in said: <em>\u201cThis new course will present careers in journalism to post-primary students in Gaeltacht areas and in Irish medium post-primary schools throughout the country along with emphasising the importance of high quality journalism and informing students of opportunities through the medium of Irish in this area.\u201d<\/em><br \/>\n&nbsp;<br \/>\nProgramme Director of the MA (Cleachtas Gairmi\u00fail sna Me\u00e1in), NUI Galway, Aodh \u00d3 Coile\u00e1in, said: <em>\u201cThe European Court of Human Rights in Strasbourg has compared the vital role of journalists to that of \u2018public watchdog\u2019. Accordingly, the Court has afforded the press the broadest scope of protection.  Freedom of the press is one of the great gifts of a democratic society.   Perhaps now more than at any point in our history, Ireland needs free, critical, impartial and independent media.\u201d\u201cNUI Galway, Nuacht RT\u00c9 and TG4 and An Chomhairle um Oideachas Gaeltachta agus Gaelscola\u00edochta hope that this vibrant new digital course will give an insight to students and perhaps encourage some to choose education in journalism or some aspect of media and broadcasting.  The truth always matters.\u201d<\/em><br \/>\n&nbsp;<br \/>\nRegistration for course and further information: Schools should write to: <a href=\"mailto:peadar@cogg.ie\" rel=\"noopener\" target=\"_blank\">peadar@cogg.ie<\/a> in order to express interest and receive a registration link.<br \/>\n&nbsp;<br \/>\nMonday 21 February is the deadline for registration.<\/p>\n<p>&nbsp;<br \/>\n&nbsp;<\/p>\n","protected":false},"excerpt":{"rendered":"<p>&nbsp; NUI Galway in partnernship with TG4 and Nuacht RT\u00c9 \/ TG4 hosts an online course in journalism for transition year students Iriseoir\u00ed an Lae Am\u00e1rach. &nbsp; Transition Year students in Irish-medium schools are being offered a unique insight to journalism in an online course with some of Ireland\u2019s finest television, radio and digital journalists [&hellip;]<\/p>\n","protected":false},"author":876,"featured_media":0,"parent":138173,"menu_order":3,"comment_status":"closed","ping_status":"closed","template":"page-templates\/template-pr.php","meta":{"_acf_changed":false,"footnotes":""},"acf":[],"yoast_head":"<!-- This site is optimized with the Yoast SEO plugin v22.6 - https:\/\/yoast.com\/wordpress\/plugins\/seo\/ -->\n<title>TG4 and NUIG to run an online Journalism course in Irish for Transition Year Students | Press Release | TG4<\/title>\n<meta name=\"description\" content=\"Transition Year students in Irish-medium schools are being offered a unique insight to journalism in an online course with some of Ireland\u2019s finest television, radio and digital journalists and broadcasters.\" \/>\n<meta name=\"robots\" content=\"index, follow, max-snippet:-1, max-image-preview:large, max-video-preview:-1\" \/>\n<meta property=\"og:locale\" content=\"en_US\" \/>\n<meta property=\"og:type\" content=\"article\" \/>\n<meta property=\"og:title\" content=\"TG4 and NUIG to run an online Journalism course in Irish for Transition Year Students | Press Release | TG4\" \/>\n<meta property=\"og:description\" content=\"Transition Year students in Irish-medium schools are being offered a unique insight to journalism in an online course with some of Ireland\u2019s finest television, radio and digital journalists and broadcasters.\" \/>\n<meta property=\"og:url\" content=\"https:\/\/dev.tg4.ie\/en\/information\/press\/press-releases\/2022-2\/tg4-and-nuig-to-run-an-online-journalism-course-in-irish-for-transition-year-students\/\" \/>\n<meta property=\"og:site_name\" content=\"TG4\" \/>\n<meta property=\"article:publisher\" content=\"https:\/\/www.facebook.com\/TG4TV\" \/>\n<meta property=\"article:modified_time\" content=\"2022-01-24T15:19:08+00:00\" \/>\n<meta property=\"og:image\" content=\"https:\/\/tg4-docs.s3.amazonaws.com\/tg4-redesign-2015\/wp-content\/uploads\/2022\/01\/Iriseoiri_an_Lae_Amarach_2022_1-1920x1080-1.jpg\" \/>\n\t<meta property=\"og:image:width\" content=\"1920\" \/>\n\t<meta property=\"og:image:height\" content=\"1080\" \/>\n\t<meta property=\"og:image:type\" content=\"image\/jpeg\" \/>\n<meta name=\"twitter:card\" content=\"summary_large_image\" \/>\n<meta name=\"twitter:image\" content=\"https:\/\/tg4-docs.s3.amazonaws.com\/tg4-redesign-2015\/wp-content\/uploads\/2022\/01\/Iriseoiri_an_Lae_Amarach_2022_1-1920x1080-1.jpg\" \/>\n<meta name=\"twitter:site\" content=\"@TG4TV\" \/>\n<meta name=\"twitter:label1\" content=\"Est. reading time\" \/>\n\t<meta name=\"twitter:data1\" content=\"3 minutes\" \/>\n<script type=\"application\/ld+json\" class=\"yoast-schema-graph\">{\"@context\":\"https:\/\/schema.org\",\"@graph\":[{\"@type\":\"WebPage\",\"@id\":\"https:\/\/dev.tg4.ie\/en\/information\/press\/press-releases\/2022-2\/tg4-and-nuig-to-run-an-online-journalism-course-in-irish-for-transition-year-students\/\",\"url\":\"https:\/\/dev.tg4.ie\/en\/information\/press\/press-releases\/2022-2\/tg4-and-nuig-to-run-an-online-journalism-course-in-irish-for-transition-year-students\/\",\"name\":\"TG4 and NUIG to run an online Journalism course in Irish for Transition Year Students | Press Release | TG4\",\"isPartOf\":{\"@id\":\"https:\/\/dev.tg4.ie\/en\/#website\"},\"primaryImageOfPage\":{\"@id\":\"https:\/\/dev.tg4.ie\/en\/information\/press\/press-releases\/2022-2\/tg4-and-nuig-to-run-an-online-journalism-course-in-irish-for-transition-year-students\/#primaryimage\"},\"image\":{\"@id\":\"https:\/\/dev.tg4.ie\/en\/information\/press\/press-releases\/2022-2\/tg4-and-nuig-to-run-an-online-journalism-course-in-irish-for-transition-year-students\/#primaryimage\"},\"thumbnailUrl\":\"https:\/\/dev.tg4.ie\/wp-content\/uploads\/2022\/01\/Iriseoiri_an_Lae_Amarach_2022_1-1920x1080-1.jpg\",\"datePublished\":\"2022-01-24T15:17:53+00:00\",\"dateModified\":\"2022-01-24T15:19:08+00:00\",\"description\":\"Transition Year students in Irish-medium schools are being offered a unique insight to journalism in an online course with some of Ireland\u2019s finest television, radio and digital journalists and broadcasters.\",\"breadcrumb\":{\"@id\":\"https:\/\/dev.tg4.ie\/en\/information\/press\/press-releases\/2022-2\/tg4-and-nuig-to-run-an-online-journalism-course-in-irish-for-transition-year-students\/#breadcrumb\"},\"inLanguage\":\"en-ie\",\"potentialAction\":[{\"@type\":\"ReadAction\",\"target\":[\"https:\/\/dev.tg4.ie\/en\/information\/press\/press-releases\/2022-2\/tg4-and-nuig-to-run-an-online-journalism-course-in-irish-for-transition-year-students\/\"]}]},{\"@type\":\"ImageObject\",\"inLanguage\":\"en-ie\",\"@id\":\"https:\/\/dev.tg4.ie\/en\/information\/press\/press-releases\/2022-2\/tg4-and-nuig-to-run-an-online-journalism-course-in-irish-for-transition-year-students\/#primaryimage\",\"url\":\"https:\/\/dev.tg4.ie\/wp-content\/uploads\/2022\/01\/Iriseoiri_an_Lae_Amarach_2022_1-1920x1080-1.jpg\",\"contentUrl\":\"https:\/\/dev.tg4.ie\/wp-content\/uploads\/2022\/01\/Iriseoiri_an_Lae_Amarach_2022_1-1920x1080-1.jpg\"},{\"@type\":\"BreadcrumbList\",\"@id\":\"https:\/\/dev.tg4.ie\/en\/information\/press\/press-releases\/2022-2\/tg4-and-nuig-to-run-an-online-journalism-course-in-irish-for-transition-year-students\/#breadcrumb\",\"itemListElement\":[{\"@type\":\"ListItem\",\"position\":1,\"name\":\"Home\",\"item\":\"https:\/\/dev.tg4.ie\/en\/\"},{\"@type\":\"ListItem\",\"position\":2,\"name\":\"Information\",\"item\":\"https:\/\/dev.tg4.ie\/en\/information\/\"},{\"@type\":\"ListItem\",\"position\":3,\"name\":\"Press\",\"item\":\"https:\/\/dev.tg4.ie\/en\/information\/press\/\"},{\"@type\":\"ListItem\",\"position\":4,\"name\":\"Press Releases\",\"item\":\"https:\/\/dev.tg4.ie\/en\/information\/press\/press-releases\/\"},{\"@type\":\"ListItem\",\"position\":5,\"name\":\"2022\",\"item\":\"https:\/\/dev.tg4.ie\/en\/information\/press\/press-releases\/2022-2\/\"},{\"@type\":\"ListItem\",\"position\":6,\"name\":\"TG4 and NUIG to run an online Journalism course in Irish for Transition Year Students\"}]},{\"@type\":\"WebSite\",\"@id\":\"https:\/\/dev.tg4.ie\/en\/#website\",\"url\":\"https:\/\/dev.tg4.ie\/en\/\",\"name\":\"TG4\",\"description\":\"S\u00fail Eile\",\"potentialAction\":[{\"@type\":\"SearchAction\",\"target\":{\"@type\":\"EntryPoint\",\"urlTemplate\":\"https:\/\/dev.tg4.ie\/en\/?s={search_term_string}\"},\"query-input\":\"required name=search_term_string\"}],\"inLanguage\":\"en-ie\"}]}<\/script>\n<!-- \/ Yoast SEO plugin. -->","yoast_head_json":{"title":"TG4 and NUIG to run an online Journalism course in Irish for Transition Year Students | Press Release | TG4","description":"Transition Year students in Irish-medium schools are being offered a unique insight to journalism in an online course with some of Ireland\u2019s finest television, radio and digital journalists and broadcasters.","robots":{"index":"index","follow":"follow","max-snippet":"max-snippet:-1","max-image-preview":"max-image-preview:large","max-video-preview":"max-video-preview:-1"},"og_locale":"en_US","og_type":"article","og_title":"TG4 and NUIG to run an online Journalism course in Irish for Transition Year Students | Press Release | TG4","og_description":"Transition Year students in Irish-medium schools are being offered a unique insight to journalism in an online course with some of Ireland\u2019s finest television, radio and digital journalists and broadcasters.","og_url":"https:\/\/dev.tg4.ie\/en\/information\/press\/press-releases\/2022-2\/tg4-and-nuig-to-run-an-online-journalism-course-in-irish-for-transition-year-students\/","og_site_name":"TG4","article_publisher":"https:\/\/www.facebook.com\/TG4TV","article_modified_time":"2022-01-24T15:19:08+00:00","og_image":[{"width":1920,"height":1080,"url":"https:\/\/tg4-docs.s3.amazonaws.com\/tg4-redesign-2015\/wp-content\/uploads\/2022\/01\/Iriseoiri_an_Lae_Amarach_2022_1-1920x1080-1.jpg","type":"image\/jpeg"}],"twitter_card":"summary_large_image","twitter_image":"https:\/\/tg4-docs.s3.amazonaws.com\/tg4-redesign-2015\/wp-content\/uploads\/2022\/01\/Iriseoiri_an_Lae_Amarach_2022_1-1920x1080-1.jpg","twitter_site":"@TG4TV","twitter_misc":{"Est. reading time":"3 minutes"},"schema":{"@context":"https:\/\/schema.org","@graph":[{"@type":"WebPage","@id":"https:\/\/dev.tg4.ie\/en\/information\/press\/press-releases\/2022-2\/tg4-and-nuig-to-run-an-online-journalism-course-in-irish-for-transition-year-students\/","url":"https:\/\/dev.tg4.ie\/en\/information\/press\/press-releases\/2022-2\/tg4-and-nuig-to-run-an-online-journalism-course-in-irish-for-transition-year-students\/","name":"TG4 and NUIG to run an online Journalism course in Irish for Transition Year Students | Press Release | TG4","isPartOf":{"@id":"https:\/\/dev.tg4.ie\/en\/#website"},"primaryImageOfPage":{"@id":"https:\/\/dev.tg4.ie\/en\/information\/press\/press-releases\/2022-2\/tg4-and-nuig-to-run-an-online-journalism-course-in-irish-for-transition-year-students\/#primaryimage"},"image":{"@id":"https:\/\/dev.tg4.ie\/en\/information\/press\/press-releases\/2022-2\/tg4-and-nuig-to-run-an-online-journalism-course-in-irish-for-transition-year-students\/#primaryimage"},"thumbnailUrl":"https:\/\/dev.tg4.ie\/wp-content\/uploads\/2022\/01\/Iriseoiri_an_Lae_Amarach_2022_1-1920x1080-1.jpg","datePublished":"2022-01-24T15:17:53+00:00","dateModified":"2022-01-24T15:19:08+00:00","description":"Transition Year students in Irish-medium schools are being offered a unique insight to journalism in an online course with some of Ireland\u2019s finest television, radio and digital journalists and broadcasters.","breadcrumb":{"@id":"https:\/\/dev.tg4.ie\/en\/information\/press\/press-releases\/2022-2\/tg4-and-nuig-to-run-an-online-journalism-course-in-irish-for-transition-year-students\/#breadcrumb"},"inLanguage":"en-ie","potentialAction":[{"@type":"ReadAction","target":["https:\/\/dev.tg4.ie\/en\/information\/press\/press-releases\/2022-2\/tg4-and-nuig-to-run-an-online-journalism-course-in-irish-for-transition-year-students\/"]}]},{"@type":"ImageObject","inLanguage":"en-ie","@id":"https:\/\/dev.tg4.ie\/en\/information\/press\/press-releases\/2022-2\/tg4-and-nuig-to-run-an-online-journalism-course-in-irish-for-transition-year-students\/#primaryimage","url":"https:\/\/dev.tg4.ie\/wp-content\/uploads\/2022\/01\/Iriseoiri_an_Lae_Amarach_2022_1-1920x1080-1.jpg","contentUrl":"https:\/\/dev.tg4.ie\/wp-content\/uploads\/2022\/01\/Iriseoiri_an_Lae_Amarach_2022_1-1920x1080-1.jpg"},{"@type":"BreadcrumbList","@id":"https:\/\/dev.tg4.ie\/en\/information\/press\/press-releases\/2022-2\/tg4-and-nuig-to-run-an-online-journalism-course-in-irish-for-transition-year-students\/#breadcrumb","itemListElement":[{"@type":"ListItem","position":1,"name":"Home","item":"https:\/\/dev.tg4.ie\/en\/"},{"@type":"ListItem","position":2,"name":"Information","item":"https:\/\/dev.tg4.ie\/en\/information\/"},{"@type":"ListItem","position":3,"name":"Press","item":"https:\/\/dev.tg4.ie\/en\/information\/press\/"},{"@type":"ListItem","position":4,"name":"Press Releases","item":"https:\/\/dev.tg4.ie\/en\/information\/press\/press-releases\/"},{"@type":"ListItem","position":5,"name":"2022","item":"https:\/\/dev.tg4.ie\/en\/information\/press\/press-releases\/2022-2\/"},{"@type":"ListItem","position":6,"name":"TG4 and NUIG to run an online Journalism course in Irish for Transition Year Students"}]},{"@type":"WebSite","@id":"https:\/\/dev.tg4.ie\/en\/#website","url":"https:\/\/dev.tg4.ie\/en\/","name":"TG4","description":"S\u00fail Eile","potentialAction":[{"@type":"SearchAction","target":{"@type":"EntryPoint","urlTemplate":"https:\/\/dev.tg4.ie\/en\/?s={search_term_string}"},"query-input":"required name=search_term_string"}],"inLanguage":"en-ie"}]}},"_links":{"self":[{"href":"https:\/\/dev.tg4.ie\/en\/wp-json\/wp\/v2\/pages\/138594"}],"collection":[{"href":"https:\/\/dev.tg4.ie\/en\/wp-json\/wp\/v2\/pages"}],"about":[{"href":"https:\/\/dev.tg4.ie\/en\/wp-json\/wp\/v2\/types\/page"}],"author":[{"embeddable":true,"href":"https:\/\/dev.tg4.ie\/en\/wp-json\/wp\/v2\/users\/876"}],"replies":[{"embeddable":true,"href":"https:\/\/dev.tg4.ie\/en\/wp-json\/wp\/v2\/comments?post=138594"}],"version-history":[{"count":0,"href":"https:\/\/dev.tg4.ie\/en\/wp-json\/wp\/v2\/pages\/138594\/revisions"}],"up":[{"embeddable":true,"href":"https:\/\/dev.tg4.ie\/en\/wp-json\/wp\/v2\/pages\/138173"}],"wp:attachment":[{"href":"https:\/\/dev.tg4.ie\/en\/wp-json\/wp\/v2\/media?parent=138594"}],"curies":[{"name":"wp","href":"https:\/\/api.w.org\/{rel}","templated":true}]}}