{"id":1392,"date":"2015-08-19T13:21:08","date_gmt":"2015-08-19T12:21:08","guid":{"rendered":"https:\/\/dev.tg4.ie\/?page_id=1392"},"modified":"2019-06-25T11:20:15","modified_gmt":"2019-06-25T10:20:15","slug":"15-05-15","status":"publish","type":"page","link":"https:\/\/dev.tg4.ie\/en\/information\/press\/press-releases\/2015-2\/15-05-15\/","title":{"rendered":"15.05.15"},"content":{"rendered":"<p>This award was made to TG4 for its 3 <i>C\u00falacaint <\/i>Apps, devised, created, and produced in-house by TG4. The stations\u2019 Apps faced stiff competition in its category from Google Ireland, Independent News &amp; Media, RT\u00c9 \u2013 Nuacht, and Tesco Ireland.<\/p>\n<p>They have been hailed as an entertaining way to extend the Irish vocabulary of young children and learners of Irish.\u00a0 Each of the Apps introduces everyday terminology in various fun scenarios, creating a language learning journey, voiced in a cheerful manner by children reflecting the playful nature of the C\u00fala Caint series.<\/p>\n<p>The All-Ireland Marketing Awards programme, organised by The Marketing Institute of Ireland, is the nation&#8217;s premier awards scheme that celebrates excellence and recognises the best work from Irish marketing professionals and acknowledges their major contribution to the economy\u00a0of our island.<\/p>\n<p>P\u00e1draic \u00d3 R\u00e1ighne, TG4\u2019s Marketing Executive,\u00a0 congratulated all those involved in the creation of the award-winning Apps for the channel\u00a0 \u201cThese highly prestigious awards are\u00a0 recognition by our peers in the marketing sector that TG4 is very successful in creating, devising, producing and publishing its own distinctive content, not just in TV programming\u201d he said.\u00a0 \u201cWe are delighted to have this latest recognition for our <i>s\u00fail eile.\u201d<\/i><\/p>\n<p>You can get the App here:\u00a0<a href=\"https:\/\/itunes.apple.com\/ie\/app\/id732915380\" target=\"_New\" rel=\"noopener noreferrer\">https:\/\/itunes.apple.com\/ie\/app\/id732915380<\/a><\/p>\n","protected":false},"excerpt":{"rendered":"<p>This award was made to TG4 for its 3 C\u00falacaint Apps, devised, created, and produced in-house by TG4. The stations\u2019 Apps faced stiff competition in its category from Google Ireland, Independent News &amp; Media, RT\u00c9 \u2013 Nuacht, and Tesco Ireland. They have been hailed as an entertaining way to extend the Irish vocabulary of young [&hellip;]<\/p>\n","protected":false},"author":6,"featured_media":1396,"parent":984,"menu_order":10,"comment_status":"closed","ping_status":"closed","template":"page-templates\/template-pr.php","meta":{"_acf_changed":false,"footnotes":""},"acf":[],"yoast_head":"<!-- This site is optimized with the Yoast SEO plugin v22.6 - https:\/\/yoast.com\/wordpress\/plugins\/seo\/ -->\n<title>15.05.15 - TG4<\/title>\n<meta name=\"robots\" content=\"index, follow, max-snippet:-1, max-image-preview:large, max-video-preview:-1\" \/>\n<meta property=\"og:locale\" content=\"en_US\" \/>\n<meta property=\"og:type\" content=\"article\" \/>\n<meta property=\"og:title\" content=\"15.05.15 - TG4\" \/>\n<meta property=\"og:description\" content=\"This award was made to TG4 for its 3 C\u00falacaint Apps, devised, created, and produced in-house by TG4. The stations\u2019 Apps faced stiff competition in its category from Google Ireland, Independent News &amp; Media, RT\u00c9 \u2013 Nuacht, and Tesco Ireland. They have been hailed as an entertaining way to extend the Irish vocabulary of young [&hellip;]\" \/>\n<meta property=\"og:url\" content=\"https:\/\/dev.tg4.ie\/en\/information\/press\/press-releases\/2015-2\/15-05-15\/\" \/>\n<meta property=\"og:site_name\" content=\"TG4\" \/>\n<meta property=\"article:publisher\" content=\"https:\/\/www.facebook.com\/TG4TV\" \/>\n<meta property=\"article:modified_time\" content=\"2019-06-25T10:20:15+00:00\" \/>\n<meta property=\"og:image\" content=\"https:\/\/tg4-docs.s3.amazonaws.com\/tg4-redesign-2015\/wp-content\/uploads\/2015\/08\/Cula4_na_nOg.jpg\" \/>\n\t<meta property=\"og:image:width\" content=\"1920\" \/>\n\t<meta property=\"og:image:height\" content=\"1080\" \/>\n\t<meta property=\"og:image:type\" content=\"image\/jpeg\" \/>\n<meta name=\"twitter:card\" content=\"summary_large_image\" \/>\n<meta name=\"twitter:site\" content=\"@TG4TV\" \/>\n<meta name=\"twitter:label1\" content=\"Est. reading time\" \/>\n\t<meta name=\"twitter:data1\" content=\"1 minute\" \/>\n<script type=\"application\/ld+json\" class=\"yoast-schema-graph\">{\"@context\":\"https:\/\/schema.org\",\"@graph\":[{\"@type\":\"WebPage\",\"@id\":\"https:\/\/dev.tg4.ie\/en\/information\/press\/press-releases\/2015-2\/15-05-15\/\",\"url\":\"https:\/\/dev.tg4.ie\/en\/information\/press\/press-releases\/2015-2\/15-05-15\/\",\"name\":\"15.05.15 - TG4\",\"isPartOf\":{\"@id\":\"https:\/\/dev.tg4.ie\/en\/#website\"},\"primaryImageOfPage\":{\"@id\":\"https:\/\/dev.tg4.ie\/en\/information\/press\/press-releases\/2015-2\/15-05-15\/#primaryimage\"},\"image\":{\"@id\":\"https:\/\/dev.tg4.ie\/en\/information\/press\/press-releases\/2015-2\/15-05-15\/#primaryimage\"},\"thumbnailUrl\":\"https:\/\/tg4-docs.s3.amazonaws.com\/tg4-redesign-2015\/wp-content\/uploads\/2015\/08\/Cula4_na_nOg.jpg\",\"datePublished\":\"2015-08-19T12:21:08+00:00\",\"dateModified\":\"2019-06-25T10:20:15+00:00\",\"breadcrumb\":{\"@id\":\"https:\/\/dev.tg4.ie\/en\/information\/press\/press-releases\/2015-2\/15-05-15\/#breadcrumb\"},\"inLanguage\":\"en-ie\",\"potentialAction\":[{\"@type\":\"ReadAction\",\"target\":[\"https:\/\/dev.tg4.ie\/en\/information\/press\/press-releases\/2015-2\/15-05-15\/\"]}]},{\"@type\":\"ImageObject\",\"inLanguage\":\"en-ie\",\"@id\":\"https:\/\/dev.tg4.ie\/en\/information\/press\/press-releases\/2015-2\/15-05-15\/#primaryimage\",\"url\":\"https:\/\/tg4-docs.s3.amazonaws.com\/tg4-redesign-2015\/wp-content\/uploads\/2015\/08\/Cula4_na_nOg.jpg\",\"contentUrl\":\"https:\/\/tg4-docs.s3.amazonaws.com\/tg4-redesign-2015\/wp-content\/uploads\/2015\/08\/Cula4_na_nOg.jpg\",\"width\":1920,\"height\":1080},{\"@type\":\"BreadcrumbList\",\"@id\":\"https:\/\/dev.tg4.ie\/en\/information\/press\/press-releases\/2015-2\/15-05-15\/#breadcrumb\",\"itemListElement\":[{\"@type\":\"ListItem\",\"position\":1,\"name\":\"Home\",\"item\":\"https:\/\/dev.tg4.ie\/en\/\"},{\"@type\":\"ListItem\",\"position\":2,\"name\":\"Information\",\"item\":\"https:\/\/dev.tg4.ie\/en\/information\/\"},{\"@type\":\"ListItem\",\"position\":3,\"name\":\"Press\",\"item\":\"https:\/\/dev.tg4.ie\/en\/information\/press\/\"},{\"@type\":\"ListItem\",\"position\":4,\"name\":\"Press Releases\",\"item\":\"https:\/\/dev.tg4.ie\/en\/information\/press\/press-releases\/\"},{\"@type\":\"ListItem\",\"position\":5,\"name\":\"2015\",\"item\":\"https:\/\/dev.tg4.ie\/en\/information\/press\/press-releases\/2015-2\/\"},{\"@type\":\"ListItem\",\"position\":6,\"name\":\"15.05.15\"}]},{\"@type\":\"WebSite\",\"@id\":\"https:\/\/dev.tg4.ie\/en\/#website\",\"url\":\"https:\/\/dev.tg4.ie\/en\/\",\"name\":\"TG4\",\"description\":\"S\u00fail Eile\",\"potentialAction\":[{\"@type\":\"SearchAction\",\"target\":{\"@type\":\"EntryPoint\",\"urlTemplate\":\"https:\/\/dev.tg4.ie\/en\/?s={search_term_string}\"},\"query-input\":\"required name=search_term_string\"}],\"inLanguage\":\"en-ie\"}]}<\/script>\n<!-- \/ Yoast SEO plugin. -->","yoast_head_json":{"title":"15.05.15 - TG4","robots":{"index":"index","follow":"follow","max-snippet":"max-snippet:-1","max-image-preview":"max-image-preview:large","max-video-preview":"max-video-preview:-1"},"og_locale":"en_US","og_type":"article","og_title":"15.05.15 - TG4","og_description":"This award was made to TG4 for its 3 C\u00falacaint Apps, devised, created, and produced in-house by TG4. The stations\u2019 Apps faced stiff competition in its category from Google Ireland, Independent News &amp; Media, RT\u00c9 \u2013 Nuacht, and Tesco Ireland. They have been hailed as an entertaining way to extend the Irish vocabulary of young [&hellip;]","og_url":"https:\/\/dev.tg4.ie\/en\/information\/press\/press-releases\/2015-2\/15-05-15\/","og_site_name":"TG4","article_publisher":"https:\/\/www.facebook.com\/TG4TV","article_modified_time":"2019-06-25T10:20:15+00:00","og_image":[{"width":1920,"height":1080,"url":"https:\/\/tg4-docs.s3.amazonaws.com\/tg4-redesign-2015\/wp-content\/uploads\/2015\/08\/Cula4_na_nOg.jpg","type":"image\/jpeg"}],"twitter_card":"summary_large_image","twitter_site":"@TG4TV","twitter_misc":{"Est. reading time":"1 minute"},"schema":{"@context":"https:\/\/schema.org","@graph":[{"@type":"WebPage","@id":"https:\/\/dev.tg4.ie\/en\/information\/press\/press-releases\/2015-2\/15-05-15\/","url":"https:\/\/dev.tg4.ie\/en\/information\/press\/press-releases\/2015-2\/15-05-15\/","name":"15.05.15 - TG4","isPartOf":{"@id":"https:\/\/dev.tg4.ie\/en\/#website"},"primaryImageOfPage":{"@id":"https:\/\/dev.tg4.ie\/en\/information\/press\/press-releases\/2015-2\/15-05-15\/#primaryimage"},"image":{"@id":"https:\/\/dev.tg4.ie\/en\/information\/press\/press-releases\/2015-2\/15-05-15\/#primaryimage"},"thumbnailUrl":"https:\/\/tg4-docs.s3.amazonaws.com\/tg4-redesign-2015\/wp-content\/uploads\/2015\/08\/Cula4_na_nOg.jpg","datePublished":"2015-08-19T12:21:08+00:00","dateModified":"2019-06-25T10:20:15+00:00","breadcrumb":{"@id":"https:\/\/dev.tg4.ie\/en\/information\/press\/press-releases\/2015-2\/15-05-15\/#breadcrumb"},"inLanguage":"en-ie","potentialAction":[{"@type":"ReadAction","target":["https:\/\/dev.tg4.ie\/en\/information\/press\/press-releases\/2015-2\/15-05-15\/"]}]},{"@type":"ImageObject","inLanguage":"en-ie","@id":"https:\/\/dev.tg4.ie\/en\/information\/press\/press-releases\/2015-2\/15-05-15\/#primaryimage","url":"https:\/\/tg4-docs.s3.amazonaws.com\/tg4-redesign-2015\/wp-content\/uploads\/2015\/08\/Cula4_na_nOg.jpg","contentUrl":"https:\/\/tg4-docs.s3.amazonaws.com\/tg4-redesign-2015\/wp-content\/uploads\/2015\/08\/Cula4_na_nOg.jpg","width":1920,"height":1080},{"@type":"BreadcrumbList","@id":"https:\/\/dev.tg4.ie\/en\/information\/press\/press-releases\/2015-2\/15-05-15\/#breadcrumb","itemListElement":[{"@type":"ListItem","position":1,"name":"Home","item":"https:\/\/dev.tg4.ie\/en\/"},{"@type":"ListItem","position":2,"name":"Information","item":"https:\/\/dev.tg4.ie\/en\/information\/"},{"@type":"ListItem","position":3,"name":"Press","item":"https:\/\/dev.tg4.ie\/en\/information\/press\/"},{"@type":"ListItem","position":4,"name":"Press Releases","item":"https:\/\/dev.tg4.ie\/en\/information\/press\/press-releases\/"},{"@type":"ListItem","position":5,"name":"2015","item":"https:\/\/dev.tg4.ie\/en\/information\/press\/press-releases\/2015-2\/"},{"@type":"ListItem","position":6,"name":"15.05.15"}]},{"@type":"WebSite","@id":"https:\/\/dev.tg4.ie\/en\/#website","url":"https:\/\/dev.tg4.ie\/en\/","name":"TG4","description":"S\u00fail Eile","potentialAction":[{"@type":"SearchAction","target":{"@type":"EntryPoint","urlTemplate":"https:\/\/dev.tg4.ie\/en\/?s={search_term_string}"},"query-input":"required name=search_term_string"}],"inLanguage":"en-ie"}]}},"_links":{"self":[{"href":"https:\/\/dev.tg4.ie\/en\/wp-json\/wp\/v2\/pages\/1392"}],"collection":[{"href":"https:\/\/dev.tg4.ie\/en\/wp-json\/wp\/v2\/pages"}],"about":[{"href":"https:\/\/dev.tg4.ie\/en\/wp-json\/wp\/v2\/types\/page"}],"author":[{"embeddable":true,"href":"https:\/\/dev.tg4.ie\/en\/wp-json\/wp\/v2\/users\/6"}],"replies":[{"embeddable":true,"href":"https:\/\/dev.tg4.ie\/en\/wp-json\/wp\/v2\/comments?post=1392"}],"version-history":[{"count":0,"href":"https:\/\/dev.tg4.ie\/en\/wp-json\/wp\/v2\/pages\/1392\/revisions"}],"up":[{"embeddable":true,"href":"https:\/\/dev.tg4.ie\/en\/wp-json\/wp\/v2\/pages\/984"}],"wp:featuredmedia":[{"embeddable":true,"href":"https:\/\/dev.tg4.ie\/en\/wp-json\/wp\/v2\/media\/1396"}],"wp:attachment":[{"href":"https:\/\/dev.tg4.ie\/en\/wp-json\/wp\/v2\/media?parent=1392"}],"curies":[{"name":"wp","href":"https:\/\/api.w.org\/{rel}","templated":true}]}}