{"id":139316,"date":"2022-02-01T14:33:37","date_gmt":"2022-02-01T14:33:37","guid":{"rendered":"https:\/\/dev.tg4.ie\/?page_id=139316"},"modified":"2022-02-01T14:33:37","modified_gmt":"2022-02-01T14:33:37","slug":"tg4-and-atlantic-academy-launch-a-new-intensive-media-training-programme","status":"publish","type":"page","link":"https:\/\/dev.tg4.ie\/en\/information\/press\/press-releases\/2022-2\/tg4-and-atlantic-academy-launch-a-new-intensive-media-training-programme\/","title":{"rendered":"TG4 and Atlantic Academy launch a new intensive media training programme"},"content":{"rendered":"<p><a href=\"https:\/\/tg4-docs.s3.amazonaws.com\/tg4-redesign-2015\/wp-content\/uploads\/2022\/02\/Atlantic_Academy_agus_TG4_1-1920x1080-1.jpg\"><img loading=\"lazy\" decoding=\"async\" width=\"1920\" height=\"1080\" src=\"https:\/\/tg4-docs.s3.amazonaws.com\/tg4-redesign-2015\/wp-content\/uploads\/2022\/02\/Atlantic_Academy_agus_TG4_1-1920x1080-1.jpg\" alt=\"\" class=\"aligncenter size-full wp-image-139313\" srcset=\"https:\/\/tg4-docs.s3.amazonaws.com\/tg4-redesign-2015\/wp-content\/uploads\/2022\/02\/Atlantic_Academy_agus_TG4_1-1920x1080-1.jpg 1920w, https:\/\/tg4-docs.s3.amazonaws.com\/tg4-redesign-2015\/wp-content\/uploads\/2022\/02\/Atlantic_Academy_agus_TG4_1-1920x1080-1-250x141.jpg 250w, https:\/\/tg4-docs.s3.amazonaws.com\/tg4-redesign-2015\/wp-content\/uploads\/2022\/02\/Atlantic_Academy_agus_TG4_1-1920x1080-1-700x394.jpg 700w, https:\/\/tg4-docs.s3.amazonaws.com\/tg4-redesign-2015\/wp-content\/uploads\/2022\/02\/Atlantic_Academy_agus_TG4_1-1920x1080-1-252x141.jpg 252w, https:\/\/tg4-docs.s3.amazonaws.com\/tg4-redesign-2015\/wp-content\/uploads\/2022\/02\/Atlantic_Academy_agus_TG4_1-1920x1080-1-1536x864.jpg 1536w, https:\/\/tg4-docs.s3.amazonaws.com\/tg4-redesign-2015\/wp-content\/uploads\/2022\/02\/Atlantic_Academy_agus_TG4_1-1920x1080-1-120x68.jpg 120w\" sizes=\"(max-width: 1920px) 100vw, 1920px\" \/><\/a><\/a><br \/>\n&nbsp;<br \/>\nTG4 launch a 14-week intensive television and film training and skills-based programme.  This practical  programme, delivered by Atlantic Academy, in association with Gr\u00e9as\u00e1n na Me\u00e1n Skillnet and the National Talent Academy Film &#038; TV Crew Hub, will showcase practical and creative skills and will equip participants with the ability and appetite for an exciting career in the rapidly growing Irish TV and Film sector and will include a four-week work placement.<br \/>\n&nbsp;<br \/>\nKeen to attract those with an ambition to follow a career in the TV and Film Sector, or those wishing to make a career change, this brand-new intensive training programme will give valuable knowledge and skills led training to advance talents and abilities in the TV and Film sector.  Training will include producing and directing, along with the critical skills of camera operation, sound techniques, related engineering and an awareness of the variety of crew roles in this industry. In addition, aspiring participants will have the opportunity to engage with directors and producers in live production situations while also gaining very valuable mentoring by leaders of the independent TV and Film Production industry. The highly regarded Screen Ireland \/ F\u00eds \u00c9ireann Passport to Production course will also be delivered as part of the training programme.   The 4 week work placement will solidify 10 weeks of learning in a progressive Independent TV production company environment. This will give participants significant opportunities to work in the  booming  film and tv sector.<br \/>\n&nbsp;<br \/>\nThe programme is free to participants and they will paid a subsidy whilst partaking in the training programme.  This course will be delivered by Atlantic Academy from its base at An Cuasn\u00f3g in an Spid\u00e9al in the Connemara Gaeltacht, which is also home to the successful TG4 Drama series Ros na R\u00fan. The course directors are offering 12 places on the programme which will commence on March 21st 2022. Applications are required by Friday 25th of February 2022.<br \/>\n&nbsp;<br \/>\nApplicants must show their ambition for a career in Film and TV Production to gain a place on this subsidised programme.<br \/>\n&nbsp;<br \/>\nAimed at people with a fluency in the Irish language,  the programme will be delivered bilingually, thus applicants wishing to be considered for participation must be fluent in Irish.<br \/>\n&nbsp;<br \/>\nTG4\u2019s popularity continues to grow alongside its increased demand for high quality, entertaining independent productions. Appointing the new Atlantic Academy to deliver this intensive training programme will provide an exciting career choice for many, upskilling at the highest level, while also alleviating the current skills shortage in the Irish Language TV and Film Sector.<br \/>\n&nbsp;<br \/>\nCommenting on the announcement, <strong>L\u00eds N\u00ed Dh\u00e1laigh, TG4\u2019s Director of Marketing, Development and Partnerships<\/strong> said, <em>\u201cTG4 is delighted to be working on this intensive training programme in conjunction with Atlantic Academy. It is a great opportunity for people with Irish who are interested in working in the sector, regardless of their background and experience. It will give them a great foundation in the basic production skills, and an opportunity to move on to work with the many independent production companies creating content for TG4.  There are lots of employment opportunities in this industry, and this is a chance for new talent to come through.\u201d<\/em><br \/>\n&nbsp;<br \/>\nAtlantic Academy is a Galway based TV and Film Production training company based at an Cuasn\u00f3g, in an Spid\u00e9al in the Connemara Gaeltacht and was founded by S\u00edobh\u00e1n N\u00ed Ghadhra and John Brady, directors of Dan\u00fa Media who are co-producers of TG4\u2019s Ros na R\u00fan with Tyrone Productions.  As the lead orgnanisation for one of the National Talent Academies Film and TV Crew Hubs for the West of Ireland,  Atlantic Academy will deliver a full suite of training across all skills required for the innovative, creative and successful TV and Film production industry in 2022 and beyond.<br \/>\n&nbsp;<br \/>\nApplicants should apply for this training programme by sending a CV and Cover letter outlining why they are the ideal candidate to <a href=\"mailto:dianchursa@atlanticacademy.ie\" rel=\"noopener\" target=\"_blank\">dianchursa@atlanticacademy.ie<\/a> by 5pm on Friday 25th February 2022<br \/>\n&nbsp;<br \/>\n&nbsp;<\/p>\n","protected":false},"excerpt":{"rendered":"<p>&nbsp; TG4 launch a 14-week intensive television and film training and skills-based programme. This practical programme, delivered by Atlantic Academy, in association with Gr\u00e9as\u00e1n na Me\u00e1n Skillnet and the National Talent Academy Film &#038; TV Crew Hub, will showcase practical and creative skills and will equip participants with the ability and appetite for an exciting [&hellip;]<\/p>\n","protected":false},"author":876,"featured_media":0,"parent":138173,"menu_order":5,"comment_status":"closed","ping_status":"closed","template":"page-templates\/template-pr.php","meta":{"_acf_changed":false,"footnotes":""},"acf":[],"yoast_head":"<!-- This site is optimized with the Yoast SEO plugin v22.6 - https:\/\/yoast.com\/wordpress\/plugins\/seo\/ -->\n<title>TG4 and Atlantic Academy launch a new intensive media training programme | Press Release | TG4<\/title>\n<meta name=\"description\" content=\"TG4 launch a 14-week intensive television and film training and skills-based programme. This practical programme, delivered by Atlantic Academy, in association with Gr\u00e9as\u00e1n na Me\u00e1n Skillnet and the National Talent Academy Film &amp; TV Crew Hub, will showcase practical and creative skills and will equip participants with the ability and appetite for an exciting career in the rapidly growing Irish TV and Film sector and will include a four-week work placement.\" \/>\n<meta name=\"robots\" content=\"index, follow, max-snippet:-1, max-image-preview:large, max-video-preview:-1\" \/>\n<meta property=\"og:locale\" content=\"en_US\" \/>\n<meta property=\"og:type\" content=\"article\" \/>\n<meta property=\"og:title\" content=\"TG4 and Atlantic Academy launch a new intensive media training programme | Press Release | TG4\" \/>\n<meta property=\"og:description\" content=\"TG4 launch a 14-week intensive television and film training and skills-based programme. This practical programme, delivered by Atlantic Academy, in association with Gr\u00e9as\u00e1n na Me\u00e1n Skillnet and the National Talent Academy Film &amp; TV Crew Hub, will showcase practical and creative skills and will equip participants with the ability and appetite for an exciting career in the rapidly growing Irish TV and Film sector and will include a four-week work placement.\" \/>\n<meta property=\"og:url\" content=\"https:\/\/dev.tg4.ie\/en\/information\/press\/press-releases\/2022-2\/tg4-and-atlantic-academy-launch-a-new-intensive-media-training-programme\/\" \/>\n<meta property=\"og:site_name\" content=\"TG4\" \/>\n<meta property=\"article:publisher\" content=\"https:\/\/www.facebook.com\/TG4TV\" \/>\n<meta property=\"og:image\" content=\"https:\/\/d1og0s8nlbd0hm.cloudfront.net\/tg4-redesign-2015\/wp-content\/uploads\/2022\/02\/Atlantic_Academy_agus_TG4_1-1920x1080-1.jpg\" \/>\n<meta name=\"twitter:card\" content=\"summary_large_image\" \/>\n<meta name=\"twitter:image\" content=\"https:\/\/d1og0s8nlbd0hm.cloudfront.net\/tg4-redesign-2015\/wp-content\/uploads\/2022\/02\/Atlantic_Academy_agus_TG4_1-1920x1080-1.jpg\" \/>\n<meta name=\"twitter:site\" content=\"@TG4TV\" \/>\n<meta name=\"twitter:label1\" content=\"Est. reading time\" \/>\n\t<meta name=\"twitter:data1\" content=\"3 minutes\" \/>\n<script type=\"application\/ld+json\" class=\"yoast-schema-graph\">{\"@context\":\"https:\/\/schema.org\",\"@graph\":[{\"@type\":\"WebPage\",\"@id\":\"https:\/\/dev.tg4.ie\/en\/information\/press\/press-releases\/2022-2\/tg4-and-atlantic-academy-launch-a-new-intensive-media-training-programme\/\",\"url\":\"https:\/\/dev.tg4.ie\/en\/information\/press\/press-releases\/2022-2\/tg4-and-atlantic-academy-launch-a-new-intensive-media-training-programme\/\",\"name\":\"TG4 and Atlantic Academy launch a new intensive media training programme | Press Release | TG4\",\"isPartOf\":{\"@id\":\"https:\/\/dev.tg4.ie\/en\/#website\"},\"primaryImageOfPage\":{\"@id\":\"https:\/\/dev.tg4.ie\/en\/information\/press\/press-releases\/2022-2\/tg4-and-atlantic-academy-launch-a-new-intensive-media-training-programme\/#primaryimage\"},\"image\":{\"@id\":\"https:\/\/dev.tg4.ie\/en\/information\/press\/press-releases\/2022-2\/tg4-and-atlantic-academy-launch-a-new-intensive-media-training-programme\/#primaryimage\"},\"thumbnailUrl\":\"https:\/\/dev.tg4.ie\/wp-content\/uploads\/2022\/02\/Atlantic_Academy_agus_TG4_1-1920x1080-1.jpg\",\"datePublished\":\"2022-02-01T14:33:37+00:00\",\"dateModified\":\"2022-02-01T14:33:37+00:00\",\"description\":\"TG4 launch a 14-week intensive television and film training and skills-based programme. This practical programme, delivered by Atlantic Academy, in association with Gr\u00e9as\u00e1n na Me\u00e1n Skillnet and the National Talent Academy Film & TV Crew Hub, will showcase practical and creative skills and will equip participants with the ability and appetite for an exciting career in the rapidly growing Irish TV and Film sector and will include a four-week work placement.\",\"breadcrumb\":{\"@id\":\"https:\/\/dev.tg4.ie\/en\/information\/press\/press-releases\/2022-2\/tg4-and-atlantic-academy-launch-a-new-intensive-media-training-programme\/#breadcrumb\"},\"inLanguage\":\"en-ie\",\"potentialAction\":[{\"@type\":\"ReadAction\",\"target\":[\"https:\/\/dev.tg4.ie\/en\/information\/press\/press-releases\/2022-2\/tg4-and-atlantic-academy-launch-a-new-intensive-media-training-programme\/\"]}]},{\"@type\":\"ImageObject\",\"inLanguage\":\"en-ie\",\"@id\":\"https:\/\/dev.tg4.ie\/en\/information\/press\/press-releases\/2022-2\/tg4-and-atlantic-academy-launch-a-new-intensive-media-training-programme\/#primaryimage\",\"url\":\"https:\/\/dev.tg4.ie\/wp-content\/uploads\/2022\/02\/Atlantic_Academy_agus_TG4_1-1920x1080-1.jpg\",\"contentUrl\":\"https:\/\/dev.tg4.ie\/wp-content\/uploads\/2022\/02\/Atlantic_Academy_agus_TG4_1-1920x1080-1.jpg\"},{\"@type\":\"BreadcrumbList\",\"@id\":\"https:\/\/dev.tg4.ie\/en\/information\/press\/press-releases\/2022-2\/tg4-and-atlantic-academy-launch-a-new-intensive-media-training-programme\/#breadcrumb\",\"itemListElement\":[{\"@type\":\"ListItem\",\"position\":1,\"name\":\"Home\",\"item\":\"https:\/\/dev.tg4.ie\/en\/\"},{\"@type\":\"ListItem\",\"position\":2,\"name\":\"Information\",\"item\":\"https:\/\/dev.tg4.ie\/en\/information\/\"},{\"@type\":\"ListItem\",\"position\":3,\"name\":\"Press\",\"item\":\"https:\/\/dev.tg4.ie\/en\/information\/press\/\"},{\"@type\":\"ListItem\",\"position\":4,\"name\":\"Press Releases\",\"item\":\"https:\/\/dev.tg4.ie\/en\/information\/press\/press-releases\/\"},{\"@type\":\"ListItem\",\"position\":5,\"name\":\"2022\",\"item\":\"https:\/\/dev.tg4.ie\/en\/information\/press\/press-releases\/2022-2\/\"},{\"@type\":\"ListItem\",\"position\":6,\"name\":\"TG4 and Atlantic Academy launch a new intensive media training programme\"}]},{\"@type\":\"WebSite\",\"@id\":\"https:\/\/dev.tg4.ie\/en\/#website\",\"url\":\"https:\/\/dev.tg4.ie\/en\/\",\"name\":\"TG4\",\"description\":\"S\u00fail Eile\",\"potentialAction\":[{\"@type\":\"SearchAction\",\"target\":{\"@type\":\"EntryPoint\",\"urlTemplate\":\"https:\/\/dev.tg4.ie\/en\/?s={search_term_string}\"},\"query-input\":\"required name=search_term_string\"}],\"inLanguage\":\"en-ie\"}]}<\/script>\n<!-- \/ Yoast SEO plugin. -->","yoast_head_json":{"title":"TG4 and Atlantic Academy launch a new intensive media training programme | Press Release | TG4","description":"TG4 launch a 14-week intensive television and film training and skills-based programme. This practical programme, delivered by Atlantic Academy, in association with Gr\u00e9as\u00e1n na Me\u00e1n Skillnet and the National Talent Academy Film & TV Crew Hub, will showcase practical and creative skills and will equip participants with the ability and appetite for an exciting career in the rapidly growing Irish TV and Film sector and will include a four-week work placement.","robots":{"index":"index","follow":"follow","max-snippet":"max-snippet:-1","max-image-preview":"max-image-preview:large","max-video-preview":"max-video-preview:-1"},"og_locale":"en_US","og_type":"article","og_title":"TG4 and Atlantic Academy launch a new intensive media training programme | Press Release | TG4","og_description":"TG4 launch a 14-week intensive television and film training and skills-based programme. This practical programme, delivered by Atlantic Academy, in association with Gr\u00e9as\u00e1n na Me\u00e1n Skillnet and the National Talent Academy Film & TV Crew Hub, will showcase practical and creative skills and will equip participants with the ability and appetite for an exciting career in the rapidly growing Irish TV and Film sector and will include a four-week work placement.","og_url":"https:\/\/dev.tg4.ie\/en\/information\/press\/press-releases\/2022-2\/tg4-and-atlantic-academy-launch-a-new-intensive-media-training-programme\/","og_site_name":"TG4","article_publisher":"https:\/\/www.facebook.com\/TG4TV","og_image":[{"url":"https:\/\/d1og0s8nlbd0hm.cloudfront.net\/tg4-redesign-2015\/wp-content\/uploads\/2022\/02\/Atlantic_Academy_agus_TG4_1-1920x1080-1.jpg"}],"twitter_card":"summary_large_image","twitter_image":"https:\/\/d1og0s8nlbd0hm.cloudfront.net\/tg4-redesign-2015\/wp-content\/uploads\/2022\/02\/Atlantic_Academy_agus_TG4_1-1920x1080-1.jpg","twitter_site":"@TG4TV","twitter_misc":{"Est. reading time":"3 minutes"},"schema":{"@context":"https:\/\/schema.org","@graph":[{"@type":"WebPage","@id":"https:\/\/dev.tg4.ie\/en\/information\/press\/press-releases\/2022-2\/tg4-and-atlantic-academy-launch-a-new-intensive-media-training-programme\/","url":"https:\/\/dev.tg4.ie\/en\/information\/press\/press-releases\/2022-2\/tg4-and-atlantic-academy-launch-a-new-intensive-media-training-programme\/","name":"TG4 and Atlantic Academy launch a new intensive media training programme | Press Release | TG4","isPartOf":{"@id":"https:\/\/dev.tg4.ie\/en\/#website"},"primaryImageOfPage":{"@id":"https:\/\/dev.tg4.ie\/en\/information\/press\/press-releases\/2022-2\/tg4-and-atlantic-academy-launch-a-new-intensive-media-training-programme\/#primaryimage"},"image":{"@id":"https:\/\/dev.tg4.ie\/en\/information\/press\/press-releases\/2022-2\/tg4-and-atlantic-academy-launch-a-new-intensive-media-training-programme\/#primaryimage"},"thumbnailUrl":"https:\/\/dev.tg4.ie\/wp-content\/uploads\/2022\/02\/Atlantic_Academy_agus_TG4_1-1920x1080-1.jpg","datePublished":"2022-02-01T14:33:37+00:00","dateModified":"2022-02-01T14:33:37+00:00","description":"TG4 launch a 14-week intensive television and film training and skills-based programme. This practical programme, delivered by Atlantic Academy, in association with Gr\u00e9as\u00e1n na Me\u00e1n Skillnet and the National Talent Academy Film & TV Crew Hub, will showcase practical and creative skills and will equip participants with the ability and appetite for an exciting career in the rapidly growing Irish TV and Film sector and will include a four-week work placement.","breadcrumb":{"@id":"https:\/\/dev.tg4.ie\/en\/information\/press\/press-releases\/2022-2\/tg4-and-atlantic-academy-launch-a-new-intensive-media-training-programme\/#breadcrumb"},"inLanguage":"en-ie","potentialAction":[{"@type":"ReadAction","target":["https:\/\/dev.tg4.ie\/en\/information\/press\/press-releases\/2022-2\/tg4-and-atlantic-academy-launch-a-new-intensive-media-training-programme\/"]}]},{"@type":"ImageObject","inLanguage":"en-ie","@id":"https:\/\/dev.tg4.ie\/en\/information\/press\/press-releases\/2022-2\/tg4-and-atlantic-academy-launch-a-new-intensive-media-training-programme\/#primaryimage","url":"https:\/\/dev.tg4.ie\/wp-content\/uploads\/2022\/02\/Atlantic_Academy_agus_TG4_1-1920x1080-1.jpg","contentUrl":"https:\/\/dev.tg4.ie\/wp-content\/uploads\/2022\/02\/Atlantic_Academy_agus_TG4_1-1920x1080-1.jpg"},{"@type":"BreadcrumbList","@id":"https:\/\/dev.tg4.ie\/en\/information\/press\/press-releases\/2022-2\/tg4-and-atlantic-academy-launch-a-new-intensive-media-training-programme\/#breadcrumb","itemListElement":[{"@type":"ListItem","position":1,"name":"Home","item":"https:\/\/dev.tg4.ie\/en\/"},{"@type":"ListItem","position":2,"name":"Information","item":"https:\/\/dev.tg4.ie\/en\/information\/"},{"@type":"ListItem","position":3,"name":"Press","item":"https:\/\/dev.tg4.ie\/en\/information\/press\/"},{"@type":"ListItem","position":4,"name":"Press Releases","item":"https:\/\/dev.tg4.ie\/en\/information\/press\/press-releases\/"},{"@type":"ListItem","position":5,"name":"2022","item":"https:\/\/dev.tg4.ie\/en\/information\/press\/press-releases\/2022-2\/"},{"@type":"ListItem","position":6,"name":"TG4 and Atlantic Academy launch a new intensive media training programme"}]},{"@type":"WebSite","@id":"https:\/\/dev.tg4.ie\/en\/#website","url":"https:\/\/dev.tg4.ie\/en\/","name":"TG4","description":"S\u00fail Eile","potentialAction":[{"@type":"SearchAction","target":{"@type":"EntryPoint","urlTemplate":"https:\/\/dev.tg4.ie\/en\/?s={search_term_string}"},"query-input":"required name=search_term_string"}],"inLanguage":"en-ie"}]}},"_links":{"self":[{"href":"https:\/\/dev.tg4.ie\/en\/wp-json\/wp\/v2\/pages\/139316"}],"collection":[{"href":"https:\/\/dev.tg4.ie\/en\/wp-json\/wp\/v2\/pages"}],"about":[{"href":"https:\/\/dev.tg4.ie\/en\/wp-json\/wp\/v2\/types\/page"}],"author":[{"embeddable":true,"href":"https:\/\/dev.tg4.ie\/en\/wp-json\/wp\/v2\/users\/876"}],"replies":[{"embeddable":true,"href":"https:\/\/dev.tg4.ie\/en\/wp-json\/wp\/v2\/comments?post=139316"}],"version-history":[{"count":0,"href":"https:\/\/dev.tg4.ie\/en\/wp-json\/wp\/v2\/pages\/139316\/revisions"}],"up":[{"embeddable":true,"href":"https:\/\/dev.tg4.ie\/en\/wp-json\/wp\/v2\/pages\/138173"}],"wp:attachment":[{"href":"https:\/\/dev.tg4.ie\/en\/wp-json\/wp\/v2\/media?parent=139316"}],"curies":[{"name":"wp","href":"https:\/\/api.w.org\/{rel}","templated":true}]}}