{"id":139325,"date":"2022-02-01T14:57:57","date_gmt":"2022-02-01T14:57:57","guid":{"rendered":"https:\/\/dev.tg4.ie\/?page_id=139325"},"modified":"2022-02-01T15:13:14","modified_gmt":"2022-02-01T15:13:14","slug":"a-new-contemporary-music-series-from-the-black-gate-cultural-centre-in-galway-city-launches-exclusively-on-the-tg4-player","status":"publish","type":"page","link":"https:\/\/dev.tg4.ie\/en\/information\/press\/press-releases\/2022-2\/a-new-contemporary-music-series-from-the-black-gate-cultural-centre-in-galway-city-launches-exclusively-on-the-tg4-player\/","title":{"rendered":"A new contemporary music series from the Black Gate Cultural Centre in Galway City launches exclusively on the TG4 Player"},"content":{"rendered":"<p><a href=\"https:\/\/tg4-docs.s3.amazonaws.com\/tg4-redesign-2015\/wp-content\/uploads\/2022\/02\/Cumasc-Seisiuin_sa_Black_Gate-3-1920x1080-1.jpg\"><img loading=\"lazy\" decoding=\"async\" width=\"1920\" height=\"1080\" src=\"https:\/\/tg4-docs.s3.amazonaws.com\/tg4-redesign-2015\/wp-content\/uploads\/2022\/02\/Cumasc-Seisiuin_sa_Black_Gate-3-1920x1080-1.jpg\" alt=\"\" class=\"aligncenter size-full wp-image-139329\" srcset=\"https:\/\/tg4-docs.s3.amazonaws.com\/tg4-redesign-2015\/wp-content\/uploads\/2022\/02\/Cumasc-Seisiuin_sa_Black_Gate-3-1920x1080-1.jpg 1920w, https:\/\/tg4-docs.s3.amazonaws.com\/tg4-redesign-2015\/wp-content\/uploads\/2022\/02\/Cumasc-Seisiuin_sa_Black_Gate-3-1920x1080-1-250x141.jpg 250w, https:\/\/tg4-docs.s3.amazonaws.com\/tg4-redesign-2015\/wp-content\/uploads\/2022\/02\/Cumasc-Seisiuin_sa_Black_Gate-3-1920x1080-1-700x394.jpg 700w, https:\/\/tg4-docs.s3.amazonaws.com\/tg4-redesign-2015\/wp-content\/uploads\/2022\/02\/Cumasc-Seisiuin_sa_Black_Gate-3-1920x1080-1-252x141.jpg 252w, https:\/\/tg4-docs.s3.amazonaws.com\/tg4-redesign-2015\/wp-content\/uploads\/2022\/02\/Cumasc-Seisiuin_sa_Black_Gate-3-1920x1080-1-1536x864.jpg 1536w, https:\/\/tg4-docs.s3.amazonaws.com\/tg4-redesign-2015\/wp-content\/uploads\/2022\/02\/Cumasc-Seisiuin_sa_Black_Gate-3-1920x1080-1-120x68.jpg 120w\" sizes=\"(max-width: 1920px) 100vw, 1920px\" \/><\/a><br \/>\n&nbsp;<\/p>\n<div style=\"position: relative; overflow: auto; width: 100%; padding-bottom: 56.25%;\"><iframe loading=\"lazy\" src=\"https:\/\/www.youtube.com\/embed\/2rYz8aqutBE\" width=\"100%\" height=\"100%\" frameborder=\"0\" scrolling=\"no\" allowFullscreen=\"true\" style=\"position: absolute; top: 0px; display: block;\"><\/iframe><\/div>\n<p>&nbsp;<br \/>\n<strong>CUMASC: Seisi\u00fain sa Black Gate<\/strong> is a new 12-part music series that blends gorgeous concert film with intimate observational documentary and interviews. It showcases concert performances recorded live at <strong>The Black Gate Cultural Centre<\/strong> in the heart of Galway, and behind the scenes footage and interviews are filmed in a variety of striking locations around the city and surrounding countryside.<br \/>\n&nbsp;<br \/>\nCUMASC: Seisi\u00fain sa Black Gate was commissioned for TG4 under the BAI&#8217;s separate Live Music Sector funding stream. This initiative was created to support a the live music sector that suffered as a result of the Covid-19 pandemic.<br \/>\n&nbsp;<br \/>\nCUMASC is a lovingly curated showcase of emerging and established artists, both Irish and international. These artists come together in celebration of collaboration and creativity; many meeting for the very first time.  The series opens with Grammy-award-winning American musician, <strong>Rhiannon Giddens<\/strong>, Italian composer, <strong>Francesco Turrisi<\/strong>, and Connemara-born sean-n\u00f3s singer, <strong>R\u00f3is\u00edn Elsafty<\/strong>. These three wonderful artists present a gorgeously inventive collaboration that draws from three distinct folk traditions and melds them perfectly. It is a wonderful moment in a series full of them.<br \/>\n&nbsp;<br \/>\nElectronic musician <strong>Daith\u00ed \u00d3 Dr\u00f3na\u00ed<\/strong> and vocalist, songwriter and violinist <strong>Suzanne Savage<\/strong> get lost in improvisation and write an electrifying new song about a lightning strike on Suzanne\u2019s train that very morning. American singer-songwriter <strong>Sam Amidon<\/strong> sits in a boat on the River Corrib, the warmth of his playing and song puncturing the lingering greys of the Galway morning sky. Singer-songwriter <strong>John Conneely<\/strong> and soulful performer <strong>S\u00edomha<\/strong> breathe new life and beautiful harmonies into old classics and older castles. Revered stalwarts <strong>Liam \u00d3 Maonla\u00ed<\/strong>, <strong>Niwel Tsumbu<\/strong>, and <strong>Eamonn Cagney<\/strong> talk of musical possibilities as innumerable as the stars in the sky before embarking on an improvised and celebratory jam.<br \/>\n&nbsp;<br \/>\nThat is only a sample of the talent on show throughout the series. <strong>Rachael Lavelle, Peter Broderick, Seamus Begley, Junior Brother, Seamie O\u2019Dowd, Daoir\u00ed Farrell, Anna Mullarkey, David Kitt, Colm Mac Con Iomaire, Arborist, John Blek, Inni-K, Jinx Lennon<\/strong>, and <strong>The Mary Wallopers<\/strong> also lend their immense musical talents.<br \/>\n&nbsp;<br \/>\n<strong>CUMASC: Seisi\u00fain sa Black Gate<\/strong> is funded by the Broadcasting Authority of Ireland (BAI) and will be launched as a digital first series on the TG4 Player, available on Smart TVs Samsung, Sony and LG, OTT devices such as Apple TV, Google TV and Amazon Fire, and on mobile platforms ios and and google playstore. The series will broadcast at a later date on TG4.<br \/>\n&nbsp;<br \/>\nPotential. Connection. Collaboration. Creativity. These are just some of the tenets at the heart of The Black Gate Cultural Centre, the creative hub that birthed this series. Under one roof it houses a wine bar, a renowned music venue, a state-of-the-art recording studio, an editing suite, and is home to both the Black Gate Label &#8211; their record label &#8211; and Black Gate Productions &#8211; their production company. A space of character and community since its opening in 2017, defined by collaboration. CUMASC is therefore the perfect distillation of those core beliefs.<br \/>\n&nbsp;<br \/>\nSpeaking about the series, Mair\u00e9ad N\u00ed Thr\u00e9inir &#8211; a producer at Black Gate Productions &#8211; had this to say: <em>\u201cWe are so proud that CUMASC; Seisi\u00fain sa Black Gate, is Black Gate Production&#8217;s very first television commission. We are proud that it stems organically from our venue&#8217;s unique relationship with musicians and artists from all over Ireland and abroad. We are especially proud to showcase our deep respect for our native tongue.  CUMASC was commissioned for TG4 through a special BAI round, the Live Music Sector funding stream. This initiative was created to support a sector that was &#8211; and still is &#8211; severely suffering under the constraints of the pandemic. The production of this series not only created opportunities for musicians and production crew, but also enabled us to re-train live-performance crew in television production.&#8221;<\/em><br \/>\n&nbsp;<\/p>\n<p><strong>\u2018CUMASC: Seisi\u00fain sa Black Gate\u2019 will be available to watch worldwide on the TG4 Player from February 11th. <\/strong><br \/>\n&nbsp;<br \/>\n&nbsp;<\/p>\n","protected":false},"excerpt":{"rendered":"<p>&nbsp; &nbsp; CUMASC: Seisi\u00fain sa Black Gate is a new 12-part music series that blends gorgeous concert film with intimate observational documentary and interviews. It showcases concert performances recorded live at The Black Gate Cultural Centre in the heart of Galway, and behind the scenes footage and interviews are filmed in a variety of striking [&hellip;]<\/p>\n","protected":false},"author":876,"featured_media":0,"parent":138173,"menu_order":4,"comment_status":"closed","ping_status":"closed","template":"page-templates\/template-pr.php","meta":{"_acf_changed":false,"footnotes":""},"acf":[],"yoast_head":"<!-- This site is optimized with the Yoast SEO plugin v22.6 - https:\/\/yoast.com\/wordpress\/plugins\/seo\/ -->\n<title>A new contemporary music series from the Black Gate Cultural Centre in Galway City launches exclusively on the TG4 Player | Press Release | TG4<\/title>\n<meta name=\"description\" content=\"CUMASC: Seisi\u00fain sa Black Gate is a new 12-part music series that blends gorgeous concert film with intimate observational documentary and interviews.\" \/>\n<meta name=\"robots\" content=\"index, follow, max-snippet:-1, max-image-preview:large, max-video-preview:-1\" \/>\n<meta property=\"og:locale\" content=\"en_US\" \/>\n<meta property=\"og:type\" content=\"article\" \/>\n<meta property=\"og:title\" content=\"A new contemporary music series from the Black Gate Cultural Centre in Galway City launches exclusively on the TG4 Player | Press Release | TG4\" \/>\n<meta property=\"og:description\" content=\"CUMASC: Seisi\u00fain sa Black Gate is a new 12-part music series that blends gorgeous concert film with intimate observational documentary and interviews.\" \/>\n<meta property=\"og:url\" content=\"https:\/\/dev.tg4.ie\/en\/information\/press\/press-releases\/2022-2\/a-new-contemporary-music-series-from-the-black-gate-cultural-centre-in-galway-city-launches-exclusively-on-the-tg4-player\/\" \/>\n<meta property=\"og:site_name\" content=\"TG4\" \/>\n<meta property=\"article:publisher\" content=\"https:\/\/www.facebook.com\/TG4TV\" \/>\n<meta property=\"article:modified_time\" content=\"2022-02-01T15:13:14+00:00\" \/>\n<meta property=\"og:image\" content=\"https:\/\/tg4-docs.s3.amazonaws.com\/tg4-redesign-2015\/wp-content\/uploads\/2022\/02\/Cumasc-Seisiuin_sa_Black_Gate-3-1920x1080-1.jpg\" \/>\n\t<meta property=\"og:image:width\" content=\"1920\" \/>\n\t<meta property=\"og:image:height\" content=\"1080\" \/>\n\t<meta property=\"og:image:type\" content=\"image\/jpeg\" \/>\n<meta name=\"twitter:card\" content=\"summary_large_image\" \/>\n<meta name=\"twitter:image\" content=\"https:\/\/tg4-docs.s3.amazonaws.com\/tg4-redesign-2015\/wp-content\/uploads\/2022\/02\/Cumasc-Seisiuin_sa_Black_Gate-3-1920x1080-1.jpg\" \/>\n<meta name=\"twitter:site\" content=\"@TG4TV\" \/>\n<meta name=\"twitter:label1\" content=\"Est. reading time\" \/>\n\t<meta name=\"twitter:data1\" content=\"3 minutes\" \/>\n<script type=\"application\/ld+json\" class=\"yoast-schema-graph\">{\"@context\":\"https:\/\/schema.org\",\"@graph\":[{\"@type\":\"WebPage\",\"@id\":\"https:\/\/dev.tg4.ie\/en\/information\/press\/press-releases\/2022-2\/a-new-contemporary-music-series-from-the-black-gate-cultural-centre-in-galway-city-launches-exclusively-on-the-tg4-player\/\",\"url\":\"https:\/\/dev.tg4.ie\/en\/information\/press\/press-releases\/2022-2\/a-new-contemporary-music-series-from-the-black-gate-cultural-centre-in-galway-city-launches-exclusively-on-the-tg4-player\/\",\"name\":\"A new contemporary music series from the Black Gate Cultural Centre in Galway City launches exclusively on the TG4 Player | Press Release | TG4\",\"isPartOf\":{\"@id\":\"https:\/\/dev.tg4.ie\/en\/#website\"},\"primaryImageOfPage\":{\"@id\":\"https:\/\/dev.tg4.ie\/en\/information\/press\/press-releases\/2022-2\/a-new-contemporary-music-series-from-the-black-gate-cultural-centre-in-galway-city-launches-exclusively-on-the-tg4-player\/#primaryimage\"},\"image\":{\"@id\":\"https:\/\/dev.tg4.ie\/en\/information\/press\/press-releases\/2022-2\/a-new-contemporary-music-series-from-the-black-gate-cultural-centre-in-galway-city-launches-exclusively-on-the-tg4-player\/#primaryimage\"},\"thumbnailUrl\":\"https:\/\/dev.tg4.ie\/wp-content\/uploads\/2022\/02\/Cumasc-Seisiuin_sa_Black_Gate-3-1920x1080-1.jpg\",\"datePublished\":\"2022-02-01T14:57:57+00:00\",\"dateModified\":\"2022-02-01T15:13:14+00:00\",\"description\":\"CUMASC: Seisi\u00fain sa Black Gate is a new 12-part music series that blends gorgeous concert film with intimate observational documentary and interviews.\",\"breadcrumb\":{\"@id\":\"https:\/\/dev.tg4.ie\/en\/information\/press\/press-releases\/2022-2\/a-new-contemporary-music-series-from-the-black-gate-cultural-centre-in-galway-city-launches-exclusively-on-the-tg4-player\/#breadcrumb\"},\"inLanguage\":\"en-ie\",\"potentialAction\":[{\"@type\":\"ReadAction\",\"target\":[\"https:\/\/dev.tg4.ie\/en\/information\/press\/press-releases\/2022-2\/a-new-contemporary-music-series-from-the-black-gate-cultural-centre-in-galway-city-launches-exclusively-on-the-tg4-player\/\"]}]},{\"@type\":\"ImageObject\",\"inLanguage\":\"en-ie\",\"@id\":\"https:\/\/dev.tg4.ie\/en\/information\/press\/press-releases\/2022-2\/a-new-contemporary-music-series-from-the-black-gate-cultural-centre-in-galway-city-launches-exclusively-on-the-tg4-player\/#primaryimage\",\"url\":\"https:\/\/dev.tg4.ie\/wp-content\/uploads\/2022\/02\/Cumasc-Seisiuin_sa_Black_Gate-3-1920x1080-1.jpg\",\"contentUrl\":\"https:\/\/dev.tg4.ie\/wp-content\/uploads\/2022\/02\/Cumasc-Seisiuin_sa_Black_Gate-3-1920x1080-1.jpg\"},{\"@type\":\"BreadcrumbList\",\"@id\":\"https:\/\/dev.tg4.ie\/en\/information\/press\/press-releases\/2022-2\/a-new-contemporary-music-series-from-the-black-gate-cultural-centre-in-galway-city-launches-exclusively-on-the-tg4-player\/#breadcrumb\",\"itemListElement\":[{\"@type\":\"ListItem\",\"position\":1,\"name\":\"Home\",\"item\":\"https:\/\/dev.tg4.ie\/en\/\"},{\"@type\":\"ListItem\",\"position\":2,\"name\":\"Information\",\"item\":\"https:\/\/dev.tg4.ie\/en\/information\/\"},{\"@type\":\"ListItem\",\"position\":3,\"name\":\"Press\",\"item\":\"https:\/\/dev.tg4.ie\/en\/information\/press\/\"},{\"@type\":\"ListItem\",\"position\":4,\"name\":\"Press Releases\",\"item\":\"https:\/\/dev.tg4.ie\/en\/information\/press\/press-releases\/\"},{\"@type\":\"ListItem\",\"position\":5,\"name\":\"2022\",\"item\":\"https:\/\/dev.tg4.ie\/en\/information\/press\/press-releases\/2022-2\/\"},{\"@type\":\"ListItem\",\"position\":6,\"name\":\"A new contemporary music series from the Black Gate Cultural Centre in Galway City launches exclusively on the TG4 Player\"}]},{\"@type\":\"WebSite\",\"@id\":\"https:\/\/dev.tg4.ie\/en\/#website\",\"url\":\"https:\/\/dev.tg4.ie\/en\/\",\"name\":\"TG4\",\"description\":\"S\u00fail Eile\",\"potentialAction\":[{\"@type\":\"SearchAction\",\"target\":{\"@type\":\"EntryPoint\",\"urlTemplate\":\"https:\/\/dev.tg4.ie\/en\/?s={search_term_string}\"},\"query-input\":\"required name=search_term_string\"}],\"inLanguage\":\"en-ie\"}]}<\/script>\n<!-- \/ Yoast SEO plugin. -->","yoast_head_json":{"title":"A new contemporary music series from the Black Gate Cultural Centre in Galway City launches exclusively on the TG4 Player | Press Release | TG4","description":"CUMASC: Seisi\u00fain sa Black Gate is a new 12-part music series that blends gorgeous concert film with intimate observational documentary and interviews.","robots":{"index":"index","follow":"follow","max-snippet":"max-snippet:-1","max-image-preview":"max-image-preview:large","max-video-preview":"max-video-preview:-1"},"og_locale":"en_US","og_type":"article","og_title":"A new contemporary music series from the Black Gate Cultural Centre in Galway City launches exclusively on the TG4 Player | Press Release | TG4","og_description":"CUMASC: Seisi\u00fain sa Black Gate is a new 12-part music series that blends gorgeous concert film with intimate observational documentary and interviews.","og_url":"https:\/\/dev.tg4.ie\/en\/information\/press\/press-releases\/2022-2\/a-new-contemporary-music-series-from-the-black-gate-cultural-centre-in-galway-city-launches-exclusively-on-the-tg4-player\/","og_site_name":"TG4","article_publisher":"https:\/\/www.facebook.com\/TG4TV","article_modified_time":"2022-02-01T15:13:14+00:00","og_image":[{"width":1920,"height":1080,"url":"https:\/\/tg4-docs.s3.amazonaws.com\/tg4-redesign-2015\/wp-content\/uploads\/2022\/02\/Cumasc-Seisiuin_sa_Black_Gate-3-1920x1080-1.jpg","type":"image\/jpeg"}],"twitter_card":"summary_large_image","twitter_image":"https:\/\/tg4-docs.s3.amazonaws.com\/tg4-redesign-2015\/wp-content\/uploads\/2022\/02\/Cumasc-Seisiuin_sa_Black_Gate-3-1920x1080-1.jpg","twitter_site":"@TG4TV","twitter_misc":{"Est. reading time":"3 minutes"},"schema":{"@context":"https:\/\/schema.org","@graph":[{"@type":"WebPage","@id":"https:\/\/dev.tg4.ie\/en\/information\/press\/press-releases\/2022-2\/a-new-contemporary-music-series-from-the-black-gate-cultural-centre-in-galway-city-launches-exclusively-on-the-tg4-player\/","url":"https:\/\/dev.tg4.ie\/en\/information\/press\/press-releases\/2022-2\/a-new-contemporary-music-series-from-the-black-gate-cultural-centre-in-galway-city-launches-exclusively-on-the-tg4-player\/","name":"A new contemporary music series from the Black Gate Cultural Centre in Galway City launches exclusively on the TG4 Player | Press Release | TG4","isPartOf":{"@id":"https:\/\/dev.tg4.ie\/en\/#website"},"primaryImageOfPage":{"@id":"https:\/\/dev.tg4.ie\/en\/information\/press\/press-releases\/2022-2\/a-new-contemporary-music-series-from-the-black-gate-cultural-centre-in-galway-city-launches-exclusively-on-the-tg4-player\/#primaryimage"},"image":{"@id":"https:\/\/dev.tg4.ie\/en\/information\/press\/press-releases\/2022-2\/a-new-contemporary-music-series-from-the-black-gate-cultural-centre-in-galway-city-launches-exclusively-on-the-tg4-player\/#primaryimage"},"thumbnailUrl":"https:\/\/dev.tg4.ie\/wp-content\/uploads\/2022\/02\/Cumasc-Seisiuin_sa_Black_Gate-3-1920x1080-1.jpg","datePublished":"2022-02-01T14:57:57+00:00","dateModified":"2022-02-01T15:13:14+00:00","description":"CUMASC: Seisi\u00fain sa Black Gate is a new 12-part music series that blends gorgeous concert film with intimate observational documentary and interviews.","breadcrumb":{"@id":"https:\/\/dev.tg4.ie\/en\/information\/press\/press-releases\/2022-2\/a-new-contemporary-music-series-from-the-black-gate-cultural-centre-in-galway-city-launches-exclusively-on-the-tg4-player\/#breadcrumb"},"inLanguage":"en-ie","potentialAction":[{"@type":"ReadAction","target":["https:\/\/dev.tg4.ie\/en\/information\/press\/press-releases\/2022-2\/a-new-contemporary-music-series-from-the-black-gate-cultural-centre-in-galway-city-launches-exclusively-on-the-tg4-player\/"]}]},{"@type":"ImageObject","inLanguage":"en-ie","@id":"https:\/\/dev.tg4.ie\/en\/information\/press\/press-releases\/2022-2\/a-new-contemporary-music-series-from-the-black-gate-cultural-centre-in-galway-city-launches-exclusively-on-the-tg4-player\/#primaryimage","url":"https:\/\/dev.tg4.ie\/wp-content\/uploads\/2022\/02\/Cumasc-Seisiuin_sa_Black_Gate-3-1920x1080-1.jpg","contentUrl":"https:\/\/dev.tg4.ie\/wp-content\/uploads\/2022\/02\/Cumasc-Seisiuin_sa_Black_Gate-3-1920x1080-1.jpg"},{"@type":"BreadcrumbList","@id":"https:\/\/dev.tg4.ie\/en\/information\/press\/press-releases\/2022-2\/a-new-contemporary-music-series-from-the-black-gate-cultural-centre-in-galway-city-launches-exclusively-on-the-tg4-player\/#breadcrumb","itemListElement":[{"@type":"ListItem","position":1,"name":"Home","item":"https:\/\/dev.tg4.ie\/en\/"},{"@type":"ListItem","position":2,"name":"Information","item":"https:\/\/dev.tg4.ie\/en\/information\/"},{"@type":"ListItem","position":3,"name":"Press","item":"https:\/\/dev.tg4.ie\/en\/information\/press\/"},{"@type":"ListItem","position":4,"name":"Press Releases","item":"https:\/\/dev.tg4.ie\/en\/information\/press\/press-releases\/"},{"@type":"ListItem","position":5,"name":"2022","item":"https:\/\/dev.tg4.ie\/en\/information\/press\/press-releases\/2022-2\/"},{"@type":"ListItem","position":6,"name":"A new contemporary music series from the Black Gate Cultural Centre in Galway City launches exclusively on the TG4 Player"}]},{"@type":"WebSite","@id":"https:\/\/dev.tg4.ie\/en\/#website","url":"https:\/\/dev.tg4.ie\/en\/","name":"TG4","description":"S\u00fail Eile","potentialAction":[{"@type":"SearchAction","target":{"@type":"EntryPoint","urlTemplate":"https:\/\/dev.tg4.ie\/en\/?s={search_term_string}"},"query-input":"required name=search_term_string"}],"inLanguage":"en-ie"}]}},"_links":{"self":[{"href":"https:\/\/dev.tg4.ie\/en\/wp-json\/wp\/v2\/pages\/139325"}],"collection":[{"href":"https:\/\/dev.tg4.ie\/en\/wp-json\/wp\/v2\/pages"}],"about":[{"href":"https:\/\/dev.tg4.ie\/en\/wp-json\/wp\/v2\/types\/page"}],"author":[{"embeddable":true,"href":"https:\/\/dev.tg4.ie\/en\/wp-json\/wp\/v2\/users\/876"}],"replies":[{"embeddable":true,"href":"https:\/\/dev.tg4.ie\/en\/wp-json\/wp\/v2\/comments?post=139325"}],"version-history":[{"count":0,"href":"https:\/\/dev.tg4.ie\/en\/wp-json\/wp\/v2\/pages\/139325\/revisions"}],"up":[{"embeddable":true,"href":"https:\/\/dev.tg4.ie\/en\/wp-json\/wp\/v2\/pages\/138173"}],"wp:attachment":[{"href":"https:\/\/dev.tg4.ie\/en\/wp-json\/wp\/v2\/media?parent=139325"}],"curies":[{"name":"wp","href":"https:\/\/api.w.org\/{rel}","templated":true}]}}