{"id":140598,"date":"2022-02-17T09:45:10","date_gmt":"2022-02-17T09:45:10","guid":{"rendered":"https:\/\/dev.tg4.ie\/?page_id=140598"},"modified":"2022-02-17T09:45:10","modified_gmt":"2022-02-17T09:45:10","slug":"an-historic-first-at-the-berlinale","status":"publish","type":"page","link":"https:\/\/dev.tg4.ie\/en\/information\/press\/press-releases\/2022-2\/an-historic-first-at-the-berlinale\/","title":{"rendered":"An Historic First: Irish Language Feature Film An Cail\u00edn Ci\u00fain Scoops Grand Prix Award at the Berlinale"},"content":{"rendered":"<p><a href=\"https:\/\/tg4-docs.s3.amazonaws.com\/tg4-redesign-2015\/wp-content\/uploads\/2022\/02\/AnCailinCiuin_TheQuietGirl_Cait_Catherine_Clinch_1-1920x1080-1.jpg\"><img loading=\"lazy\" decoding=\"async\" width=\"1920\" height=\"1080\" src=\"https:\/\/tg4-docs.s3.amazonaws.com\/tg4-redesign-2015\/wp-content\/uploads\/2022\/02\/AnCailinCiuin_TheQuietGirl_Cait_Catherine_Clinch_1-1920x1080-1.jpg\" alt=\"\" class=\"aligncenter size-full wp-image-140596\" srcset=\"https:\/\/tg4-docs.s3.amazonaws.com\/tg4-redesign-2015\/wp-content\/uploads\/2022\/02\/AnCailinCiuin_TheQuietGirl_Cait_Catherine_Clinch_1-1920x1080-1.jpg 1920w, https:\/\/tg4-docs.s3.amazonaws.com\/tg4-redesign-2015\/wp-content\/uploads\/2022\/02\/AnCailinCiuin_TheQuietGirl_Cait_Catherine_Clinch_1-1920x1080-1-250x141.jpg 250w, https:\/\/tg4-docs.s3.amazonaws.com\/tg4-redesign-2015\/wp-content\/uploads\/2022\/02\/AnCailinCiuin_TheQuietGirl_Cait_Catherine_Clinch_1-1920x1080-1-700x394.jpg 700w, https:\/\/tg4-docs.s3.amazonaws.com\/tg4-redesign-2015\/wp-content\/uploads\/2022\/02\/AnCailinCiuin_TheQuietGirl_Cait_Catherine_Clinch_1-1920x1080-1-252x141.jpg 252w, https:\/\/tg4-docs.s3.amazonaws.com\/tg4-redesign-2015\/wp-content\/uploads\/2022\/02\/AnCailinCiuin_TheQuietGirl_Cait_Catherine_Clinch_1-1920x1080-1-1536x864.jpg 1536w, https:\/\/tg4-docs.s3.amazonaws.com\/tg4-redesign-2015\/wp-content\/uploads\/2022\/02\/AnCailinCiuin_TheQuietGirl_Cait_Catherine_Clinch_1-1920x1080-1-120x68.jpg 120w\" sizes=\"(max-width: 1920px) 100vw, 1920px\" \/><\/a><br \/>\n&nbsp;<br \/>\nFollowing its world premiere at the prestigious Berlin International Film Festival AN CAIL\u00cdN CI\u00daIN (THE QUIET GIRL) has won The Grand Prix Award for Best Film from the Generation Kplus International Jury and a Special Mention from the Jury.<br \/>\n&nbsp;<\/p>\n<p>This is a historical first for an Irish-language film and speaking about the award <strong>Director Colm Bair\u00e9ad<\/strong> said <em>&#8220;It was truly an honour to have our World Premiere at the Berlinale next to so many wonderful films in the Generation Kplus programme this year. For An Cail\u00edn Ci\u00fain to have won the Grand Prix is an overwhelming vindication of TG4, Screen Ireland and the BAI in their vision for indigenous, Irish-language cinema and its potential to reach far beyond our shores. It&#8217;s also a beautiful tribute to the extraordinary work of our cast and crew, most especially the wonderful Catherine Clinch, who was the light that guided us through the making of this film.&#8221;  <\/em><br \/>\n&nbsp;<\/p>\n<p>Commenting on the win, <strong>D\u00e9sir\u00e9e Finnegan, Chief Executive of F\u00eds \u00c9ireann\/Screen Ireland<\/strong>, said: <em>\u201cComhghairdeas \u00f3 chro\u00ed le Colm Bair\u00e9ad agus an bhfoireann chruthaitheach an scann\u00e1n An Cail\u00edn Ci\u00fain. Huge congratulations to Colm Bair\u00e9ad and the creative team behind An Cailin Ci\u00fain.  We are so proud to have supported this special film as part of the Cine 4 fund in partnership with TG4 &#038; BAI. It\u2019s fantastic to see history to be made at the Berlinale as the first Irish-language feature film to screen at the festival. Irish language film production has been revitalised in recent years, fostering new and emerging voices with universal stories to tell and is being watched by audiences around the world.\u201d<\/em><br \/>\n&nbsp;<\/p>\n<p><strong>Alan Esslemont, Director General TG4<\/strong> said <em>\u201cHeartfelt congratulations to Cleona N\u00ed Chrualaoi, Colm Bair\u00e9ad and all the team at Insc\u00e9al who worked on \u2018An Cail\u00edn Ci\u00fain\u2019 for their outstanding work and for the wonderful reception their film has received both from audiences and critics.  I\u2019d like to thank my own colleagues in TG4 and our partners in Screen Ireland and the BAI for their outstanding and pioneering commitment to cinema in the Irish language.  Yet again the Cine4 scheme has attracted the highest international acclaim and this is a clear testimonial of the quality of the creative and artistic talent at present working through Irish in Ireland.\u201d<\/em><br \/>\n&nbsp;<\/p>\n<p><strong>Nell Roddy, Co-founder of Break Out Pictures<\/strong> added <em>&#8220;An Cail\u00edn Ci\u00fain is an incredibly moving, beautiful and accomplished film and we are delighted the whole team are getting the recognition they so richly deserve. We look forward to bringing it to cinema audiences later this year.&#8221;<\/em><br \/>\n&nbsp;<\/p>\n<p>AN CAIL\u00cdN CI\u00daIN (THE QUIET GIRL) tells the story of C\u00e1it (Catherine Clinch) &#8211; a nine year-old girl from an overcrowded, dysfunctional family who is sent away to live with foster parents for the summer. Despite a warm reception from the woman, Eibhl\u00edn (Carrie Crowley), the man of the house, Se\u00e1n (Andrew Bennett), keeps his distance from C\u00e1it and she from him, but over time, their strained relationship begins to deepen. Slowly, in the care of the Kinsellas, C\u00e1it blossoms and discovers a new way of living. But in this house where there are meant to be no secrets, she discovers one painful truth.<br \/>\n&nbsp;<\/p>\n<p>Based on the acclaimed story, Foster by Claire Keegan, AN CAIL\u00cdN CI\u00daIN (THE QUIET GIRL) is a complex and delicate coming-of-age drama that explores questions of family, neglect and loss through the eyes of its young protagonist.<br \/>\n&nbsp;<\/p>\n<p>AN CAIL\u00cdN CI\u00daIN (THE QUIET GIRL) is the feature film debut of writer\/director, Colm Bair\u00e9ad and producer, Cleona N\u00ed Chrualaoi of Insc\u00e9al. The film was funded by Screen Ireland, TG4 and the BAI as part of the Cine4 scheme.<br \/>\n&nbsp;<br \/>\nBREAK OUT PICTURES will release AN CAIL\u00cdN CI\u00daIN in cinemas later this year and the film will open The Dublin International Film Festival on February 23rd.<\/p>\n<p>&nbsp;<br \/>\n&nbsp;<\/p>\n","protected":false},"excerpt":{"rendered":"<p>&nbsp; Following its world premiere at the prestigious Berlin International Film Festival AN CAIL\u00cdN CI\u00daIN (THE QUIET GIRL) has won The Grand Prix Award for Best Film from the Generation Kplus International Jury and a Special Mention from the Jury. &nbsp; This is a historical first for an Irish-language film and speaking about the award [&hellip;]<\/p>\n","protected":false},"author":876,"featured_media":0,"parent":138173,"menu_order":6,"comment_status":"closed","ping_status":"closed","template":"page-templates\/template-pr.php","meta":{"_acf_changed":false,"footnotes":""},"acf":[],"yoast_head":"<!-- This site is optimized with the Yoast SEO plugin v22.6 - https:\/\/yoast.com\/wordpress\/plugins\/seo\/ -->\n<title>An Historic First: Irish Language Feature Film An Cail\u00edn Ci\u00fain Scoops Grand Prix Award at the Berlinale | Press Release | TG4<\/title>\n<meta name=\"description\" content=\"Following its world premiere at the prestigious Berlin International Film Festival AN CAIL\u00cdN CI\u00daIN (THE QUIET GIRL) has won The Grand Prix Award for Best Film from the Generation Kplus International Jury and a Special Mention from the Jury.\" \/>\n<meta name=\"robots\" content=\"index, follow, max-snippet:-1, max-image-preview:large, max-video-preview:-1\" \/>\n<meta property=\"og:locale\" content=\"en_US\" \/>\n<meta property=\"og:type\" content=\"article\" \/>\n<meta property=\"og:title\" content=\"An Historic First: Irish Language Feature Film An Cail\u00edn Ci\u00fain Scoops Grand Prix Award at the Berlinale | Press Release | TG4\" \/>\n<meta property=\"og:description\" content=\"Following its world premiere at the prestigious Berlin International Film Festival AN CAIL\u00cdN CI\u00daIN (THE QUIET GIRL) has won The Grand Prix Award for Best Film from the Generation Kplus International Jury and a Special Mention from the Jury.\" \/>\n<meta property=\"og:url\" content=\"https:\/\/dev.tg4.ie\/en\/information\/press\/press-releases\/2022-2\/an-historic-first-at-the-berlinale\/\" \/>\n<meta property=\"og:site_name\" content=\"TG4\" \/>\n<meta property=\"article:publisher\" content=\"https:\/\/www.facebook.com\/TG4TV\" \/>\n<meta property=\"og:image\" content=\"https:\/\/d1og0s8nlbd0hm.cloudfront.net\/tg4-redesign-2015\/wp-content\/uploads\/2022\/02\/AnCailinCiuin_TheQuietGirl_Cait_Catherine_Clinch_1-1920x1080-1.jpg\" \/>\n<meta name=\"twitter:card\" content=\"summary_large_image\" \/>\n<meta name=\"twitter:image\" content=\"https:\/\/d1og0s8nlbd0hm.cloudfront.net\/tg4-redesign-2015\/wp-content\/uploads\/2022\/02\/AnCailinCiuin_TheQuietGirl_Cait_Catherine_Clinch_1-1920x1080-1.jpg\" \/>\n<meta name=\"twitter:site\" content=\"@TG4TV\" \/>\n<meta name=\"twitter:label1\" content=\"Est. reading time\" \/>\n\t<meta name=\"twitter:data1\" content=\"3 minutes\" \/>\n<script type=\"application\/ld+json\" class=\"yoast-schema-graph\">{\"@context\":\"https:\/\/schema.org\",\"@graph\":[{\"@type\":\"WebPage\",\"@id\":\"https:\/\/dev.tg4.ie\/en\/information\/press\/press-releases\/2022-2\/an-historic-first-at-the-berlinale\/\",\"url\":\"https:\/\/dev.tg4.ie\/en\/information\/press\/press-releases\/2022-2\/an-historic-first-at-the-berlinale\/\",\"name\":\"An Historic First: Irish Language Feature Film An Cail\u00edn Ci\u00fain Scoops Grand Prix Award at the Berlinale | Press Release | TG4\",\"isPartOf\":{\"@id\":\"https:\/\/dev.tg4.ie\/en\/#website\"},\"primaryImageOfPage\":{\"@id\":\"https:\/\/dev.tg4.ie\/en\/information\/press\/press-releases\/2022-2\/an-historic-first-at-the-berlinale\/#primaryimage\"},\"image\":{\"@id\":\"https:\/\/dev.tg4.ie\/en\/information\/press\/press-releases\/2022-2\/an-historic-first-at-the-berlinale\/#primaryimage\"},\"thumbnailUrl\":\"https:\/\/dev.tg4.ie\/wp-content\/uploads\/2022\/02\/AnCailinCiuin_TheQuietGirl_Cait_Catherine_Clinch_1-1920x1080-1.jpg\",\"datePublished\":\"2022-02-17T09:45:10+00:00\",\"dateModified\":\"2022-02-17T09:45:10+00:00\",\"description\":\"Following its world premiere at the prestigious Berlin International Film Festival AN CAIL\u00cdN CI\u00daIN (THE QUIET GIRL) has won The Grand Prix Award for Best Film from the Generation Kplus International Jury and a Special Mention from the Jury.\",\"breadcrumb\":{\"@id\":\"https:\/\/dev.tg4.ie\/en\/information\/press\/press-releases\/2022-2\/an-historic-first-at-the-berlinale\/#breadcrumb\"},\"inLanguage\":\"en-ie\",\"potentialAction\":[{\"@type\":\"ReadAction\",\"target\":[\"https:\/\/dev.tg4.ie\/en\/information\/press\/press-releases\/2022-2\/an-historic-first-at-the-berlinale\/\"]}]},{\"@type\":\"ImageObject\",\"inLanguage\":\"en-ie\",\"@id\":\"https:\/\/dev.tg4.ie\/en\/information\/press\/press-releases\/2022-2\/an-historic-first-at-the-berlinale\/#primaryimage\",\"url\":\"https:\/\/dev.tg4.ie\/wp-content\/uploads\/2022\/02\/AnCailinCiuin_TheQuietGirl_Cait_Catherine_Clinch_1-1920x1080-1.jpg\",\"contentUrl\":\"https:\/\/dev.tg4.ie\/wp-content\/uploads\/2022\/02\/AnCailinCiuin_TheQuietGirl_Cait_Catherine_Clinch_1-1920x1080-1.jpg\"},{\"@type\":\"BreadcrumbList\",\"@id\":\"https:\/\/dev.tg4.ie\/en\/information\/press\/press-releases\/2022-2\/an-historic-first-at-the-berlinale\/#breadcrumb\",\"itemListElement\":[{\"@type\":\"ListItem\",\"position\":1,\"name\":\"Home\",\"item\":\"https:\/\/dev.tg4.ie\/en\/\"},{\"@type\":\"ListItem\",\"position\":2,\"name\":\"Information\",\"item\":\"https:\/\/dev.tg4.ie\/en\/information\/\"},{\"@type\":\"ListItem\",\"position\":3,\"name\":\"Press\",\"item\":\"https:\/\/dev.tg4.ie\/en\/information\/press\/\"},{\"@type\":\"ListItem\",\"position\":4,\"name\":\"Press Releases\",\"item\":\"https:\/\/dev.tg4.ie\/en\/information\/press\/press-releases\/\"},{\"@type\":\"ListItem\",\"position\":5,\"name\":\"2022\",\"item\":\"https:\/\/dev.tg4.ie\/en\/information\/press\/press-releases\/2022-2\/\"},{\"@type\":\"ListItem\",\"position\":6,\"name\":\"An Historic First: Irish Language Feature Film An Cail\u00edn Ci\u00fain Scoops Grand Prix Award at the Berlinale\"}]},{\"@type\":\"WebSite\",\"@id\":\"https:\/\/dev.tg4.ie\/en\/#website\",\"url\":\"https:\/\/dev.tg4.ie\/en\/\",\"name\":\"TG4\",\"description\":\"S\u00fail Eile\",\"potentialAction\":[{\"@type\":\"SearchAction\",\"target\":{\"@type\":\"EntryPoint\",\"urlTemplate\":\"https:\/\/dev.tg4.ie\/en\/?s={search_term_string}\"},\"query-input\":\"required name=search_term_string\"}],\"inLanguage\":\"en-ie\"}]}<\/script>\n<!-- \/ Yoast SEO plugin. -->","yoast_head_json":{"title":"An Historic First: Irish Language Feature Film An Cail\u00edn Ci\u00fain Scoops Grand Prix Award at the Berlinale | Press Release | TG4","description":"Following its world premiere at the prestigious Berlin International Film Festival AN CAIL\u00cdN CI\u00daIN (THE QUIET GIRL) has won The Grand Prix Award for Best Film from the Generation Kplus International Jury and a Special Mention from the Jury.","robots":{"index":"index","follow":"follow","max-snippet":"max-snippet:-1","max-image-preview":"max-image-preview:large","max-video-preview":"max-video-preview:-1"},"og_locale":"en_US","og_type":"article","og_title":"An Historic First: Irish Language Feature Film An Cail\u00edn Ci\u00fain Scoops Grand Prix Award at the Berlinale | Press Release | TG4","og_description":"Following its world premiere at the prestigious Berlin International Film Festival AN CAIL\u00cdN CI\u00daIN (THE QUIET GIRL) has won The Grand Prix Award for Best Film from the Generation Kplus International Jury and a Special Mention from the Jury.","og_url":"https:\/\/dev.tg4.ie\/en\/information\/press\/press-releases\/2022-2\/an-historic-first-at-the-berlinale\/","og_site_name":"TG4","article_publisher":"https:\/\/www.facebook.com\/TG4TV","og_image":[{"url":"https:\/\/d1og0s8nlbd0hm.cloudfront.net\/tg4-redesign-2015\/wp-content\/uploads\/2022\/02\/AnCailinCiuin_TheQuietGirl_Cait_Catherine_Clinch_1-1920x1080-1.jpg"}],"twitter_card":"summary_large_image","twitter_image":"https:\/\/d1og0s8nlbd0hm.cloudfront.net\/tg4-redesign-2015\/wp-content\/uploads\/2022\/02\/AnCailinCiuin_TheQuietGirl_Cait_Catherine_Clinch_1-1920x1080-1.jpg","twitter_site":"@TG4TV","twitter_misc":{"Est. reading time":"3 minutes"},"schema":{"@context":"https:\/\/schema.org","@graph":[{"@type":"WebPage","@id":"https:\/\/dev.tg4.ie\/en\/information\/press\/press-releases\/2022-2\/an-historic-first-at-the-berlinale\/","url":"https:\/\/dev.tg4.ie\/en\/information\/press\/press-releases\/2022-2\/an-historic-first-at-the-berlinale\/","name":"An Historic First: Irish Language Feature Film An Cail\u00edn Ci\u00fain Scoops Grand Prix Award at the Berlinale | Press Release | TG4","isPartOf":{"@id":"https:\/\/dev.tg4.ie\/en\/#website"},"primaryImageOfPage":{"@id":"https:\/\/dev.tg4.ie\/en\/information\/press\/press-releases\/2022-2\/an-historic-first-at-the-berlinale\/#primaryimage"},"image":{"@id":"https:\/\/dev.tg4.ie\/en\/information\/press\/press-releases\/2022-2\/an-historic-first-at-the-berlinale\/#primaryimage"},"thumbnailUrl":"https:\/\/dev.tg4.ie\/wp-content\/uploads\/2022\/02\/AnCailinCiuin_TheQuietGirl_Cait_Catherine_Clinch_1-1920x1080-1.jpg","datePublished":"2022-02-17T09:45:10+00:00","dateModified":"2022-02-17T09:45:10+00:00","description":"Following its world premiere at the prestigious Berlin International Film Festival AN CAIL\u00cdN CI\u00daIN (THE QUIET GIRL) has won The Grand Prix Award for Best Film from the Generation Kplus International Jury and a Special Mention from the Jury.","breadcrumb":{"@id":"https:\/\/dev.tg4.ie\/en\/information\/press\/press-releases\/2022-2\/an-historic-first-at-the-berlinale\/#breadcrumb"},"inLanguage":"en-ie","potentialAction":[{"@type":"ReadAction","target":["https:\/\/dev.tg4.ie\/en\/information\/press\/press-releases\/2022-2\/an-historic-first-at-the-berlinale\/"]}]},{"@type":"ImageObject","inLanguage":"en-ie","@id":"https:\/\/dev.tg4.ie\/en\/information\/press\/press-releases\/2022-2\/an-historic-first-at-the-berlinale\/#primaryimage","url":"https:\/\/dev.tg4.ie\/wp-content\/uploads\/2022\/02\/AnCailinCiuin_TheQuietGirl_Cait_Catherine_Clinch_1-1920x1080-1.jpg","contentUrl":"https:\/\/dev.tg4.ie\/wp-content\/uploads\/2022\/02\/AnCailinCiuin_TheQuietGirl_Cait_Catherine_Clinch_1-1920x1080-1.jpg"},{"@type":"BreadcrumbList","@id":"https:\/\/dev.tg4.ie\/en\/information\/press\/press-releases\/2022-2\/an-historic-first-at-the-berlinale\/#breadcrumb","itemListElement":[{"@type":"ListItem","position":1,"name":"Home","item":"https:\/\/dev.tg4.ie\/en\/"},{"@type":"ListItem","position":2,"name":"Information","item":"https:\/\/dev.tg4.ie\/en\/information\/"},{"@type":"ListItem","position":3,"name":"Press","item":"https:\/\/dev.tg4.ie\/en\/information\/press\/"},{"@type":"ListItem","position":4,"name":"Press Releases","item":"https:\/\/dev.tg4.ie\/en\/information\/press\/press-releases\/"},{"@type":"ListItem","position":5,"name":"2022","item":"https:\/\/dev.tg4.ie\/en\/information\/press\/press-releases\/2022-2\/"},{"@type":"ListItem","position":6,"name":"An Historic First: Irish Language Feature Film An Cail\u00edn Ci\u00fain Scoops Grand Prix Award at the Berlinale"}]},{"@type":"WebSite","@id":"https:\/\/dev.tg4.ie\/en\/#website","url":"https:\/\/dev.tg4.ie\/en\/","name":"TG4","description":"S\u00fail Eile","potentialAction":[{"@type":"SearchAction","target":{"@type":"EntryPoint","urlTemplate":"https:\/\/dev.tg4.ie\/en\/?s={search_term_string}"},"query-input":"required name=search_term_string"}],"inLanguage":"en-ie"}]}},"_links":{"self":[{"href":"https:\/\/dev.tg4.ie\/en\/wp-json\/wp\/v2\/pages\/140598"}],"collection":[{"href":"https:\/\/dev.tg4.ie\/en\/wp-json\/wp\/v2\/pages"}],"about":[{"href":"https:\/\/dev.tg4.ie\/en\/wp-json\/wp\/v2\/types\/page"}],"author":[{"embeddable":true,"href":"https:\/\/dev.tg4.ie\/en\/wp-json\/wp\/v2\/users\/876"}],"replies":[{"embeddable":true,"href":"https:\/\/dev.tg4.ie\/en\/wp-json\/wp\/v2\/comments?post=140598"}],"version-history":[{"count":0,"href":"https:\/\/dev.tg4.ie\/en\/wp-json\/wp\/v2\/pages\/140598\/revisions"}],"up":[{"embeddable":true,"href":"https:\/\/dev.tg4.ie\/en\/wp-json\/wp\/v2\/pages\/138173"}],"wp:attachment":[{"href":"https:\/\/dev.tg4.ie\/en\/wp-json\/wp\/v2\/media?parent=140598"}],"curies":[{"name":"wp","href":"https:\/\/api.w.org\/{rel}","templated":true}]}}