{"id":140628,"date":"2022-02-17T12:37:43","date_gmt":"2022-02-17T12:37:43","guid":{"rendered":"https:\/\/dev.tg4.ie\/?page_id=140628"},"modified":"2023-01-26T10:38:36","modified_gmt":"2023-01-26T10:38:36","slug":"2022-2","status":"publish","type":"page","link":"https:\/\/dev.tg4.ie\/en\/information\/awards\/2022-2\/","title":{"rendered":"2022"},"content":{"rendered":"<h1>2022<\/h1>\n<p>&nbsp;<\/p>\n<table>\n<tbody>\n<tr>\n<td><strong>Programme \/ Person<\/strong><\/td>\n<td><strong>Award<\/strong><\/td>\n<td><strong>Awarding Body<\/strong><\/td>\n<\/tr>\n<tr>\n<td>An Cail\u00edn Ci\u00fain<\/td>\n<td>Grand Prix Prize<\/td>\n<td>Berlinale International Film Festival<\/td>\n<\/tr>\n<tr>\n<td>Colm Bair\u00e9ad (Writer\/Director)- An Cail\u00edn Ci\u00fain<\/td>\n<td>Rising Star<\/td>\n<td>Screen Ireland -IFTA<\/td>\n<\/tr>\n<tr>\n<td>An Cail\u00edn Ci\u00fain<\/td>\n<td>Best Film<\/td>\n<td>IFTA<\/td>\n<\/tr>\n<tr>\n<td>Colm Bair\u00e9ad &#8211; An Cail\u00edn Ci\u00fain<\/td>\n<td>Best Film Director<\/td>\n<td>IFTA<\/td>\n<\/tr>\n<tr>\n<td>Catherine Clinch \u2013 An Cail\u00edn Ci\u00fain<\/td>\n<td>Lead Actress Film<\/td>\n<td>IFTA<\/td>\n<\/tr>\n<tr>\n<td>Stephen Rennicks &#8211; An Cail\u00edn Ci\u00fain<\/td>\n<td>Best Original Music<\/td>\n<td>IFTA<\/td>\n<\/tr>\n<tr>\n<td>John Murphy &#8211; An Cail\u00edn Ci\u00fain<\/td>\n<td>Best Editor<\/td>\n<td>IFTA<\/td>\n<\/tr>\n<tr>\n<td>Emma Lowney &#8211; An Cail\u00edn Ci\u00fain<\/td>\n<td>Best Production Design<\/td>\n<td>IFTA<\/td>\n<\/tr>\n<tr>\n<td>Kate McCullough &#8211; An Cail\u00edn Ci\u00fain<\/td>\n<td>Best Cinematography<\/td>\n<td>IFTA<\/td>\n<\/tr>\n<tr>\n<td>D\u00f3nall \u00d3 H\u00e9ala\u00ed &#8211; Foscadh<\/td>\n<td>Nomination &#8211; Lead Actor<\/td>\n<td>IFTA<\/td>\n<\/tr>\n<tr>\n<td>Carrie Crowley &#8211; An Cail\u00edn Ci\u00fain<\/td>\n<td>Nomination &#8211; Supporting Actress<\/td>\n<td>IFTA<\/td>\n<\/tr>\n<tr>\n<td>Cillian \u00d3 Gairbh\u00ed &#8211; Foscadh<\/td>\n<td>Nomination &#8211; Supporting Actor Film<\/td>\n<td>IFTA<\/td>\n<\/tr>\n<tr>\n<td>Peter Coonan &#8211; Doineann<\/td>\n<td>Nomination &#8211; Lead Actor<\/td>\n<td>IFTA<\/td>\n<\/tr>\n<tr>\n<td>Louise Stanton \u2013 An Cail\u00edn Ci\u00fain<\/td>\n<td>Nomination &#8211; Costume Design<\/td>\n<td>IFTA<\/td>\n<\/tr>\n<tr>\n<td>Steve Fanagan, John &#8220;Bob&#8221; Brennan, &amp; Brendan Rehill &#8211; An Cail\u00edn Ci\u00fain<\/td>\n<td>Nomination &#8211; Sound<\/td>\n<td>IFTA<\/td>\n<\/tr>\n<tr>\n<td>An Cail\u00edn Ci\u00fain<\/td>\n<td>Best Irish Film<\/td>\n<td>Virgin Media Dublin International Film Festival Awards<\/td>\n<\/tr>\n<tr>\n<td>R\u00f3ise &amp; Frank<\/td>\n<td>Best Ensemble<\/td>\n<td>Virgin Media Dublin International Film Festival Awards<\/td>\n<\/tr>\n<tr>\n<td>An Cail\u00edn Ci\u00fain<\/td>\n<td>Nomination-European Film and Television Awards<\/td>\n<td>European Film and Television Academy<\/td>\n<\/tr>\n<tr>\n<td>An Cail\u00edn Ci\u00fain<\/td>\n<td>Audience Choice Award<\/td>\n<td>Taipei Film Festival<\/td>\n<\/tr>\n<tr>\n<td>An Cail\u00edn Ci\u00fain<\/td>\n<td>Best non-Australian Audience Choice Award<\/td>\n<td>Sydney Film Festival<\/td>\n<\/tr>\n<tr>\n<td>An Cail\u00edn Ci\u00fain<\/td>\n<td>Best International feature film &#8211; Irish entry<\/td>\n<td>Oscars 2023<\/td>\n<\/tr>\n<tr>\n<td>Tarrac<\/td>\n<td>Best cinematography<\/td>\n<td>Galway Film Fleadh<\/td>\n<\/tr>\n<tr>\n<td>LYRA<\/td>\n<td>Tim Hetherington Award<\/td>\n<td>Sheffield DocFest<\/td>\n<\/tr>\n<tr>\n<td>An Buachaill Gealgh\u00e1ireach<\/td>\n<td>Best Film<\/td>\n<td>Docs Ireland<\/td>\n<\/tr>\n<tr>\n<td>Celtic Utopia &#8211; MDEMC &#038; Plainsong Films i gcomhar le TG4 &#038;\u202fSveriges Television<\/td>\n<td>Best Presentation<\/td>\n<td>Sunny Side of the Doc<\/td>\n<\/tr>\n<tr>\n<td>Foscadh<\/td>\n<td>Golden Tree<\/td>\n<td>Kimolos International Film Festival<\/td>\n<\/tr>\n<tr>\n<td>Misneach &#8211; Tom Clonan<\/td>\n<td>Justice Media Award<\/td>\n<td>Irish Law Society<\/td>\n<\/tr>\n<tr>\n<td>Samhl\u00fa 2020<\/td>\n<td>Arts-Gradam Torc<\/td>\n<td>Celtic Media Festival<\/td>\n<\/tr>\n<tr>\n<td>Samhl\u00fa 2020<\/td>\n<td>Winner &#8211; Arts category<\/td>\n<td>Celtic Media Festival<\/td>\n<\/tr>\n<tr>\n<td>Sol<\/td>\n<td>Best Children\u2019s Programme<\/td>\n<td>Celtic Media Festival<\/td>\n<\/tr>\n<tr>\n<td>Bloc TG4<\/td>\n<td>Best Video Campaign &#8211; Gold<\/td>\n<td>Sockies 2022<\/td>\n<\/tr>\n<tr>\n<td>Molsc\u00e9al TG4<\/td>\n<td>Best Video Campaign &#8211; Silver<\/td>\n<td>Sockies 2022<\/td>\n<\/tr>\n<tr>\n<td>TG4<\/td>\n<td>Best Twitter Account &#8211; Silver<\/td>\n<td>Sockies 2022<\/td>\n<\/tr>\n<tr>\n<td>Molsc\u00e9al TG4<\/td>\n<td>Best Use of Facebook &#8211; Silver<\/td>\n<td>Sockies 2022<\/td>\n<\/tr>\n<tr>\n<td>Linda N\u00ed Ghr\u00edofa &#8211; Campaign &#8220;Hector \u00c9ire Nua&#8221;<\/td>\n<td>Finalist &#8211; Marketing with Irish Awards 2022<\/td>\n<td>All-Ireland Marketing Awards<\/td>\n<\/tr>\n<tr>\n<td>Mediahuis IRL alongside TG4 and Mediaworks Ireland<\/td>\n<td>Best use of National Print &#038; Digital<\/td>\n<td><\/td>\n<\/tr>\n<tr>\n<td>Misneach, Midas Productions<\/td>\n<td>Nomination &#8211; Best Factual Series<\/td>\n<td>RTS Ireland Television Awards Ceremony 2022<\/td>\n<\/tr>\n<tr>\n<td>S\u00edle Seoige: Deireadh Tochta, Tyrone Productions<\/td>\n<td>Nomination &#8211; Best Factual Single Programme<\/td>\n<td>RTS Ireland Television Awards Ceremony 2022<\/td>\n<\/tr>\n<tr>\n<td>An Cuan, Oddboy Media<\/td>\n<td>Nomination &#8211; Best Factual Specialist Programme<\/td>\n<td>RTS Ireland Television Awards Ceremony 2022<\/td>\n<\/tr>\n<tr>\n<td>Se\u00e1n \u00d3 Riada-Mo Sheanathair, T\u00e1in Media<\/td>\n<td>Nomination &#8211; Best Factual Specialist Programme<\/td>\n<td>RTS Ireland Television Awards Ceremony 2022<\/td>\n<\/tr>\n<tr>\n<td>Mo Shaol, Do Shaol, Macalla Teo<\/td>\n<td>Nomination &#8211; Best Children\u2019s Programme<\/td>\n<td>RTS Ireland Television Awards Ceremony 2022<\/td>\n<\/tr>\n<tr>\n<td>Na Debs &#8211; Tictoc Drama, F\u00edb\u00edn Media<\/td>\n<td>Nomination &#8211; Best Children\u2019s Programme<\/td>\n<td>RTS Ireland Television Awards Ceremony 2022<\/td>\n<\/tr>\n<tr>\n<td>R\u00f3ise &#038; Frank<\/td>\n<td>Audience Award<\/td>\n<td>Santa Barbara International Film Festival<\/td>\n<\/tr>\n<tr>\n<td>R\u00f3ise &#038; Frank<\/td>\n<td>Audience Award<\/td>\n<td>Sanoma International Film Festival<\/td>\n<\/tr>\n<tr>\n<td>R\u00f3ise &#038; Frank<\/td>\n<td>Best Film Award<\/td>\n<td>Stockholm Film Festival &#8211; May 2022<\/td>\n<\/tr>\n<tr>\n<td>Rachael Moriarty, Peter Murphy<\/td>\n<td>Best Director Award<\/td>\n<td>Stockholm Film Festival &#8211; May 2022<\/td>\n<\/tr>\n<tr>\n<td>Br\u00edd N\u00ed Neachtain<\/td>\n<td>Best Actress Award<\/td>\n<td>Stockholm Film Festival &#8211; May 2022<\/td>\n<\/tr>\n<tr>\n<td>Br\u00edd N\u00ed Neachtain<\/td>\n<td>Audience Award for Narrative Feature<\/td>\n<td>Port Townsend Film Festival<\/td>\n<\/tr>\n<tr>\n<td>An Cail\u00edn Ci\u00fain<\/td>\n<td>Director\u2019s Debuts Competiton: Nomination<\/td>\n<td>EnergaCamerimage Film Festival 2022<\/td>\n<\/tr>\n<tr>\n<td>An Cail\u00edn Ci\u00fain<\/td>\n<td>Best International Independent Film: Long listed<\/td>\n<td>British Independent Film Awards 2022<\/td>\n<\/tr>\n<tr>\n<td>An Cail\u00edn Ci\u00fain<\/td>\n<td>Audience Favourite Award<\/td>\n<td>North Carolina Film Fest 919<\/td>\n<\/tr>\n<tr>\n<td>An Cail\u00edn Ci\u00fain<\/td>\n<td>Jury Award Best Picture<\/td>\n<td>Newport Beach Film Festival<\/td>\n<\/tr>\n<tr>\n<td>An Cail\u00edn Ci\u00fain<\/td>\n<td>Audience Award for World Cinema<\/td>\n<td>Montclair Film Festival<\/td>\n<\/tr>\n<tr>\n<td>An Cail\u00edn Ci\u00fain<\/td>\n<td>Silver Spike Award<\/td>\n<td>Valladolid International Film Festival<\/td>\n<\/tr>\n<tr>\n<td>An Cail\u00edn Ci\u00fain<\/td>\n<td>FIPRESCI Award<\/td>\n<td>Valladolid International Film Festival<\/td>\n<\/tr>\n<tr>\n<td>An Cail\u00edn Ci\u00fain<\/td>\n<td>Audience Award<\/td>\n<td>Valladolid International Film Festival<\/td>\n<\/tr>\n<tr>\n<td>R\u00f3ise &#038; Frank<\/td>\n<td>Audience Award<\/td>\n<td>FilmFest Tucson 2022<\/td>\n<\/tr>\n<tr>\n<td>R\u00f3ise &#038; Frank<\/td>\n<td>Best Comedy Feature<\/td>\n<td>San Diego International FilmFest 2022<\/td>\n<\/tr>\n<tr>\n<td>An Cail\u00edn Ci\u00fain<\/td>\n<td>Audience Award<\/td>\n<td>Montclair Film Festival<\/td>\n<\/tr>\n<tr>\n<td>An Cail\u00edn Ci\u00fain<\/td>\n<td>Film of the Year<\/td>\n<td>Oireachtas na Gaeilge 2022<\/td>\n<\/tr>\n<tr>\n<td>An Cail\u00edn Ci\u00fain<\/td>\n<td>Miami GEMS Audience Award-First Runner Up<\/td>\n<td>Miami FilmFest 2022<\/td>\n<\/tr>\n<tr>\n<td>Cleona N\u00ed Chrualaoi (Producer) &#8211; An Cail\u00edn Ci\u00fain<\/td>\n<td>Film &#038; Drama Award<\/td>\n<td>Irish Tatler\u2019s Women of the Year Awards 2022<\/td>\n<\/tr>\n<tr>\n<td>An Cail\u00edn Ci\u00fain<\/td>\n<td>Audience Award for Narrative Feature<\/td>\n<td>Denver Film Festival, Colorado 2022<\/td>\n<\/tr>\n<tr>\n<td>An Cail\u00edn Ci\u00fain<\/td>\n<td>Best Feature Film<\/td>\n<td>Irish Film London Awards<\/td>\n<\/tr>\n<tr>\n<td>Cleona N\u00ed Chrualaoi(Producer) &#038; Colm Bair\u00e9ad(Director) &#8211; An Cail\u00edn Ci\u00fain<\/td>\n<td>S\u00fail Eile Award<\/td>\n<td>Irish Film London Awards<\/td>\n<\/tr>\n<tr>\n<td>Kate McCullough (Director of Photography) &#8211; An Cail\u00edn Ci\u00fain<\/td>\n<td>European Cinematography Award 2022<\/td>\n<td>European Film Awards 2022<\/td>\n<\/tr>\n<tr>\n<td>An Cail\u00edn Ci\u00fain<\/td>\n<td>Audience Award<\/td>\n<td>Festival Cin\u00e9 In\u00e9dito M\u00e9rida (Spain)<\/td>\n<\/tr>\n<tr>\n<td>An Cail\u00edn Ci\u00fain<\/td>\n<td>Youth Award<\/td>\n<td>Festival Cin\u00e9 In\u00e9dito M\u00e9rida (Spain)<\/td>\n<\/tr>\n<tr>\n<td>Sol<\/td>\n<td>Children\u2019s Award<\/td>\n<td>Royal Television Society Ireland Television Awards 2022<\/td>\n<\/tr>\n<tr>\n<td>An C\u00f3sta Thiar &#8211; Aniar TV<\/td>\n<td>TV Series of the Year<\/td>\n<td>Na Gradaim Chumars\u00e1ide, Oireachtas na Gaeilge 2022<\/td>\n<\/tr>\n<tr>\n<td>Se\u00e1n \u00d3 Riada, Mo Sheanathair &#8211; T\u00e1in Media<\/td>\n<td>TV Programme of the Year<\/td>\n<td>Na Gradaim Chumars\u00e1ide, Oireachtas na Gaeilge 2022<\/td>\n<\/tr>\n<tr>\n<td>Niamh N\u00ed Chr\u00f3in\u00edn<\/td>\n<td>TV Personality of the Year<\/td>\n<td>Na Gradaim Chumars\u00e1ide, Oireachtas na Gaeilge 2022<\/td>\n<\/tr>\n<tr>\n<td>Darren \u00d3 Dubhg\u00e1in<\/td>\n<td>Young Star of the Year<\/td>\n<td>Na Gradaim Chumars\u00e1ide, Oireachtas na Gaeilge 2022<\/td>\n<\/tr>\n<tr>\n<td>#CpnaG, Molsc\u00e9al ag Comort\u00e1s Peile na Gaeltachta 2022<\/td>\n<td>Social Media Campaign of the Year<\/td>\n<td>Na Gradaim Chumars\u00e1ide, Oireachtas na Gaeilge 2022<\/td>\n<\/tr>\n<tr>\n<td>An Cail\u00edn Ci\u00fain<\/td>\n<td>Grand Prix Best Film<\/td>\n<td>British and Irish Film Festival, Corsica<\/td>\n<\/tr>\n<tr>\n<td>An Cail\u00edn Ci\u00fain<\/td>\n<td>Best Film Youth Jury<\/td>\n<td>British and Irish Film Festival, Corsica<\/td>\n<\/tr>\n<tr>\n<td>An Cail\u00edn Ci\u00fain<\/td>\n<td>Motion Picture International Category: Nomination<\/td>\n<td>27th Satellite Awards 2022<\/td>\n<\/tr>\n<tr>\n<td>An Cail\u00edn Ci\u00fain<\/td>\n<td>Film of the Year<\/td>\n<td>Ryan Gilbey, film critic, The New Statesman<\/td>\n<\/tr>\n<tr>\n<td>An Cail\u00edn Ci\u00fain<\/td>\n<td>Best Film of the Year<\/td>\n<td>Dublin Film Critics\u2019 Circle, 2022<\/td>\n<\/tr>\n<tr>\n<td>An Cail\u00edn Ci\u00fain<\/td>\n<td>Best Foreign language Film: Nomination<\/td>\n<td>London Critic\u2019s Circle 2022<\/td>\n<\/tr>\n<tr>\n<td>An Cail\u00edn Ci\u00fain<\/td>\n<td>Best British\/Irish Film of the Year: Nomination<\/td>\n<td>London Critic\u2019s Circle 2022<\/td>\n<\/tr>\n<tr>\n<td>Colm Bair\u00e9ad, An Cail\u00edn Ci\u00fain<\/td>\n<td>Breakthrough filmmaker: Nomination<\/td>\n<td>London Critic\u2019s Circle 2022<\/td>\n<\/tr>\n<tr>\n<td>Catherine Clinch, An Cail\u00edn Ci\u00fain<\/td>\n<td>Young Performer: Nomination<\/td>\n<td>London Critic\u2019s Circle 2022<\/td>\n<\/tr>\n<tr>\n<td>An Cail\u00edn Ci\u00fain<\/td>\n<td>No. 2 Film of the Year in the UK<\/td>\n<td>The Guardian<\/td>\n<\/tr>\n<tr>\n<td>An Cail\u00edn Ci\u00fain<\/td>\n<td>Best International Feature Film \u2013 Shortlist nomination<\/td>\n<td>Oscars 2023<\/td>\n<\/tr>\n<\/tbody>\n<\/table>\n<p>&nbsp;<\/p>\n","protected":false},"excerpt":{"rendered":"<p>2022 &nbsp; Programme \/ Person Award Awarding Body An Cail\u00edn Ci\u00fain Grand Prix Prize Berlinale International Film Festival Colm Bair\u00e9ad (Writer\/Director)- An Cail\u00edn Ci\u00fain Rising Star Screen Ireland -IFTA An Cail\u00edn Ci\u00fain Best Film IFTA Colm Bair\u00e9ad &#8211; An Cail\u00edn Ci\u00fain Best Film Director IFTA Catherine Clinch \u2013 An Cail\u00edn Ci\u00fain Lead Actress Film IFTA [&hellip;]<\/p>\n","protected":false},"author":876,"featured_media":0,"parent":1217,"menu_order":24,"comment_status":"closed","ping_status":"closed","template":"page-templates\/template-corporate.php","meta":{"_acf_changed":false,"footnotes":""},"acf":[],"yoast_head":"<!-- This site is optimized with the Yoast SEO plugin v22.6 - https:\/\/yoast.com\/wordpress\/plugins\/seo\/ -->\n<title>2022 - TG4<\/title>\n<meta name=\"robots\" content=\"index, follow, max-snippet:-1, max-image-preview:large, max-video-preview:-1\" \/>\n<meta property=\"og:locale\" content=\"en_US\" \/>\n<meta property=\"og:type\" content=\"article\" \/>\n<meta property=\"og:title\" content=\"2022 - TG4\" \/>\n<meta property=\"og:description\" content=\"2022 &nbsp; Programme \/ Person Award Awarding Body An Cail\u00edn Ci\u00fain Grand Prix Prize Berlinale International Film Festival Colm Bair\u00e9ad (Writer\/Director)- An Cail\u00edn Ci\u00fain Rising Star Screen Ireland -IFTA An Cail\u00edn Ci\u00fain Best Film IFTA Colm Bair\u00e9ad &#8211; An Cail\u00edn Ci\u00fain Best Film Director IFTA Catherine Clinch \u2013 An Cail\u00edn Ci\u00fain Lead Actress Film IFTA [&hellip;]\" \/>\n<meta property=\"og:url\" content=\"https:\/\/dev.tg4.ie\/en\/information\/awards\/2022-2\/\" \/>\n<meta property=\"og:site_name\" content=\"TG4\" \/>\n<meta property=\"article:publisher\" content=\"https:\/\/www.facebook.com\/TG4TV\" \/>\n<meta property=\"article:modified_time\" content=\"2023-01-26T10:38:36+00:00\" \/>\n<meta property=\"og:image\" content=\"https:\/\/tg4-docs.s3.amazonaws.com\/wp-content\/uploads\/2024\/11\/18151812\/TG4_2024_corcra_teal_1-1920x1080-1.jpg\" \/>\n\t<meta property=\"og:image:width\" content=\"1920\" \/>\n\t<meta property=\"og:image:height\" content=\"1080\" \/>\n\t<meta property=\"og:image:type\" content=\"image\/jpeg\" \/>\n<meta name=\"twitter:card\" content=\"summary_large_image\" \/>\n<meta name=\"twitter:site\" content=\"@TG4TV\" \/>\n<meta name=\"twitter:label1\" content=\"Est. reading time\" \/>\n\t<meta name=\"twitter:data1\" content=\"5 minutes\" \/>\n<script type=\"application\/ld+json\" class=\"yoast-schema-graph\">{\"@context\":\"https:\/\/schema.org\",\"@graph\":[{\"@type\":\"WebPage\",\"@id\":\"https:\/\/dev.tg4.ie\/en\/information\/awards\/2022-2\/\",\"url\":\"https:\/\/dev.tg4.ie\/en\/information\/awards\/2022-2\/\",\"name\":\"2022 - TG4\",\"isPartOf\":{\"@id\":\"https:\/\/dev.tg4.ie\/en\/#website\"},\"datePublished\":\"2022-02-17T12:37:43+00:00\",\"dateModified\":\"2023-01-26T10:38:36+00:00\",\"breadcrumb\":{\"@id\":\"https:\/\/dev.tg4.ie\/en\/information\/awards\/2022-2\/#breadcrumb\"},\"inLanguage\":\"en-ie\",\"potentialAction\":[{\"@type\":\"ReadAction\",\"target\":[\"https:\/\/dev.tg4.ie\/en\/information\/awards\/2022-2\/\"]}]},{\"@type\":\"BreadcrumbList\",\"@id\":\"https:\/\/dev.tg4.ie\/en\/information\/awards\/2022-2\/#breadcrumb\",\"itemListElement\":[{\"@type\":\"ListItem\",\"position\":1,\"name\":\"Home\",\"item\":\"https:\/\/dev.tg4.ie\/en\/\"},{\"@type\":\"ListItem\",\"position\":2,\"name\":\"Information\",\"item\":\"https:\/\/dev.tg4.ie\/en\/information\/\"},{\"@type\":\"ListItem\",\"position\":3,\"name\":\"Awards\",\"item\":\"https:\/\/dev.tg4.ie\/en\/information\/awards\/\"},{\"@type\":\"ListItem\",\"position\":4,\"name\":\"2022\"}]},{\"@type\":\"WebSite\",\"@id\":\"https:\/\/dev.tg4.ie\/en\/#website\",\"url\":\"https:\/\/dev.tg4.ie\/en\/\",\"name\":\"TG4\",\"description\":\"S\u00fail Eile\",\"potentialAction\":[{\"@type\":\"SearchAction\",\"target\":{\"@type\":\"EntryPoint\",\"urlTemplate\":\"https:\/\/dev.tg4.ie\/en\/?s={search_term_string}\"},\"query-input\":\"required name=search_term_string\"}],\"inLanguage\":\"en-ie\"}]}<\/script>\n<!-- \/ Yoast SEO plugin. -->","yoast_head_json":{"title":"2022 - TG4","robots":{"index":"index","follow":"follow","max-snippet":"max-snippet:-1","max-image-preview":"max-image-preview:large","max-video-preview":"max-video-preview:-1"},"og_locale":"en_US","og_type":"article","og_title":"2022 - TG4","og_description":"2022 &nbsp; Programme \/ Person Award Awarding Body An Cail\u00edn Ci\u00fain Grand Prix Prize Berlinale International Film Festival Colm Bair\u00e9ad (Writer\/Director)- An Cail\u00edn Ci\u00fain Rising Star Screen Ireland -IFTA An Cail\u00edn Ci\u00fain Best Film IFTA Colm Bair\u00e9ad &#8211; An Cail\u00edn Ci\u00fain Best Film Director IFTA Catherine Clinch \u2013 An Cail\u00edn Ci\u00fain Lead Actress Film IFTA [&hellip;]","og_url":"https:\/\/dev.tg4.ie\/en\/information\/awards\/2022-2\/","og_site_name":"TG4","article_publisher":"https:\/\/www.facebook.com\/TG4TV","article_modified_time":"2023-01-26T10:38:36+00:00","og_image":[{"width":1920,"height":1080,"url":"https:\/\/tg4-docs.s3.amazonaws.com\/wp-content\/uploads\/2024\/11\/18151812\/TG4_2024_corcra_teal_1-1920x1080-1.jpg","type":"image\/jpeg"}],"twitter_card":"summary_large_image","twitter_site":"@TG4TV","twitter_misc":{"Est. reading time":"5 minutes"},"schema":{"@context":"https:\/\/schema.org","@graph":[{"@type":"WebPage","@id":"https:\/\/dev.tg4.ie\/en\/information\/awards\/2022-2\/","url":"https:\/\/dev.tg4.ie\/en\/information\/awards\/2022-2\/","name":"2022 - TG4","isPartOf":{"@id":"https:\/\/dev.tg4.ie\/en\/#website"},"datePublished":"2022-02-17T12:37:43+00:00","dateModified":"2023-01-26T10:38:36+00:00","breadcrumb":{"@id":"https:\/\/dev.tg4.ie\/en\/information\/awards\/2022-2\/#breadcrumb"},"inLanguage":"en-ie","potentialAction":[{"@type":"ReadAction","target":["https:\/\/dev.tg4.ie\/en\/information\/awards\/2022-2\/"]}]},{"@type":"BreadcrumbList","@id":"https:\/\/dev.tg4.ie\/en\/information\/awards\/2022-2\/#breadcrumb","itemListElement":[{"@type":"ListItem","position":1,"name":"Home","item":"https:\/\/dev.tg4.ie\/en\/"},{"@type":"ListItem","position":2,"name":"Information","item":"https:\/\/dev.tg4.ie\/en\/information\/"},{"@type":"ListItem","position":3,"name":"Awards","item":"https:\/\/dev.tg4.ie\/en\/information\/awards\/"},{"@type":"ListItem","position":4,"name":"2022"}]},{"@type":"WebSite","@id":"https:\/\/dev.tg4.ie\/en\/#website","url":"https:\/\/dev.tg4.ie\/en\/","name":"TG4","description":"S\u00fail Eile","potentialAction":[{"@type":"SearchAction","target":{"@type":"EntryPoint","urlTemplate":"https:\/\/dev.tg4.ie\/en\/?s={search_term_string}"},"query-input":"required name=search_term_string"}],"inLanguage":"en-ie"}]}},"_links":{"self":[{"href":"https:\/\/dev.tg4.ie\/en\/wp-json\/wp\/v2\/pages\/140628"}],"collection":[{"href":"https:\/\/dev.tg4.ie\/en\/wp-json\/wp\/v2\/pages"}],"about":[{"href":"https:\/\/dev.tg4.ie\/en\/wp-json\/wp\/v2\/types\/page"}],"author":[{"embeddable":true,"href":"https:\/\/dev.tg4.ie\/en\/wp-json\/wp\/v2\/users\/876"}],"replies":[{"embeddable":true,"href":"https:\/\/dev.tg4.ie\/en\/wp-json\/wp\/v2\/comments?post=140628"}],"version-history":[{"count":0,"href":"https:\/\/dev.tg4.ie\/en\/wp-json\/wp\/v2\/pages\/140628\/revisions"}],"up":[{"embeddable":true,"href":"https:\/\/dev.tg4.ie\/en\/wp-json\/wp\/v2\/pages\/1217"}],"wp:attachment":[{"href":"https:\/\/dev.tg4.ie\/en\/wp-json\/wp\/v2\/media?parent=140628"}],"curies":[{"name":"wp","href":"https:\/\/api.w.org\/{rel}","templated":true}]}}