{"id":14079,"date":"2016-02-15T16:34:54","date_gmt":"2016-02-15T16:34:54","guid":{"rendered":"https:\/\/dev.tg4.ie\/en\/?page_id=14079"},"modified":"2019-06-24T16:14:48","modified_gmt":"2019-06-24T15:14:48","slug":"15-02-16","status":"publish","type":"page","link":"https:\/\/dev.tg4.ie\/en\/information\/press\/press-releases\/2016-2\/15-02-16\/","title":{"rendered":"15.02.16"},"content":{"rendered":"<h2>TG4 Election programme to feature interviews with senior leadership figures<\/h2>\n<p>TG4 will play host to an important part of the current General Election campaign next Wednesday\u00a0 (17<sup>th<\/sup> Feb) as senior representatives of the four main political parties arrive there to be interviewed in depth and \u2018as Gaeilge\u2019 on its main evening news programme, V\u00f3ta 2016, broadcast 7-8.30pm.<\/p>\n<p>Fine Gael leader and Taoiseach, <strong>Enda Kenny<\/strong>,\u00a0 Fianna F\u00e1il leader <strong>Miche\u00e1l Martin<\/strong>, Sinn F\u00e9in Finance spokesperson <strong>Pearse Doherty<\/strong> and Labour Party Minister of State<strong> Aodh\u00e1n \u00d3 Riord\u00e1in <\/strong>will all be quizzed on their party\u2019s track records and election policies and promises by the TG4\u2019s award-winning news anchor <strong>Eimear N\u00ed Chonaola <\/strong>and current affairs presenter <strong>P\u00e1id\u00ed \u00d3 Lion\u00e1ird <\/strong>\u00a0in one-on-one interviews.<\/p>\n<p>Coming just a week before polling day, the in-depth interviews will combine questions on the election issues that have made national headlines since the start of the campaign &#8211; health, taxation, the fiscal space, jobs and crime, with the Fine Gael, Labour, Sinn F\u00e9in and Fianna F\u00e1il representatives all explaining their different stances.\u00a0\u00a0 Issues of special interest to the TG4 audience \u2013 education, Gaeltacht affairs, rural crime, agriculture and current state of the Irish language are also certain to feature in the questioning.<\/p>\n<p>The TG4 extended interviews in Irish as Gaeilge will be broadcast by TG4 with on-screen English subtitles. To facilitate the subtitling process, the interviews will be pre-recorded.\u00a0 An Taoiseach\u2019s interview will be recorded at the Clayton Hotel in Galway at 4pm on the day with the Fianna F\u00e1il leader due in TG4 Headquarters in Baile na hAbhann at 10am for his interview.<\/p>\n<p><strong>V\u00f3ta 2016 will be broadcast on Wednesday, February 17th at 7pm on TG4.<\/strong><\/p>\n<p><strong>Media contact:<\/strong> Linda N\u00ed Ghr\u00edofa, PR TG4 <a href=\"mailto:linda.ni.ghriofa@dev.tg4.ie\">linda.ni.ghriofa@dev.tg4.ie<\/a>, 091-505228, 087-91728964<\/p>\n","protected":false},"excerpt":{"rendered":"<p>TG4 Election programme to feature interviews with senior leadership figures TG4 will play host to an important part of the current General Election campaign next Wednesday\u00a0 (17th Feb) as senior representatives of the four main political parties arrive there to be interviewed in depth and \u2018as Gaeilge\u2019 on its main evening news programme, V\u00f3ta 2016, [&hellip;]<\/p>\n","protected":false},"author":876,"featured_media":0,"parent":6901,"menu_order":5,"comment_status":"closed","ping_status":"closed","template":"page-templates\/template-pr.php","meta":{"_acf_changed":false,"footnotes":""},"acf":[],"yoast_head":"<!-- This site is optimized with the Yoast SEO plugin v22.6 - https:\/\/yoast.com\/wordpress\/plugins\/seo\/ -->\n<title>15.02.16 - TG4<\/title>\n<meta name=\"robots\" content=\"index, follow, max-snippet:-1, max-image-preview:large, max-video-preview:-1\" \/>\n<meta property=\"og:locale\" content=\"en_US\" \/>\n<meta property=\"og:type\" content=\"article\" \/>\n<meta property=\"og:title\" content=\"15.02.16 - TG4\" \/>\n<meta property=\"og:description\" content=\"TG4 Election programme to feature interviews with senior leadership figures TG4 will play host to an important part of the current General Election campaign next Wednesday\u00a0 (17th Feb) as senior representatives of the four main political parties arrive there to be interviewed in depth and \u2018as Gaeilge\u2019 on its main evening news programme, V\u00f3ta 2016, [&hellip;]\" \/>\n<meta property=\"og:url\" content=\"https:\/\/dev.tg4.ie\/en\/information\/press\/press-releases\/2016-2\/15-02-16\/\" \/>\n<meta property=\"og:site_name\" content=\"TG4\" \/>\n<meta property=\"article:publisher\" content=\"https:\/\/www.facebook.com\/TG4TV\" \/>\n<meta property=\"article:modified_time\" content=\"2019-06-24T15:14:48+00:00\" \/>\n<meta property=\"og:image\" content=\"https:\/\/tg4-docs.s3.amazonaws.com\/wp-content\/uploads\/2024\/11\/18151812\/TG4_2024_corcra_teal_1-1920x1080-1.jpg\" \/>\n\t<meta property=\"og:image:width\" content=\"1920\" \/>\n\t<meta property=\"og:image:height\" content=\"1080\" \/>\n\t<meta property=\"og:image:type\" content=\"image\/jpeg\" \/>\n<meta name=\"twitter:card\" content=\"summary_large_image\" \/>\n<meta name=\"twitter:site\" content=\"@TG4TV\" \/>\n<meta name=\"twitter:label1\" content=\"Est. reading time\" \/>\n\t<meta name=\"twitter:data1\" content=\"2 minutes\" \/>\n<script type=\"application\/ld+json\" class=\"yoast-schema-graph\">{\"@context\":\"https:\/\/schema.org\",\"@graph\":[{\"@type\":\"WebPage\",\"@id\":\"https:\/\/dev.tg4.ie\/en\/information\/press\/press-releases\/2016-2\/15-02-16\/\",\"url\":\"https:\/\/dev.tg4.ie\/en\/information\/press\/press-releases\/2016-2\/15-02-16\/\",\"name\":\"15.02.16 - TG4\",\"isPartOf\":{\"@id\":\"https:\/\/dev.tg4.ie\/en\/#website\"},\"datePublished\":\"2016-02-15T16:34:54+00:00\",\"dateModified\":\"2019-06-24T15:14:48+00:00\",\"breadcrumb\":{\"@id\":\"https:\/\/dev.tg4.ie\/en\/information\/press\/press-releases\/2016-2\/15-02-16\/#breadcrumb\"},\"inLanguage\":\"en-ie\",\"potentialAction\":[{\"@type\":\"ReadAction\",\"target\":[\"https:\/\/dev.tg4.ie\/en\/information\/press\/press-releases\/2016-2\/15-02-16\/\"]}]},{\"@type\":\"BreadcrumbList\",\"@id\":\"https:\/\/dev.tg4.ie\/en\/information\/press\/press-releases\/2016-2\/15-02-16\/#breadcrumb\",\"itemListElement\":[{\"@type\":\"ListItem\",\"position\":1,\"name\":\"Home\",\"item\":\"https:\/\/dev.tg4.ie\/en\/\"},{\"@type\":\"ListItem\",\"position\":2,\"name\":\"Information\",\"item\":\"https:\/\/dev.tg4.ie\/en\/information\/\"},{\"@type\":\"ListItem\",\"position\":3,\"name\":\"Press\",\"item\":\"https:\/\/dev.tg4.ie\/en\/information\/press\/\"},{\"@type\":\"ListItem\",\"position\":4,\"name\":\"Press Releases\",\"item\":\"https:\/\/dev.tg4.ie\/en\/information\/press\/press-releases\/\"},{\"@type\":\"ListItem\",\"position\":5,\"name\":\"2016\",\"item\":\"https:\/\/dev.tg4.ie\/en\/information\/press\/press-releases\/2016-2\/\"},{\"@type\":\"ListItem\",\"position\":6,\"name\":\"15.02.16\"}]},{\"@type\":\"WebSite\",\"@id\":\"https:\/\/dev.tg4.ie\/en\/#website\",\"url\":\"https:\/\/dev.tg4.ie\/en\/\",\"name\":\"TG4\",\"description\":\"S\u00fail Eile\",\"potentialAction\":[{\"@type\":\"SearchAction\",\"target\":{\"@type\":\"EntryPoint\",\"urlTemplate\":\"https:\/\/dev.tg4.ie\/en\/?s={search_term_string}\"},\"query-input\":\"required name=search_term_string\"}],\"inLanguage\":\"en-ie\"}]}<\/script>\n<!-- \/ Yoast SEO plugin. -->","yoast_head_json":{"title":"15.02.16 - TG4","robots":{"index":"index","follow":"follow","max-snippet":"max-snippet:-1","max-image-preview":"max-image-preview:large","max-video-preview":"max-video-preview:-1"},"og_locale":"en_US","og_type":"article","og_title":"15.02.16 - TG4","og_description":"TG4 Election programme to feature interviews with senior leadership figures TG4 will play host to an important part of the current General Election campaign next Wednesday\u00a0 (17th Feb) as senior representatives of the four main political parties arrive there to be interviewed in depth and \u2018as Gaeilge\u2019 on its main evening news programme, V\u00f3ta 2016, [&hellip;]","og_url":"https:\/\/dev.tg4.ie\/en\/information\/press\/press-releases\/2016-2\/15-02-16\/","og_site_name":"TG4","article_publisher":"https:\/\/www.facebook.com\/TG4TV","article_modified_time":"2019-06-24T15:14:48+00:00","og_image":[{"width":1920,"height":1080,"url":"https:\/\/tg4-docs.s3.amazonaws.com\/wp-content\/uploads\/2024\/11\/18151812\/TG4_2024_corcra_teal_1-1920x1080-1.jpg","type":"image\/jpeg"}],"twitter_card":"summary_large_image","twitter_site":"@TG4TV","twitter_misc":{"Est. reading time":"2 minutes"},"schema":{"@context":"https:\/\/schema.org","@graph":[{"@type":"WebPage","@id":"https:\/\/dev.tg4.ie\/en\/information\/press\/press-releases\/2016-2\/15-02-16\/","url":"https:\/\/dev.tg4.ie\/en\/information\/press\/press-releases\/2016-2\/15-02-16\/","name":"15.02.16 - TG4","isPartOf":{"@id":"https:\/\/dev.tg4.ie\/en\/#website"},"datePublished":"2016-02-15T16:34:54+00:00","dateModified":"2019-06-24T15:14:48+00:00","breadcrumb":{"@id":"https:\/\/dev.tg4.ie\/en\/information\/press\/press-releases\/2016-2\/15-02-16\/#breadcrumb"},"inLanguage":"en-ie","potentialAction":[{"@type":"ReadAction","target":["https:\/\/dev.tg4.ie\/en\/information\/press\/press-releases\/2016-2\/15-02-16\/"]}]},{"@type":"BreadcrumbList","@id":"https:\/\/dev.tg4.ie\/en\/information\/press\/press-releases\/2016-2\/15-02-16\/#breadcrumb","itemListElement":[{"@type":"ListItem","position":1,"name":"Home","item":"https:\/\/dev.tg4.ie\/en\/"},{"@type":"ListItem","position":2,"name":"Information","item":"https:\/\/dev.tg4.ie\/en\/information\/"},{"@type":"ListItem","position":3,"name":"Press","item":"https:\/\/dev.tg4.ie\/en\/information\/press\/"},{"@type":"ListItem","position":4,"name":"Press Releases","item":"https:\/\/dev.tg4.ie\/en\/information\/press\/press-releases\/"},{"@type":"ListItem","position":5,"name":"2016","item":"https:\/\/dev.tg4.ie\/en\/information\/press\/press-releases\/2016-2\/"},{"@type":"ListItem","position":6,"name":"15.02.16"}]},{"@type":"WebSite","@id":"https:\/\/dev.tg4.ie\/en\/#website","url":"https:\/\/dev.tg4.ie\/en\/","name":"TG4","description":"S\u00fail Eile","potentialAction":[{"@type":"SearchAction","target":{"@type":"EntryPoint","urlTemplate":"https:\/\/dev.tg4.ie\/en\/?s={search_term_string}"},"query-input":"required name=search_term_string"}],"inLanguage":"en-ie"}]}},"_links":{"self":[{"href":"https:\/\/dev.tg4.ie\/en\/wp-json\/wp\/v2\/pages\/14079"}],"collection":[{"href":"https:\/\/dev.tg4.ie\/en\/wp-json\/wp\/v2\/pages"}],"about":[{"href":"https:\/\/dev.tg4.ie\/en\/wp-json\/wp\/v2\/types\/page"}],"author":[{"embeddable":true,"href":"https:\/\/dev.tg4.ie\/en\/wp-json\/wp\/v2\/users\/876"}],"replies":[{"embeddable":true,"href":"https:\/\/dev.tg4.ie\/en\/wp-json\/wp\/v2\/comments?post=14079"}],"version-history":[{"count":0,"href":"https:\/\/dev.tg4.ie\/en\/wp-json\/wp\/v2\/pages\/14079\/revisions"}],"up":[{"embeddable":true,"href":"https:\/\/dev.tg4.ie\/en\/wp-json\/wp\/v2\/pages\/6901"}],"wp:attachment":[{"href":"https:\/\/dev.tg4.ie\/en\/wp-json\/wp\/v2\/media?parent=14079"}],"curies":[{"name":"wp","href":"https:\/\/api.w.org\/{rel}","templated":true}]}}