{"id":141468,"date":"2022-02-22T12:39:24","date_gmt":"2022-02-22T12:39:24","guid":{"rendered":"https:\/\/dev.tg4.ie\/?page_id=141468"},"modified":"2022-02-22T12:39:24","modified_gmt":"2022-02-22T12:39:24","slug":"ten-nominations-for-irish-language-film-an-cailin-ciuin-at-the-2022-ifta-awards","status":"publish","type":"page","link":"https:\/\/dev.tg4.ie\/en\/information\/press\/press-releases\/2022-2\/ten-nominations-for-irish-language-film-an-cailin-ciuin-at-the-2022-ifta-awards\/","title":{"rendered":"Ten Nominations for Irish language film &#8216;An Cail\u00edn Ci\u00fain&#8217; at the 2022 IFTA Awards"},"content":{"rendered":"<p><a href=\"https:\/\/tg4-docs.s3.amazonaws.com\/tg4-redesign-2015\/wp-content\/uploads\/2022\/02\/Cailin_Ciuin-Foscadh-Doineann_1_1920x1080.jpg\"><img loading=\"lazy\" decoding=\"async\" width=\"1920\" height=\"1080\" src=\"https:\/\/tg4-docs.s3.amazonaws.com\/tg4-redesign-2015\/wp-content\/uploads\/2022\/02\/Cailin_Ciuin-Foscadh-Doineann_1_1920x1080.jpg\" alt=\"\" class=\"aligncenter size-full wp-image-141465\" srcset=\"https:\/\/tg4-docs.s3.amazonaws.com\/tg4-redesign-2015\/wp-content\/uploads\/2022\/02\/Cailin_Ciuin-Foscadh-Doineann_1_1920x1080.jpg 1920w, https:\/\/tg4-docs.s3.amazonaws.com\/tg4-redesign-2015\/wp-content\/uploads\/2022\/02\/Cailin_Ciuin-Foscadh-Doineann_1_1920x1080-250x141.jpg 250w, https:\/\/tg4-docs.s3.amazonaws.com\/tg4-redesign-2015\/wp-content\/uploads\/2022\/02\/Cailin_Ciuin-Foscadh-Doineann_1_1920x1080-700x394.jpg 700w, https:\/\/tg4-docs.s3.amazonaws.com\/tg4-redesign-2015\/wp-content\/uploads\/2022\/02\/Cailin_Ciuin-Foscadh-Doineann_1_1920x1080-252x141.jpg 252w, https:\/\/tg4-docs.s3.amazonaws.com\/tg4-redesign-2015\/wp-content\/uploads\/2022\/02\/Cailin_Ciuin-Foscadh-Doineann_1_1920x1080-1536x864.jpg 1536w, https:\/\/tg4-docs.s3.amazonaws.com\/tg4-redesign-2015\/wp-content\/uploads\/2022\/02\/Cailin_Ciuin-Foscadh-Doineann_1_1920x1080-120x68.jpg 120w\" sizes=\"(max-width: 1920px) 100vw, 1920px\" \/><\/a><br \/>\n&nbsp;<br \/>\nTG4 funded films have received thirteen nominations for this year&#8217;s IFTA Film and Drama awards. The nominations were announced this morning.  <strong>An Cail\u00edn Ci\u00fain<\/strong> has received ten nominations and <strong>Foscadh<\/strong>, two nominations and <strong>Doineann<\/strong> has one nomination. <strong>An Cail\u00edn Ci\u00fain<\/strong> and <strong>Foscadh<\/strong> are films from CINE4, an initiative between TG4, F\u00eds \u00c9ireann and the BAI, to develop Irish language feature films. <strong>Doineann<\/strong> is a film from the Geal\u00e1n scheme funded by TG4, BBC Gaeilge and the Northern Ireland Screen Irish Language Broadcast Fund.<br \/>\n&nbsp;<\/p>\n<p><strong>An Cail\u00edn Ci\u00fain<\/strong> tells the story of C\u00e1it (Catherine Clinch) \u2013 a nine year-old girl from an overcrowded, dysfunctional family who is sent away to live with foster parents for the summer. Despite a warm reception from the woman, Eibhl\u00edn (Carrie Crowley), the man of the house, Se\u00e1n (Andrew Bennett), keeps his distance from C\u00e1it and she from him, but over time, their strained relationship begins to deepen. Slowly, in the care of the Kinsellas, C\u00e1it blossoms and discovers a new way of living. But in this house where there are meant to be no secrets, she discovers one painful truth. The film is the feature film debut of writer\/director, Colm Bair\u00e9ad and producer, Cleona N\u00ed Chrualaoi of Insc\u00e9al. The film has been nominated for ten IFTA awards, including Best Film,  Lead Actress Film for Catherine Clinch and Supporting Actress Film for Carrie Crowley.<br \/>\n&nbsp;<br \/>\nBased on the acclaimed story, <em>Foster<\/em> by Claire Keegan, An Cail\u00edn Ci\u00fain is a complex and delicate coming-of-age drama that explores questions of family, neglect and loss through the eyes of its young protagonist. An Cail\u00edn Ci\u00fain premiered at Berlinale the Berlin International Film Festival earlier this month and won The Grand Prix Award for Best Film from the Generation Kplus International Jury and a Special Mention from the Jury. It will open the Virgin Media Dublin International Film Festival tomorrow evening, and will be screened at the Glasgow Film Festival next month. The film has been highly praised by critics so far. This is the fourth film from the CINE4 scheme, following <strong>Finky<\/strong> (2019), <strong>Arracht<\/strong>  (2020) and <strong>Foscadh<\/strong> (2021).<br \/>\n&nbsp;<\/p>\n<p><strong>Foscadh<\/strong> which was Ireland&#8217;s entry for the Oscars\u2019 Best International Feature Film category will be in cinemas across the country on the first day of Seachtain na Gaeilge on March 1st and in select cinemas from the 11th of March. The film was produced by Magamedia and is based on the book <em>The Thing About December<\/em> by Donal Ryan.  Foscadh, is a poignant meditation on isolation, neurodiversity, and letting go of the past, set in the wild mountains of Connemara,  tells the story of na\u00efve recluse John Cunliffe who is suddenly propelled into manhood at the ripe old age of 28. When his overprotective parents pass away, friendless John inherits mountain land that is in the way of a lucrative wind-farm development, and he is forced to navigate the choppy waters of romance, trust and vengeance for the first time.  Written and directed by Se\u00e1n Breathnach, stars D\u00f3nall \u00d3 H\u00e9alai (Arracht), Fionnuala Flaherty (An Klondike), and Cillian \u00d3 Gairbh\u00ed (Blood). D\u00f3nall \u00d3 H\u00e9ala\u00ed is nominated by IFTA for Lead Actor Film and Cillian \u00d3 Gairbh\u00ed for Supporting Actor Film.  Trailer: <a href=\"https:\/\/youtu.be\/eWkA2BgjaLU\" rel=\"noopener\" target=\"_blank\">https:\/\/youtu.be\/eWkA2BgjaLU<\/a><br \/>\n&nbsp;<\/p>\n<p><strong>Doineann<\/strong> received one nomination for Lead Actor Film for Peter Coonan. In Doineann, a woman and her baby son go missing on a remote Irish island. Her husband must put his trust in the island\u2019s retired policewomant&#8217;s a story about a woman and her little son who go missing on a remote island in Ireland. Doineann is produced by Doubleband films and is the debut film of Damian McCann and written by Aislinn Clarke.   Trailer: <a href=\"https:\/\/youtu.be\/bEvKxjkEkIg\" rel=\"noopener\" target=\"_blank\">https:\/\/youtu.be\/bEvKxjkEkIg<\/a><br \/>\n&nbsp;<\/p>\n<p><strong>Director General of TG4 Alan Esslemont<\/strong> congratulated all the nominees saying, <em>&#8220;Congratulations again to the Insc\u00e9al team, Cleona N\u00ed Chrualaoi and Colm Bair\u00e9ad and all the team who produced &#8216;An Cail\u00edn Ci\u00fain&#8217;. The ten nominations by IFTA are a recognition of the quality of the film, both acting and cinematography. I would also like to congratulate Magamedia on the two nominations for Foscadh and Doubleband Films for its nomination for Doineann and the commissioning teams in TG4 for all their work on these films. It is of great pride for us to see TG4 and CINE4 at the heart of the film sector at home and internationally. In 2022, numerous high-quality Irish language films will be shown in cinemas across Ireland and at International Film festivals.&#8221;<\/em><br \/>\n&nbsp;<\/p>\n<p>IFTA 2022 nominations are available here: <a href=\"https:\/\/www.ifta.ie\/awards\/nominees_2022\/\" rel=\"noopener\" target=\"_blank\">https:\/\/www.ifta.ie\/awards\/nominees_2022\/<\/a> <\/p>\n<p>&nbsp;<br \/>\n&nbsp;<\/p>\n","protected":false},"excerpt":{"rendered":"<p>&nbsp; TG4 funded films have received thirteen nominations for this year&#8217;s IFTA Film and Drama awards. The nominations were announced this morning. An Cail\u00edn Ci\u00fain has received ten nominations and Foscadh, two nominations and Doineann has one nomination. An Cail\u00edn Ci\u00fain and Foscadh are films from CINE4, an initiative between TG4, F\u00eds \u00c9ireann and the [&hellip;]<\/p>\n","protected":false},"author":876,"featured_media":0,"parent":138173,"menu_order":7,"comment_status":"closed","ping_status":"closed","template":"page-templates\/template-pr.php","meta":{"_acf_changed":false,"footnotes":""},"acf":[],"yoast_head":"<!-- This site is optimized with the Yoast SEO plugin v22.6 - https:\/\/yoast.com\/wordpress\/plugins\/seo\/ -->\n<title>Ten Nominations for Irish language film &#039;An Cail\u00edn Ci\u00fain&#039; at the 2022 IFTA Awards | Press Release | TG4<\/title>\n<meta name=\"description\" content=\"TG4 funded films have received thirteen nominations for this year&#039;s IFTA Film and Drama awards. The nominations were announced this morning. An Cail\u00edn Ci\u00fain has received ten nominations and Foscadh, two nominations and Doineann has one nomination.\" \/>\n<meta name=\"robots\" content=\"index, follow, max-snippet:-1, max-image-preview:large, max-video-preview:-1\" \/>\n<meta property=\"og:locale\" content=\"en_US\" \/>\n<meta property=\"og:type\" content=\"article\" \/>\n<meta property=\"og:title\" content=\"Ten Nominations for Irish language film &#039;An Cail\u00edn Ci\u00fain&#039; at the 2022 IFTA Awards | Press Release | TG4\" \/>\n<meta property=\"og:description\" content=\"TG4 funded films have received thirteen nominations for this year&#039;s IFTA Film and Drama awards. The nominations were announced this morning. An Cail\u00edn Ci\u00fain has received ten nominations and Foscadh, two nominations and Doineann has one nomination.\" \/>\n<meta property=\"og:url\" content=\"https:\/\/dev.tg4.ie\/en\/information\/press\/press-releases\/2022-2\/ten-nominations-for-irish-language-film-an-cailin-ciuin-at-the-2022-ifta-awards\/\" \/>\n<meta property=\"og:site_name\" content=\"TG4\" \/>\n<meta property=\"article:publisher\" content=\"https:\/\/www.facebook.com\/TG4TV\" \/>\n<meta property=\"og:image\" content=\"https:\/\/d1og0s8nlbd0hm.cloudfront.net\/tg4-redesign-2015\/wp-content\/uploads\/2022\/02\/Cailin_Ciuin-Foscadh-Doineann_1_1920x1080.jpg\" \/>\n<meta name=\"twitter:card\" content=\"summary_large_image\" \/>\n<meta name=\"twitter:image\" content=\"https:\/\/d1og0s8nlbd0hm.cloudfront.net\/tg4-redesign-2015\/wp-content\/uploads\/2022\/02\/Cailin_Ciuin-Foscadh-Doineann_1_1920x1080.jpg\" \/>\n<meta name=\"twitter:site\" content=\"@TG4TV\" \/>\n<meta name=\"twitter:label1\" content=\"Est. reading time\" \/>\n\t<meta name=\"twitter:data1\" content=\"4 minutes\" \/>\n<script type=\"application\/ld+json\" class=\"yoast-schema-graph\">{\"@context\":\"https:\/\/schema.org\",\"@graph\":[{\"@type\":\"WebPage\",\"@id\":\"https:\/\/dev.tg4.ie\/en\/information\/press\/press-releases\/2022-2\/ten-nominations-for-irish-language-film-an-cailin-ciuin-at-the-2022-ifta-awards\/\",\"url\":\"https:\/\/dev.tg4.ie\/en\/information\/press\/press-releases\/2022-2\/ten-nominations-for-irish-language-film-an-cailin-ciuin-at-the-2022-ifta-awards\/\",\"name\":\"Ten Nominations for Irish language film 'An Cail\u00edn Ci\u00fain' at the 2022 IFTA Awards | Press Release | TG4\",\"isPartOf\":{\"@id\":\"https:\/\/dev.tg4.ie\/en\/#website\"},\"primaryImageOfPage\":{\"@id\":\"https:\/\/dev.tg4.ie\/en\/information\/press\/press-releases\/2022-2\/ten-nominations-for-irish-language-film-an-cailin-ciuin-at-the-2022-ifta-awards\/#primaryimage\"},\"image\":{\"@id\":\"https:\/\/dev.tg4.ie\/en\/information\/press\/press-releases\/2022-2\/ten-nominations-for-irish-language-film-an-cailin-ciuin-at-the-2022-ifta-awards\/#primaryimage\"},\"thumbnailUrl\":\"https:\/\/dev.tg4.ie\/wp-content\/uploads\/2022\/02\/Cailin_Ciuin-Foscadh-Doineann_1_1920x1080.jpg\",\"datePublished\":\"2022-02-22T12:39:24+00:00\",\"dateModified\":\"2022-02-22T12:39:24+00:00\",\"description\":\"TG4 funded films have received thirteen nominations for this year's IFTA Film and Drama awards. The nominations were announced this morning. An Cail\u00edn Ci\u00fain has received ten nominations and Foscadh, two nominations and Doineann has one nomination.\",\"breadcrumb\":{\"@id\":\"https:\/\/dev.tg4.ie\/en\/information\/press\/press-releases\/2022-2\/ten-nominations-for-irish-language-film-an-cailin-ciuin-at-the-2022-ifta-awards\/#breadcrumb\"},\"inLanguage\":\"en-ie\",\"potentialAction\":[{\"@type\":\"ReadAction\",\"target\":[\"https:\/\/dev.tg4.ie\/en\/information\/press\/press-releases\/2022-2\/ten-nominations-for-irish-language-film-an-cailin-ciuin-at-the-2022-ifta-awards\/\"]}]},{\"@type\":\"ImageObject\",\"inLanguage\":\"en-ie\",\"@id\":\"https:\/\/dev.tg4.ie\/en\/information\/press\/press-releases\/2022-2\/ten-nominations-for-irish-language-film-an-cailin-ciuin-at-the-2022-ifta-awards\/#primaryimage\",\"url\":\"https:\/\/dev.tg4.ie\/wp-content\/uploads\/2022\/02\/Cailin_Ciuin-Foscadh-Doineann_1_1920x1080.jpg\",\"contentUrl\":\"https:\/\/dev.tg4.ie\/wp-content\/uploads\/2022\/02\/Cailin_Ciuin-Foscadh-Doineann_1_1920x1080.jpg\"},{\"@type\":\"BreadcrumbList\",\"@id\":\"https:\/\/dev.tg4.ie\/en\/information\/press\/press-releases\/2022-2\/ten-nominations-for-irish-language-film-an-cailin-ciuin-at-the-2022-ifta-awards\/#breadcrumb\",\"itemListElement\":[{\"@type\":\"ListItem\",\"position\":1,\"name\":\"Home\",\"item\":\"https:\/\/dev.tg4.ie\/en\/\"},{\"@type\":\"ListItem\",\"position\":2,\"name\":\"Information\",\"item\":\"https:\/\/dev.tg4.ie\/en\/information\/\"},{\"@type\":\"ListItem\",\"position\":3,\"name\":\"Press\",\"item\":\"https:\/\/dev.tg4.ie\/en\/information\/press\/\"},{\"@type\":\"ListItem\",\"position\":4,\"name\":\"Press Releases\",\"item\":\"https:\/\/dev.tg4.ie\/en\/information\/press\/press-releases\/\"},{\"@type\":\"ListItem\",\"position\":5,\"name\":\"2022\",\"item\":\"https:\/\/dev.tg4.ie\/en\/information\/press\/press-releases\/2022-2\/\"},{\"@type\":\"ListItem\",\"position\":6,\"name\":\"Ten Nominations for Irish language film &#8216;An Cail\u00edn Ci\u00fain&#8217; at the 2022 IFTA Awards\"}]},{\"@type\":\"WebSite\",\"@id\":\"https:\/\/dev.tg4.ie\/en\/#website\",\"url\":\"https:\/\/dev.tg4.ie\/en\/\",\"name\":\"TG4\",\"description\":\"S\u00fail Eile\",\"potentialAction\":[{\"@type\":\"SearchAction\",\"target\":{\"@type\":\"EntryPoint\",\"urlTemplate\":\"https:\/\/dev.tg4.ie\/en\/?s={search_term_string}\"},\"query-input\":\"required name=search_term_string\"}],\"inLanguage\":\"en-ie\"}]}<\/script>\n<!-- \/ Yoast SEO plugin. -->","yoast_head_json":{"title":"Ten Nominations for Irish language film 'An Cail\u00edn Ci\u00fain' at the 2022 IFTA Awards | Press Release | TG4","description":"TG4 funded films have received thirteen nominations for this year's IFTA Film and Drama awards. The nominations were announced this morning. An Cail\u00edn Ci\u00fain has received ten nominations and Foscadh, two nominations and Doineann has one nomination.","robots":{"index":"index","follow":"follow","max-snippet":"max-snippet:-1","max-image-preview":"max-image-preview:large","max-video-preview":"max-video-preview:-1"},"og_locale":"en_US","og_type":"article","og_title":"Ten Nominations for Irish language film 'An Cail\u00edn Ci\u00fain' at the 2022 IFTA Awards | Press Release | TG4","og_description":"TG4 funded films have received thirteen nominations for this year's IFTA Film and Drama awards. The nominations were announced this morning. An Cail\u00edn Ci\u00fain has received ten nominations and Foscadh, two nominations and Doineann has one nomination.","og_url":"https:\/\/dev.tg4.ie\/en\/information\/press\/press-releases\/2022-2\/ten-nominations-for-irish-language-film-an-cailin-ciuin-at-the-2022-ifta-awards\/","og_site_name":"TG4","article_publisher":"https:\/\/www.facebook.com\/TG4TV","og_image":[{"url":"https:\/\/d1og0s8nlbd0hm.cloudfront.net\/tg4-redesign-2015\/wp-content\/uploads\/2022\/02\/Cailin_Ciuin-Foscadh-Doineann_1_1920x1080.jpg"}],"twitter_card":"summary_large_image","twitter_image":"https:\/\/d1og0s8nlbd0hm.cloudfront.net\/tg4-redesign-2015\/wp-content\/uploads\/2022\/02\/Cailin_Ciuin-Foscadh-Doineann_1_1920x1080.jpg","twitter_site":"@TG4TV","twitter_misc":{"Est. reading time":"4 minutes"},"schema":{"@context":"https:\/\/schema.org","@graph":[{"@type":"WebPage","@id":"https:\/\/dev.tg4.ie\/en\/information\/press\/press-releases\/2022-2\/ten-nominations-for-irish-language-film-an-cailin-ciuin-at-the-2022-ifta-awards\/","url":"https:\/\/dev.tg4.ie\/en\/information\/press\/press-releases\/2022-2\/ten-nominations-for-irish-language-film-an-cailin-ciuin-at-the-2022-ifta-awards\/","name":"Ten Nominations for Irish language film 'An Cail\u00edn Ci\u00fain' at the 2022 IFTA Awards | Press Release | TG4","isPartOf":{"@id":"https:\/\/dev.tg4.ie\/en\/#website"},"primaryImageOfPage":{"@id":"https:\/\/dev.tg4.ie\/en\/information\/press\/press-releases\/2022-2\/ten-nominations-for-irish-language-film-an-cailin-ciuin-at-the-2022-ifta-awards\/#primaryimage"},"image":{"@id":"https:\/\/dev.tg4.ie\/en\/information\/press\/press-releases\/2022-2\/ten-nominations-for-irish-language-film-an-cailin-ciuin-at-the-2022-ifta-awards\/#primaryimage"},"thumbnailUrl":"https:\/\/dev.tg4.ie\/wp-content\/uploads\/2022\/02\/Cailin_Ciuin-Foscadh-Doineann_1_1920x1080.jpg","datePublished":"2022-02-22T12:39:24+00:00","dateModified":"2022-02-22T12:39:24+00:00","description":"TG4 funded films have received thirteen nominations for this year's IFTA Film and Drama awards. The nominations were announced this morning. An Cail\u00edn Ci\u00fain has received ten nominations and Foscadh, two nominations and Doineann has one nomination.","breadcrumb":{"@id":"https:\/\/dev.tg4.ie\/en\/information\/press\/press-releases\/2022-2\/ten-nominations-for-irish-language-film-an-cailin-ciuin-at-the-2022-ifta-awards\/#breadcrumb"},"inLanguage":"en-ie","potentialAction":[{"@type":"ReadAction","target":["https:\/\/dev.tg4.ie\/en\/information\/press\/press-releases\/2022-2\/ten-nominations-for-irish-language-film-an-cailin-ciuin-at-the-2022-ifta-awards\/"]}]},{"@type":"ImageObject","inLanguage":"en-ie","@id":"https:\/\/dev.tg4.ie\/en\/information\/press\/press-releases\/2022-2\/ten-nominations-for-irish-language-film-an-cailin-ciuin-at-the-2022-ifta-awards\/#primaryimage","url":"https:\/\/dev.tg4.ie\/wp-content\/uploads\/2022\/02\/Cailin_Ciuin-Foscadh-Doineann_1_1920x1080.jpg","contentUrl":"https:\/\/dev.tg4.ie\/wp-content\/uploads\/2022\/02\/Cailin_Ciuin-Foscadh-Doineann_1_1920x1080.jpg"},{"@type":"BreadcrumbList","@id":"https:\/\/dev.tg4.ie\/en\/information\/press\/press-releases\/2022-2\/ten-nominations-for-irish-language-film-an-cailin-ciuin-at-the-2022-ifta-awards\/#breadcrumb","itemListElement":[{"@type":"ListItem","position":1,"name":"Home","item":"https:\/\/dev.tg4.ie\/en\/"},{"@type":"ListItem","position":2,"name":"Information","item":"https:\/\/dev.tg4.ie\/en\/information\/"},{"@type":"ListItem","position":3,"name":"Press","item":"https:\/\/dev.tg4.ie\/en\/information\/press\/"},{"@type":"ListItem","position":4,"name":"Press Releases","item":"https:\/\/dev.tg4.ie\/en\/information\/press\/press-releases\/"},{"@type":"ListItem","position":5,"name":"2022","item":"https:\/\/dev.tg4.ie\/en\/information\/press\/press-releases\/2022-2\/"},{"@type":"ListItem","position":6,"name":"Ten Nominations for Irish language film &#8216;An Cail\u00edn Ci\u00fain&#8217; at the 2022 IFTA Awards"}]},{"@type":"WebSite","@id":"https:\/\/dev.tg4.ie\/en\/#website","url":"https:\/\/dev.tg4.ie\/en\/","name":"TG4","description":"S\u00fail Eile","potentialAction":[{"@type":"SearchAction","target":{"@type":"EntryPoint","urlTemplate":"https:\/\/dev.tg4.ie\/en\/?s={search_term_string}"},"query-input":"required name=search_term_string"}],"inLanguage":"en-ie"}]}},"_links":{"self":[{"href":"https:\/\/dev.tg4.ie\/en\/wp-json\/wp\/v2\/pages\/141468"}],"collection":[{"href":"https:\/\/dev.tg4.ie\/en\/wp-json\/wp\/v2\/pages"}],"about":[{"href":"https:\/\/dev.tg4.ie\/en\/wp-json\/wp\/v2\/types\/page"}],"author":[{"embeddable":true,"href":"https:\/\/dev.tg4.ie\/en\/wp-json\/wp\/v2\/users\/876"}],"replies":[{"embeddable":true,"href":"https:\/\/dev.tg4.ie\/en\/wp-json\/wp\/v2\/comments?post=141468"}],"version-history":[{"count":0,"href":"https:\/\/dev.tg4.ie\/en\/wp-json\/wp\/v2\/pages\/141468\/revisions"}],"up":[{"embeddable":true,"href":"https:\/\/dev.tg4.ie\/en\/wp-json\/wp\/v2\/pages\/138173"}],"wp:attachment":[{"href":"https:\/\/dev.tg4.ie\/en\/wp-json\/wp\/v2\/media?parent=141468"}],"curies":[{"name":"wp","href":"https:\/\/api.w.org\/{rel}","templated":true}]}}