{"id":1415,"date":"2015-08-19T13:44:02","date_gmt":"2015-08-19T12:44:02","guid":{"rendered":"https:\/\/dev.tg4.ie\/?page_id=1415"},"modified":"2019-06-25T11:16:06","modified_gmt":"2019-06-25T10:16:06","slug":"24-04-15","status":"publish","type":"page","link":"https:\/\/dev.tg4.ie\/en\/information\/press\/press-releases\/2015-2\/24-04-15\/","title":{"rendered":"24.04.15"},"content":{"rendered":"<p>The winning entry is a frank and fulsome appraisal of the legendary footballer and manager, a colourful character whose sudden death in December 2012 at the age of 57 shocked the sporting world and the wider public. \u00a0\u00a0Often in the news, sometimes controversial, \u00a0always quotable, P\u00e1id\u00ed was many things to many people and one of the \u00e9lite five players who won eight All-Ireland Senior Football Championship medals during Kerry\u2019s golden era. \u00a0This programme gives a unique insight into how his family and neighbours in his beloved West Kerry Gaeltacht saw him.\u00a0 For them he was a local hero, the king of the parish as the programme\u2019s title has it as it provides a different perspective to that often given in the national media during his eventful life and after his death.\u00a0 The programme is narrated by his neighbour Louise N\u00ed Fhiannachta and was produced for TG4 by independent company Magamedia.<\/p>\n<p>The Celtic Media Festival (CMF) is one of the most prestigious and long-established TV and media festivals in these islands.\u00a0 It is held each year, \u00a0rotating between venues in the various Celtic nations and regions.\u00a0 It combines a three-day media conference that attracts broadcasters, producers, media and students with a competition across the full range of Film, TV, Radio and new media content genres.\u00a0 CMF content awards are highly-coveted.\u00a0 Entries go through a national pre-selection phase in each country announced in February with the selected national winners advancing to the international Festival. (<a href=\"http:\/\/www.celticmediafestival.co.uk\/\" target=\"_New\" rel=\"noopener noreferrer\">www.celticmediafestival.co.uk<\/a>).<\/p>\n<p>TG4 Ardsti\u00farth\u00f3ir P\u00f3l \u00d3 Gallch\u00f3ir, congratulated the winning entry, saying that it was clear from the outset that this would be a special programme, a unique insight into a complex character whose life and achievements left a deep mark on his neighbours in the close-knit community in which he grew up and lived all his life.\u00a0 \u201cQuality will always travel well,\u201d he said \u201cand this latest prize for the P\u00e1id\u00ed \u00d3 S\u00e9 portrait confirms that our colleagues in the Celtic countries recognise that special quality too.\u201d<\/p>\n<p>He also welcomed tonight\u2019s announcement that <b>the Celtic Media Festival 2016 will be held in Dungarvan Co Waterford in April next year.<\/b><\/p>\n","protected":false},"excerpt":{"rendered":"<p>The winning entry is a frank and fulsome appraisal of the legendary footballer and manager, a colourful character whose sudden death in December 2012 at the age of 57 shocked the sporting world and the wider public. \u00a0\u00a0Often in the news, sometimes controversial, \u00a0always quotable, P\u00e1id\u00ed was many things to many people and one of [&hellip;]<\/p>\n","protected":false},"author":6,"featured_media":1417,"parent":984,"menu_order":8,"comment_status":"closed","ping_status":"closed","template":"page-templates\/template-pr.php","meta":{"_acf_changed":false,"footnotes":""},"acf":[],"yoast_head":"<!-- This site is optimized with the Yoast SEO plugin v22.6 - https:\/\/yoast.com\/wordpress\/plugins\/seo\/ -->\n<title>24.04.15 - TG4<\/title>\n<meta name=\"robots\" content=\"index, follow, max-snippet:-1, max-image-preview:large, max-video-preview:-1\" \/>\n<meta property=\"og:locale\" content=\"en_US\" \/>\n<meta property=\"og:type\" content=\"article\" \/>\n<meta property=\"og:title\" content=\"24.04.15 - TG4\" \/>\n<meta property=\"og:description\" content=\"The winning entry is a frank and fulsome appraisal of the legendary footballer and manager, a colourful character whose sudden death in December 2012 at the age of 57 shocked the sporting world and the wider public. \u00a0\u00a0Often in the news, sometimes controversial, \u00a0always quotable, P\u00e1id\u00ed was many things to many people and one of [&hellip;]\" \/>\n<meta property=\"og:url\" content=\"https:\/\/dev.tg4.ie\/en\/information\/press\/press-releases\/2015-2\/24-04-15\/\" \/>\n<meta property=\"og:site_name\" content=\"TG4\" \/>\n<meta property=\"article:publisher\" content=\"https:\/\/www.facebook.com\/TG4TV\" \/>\n<meta property=\"article:modified_time\" content=\"2019-06-25T10:16:06+00:00\" \/>\n<meta property=\"og:image\" content=\"https:\/\/tg4-docs.s3.amazonaws.com\/tg4-redesign-2015\/wp-content\/uploads\/2015\/08\/Paidi_O_Se.jpg\" \/>\n\t<meta property=\"og:image:width\" content=\"1920\" \/>\n\t<meta property=\"og:image:height\" content=\"1080\" \/>\n\t<meta property=\"og:image:type\" content=\"image\/jpeg\" \/>\n<meta name=\"twitter:card\" content=\"summary_large_image\" \/>\n<meta name=\"twitter:site\" content=\"@TG4TV\" \/>\n<meta name=\"twitter:label1\" content=\"Est. reading time\" \/>\n\t<meta name=\"twitter:data1\" content=\"2 minutes\" \/>\n<script type=\"application\/ld+json\" class=\"yoast-schema-graph\">{\"@context\":\"https:\/\/schema.org\",\"@graph\":[{\"@type\":\"WebPage\",\"@id\":\"https:\/\/dev.tg4.ie\/en\/information\/press\/press-releases\/2015-2\/24-04-15\/\",\"url\":\"https:\/\/dev.tg4.ie\/en\/information\/press\/press-releases\/2015-2\/24-04-15\/\",\"name\":\"24.04.15 - TG4\",\"isPartOf\":{\"@id\":\"https:\/\/dev.tg4.ie\/en\/#website\"},\"primaryImageOfPage\":{\"@id\":\"https:\/\/dev.tg4.ie\/en\/information\/press\/press-releases\/2015-2\/24-04-15\/#primaryimage\"},\"image\":{\"@id\":\"https:\/\/dev.tg4.ie\/en\/information\/press\/press-releases\/2015-2\/24-04-15\/#primaryimage\"},\"thumbnailUrl\":\"https:\/\/tg4-docs.s3.amazonaws.com\/tg4-redesign-2015\/wp-content\/uploads\/2015\/08\/Paidi_O_Se.jpg\",\"datePublished\":\"2015-08-19T12:44:02+00:00\",\"dateModified\":\"2019-06-25T10:16:06+00:00\",\"breadcrumb\":{\"@id\":\"https:\/\/dev.tg4.ie\/en\/information\/press\/press-releases\/2015-2\/24-04-15\/#breadcrumb\"},\"inLanguage\":\"en-ie\",\"potentialAction\":[{\"@type\":\"ReadAction\",\"target\":[\"https:\/\/dev.tg4.ie\/en\/information\/press\/press-releases\/2015-2\/24-04-15\/\"]}]},{\"@type\":\"ImageObject\",\"inLanguage\":\"en-ie\",\"@id\":\"https:\/\/dev.tg4.ie\/en\/information\/press\/press-releases\/2015-2\/24-04-15\/#primaryimage\",\"url\":\"https:\/\/tg4-docs.s3.amazonaws.com\/tg4-redesign-2015\/wp-content\/uploads\/2015\/08\/Paidi_O_Se.jpg\",\"contentUrl\":\"https:\/\/tg4-docs.s3.amazonaws.com\/tg4-redesign-2015\/wp-content\/uploads\/2015\/08\/Paidi_O_Se.jpg\",\"width\":1920,\"height\":1080},{\"@type\":\"BreadcrumbList\",\"@id\":\"https:\/\/dev.tg4.ie\/en\/information\/press\/press-releases\/2015-2\/24-04-15\/#breadcrumb\",\"itemListElement\":[{\"@type\":\"ListItem\",\"position\":1,\"name\":\"Home\",\"item\":\"https:\/\/dev.tg4.ie\/en\/\"},{\"@type\":\"ListItem\",\"position\":2,\"name\":\"Information\",\"item\":\"https:\/\/dev.tg4.ie\/en\/information\/\"},{\"@type\":\"ListItem\",\"position\":3,\"name\":\"Press\",\"item\":\"https:\/\/dev.tg4.ie\/en\/information\/press\/\"},{\"@type\":\"ListItem\",\"position\":4,\"name\":\"Press Releases\",\"item\":\"https:\/\/dev.tg4.ie\/en\/information\/press\/press-releases\/\"},{\"@type\":\"ListItem\",\"position\":5,\"name\":\"2015\",\"item\":\"https:\/\/dev.tg4.ie\/en\/information\/press\/press-releases\/2015-2\/\"},{\"@type\":\"ListItem\",\"position\":6,\"name\":\"24.04.15\"}]},{\"@type\":\"WebSite\",\"@id\":\"https:\/\/dev.tg4.ie\/en\/#website\",\"url\":\"https:\/\/dev.tg4.ie\/en\/\",\"name\":\"TG4\",\"description\":\"S\u00fail Eile\",\"potentialAction\":[{\"@type\":\"SearchAction\",\"target\":{\"@type\":\"EntryPoint\",\"urlTemplate\":\"https:\/\/dev.tg4.ie\/en\/?s={search_term_string}\"},\"query-input\":\"required name=search_term_string\"}],\"inLanguage\":\"en-ie\"}]}<\/script>\n<!-- \/ Yoast SEO plugin. -->","yoast_head_json":{"title":"24.04.15 - TG4","robots":{"index":"index","follow":"follow","max-snippet":"max-snippet:-1","max-image-preview":"max-image-preview:large","max-video-preview":"max-video-preview:-1"},"og_locale":"en_US","og_type":"article","og_title":"24.04.15 - TG4","og_description":"The winning entry is a frank and fulsome appraisal of the legendary footballer and manager, a colourful character whose sudden death in December 2012 at the age of 57 shocked the sporting world and the wider public. \u00a0\u00a0Often in the news, sometimes controversial, \u00a0always quotable, P\u00e1id\u00ed was many things to many people and one of [&hellip;]","og_url":"https:\/\/dev.tg4.ie\/en\/information\/press\/press-releases\/2015-2\/24-04-15\/","og_site_name":"TG4","article_publisher":"https:\/\/www.facebook.com\/TG4TV","article_modified_time":"2019-06-25T10:16:06+00:00","og_image":[{"width":1920,"height":1080,"url":"https:\/\/tg4-docs.s3.amazonaws.com\/tg4-redesign-2015\/wp-content\/uploads\/2015\/08\/Paidi_O_Se.jpg","type":"image\/jpeg"}],"twitter_card":"summary_large_image","twitter_site":"@TG4TV","twitter_misc":{"Est. reading time":"2 minutes"},"schema":{"@context":"https:\/\/schema.org","@graph":[{"@type":"WebPage","@id":"https:\/\/dev.tg4.ie\/en\/information\/press\/press-releases\/2015-2\/24-04-15\/","url":"https:\/\/dev.tg4.ie\/en\/information\/press\/press-releases\/2015-2\/24-04-15\/","name":"24.04.15 - TG4","isPartOf":{"@id":"https:\/\/dev.tg4.ie\/en\/#website"},"primaryImageOfPage":{"@id":"https:\/\/dev.tg4.ie\/en\/information\/press\/press-releases\/2015-2\/24-04-15\/#primaryimage"},"image":{"@id":"https:\/\/dev.tg4.ie\/en\/information\/press\/press-releases\/2015-2\/24-04-15\/#primaryimage"},"thumbnailUrl":"https:\/\/tg4-docs.s3.amazonaws.com\/tg4-redesign-2015\/wp-content\/uploads\/2015\/08\/Paidi_O_Se.jpg","datePublished":"2015-08-19T12:44:02+00:00","dateModified":"2019-06-25T10:16:06+00:00","breadcrumb":{"@id":"https:\/\/dev.tg4.ie\/en\/information\/press\/press-releases\/2015-2\/24-04-15\/#breadcrumb"},"inLanguage":"en-ie","potentialAction":[{"@type":"ReadAction","target":["https:\/\/dev.tg4.ie\/en\/information\/press\/press-releases\/2015-2\/24-04-15\/"]}]},{"@type":"ImageObject","inLanguage":"en-ie","@id":"https:\/\/dev.tg4.ie\/en\/information\/press\/press-releases\/2015-2\/24-04-15\/#primaryimage","url":"https:\/\/tg4-docs.s3.amazonaws.com\/tg4-redesign-2015\/wp-content\/uploads\/2015\/08\/Paidi_O_Se.jpg","contentUrl":"https:\/\/tg4-docs.s3.amazonaws.com\/tg4-redesign-2015\/wp-content\/uploads\/2015\/08\/Paidi_O_Se.jpg","width":1920,"height":1080},{"@type":"BreadcrumbList","@id":"https:\/\/dev.tg4.ie\/en\/information\/press\/press-releases\/2015-2\/24-04-15\/#breadcrumb","itemListElement":[{"@type":"ListItem","position":1,"name":"Home","item":"https:\/\/dev.tg4.ie\/en\/"},{"@type":"ListItem","position":2,"name":"Information","item":"https:\/\/dev.tg4.ie\/en\/information\/"},{"@type":"ListItem","position":3,"name":"Press","item":"https:\/\/dev.tg4.ie\/en\/information\/press\/"},{"@type":"ListItem","position":4,"name":"Press Releases","item":"https:\/\/dev.tg4.ie\/en\/information\/press\/press-releases\/"},{"@type":"ListItem","position":5,"name":"2015","item":"https:\/\/dev.tg4.ie\/en\/information\/press\/press-releases\/2015-2\/"},{"@type":"ListItem","position":6,"name":"24.04.15"}]},{"@type":"WebSite","@id":"https:\/\/dev.tg4.ie\/en\/#website","url":"https:\/\/dev.tg4.ie\/en\/","name":"TG4","description":"S\u00fail Eile","potentialAction":[{"@type":"SearchAction","target":{"@type":"EntryPoint","urlTemplate":"https:\/\/dev.tg4.ie\/en\/?s={search_term_string}"},"query-input":"required name=search_term_string"}],"inLanguage":"en-ie"}]}},"_links":{"self":[{"href":"https:\/\/dev.tg4.ie\/en\/wp-json\/wp\/v2\/pages\/1415"}],"collection":[{"href":"https:\/\/dev.tg4.ie\/en\/wp-json\/wp\/v2\/pages"}],"about":[{"href":"https:\/\/dev.tg4.ie\/en\/wp-json\/wp\/v2\/types\/page"}],"author":[{"embeddable":true,"href":"https:\/\/dev.tg4.ie\/en\/wp-json\/wp\/v2\/users\/6"}],"replies":[{"embeddable":true,"href":"https:\/\/dev.tg4.ie\/en\/wp-json\/wp\/v2\/comments?post=1415"}],"version-history":[{"count":0,"href":"https:\/\/dev.tg4.ie\/en\/wp-json\/wp\/v2\/pages\/1415\/revisions"}],"up":[{"embeddable":true,"href":"https:\/\/dev.tg4.ie\/en\/wp-json\/wp\/v2\/pages\/984"}],"wp:featuredmedia":[{"embeddable":true,"href":"https:\/\/dev.tg4.ie\/en\/wp-json\/wp\/v2\/media\/1417"}],"wp:attachment":[{"href":"https:\/\/dev.tg4.ie\/en\/wp-json\/wp\/v2\/media?parent=1415"}],"curies":[{"name":"wp","href":"https:\/\/api.w.org\/{rel}","templated":true}]}}