{"id":144047,"date":"2022-03-22T16:24:24","date_gmt":"2022-03-22T16:24:24","guid":{"rendered":"https:\/\/dev.tg4.ie\/?page_id=144047"},"modified":"2022-03-22T16:24:24","modified_gmt":"2022-03-22T16:24:24","slug":"wins-for-tg4s-cine4-films-an-cailin-ciuin-and-roise-frank-at-the-virgin-media-dublin-international-film-festival","status":"publish","type":"page","link":"https:\/\/dev.tg4.ie\/en\/information\/press\/press-releases\/2022-2\/wins-for-tg4s-cine4-films-an-cailin-ciuin-and-roise-frank-at-the-virgin-media-dublin-international-film-festival\/","title":{"rendered":"Wins for TG4&#8217;s Cine4 Films An Cail\u00edn Ci\u00fain and R\u00f3ise &#038; Frank at the Virgin Media Dublin International Film Festival"},"content":{"rendered":"<p><img decoding=\"async\" src=\"https:\/\/tg4-docs.s3.amazonaws.com\/tg4-redesign-2015\/wp-content\/uploads\/2022\/02\/AnCailinCiuin_TheQuietGirl_Cait_Catherine_Clinch_1-1920x1080-1.jpg\" width=\"50%\" \/><img decoding=\"async\" src=\"https:\/\/tg4-docs.s3.amazonaws.com\/tg4-redesign-2015\/wp-content\/uploads\/2022\/03\/Roise_Frank_1-1920x1080-1.jpg\"  width=\"50%\" \/><br \/>\n&nbsp;<br \/>\nTwo films from the TG4, Screen Ireland and BAI scheme <strong>CINE4<\/strong> have been awarded today by Dublin Film Critics Circle (DFCC) Awards at the closing night of Virgin Media Dublin International Film Festival. <strong>An Cail\u00edn Ci\u00fain<\/strong> has been awarded BEST IRISH FILM, and <strong>R\u00f3ise &#038; Frank<\/strong> has been awarded BEST ENSEMBLE.<br \/>\n&nbsp;<br \/>\n<strong>An Cail\u00edn Ci\u00fain<\/strong> tells the story of C\u00e1it played by newcomer Catherine Clinch, &#8211; a nine year-old girl from an overcrowded, dysfunctional family who is sent away to live with foster parents for the summer. Despite a warm reception from the woman, Eibhl\u00edn (Carrie Crowley), the man of the house, Se\u00e1n (Andrew Bennett), keeps his distance from C\u00e1it and she from him, but over time, their strained relationship begins to deepen. Slowly, in the care of the Kinsellas, C\u00e1it blossoms and discovers a new way of living. But in this house where there are meant to be no secrets, she discovers one painful truth.<br \/>\n&nbsp;<br \/>\nBased on Foster by Claire Keegan, An Cail\u00edn Ci\u00fain is a complex and delicate coming-of-age drama that explores questions of family, neglect and loss through the eyes of its young protagonist. <\/p>\n<p>The film debuted at the Berlinale Film Festival last month. It was the first Irish Language feature film to feature at Berlinale, and was awarded the Grand Prix of the Generation Kplus International Jury for Best Film and received a special mention from the children&#8217;s jury after its world premiere at the festival.  The film opened the Virgin Media Dublin International Film Festival and was also shown at the Glasgow Film Festival this weekend.  The film has received widespread acclaim from critics.  <\/p>\n<p>An Cail\u00edn Ci\u00fain is the feature film debut of writer\/director, Colm Bair\u00e9ad and producer, Cleona N\u00ed Chrualaoi of Insc\u00e9al.  Colm Bair\u00e9ad was awarded the Aer Lingus Discovery Award at DIFF earlier this week.<br \/>\n&nbsp;<\/p>\n<p><strong>R\u00f3ise &#038; Frank<\/strong> was awarded the BEST ENSEMBLE.   The charming film portrays R\u00f3ise (Br\u00edd N\u00ed Neachtain) who lost the love of her life husband Frank two years previously.  She is now isolated in grief and cut off from family and community. A mysterious dog arrives who seems intent on connecting with her. The dog loves sport and steaks, has a favourite armchair in her house, and an aversion to her neighbour Donncha.  R\u00f3ise realises that the dog is her beloved husband Frank reincarnated. Her son (Cillian \u00d3 Gairbh\u00ed) meanwhile thinks she has lost her mind but the local community embrace the idea of Frank&#8217;s return.R\u00f3ise is happy once more but is there a real future for her with a dog-husband?<\/p>\n<p>R\u00f3ise &#038; Frank was directed by Rachael Moriarty and Peter Murphy and produced by C\u00fa\u00e1n Mac Conghail of Macalla Teo.  Macalla also produced the award-winning and acclaimed Irish language feature film Arracht.<br \/>\n&nbsp;<br \/>\n<strong>Cleona N\u00ed Chrualaoi, Producer, An Cail\u00edn Ci\u00fain<\/strong> said, <em>&#8220;It is a huge honour to receive the award for Best Irish Film. We&#8217;re very humbled to have been chosen from a host of fantastic Irish films. This award is a ringing endorsement of the Cine4 scheme, under which An Cail\u00edn Ci\u00fain was made, and of the vision of TG4, Screen Ireland and the Broadcasting Authority of Ireland to develop and fund feature films in the Irish language. Go raibh m\u00edle maith agaibh to these funders, to our extraordinary cast and crew, to the Dublin Film Critics Circle and to Virgin Media Dublin International Film Festival for believing in our film and bringing it to an Irish audience for the first time.&#8221;<\/em><br \/>\n&nbsp;<br \/>\n<strong>Rachael Moriarty, Director, R\u00f3ise &#038; Frank<\/strong> said, <em>&#8220;I am delighted that R\u00f3ise &#038; Frank was well received at DIFF! It was brought to the big screen by a team of excellent actors who undoubtedly deserved recognition and we are delighted to receive the Best Ensemble Award. R\u00f3ise &#038; Frank is a fascinating and humourous story. The film is currently being screened at the Santa Barbara Film Festival, in California and the audience here is really enjoying it too. For many here this is the first time they have heard Irish and seen hurling!&#8221;<\/em><br \/>\n&nbsp;<br \/>\n<strong>Alan Esslemont, Director General of TG4<\/strong> congratulated the production teams of both films saying, <em>&#8220;TG4 congratulates Insc\u00e9al and Macalla for the awards for An Cail\u00edn Ci\u00fain and R\u00f3ise &#038; Frank at the Virgin Media Dublin International Film Festival. Bringing Irish language content to all platforms and screens is central to TG4\u2019s strategy for our audiences. The success of the CINE4 scheme so far has seen world-class Irish language films in cinemas and at film festivals around the world.  These awards at DIFF give recognition to the quality of acting and showcase the talent and skills of the Irish production teams in a global audio-visual market.&#8221;<\/em><br \/>\n&nbsp;<br \/>\nAn Cail\u00edn Ci\u00fain and R\u00f3ise &#038; Frank will be released in cinemas later this year.<br \/>\n&nbsp;<br \/>\n&nbsp;<\/p>\n","protected":false},"excerpt":{"rendered":"<p>&nbsp; Two films from the TG4, Screen Ireland and BAI scheme CINE4 have been awarded today by Dublin Film Critics Circle (DFCC) Awards at the closing night of Virgin Media Dublin International Film Festival. An Cail\u00edn Ci\u00fain has been awarded BEST IRISH FILM, and R\u00f3ise &#038; Frank has been awarded BEST ENSEMBLE. &nbsp; An Cail\u00edn [&hellip;]<\/p>\n","protected":false},"author":876,"featured_media":0,"parent":138173,"menu_order":8,"comment_status":"closed","ping_status":"closed","template":"page-templates\/template-pr.php","meta":{"_acf_changed":false,"footnotes":""},"acf":[],"yoast_head":"<!-- This site is optimized with the Yoast SEO plugin v22.6 - https:\/\/yoast.com\/wordpress\/plugins\/seo\/ -->\n<title>Wins for TG4&#039;s Cine4 Films An Cail\u00edn Ci\u00fain and R\u00f3ise &amp; Frank at the Virgin Media Dublin International Film Festival | Press Release | TG4<\/title>\n<meta name=\"description\" content=\"Two films from the TG4, Screen Ireland and BAI scheme CINE4 have been awarded today by Dublin Film Critics Circle (DFCC) Awards at the closing night of Virgin Media Dublin International Film Festival.\" \/>\n<meta name=\"robots\" content=\"index, follow, max-snippet:-1, max-image-preview:large, max-video-preview:-1\" \/>\n<meta property=\"og:locale\" content=\"en_US\" \/>\n<meta property=\"og:type\" content=\"article\" \/>\n<meta property=\"og:title\" content=\"Wins for TG4&#039;s Cine4 Films An Cail\u00edn Ci\u00fain and R\u00f3ise &amp; Frank at the Virgin Media Dublin International Film Festival | Press Release | TG4\" \/>\n<meta property=\"og:description\" content=\"Two films from the TG4, Screen Ireland and BAI scheme CINE4 have been awarded today by Dublin Film Critics Circle (DFCC) Awards at the closing night of Virgin Media Dublin International Film Festival.\" \/>\n<meta property=\"og:url\" content=\"https:\/\/dev.tg4.ie\/en\/information\/press\/press-releases\/2022-2\/wins-for-tg4s-cine4-films-an-cailin-ciuin-and-roise-frank-at-the-virgin-media-dublin-international-film-festival\/\" \/>\n<meta property=\"og:site_name\" content=\"TG4\" \/>\n<meta property=\"article:publisher\" content=\"https:\/\/www.facebook.com\/TG4TV\" \/>\n<meta property=\"og:image\" content=\"https:\/\/d1og0s8nlbd0hm.cloudfront.net\/tg4-redesign-2015\/wp-content\/uploads\/2022\/03\/Roise_Frank_1-1920x1080-1-700x394.jpg\" \/>\n<meta name=\"twitter:card\" content=\"summary_large_image\" \/>\n<meta name=\"twitter:image\" content=\"https:\/\/d1og0s8nlbd0hm.cloudfront.net\/tg4-redesign-2015\/wp-content\/uploads\/2022\/03\/Roise_Frank_1-1920x1080-1-700x394.jpg\" \/>\n<meta name=\"twitter:site\" content=\"@TG4TV\" \/>\n<meta name=\"twitter:label1\" content=\"Est. reading time\" \/>\n\t<meta name=\"twitter:data1\" content=\"4 minutes\" \/>\n<script type=\"application\/ld+json\" class=\"yoast-schema-graph\">{\"@context\":\"https:\/\/schema.org\",\"@graph\":[{\"@type\":\"WebPage\",\"@id\":\"https:\/\/dev.tg4.ie\/en\/information\/press\/press-releases\/2022-2\/wins-for-tg4s-cine4-films-an-cailin-ciuin-and-roise-frank-at-the-virgin-media-dublin-international-film-festival\/\",\"url\":\"https:\/\/dev.tg4.ie\/en\/information\/press\/press-releases\/2022-2\/wins-for-tg4s-cine4-films-an-cailin-ciuin-and-roise-frank-at-the-virgin-media-dublin-international-film-festival\/\",\"name\":\"Wins for TG4's Cine4 Films An Cail\u00edn Ci\u00fain and R\u00f3ise & Frank at the Virgin Media Dublin International Film Festival | Press Release | TG4\",\"isPartOf\":{\"@id\":\"https:\/\/dev.tg4.ie\/en\/#website\"},\"primaryImageOfPage\":{\"@id\":\"https:\/\/dev.tg4.ie\/en\/information\/press\/press-releases\/2022-2\/wins-for-tg4s-cine4-films-an-cailin-ciuin-and-roise-frank-at-the-virgin-media-dublin-international-film-festival\/#primaryimage\"},\"image\":{\"@id\":\"https:\/\/dev.tg4.ie\/en\/information\/press\/press-releases\/2022-2\/wins-for-tg4s-cine4-films-an-cailin-ciuin-and-roise-frank-at-the-virgin-media-dublin-international-film-festival\/#primaryimage\"},\"thumbnailUrl\":\"https:\/\/dev.tg4.ie\/wp-content\/uploads\/2022\/02\/AnCailinCiuin_TheQuietGirl_Cait_Catherine_Clinch_1-1920x1080-1.jpg\",\"datePublished\":\"2022-03-22T16:24:24+00:00\",\"dateModified\":\"2022-03-22T16:24:24+00:00\",\"description\":\"Two films from the TG4, Screen Ireland and BAI scheme CINE4 have been awarded today by Dublin Film Critics Circle (DFCC) Awards at the closing night of Virgin Media Dublin International Film Festival.\",\"breadcrumb\":{\"@id\":\"https:\/\/dev.tg4.ie\/en\/information\/press\/press-releases\/2022-2\/wins-for-tg4s-cine4-films-an-cailin-ciuin-and-roise-frank-at-the-virgin-media-dublin-international-film-festival\/#breadcrumb\"},\"inLanguage\":\"en-ie\",\"potentialAction\":[{\"@type\":\"ReadAction\",\"target\":[\"https:\/\/dev.tg4.ie\/en\/information\/press\/press-releases\/2022-2\/wins-for-tg4s-cine4-films-an-cailin-ciuin-and-roise-frank-at-the-virgin-media-dublin-international-film-festival\/\"]}]},{\"@type\":\"ImageObject\",\"inLanguage\":\"en-ie\",\"@id\":\"https:\/\/dev.tg4.ie\/en\/information\/press\/press-releases\/2022-2\/wins-for-tg4s-cine4-films-an-cailin-ciuin-and-roise-frank-at-the-virgin-media-dublin-international-film-festival\/#primaryimage\",\"url\":\"https:\/\/dev.tg4.ie\/wp-content\/uploads\/2022\/02\/AnCailinCiuin_TheQuietGirl_Cait_Catherine_Clinch_1-1920x1080-1.jpg\",\"contentUrl\":\"https:\/\/dev.tg4.ie\/wp-content\/uploads\/2022\/02\/AnCailinCiuin_TheQuietGirl_Cait_Catherine_Clinch_1-1920x1080-1.jpg\"},{\"@type\":\"BreadcrumbList\",\"@id\":\"https:\/\/dev.tg4.ie\/en\/information\/press\/press-releases\/2022-2\/wins-for-tg4s-cine4-films-an-cailin-ciuin-and-roise-frank-at-the-virgin-media-dublin-international-film-festival\/#breadcrumb\",\"itemListElement\":[{\"@type\":\"ListItem\",\"position\":1,\"name\":\"Home\",\"item\":\"https:\/\/dev.tg4.ie\/en\/\"},{\"@type\":\"ListItem\",\"position\":2,\"name\":\"Information\",\"item\":\"https:\/\/dev.tg4.ie\/en\/information\/\"},{\"@type\":\"ListItem\",\"position\":3,\"name\":\"Press\",\"item\":\"https:\/\/dev.tg4.ie\/en\/information\/press\/\"},{\"@type\":\"ListItem\",\"position\":4,\"name\":\"Press Releases\",\"item\":\"https:\/\/dev.tg4.ie\/en\/information\/press\/press-releases\/\"},{\"@type\":\"ListItem\",\"position\":5,\"name\":\"2022\",\"item\":\"https:\/\/dev.tg4.ie\/en\/information\/press\/press-releases\/2022-2\/\"},{\"@type\":\"ListItem\",\"position\":6,\"name\":\"Wins for TG4&#8217;s Cine4 Films An Cail\u00edn Ci\u00fain and R\u00f3ise &#038; Frank at the Virgin Media Dublin International Film Festival\"}]},{\"@type\":\"WebSite\",\"@id\":\"https:\/\/dev.tg4.ie\/en\/#website\",\"url\":\"https:\/\/dev.tg4.ie\/en\/\",\"name\":\"TG4\",\"description\":\"S\u00fail Eile\",\"potentialAction\":[{\"@type\":\"SearchAction\",\"target\":{\"@type\":\"EntryPoint\",\"urlTemplate\":\"https:\/\/dev.tg4.ie\/en\/?s={search_term_string}\"},\"query-input\":\"required name=search_term_string\"}],\"inLanguage\":\"en-ie\"}]}<\/script>\n<!-- \/ Yoast SEO plugin. -->","yoast_head_json":{"title":"Wins for TG4's Cine4 Films An Cail\u00edn Ci\u00fain and R\u00f3ise & Frank at the Virgin Media Dublin International Film Festival | Press Release | TG4","description":"Two films from the TG4, Screen Ireland and BAI scheme CINE4 have been awarded today by Dublin Film Critics Circle (DFCC) Awards at the closing night of Virgin Media Dublin International Film Festival.","robots":{"index":"index","follow":"follow","max-snippet":"max-snippet:-1","max-image-preview":"max-image-preview:large","max-video-preview":"max-video-preview:-1"},"og_locale":"en_US","og_type":"article","og_title":"Wins for TG4's Cine4 Films An Cail\u00edn Ci\u00fain and R\u00f3ise & Frank at the Virgin Media Dublin International Film Festival | Press Release | TG4","og_description":"Two films from the TG4, Screen Ireland and BAI scheme CINE4 have been awarded today by Dublin Film Critics Circle (DFCC) Awards at the closing night of Virgin Media Dublin International Film Festival.","og_url":"https:\/\/dev.tg4.ie\/en\/information\/press\/press-releases\/2022-2\/wins-for-tg4s-cine4-films-an-cailin-ciuin-and-roise-frank-at-the-virgin-media-dublin-international-film-festival\/","og_site_name":"TG4","article_publisher":"https:\/\/www.facebook.com\/TG4TV","og_image":[{"url":"https:\/\/d1og0s8nlbd0hm.cloudfront.net\/tg4-redesign-2015\/wp-content\/uploads\/2022\/03\/Roise_Frank_1-1920x1080-1-700x394.jpg"}],"twitter_card":"summary_large_image","twitter_image":"https:\/\/d1og0s8nlbd0hm.cloudfront.net\/tg4-redesign-2015\/wp-content\/uploads\/2022\/03\/Roise_Frank_1-1920x1080-1-700x394.jpg","twitter_site":"@TG4TV","twitter_misc":{"Est. reading time":"4 minutes"},"schema":{"@context":"https:\/\/schema.org","@graph":[{"@type":"WebPage","@id":"https:\/\/dev.tg4.ie\/en\/information\/press\/press-releases\/2022-2\/wins-for-tg4s-cine4-films-an-cailin-ciuin-and-roise-frank-at-the-virgin-media-dublin-international-film-festival\/","url":"https:\/\/dev.tg4.ie\/en\/information\/press\/press-releases\/2022-2\/wins-for-tg4s-cine4-films-an-cailin-ciuin-and-roise-frank-at-the-virgin-media-dublin-international-film-festival\/","name":"Wins for TG4's Cine4 Films An Cail\u00edn Ci\u00fain and R\u00f3ise & Frank at the Virgin Media Dublin International Film Festival | Press Release | TG4","isPartOf":{"@id":"https:\/\/dev.tg4.ie\/en\/#website"},"primaryImageOfPage":{"@id":"https:\/\/dev.tg4.ie\/en\/information\/press\/press-releases\/2022-2\/wins-for-tg4s-cine4-films-an-cailin-ciuin-and-roise-frank-at-the-virgin-media-dublin-international-film-festival\/#primaryimage"},"image":{"@id":"https:\/\/dev.tg4.ie\/en\/information\/press\/press-releases\/2022-2\/wins-for-tg4s-cine4-films-an-cailin-ciuin-and-roise-frank-at-the-virgin-media-dublin-international-film-festival\/#primaryimage"},"thumbnailUrl":"https:\/\/dev.tg4.ie\/wp-content\/uploads\/2022\/02\/AnCailinCiuin_TheQuietGirl_Cait_Catherine_Clinch_1-1920x1080-1.jpg","datePublished":"2022-03-22T16:24:24+00:00","dateModified":"2022-03-22T16:24:24+00:00","description":"Two films from the TG4, Screen Ireland and BAI scheme CINE4 have been awarded today by Dublin Film Critics Circle (DFCC) Awards at the closing night of Virgin Media Dublin International Film Festival.","breadcrumb":{"@id":"https:\/\/dev.tg4.ie\/en\/information\/press\/press-releases\/2022-2\/wins-for-tg4s-cine4-films-an-cailin-ciuin-and-roise-frank-at-the-virgin-media-dublin-international-film-festival\/#breadcrumb"},"inLanguage":"en-ie","potentialAction":[{"@type":"ReadAction","target":["https:\/\/dev.tg4.ie\/en\/information\/press\/press-releases\/2022-2\/wins-for-tg4s-cine4-films-an-cailin-ciuin-and-roise-frank-at-the-virgin-media-dublin-international-film-festival\/"]}]},{"@type":"ImageObject","inLanguage":"en-ie","@id":"https:\/\/dev.tg4.ie\/en\/information\/press\/press-releases\/2022-2\/wins-for-tg4s-cine4-films-an-cailin-ciuin-and-roise-frank-at-the-virgin-media-dublin-international-film-festival\/#primaryimage","url":"https:\/\/dev.tg4.ie\/wp-content\/uploads\/2022\/02\/AnCailinCiuin_TheQuietGirl_Cait_Catherine_Clinch_1-1920x1080-1.jpg","contentUrl":"https:\/\/dev.tg4.ie\/wp-content\/uploads\/2022\/02\/AnCailinCiuin_TheQuietGirl_Cait_Catherine_Clinch_1-1920x1080-1.jpg"},{"@type":"BreadcrumbList","@id":"https:\/\/dev.tg4.ie\/en\/information\/press\/press-releases\/2022-2\/wins-for-tg4s-cine4-films-an-cailin-ciuin-and-roise-frank-at-the-virgin-media-dublin-international-film-festival\/#breadcrumb","itemListElement":[{"@type":"ListItem","position":1,"name":"Home","item":"https:\/\/dev.tg4.ie\/en\/"},{"@type":"ListItem","position":2,"name":"Information","item":"https:\/\/dev.tg4.ie\/en\/information\/"},{"@type":"ListItem","position":3,"name":"Press","item":"https:\/\/dev.tg4.ie\/en\/information\/press\/"},{"@type":"ListItem","position":4,"name":"Press Releases","item":"https:\/\/dev.tg4.ie\/en\/information\/press\/press-releases\/"},{"@type":"ListItem","position":5,"name":"2022","item":"https:\/\/dev.tg4.ie\/en\/information\/press\/press-releases\/2022-2\/"},{"@type":"ListItem","position":6,"name":"Wins for TG4&#8217;s Cine4 Films An Cail\u00edn Ci\u00fain and R\u00f3ise &#038; Frank at the Virgin Media Dublin International Film Festival"}]},{"@type":"WebSite","@id":"https:\/\/dev.tg4.ie\/en\/#website","url":"https:\/\/dev.tg4.ie\/en\/","name":"TG4","description":"S\u00fail Eile","potentialAction":[{"@type":"SearchAction","target":{"@type":"EntryPoint","urlTemplate":"https:\/\/dev.tg4.ie\/en\/?s={search_term_string}"},"query-input":"required name=search_term_string"}],"inLanguage":"en-ie"}]}},"_links":{"self":[{"href":"https:\/\/dev.tg4.ie\/en\/wp-json\/wp\/v2\/pages\/144047"}],"collection":[{"href":"https:\/\/dev.tg4.ie\/en\/wp-json\/wp\/v2\/pages"}],"about":[{"href":"https:\/\/dev.tg4.ie\/en\/wp-json\/wp\/v2\/types\/page"}],"author":[{"embeddable":true,"href":"https:\/\/dev.tg4.ie\/en\/wp-json\/wp\/v2\/users\/876"}],"replies":[{"embeddable":true,"href":"https:\/\/dev.tg4.ie\/en\/wp-json\/wp\/v2\/comments?post=144047"}],"version-history":[{"count":0,"href":"https:\/\/dev.tg4.ie\/en\/wp-json\/wp\/v2\/pages\/144047\/revisions"}],"up":[{"embeddable":true,"href":"https:\/\/dev.tg4.ie\/en\/wp-json\/wp\/v2\/pages\/138173"}],"wp:attachment":[{"href":"https:\/\/dev.tg4.ie\/en\/wp-json\/wp\/v2\/media?parent=144047"}],"curies":[{"name":"wp","href":"https:\/\/api.w.org\/{rel}","templated":true}]}}