{"id":144054,"date":"2022-03-22T16:34:47","date_gmt":"2022-03-22T16:34:47","guid":{"rendered":"https:\/\/dev.tg4.ie\/?page_id=144054"},"modified":"2022-03-22T16:34:47","modified_gmt":"2022-03-22T16:34:47","slug":"an-cailin-ciuin-wins-eight-ifta-film-and-drama-awards","status":"publish","type":"page","link":"https:\/\/dev.tg4.ie\/en\/information\/press\/press-releases\/2022-2\/an-cailin-ciuin-wins-eight-ifta-film-and-drama-awards\/","title":{"rendered":"An Cail\u00edn Ci\u00fain wins eight IFTA Film and Drama Awards"},"content":{"rendered":"<p><img loading=\"lazy\" decoding=\"async\" width=\"1920\" height=\"1080\" src=\"https:\/\/tg4-docs.s3.amazonaws.com\/tg4-redesign-2015\/wp-content\/uploads\/2022\/02\/AnCailinCiuin_TheQuietGirl_Cait_Catherine_Clinch_2-1920x1080-1.jpg\" alt=\"\" class=\"alignleft size-full wp-image-141459\" srcset=\"https:\/\/tg4-docs.s3.amazonaws.com\/tg4-redesign-2015\/wp-content\/uploads\/2022\/02\/AnCailinCiuin_TheQuietGirl_Cait_Catherine_Clinch_2-1920x1080-1.jpg 1920w, https:\/\/tg4-docs.s3.amazonaws.com\/tg4-redesign-2015\/wp-content\/uploads\/2022\/02\/AnCailinCiuin_TheQuietGirl_Cait_Catherine_Clinch_2-1920x1080-1-250x141.jpg 250w, https:\/\/tg4-docs.s3.amazonaws.com\/tg4-redesign-2015\/wp-content\/uploads\/2022\/02\/AnCailinCiuin_TheQuietGirl_Cait_Catherine_Clinch_2-1920x1080-1-700x394.jpg 700w, https:\/\/tg4-docs.s3.amazonaws.com\/tg4-redesign-2015\/wp-content\/uploads\/2022\/02\/AnCailinCiuin_TheQuietGirl_Cait_Catherine_Clinch_2-1920x1080-1-252x141.jpg 252w, https:\/\/tg4-docs.s3.amazonaws.com\/tg4-redesign-2015\/wp-content\/uploads\/2022\/02\/AnCailinCiuin_TheQuietGirl_Cait_Catherine_Clinch_2-1920x1080-1-1536x864.jpg 1536w, https:\/\/tg4-docs.s3.amazonaws.com\/tg4-redesign-2015\/wp-content\/uploads\/2022\/02\/AnCailinCiuin_TheQuietGirl_Cait_Catherine_Clinch_2-1920x1080-1-120x68.jpg 120w\" sizes=\"(max-width: 1920px) 100vw, 1920px\" \/><br \/>\n&nbsp;<br \/>\nIrish language film <strong>An Cail\u00edn Ci\u00fain<\/strong> won eight IFTA Film and Drama awards, that were broadcast tonight on Virgin Media One. An Cail\u00edn Ci\u00fain is a CINE4 film, a scheme from TG4, Screen Ireland and BAI to produce high-quality films in Irish.<br \/>\n&nbsp;<br \/>\nThe film won BEST FILM in the same category as Kenneth Brannagh&#8217;s <em>Belfast<\/em>, <em>Deadly Cuts<\/em>, <em>Swan Song<\/em>, <em>Who We Love<\/em> and <em>You are Not My Mother<\/em>. Newcomer Catherine Clinch who plays C\u00e1it in the film won the IFTA for LEAD ACTRESS FILM. Colm Bair\u00e9ad was awarded best DIRECTOR FILM and was also awarded Screen Ireland RISING STAR award.  Kate McCullough won the IFTA for CINEMATOGRAPHY, John Murphy for BEST EDITING and Emma Lowney for BEST PRODUCTION DESIGN. The film also won the IFTA for ORIGINAL MUSIC for Stephen Rennicks.<br \/>\n&nbsp;<br \/>\nThe film has received widespread acclaim from critics at home and abroad since its premiere at Berlinale last month. An Cail\u00edn Ci\u00fain opened the Virgin Media Dublin International Film Festival was awarded BEST IRISH FILM last weekend by Dublin Film Critics Circle (DFCC) on the closing night of the festival and also received the Audience Award last Wednesday. It was was awarded the Grand Prix of the Generation Kplus International Jury for Best Film and received a special mention from the children&#8217;s jury after its world premiere at Berlinale. Last weekend, it had its UK premiere at the Glasgow Film Festival.<br \/>\n&nbsp;<br \/>\nAn Cail\u00edn Ci\u00fain tells the story of C\u00e1it played by newcomer Catherine Clinch, &#8211; a nine year-old girl from an overcrowded, dysfunctional family who is sent away to live with foster parents for the summer. Despite a warm reception from the woman, Eibhl\u00edn (Carrie Crowley), the man of the house, Se\u00e1n (Andrew Bennett), keeps his distance from C\u00e1it and she from him, but over time, their strained relationship begins to deepen. Slowly, in the care of the Kinsellas, C\u00e1it blossoms and discovers a new way of living. But in this house where there are meant to be no secrets, she discovers one painful truth.<br \/>\n&nbsp;<br \/>\nBased on Foster by Claire Keegan, An Cail\u00edn Ci\u00fain is a complex and delicate coming-of-age drama that explores questions of family, neglect and loss through the eyes of its young protagonist.<br \/>\nAn Cail\u00edn Ci\u00fain is the feature film debut of writer\/director, Colm Bair\u00e9ad and producer, Cleona N\u00ed Chrualaoi of Insc\u00e9al.<br \/>\n&nbsp;<br \/>\n<strong>Cleona N\u00ed Chrualaoi, Producer, An Cail\u00edn Ci\u00fain<\/strong> said, <em>&#8220;We are absolutely thrilled with the eight IFTA awards that the An Cail\u00edn Ci\u00fain team has received, including Best Film, Best Director and Best Lead Actress. It is beyond our wildest dreams! We&#8217;re so happy for our lead actor, Catherine Clinch and our amazing crew who took home awards in the following categories; Cinematography, Editing, Production Design and Original Music. We are particularly proud that this is the first time an Irish-language film has won in the Best Film category. For our writer\/director, Colm Bair\u00e9ad to win both Best Director and the IFTA &#8211; Screen Ireland Rising Star Award is a phenomenal achievement. Together, we have all made history with this film! Thank you so much to the Irish Film and Television Academy for these huge honours.&#8221;<\/em><br \/>\n&nbsp;<br \/>\n<strong>M\u00e1ire N\u00ed Chonl\u00e1in, Commissioning Editor of An Cail\u00edn Ci\u00fain in TG4<\/strong> said <em>&#8220;TG4 is delighted with the success of An Cail\u00edn Ci\u00fain to date, it is a special film, and we are very proud to have supported it in partnership with Screen Ireland and the BAI under the Cine4 scheme. Thanks to IFTA who recognised the high standard of talent in this magical film. These awards are well deserved by Insc\u00e9al, the cast and all the team who made the film.&#8221;<\/em><br \/>\n&nbsp;<br \/>\n&nbsp;<\/p>\n","protected":false},"excerpt":{"rendered":"<p>&nbsp; Irish language film An Cail\u00edn Ci\u00fain won eight IFTA Film and Drama awards, that were broadcast tonight on Virgin Media One. An Cail\u00edn Ci\u00fain is a CINE4 film, a scheme from TG4, Screen Ireland and BAI to produce high-quality films in Irish. &nbsp; The film won BEST FILM in the same category as Kenneth [&hellip;]<\/p>\n","protected":false},"author":876,"featured_media":0,"parent":138173,"menu_order":9,"comment_status":"closed","ping_status":"closed","template":"page-templates\/template-pr.php","meta":{"_acf_changed":false,"footnotes":""},"acf":[],"yoast_head":"<!-- This site is optimized with the Yoast SEO plugin v22.6 - https:\/\/yoast.com\/wordpress\/plugins\/seo\/ -->\n<title>An Cail\u00edn Ci\u00fain wins eight IFTA Film and Drama Awards | Press Release | TG4<\/title>\n<meta name=\"description\" content=\"Irish language film An Cail\u00edn Ci\u00fain won eight IFTA Film and Drama awards, that were broadcast tonight on Virgin Media One. An Cail\u00edn Ci\u00fain is a CINE4 film, a scheme from TG4, Screen Ireland and BAI to produce high-quality films in Irish.\" \/>\n<meta name=\"robots\" content=\"index, follow, max-snippet:-1, max-image-preview:large, max-video-preview:-1\" \/>\n<meta property=\"og:locale\" content=\"en_US\" \/>\n<meta property=\"og:type\" content=\"article\" \/>\n<meta property=\"og:title\" content=\"An Cail\u00edn Ci\u00fain wins eight IFTA Film and Drama Awards | Press Release | TG4\" \/>\n<meta property=\"og:description\" content=\"Irish language film An Cail\u00edn Ci\u00fain won eight IFTA Film and Drama awards, that were broadcast tonight on Virgin Media One. An Cail\u00edn Ci\u00fain is a CINE4 film, a scheme from TG4, Screen Ireland and BAI to produce high-quality films in Irish.\" \/>\n<meta property=\"og:url\" content=\"https:\/\/dev.tg4.ie\/en\/information\/press\/press-releases\/2022-2\/an-cailin-ciuin-wins-eight-ifta-film-and-drama-awards\/\" \/>\n<meta property=\"og:site_name\" content=\"TG4\" \/>\n<meta property=\"article:publisher\" content=\"https:\/\/www.facebook.com\/TG4TV\" \/>\n<meta property=\"og:image\" content=\"https:\/\/d1og0s8nlbd0hm.cloudfront.net\/tg4-redesign-2015\/wp-content\/uploads\/2022\/02\/AnCailinCiuin_TheQuietGirl_Cait_Catherine_Clinch_2-1920x1080-1-700x394.jpg\" \/>\n<meta name=\"twitter:card\" content=\"summary_large_image\" \/>\n<meta name=\"twitter:image\" content=\"https:\/\/d1og0s8nlbd0hm.cloudfront.net\/tg4-redesign-2015\/wp-content\/uploads\/2022\/02\/AnCailinCiuin_TheQuietGirl_Cait_Catherine_Clinch_2-1920x1080-1-700x394.jpg\" \/>\n<meta name=\"twitter:site\" content=\"@TG4TV\" \/>\n<meta name=\"twitter:label1\" content=\"Est. reading time\" \/>\n\t<meta name=\"twitter:data1\" content=\"3 minutes\" \/>\n<script type=\"application\/ld+json\" class=\"yoast-schema-graph\">{\"@context\":\"https:\/\/schema.org\",\"@graph\":[{\"@type\":\"WebPage\",\"@id\":\"https:\/\/dev.tg4.ie\/en\/information\/press\/press-releases\/2022-2\/an-cailin-ciuin-wins-eight-ifta-film-and-drama-awards\/\",\"url\":\"https:\/\/dev.tg4.ie\/en\/information\/press\/press-releases\/2022-2\/an-cailin-ciuin-wins-eight-ifta-film-and-drama-awards\/\",\"name\":\"An Cail\u00edn Ci\u00fain wins eight IFTA Film and Drama Awards | Press Release | TG4\",\"isPartOf\":{\"@id\":\"https:\/\/dev.tg4.ie\/en\/#website\"},\"primaryImageOfPage\":{\"@id\":\"https:\/\/dev.tg4.ie\/en\/information\/press\/press-releases\/2022-2\/an-cailin-ciuin-wins-eight-ifta-film-and-drama-awards\/#primaryimage\"},\"image\":{\"@id\":\"https:\/\/dev.tg4.ie\/en\/information\/press\/press-releases\/2022-2\/an-cailin-ciuin-wins-eight-ifta-film-and-drama-awards\/#primaryimage\"},\"thumbnailUrl\":\"https:\/\/dev.tg4.ie\/wp-content\/uploads\/2022\/02\/AnCailinCiuin_TheQuietGirl_Cait_Catherine_Clinch_2-1920x1080-1.jpg\",\"datePublished\":\"2022-03-22T16:34:47+00:00\",\"dateModified\":\"2022-03-22T16:34:47+00:00\",\"description\":\"Irish language film An Cail\u00edn Ci\u00fain won eight IFTA Film and Drama awards, that were broadcast tonight on Virgin Media One. An Cail\u00edn Ci\u00fain is a CINE4 film, a scheme from TG4, Screen Ireland and BAI to produce high-quality films in Irish.\",\"breadcrumb\":{\"@id\":\"https:\/\/dev.tg4.ie\/en\/information\/press\/press-releases\/2022-2\/an-cailin-ciuin-wins-eight-ifta-film-and-drama-awards\/#breadcrumb\"},\"inLanguage\":\"en-ie\",\"potentialAction\":[{\"@type\":\"ReadAction\",\"target\":[\"https:\/\/dev.tg4.ie\/en\/information\/press\/press-releases\/2022-2\/an-cailin-ciuin-wins-eight-ifta-film-and-drama-awards\/\"]}]},{\"@type\":\"ImageObject\",\"inLanguage\":\"en-ie\",\"@id\":\"https:\/\/dev.tg4.ie\/en\/information\/press\/press-releases\/2022-2\/an-cailin-ciuin-wins-eight-ifta-film-and-drama-awards\/#primaryimage\",\"url\":\"https:\/\/dev.tg4.ie\/wp-content\/uploads\/2022\/02\/AnCailinCiuin_TheQuietGirl_Cait_Catherine_Clinch_2-1920x1080-1.jpg\",\"contentUrl\":\"https:\/\/dev.tg4.ie\/wp-content\/uploads\/2022\/02\/AnCailinCiuin_TheQuietGirl_Cait_Catherine_Clinch_2-1920x1080-1.jpg\"},{\"@type\":\"BreadcrumbList\",\"@id\":\"https:\/\/dev.tg4.ie\/en\/information\/press\/press-releases\/2022-2\/an-cailin-ciuin-wins-eight-ifta-film-and-drama-awards\/#breadcrumb\",\"itemListElement\":[{\"@type\":\"ListItem\",\"position\":1,\"name\":\"Home\",\"item\":\"https:\/\/dev.tg4.ie\/en\/\"},{\"@type\":\"ListItem\",\"position\":2,\"name\":\"Information\",\"item\":\"https:\/\/dev.tg4.ie\/en\/information\/\"},{\"@type\":\"ListItem\",\"position\":3,\"name\":\"Press\",\"item\":\"https:\/\/dev.tg4.ie\/en\/information\/press\/\"},{\"@type\":\"ListItem\",\"position\":4,\"name\":\"Press Releases\",\"item\":\"https:\/\/dev.tg4.ie\/en\/information\/press\/press-releases\/\"},{\"@type\":\"ListItem\",\"position\":5,\"name\":\"2022\",\"item\":\"https:\/\/dev.tg4.ie\/en\/information\/press\/press-releases\/2022-2\/\"},{\"@type\":\"ListItem\",\"position\":6,\"name\":\"An Cail\u00edn Ci\u00fain wins eight IFTA Film and Drama Awards\"}]},{\"@type\":\"WebSite\",\"@id\":\"https:\/\/dev.tg4.ie\/en\/#website\",\"url\":\"https:\/\/dev.tg4.ie\/en\/\",\"name\":\"TG4\",\"description\":\"S\u00fail Eile\",\"potentialAction\":[{\"@type\":\"SearchAction\",\"target\":{\"@type\":\"EntryPoint\",\"urlTemplate\":\"https:\/\/dev.tg4.ie\/en\/?s={search_term_string}\"},\"query-input\":\"required name=search_term_string\"}],\"inLanguage\":\"en-ie\"}]}<\/script>\n<!-- \/ Yoast SEO plugin. -->","yoast_head_json":{"title":"An Cail\u00edn Ci\u00fain wins eight IFTA Film and Drama Awards | Press Release | TG4","description":"Irish language film An Cail\u00edn Ci\u00fain won eight IFTA Film and Drama awards, that were broadcast tonight on Virgin Media One. An Cail\u00edn Ci\u00fain is a CINE4 film, a scheme from TG4, Screen Ireland and BAI to produce high-quality films in Irish.","robots":{"index":"index","follow":"follow","max-snippet":"max-snippet:-1","max-image-preview":"max-image-preview:large","max-video-preview":"max-video-preview:-1"},"og_locale":"en_US","og_type":"article","og_title":"An Cail\u00edn Ci\u00fain wins eight IFTA Film and Drama Awards | Press Release | TG4","og_description":"Irish language film An Cail\u00edn Ci\u00fain won eight IFTA Film and Drama awards, that were broadcast tonight on Virgin Media One. An Cail\u00edn Ci\u00fain is a CINE4 film, a scheme from TG4, Screen Ireland and BAI to produce high-quality films in Irish.","og_url":"https:\/\/dev.tg4.ie\/en\/information\/press\/press-releases\/2022-2\/an-cailin-ciuin-wins-eight-ifta-film-and-drama-awards\/","og_site_name":"TG4","article_publisher":"https:\/\/www.facebook.com\/TG4TV","og_image":[{"url":"https:\/\/d1og0s8nlbd0hm.cloudfront.net\/tg4-redesign-2015\/wp-content\/uploads\/2022\/02\/AnCailinCiuin_TheQuietGirl_Cait_Catherine_Clinch_2-1920x1080-1-700x394.jpg"}],"twitter_card":"summary_large_image","twitter_image":"https:\/\/d1og0s8nlbd0hm.cloudfront.net\/tg4-redesign-2015\/wp-content\/uploads\/2022\/02\/AnCailinCiuin_TheQuietGirl_Cait_Catherine_Clinch_2-1920x1080-1-700x394.jpg","twitter_site":"@TG4TV","twitter_misc":{"Est. reading time":"3 minutes"},"schema":{"@context":"https:\/\/schema.org","@graph":[{"@type":"WebPage","@id":"https:\/\/dev.tg4.ie\/en\/information\/press\/press-releases\/2022-2\/an-cailin-ciuin-wins-eight-ifta-film-and-drama-awards\/","url":"https:\/\/dev.tg4.ie\/en\/information\/press\/press-releases\/2022-2\/an-cailin-ciuin-wins-eight-ifta-film-and-drama-awards\/","name":"An Cail\u00edn Ci\u00fain wins eight IFTA Film and Drama Awards | Press Release | TG4","isPartOf":{"@id":"https:\/\/dev.tg4.ie\/en\/#website"},"primaryImageOfPage":{"@id":"https:\/\/dev.tg4.ie\/en\/information\/press\/press-releases\/2022-2\/an-cailin-ciuin-wins-eight-ifta-film-and-drama-awards\/#primaryimage"},"image":{"@id":"https:\/\/dev.tg4.ie\/en\/information\/press\/press-releases\/2022-2\/an-cailin-ciuin-wins-eight-ifta-film-and-drama-awards\/#primaryimage"},"thumbnailUrl":"https:\/\/dev.tg4.ie\/wp-content\/uploads\/2022\/02\/AnCailinCiuin_TheQuietGirl_Cait_Catherine_Clinch_2-1920x1080-1.jpg","datePublished":"2022-03-22T16:34:47+00:00","dateModified":"2022-03-22T16:34:47+00:00","description":"Irish language film An Cail\u00edn Ci\u00fain won eight IFTA Film and Drama awards, that were broadcast tonight on Virgin Media One. An Cail\u00edn Ci\u00fain is a CINE4 film, a scheme from TG4, Screen Ireland and BAI to produce high-quality films in Irish.","breadcrumb":{"@id":"https:\/\/dev.tg4.ie\/en\/information\/press\/press-releases\/2022-2\/an-cailin-ciuin-wins-eight-ifta-film-and-drama-awards\/#breadcrumb"},"inLanguage":"en-ie","potentialAction":[{"@type":"ReadAction","target":["https:\/\/dev.tg4.ie\/en\/information\/press\/press-releases\/2022-2\/an-cailin-ciuin-wins-eight-ifta-film-and-drama-awards\/"]}]},{"@type":"ImageObject","inLanguage":"en-ie","@id":"https:\/\/dev.tg4.ie\/en\/information\/press\/press-releases\/2022-2\/an-cailin-ciuin-wins-eight-ifta-film-and-drama-awards\/#primaryimage","url":"https:\/\/dev.tg4.ie\/wp-content\/uploads\/2022\/02\/AnCailinCiuin_TheQuietGirl_Cait_Catherine_Clinch_2-1920x1080-1.jpg","contentUrl":"https:\/\/dev.tg4.ie\/wp-content\/uploads\/2022\/02\/AnCailinCiuin_TheQuietGirl_Cait_Catherine_Clinch_2-1920x1080-1.jpg"},{"@type":"BreadcrumbList","@id":"https:\/\/dev.tg4.ie\/en\/information\/press\/press-releases\/2022-2\/an-cailin-ciuin-wins-eight-ifta-film-and-drama-awards\/#breadcrumb","itemListElement":[{"@type":"ListItem","position":1,"name":"Home","item":"https:\/\/dev.tg4.ie\/en\/"},{"@type":"ListItem","position":2,"name":"Information","item":"https:\/\/dev.tg4.ie\/en\/information\/"},{"@type":"ListItem","position":3,"name":"Press","item":"https:\/\/dev.tg4.ie\/en\/information\/press\/"},{"@type":"ListItem","position":4,"name":"Press Releases","item":"https:\/\/dev.tg4.ie\/en\/information\/press\/press-releases\/"},{"@type":"ListItem","position":5,"name":"2022","item":"https:\/\/dev.tg4.ie\/en\/information\/press\/press-releases\/2022-2\/"},{"@type":"ListItem","position":6,"name":"An Cail\u00edn Ci\u00fain wins eight IFTA Film and Drama Awards"}]},{"@type":"WebSite","@id":"https:\/\/dev.tg4.ie\/en\/#website","url":"https:\/\/dev.tg4.ie\/en\/","name":"TG4","description":"S\u00fail Eile","potentialAction":[{"@type":"SearchAction","target":{"@type":"EntryPoint","urlTemplate":"https:\/\/dev.tg4.ie\/en\/?s={search_term_string}"},"query-input":"required name=search_term_string"}],"inLanguage":"en-ie"}]}},"_links":{"self":[{"href":"https:\/\/dev.tg4.ie\/en\/wp-json\/wp\/v2\/pages\/144054"}],"collection":[{"href":"https:\/\/dev.tg4.ie\/en\/wp-json\/wp\/v2\/pages"}],"about":[{"href":"https:\/\/dev.tg4.ie\/en\/wp-json\/wp\/v2\/types\/page"}],"author":[{"embeddable":true,"href":"https:\/\/dev.tg4.ie\/en\/wp-json\/wp\/v2\/users\/876"}],"replies":[{"embeddable":true,"href":"https:\/\/dev.tg4.ie\/en\/wp-json\/wp\/v2\/comments?post=144054"}],"version-history":[{"count":0,"href":"https:\/\/dev.tg4.ie\/en\/wp-json\/wp\/v2\/pages\/144054\/revisions"}],"up":[{"embeddable":true,"href":"https:\/\/dev.tg4.ie\/en\/wp-json\/wp\/v2\/pages\/138173"}],"wp:attachment":[{"href":"https:\/\/dev.tg4.ie\/en\/wp-json\/wp\/v2\/media?parent=144054"}],"curies":[{"name":"wp","href":"https:\/\/api.w.org\/{rel}","templated":true}]}}