{"id":144066,"date":"2022-03-22T17:00:15","date_gmt":"2022-03-22T17:00:15","guid":{"rendered":"https:\/\/dev.tg4.ie\/?page_id=144066"},"modified":"2022-03-22T17:06:08","modified_gmt":"2022-03-22T17:06:08","slug":"six-nominations-for-tg4-in-this-years-rts-ireland-television-awards","status":"publish","type":"page","link":"https:\/\/dev.tg4.ie\/en\/information\/press\/press-releases\/2022-2\/six-nominations-for-tg4-in-this-years-rts-ireland-television-awards\/","title":{"rendered":"Six nominations for TG4 in this year&#8217;s RTS Ireland Television Awards"},"content":{"rendered":"<p><img decoding=\"async\" src=\"https:\/\/tg4-docs.s3.amazonaws.com\/tg4-redesign-2015\/wp-content\/uploads\/2021\/03\/Sile_Seoighe_Deireadh_Tochta_1_1920x1080.jpg\" width=\"50%\" \/><img decoding=\"async\" src=\"https:\/\/tg4-docs.s3.amazonaws.com\/tg4-redesign-2015\/wp-content\/uploads\/2021\/11\/An_Cuan_1-1920x1080-1.jpg\"  width=\"50%\" \/><br \/>\n&nbsp;<br \/>\nTG4 has received six nominations in the RTS Ireland Television Awards announced today.  The awards aim to showcase and give recognition to the Irish TV industry for achievements and excellence in Creative production for the year. The winners in ten categories will be announced on Tuesday, April 12th at an event in the RDS Concert Hall, Dublin, hosted by Bl\u00e1thnaid Treacy and Nuala Carey.  Juries considered almost 100 entries from across the industry.<br \/>\n&nbsp;<br \/>\nS\u00edle Seoige&#8217;s powerful documentary <strong>S\u00edle Seoige: Deireadh Tochta<\/strong> which explored the grief, hopes, fears, and frustrations of those who have gone through miscarriage is nominated in FACTUAL SINGLE. In the hour-long authored documentary, produced by Tyrone Productions, S\u00edle met women, couples, doctors and service providers in an effort to investigate the medical, emotional, psychological, and sociological elements of miscarriage, to help society understand it better.<br \/>\n&nbsp;<br \/>\nDocumentary series <strong>Misneach<\/strong> looks at how whistleblowers are treated in Ireland is nominated for FACTUAL SERIES.  Stories of those who stood up against wrongdoing in the workplace and found their lives almost destroyed forever because they refused to stay silent produced by Midas Productions.<br \/>\n&nbsp;<br \/>\nA year-long look at one of Ireland&#8217;s most fascinating and unique eco-systems &#8211; Dublin Bay is explored in <strong>An Cuan<\/strong>  produced by Oddboy Media is nominated for SPECIALIST FACTUAL.  Dublin bay is home to an unfathomable number of birds, mammals, sea creatures, flora and also 1.5 million Dubliners. Teeming with life, both wild and human, the bay faces many challenges both natural and manmade. An Cuan explores this unique urban area where nature and humanity at times live in harmony and at others battle to co-exist. <strong>Se\u00e1n \u00d3 Riada &#8211; Mo Sheanathair<\/strong>, is nominated in the same category produced by T\u00e1in Media. In the documentary, Sean \u00d3 Riada&#8217;s granddaughter Doireann N\u00ed Ghlac\u00e1in resolves to find out more about this divisive and iconic figure 50 years after his death.<br \/>\n&nbsp;<br \/>\nNominated in CHILDREN\u2019S PROGRAMME category are <strong>Mo Shaol, Do Shaol<\/strong> produced by Macalla. The series takes two people who are totally different from one another &#038; make them swap hobbies and lives for a day&#8230;.AND they have to complete an incredibly difficult challenge before the day is out.<br \/>\n&nbsp;<br \/>\nA debs <strong>Tik Tok drama<\/strong> in Irish for teenagers is also nominated in this category.  Using the popular trend #Fairytale on Tik Tok, the drama series was published in nine segments telling the love story of a Debs Fairytale, featuring Gillian and S\u00e9amus.  This fun, hyper and energetic drama has been developed by young people and mostly only features young people. Produced by F\u00edb\u00edn Media, and created by writer and director Philip Doherty with input and collaboration with young people.<br \/>\n&nbsp;<\/p>\n<p><strong>1 \u2013 THE NOMINEES | DRAMA | with thanks to Screen Ireland<\/strong><\/p>\n<p>Dalgliesh &#8211; New Pictures Ltd<\/p>\n<p>Hidden Assets &#8211; Saffron Moon [RT\u00c9]<\/p>\n<p>Smother &#8211; Treasure Entertainment Ltd \/ BBC Studios [RT\u00c9]<br \/>\n&nbsp;<\/p>\n<p><strong>2 \u2013 THE NOMINEES | ENTERTAINMENT | with thanks to Piranha Bar<\/strong><\/p>\n<p>BOWIE: Starman with the RT\u00c9 Concert Orchestra [RT\u00c9]<\/p>\n<p>Ireland&#8217;s Fittest Family &#8211; Animo TV, Kite Entertainment Ltd [RT\u00c9]<\/p>\n<p>Last Singer Standing \u2013 ShinAwiL [RT\u00c9] <\/p>\n<p>Special Forces &#8211; Ultimate Hell Week &#8211; Motive Television [RT\u00c9]<\/p>\n<p>The Deirdre O\u2019Kane Show &#8211; Kite Entertainment Ltd [SKY]<br \/>\n&nbsp;<\/p>\n<p><strong>3 \u2013 THE NOMINEES | FACTUAL SERIES | with thanks to Egg Post Production<\/strong><\/p>\n<p><strong>MISNEACH &#8211; Midas Productions [TG4]<\/strong><\/p>\n<p>Murder at the Cottage: The Search for Justice for Sophie &#8211; Hell\u2019s Kitchen, Dare Films in association with Sky Studios [SKY]<\/p>\n<p>RT\u00c9 Investigates &#8211; Who Am I? The story of Ireland&#8217;s Illegal Adoptions [RT\u00c9]<\/p>\n<p>The Case I Can&#8217;t Forget &#8211; Rare Television Ireland Ltd and Green Inc Film and TV Ltd [RT\u00c9]<\/p>\n<p>The Killing of Fr. Niall Molloy &#8211; Flawless Films [RT\u00c9]<br \/>\n&nbsp;<\/p>\n<p><strong>4 \u2013 THE NOMINEES | FACTUAL SINGLE | with thanks to Nemeton TV<\/strong><\/p>\n<p>Keelin Shanley: Faraway, Still Close &#8211; Scratch Films Ltd. [RT\u00c9]<\/p>\n<p>Let the Rest of the World Go By &#8211; Angelo Films \/ Ponder [RT\u00c9]<\/p>\n<p><strong>S\u00edle Seoige: Deireadh Tochta &#8211; TYRONE PRODUCTIONS [TG4]<\/strong><\/p>\n<p>The Irish Wedding &#8211; Atom Films [RT\u00c9]<\/p>\n<p>Tomorrow Is Saturday &#8211; GMarsh TV Productions [RT\u00c9]<br \/>\n&nbsp;<\/p>\n<p><strong>5 \u2013 THE NOMINEES | SPORT | with thanks to TVM<\/strong><\/p>\n<p>17 Days in The Crucible &#8211; Proposition Films [Eir Sport]<\/p>\n<p>Barney Curley: The Man Who Beat The Bookies &#8211; True Films [RT\u00c9, BBC Northern Ireland]<\/p>\n<p>Finding Jack Charlton &#8211; Noah Media Group, Virgin Media, BBC [Virgin Media Television]<\/p>\n<p>Horizon Tokyo &#8211; Brick Films [RT\u00c9]<\/p>\n<p>Rachael Blackmore: A Grand Year &#8211; Fifty-Three Six [RT\u00c9]<br \/>\n&nbsp;<\/p>\n<p><strong>6 &#8211;  THE NOMINEES | NEWS &#038; CURRENT AFFAIRS | with thanks to Camerakit.ie<\/strong><\/p>\n<p>Brexit, the protocol and the fallout 2021 [Sky] <\/p>\n<p>Opening Another Year With COVID [Virgin Media Television]<\/p>\n<p>RT\u00c9 Investigates &#8211; Covid 19 The Third Wave [RT\u00c9]<br \/>\n&nbsp;<\/p>\n<p><strong>7 \u2013 THE NOMINEES | ANIMATION | with thanks to Windmill Lane<\/strong><\/p>\n<p>Adam Saves Christmas &#8211; Kavaleer Productions [RT\u00c9]<\/p>\n<p>B\u00f3in agus Beach &#8211; Paper Owl Films [RT\u00c9]<\/p>\n<p>Dagda&#8217;s Harp &#8211; Cardel Entertainment [RT\u00c9]<br \/>\n&nbsp;<\/p>\n<p><strong>8 \u2013 THE NOMINEES | SPECIALIST FACTUAL| with thanks to Screenscene<\/strong><\/p>\n<p><strong>An Cuan &#8211; Oddboy Media [TG4]<\/strong><\/p>\n<p>Jack B. Yeats: The Man Who Painted Ireland &#8211; Averner Films [RT\u00c9]<\/p>\n<p>My Tribe &#8211; Mo Threibh &#8211; Mind the Gap Films [RT\u00c9]<\/p>\n<p><strong>Se\u00e1n \u00d3 Riada &#8211; Mo Sheanathair &#8211; T\u00e1in Media [TG4]<\/strong><\/p>\n<p>Voices of Ireland &#8211; Red Shoe [Sky]<br \/>\n&nbsp;<\/p>\n<p><strong>9 &#8211; THE NOMINEES | CHILDREN\u2019S PROGRAMME | with thanks to IMRO<\/strong><\/p>\n<p>Critters TV &#8211; Turnip + Duck [RT\u00c9]<\/p>\n<p><strong>Mo Shaol, Do Shaol &#8211; Macalla Teo [TG4]<\/strong><\/p>\n<p><strong>Na Debs &#8211; TicToc Drama &#8211; Fibin Media [TG4]<\/strong><\/p>\n<p>Nova Jones &#8211; Friends of Nova &#8211; JAM Media [BBC]<\/p>\n<p>Royals Next Door &#8211; Ink and Light, Pikkukala Oy, Pikkukala ES &#038; Walking the Dog [RT\u00c9]<br \/>\n&nbsp;<\/p>\n<p><strong>10 \u2013 THE NOMINEES | FACTUAL ENTERTAINMENT | with thanks to Ardmore Studios<\/strong><\/p>\n<p>Eating With The Enemy &#8211; Animo TV Productions LTD [Virgin Media Television]<\/p>\n<p>Gogglebox Ireland &#8211; Kite Entertainment Ltd [Virgin Media Television]<\/p>\n<p>Home of The Year \u2013 ShinAwiL [RT\u00c9]<\/p>\n<p>REELING IN THE YEARS 2010-2019 [RT\u00c9]<\/p>\n<p>The 2 Johnnies Take on &#8211; Straywave Media Ltd [RT\u00c9]<br \/>\n&nbsp;<br \/>\n&nbsp;<\/p>\n<p><em>About the RTS Ireland Awards:<\/em><\/p>\n<p>Originally founded in London as the Television Society in 1927, the Irish centre was launched in 1995. <\/p>\n<p>The Gradaim\/RTS Ireland Television Awards seek to recognise Irish productions and international co-productions which are considered by peer jury members to have made a positive contribution worthy of acclaim by the industry and Irish viewers.<\/p>\n<p>RTS Awards are one of the international gold standard awards for the TV industry and an important showcase of the extraordinary talent evident across the country\u2019s television industry.<br \/>\n&nbsp;<br \/>\n&nbsp;<br \/>\nFor more information please visit: <a href=\"https:\/\/rts.org.uk\/award\/rts-ireland-television-awards-2022\" rel=\"noopener\" target=\"_blank\">rts.org.uk\/award\/rts-ireland-television-awards-2022<\/a><br \/>\n&nbsp;<br \/>\n&nbsp;<\/p>\n","protected":false},"excerpt":{"rendered":"<p>&nbsp; TG4 has received six nominations in the RTS Ireland Television Awards announced today. The awards aim to showcase and give recognition to the Irish TV industry for achievements and excellence in Creative production for the year. The winners in ten categories will be announced on Tuesday, April 12th at an event in the RDS [&hellip;]<\/p>\n","protected":false},"author":876,"featured_media":0,"parent":138173,"menu_order":10,"comment_status":"closed","ping_status":"closed","template":"page-templates\/template-pr.php","meta":{"_acf_changed":false,"footnotes":""},"acf":[],"yoast_head":"<!-- This site is optimized with the Yoast SEO plugin v22.6 - https:\/\/yoast.com\/wordpress\/plugins\/seo\/ -->\n<title>Six nominations for TG4 in this year&#039;s RTS Ireland Television Awards | Press Release | TG4<\/title>\n<meta name=\"description\" content=\"TG4 has received six nominations in the RTS Ireland Television Awards announced today. The awards aim to showcase and give recognition to the Irish TV industry for achievements and excellence in Creative production for the year.\" \/>\n<meta name=\"robots\" content=\"index, follow, max-snippet:-1, max-image-preview:large, max-video-preview:-1\" \/>\n<meta property=\"og:locale\" content=\"en_US\" \/>\n<meta property=\"og:type\" content=\"article\" \/>\n<meta property=\"og:title\" content=\"Six nominations for TG4 in this year&#039;s RTS Ireland Television Awards | Press Release | TG4\" \/>\n<meta property=\"og:description\" content=\"TG4 has received six nominations in the RTS Ireland Television Awards announced today. The awards aim to showcase and give recognition to the Irish TV industry for achievements and excellence in Creative production for the year.\" \/>\n<meta property=\"og:url\" content=\"https:\/\/dev.tg4.ie\/en\/information\/press\/press-releases\/2022-2\/six-nominations-for-tg4-in-this-years-rts-ireland-television-awards\/\" \/>\n<meta property=\"og:site_name\" content=\"TG4\" \/>\n<meta property=\"article:publisher\" content=\"https:\/\/www.facebook.com\/TG4TV\" \/>\n<meta property=\"article:modified_time\" content=\"2022-03-22T17:06:08+00:00\" \/>\n<meta property=\"og:image\" content=\"https:\/\/tg4-docs.s3.amazonaws.com\/tg4-redesign-2015\/wp-content\/uploads\/2021\/03\/Sile_Seoighe_Deireadh_Tochta_1_1920x1080.jpg\" \/>\n\t<meta property=\"og:image:width\" content=\"1920\" \/>\n\t<meta property=\"og:image:height\" content=\"1080\" \/>\n\t<meta property=\"og:image:type\" content=\"image\/jpeg\" \/>\n<meta name=\"twitter:card\" content=\"summary_large_image\" \/>\n<meta name=\"twitter:image\" content=\"https:\/\/tg4-docs.s3.amazonaws.com\/tg4-redesign-2015\/wp-content\/uploads\/2021\/03\/Sile_Seoighe_Deireadh_Tochta_1_1920x1080.jpg\" \/>\n<meta name=\"twitter:site\" content=\"@TG4TV\" \/>\n<meta name=\"twitter:label1\" content=\"Est. reading time\" \/>\n\t<meta name=\"twitter:data1\" content=\"5 minutes\" \/>\n<script type=\"application\/ld+json\" class=\"yoast-schema-graph\">{\"@context\":\"https:\/\/schema.org\",\"@graph\":[{\"@type\":\"WebPage\",\"@id\":\"https:\/\/dev.tg4.ie\/en\/information\/press\/press-releases\/2022-2\/six-nominations-for-tg4-in-this-years-rts-ireland-television-awards\/\",\"url\":\"https:\/\/dev.tg4.ie\/en\/information\/press\/press-releases\/2022-2\/six-nominations-for-tg4-in-this-years-rts-ireland-television-awards\/\",\"name\":\"Six nominations for TG4 in this year's RTS Ireland Television Awards | Press Release | TG4\",\"isPartOf\":{\"@id\":\"https:\/\/dev.tg4.ie\/en\/#website\"},\"primaryImageOfPage\":{\"@id\":\"https:\/\/dev.tg4.ie\/en\/information\/press\/press-releases\/2022-2\/six-nominations-for-tg4-in-this-years-rts-ireland-television-awards\/#primaryimage\"},\"image\":{\"@id\":\"https:\/\/dev.tg4.ie\/en\/information\/press\/press-releases\/2022-2\/six-nominations-for-tg4-in-this-years-rts-ireland-television-awards\/#primaryimage\"},\"thumbnailUrl\":\"https:\/\/dev.tg4.ie\/wp-content\/uploads\/2021\/03\/Sile_Seoighe_Deireadh_Tochta_1_1920x1080.jpg\",\"datePublished\":\"2022-03-22T17:00:15+00:00\",\"dateModified\":\"2022-03-22T17:06:08+00:00\",\"description\":\"TG4 has received six nominations in the RTS Ireland Television Awards announced today. The awards aim to showcase and give recognition to the Irish TV industry for achievements and excellence in Creative production for the year.\",\"breadcrumb\":{\"@id\":\"https:\/\/dev.tg4.ie\/en\/information\/press\/press-releases\/2022-2\/six-nominations-for-tg4-in-this-years-rts-ireland-television-awards\/#breadcrumb\"},\"inLanguage\":\"en-ie\",\"potentialAction\":[{\"@type\":\"ReadAction\",\"target\":[\"https:\/\/dev.tg4.ie\/en\/information\/press\/press-releases\/2022-2\/six-nominations-for-tg4-in-this-years-rts-ireland-television-awards\/\"]}]},{\"@type\":\"ImageObject\",\"inLanguage\":\"en-ie\",\"@id\":\"https:\/\/dev.tg4.ie\/en\/information\/press\/press-releases\/2022-2\/six-nominations-for-tg4-in-this-years-rts-ireland-television-awards\/#primaryimage\",\"url\":\"https:\/\/dev.tg4.ie\/wp-content\/uploads\/2021\/03\/Sile_Seoighe_Deireadh_Tochta_1_1920x1080.jpg\",\"contentUrl\":\"https:\/\/dev.tg4.ie\/wp-content\/uploads\/2021\/03\/Sile_Seoighe_Deireadh_Tochta_1_1920x1080.jpg\"},{\"@type\":\"BreadcrumbList\",\"@id\":\"https:\/\/dev.tg4.ie\/en\/information\/press\/press-releases\/2022-2\/six-nominations-for-tg4-in-this-years-rts-ireland-television-awards\/#breadcrumb\",\"itemListElement\":[{\"@type\":\"ListItem\",\"position\":1,\"name\":\"Home\",\"item\":\"https:\/\/dev.tg4.ie\/en\/\"},{\"@type\":\"ListItem\",\"position\":2,\"name\":\"Information\",\"item\":\"https:\/\/dev.tg4.ie\/en\/information\/\"},{\"@type\":\"ListItem\",\"position\":3,\"name\":\"Press\",\"item\":\"https:\/\/dev.tg4.ie\/en\/information\/press\/\"},{\"@type\":\"ListItem\",\"position\":4,\"name\":\"Press Releases\",\"item\":\"https:\/\/dev.tg4.ie\/en\/information\/press\/press-releases\/\"},{\"@type\":\"ListItem\",\"position\":5,\"name\":\"2022\",\"item\":\"https:\/\/dev.tg4.ie\/en\/information\/press\/press-releases\/2022-2\/\"},{\"@type\":\"ListItem\",\"position\":6,\"name\":\"Six nominations for TG4 in this year&#8217;s RTS Ireland Television Awards\"}]},{\"@type\":\"WebSite\",\"@id\":\"https:\/\/dev.tg4.ie\/en\/#website\",\"url\":\"https:\/\/dev.tg4.ie\/en\/\",\"name\":\"TG4\",\"description\":\"S\u00fail Eile\",\"potentialAction\":[{\"@type\":\"SearchAction\",\"target\":{\"@type\":\"EntryPoint\",\"urlTemplate\":\"https:\/\/dev.tg4.ie\/en\/?s={search_term_string}\"},\"query-input\":\"required name=search_term_string\"}],\"inLanguage\":\"en-ie\"}]}<\/script>\n<!-- \/ Yoast SEO plugin. -->","yoast_head_json":{"title":"Six nominations for TG4 in this year's RTS Ireland Television Awards | Press Release | TG4","description":"TG4 has received six nominations in the RTS Ireland Television Awards announced today. The awards aim to showcase and give recognition to the Irish TV industry for achievements and excellence in Creative production for the year.","robots":{"index":"index","follow":"follow","max-snippet":"max-snippet:-1","max-image-preview":"max-image-preview:large","max-video-preview":"max-video-preview:-1"},"og_locale":"en_US","og_type":"article","og_title":"Six nominations for TG4 in this year's RTS Ireland Television Awards | Press Release | TG4","og_description":"TG4 has received six nominations in the RTS Ireland Television Awards announced today. The awards aim to showcase and give recognition to the Irish TV industry for achievements and excellence in Creative production for the year.","og_url":"https:\/\/dev.tg4.ie\/en\/information\/press\/press-releases\/2022-2\/six-nominations-for-tg4-in-this-years-rts-ireland-television-awards\/","og_site_name":"TG4","article_publisher":"https:\/\/www.facebook.com\/TG4TV","article_modified_time":"2022-03-22T17:06:08+00:00","og_image":[{"width":1920,"height":1080,"url":"https:\/\/tg4-docs.s3.amazonaws.com\/tg4-redesign-2015\/wp-content\/uploads\/2021\/03\/Sile_Seoighe_Deireadh_Tochta_1_1920x1080.jpg","type":"image\/jpeg"}],"twitter_card":"summary_large_image","twitter_image":"https:\/\/tg4-docs.s3.amazonaws.com\/tg4-redesign-2015\/wp-content\/uploads\/2021\/03\/Sile_Seoighe_Deireadh_Tochta_1_1920x1080.jpg","twitter_site":"@TG4TV","twitter_misc":{"Est. reading time":"5 minutes"},"schema":{"@context":"https:\/\/schema.org","@graph":[{"@type":"WebPage","@id":"https:\/\/dev.tg4.ie\/en\/information\/press\/press-releases\/2022-2\/six-nominations-for-tg4-in-this-years-rts-ireland-television-awards\/","url":"https:\/\/dev.tg4.ie\/en\/information\/press\/press-releases\/2022-2\/six-nominations-for-tg4-in-this-years-rts-ireland-television-awards\/","name":"Six nominations for TG4 in this year's RTS Ireland Television Awards | Press Release | TG4","isPartOf":{"@id":"https:\/\/dev.tg4.ie\/en\/#website"},"primaryImageOfPage":{"@id":"https:\/\/dev.tg4.ie\/en\/information\/press\/press-releases\/2022-2\/six-nominations-for-tg4-in-this-years-rts-ireland-television-awards\/#primaryimage"},"image":{"@id":"https:\/\/dev.tg4.ie\/en\/information\/press\/press-releases\/2022-2\/six-nominations-for-tg4-in-this-years-rts-ireland-television-awards\/#primaryimage"},"thumbnailUrl":"https:\/\/dev.tg4.ie\/wp-content\/uploads\/2021\/03\/Sile_Seoighe_Deireadh_Tochta_1_1920x1080.jpg","datePublished":"2022-03-22T17:00:15+00:00","dateModified":"2022-03-22T17:06:08+00:00","description":"TG4 has received six nominations in the RTS Ireland Television Awards announced today. The awards aim to showcase and give recognition to the Irish TV industry for achievements and excellence in Creative production for the year.","breadcrumb":{"@id":"https:\/\/dev.tg4.ie\/en\/information\/press\/press-releases\/2022-2\/six-nominations-for-tg4-in-this-years-rts-ireland-television-awards\/#breadcrumb"},"inLanguage":"en-ie","potentialAction":[{"@type":"ReadAction","target":["https:\/\/dev.tg4.ie\/en\/information\/press\/press-releases\/2022-2\/six-nominations-for-tg4-in-this-years-rts-ireland-television-awards\/"]}]},{"@type":"ImageObject","inLanguage":"en-ie","@id":"https:\/\/dev.tg4.ie\/en\/information\/press\/press-releases\/2022-2\/six-nominations-for-tg4-in-this-years-rts-ireland-television-awards\/#primaryimage","url":"https:\/\/dev.tg4.ie\/wp-content\/uploads\/2021\/03\/Sile_Seoighe_Deireadh_Tochta_1_1920x1080.jpg","contentUrl":"https:\/\/dev.tg4.ie\/wp-content\/uploads\/2021\/03\/Sile_Seoighe_Deireadh_Tochta_1_1920x1080.jpg"},{"@type":"BreadcrumbList","@id":"https:\/\/dev.tg4.ie\/en\/information\/press\/press-releases\/2022-2\/six-nominations-for-tg4-in-this-years-rts-ireland-television-awards\/#breadcrumb","itemListElement":[{"@type":"ListItem","position":1,"name":"Home","item":"https:\/\/dev.tg4.ie\/en\/"},{"@type":"ListItem","position":2,"name":"Information","item":"https:\/\/dev.tg4.ie\/en\/information\/"},{"@type":"ListItem","position":3,"name":"Press","item":"https:\/\/dev.tg4.ie\/en\/information\/press\/"},{"@type":"ListItem","position":4,"name":"Press Releases","item":"https:\/\/dev.tg4.ie\/en\/information\/press\/press-releases\/"},{"@type":"ListItem","position":5,"name":"2022","item":"https:\/\/dev.tg4.ie\/en\/information\/press\/press-releases\/2022-2\/"},{"@type":"ListItem","position":6,"name":"Six nominations for TG4 in this year&#8217;s RTS Ireland Television Awards"}]},{"@type":"WebSite","@id":"https:\/\/dev.tg4.ie\/en\/#website","url":"https:\/\/dev.tg4.ie\/en\/","name":"TG4","description":"S\u00fail Eile","potentialAction":[{"@type":"SearchAction","target":{"@type":"EntryPoint","urlTemplate":"https:\/\/dev.tg4.ie\/en\/?s={search_term_string}"},"query-input":"required name=search_term_string"}],"inLanguage":"en-ie"}]}},"_links":{"self":[{"href":"https:\/\/dev.tg4.ie\/en\/wp-json\/wp\/v2\/pages\/144066"}],"collection":[{"href":"https:\/\/dev.tg4.ie\/en\/wp-json\/wp\/v2\/pages"}],"about":[{"href":"https:\/\/dev.tg4.ie\/en\/wp-json\/wp\/v2\/types\/page"}],"author":[{"embeddable":true,"href":"https:\/\/dev.tg4.ie\/en\/wp-json\/wp\/v2\/users\/876"}],"replies":[{"embeddable":true,"href":"https:\/\/dev.tg4.ie\/en\/wp-json\/wp\/v2\/comments?post=144066"}],"version-history":[{"count":0,"href":"https:\/\/dev.tg4.ie\/en\/wp-json\/wp\/v2\/pages\/144066\/revisions"}],"up":[{"embeddable":true,"href":"https:\/\/dev.tg4.ie\/en\/wp-json\/wp\/v2\/pages\/138173"}],"wp:attachment":[{"href":"https:\/\/dev.tg4.ie\/en\/wp-json\/wp\/v2\/media?parent=144066"}],"curies":[{"name":"wp","href":"https:\/\/api.w.org\/{rel}","templated":true}]}}