{"id":144190,"date":"2022-03-24T19:02:27","date_gmt":"2022-03-24T19:02:27","guid":{"rendered":"https:\/\/dev.tg4.ie\/?page_id=144190"},"modified":"2022-03-25T15:30:19","modified_gmt":"2022-03-25T15:30:19","slug":"musician-paddy-glackin-to-be-awarded-highest-accolade-in-traditional-irish-music","status":"publish","type":"page","link":"https:\/\/dev.tg4.ie\/en\/information\/press\/press-releases\/2022-2\/musician-paddy-glackin-to-be-awarded-highest-accolade-in-traditional-irish-music\/","title":{"rendered":"Musician Paddy Glackin to be awarded highest accolade in Traditional Irish Music"},"content":{"rendered":"<p><img loading=\"lazy\" decoding=\"async\" width=\"1920\" height=\"1080\" src=\"https:\/\/tg4-docs.s3.amazonaws.com\/tg4-redesign-2015\/wp-content\/uploads\/2022\/03\/Gradam_Ceoil_2022_Paddy-Glackin_1-1920x1080-1.jpg\" alt=\"\" class=\"alignleft size-full wp-image-144188\" srcset=\"https:\/\/tg4-docs.s3.amazonaws.com\/tg4-redesign-2015\/wp-content\/uploads\/2022\/03\/Gradam_Ceoil_2022_Paddy-Glackin_1-1920x1080-1.jpg 1920w, https:\/\/tg4-docs.s3.amazonaws.com\/tg4-redesign-2015\/wp-content\/uploads\/2022\/03\/Gradam_Ceoil_2022_Paddy-Glackin_1-1920x1080-1-250x141.jpg 250w, https:\/\/tg4-docs.s3.amazonaws.com\/tg4-redesign-2015\/wp-content\/uploads\/2022\/03\/Gradam_Ceoil_2022_Paddy-Glackin_1-1920x1080-1-700x394.jpg 700w, https:\/\/tg4-docs.s3.amazonaws.com\/tg4-redesign-2015\/wp-content\/uploads\/2022\/03\/Gradam_Ceoil_2022_Paddy-Glackin_1-1920x1080-1-252x141.jpg 252w, https:\/\/tg4-docs.s3.amazonaws.com\/tg4-redesign-2015\/wp-content\/uploads\/2022\/03\/Gradam_Ceoil_2022_Paddy-Glackin_1-1920x1080-1-1536x864.jpg 1536w, https:\/\/tg4-docs.s3.amazonaws.com\/tg4-redesign-2015\/wp-content\/uploads\/2022\/03\/Gradam_Ceoil_2022_Paddy-Glackin_1-1920x1080-1-120x68.jpg 120w\" sizes=\"(max-width: 1920px) 100vw, 1920px\" \/><br \/>\n&nbsp;<\/p>\n<p><strong>TG4 Gradam Ceoil 2022<\/strong> Awards ceremony will take place in Dublin for the first time in the awards history. This is the 25th year of the awards ceremony and it will air live on TG4 on Easter Sunday 17th April at 9.30pm from the National Concert Hall. The annual Gradam Ceoil Awards, also known as \u2018the Oscars of traditional music\u2019, pay homage to musicians who have advanced, strengthened, and preserved traditional music in Ireland<\/p>\n<p><strong>Musician 2022<\/strong> will be awarded to <strong>Paddy Glackin<\/strong>. For almost half a century, Paddy has made, and continues to make, a significant contribution to traditional music in Ireland. Amongst leading influences were his father and subsequently, John Doherty, Tommie Potts and Padraig O\u2019Keeffe. Paddy has always been eager to engage with new approaches &#8211; his seminal 1980 recording with Jolyon Jackson set a benchmark in opening cross-fertilisation within traditional music and his work with the avant-garde American composer John Cage has been universally acknowledged. The founding fiddle player with The Bothy Band, included amongst many others he has toured and recorded with are M\u00edche\u00e1l \u00d3 Domhnaill, Liam O\u2019Flynn, M\u00edche\u00e1l \u00d3 S\u00failleabh\u00e1in &#038; Robbie Hannan. Fiddle player, consummate performer, seasoned broadcaster, teacher, recording artist, archivist, collaborator &#8211; a true keeper of the flame.<\/p>\n<p>From C\u00fail Aodha in Cork <strong>Diarmuid \u00d3 Meachair<\/strong> is this year\u2019s recipient of the <strong>Young Musician 2022<\/strong> award. Having started on the tin whistle and growing up singing with the C\u00f3r C\u00fail Aodha, Diarmuid was always immersed in the Irish traditional music world. His music not only comes from the area but very much from the blood.<\/p>\n<p>Drawing from musicians such as Finbarr Dwyer, Jackie Daly, Johnny Connolly and mixing that with techniques from John Kimmell and many Quebec musicians, Diarmuid is one of the most exciting accordion\/ melodeon players of his generation.<\/p>\n<p>This year\u2019s <strong>Lifetime Achievement 2022<\/strong> goes to <strong>Dolores Keane<\/strong>. She has one of the most distinctive, soulful, and sweet voices of our generation. As a young girl, she was influenced by the singing of her aunts Sarah and Rita. She began her professional singing career with D\u00e9 Dannan in 1975 where her unique, soulful, and emotive voice was heard across the globe. Her work with John Faulkner brought new arrangements to the tradition that was to continue through the 1980\u2019s and early 1990\u2019s. Her recordings with The Reel Union Band, \u2018Solid Ground and \u2018Lion in a Cage\u2019 were ground-breaking. She has collaborated with Emmylou Harris, The Chieftains, Paul Brady in song from the Irish tradition and other traditions.<\/p>\n<p><strong>Connie O\u2019Connell<\/strong> will be awarded <strong>Composer 2022<\/strong>. Connie is a fiddle player and composer from Cill na Martra, in the M\u00fascra\u00ed Gaeltacht of West Cork. Connie\u2019s music has been influenced by the renowned fiddle players of the nearby Sliabh Luachra area such as Denis Murphy, P\u00e1draig O\u2019Keeffe, and Julia Clifford. In 2014 a collection of 69 of his compositions was released as two CDs (recorded by Connie and his daughter, \u00c1ine), along with a book of the tunes. UCC \u2013 where Connie has taught fiddle since the 1980s \u2013 has made this B\u00f3ithr\u00edn na Smaointe project available as a free, online learning resource.<\/p>\n<p>Conamara sean-n\u00f3s singer <strong>Sarah Ghriallais<\/strong> is this year\u2019s <strong>Singer 2022<\/strong>. Sarah grew up in Muiceanach idir Dh\u00e1 Sh\u00e1ile in the Conamara Gaeltacht steeped in the tradition of sean-n\u00f3s. She won Corn U\u00ed Riada at Oireachtas na Gaeilge in 1984, an award won eight times since by various members of the Griallais family; her sisters Nan and Nora and more recently, her son, Michael Frank \u00d3 Confhaola and her niece Celia N\u00ed Fh\u00e1tharta. Sarah was appointed singer in residence at NUIG in 2017. Her songs have been recorded by Cl\u00f3 Iar\u2013Chonnacht and most recently \u2018Idir Dh\u00e1 Sh\u00e1ile 2\u2019 by Gael Linn. The most noted songs of her repertoire are \u2018T\u00e1illi\u00far a\u2019Mhagadh\u2019, \u2018Eilean\u00f3ir na R\u00fan\u2019, \u2018P\u00f3g Bhideog\u2019 and \u2018Amhr\u00e1n Chamuis\u2019.<\/p>\n<p><strong>Edwina Guckian<\/strong> from Drumsna in Co. Leitrim receives the <strong>Outstanding Contribution Award 2022<\/strong> Edwina was steeped in the music of Leitrim and Roscommon as a young child. She is a dancer, dance teacher, choreographer, artistic director, and cultural activist who since the age of 16 has innovated and moulded various projects and gatherings all of which explore the relationship between music and movement.<\/p>\n<p>Through The Airc Damhsa Culture Club, The Leitrim Dance Project, The Modern-Day Mummers and her most recent projects, Sowing the Seed and Jenny put the Kettle on, she has engaged thousands of children and adults in dance, all in a fun, non-competitive environment. She works tirelessly to promote the cultural treasures of her native Leitrim through her work with most cultural and artistic organisations in Ireland today. She has performed with the biggest musical acts in Ireland today and is without doubt, one of Ireland\u2019s leading solo dancers.<\/p>\n<p>A new award introduced this year, the <strong>Music Group 2022<\/strong> goes to <strong>Skara Brae<\/strong>. Skara Brae\u2019s emergence in the early 1970\u2019s rejuvenated an interest in Irish traditional singing at a time when it was in danger of dying out. They produced a unique, ground-breaking sound which challenged the traditional view of sean-n\u00f3s singing but remains fresh and innovative to this day. Skara Brae are sisters and brother Tr\u00edona, Maighread and M\u00edcheal \u00d3 Domhnaill (1951-2006) and Daith\u00ed Sproule. Skara Brae\u2019s distinctive sound is rooted in the tradition whilst also taking inspiration from emerging pop and folk acts of the 1960\u2019s such as The Beatles, Bob Dylan, and Joan Baez. A new, young emerging audience were grabbed by Skara Brae\u2019s raw, edgy, fresh sound and their 1971 album continues to inspire generations of traditional Irish singers and musicians to this day.<br \/>\n&nbsp;<\/p>\n<p>The full list of <strong>TG4 Gradam Ceoil 2022<\/strong> recipients reads as follows:<br \/>\n<strong><\/p>\n<ul>\n<li>Ceolt\u00f3ir \/ Musician &#8211; Paddy Glackin<\/li>\n<li>Amhr\u00e1na\u00ed \/ Singer &#8211; Sarah Ghriallais<\/li>\n<li>Ceolt\u00f3ir \u00d3g\/ Young Musician &#8211; Diarmuid \u00d3 Meachair<\/li>\n<li>Gradam Saoil\/ Lifetime Achievement &#8211; Dolores Keane<\/li>\n<li>Cumad\u00f3ir \/ Composer &#8211; Connie O\u2019Connell<\/li>\n<li>Gr\u00fapa Ceoil \/ Music Group- Skara Brae<\/li>\n<li>Gradam Comaoine \/ Outstanding Contribution &#8211; Edwina Guckian<\/li>\n<\/ul>\n<p><\/strong><\/p>\n<p><strong>Gradam Ceoil TG4<\/strong> is the premier annual traditional music awards scheme and academy. An independent panel of adjudicators selects recipients each year. It is not a competition. The Gradam Ceoil recipients are presented with a specially commissioned piece by leading sculptor John Coll as well as a small stipend.<br \/>\n&nbsp;<br \/>\nThis year\u2019s awards will be presented at the <strong>Gradam Ceoil TG4<\/strong> Concert in the <strong>National Concert Hall, Dublin<\/strong> on Easter Sunday 17th April. At this live televised concert, hosted by <strong>Doireann N\u00ed Ghlac\u00e1in<\/strong> &#038; <strong>P\u00e1id\u00ed \u00d3 Lion\u00e1ird<\/strong>, the 2022 Gradam recipients will be joined in performance on stage by their own special musical guests in a unique, star-studded line-up of musicians and award-presenters. Tickets available at <a href=\"https:\/\/www.nch.ie\/Online\/default.asp?BOparam::WScontent::loadArticle::permalink=Gradam-Ceoil-17Apr22&#038;BOparam::WScontent::loadArticle::context_id=\" rel=\"noopener\" target=\"_blank\">www.NCH.ie<\/a><br \/>\n&nbsp;<br \/>\n<strong>TG4 Commissioning Editor, Proinsias N\u00ed Ghr\u00e1inne<\/strong>, says, <em>\u201cI am delighted that TG4 can keep celebrating the very best of traditional music and song each year. We are honoured to witness such an array of spectacular performances on the Gradam stage and on the many stages and locations of our traditional music programming throughout the year.<\/p>\n<p>Gradam comes to Dublin for the first time to celebrate a milestone of 25 years. Comhghairdeas le na faighteoir\u00ed uilig. Is sibh cro\u00ed agus anam na t\u00edre seo.\u201d<\/em><\/p>\n<p>&nbsp;<br \/>\n&nbsp;<\/p>\n","protected":false},"excerpt":{"rendered":"<p>&nbsp; TG4 Gradam Ceoil 2022 Awards ceremony will take place in Dublin for the first time in the awards history. This is the 25th year of the awards ceremony and it will air live on TG4 on Easter Sunday 17th April at 9.30pm from the National Concert Hall. The annual Gradam Ceoil Awards, also known [&hellip;]<\/p>\n","protected":false},"author":876,"featured_media":0,"parent":138173,"menu_order":11,"comment_status":"closed","ping_status":"closed","template":"page-templates\/template-pr.php","meta":{"_acf_changed":false,"footnotes":""},"acf":[],"yoast_head":"<!-- This site is optimized with the Yoast SEO plugin v22.6 - https:\/\/yoast.com\/wordpress\/plugins\/seo\/ -->\n<title>Musician Paddy Glackin to be awarded highest accolade in Traditional Irish Music | Press Release | TG4<\/title>\n<meta name=\"description\" content=\"TG4 Gradam Ceoil 2022 Awards ceremony will take place in Dublin for the first time in the awards history. This is the 25th year of the awards ceremony and it will air live on TG4 on Easter Sunday 17th April at 9.30pm from the National Concert Hall.\" \/>\n<meta name=\"robots\" content=\"index, follow, max-snippet:-1, max-image-preview:large, max-video-preview:-1\" \/>\n<meta property=\"og:locale\" content=\"en_US\" \/>\n<meta property=\"og:type\" content=\"article\" \/>\n<meta property=\"og:title\" content=\"Musician Paddy Glackin to be awarded highest accolade in Traditional Irish Music | Press Release | TG4\" \/>\n<meta property=\"og:description\" content=\"TG4 Gradam Ceoil 2022 Awards ceremony will take place in Dublin for the first time in the awards history. This is the 25th year of the awards ceremony and it will air live on TG4 on Easter Sunday 17th April at 9.30pm from the National Concert Hall.\" \/>\n<meta property=\"og:url\" content=\"https:\/\/dev.tg4.ie\/en\/information\/press\/press-releases\/2022-2\/musician-paddy-glackin-to-be-awarded-highest-accolade-in-traditional-irish-music\/\" \/>\n<meta property=\"og:site_name\" content=\"TG4\" \/>\n<meta property=\"article:publisher\" content=\"https:\/\/www.facebook.com\/TG4TV\" \/>\n<meta property=\"article:modified_time\" content=\"2022-03-25T15:30:19+00:00\" \/>\n<meta property=\"og:image\" content=\"https:\/\/tg4-docs.s3.amazonaws.com\/tg4-redesign-2015\/wp-content\/uploads\/2022\/03\/Gradam_Ceoil_2022_Paddy-Glackin_2-1920x1080-1.jpg\" \/>\n\t<meta property=\"og:image:width\" content=\"1920\" \/>\n\t<meta property=\"og:image:height\" content=\"1080\" \/>\n\t<meta property=\"og:image:type\" content=\"image\/jpeg\" \/>\n<meta name=\"twitter:card\" content=\"summary_large_image\" \/>\n<meta name=\"twitter:image\" content=\"https:\/\/tg4-docs.s3.amazonaws.com\/tg4-redesign-2015\/wp-content\/uploads\/2022\/03\/Gradam_Ceoil_2022_Paddy-Glackin_2-1920x1080-1.jpg\" \/>\n<meta name=\"twitter:site\" content=\"@TG4TV\" \/>\n<meta name=\"twitter:label1\" content=\"Est. reading time\" \/>\n\t<meta name=\"twitter:data1\" content=\"6 minutes\" \/>\n<script type=\"application\/ld+json\" class=\"yoast-schema-graph\">{\"@context\":\"https:\/\/schema.org\",\"@graph\":[{\"@type\":\"WebPage\",\"@id\":\"https:\/\/dev.tg4.ie\/en\/information\/press\/press-releases\/2022-2\/musician-paddy-glackin-to-be-awarded-highest-accolade-in-traditional-irish-music\/\",\"url\":\"https:\/\/dev.tg4.ie\/en\/information\/press\/press-releases\/2022-2\/musician-paddy-glackin-to-be-awarded-highest-accolade-in-traditional-irish-music\/\",\"name\":\"Musician Paddy Glackin to be awarded highest accolade in Traditional Irish Music | Press Release | TG4\",\"isPartOf\":{\"@id\":\"https:\/\/dev.tg4.ie\/en\/#website\"},\"primaryImageOfPage\":{\"@id\":\"https:\/\/dev.tg4.ie\/en\/information\/press\/press-releases\/2022-2\/musician-paddy-glackin-to-be-awarded-highest-accolade-in-traditional-irish-music\/#primaryimage\"},\"image\":{\"@id\":\"https:\/\/dev.tg4.ie\/en\/information\/press\/press-releases\/2022-2\/musician-paddy-glackin-to-be-awarded-highest-accolade-in-traditional-irish-music\/#primaryimage\"},\"thumbnailUrl\":\"https:\/\/dev.tg4.ie\/wp-content\/uploads\/2022\/03\/Gradam_Ceoil_2022_Paddy-Glackin_1-1920x1080-1.jpg\",\"datePublished\":\"2022-03-24T19:02:27+00:00\",\"dateModified\":\"2022-03-25T15:30:19+00:00\",\"description\":\"TG4 Gradam Ceoil 2022 Awards ceremony will take place in Dublin for the first time in the awards history. This is the 25th year of the awards ceremony and it will air live on TG4 on Easter Sunday 17th April at 9.30pm from the National Concert Hall.\",\"breadcrumb\":{\"@id\":\"https:\/\/dev.tg4.ie\/en\/information\/press\/press-releases\/2022-2\/musician-paddy-glackin-to-be-awarded-highest-accolade-in-traditional-irish-music\/#breadcrumb\"},\"inLanguage\":\"en-ie\",\"potentialAction\":[{\"@type\":\"ReadAction\",\"target\":[\"https:\/\/dev.tg4.ie\/en\/information\/press\/press-releases\/2022-2\/musician-paddy-glackin-to-be-awarded-highest-accolade-in-traditional-irish-music\/\"]}]},{\"@type\":\"ImageObject\",\"inLanguage\":\"en-ie\",\"@id\":\"https:\/\/dev.tg4.ie\/en\/information\/press\/press-releases\/2022-2\/musician-paddy-glackin-to-be-awarded-highest-accolade-in-traditional-irish-music\/#primaryimage\",\"url\":\"https:\/\/dev.tg4.ie\/wp-content\/uploads\/2022\/03\/Gradam_Ceoil_2022_Paddy-Glackin_1-1920x1080-1.jpg\",\"contentUrl\":\"https:\/\/dev.tg4.ie\/wp-content\/uploads\/2022\/03\/Gradam_Ceoil_2022_Paddy-Glackin_1-1920x1080-1.jpg\"},{\"@type\":\"BreadcrumbList\",\"@id\":\"https:\/\/dev.tg4.ie\/en\/information\/press\/press-releases\/2022-2\/musician-paddy-glackin-to-be-awarded-highest-accolade-in-traditional-irish-music\/#breadcrumb\",\"itemListElement\":[{\"@type\":\"ListItem\",\"position\":1,\"name\":\"Home\",\"item\":\"https:\/\/dev.tg4.ie\/en\/\"},{\"@type\":\"ListItem\",\"position\":2,\"name\":\"Information\",\"item\":\"https:\/\/dev.tg4.ie\/en\/information\/\"},{\"@type\":\"ListItem\",\"position\":3,\"name\":\"Press\",\"item\":\"https:\/\/dev.tg4.ie\/en\/information\/press\/\"},{\"@type\":\"ListItem\",\"position\":4,\"name\":\"Press Releases\",\"item\":\"https:\/\/dev.tg4.ie\/en\/information\/press\/press-releases\/\"},{\"@type\":\"ListItem\",\"position\":5,\"name\":\"2022\",\"item\":\"https:\/\/dev.tg4.ie\/en\/information\/press\/press-releases\/2022-2\/\"},{\"@type\":\"ListItem\",\"position\":6,\"name\":\"Musician Paddy Glackin to be awarded highest accolade in Traditional Irish Music\"}]},{\"@type\":\"WebSite\",\"@id\":\"https:\/\/dev.tg4.ie\/en\/#website\",\"url\":\"https:\/\/dev.tg4.ie\/en\/\",\"name\":\"TG4\",\"description\":\"S\u00fail Eile\",\"potentialAction\":[{\"@type\":\"SearchAction\",\"target\":{\"@type\":\"EntryPoint\",\"urlTemplate\":\"https:\/\/dev.tg4.ie\/en\/?s={search_term_string}\"},\"query-input\":\"required name=search_term_string\"}],\"inLanguage\":\"en-ie\"}]}<\/script>\n<!-- \/ Yoast SEO plugin. -->","yoast_head_json":{"title":"Musician Paddy Glackin to be awarded highest accolade in Traditional Irish Music | Press Release | TG4","description":"TG4 Gradam Ceoil 2022 Awards ceremony will take place in Dublin for the first time in the awards history. This is the 25th year of the awards ceremony and it will air live on TG4 on Easter Sunday 17th April at 9.30pm from the National Concert Hall.","robots":{"index":"index","follow":"follow","max-snippet":"max-snippet:-1","max-image-preview":"max-image-preview:large","max-video-preview":"max-video-preview:-1"},"og_locale":"en_US","og_type":"article","og_title":"Musician Paddy Glackin to be awarded highest accolade in Traditional Irish Music | Press Release | TG4","og_description":"TG4 Gradam Ceoil 2022 Awards ceremony will take place in Dublin for the first time in the awards history. This is the 25th year of the awards ceremony and it will air live on TG4 on Easter Sunday 17th April at 9.30pm from the National Concert Hall.","og_url":"https:\/\/dev.tg4.ie\/en\/information\/press\/press-releases\/2022-2\/musician-paddy-glackin-to-be-awarded-highest-accolade-in-traditional-irish-music\/","og_site_name":"TG4","article_publisher":"https:\/\/www.facebook.com\/TG4TV","article_modified_time":"2022-03-25T15:30:19+00:00","og_image":[{"width":1920,"height":1080,"url":"https:\/\/tg4-docs.s3.amazonaws.com\/tg4-redesign-2015\/wp-content\/uploads\/2022\/03\/Gradam_Ceoil_2022_Paddy-Glackin_2-1920x1080-1.jpg","type":"image\/jpeg"}],"twitter_card":"summary_large_image","twitter_image":"https:\/\/tg4-docs.s3.amazonaws.com\/tg4-redesign-2015\/wp-content\/uploads\/2022\/03\/Gradam_Ceoil_2022_Paddy-Glackin_2-1920x1080-1.jpg","twitter_site":"@TG4TV","twitter_misc":{"Est. reading time":"6 minutes"},"schema":{"@context":"https:\/\/schema.org","@graph":[{"@type":"WebPage","@id":"https:\/\/dev.tg4.ie\/en\/information\/press\/press-releases\/2022-2\/musician-paddy-glackin-to-be-awarded-highest-accolade-in-traditional-irish-music\/","url":"https:\/\/dev.tg4.ie\/en\/information\/press\/press-releases\/2022-2\/musician-paddy-glackin-to-be-awarded-highest-accolade-in-traditional-irish-music\/","name":"Musician Paddy Glackin to be awarded highest accolade in Traditional Irish Music | Press Release | TG4","isPartOf":{"@id":"https:\/\/dev.tg4.ie\/en\/#website"},"primaryImageOfPage":{"@id":"https:\/\/dev.tg4.ie\/en\/information\/press\/press-releases\/2022-2\/musician-paddy-glackin-to-be-awarded-highest-accolade-in-traditional-irish-music\/#primaryimage"},"image":{"@id":"https:\/\/dev.tg4.ie\/en\/information\/press\/press-releases\/2022-2\/musician-paddy-glackin-to-be-awarded-highest-accolade-in-traditional-irish-music\/#primaryimage"},"thumbnailUrl":"https:\/\/dev.tg4.ie\/wp-content\/uploads\/2022\/03\/Gradam_Ceoil_2022_Paddy-Glackin_1-1920x1080-1.jpg","datePublished":"2022-03-24T19:02:27+00:00","dateModified":"2022-03-25T15:30:19+00:00","description":"TG4 Gradam Ceoil 2022 Awards ceremony will take place in Dublin for the first time in the awards history. This is the 25th year of the awards ceremony and it will air live on TG4 on Easter Sunday 17th April at 9.30pm from the National Concert Hall.","breadcrumb":{"@id":"https:\/\/dev.tg4.ie\/en\/information\/press\/press-releases\/2022-2\/musician-paddy-glackin-to-be-awarded-highest-accolade-in-traditional-irish-music\/#breadcrumb"},"inLanguage":"en-ie","potentialAction":[{"@type":"ReadAction","target":["https:\/\/dev.tg4.ie\/en\/information\/press\/press-releases\/2022-2\/musician-paddy-glackin-to-be-awarded-highest-accolade-in-traditional-irish-music\/"]}]},{"@type":"ImageObject","inLanguage":"en-ie","@id":"https:\/\/dev.tg4.ie\/en\/information\/press\/press-releases\/2022-2\/musician-paddy-glackin-to-be-awarded-highest-accolade-in-traditional-irish-music\/#primaryimage","url":"https:\/\/dev.tg4.ie\/wp-content\/uploads\/2022\/03\/Gradam_Ceoil_2022_Paddy-Glackin_1-1920x1080-1.jpg","contentUrl":"https:\/\/dev.tg4.ie\/wp-content\/uploads\/2022\/03\/Gradam_Ceoil_2022_Paddy-Glackin_1-1920x1080-1.jpg"},{"@type":"BreadcrumbList","@id":"https:\/\/dev.tg4.ie\/en\/information\/press\/press-releases\/2022-2\/musician-paddy-glackin-to-be-awarded-highest-accolade-in-traditional-irish-music\/#breadcrumb","itemListElement":[{"@type":"ListItem","position":1,"name":"Home","item":"https:\/\/dev.tg4.ie\/en\/"},{"@type":"ListItem","position":2,"name":"Information","item":"https:\/\/dev.tg4.ie\/en\/information\/"},{"@type":"ListItem","position":3,"name":"Press","item":"https:\/\/dev.tg4.ie\/en\/information\/press\/"},{"@type":"ListItem","position":4,"name":"Press Releases","item":"https:\/\/dev.tg4.ie\/en\/information\/press\/press-releases\/"},{"@type":"ListItem","position":5,"name":"2022","item":"https:\/\/dev.tg4.ie\/en\/information\/press\/press-releases\/2022-2\/"},{"@type":"ListItem","position":6,"name":"Musician Paddy Glackin to be awarded highest accolade in Traditional Irish Music"}]},{"@type":"WebSite","@id":"https:\/\/dev.tg4.ie\/en\/#website","url":"https:\/\/dev.tg4.ie\/en\/","name":"TG4","description":"S\u00fail Eile","potentialAction":[{"@type":"SearchAction","target":{"@type":"EntryPoint","urlTemplate":"https:\/\/dev.tg4.ie\/en\/?s={search_term_string}"},"query-input":"required name=search_term_string"}],"inLanguage":"en-ie"}]}},"_links":{"self":[{"href":"https:\/\/dev.tg4.ie\/en\/wp-json\/wp\/v2\/pages\/144190"}],"collection":[{"href":"https:\/\/dev.tg4.ie\/en\/wp-json\/wp\/v2\/pages"}],"about":[{"href":"https:\/\/dev.tg4.ie\/en\/wp-json\/wp\/v2\/types\/page"}],"author":[{"embeddable":true,"href":"https:\/\/dev.tg4.ie\/en\/wp-json\/wp\/v2\/users\/876"}],"replies":[{"embeddable":true,"href":"https:\/\/dev.tg4.ie\/en\/wp-json\/wp\/v2\/comments?post=144190"}],"version-history":[{"count":0,"href":"https:\/\/dev.tg4.ie\/en\/wp-json\/wp\/v2\/pages\/144190\/revisions"}],"up":[{"embeddable":true,"href":"https:\/\/dev.tg4.ie\/en\/wp-json\/wp\/v2\/pages\/138173"}],"wp:attachment":[{"href":"https:\/\/dev.tg4.ie\/en\/wp-json\/wp\/v2\/media?parent=144190"}],"curies":[{"name":"wp","href":"https:\/\/api.w.org\/{rel}","templated":true}]}}