{"id":144705,"date":"2022-03-31T16:41:11","date_gmt":"2022-03-31T15:41:11","guid":{"rendered":"https:\/\/dev.tg4.ie\/?page_id=144705"},"modified":"2022-04-01T10:41:54","modified_gmt":"2022-04-01T09:41:54","slug":"eight-nominations-for-tg4-programmes-in-the-celtic-media-festival-torc-awards-of-excellence","status":"publish","type":"page","link":"https:\/\/dev.tg4.ie\/en\/information\/press\/press-releases\/2022-2\/eight-nominations-for-tg4-programmes-in-the-celtic-media-festival-torc-awards-of-excellence\/","title":{"rendered":"Eight nominations for TG4 programmes in the Celtic Media Festival Torc Awards of Excellence"},"content":{"rendered":"<p><img loading=\"lazy\" decoding=\"async\" width=\"1920\" height=\"1080\" src=\"https:\/\/tg4-docs.s3.amazonaws.com\/tg4-redesign-2015\/wp-content\/uploads\/2020\/11\/SAMHLU_2020_Tommy_Tiernan_1920x1080.jpg\" alt=\"\" class=\"alignleft size-full wp-image-115186\" srcset=\"https:\/\/tg4-docs.s3.amazonaws.com\/tg4-redesign-2015\/wp-content\/uploads\/2020\/11\/SAMHLU_2020_Tommy_Tiernan_1920x1080.jpg 1920w, https:\/\/tg4-docs.s3.amazonaws.com\/tg4-redesign-2015\/wp-content\/uploads\/2020\/11\/SAMHLU_2020_Tommy_Tiernan_1920x1080-250x141.jpg 250w, https:\/\/tg4-docs.s3.amazonaws.com\/tg4-redesign-2015\/wp-content\/uploads\/2020\/11\/SAMHLU_2020_Tommy_Tiernan_1920x1080-700x394.jpg 700w, https:\/\/tg4-docs.s3.amazonaws.com\/tg4-redesign-2015\/wp-content\/uploads\/2020\/11\/SAMHLU_2020_Tommy_Tiernan_1920x1080-252x141.jpg 252w, https:\/\/tg4-docs.s3.amazonaws.com\/tg4-redesign-2015\/wp-content\/uploads\/2020\/11\/SAMHLU_2020_Tommy_Tiernan_1920x1080-1536x864.jpg 1536w, https:\/\/tg4-docs.s3.amazonaws.com\/tg4-redesign-2015\/wp-content\/uploads\/2020\/11\/SAMHLU_2020_Tommy_Tiernan_1920x1080-120x68.jpg 120w\" sizes=\"(max-width: 1920px) 100vw, 1920px\" \/><br \/>\n&nbsp;<\/p>\n<p>TG4 has received eight nominations for the 2022 Celtic Media Festival Torc Awards for Excellence announced yesterday.  This year&#8217;s festival is set to take place in person for the first time since 2019, from 7th &#8211; 9th June in the stunning medieval city of Quimper, Brittany, France.<br \/>\n&nbsp;<br \/>\nNomination&#8217;s on this year\u2019s shortlist includes Sky TV\u2019s romantic fantasy A Discovery of Witches for the coveted title of Best Drama Series. The time-traveling thriller is nominated alongside Amazon Prime\u2019s multi-language drama 3 Caminos, while BBC lead the way with one of the most talked-about programmes of the year: Line of Duty, the anxiety-fuelled series Vigil starring Surranne Jones; and BBC Scotland\u2019s dark comic drama Guilt and S4C\u2019s Welsh language drama Yr Amgueddfa.<br \/>\n&nbsp;<\/p>\n<p>TG4 received nominations across multiple genres including the Spirit of the Festival Award: <\/p>\n<p><strong>Arts and Spirit of the Festival &#8211; Samhl\u00fa 2020 <\/strong><\/p>\n<p>Produced by F\u00edb\u00edn Media, Samhl\u00fa 2020 celebrated a year like no other where cultures and traditions collides into a celebration of togetherness inspired by the artistic ventures of 2020. Led by Tommy Tiernan, a bringer of light and storyteller, with new music by Bill Whelan, this magical setting in Roundstone Co. Galway erupts into performances from every artform, where doorsteps, piers and chipper vans become stages.<br \/>\n&nbsp;<\/p>\n<p><strong>Children\u2019s Programme  &#8211; SOL <\/strong><\/p>\n<p>This animated film aims to bring light and comfort to families with young children.  Featuring a boy called Sol whose world is plunged into darkness when his beloved grandmother dies, the film explores the different aspects of grief (shock, yearning, disorientation and resolution) through the eyes of a child. But Sol\u2019s message is uplifting. Sent on an urgent quest to find the light that has gone out in the world, Sol\u2019s adventurous journey enables him to realise his love for his grandmother is greater than the pain of his loss. Produced by Paper Owl Films with support from NI Screen&#8217;s Irish Language Broadcast Fund.<br \/>\n&nbsp;<\/p>\n<p><strong>Current Affairs &#8211; Misneach Tom Clonan <\/strong><\/p>\n<p>20 years ago, Tom Clonan, then a captain in the Defence Forces completed a PhD in DCU. As part of his doctoral research he interviewed 60 female soldiers. The research results would change his life forever, as 59 of those interviewed reported a catalogue of discrimination, bullying, sexual harassment and assault. Produced by Midas Productions.<br \/>\n&nbsp;<\/p>\n<p><strong>Factual Entertainment &#8211; Hector \u00c9ire Nua <\/strong><\/p>\n<p>Hector is on a whirlwind tour of Ireland meeting all the great people from overseas who now call Ireland their home. From Brazil to the Congo, Canada to Ghana, Russia to Syria,  he&#8217;s in search of answers of who they are, why they came, how they settled in and how Ireland is treating them. These people are the changing face of Ireland &#8211; This is Hector&#8217;s &#8216;\u00c9ire Nua&#8217;. Produced by Domhan Media.<br \/>\n&nbsp;<\/p>\n<p><strong>Live Music Programme &#8211; \u00d3m\u00f3s Michael D @ 80 <\/strong><br \/>\nA special hour of music, song, dance and poems that celebrated President Michael D. Higgins&#8217; 80th birthday, recognising his enormous contribution to the Arts and featuring some of Ireland&#8217;s finest performers. With Van Morrisson, Iarla \u00d3 Lion\u00e1ird, Tol\u00fc Makay, Laoise Kelly, Rita Ann Higgins, Steve Cooney, Mary Robinson, M\u00e1irt\u00edn O&#8217;Connor, Ivana Bacik Paddy Keenan, Thomas McCarthy, Doireann N\u00ed Ghr\u00edofa, Gary Hynes and Gear\u00f3id \u00d3 Tuathaigh. Produced by Aniar TV.<br \/>\n&nbsp;<\/p>\n<p><strong>Single Drama &#8211; Doineann<\/strong><\/p>\n<p>A TV producer returns to his island home to find all trace of his wife and their baby gone. The island&#8217;s only, and elderly, police officer exposes that not all is as it seems. Starring Peter Coonan, Br\u00edd Brennan, Se\u00e1n T. O Meallaigh agus Clare Monnell. Produced by Doubleband Films. A film from the Geal\u00e1n scheme funded by Northern Ireland Screen&#8217;s Irish Language Broadcast Fund, TG4 and BBC Gaeilge.<br \/>\n&nbsp;<\/p>\n<p><strong>Short Form  &#8211; Na Debs <\/strong><\/p>\n<p>A Tik Tok drama produced for Cruinni\u00fa na n\u00d3g with funding from Creative Ireland.  The drama used the popular trend #Fairytale on Tik Tok to tell the love story of a Debs Fairytale or a classic teenage romance featuring Gillian and S\u00e9amus. The drama was published on TG4&#8217;s young peoples platforms BLOC in segments.  The fun, hyper and energetic drama was developed by young people withwriter and director Philip Doherty. Philip Doherty was the Director of the award-winning Samhl\u00fa 2020. Produced by F\u00edb\u00edn Media.<br \/>\n&nbsp;<\/p>\n<p><strong>Alan Esslemont Director General TG4 and Chair Celtic Media Festival<\/strong> said, <em>&#8220;TG4 is delighted to receive eight nominations from the Celtic Media Festival Torc Awards. These nominations showcase TG4 &#8216;s range of high quality productions for audiences. We look forward to this year&#8217;s festival in France with our colleagues from across Europe to celebrate the best of Celtic Media.&#8221;<\/em><br \/>\n&nbsp;<br \/>\n&nbsp;<\/p>\n","protected":false},"excerpt":{"rendered":"<p>&nbsp; TG4 has received eight nominations for the 2022 Celtic Media Festival Torc Awards for Excellence announced yesterday. This year&#8217;s festival is set to take place in person for the first time since 2019, from 7th &#8211; 9th June in the stunning medieval city of Quimper, Brittany, France. &nbsp; Nomination&#8217;s on this year\u2019s shortlist includes [&hellip;]<\/p>\n","protected":false},"author":876,"featured_media":0,"parent":138173,"menu_order":12,"comment_status":"closed","ping_status":"closed","template":"page-templates\/template-pr.php","meta":{"_acf_changed":false,"footnotes":""},"acf":[],"yoast_head":"<!-- This site is optimized with the Yoast SEO plugin v22.6 - https:\/\/yoast.com\/wordpress\/plugins\/seo\/ -->\n<title>Eight nominations for TG4 programmes in the Celtic Media Festival Torc Awards of Excellence | Press Release | TG4<\/title>\n<meta name=\"description\" content=\"TG4 has received eight nominations for the 2022 Celtic Media Festival Torc Awards for Excellence announced yesterday. This year&#039;s festival is set to take place in person for the first time since 2019, from 7th - 9th June in the stunning medieval city of Quimper, Brittany, France.\" \/>\n<meta name=\"robots\" content=\"index, follow, max-snippet:-1, max-image-preview:large, max-video-preview:-1\" \/>\n<meta property=\"og:locale\" content=\"en_US\" \/>\n<meta property=\"og:type\" content=\"article\" \/>\n<meta property=\"og:title\" content=\"Eight nominations for TG4 programmes in the Celtic Media Festival Torc Awards of Excellence | Press Release | TG4\" \/>\n<meta property=\"og:description\" content=\"TG4 has received eight nominations for the 2022 Celtic Media Festival Torc Awards for Excellence announced yesterday. This year&#039;s festival is set to take place in person for the first time since 2019, from 7th - 9th June in the stunning medieval city of Quimper, Brittany, France.\" \/>\n<meta property=\"og:url\" content=\"https:\/\/dev.tg4.ie\/en\/information\/press\/press-releases\/2022-2\/eight-nominations-for-tg4-programmes-in-the-celtic-media-festival-torc-awards-of-excellence\/\" \/>\n<meta property=\"og:site_name\" content=\"TG4\" \/>\n<meta property=\"article:publisher\" content=\"https:\/\/www.facebook.com\/TG4TV\" \/>\n<meta property=\"article:modified_time\" content=\"2022-04-01T09:41:54+00:00\" \/>\n<meta property=\"og:image\" content=\"https:\/\/d1og0s8nlbd0hm.cloudfront.net\/tg4-redesign-2015\/wp-content\/uploads\/2020\/11\/SAMHLU_2020_Tommy_Tiernan_1920x1080-700x394.jpg\" \/>\n<meta name=\"twitter:card\" content=\"summary_large_image\" \/>\n<meta name=\"twitter:image\" content=\"https:\/\/d1og0s8nlbd0hm.cloudfront.net\/tg4-redesign-2015\/wp-content\/uploads\/2020\/11\/SAMHLU_2020_Tommy_Tiernan_1920x1080-700x394.jpg\" \/>\n<meta name=\"twitter:site\" content=\"@TG4TV\" \/>\n<meta name=\"twitter:label1\" content=\"Est. reading time\" \/>\n\t<meta name=\"twitter:data1\" content=\"4 minutes\" \/>\n<script type=\"application\/ld+json\" class=\"yoast-schema-graph\">{\"@context\":\"https:\/\/schema.org\",\"@graph\":[{\"@type\":\"WebPage\",\"@id\":\"https:\/\/dev.tg4.ie\/en\/information\/press\/press-releases\/2022-2\/eight-nominations-for-tg4-programmes-in-the-celtic-media-festival-torc-awards-of-excellence\/\",\"url\":\"https:\/\/dev.tg4.ie\/en\/information\/press\/press-releases\/2022-2\/eight-nominations-for-tg4-programmes-in-the-celtic-media-festival-torc-awards-of-excellence\/\",\"name\":\"Eight nominations for TG4 programmes in the Celtic Media Festival Torc Awards of Excellence | Press Release | TG4\",\"isPartOf\":{\"@id\":\"https:\/\/dev.tg4.ie\/en\/#website\"},\"primaryImageOfPage\":{\"@id\":\"https:\/\/dev.tg4.ie\/en\/information\/press\/press-releases\/2022-2\/eight-nominations-for-tg4-programmes-in-the-celtic-media-festival-torc-awards-of-excellence\/#primaryimage\"},\"image\":{\"@id\":\"https:\/\/dev.tg4.ie\/en\/information\/press\/press-releases\/2022-2\/eight-nominations-for-tg4-programmes-in-the-celtic-media-festival-torc-awards-of-excellence\/#primaryimage\"},\"thumbnailUrl\":\"https:\/\/dev.tg4.ie\/wp-content\/uploads\/2020\/11\/SAMHLU_2020_Tommy_Tiernan_1920x1080.jpg\",\"datePublished\":\"2022-03-31T15:41:11+00:00\",\"dateModified\":\"2022-04-01T09:41:54+00:00\",\"description\":\"TG4 has received eight nominations for the 2022 Celtic Media Festival Torc Awards for Excellence announced yesterday. This year's festival is set to take place in person for the first time since 2019, from 7th - 9th June in the stunning medieval city of Quimper, Brittany, France.\",\"breadcrumb\":{\"@id\":\"https:\/\/dev.tg4.ie\/en\/information\/press\/press-releases\/2022-2\/eight-nominations-for-tg4-programmes-in-the-celtic-media-festival-torc-awards-of-excellence\/#breadcrumb\"},\"inLanguage\":\"en-ie\",\"potentialAction\":[{\"@type\":\"ReadAction\",\"target\":[\"https:\/\/dev.tg4.ie\/en\/information\/press\/press-releases\/2022-2\/eight-nominations-for-tg4-programmes-in-the-celtic-media-festival-torc-awards-of-excellence\/\"]}]},{\"@type\":\"ImageObject\",\"inLanguage\":\"en-ie\",\"@id\":\"https:\/\/dev.tg4.ie\/en\/information\/press\/press-releases\/2022-2\/eight-nominations-for-tg4-programmes-in-the-celtic-media-festival-torc-awards-of-excellence\/#primaryimage\",\"url\":\"https:\/\/dev.tg4.ie\/wp-content\/uploads\/2020\/11\/SAMHLU_2020_Tommy_Tiernan_1920x1080.jpg\",\"contentUrl\":\"https:\/\/dev.tg4.ie\/wp-content\/uploads\/2020\/11\/SAMHLU_2020_Tommy_Tiernan_1920x1080.jpg\"},{\"@type\":\"BreadcrumbList\",\"@id\":\"https:\/\/dev.tg4.ie\/en\/information\/press\/press-releases\/2022-2\/eight-nominations-for-tg4-programmes-in-the-celtic-media-festival-torc-awards-of-excellence\/#breadcrumb\",\"itemListElement\":[{\"@type\":\"ListItem\",\"position\":1,\"name\":\"Home\",\"item\":\"https:\/\/dev.tg4.ie\/en\/\"},{\"@type\":\"ListItem\",\"position\":2,\"name\":\"Information\",\"item\":\"https:\/\/dev.tg4.ie\/en\/information\/\"},{\"@type\":\"ListItem\",\"position\":3,\"name\":\"Press\",\"item\":\"https:\/\/dev.tg4.ie\/en\/information\/press\/\"},{\"@type\":\"ListItem\",\"position\":4,\"name\":\"Press Releases\",\"item\":\"https:\/\/dev.tg4.ie\/en\/information\/press\/press-releases\/\"},{\"@type\":\"ListItem\",\"position\":5,\"name\":\"2022\",\"item\":\"https:\/\/dev.tg4.ie\/en\/information\/press\/press-releases\/2022-2\/\"},{\"@type\":\"ListItem\",\"position\":6,\"name\":\"Eight nominations for TG4 programmes in the Celtic Media Festival Torc Awards of Excellence\"}]},{\"@type\":\"WebSite\",\"@id\":\"https:\/\/dev.tg4.ie\/en\/#website\",\"url\":\"https:\/\/dev.tg4.ie\/en\/\",\"name\":\"TG4\",\"description\":\"S\u00fail Eile\",\"potentialAction\":[{\"@type\":\"SearchAction\",\"target\":{\"@type\":\"EntryPoint\",\"urlTemplate\":\"https:\/\/dev.tg4.ie\/en\/?s={search_term_string}\"},\"query-input\":\"required name=search_term_string\"}],\"inLanguage\":\"en-ie\"}]}<\/script>\n<!-- \/ Yoast SEO plugin. -->","yoast_head_json":{"title":"Eight nominations for TG4 programmes in the Celtic Media Festival Torc Awards of Excellence | Press Release | TG4","description":"TG4 has received eight nominations for the 2022 Celtic Media Festival Torc Awards for Excellence announced yesterday. This year's festival is set to take place in person for the first time since 2019, from 7th - 9th June in the stunning medieval city of Quimper, Brittany, France.","robots":{"index":"index","follow":"follow","max-snippet":"max-snippet:-1","max-image-preview":"max-image-preview:large","max-video-preview":"max-video-preview:-1"},"og_locale":"en_US","og_type":"article","og_title":"Eight nominations for TG4 programmes in the Celtic Media Festival Torc Awards of Excellence | Press Release | TG4","og_description":"TG4 has received eight nominations for the 2022 Celtic Media Festival Torc Awards for Excellence announced yesterday. This year's festival is set to take place in person for the first time since 2019, from 7th - 9th June in the stunning medieval city of Quimper, Brittany, France.","og_url":"https:\/\/dev.tg4.ie\/en\/information\/press\/press-releases\/2022-2\/eight-nominations-for-tg4-programmes-in-the-celtic-media-festival-torc-awards-of-excellence\/","og_site_name":"TG4","article_publisher":"https:\/\/www.facebook.com\/TG4TV","article_modified_time":"2022-04-01T09:41:54+00:00","og_image":[{"url":"https:\/\/d1og0s8nlbd0hm.cloudfront.net\/tg4-redesign-2015\/wp-content\/uploads\/2020\/11\/SAMHLU_2020_Tommy_Tiernan_1920x1080-700x394.jpg"}],"twitter_card":"summary_large_image","twitter_image":"https:\/\/d1og0s8nlbd0hm.cloudfront.net\/tg4-redesign-2015\/wp-content\/uploads\/2020\/11\/SAMHLU_2020_Tommy_Tiernan_1920x1080-700x394.jpg","twitter_site":"@TG4TV","twitter_misc":{"Est. reading time":"4 minutes"},"schema":{"@context":"https:\/\/schema.org","@graph":[{"@type":"WebPage","@id":"https:\/\/dev.tg4.ie\/en\/information\/press\/press-releases\/2022-2\/eight-nominations-for-tg4-programmes-in-the-celtic-media-festival-torc-awards-of-excellence\/","url":"https:\/\/dev.tg4.ie\/en\/information\/press\/press-releases\/2022-2\/eight-nominations-for-tg4-programmes-in-the-celtic-media-festival-torc-awards-of-excellence\/","name":"Eight nominations for TG4 programmes in the Celtic Media Festival Torc Awards of Excellence | Press Release | TG4","isPartOf":{"@id":"https:\/\/dev.tg4.ie\/en\/#website"},"primaryImageOfPage":{"@id":"https:\/\/dev.tg4.ie\/en\/information\/press\/press-releases\/2022-2\/eight-nominations-for-tg4-programmes-in-the-celtic-media-festival-torc-awards-of-excellence\/#primaryimage"},"image":{"@id":"https:\/\/dev.tg4.ie\/en\/information\/press\/press-releases\/2022-2\/eight-nominations-for-tg4-programmes-in-the-celtic-media-festival-torc-awards-of-excellence\/#primaryimage"},"thumbnailUrl":"https:\/\/dev.tg4.ie\/wp-content\/uploads\/2020\/11\/SAMHLU_2020_Tommy_Tiernan_1920x1080.jpg","datePublished":"2022-03-31T15:41:11+00:00","dateModified":"2022-04-01T09:41:54+00:00","description":"TG4 has received eight nominations for the 2022 Celtic Media Festival Torc Awards for Excellence announced yesterday. This year's festival is set to take place in person for the first time since 2019, from 7th - 9th June in the stunning medieval city of Quimper, Brittany, France.","breadcrumb":{"@id":"https:\/\/dev.tg4.ie\/en\/information\/press\/press-releases\/2022-2\/eight-nominations-for-tg4-programmes-in-the-celtic-media-festival-torc-awards-of-excellence\/#breadcrumb"},"inLanguage":"en-ie","potentialAction":[{"@type":"ReadAction","target":["https:\/\/dev.tg4.ie\/en\/information\/press\/press-releases\/2022-2\/eight-nominations-for-tg4-programmes-in-the-celtic-media-festival-torc-awards-of-excellence\/"]}]},{"@type":"ImageObject","inLanguage":"en-ie","@id":"https:\/\/dev.tg4.ie\/en\/information\/press\/press-releases\/2022-2\/eight-nominations-for-tg4-programmes-in-the-celtic-media-festival-torc-awards-of-excellence\/#primaryimage","url":"https:\/\/dev.tg4.ie\/wp-content\/uploads\/2020\/11\/SAMHLU_2020_Tommy_Tiernan_1920x1080.jpg","contentUrl":"https:\/\/dev.tg4.ie\/wp-content\/uploads\/2020\/11\/SAMHLU_2020_Tommy_Tiernan_1920x1080.jpg"},{"@type":"BreadcrumbList","@id":"https:\/\/dev.tg4.ie\/en\/information\/press\/press-releases\/2022-2\/eight-nominations-for-tg4-programmes-in-the-celtic-media-festival-torc-awards-of-excellence\/#breadcrumb","itemListElement":[{"@type":"ListItem","position":1,"name":"Home","item":"https:\/\/dev.tg4.ie\/en\/"},{"@type":"ListItem","position":2,"name":"Information","item":"https:\/\/dev.tg4.ie\/en\/information\/"},{"@type":"ListItem","position":3,"name":"Press","item":"https:\/\/dev.tg4.ie\/en\/information\/press\/"},{"@type":"ListItem","position":4,"name":"Press Releases","item":"https:\/\/dev.tg4.ie\/en\/information\/press\/press-releases\/"},{"@type":"ListItem","position":5,"name":"2022","item":"https:\/\/dev.tg4.ie\/en\/information\/press\/press-releases\/2022-2\/"},{"@type":"ListItem","position":6,"name":"Eight nominations for TG4 programmes in the Celtic Media Festival Torc Awards of Excellence"}]},{"@type":"WebSite","@id":"https:\/\/dev.tg4.ie\/en\/#website","url":"https:\/\/dev.tg4.ie\/en\/","name":"TG4","description":"S\u00fail Eile","potentialAction":[{"@type":"SearchAction","target":{"@type":"EntryPoint","urlTemplate":"https:\/\/dev.tg4.ie\/en\/?s={search_term_string}"},"query-input":"required name=search_term_string"}],"inLanguage":"en-ie"}]}},"_links":{"self":[{"href":"https:\/\/dev.tg4.ie\/en\/wp-json\/wp\/v2\/pages\/144705"}],"collection":[{"href":"https:\/\/dev.tg4.ie\/en\/wp-json\/wp\/v2\/pages"}],"about":[{"href":"https:\/\/dev.tg4.ie\/en\/wp-json\/wp\/v2\/types\/page"}],"author":[{"embeddable":true,"href":"https:\/\/dev.tg4.ie\/en\/wp-json\/wp\/v2\/users\/876"}],"replies":[{"embeddable":true,"href":"https:\/\/dev.tg4.ie\/en\/wp-json\/wp\/v2\/comments?post=144705"}],"version-history":[{"count":0,"href":"https:\/\/dev.tg4.ie\/en\/wp-json\/wp\/v2\/pages\/144705\/revisions"}],"up":[{"embeddable":true,"href":"https:\/\/dev.tg4.ie\/en\/wp-json\/wp\/v2\/pages\/138173"}],"wp:attachment":[{"href":"https:\/\/dev.tg4.ie\/en\/wp-json\/wp\/v2\/media?parent=144705"}],"curies":[{"name":"wp","href":"https:\/\/api.w.org\/{rel}","templated":true}]}}