{"id":145052,"date":"2022-04-05T07:00:38","date_gmt":"2022-04-05T06:00:38","guid":{"rendered":"https:\/\/dev.tg4.ie\/?page_id=145052"},"modified":"2022-04-04T19:28:02","modified_gmt":"2022-04-04T18:28:02","slug":"ireland-for-ukraine-a-major-public-fundraising-initiative-is-launched","status":"publish","type":"page","link":"https:\/\/dev.tg4.ie\/en\/information\/press\/press-releases\/2022-2\/ireland-for-ukraine-a-major-public-fundraising-initiative-is-launched\/","title":{"rendered":"&#8216;IRELAND FOR UKRAINE&#8217;, a Major Public Fundraising Initiative is Launched"},"content":{"rendered":"<p><img loading=\"lazy\" decoding=\"async\" width=\"1920\" height=\"1080\" src=\"https:\/\/tg4-docs.s3.amazonaws.com\/tg4-redesign-2015\/wp-content\/uploads\/2022\/04\/Eire_ar_Son_na_hUcraine-Siobhan_McSweeney_1-1920x1080-1.jpg\" alt=\"\u00c9ire ar Son na h\u00dacr\u00e1ine - Siobh\u00e1n McSweeney\" class=\"alignleft size-full wp-image-145049\" srcset=\"https:\/\/tg4-docs.s3.amazonaws.com\/tg4-redesign-2015\/wp-content\/uploads\/2022\/04\/Eire_ar_Son_na_hUcraine-Siobhan_McSweeney_1-1920x1080-1.jpg 1920w, https:\/\/tg4-docs.s3.amazonaws.com\/tg4-redesign-2015\/wp-content\/uploads\/2022\/04\/Eire_ar_Son_na_hUcraine-Siobhan_McSweeney_1-1920x1080-1-250x141.jpg 250w, https:\/\/tg4-docs.s3.amazonaws.com\/tg4-redesign-2015\/wp-content\/uploads\/2022\/04\/Eire_ar_Son_na_hUcraine-Siobhan_McSweeney_1-1920x1080-1-700x394.jpg 700w, https:\/\/tg4-docs.s3.amazonaws.com\/tg4-redesign-2015\/wp-content\/uploads\/2022\/04\/Eire_ar_Son_na_hUcraine-Siobhan_McSweeney_1-1920x1080-1-252x141.jpg 252w, https:\/\/tg4-docs.s3.amazonaws.com\/tg4-redesign-2015\/wp-content\/uploads\/2022\/04\/Eire_ar_Son_na_hUcraine-Siobhan_McSweeney_1-1920x1080-1-1536x864.jpg 1536w, https:\/\/tg4-docs.s3.amazonaws.com\/tg4-redesign-2015\/wp-content\/uploads\/2022\/04\/Eire_ar_Son_na_hUcraine-Siobhan_McSweeney_1-1920x1080-1-120x68.jpg 120w\" sizes=\"(max-width: 1920px) 100vw, 1920px\" \/><br \/>\n&nbsp;<\/p>\n<p><strong>Go to <a href=\"https:\/\/www.irelandforukraine.ie\" rel=\"noopener\" target=\"_blank\">www.irelandforukraine.ie<\/a> to donate now<\/strong><br \/>\n&nbsp;<br \/>\nA group of Ireland\u2019s leading media organisations have come together to form an unprecedented coalition, and today launch a public fundraising campaign, \u2018Ireland for Ukraine\u2019.<br \/>\n&nbsp;<br \/>\nThe campaign aims to raise vital funds for those affected by the conflict, as well as those who have been displaced. The campaign is inspired by the incredible level of public support from Ireland for Ukraine to date.<br \/>\n&nbsp;<br \/>\nThe initiative will feature across local and national radio, television, print and online media, with all proceeds received by registered charity The Community Foundation for Ireland, who have 22 years\u2019 experience in philanthropy and grant making.<br \/>\n&nbsp;<br \/>\n50% of the funds collected will be distributed to the Irish Red Cross, Concern, UNICEF and Trocaire. The other 50% will be pooled into a fund for grant aid applications available to Irish organisations and local groups assisting the anticipated 200,000 incoming people who have been forced to flee Ukraine and are seeking the safety of our communities in Ireland.<br \/>\n&nbsp;<br \/>\nDonations can be made online at <a href=\"https:\/\/www.irelandforukraine.ie\" rel=\"noopener\" target=\"_blank\">www.irelandforukraine.ie<\/a> or by the Revolut app.<br \/>\n&nbsp;<br \/>\n<strong>Denise Charlton, Chief Executive of The Community Foundation for Ireland<\/strong>, said: <em>\u201cA European humanitarian crisis is unfolding which requires a response both on the ground and in our own communities. \u2018Ireland for Ukraine\u2019 delivers that response. The funds raised through the generosity of viewers, readers and listeners will be used to support those trapped in the war zone and the growing numbers seeking shelter here. There are many challenges ahead. The protection needed for children travelling alone, assisting refugees with disabilities, measures to combat human trafficking and so much more. It may at first seem overwhelming but with the continuing generosity of the Irish people these are challenges which can and will be met.\u201d<\/em><br \/>\n&nbsp;<br \/>\nThe <strong>Taoiseach<\/strong> said: <em>\u201cI want to congratulate the national and local media outlets who have worked and cooperated for the first time to enhance the incredible public goodwill and generosity of the Irish public on their determination to aid and assist the people of Ukraine. I am pleased to confirm that the government will allocate \u20ac5 m to the campaign and fund, Ireland for Ukraine. This will help start its focused charity work for the people of Ukraine at home and abroad. I wish you all the best on your great work.\u201d<\/em><br \/>\n&nbsp;<br \/>\nThe campaign features a 30 second TV and radio advert voiced by Derry Girls and Holding actress Siobhan McSweeney that will commence today, and will be supplemented by an extensive digital display campaign, as well as a dedicated campaign on social media. <strong>#IrelandForUkraine<\/strong><br \/>\n&nbsp;<br \/>\n<strong>For further information please go to <a href=\"https:\/\/www.irelandforukraine.ie\" rel=\"noopener\" target=\"_blank\">www.irelandforukraine.ie<\/a> <\/strong><br \/>\n&nbsp;<br \/>\n&nbsp;<\/p>\n","protected":false},"excerpt":{"rendered":"<p>&nbsp; Go to www.irelandforukraine.ie to donate now &nbsp; A group of Ireland\u2019s leading media organisations have come together to form an unprecedented coalition, and today launch a public fundraising campaign, \u2018Ireland for Ukraine\u2019. &nbsp; The campaign aims to raise vital funds for those affected by the conflict, as well as those who have been displaced. [&hellip;]<\/p>\n","protected":false},"author":876,"featured_media":0,"parent":138173,"menu_order":13,"comment_status":"closed","ping_status":"closed","template":"page-templates\/template-pr.php","meta":{"_acf_changed":false,"footnotes":""},"acf":[],"yoast_head":"<!-- This site is optimized with the Yoast SEO plugin v22.6 - https:\/\/yoast.com\/wordpress\/plugins\/seo\/ -->\n<title>&#039;IRELAND FOR UKRAINE&#039;, a Major Public Fundraising Initiative is Launched | Press Release | TG4<\/title>\n<meta name=\"description\" content=\"A group of Ireland\u2019s leading media organisations have come together to form an unprecedented coalition, and today launch a public fundraising campaign, \u2018Ireland for Ukraine\u2019.\" \/>\n<meta name=\"robots\" content=\"index, follow, max-snippet:-1, max-image-preview:large, max-video-preview:-1\" \/>\n<meta property=\"og:locale\" content=\"en_US\" \/>\n<meta property=\"og:type\" content=\"article\" \/>\n<meta property=\"og:title\" content=\"&#039;IRELAND FOR UKRAINE&#039;, a Major Public Fundraising Initiative is Launched | Press Release | TG4\" \/>\n<meta property=\"og:description\" content=\"A group of Ireland\u2019s leading media organisations have come together to form an unprecedented coalition, and today launch a public fundraising campaign, \u2018Ireland for Ukraine\u2019.\" \/>\n<meta property=\"og:url\" content=\"https:\/\/dev.tg4.ie\/en\/information\/press\/press-releases\/2022-2\/ireland-for-ukraine-a-major-public-fundraising-initiative-is-launched\/\" \/>\n<meta property=\"og:site_name\" content=\"TG4\" \/>\n<meta property=\"article:publisher\" content=\"https:\/\/www.facebook.com\/TG4TV\" \/>\n<meta property=\"article:modified_time\" content=\"2022-04-04T18:28:02+00:00\" \/>\n<meta property=\"og:image\" content=\"https:\/\/d1og0s8nlbd0hm.cloudfront.net\/tg4-redesign-2015\/wp-content\/uploads\/2022\/04\/Eire_ar_Son_na_hUcraine-Siobhan_McSweeney_1-1920x1080-1-700x394.jpg\" \/>\n<meta name=\"twitter:card\" content=\"summary_large_image\" \/>\n<meta name=\"twitter:image\" content=\"https:\/\/d1og0s8nlbd0hm.cloudfront.net\/tg4-redesign-2015\/wp-content\/uploads\/2022\/04\/Eire_ar_Son_na_hUcraine-Siobhan_McSweeney_1-1920x1080-1-700x394.jpg\" \/>\n<meta name=\"twitter:site\" content=\"@TG4TV\" \/>\n<meta name=\"twitter:label1\" content=\"Est. reading time\" \/>\n\t<meta name=\"twitter:data1\" content=\"2 minutes\" \/>\n<script type=\"application\/ld+json\" class=\"yoast-schema-graph\">{\"@context\":\"https:\/\/schema.org\",\"@graph\":[{\"@type\":\"WebPage\",\"@id\":\"https:\/\/dev.tg4.ie\/en\/information\/press\/press-releases\/2022-2\/ireland-for-ukraine-a-major-public-fundraising-initiative-is-launched\/\",\"url\":\"https:\/\/dev.tg4.ie\/en\/information\/press\/press-releases\/2022-2\/ireland-for-ukraine-a-major-public-fundraising-initiative-is-launched\/\",\"name\":\"'IRELAND FOR UKRAINE', a Major Public Fundraising Initiative is Launched | Press Release | TG4\",\"isPartOf\":{\"@id\":\"https:\/\/dev.tg4.ie\/en\/#website\"},\"primaryImageOfPage\":{\"@id\":\"https:\/\/dev.tg4.ie\/en\/information\/press\/press-releases\/2022-2\/ireland-for-ukraine-a-major-public-fundraising-initiative-is-launched\/#primaryimage\"},\"image\":{\"@id\":\"https:\/\/dev.tg4.ie\/en\/information\/press\/press-releases\/2022-2\/ireland-for-ukraine-a-major-public-fundraising-initiative-is-launched\/#primaryimage\"},\"thumbnailUrl\":\"https:\/\/dev.tg4.ie\/wp-content\/uploads\/2022\/04\/Eire_ar_Son_na_hUcraine-Siobhan_McSweeney_1-1920x1080-1.jpg\",\"datePublished\":\"2022-04-05T06:00:38+00:00\",\"dateModified\":\"2022-04-04T18:28:02+00:00\",\"description\":\"A group of Ireland\u2019s leading media organisations have come together to form an unprecedented coalition, and today launch a public fundraising campaign, \u2018Ireland for Ukraine\u2019.\",\"breadcrumb\":{\"@id\":\"https:\/\/dev.tg4.ie\/en\/information\/press\/press-releases\/2022-2\/ireland-for-ukraine-a-major-public-fundraising-initiative-is-launched\/#breadcrumb\"},\"inLanguage\":\"en-ie\",\"potentialAction\":[{\"@type\":\"ReadAction\",\"target\":[\"https:\/\/dev.tg4.ie\/en\/information\/press\/press-releases\/2022-2\/ireland-for-ukraine-a-major-public-fundraising-initiative-is-launched\/\"]}]},{\"@type\":\"ImageObject\",\"inLanguage\":\"en-ie\",\"@id\":\"https:\/\/dev.tg4.ie\/en\/information\/press\/press-releases\/2022-2\/ireland-for-ukraine-a-major-public-fundraising-initiative-is-launched\/#primaryimage\",\"url\":\"https:\/\/dev.tg4.ie\/wp-content\/uploads\/2022\/04\/Eire_ar_Son_na_hUcraine-Siobhan_McSweeney_1-1920x1080-1.jpg\",\"contentUrl\":\"https:\/\/dev.tg4.ie\/wp-content\/uploads\/2022\/04\/Eire_ar_Son_na_hUcraine-Siobhan_McSweeney_1-1920x1080-1.jpg\"},{\"@type\":\"BreadcrumbList\",\"@id\":\"https:\/\/dev.tg4.ie\/en\/information\/press\/press-releases\/2022-2\/ireland-for-ukraine-a-major-public-fundraising-initiative-is-launched\/#breadcrumb\",\"itemListElement\":[{\"@type\":\"ListItem\",\"position\":1,\"name\":\"Home\",\"item\":\"https:\/\/dev.tg4.ie\/en\/\"},{\"@type\":\"ListItem\",\"position\":2,\"name\":\"Information\",\"item\":\"https:\/\/dev.tg4.ie\/en\/information\/\"},{\"@type\":\"ListItem\",\"position\":3,\"name\":\"Press\",\"item\":\"https:\/\/dev.tg4.ie\/en\/information\/press\/\"},{\"@type\":\"ListItem\",\"position\":4,\"name\":\"Press Releases\",\"item\":\"https:\/\/dev.tg4.ie\/en\/information\/press\/press-releases\/\"},{\"@type\":\"ListItem\",\"position\":5,\"name\":\"2022\",\"item\":\"https:\/\/dev.tg4.ie\/en\/information\/press\/press-releases\/2022-2\/\"},{\"@type\":\"ListItem\",\"position\":6,\"name\":\"&#8216;IRELAND FOR UKRAINE&#8217;, a Major Public Fundraising Initiative is Launched\"}]},{\"@type\":\"WebSite\",\"@id\":\"https:\/\/dev.tg4.ie\/en\/#website\",\"url\":\"https:\/\/dev.tg4.ie\/en\/\",\"name\":\"TG4\",\"description\":\"S\u00fail Eile\",\"potentialAction\":[{\"@type\":\"SearchAction\",\"target\":{\"@type\":\"EntryPoint\",\"urlTemplate\":\"https:\/\/dev.tg4.ie\/en\/?s={search_term_string}\"},\"query-input\":\"required name=search_term_string\"}],\"inLanguage\":\"en-ie\"}]}<\/script>\n<!-- \/ Yoast SEO plugin. -->","yoast_head_json":{"title":"'IRELAND FOR UKRAINE', a Major Public Fundraising Initiative is Launched | Press Release | TG4","description":"A group of Ireland\u2019s leading media organisations have come together to form an unprecedented coalition, and today launch a public fundraising campaign, \u2018Ireland for Ukraine\u2019.","robots":{"index":"index","follow":"follow","max-snippet":"max-snippet:-1","max-image-preview":"max-image-preview:large","max-video-preview":"max-video-preview:-1"},"og_locale":"en_US","og_type":"article","og_title":"'IRELAND FOR UKRAINE', a Major Public Fundraising Initiative is Launched | Press Release | TG4","og_description":"A group of Ireland\u2019s leading media organisations have come together to form an unprecedented coalition, and today launch a public fundraising campaign, \u2018Ireland for Ukraine\u2019.","og_url":"https:\/\/dev.tg4.ie\/en\/information\/press\/press-releases\/2022-2\/ireland-for-ukraine-a-major-public-fundraising-initiative-is-launched\/","og_site_name":"TG4","article_publisher":"https:\/\/www.facebook.com\/TG4TV","article_modified_time":"2022-04-04T18:28:02+00:00","og_image":[{"url":"https:\/\/d1og0s8nlbd0hm.cloudfront.net\/tg4-redesign-2015\/wp-content\/uploads\/2022\/04\/Eire_ar_Son_na_hUcraine-Siobhan_McSweeney_1-1920x1080-1-700x394.jpg"}],"twitter_card":"summary_large_image","twitter_image":"https:\/\/d1og0s8nlbd0hm.cloudfront.net\/tg4-redesign-2015\/wp-content\/uploads\/2022\/04\/Eire_ar_Son_na_hUcraine-Siobhan_McSweeney_1-1920x1080-1-700x394.jpg","twitter_site":"@TG4TV","twitter_misc":{"Est. reading time":"2 minutes"},"schema":{"@context":"https:\/\/schema.org","@graph":[{"@type":"WebPage","@id":"https:\/\/dev.tg4.ie\/en\/information\/press\/press-releases\/2022-2\/ireland-for-ukraine-a-major-public-fundraising-initiative-is-launched\/","url":"https:\/\/dev.tg4.ie\/en\/information\/press\/press-releases\/2022-2\/ireland-for-ukraine-a-major-public-fundraising-initiative-is-launched\/","name":"'IRELAND FOR UKRAINE', a Major Public Fundraising Initiative is Launched | Press Release | TG4","isPartOf":{"@id":"https:\/\/dev.tg4.ie\/en\/#website"},"primaryImageOfPage":{"@id":"https:\/\/dev.tg4.ie\/en\/information\/press\/press-releases\/2022-2\/ireland-for-ukraine-a-major-public-fundraising-initiative-is-launched\/#primaryimage"},"image":{"@id":"https:\/\/dev.tg4.ie\/en\/information\/press\/press-releases\/2022-2\/ireland-for-ukraine-a-major-public-fundraising-initiative-is-launched\/#primaryimage"},"thumbnailUrl":"https:\/\/dev.tg4.ie\/wp-content\/uploads\/2022\/04\/Eire_ar_Son_na_hUcraine-Siobhan_McSweeney_1-1920x1080-1.jpg","datePublished":"2022-04-05T06:00:38+00:00","dateModified":"2022-04-04T18:28:02+00:00","description":"A group of Ireland\u2019s leading media organisations have come together to form an unprecedented coalition, and today launch a public fundraising campaign, \u2018Ireland for Ukraine\u2019.","breadcrumb":{"@id":"https:\/\/dev.tg4.ie\/en\/information\/press\/press-releases\/2022-2\/ireland-for-ukraine-a-major-public-fundraising-initiative-is-launched\/#breadcrumb"},"inLanguage":"en-ie","potentialAction":[{"@type":"ReadAction","target":["https:\/\/dev.tg4.ie\/en\/information\/press\/press-releases\/2022-2\/ireland-for-ukraine-a-major-public-fundraising-initiative-is-launched\/"]}]},{"@type":"ImageObject","inLanguage":"en-ie","@id":"https:\/\/dev.tg4.ie\/en\/information\/press\/press-releases\/2022-2\/ireland-for-ukraine-a-major-public-fundraising-initiative-is-launched\/#primaryimage","url":"https:\/\/dev.tg4.ie\/wp-content\/uploads\/2022\/04\/Eire_ar_Son_na_hUcraine-Siobhan_McSweeney_1-1920x1080-1.jpg","contentUrl":"https:\/\/dev.tg4.ie\/wp-content\/uploads\/2022\/04\/Eire_ar_Son_na_hUcraine-Siobhan_McSweeney_1-1920x1080-1.jpg"},{"@type":"BreadcrumbList","@id":"https:\/\/dev.tg4.ie\/en\/information\/press\/press-releases\/2022-2\/ireland-for-ukraine-a-major-public-fundraising-initiative-is-launched\/#breadcrumb","itemListElement":[{"@type":"ListItem","position":1,"name":"Home","item":"https:\/\/dev.tg4.ie\/en\/"},{"@type":"ListItem","position":2,"name":"Information","item":"https:\/\/dev.tg4.ie\/en\/information\/"},{"@type":"ListItem","position":3,"name":"Press","item":"https:\/\/dev.tg4.ie\/en\/information\/press\/"},{"@type":"ListItem","position":4,"name":"Press Releases","item":"https:\/\/dev.tg4.ie\/en\/information\/press\/press-releases\/"},{"@type":"ListItem","position":5,"name":"2022","item":"https:\/\/dev.tg4.ie\/en\/information\/press\/press-releases\/2022-2\/"},{"@type":"ListItem","position":6,"name":"&#8216;IRELAND FOR UKRAINE&#8217;, a Major Public Fundraising Initiative is Launched"}]},{"@type":"WebSite","@id":"https:\/\/dev.tg4.ie\/en\/#website","url":"https:\/\/dev.tg4.ie\/en\/","name":"TG4","description":"S\u00fail Eile","potentialAction":[{"@type":"SearchAction","target":{"@type":"EntryPoint","urlTemplate":"https:\/\/dev.tg4.ie\/en\/?s={search_term_string}"},"query-input":"required name=search_term_string"}],"inLanguage":"en-ie"}]}},"_links":{"self":[{"href":"https:\/\/dev.tg4.ie\/en\/wp-json\/wp\/v2\/pages\/145052"}],"collection":[{"href":"https:\/\/dev.tg4.ie\/en\/wp-json\/wp\/v2\/pages"}],"about":[{"href":"https:\/\/dev.tg4.ie\/en\/wp-json\/wp\/v2\/types\/page"}],"author":[{"embeddable":true,"href":"https:\/\/dev.tg4.ie\/en\/wp-json\/wp\/v2\/users\/876"}],"replies":[{"embeddable":true,"href":"https:\/\/dev.tg4.ie\/en\/wp-json\/wp\/v2\/comments?post=145052"}],"version-history":[{"count":0,"href":"https:\/\/dev.tg4.ie\/en\/wp-json\/wp\/v2\/pages\/145052\/revisions"}],"up":[{"embeddable":true,"href":"https:\/\/dev.tg4.ie\/en\/wp-json\/wp\/v2\/pages\/138173"}],"wp:attachment":[{"href":"https:\/\/dev.tg4.ie\/en\/wp-json\/wp\/v2\/media?parent=145052"}],"curies":[{"name":"wp","href":"https:\/\/api.w.org\/{rel}","templated":true}]}}