{"id":146294,"date":"2022-04-29T11:08:06","date_gmt":"2022-04-29T10:08:06","guid":{"rendered":"https:\/\/dev.tg4.ie\/?page_id=146294"},"modified":"2022-04-29T11:08:06","modified_gmt":"2022-04-29T10:08:06","slug":"end-of-tenure-for-five-of-tg4-board-members-including-tg4-chairperson","status":"publish","type":"page","link":"https:\/\/dev.tg4.ie\/en\/information\/press\/press-releases\/2022-2\/end-of-tenure-for-five-of-tg4-board-members-including-tg4-chairperson\/","title":{"rendered":"End of tenure for five of TG4 Board members including TG4 Chairperson"},"content":{"rendered":"<p><img loading=\"lazy\" decoding=\"async\" width=\"1920\" height=\"1080\" src=\"https:\/\/tg4-docs.s3.amazonaws.com\/tg4-redesign-2015\/wp-content\/uploads\/2022\/04\/Comhaltai_Boird_ag_criochnu_22_1-1920x1080-1.jpg\" alt=\"\" class=\"alignleft size-full wp-image-146291\" srcset=\"https:\/\/tg4-docs.s3.amazonaws.com\/tg4-redesign-2015\/wp-content\/uploads\/2022\/04\/Comhaltai_Boird_ag_criochnu_22_1-1920x1080-1.jpg 1920w, https:\/\/tg4-docs.s3.amazonaws.com\/tg4-redesign-2015\/wp-content\/uploads\/2022\/04\/Comhaltai_Boird_ag_criochnu_22_1-1920x1080-1-250x141.jpg 250w, https:\/\/tg4-docs.s3.amazonaws.com\/tg4-redesign-2015\/wp-content\/uploads\/2022\/04\/Comhaltai_Boird_ag_criochnu_22_1-1920x1080-1-700x394.jpg 700w, https:\/\/tg4-docs.s3.amazonaws.com\/tg4-redesign-2015\/wp-content\/uploads\/2022\/04\/Comhaltai_Boird_ag_criochnu_22_1-1920x1080-1-252x141.jpg 252w, https:\/\/tg4-docs.s3.amazonaws.com\/tg4-redesign-2015\/wp-content\/uploads\/2022\/04\/Comhaltai_Boird_ag_criochnu_22_1-1920x1080-1-1536x864.jpg 1536w, https:\/\/tg4-docs.s3.amazonaws.com\/tg4-redesign-2015\/wp-content\/uploads\/2022\/04\/Comhaltai_Boird_ag_criochnu_22_1-1920x1080-1-120x68.jpg 120w\" sizes=\"(max-width: 1920px) 100vw, 1920px\" \/><br \/>\n&nbsp;<\/p>\n<p>The tenure of five members of TG4&#8217;s Board came to an end on April 16th. The five members are TG4 Board Chairperson, Si\u00fan N\u00ed Raghallaigh, Des Geraghty, Michelle N\u00ed Chr\u00f3in\u00edn, Mair\u00e9ad N\u00ed Cheoin\u00edn and Miche\u00e1l Seoighe. The members all served two five-year terms on the TG4 Board.<br \/>\n&nbsp;<br \/>\n<strong>TG4 Director General Alan Esslemont<\/strong> thanked the outgoing members, saying, <em>&#8220;On behalf of TG4, I would like to thank the board members sincerely for serving two five-year terms on TG4&#8217;s Board. TG4 has achieved great things since the inception of this board of which we are very proud. TG4 continues to gain Government&#8217;s confidence in our audience and growth strategy.  I would particularly like to thank TG4 Chair Si\u00fan N\u00ed Raghallaigh for her leadership and continuous commitment to TG4. I wish the new board that will be appointed soon by the Government every success.&#8221;<\/em><br \/>\n&nbsp;<br \/>\nOutgoing chairperson of TG4&#8217;s Board, Si\u00fan N\u00ed Raghallaigh is from Donegal. She was one of the founding members of TG4, as Director of Finance &#038; Business and later as Director of Marketing and Development. Si\u00fan has gained recognition as a leader in the creative sector. She was CEO of Ardmore Studios and Troy Studios until 2021. She worked as Managing Director with Tyrone Productions, and Head of Finance with Tribune Newspaper Group . She founded her own independent television company Ikandi Productions. Si\u00fan N\u00ed Raghallaigh is a member of the Board of Galway Film Fleadh and The Atlantic Academy.<br \/>\n&nbsp;<br \/>\nThe departing board members thanked TG4 staff and the independent production sector for their continued dedication and work. They congratulated Alan Esslemont, TG4&#8217;s Director General on his vision, energy and strategy for TG4 and wished the new board every success.<br \/>\n&nbsp;<br \/>\nThe Board of Teilif\u00eds na Gaeilge was established in April 2007 under the provision of the Broadcasting Act, 2001. The board consists of a chair and 11 members, including the Director General in an ex-officio capacity and a staff representative. The appointments are made by the Minister for Tourism, Culture, Arts, Gaeltacht, Sport and Media. Frank Reidy and Br\u00edd N\u00ed Fhachtna were re-appointed to the board in 2020 and the term of Mair\u00e9ad N\u00ed Nuadh\u00e1in, Siobh\u00e1n N\u00ed Ghadhra, Darach \u00d3 Tuairisg, and staff member Se\u00e1n \u00d3 Domhnaill continues.<br \/>\n&nbsp;<br \/>\nThe vacancies on TG4&#8217;s Board will be advertised on <a href=\"https:\/\/stateboards.ie\/en\/\" rel=\"noopener\" target=\"_blank\">Stateboards.ie<\/a> shortly.<br \/>\n&nbsp;<br \/>\n&nbsp;<\/p>\n","protected":false},"excerpt":{"rendered":"<p>&nbsp; The tenure of five members of TG4&#8217;s Board came to an end on April 16th. The five members are TG4 Board Chairperson, Si\u00fan N\u00ed Raghallaigh, Des Geraghty, Michelle N\u00ed Chr\u00f3in\u00edn, Mair\u00e9ad N\u00ed Cheoin\u00edn and Miche\u00e1l Seoighe. The members all served two five-year terms on the TG4 Board. &nbsp; TG4 Director General Alan Esslemont thanked [&hellip;]<\/p>\n","protected":false},"author":876,"featured_media":0,"parent":138173,"menu_order":14,"comment_status":"closed","ping_status":"closed","template":"page-templates\/template-pr.php","meta":{"_acf_changed":false,"footnotes":""},"acf":[],"yoast_head":"<!-- This site is optimized with the Yoast SEO plugin v22.6 - https:\/\/yoast.com\/wordpress\/plugins\/seo\/ -->\n<title>End of tenure for TG4 Chairperson and four Board members | Press Release | TG4<\/title>\n<meta name=\"description\" content=\"The tenure of five members of TG4&#039;s Board came to an end on April 16th. The five members are TG4 Board Chairperson, Si\u00fan N\u00ed Raghallaigh, Des Geraghty, Michelle N\u00ed Chr\u00f3in\u00edn, Mair\u00e9ad N\u00ed Cheoin\u00edn and Miche\u00e1l Seoighe. The members all served two five-year terms on the TG4 Board.\" \/>\n<meta name=\"robots\" content=\"index, follow, max-snippet:-1, max-image-preview:large, max-video-preview:-1\" \/>\n<meta property=\"og:locale\" content=\"en_US\" \/>\n<meta property=\"og:type\" content=\"article\" \/>\n<meta property=\"og:title\" content=\"End of tenure for TG4 Chairperson and four Board members | Press Release | TG4\" \/>\n<meta property=\"og:description\" content=\"The tenure of five members of TG4&#039;s Board came to an end on April 16th. The five members are TG4 Board Chairperson, Si\u00fan N\u00ed Raghallaigh, Des Geraghty, Michelle N\u00ed Chr\u00f3in\u00edn, Mair\u00e9ad N\u00ed Cheoin\u00edn and Miche\u00e1l Seoighe. The members all served two five-year terms on the TG4 Board.\" \/>\n<meta property=\"og:url\" content=\"https:\/\/dev.tg4.ie\/en\/information\/press\/press-releases\/2022-2\/end-of-tenure-for-five-of-tg4-board-members-including-tg4-chairperson\/\" \/>\n<meta property=\"og:site_name\" content=\"TG4\" \/>\n<meta property=\"article:publisher\" content=\"https:\/\/www.facebook.com\/TG4TV\" \/>\n<meta property=\"og:image\" content=\"https:\/\/d1og0s8nlbd0hm.cloudfront.net\/tg4-redesign-2015\/wp-content\/uploads\/2022\/04\/Comhaltai_Boird_ag_criochnu_22_1-1920x1080-1-700x394.jpg\" \/>\n<meta name=\"twitter:card\" content=\"summary_large_image\" \/>\n<meta name=\"twitter:image\" content=\"https:\/\/d1og0s8nlbd0hm.cloudfront.net\/tg4-redesign-2015\/wp-content\/uploads\/2022\/04\/Comhaltai_Boird_ag_criochnu_22_1-1920x1080-1-700x394.jpg\" \/>\n<meta name=\"twitter:site\" content=\"@TG4TV\" \/>\n<meta name=\"twitter:label1\" content=\"Est. reading time\" \/>\n\t<meta name=\"twitter:data1\" content=\"2 minutes\" \/>\n<script type=\"application\/ld+json\" class=\"yoast-schema-graph\">{\"@context\":\"https:\/\/schema.org\",\"@graph\":[{\"@type\":\"WebPage\",\"@id\":\"https:\/\/dev.tg4.ie\/en\/information\/press\/press-releases\/2022-2\/end-of-tenure-for-five-of-tg4-board-members-including-tg4-chairperson\/\",\"url\":\"https:\/\/dev.tg4.ie\/en\/information\/press\/press-releases\/2022-2\/end-of-tenure-for-five-of-tg4-board-members-including-tg4-chairperson\/\",\"name\":\"End of tenure for TG4 Chairperson and four Board members | Press Release | TG4\",\"isPartOf\":{\"@id\":\"https:\/\/dev.tg4.ie\/en\/#website\"},\"primaryImageOfPage\":{\"@id\":\"https:\/\/dev.tg4.ie\/en\/information\/press\/press-releases\/2022-2\/end-of-tenure-for-five-of-tg4-board-members-including-tg4-chairperson\/#primaryimage\"},\"image\":{\"@id\":\"https:\/\/dev.tg4.ie\/en\/information\/press\/press-releases\/2022-2\/end-of-tenure-for-five-of-tg4-board-members-including-tg4-chairperson\/#primaryimage\"},\"thumbnailUrl\":\"https:\/\/dev.tg4.ie\/wp-content\/uploads\/2022\/04\/Comhaltai_Boird_ag_criochnu_22_1-1920x1080-1.jpg\",\"datePublished\":\"2022-04-29T10:08:06+00:00\",\"dateModified\":\"2022-04-29T10:08:06+00:00\",\"description\":\"The tenure of five members of TG4's Board came to an end on April 16th. The five members are TG4 Board Chairperson, Si\u00fan N\u00ed Raghallaigh, Des Geraghty, Michelle N\u00ed Chr\u00f3in\u00edn, Mair\u00e9ad N\u00ed Cheoin\u00edn and Miche\u00e1l Seoighe. The members all served two five-year terms on the TG4 Board.\",\"breadcrumb\":{\"@id\":\"https:\/\/dev.tg4.ie\/en\/information\/press\/press-releases\/2022-2\/end-of-tenure-for-five-of-tg4-board-members-including-tg4-chairperson\/#breadcrumb\"},\"inLanguage\":\"en-ie\",\"potentialAction\":[{\"@type\":\"ReadAction\",\"target\":[\"https:\/\/dev.tg4.ie\/en\/information\/press\/press-releases\/2022-2\/end-of-tenure-for-five-of-tg4-board-members-including-tg4-chairperson\/\"]}]},{\"@type\":\"ImageObject\",\"inLanguage\":\"en-ie\",\"@id\":\"https:\/\/dev.tg4.ie\/en\/information\/press\/press-releases\/2022-2\/end-of-tenure-for-five-of-tg4-board-members-including-tg4-chairperson\/#primaryimage\",\"url\":\"https:\/\/dev.tg4.ie\/wp-content\/uploads\/2022\/04\/Comhaltai_Boird_ag_criochnu_22_1-1920x1080-1.jpg\",\"contentUrl\":\"https:\/\/dev.tg4.ie\/wp-content\/uploads\/2022\/04\/Comhaltai_Boird_ag_criochnu_22_1-1920x1080-1.jpg\"},{\"@type\":\"BreadcrumbList\",\"@id\":\"https:\/\/dev.tg4.ie\/en\/information\/press\/press-releases\/2022-2\/end-of-tenure-for-five-of-tg4-board-members-including-tg4-chairperson\/#breadcrumb\",\"itemListElement\":[{\"@type\":\"ListItem\",\"position\":1,\"name\":\"Home\",\"item\":\"https:\/\/dev.tg4.ie\/en\/\"},{\"@type\":\"ListItem\",\"position\":2,\"name\":\"Information\",\"item\":\"https:\/\/dev.tg4.ie\/en\/information\/\"},{\"@type\":\"ListItem\",\"position\":3,\"name\":\"Press\",\"item\":\"https:\/\/dev.tg4.ie\/en\/information\/press\/\"},{\"@type\":\"ListItem\",\"position\":4,\"name\":\"Press Releases\",\"item\":\"https:\/\/dev.tg4.ie\/en\/information\/press\/press-releases\/\"},{\"@type\":\"ListItem\",\"position\":5,\"name\":\"2022\",\"item\":\"https:\/\/dev.tg4.ie\/en\/information\/press\/press-releases\/2022-2\/\"},{\"@type\":\"ListItem\",\"position\":6,\"name\":\"End of tenure for five of TG4 Board members including TG4 Chairperson\"}]},{\"@type\":\"WebSite\",\"@id\":\"https:\/\/dev.tg4.ie\/en\/#website\",\"url\":\"https:\/\/dev.tg4.ie\/en\/\",\"name\":\"TG4\",\"description\":\"S\u00fail Eile\",\"potentialAction\":[{\"@type\":\"SearchAction\",\"target\":{\"@type\":\"EntryPoint\",\"urlTemplate\":\"https:\/\/dev.tg4.ie\/en\/?s={search_term_string}\"},\"query-input\":\"required name=search_term_string\"}],\"inLanguage\":\"en-ie\"}]}<\/script>\n<!-- \/ Yoast SEO plugin. -->","yoast_head_json":{"title":"End of tenure for TG4 Chairperson and four Board members | Press Release | TG4","description":"The tenure of five members of TG4's Board came to an end on April 16th. The five members are TG4 Board Chairperson, Si\u00fan N\u00ed Raghallaigh, Des Geraghty, Michelle N\u00ed Chr\u00f3in\u00edn, Mair\u00e9ad N\u00ed Cheoin\u00edn and Miche\u00e1l Seoighe. The members all served two five-year terms on the TG4 Board.","robots":{"index":"index","follow":"follow","max-snippet":"max-snippet:-1","max-image-preview":"max-image-preview:large","max-video-preview":"max-video-preview:-1"},"og_locale":"en_US","og_type":"article","og_title":"End of tenure for TG4 Chairperson and four Board members | Press Release | TG4","og_description":"The tenure of five members of TG4's Board came to an end on April 16th. The five members are TG4 Board Chairperson, Si\u00fan N\u00ed Raghallaigh, Des Geraghty, Michelle N\u00ed Chr\u00f3in\u00edn, Mair\u00e9ad N\u00ed Cheoin\u00edn and Miche\u00e1l Seoighe. The members all served two five-year terms on the TG4 Board.","og_url":"https:\/\/dev.tg4.ie\/en\/information\/press\/press-releases\/2022-2\/end-of-tenure-for-five-of-tg4-board-members-including-tg4-chairperson\/","og_site_name":"TG4","article_publisher":"https:\/\/www.facebook.com\/TG4TV","og_image":[{"url":"https:\/\/d1og0s8nlbd0hm.cloudfront.net\/tg4-redesign-2015\/wp-content\/uploads\/2022\/04\/Comhaltai_Boird_ag_criochnu_22_1-1920x1080-1-700x394.jpg"}],"twitter_card":"summary_large_image","twitter_image":"https:\/\/d1og0s8nlbd0hm.cloudfront.net\/tg4-redesign-2015\/wp-content\/uploads\/2022\/04\/Comhaltai_Boird_ag_criochnu_22_1-1920x1080-1-700x394.jpg","twitter_site":"@TG4TV","twitter_misc":{"Est. reading time":"2 minutes"},"schema":{"@context":"https:\/\/schema.org","@graph":[{"@type":"WebPage","@id":"https:\/\/dev.tg4.ie\/en\/information\/press\/press-releases\/2022-2\/end-of-tenure-for-five-of-tg4-board-members-including-tg4-chairperson\/","url":"https:\/\/dev.tg4.ie\/en\/information\/press\/press-releases\/2022-2\/end-of-tenure-for-five-of-tg4-board-members-including-tg4-chairperson\/","name":"End of tenure for TG4 Chairperson and four Board members | Press Release | TG4","isPartOf":{"@id":"https:\/\/dev.tg4.ie\/en\/#website"},"primaryImageOfPage":{"@id":"https:\/\/dev.tg4.ie\/en\/information\/press\/press-releases\/2022-2\/end-of-tenure-for-five-of-tg4-board-members-including-tg4-chairperson\/#primaryimage"},"image":{"@id":"https:\/\/dev.tg4.ie\/en\/information\/press\/press-releases\/2022-2\/end-of-tenure-for-five-of-tg4-board-members-including-tg4-chairperson\/#primaryimage"},"thumbnailUrl":"https:\/\/dev.tg4.ie\/wp-content\/uploads\/2022\/04\/Comhaltai_Boird_ag_criochnu_22_1-1920x1080-1.jpg","datePublished":"2022-04-29T10:08:06+00:00","dateModified":"2022-04-29T10:08:06+00:00","description":"The tenure of five members of TG4's Board came to an end on April 16th. The five members are TG4 Board Chairperson, Si\u00fan N\u00ed Raghallaigh, Des Geraghty, Michelle N\u00ed Chr\u00f3in\u00edn, Mair\u00e9ad N\u00ed Cheoin\u00edn and Miche\u00e1l Seoighe. The members all served two five-year terms on the TG4 Board.","breadcrumb":{"@id":"https:\/\/dev.tg4.ie\/en\/information\/press\/press-releases\/2022-2\/end-of-tenure-for-five-of-tg4-board-members-including-tg4-chairperson\/#breadcrumb"},"inLanguage":"en-ie","potentialAction":[{"@type":"ReadAction","target":["https:\/\/dev.tg4.ie\/en\/information\/press\/press-releases\/2022-2\/end-of-tenure-for-five-of-tg4-board-members-including-tg4-chairperson\/"]}]},{"@type":"ImageObject","inLanguage":"en-ie","@id":"https:\/\/dev.tg4.ie\/en\/information\/press\/press-releases\/2022-2\/end-of-tenure-for-five-of-tg4-board-members-including-tg4-chairperson\/#primaryimage","url":"https:\/\/dev.tg4.ie\/wp-content\/uploads\/2022\/04\/Comhaltai_Boird_ag_criochnu_22_1-1920x1080-1.jpg","contentUrl":"https:\/\/dev.tg4.ie\/wp-content\/uploads\/2022\/04\/Comhaltai_Boird_ag_criochnu_22_1-1920x1080-1.jpg"},{"@type":"BreadcrumbList","@id":"https:\/\/dev.tg4.ie\/en\/information\/press\/press-releases\/2022-2\/end-of-tenure-for-five-of-tg4-board-members-including-tg4-chairperson\/#breadcrumb","itemListElement":[{"@type":"ListItem","position":1,"name":"Home","item":"https:\/\/dev.tg4.ie\/en\/"},{"@type":"ListItem","position":2,"name":"Information","item":"https:\/\/dev.tg4.ie\/en\/information\/"},{"@type":"ListItem","position":3,"name":"Press","item":"https:\/\/dev.tg4.ie\/en\/information\/press\/"},{"@type":"ListItem","position":4,"name":"Press Releases","item":"https:\/\/dev.tg4.ie\/en\/information\/press\/press-releases\/"},{"@type":"ListItem","position":5,"name":"2022","item":"https:\/\/dev.tg4.ie\/en\/information\/press\/press-releases\/2022-2\/"},{"@type":"ListItem","position":6,"name":"End of tenure for five of TG4 Board members including TG4 Chairperson"}]},{"@type":"WebSite","@id":"https:\/\/dev.tg4.ie\/en\/#website","url":"https:\/\/dev.tg4.ie\/en\/","name":"TG4","description":"S\u00fail Eile","potentialAction":[{"@type":"SearchAction","target":{"@type":"EntryPoint","urlTemplate":"https:\/\/dev.tg4.ie\/en\/?s={search_term_string}"},"query-input":"required name=search_term_string"}],"inLanguage":"en-ie"}]}},"_links":{"self":[{"href":"https:\/\/dev.tg4.ie\/en\/wp-json\/wp\/v2\/pages\/146294"}],"collection":[{"href":"https:\/\/dev.tg4.ie\/en\/wp-json\/wp\/v2\/pages"}],"about":[{"href":"https:\/\/dev.tg4.ie\/en\/wp-json\/wp\/v2\/types\/page"}],"author":[{"embeddable":true,"href":"https:\/\/dev.tg4.ie\/en\/wp-json\/wp\/v2\/users\/876"}],"replies":[{"embeddable":true,"href":"https:\/\/dev.tg4.ie\/en\/wp-json\/wp\/v2\/comments?post=146294"}],"version-history":[{"count":0,"href":"https:\/\/dev.tg4.ie\/en\/wp-json\/wp\/v2\/pages\/146294\/revisions"}],"up":[{"embeddable":true,"href":"https:\/\/dev.tg4.ie\/en\/wp-json\/wp\/v2\/pages\/138173"}],"wp:attachment":[{"href":"https:\/\/dev.tg4.ie\/en\/wp-json\/wp\/v2\/media?parent=146294"}],"curies":[{"name":"wp","href":"https:\/\/api.w.org\/{rel}","templated":true}]}}