{"id":1463,"date":"2015-08-19T15:07:54","date_gmt":"2015-08-19T14:07:54","guid":{"rendered":"https:\/\/dev.tg4.ie\/?page_id=1463"},"modified":"2019-06-25T10:59:00","modified_gmt":"2019-06-25T09:59:00","slug":"26-01-15","status":"publish","type":"page","link":"https:\/\/dev.tg4.ie\/en\/information\/press\/press-releases\/2015-2\/26-01-15\/","title":{"rendered":"26.01.15"},"content":{"rendered":"<p>Each of the 10 new programmes in the new season contains an extended interview with the subject, archive footage of his\/her finest hour on the pitch and an assessment from friends, rivals and team-mates.\u00a0 Those profiled in new series are:<\/p>\n<p><b>Liam McHale<\/b>\u00a0(Mayo footballer),\u00a0<b>Ciar\u00e1n Carey<\/b>\u00a0 (Limerick hurler),\u00a0<b>Jamsie O\u2019Connor\u00a0<\/b>(Clare hurler),\u00a0<b>Niamh Kindlon\u00a0<\/b>(Monaghan Ladies\u2019 footballer),\u00a0<b>Fan and Philly Larkin\u00a0<\/b>(Kilkenny hurlers),\u00a0<b>Brendan Cummins\u00a0<\/b>(Tipperary hurler),\u00a0<b>Barney Rock<\/b>\u00a0 (Dublin footballer), \u00a0<b>Ogie Moran\u00a0<\/b>(Kerry footballer),\u00a0<b>Michael Duignan<\/b>\u00a0(Offaly hurler) and\u00a0<b>Ryan McMenamin\u00a0<\/b>(Tyrone footballer).\u00a0 (Details of each player and transmission dates below).<\/p>\n<p>As well as the players featured in each programme, there are contributions from team mates and opponents including amongst many others;\u00a0<i>Mickey Harte, Eoin Kelly, Brian Whelahan, Tommy Drumm,\u00a0 \u00c9amon Cregan, Se\u00e1n McMahon, John Maughan, Tom Ryan, D\u00f3nal O\u2019Grady, Dara \u00d3 Cinn\u00e9ide\u00a0<\/i>and\u00a0<i>Joe Hennessey.<\/i><\/p>\n<p><i><\/i>The series is produced for TG4 by Nemeton, the independent TV production company based in Ring in the Waterford Gaeltacht.<\/p>\n<p>TG4 Ardsti\u00farth\u00f3ir, P\u00f3l \u00d3 Gallch\u00f3ir, commented: \u00a0\u201cTo date, the 12 series of\u00a0<i>Laochra Gael<\/i>\u00a0have provided us with profiles of over 100 legendary hurlers, footballers and handballers, creating an invaluable archive of content for present and future generations of Gaelic games fans to savour and store.\u00a0 The new series adds to that treasure trove and will doubtless be required viewing for all followers of our native games. \u201d<\/p>\n<p><b><i>Laochra Gael &#8211;\u00a0<\/i><\/b><b>TG4 &#8211; 8pm, Tuesdays from 3<sup>rd\u00a0<\/sup>February<\/b><\/p>\n<p><b>(Repeat on Sunday evening, just after\u00a0GAA Beo)<\/b><\/p>\n","protected":false},"excerpt":{"rendered":"<p>Each of the 10 new programmes in the new season contains an extended interview with the subject, archive footage of his\/her finest hour on the pitch and an assessment from friends, rivals and team-mates.\u00a0 Those profiled in new series are: Liam McHale\u00a0(Mayo footballer),\u00a0Ciar\u00e1n Carey\u00a0 (Limerick hurler),\u00a0Jamsie O\u2019Connor\u00a0(Clare hurler),\u00a0Niamh Kindlon\u00a0(Monaghan Ladies\u2019 footballer),\u00a0Fan and Philly Larkin\u00a0(Kilkenny hurlers),\u00a0Brendan [&hellip;]<\/p>\n","protected":false},"author":6,"featured_media":1461,"parent":984,"menu_order":1,"comment_status":"closed","ping_status":"closed","template":"page-templates\/template-pr.php","meta":{"_acf_changed":false,"footnotes":""},"acf":[],"yoast_head":"<!-- This site is optimized with the Yoast SEO plugin v22.6 - https:\/\/yoast.com\/wordpress\/plugins\/seo\/ -->\n<title>26.01.15 - TG4<\/title>\n<meta name=\"robots\" content=\"index, follow, max-snippet:-1, max-image-preview:large, max-video-preview:-1\" \/>\n<meta property=\"og:locale\" content=\"en_US\" \/>\n<meta property=\"og:type\" content=\"article\" \/>\n<meta property=\"og:title\" content=\"26.01.15 - TG4\" \/>\n<meta property=\"og:description\" content=\"Each of the 10 new programmes in the new season contains an extended interview with the subject, archive footage of his\/her finest hour on the pitch and an assessment from friends, rivals and team-mates.\u00a0 Those profiled in new series are: Liam McHale\u00a0(Mayo footballer),\u00a0Ciar\u00e1n Carey\u00a0 (Limerick hurler),\u00a0Jamsie O\u2019Connor\u00a0(Clare hurler),\u00a0Niamh Kindlon\u00a0(Monaghan Ladies\u2019 footballer),\u00a0Fan and Philly Larkin\u00a0(Kilkenny hurlers),\u00a0Brendan [&hellip;]\" \/>\n<meta property=\"og:url\" content=\"https:\/\/dev.tg4.ie\/en\/information\/press\/press-releases\/2015-2\/26-01-15\/\" \/>\n<meta property=\"og:site_name\" content=\"TG4\" \/>\n<meta property=\"article:publisher\" content=\"https:\/\/www.facebook.com\/TG4TV\" \/>\n<meta property=\"article:modified_time\" content=\"2019-06-25T09:59:00+00:00\" \/>\n<meta property=\"og:image\" content=\"https:\/\/tg4-docs.s3.amazonaws.com\/tg4-redesign-2015\/wp-content\/uploads\/2015\/08\/LaochraGael-13-7.jpg\" \/>\n\t<meta property=\"og:image:width\" content=\"1920\" \/>\n\t<meta property=\"og:image:height\" content=\"1080\" \/>\n\t<meta property=\"og:image:type\" content=\"image\/jpeg\" \/>\n<meta name=\"twitter:card\" content=\"summary_large_image\" \/>\n<meta name=\"twitter:site\" content=\"@TG4TV\" \/>\n<meta name=\"twitter:label1\" content=\"Est. reading time\" \/>\n\t<meta name=\"twitter:data1\" content=\"1 minute\" \/>\n<script type=\"application\/ld+json\" class=\"yoast-schema-graph\">{\"@context\":\"https:\/\/schema.org\",\"@graph\":[{\"@type\":\"WebPage\",\"@id\":\"https:\/\/dev.tg4.ie\/en\/information\/press\/press-releases\/2015-2\/26-01-15\/\",\"url\":\"https:\/\/dev.tg4.ie\/en\/information\/press\/press-releases\/2015-2\/26-01-15\/\",\"name\":\"26.01.15 - TG4\",\"isPartOf\":{\"@id\":\"https:\/\/dev.tg4.ie\/en\/#website\"},\"primaryImageOfPage\":{\"@id\":\"https:\/\/dev.tg4.ie\/en\/information\/press\/press-releases\/2015-2\/26-01-15\/#primaryimage\"},\"image\":{\"@id\":\"https:\/\/dev.tg4.ie\/en\/information\/press\/press-releases\/2015-2\/26-01-15\/#primaryimage\"},\"thumbnailUrl\":\"https:\/\/tg4-docs.s3.amazonaws.com\/tg4-redesign-2015\/wp-content\/uploads\/2015\/08\/LaochraGael-13-7.jpg\",\"datePublished\":\"2015-08-19T14:07:54+00:00\",\"dateModified\":\"2019-06-25T09:59:00+00:00\",\"breadcrumb\":{\"@id\":\"https:\/\/dev.tg4.ie\/en\/information\/press\/press-releases\/2015-2\/26-01-15\/#breadcrumb\"},\"inLanguage\":\"en-ie\",\"potentialAction\":[{\"@type\":\"ReadAction\",\"target\":[\"https:\/\/dev.tg4.ie\/en\/information\/press\/press-releases\/2015-2\/26-01-15\/\"]}]},{\"@type\":\"ImageObject\",\"inLanguage\":\"en-ie\",\"@id\":\"https:\/\/dev.tg4.ie\/en\/information\/press\/press-releases\/2015-2\/26-01-15\/#primaryimage\",\"url\":\"https:\/\/tg4-docs.s3.amazonaws.com\/tg4-redesign-2015\/wp-content\/uploads\/2015\/08\/LaochraGael-13-7.jpg\",\"contentUrl\":\"https:\/\/tg4-docs.s3.amazonaws.com\/tg4-redesign-2015\/wp-content\/uploads\/2015\/08\/LaochraGael-13-7.jpg\",\"width\":1920,\"height\":1080},{\"@type\":\"BreadcrumbList\",\"@id\":\"https:\/\/dev.tg4.ie\/en\/information\/press\/press-releases\/2015-2\/26-01-15\/#breadcrumb\",\"itemListElement\":[{\"@type\":\"ListItem\",\"position\":1,\"name\":\"Home\",\"item\":\"https:\/\/dev.tg4.ie\/en\/\"},{\"@type\":\"ListItem\",\"position\":2,\"name\":\"Information\",\"item\":\"https:\/\/dev.tg4.ie\/en\/information\/\"},{\"@type\":\"ListItem\",\"position\":3,\"name\":\"Press\",\"item\":\"https:\/\/dev.tg4.ie\/en\/information\/press\/\"},{\"@type\":\"ListItem\",\"position\":4,\"name\":\"Press Releases\",\"item\":\"https:\/\/dev.tg4.ie\/en\/information\/press\/press-releases\/\"},{\"@type\":\"ListItem\",\"position\":5,\"name\":\"2015\",\"item\":\"https:\/\/dev.tg4.ie\/en\/information\/press\/press-releases\/2015-2\/\"},{\"@type\":\"ListItem\",\"position\":6,\"name\":\"26.01.15\"}]},{\"@type\":\"WebSite\",\"@id\":\"https:\/\/dev.tg4.ie\/en\/#website\",\"url\":\"https:\/\/dev.tg4.ie\/en\/\",\"name\":\"TG4\",\"description\":\"S\u00fail Eile\",\"potentialAction\":[{\"@type\":\"SearchAction\",\"target\":{\"@type\":\"EntryPoint\",\"urlTemplate\":\"https:\/\/dev.tg4.ie\/en\/?s={search_term_string}\"},\"query-input\":\"required name=search_term_string\"}],\"inLanguage\":\"en-ie\"}]}<\/script>\n<!-- \/ Yoast SEO plugin. -->","yoast_head_json":{"title":"26.01.15 - TG4","robots":{"index":"index","follow":"follow","max-snippet":"max-snippet:-1","max-image-preview":"max-image-preview:large","max-video-preview":"max-video-preview:-1"},"og_locale":"en_US","og_type":"article","og_title":"26.01.15 - TG4","og_description":"Each of the 10 new programmes in the new season contains an extended interview with the subject, archive footage of his\/her finest hour on the pitch and an assessment from friends, rivals and team-mates.\u00a0 Those profiled in new series are: Liam McHale\u00a0(Mayo footballer),\u00a0Ciar\u00e1n Carey\u00a0 (Limerick hurler),\u00a0Jamsie O\u2019Connor\u00a0(Clare hurler),\u00a0Niamh Kindlon\u00a0(Monaghan Ladies\u2019 footballer),\u00a0Fan and Philly Larkin\u00a0(Kilkenny hurlers),\u00a0Brendan [&hellip;]","og_url":"https:\/\/dev.tg4.ie\/en\/information\/press\/press-releases\/2015-2\/26-01-15\/","og_site_name":"TG4","article_publisher":"https:\/\/www.facebook.com\/TG4TV","article_modified_time":"2019-06-25T09:59:00+00:00","og_image":[{"width":1920,"height":1080,"url":"https:\/\/tg4-docs.s3.amazonaws.com\/tg4-redesign-2015\/wp-content\/uploads\/2015\/08\/LaochraGael-13-7.jpg","type":"image\/jpeg"}],"twitter_card":"summary_large_image","twitter_site":"@TG4TV","twitter_misc":{"Est. reading time":"1 minute"},"schema":{"@context":"https:\/\/schema.org","@graph":[{"@type":"WebPage","@id":"https:\/\/dev.tg4.ie\/en\/information\/press\/press-releases\/2015-2\/26-01-15\/","url":"https:\/\/dev.tg4.ie\/en\/information\/press\/press-releases\/2015-2\/26-01-15\/","name":"26.01.15 - TG4","isPartOf":{"@id":"https:\/\/dev.tg4.ie\/en\/#website"},"primaryImageOfPage":{"@id":"https:\/\/dev.tg4.ie\/en\/information\/press\/press-releases\/2015-2\/26-01-15\/#primaryimage"},"image":{"@id":"https:\/\/dev.tg4.ie\/en\/information\/press\/press-releases\/2015-2\/26-01-15\/#primaryimage"},"thumbnailUrl":"https:\/\/tg4-docs.s3.amazonaws.com\/tg4-redesign-2015\/wp-content\/uploads\/2015\/08\/LaochraGael-13-7.jpg","datePublished":"2015-08-19T14:07:54+00:00","dateModified":"2019-06-25T09:59:00+00:00","breadcrumb":{"@id":"https:\/\/dev.tg4.ie\/en\/information\/press\/press-releases\/2015-2\/26-01-15\/#breadcrumb"},"inLanguage":"en-ie","potentialAction":[{"@type":"ReadAction","target":["https:\/\/dev.tg4.ie\/en\/information\/press\/press-releases\/2015-2\/26-01-15\/"]}]},{"@type":"ImageObject","inLanguage":"en-ie","@id":"https:\/\/dev.tg4.ie\/en\/information\/press\/press-releases\/2015-2\/26-01-15\/#primaryimage","url":"https:\/\/tg4-docs.s3.amazonaws.com\/tg4-redesign-2015\/wp-content\/uploads\/2015\/08\/LaochraGael-13-7.jpg","contentUrl":"https:\/\/tg4-docs.s3.amazonaws.com\/tg4-redesign-2015\/wp-content\/uploads\/2015\/08\/LaochraGael-13-7.jpg","width":1920,"height":1080},{"@type":"BreadcrumbList","@id":"https:\/\/dev.tg4.ie\/en\/information\/press\/press-releases\/2015-2\/26-01-15\/#breadcrumb","itemListElement":[{"@type":"ListItem","position":1,"name":"Home","item":"https:\/\/dev.tg4.ie\/en\/"},{"@type":"ListItem","position":2,"name":"Information","item":"https:\/\/dev.tg4.ie\/en\/information\/"},{"@type":"ListItem","position":3,"name":"Press","item":"https:\/\/dev.tg4.ie\/en\/information\/press\/"},{"@type":"ListItem","position":4,"name":"Press Releases","item":"https:\/\/dev.tg4.ie\/en\/information\/press\/press-releases\/"},{"@type":"ListItem","position":5,"name":"2015","item":"https:\/\/dev.tg4.ie\/en\/information\/press\/press-releases\/2015-2\/"},{"@type":"ListItem","position":6,"name":"26.01.15"}]},{"@type":"WebSite","@id":"https:\/\/dev.tg4.ie\/en\/#website","url":"https:\/\/dev.tg4.ie\/en\/","name":"TG4","description":"S\u00fail Eile","potentialAction":[{"@type":"SearchAction","target":{"@type":"EntryPoint","urlTemplate":"https:\/\/dev.tg4.ie\/en\/?s={search_term_string}"},"query-input":"required name=search_term_string"}],"inLanguage":"en-ie"}]}},"_links":{"self":[{"href":"https:\/\/dev.tg4.ie\/en\/wp-json\/wp\/v2\/pages\/1463"}],"collection":[{"href":"https:\/\/dev.tg4.ie\/en\/wp-json\/wp\/v2\/pages"}],"about":[{"href":"https:\/\/dev.tg4.ie\/en\/wp-json\/wp\/v2\/types\/page"}],"author":[{"embeddable":true,"href":"https:\/\/dev.tg4.ie\/en\/wp-json\/wp\/v2\/users\/6"}],"replies":[{"embeddable":true,"href":"https:\/\/dev.tg4.ie\/en\/wp-json\/wp\/v2\/comments?post=1463"}],"version-history":[{"count":0,"href":"https:\/\/dev.tg4.ie\/en\/wp-json\/wp\/v2\/pages\/1463\/revisions"}],"up":[{"embeddable":true,"href":"https:\/\/dev.tg4.ie\/en\/wp-json\/wp\/v2\/pages\/984"}],"wp:featuredmedia":[{"embeddable":true,"href":"https:\/\/dev.tg4.ie\/en\/wp-json\/wp\/v2\/media\/1461"}],"wp:attachment":[{"href":"https:\/\/dev.tg4.ie\/en\/wp-json\/wp\/v2\/media?parent=1463"}],"curies":[{"name":"wp","href":"https:\/\/api.w.org\/{rel}","templated":true}]}}