{"id":1467,"date":"2015-08-19T15:23:39","date_gmt":"2015-08-19T14:23:39","guid":{"rendered":"https:\/\/dev.tg4.ie\/?page_id=1467"},"modified":"2019-06-25T11:00:36","modified_gmt":"2019-06-25T10:00:36","slug":"20-01-15","status":"publish","type":"page","link":"https:\/\/dev.tg4.ie\/en\/information\/press\/press-releases\/2015-2\/20-01-15\/","title":{"rendered":"20.01.15"},"content":{"rendered":"<p>Live coverage on <i>GAA Beo<\/i> begins on Sunday 1 February at 1:30pm with a much-awaited fixture which sees a repeat of last year\u2019s All-Ireland Football Semi-Final as<b> Kerry <\/b>take on<b> Mayo<\/b> in Fitzgerald Stadium, Killarney. (The full list of matches included below).<\/p>\n<p>TG4\u2019s acclaimed Gaelic Games coverage continues throughout Spring \u00a0with a veritable feast of exclusive live and deferred coverage from all the main competitions, including the <b>Allianz Football and Hurling Leagues, AIB All Ireland Club Hurling &amp; Football Championships, All-Ireland Under 21 Football Championship, Independent.ie Sigerson &amp; Fitzgibbon Cup Finals, Masita Post Primary Schools Senior Finals, O\u2019Connor Cup Final and the Tesco Ladies National Football League Finals<\/b>.<\/p>\n<p><i>GAA Beo<\/i> is presented by Miche\u00e1l \u00d3 Domhnaill and the weekly coverage will also include extended highlights from the Saturday evening Allianz League matches.<\/p>\n<p>Viewers will also get the opportunity to see all of the weekend&#8217;s action with highlights on TG4 each Monday evening on <i>GAA 2015<\/i> at 8.30pm. This popular hour long weekly highlights programme will feature action from all of the weekend\u2019s top matches.<\/p>\n<p>TG4\u2019s R\u00f3n\u00e1n \u00d3 Coisdealbha said: \u201cAs the days lengthen and following the mid-winter break, followers of Gaelic games are looking forward to the resumption of action at club, colleges and inter-county levels. We\u2019ve put together a mouth-watering package of coverage across the full range of all these competitions. As teams gear up and managers assess their playing squads, it is a time for the discerning viewer to see how his\/her favourite team has wintered and is prepared for the new season. There will be fun and games. Our selection of Allianz matches to be covered in the later League rounds will be based on how the points table is shaping up.\u201d<\/p>\n","protected":false},"excerpt":{"rendered":"<p>Live coverage on GAA Beo begins on Sunday 1 February at 1:30pm with a much-awaited fixture which sees a repeat of last year\u2019s All-Ireland Football Semi-Final as Kerry take on Mayo in Fitzgerald Stadium, Killarney. (The full list of matches included below). TG4\u2019s acclaimed Gaelic Games coverage continues throughout Spring \u00a0with a veritable feast of [&hellip;]<\/p>\n","protected":false},"author":6,"featured_media":1468,"parent":984,"menu_order":0,"comment_status":"closed","ping_status":"closed","template":"page-templates\/template-pr.php","meta":{"_acf_changed":false,"footnotes":""},"acf":[],"yoast_head":"<!-- This site is optimized with the Yoast SEO plugin v22.6 - https:\/\/yoast.com\/wordpress\/plugins\/seo\/ -->\n<title>20.01.15 - TG4<\/title>\n<meta name=\"robots\" content=\"index, follow, max-snippet:-1, max-image-preview:large, max-video-preview:-1\" \/>\n<meta property=\"og:locale\" content=\"en_US\" \/>\n<meta property=\"og:type\" content=\"article\" \/>\n<meta property=\"og:title\" content=\"20.01.15 - TG4\" \/>\n<meta property=\"og:description\" content=\"Live coverage on GAA Beo begins on Sunday 1 February at 1:30pm with a much-awaited fixture which sees a repeat of last year\u2019s All-Ireland Football Semi-Final as Kerry take on Mayo in Fitzgerald Stadium, Killarney. (The full list of matches included below). TG4\u2019s acclaimed Gaelic Games coverage continues throughout Spring \u00a0with a veritable feast of [&hellip;]\" \/>\n<meta property=\"og:url\" content=\"https:\/\/dev.tg4.ie\/en\/information\/press\/press-releases\/2015-2\/20-01-15\/\" \/>\n<meta property=\"og:site_name\" content=\"TG4\" \/>\n<meta property=\"article:publisher\" content=\"https:\/\/www.facebook.com\/TG4TV\" \/>\n<meta property=\"article:modified_time\" content=\"2019-06-25T10:00:36+00:00\" \/>\n<meta property=\"og:image\" content=\"https:\/\/tg4-docs.s3.amazonaws.com\/tg4-redesign-2015\/wp-content\/uploads\/2015\/08\/GAA_Peil.jpg\" \/>\n\t<meta property=\"og:image:width\" content=\"1920\" \/>\n\t<meta property=\"og:image:height\" content=\"1080\" \/>\n\t<meta property=\"og:image:type\" content=\"image\/jpeg\" \/>\n<meta name=\"twitter:card\" content=\"summary_large_image\" \/>\n<meta name=\"twitter:site\" content=\"@TG4TV\" \/>\n<meta name=\"twitter:label1\" content=\"Est. reading time\" \/>\n\t<meta name=\"twitter:data1\" content=\"1 minute\" \/>\n<script type=\"application\/ld+json\" class=\"yoast-schema-graph\">{\"@context\":\"https:\/\/schema.org\",\"@graph\":[{\"@type\":\"WebPage\",\"@id\":\"https:\/\/dev.tg4.ie\/en\/information\/press\/press-releases\/2015-2\/20-01-15\/\",\"url\":\"https:\/\/dev.tg4.ie\/en\/information\/press\/press-releases\/2015-2\/20-01-15\/\",\"name\":\"20.01.15 - TG4\",\"isPartOf\":{\"@id\":\"https:\/\/dev.tg4.ie\/en\/#website\"},\"primaryImageOfPage\":{\"@id\":\"https:\/\/dev.tg4.ie\/en\/information\/press\/press-releases\/2015-2\/20-01-15\/#primaryimage\"},\"image\":{\"@id\":\"https:\/\/dev.tg4.ie\/en\/information\/press\/press-releases\/2015-2\/20-01-15\/#primaryimage\"},\"thumbnailUrl\":\"https:\/\/tg4-docs.s3.amazonaws.com\/tg4-redesign-2015\/wp-content\/uploads\/2015\/08\/GAA_Peil.jpg\",\"datePublished\":\"2015-08-19T14:23:39+00:00\",\"dateModified\":\"2019-06-25T10:00:36+00:00\",\"breadcrumb\":{\"@id\":\"https:\/\/dev.tg4.ie\/en\/information\/press\/press-releases\/2015-2\/20-01-15\/#breadcrumb\"},\"inLanguage\":\"en-ie\",\"potentialAction\":[{\"@type\":\"ReadAction\",\"target\":[\"https:\/\/dev.tg4.ie\/en\/information\/press\/press-releases\/2015-2\/20-01-15\/\"]}]},{\"@type\":\"ImageObject\",\"inLanguage\":\"en-ie\",\"@id\":\"https:\/\/dev.tg4.ie\/en\/information\/press\/press-releases\/2015-2\/20-01-15\/#primaryimage\",\"url\":\"https:\/\/tg4-docs.s3.amazonaws.com\/tg4-redesign-2015\/wp-content\/uploads\/2015\/08\/GAA_Peil.jpg\",\"contentUrl\":\"https:\/\/tg4-docs.s3.amazonaws.com\/tg4-redesign-2015\/wp-content\/uploads\/2015\/08\/GAA_Peil.jpg\",\"width\":1920,\"height\":1080,\"caption\":\"GAA Peil\"},{\"@type\":\"BreadcrumbList\",\"@id\":\"https:\/\/dev.tg4.ie\/en\/information\/press\/press-releases\/2015-2\/20-01-15\/#breadcrumb\",\"itemListElement\":[{\"@type\":\"ListItem\",\"position\":1,\"name\":\"Home\",\"item\":\"https:\/\/dev.tg4.ie\/en\/\"},{\"@type\":\"ListItem\",\"position\":2,\"name\":\"Information\",\"item\":\"https:\/\/dev.tg4.ie\/en\/information\/\"},{\"@type\":\"ListItem\",\"position\":3,\"name\":\"Press\",\"item\":\"https:\/\/dev.tg4.ie\/en\/information\/press\/\"},{\"@type\":\"ListItem\",\"position\":4,\"name\":\"Press Releases\",\"item\":\"https:\/\/dev.tg4.ie\/en\/information\/press\/press-releases\/\"},{\"@type\":\"ListItem\",\"position\":5,\"name\":\"2015\",\"item\":\"https:\/\/dev.tg4.ie\/en\/information\/press\/press-releases\/2015-2\/\"},{\"@type\":\"ListItem\",\"position\":6,\"name\":\"20.01.15\"}]},{\"@type\":\"WebSite\",\"@id\":\"https:\/\/dev.tg4.ie\/en\/#website\",\"url\":\"https:\/\/dev.tg4.ie\/en\/\",\"name\":\"TG4\",\"description\":\"S\u00fail Eile\",\"potentialAction\":[{\"@type\":\"SearchAction\",\"target\":{\"@type\":\"EntryPoint\",\"urlTemplate\":\"https:\/\/dev.tg4.ie\/en\/?s={search_term_string}\"},\"query-input\":\"required name=search_term_string\"}],\"inLanguage\":\"en-ie\"}]}<\/script>\n<!-- \/ Yoast SEO plugin. -->","yoast_head_json":{"title":"20.01.15 - TG4","robots":{"index":"index","follow":"follow","max-snippet":"max-snippet:-1","max-image-preview":"max-image-preview:large","max-video-preview":"max-video-preview:-1"},"og_locale":"en_US","og_type":"article","og_title":"20.01.15 - TG4","og_description":"Live coverage on GAA Beo begins on Sunday 1 February at 1:30pm with a much-awaited fixture which sees a repeat of last year\u2019s All-Ireland Football Semi-Final as Kerry take on Mayo in Fitzgerald Stadium, Killarney. (The full list of matches included below). TG4\u2019s acclaimed Gaelic Games coverage continues throughout Spring \u00a0with a veritable feast of [&hellip;]","og_url":"https:\/\/dev.tg4.ie\/en\/information\/press\/press-releases\/2015-2\/20-01-15\/","og_site_name":"TG4","article_publisher":"https:\/\/www.facebook.com\/TG4TV","article_modified_time":"2019-06-25T10:00:36+00:00","og_image":[{"width":1920,"height":1080,"url":"https:\/\/tg4-docs.s3.amazonaws.com\/tg4-redesign-2015\/wp-content\/uploads\/2015\/08\/GAA_Peil.jpg","type":"image\/jpeg"}],"twitter_card":"summary_large_image","twitter_site":"@TG4TV","twitter_misc":{"Est. reading time":"1 minute"},"schema":{"@context":"https:\/\/schema.org","@graph":[{"@type":"WebPage","@id":"https:\/\/dev.tg4.ie\/en\/information\/press\/press-releases\/2015-2\/20-01-15\/","url":"https:\/\/dev.tg4.ie\/en\/information\/press\/press-releases\/2015-2\/20-01-15\/","name":"20.01.15 - TG4","isPartOf":{"@id":"https:\/\/dev.tg4.ie\/en\/#website"},"primaryImageOfPage":{"@id":"https:\/\/dev.tg4.ie\/en\/information\/press\/press-releases\/2015-2\/20-01-15\/#primaryimage"},"image":{"@id":"https:\/\/dev.tg4.ie\/en\/information\/press\/press-releases\/2015-2\/20-01-15\/#primaryimage"},"thumbnailUrl":"https:\/\/tg4-docs.s3.amazonaws.com\/tg4-redesign-2015\/wp-content\/uploads\/2015\/08\/GAA_Peil.jpg","datePublished":"2015-08-19T14:23:39+00:00","dateModified":"2019-06-25T10:00:36+00:00","breadcrumb":{"@id":"https:\/\/dev.tg4.ie\/en\/information\/press\/press-releases\/2015-2\/20-01-15\/#breadcrumb"},"inLanguage":"en-ie","potentialAction":[{"@type":"ReadAction","target":["https:\/\/dev.tg4.ie\/en\/information\/press\/press-releases\/2015-2\/20-01-15\/"]}]},{"@type":"ImageObject","inLanguage":"en-ie","@id":"https:\/\/dev.tg4.ie\/en\/information\/press\/press-releases\/2015-2\/20-01-15\/#primaryimage","url":"https:\/\/tg4-docs.s3.amazonaws.com\/tg4-redesign-2015\/wp-content\/uploads\/2015\/08\/GAA_Peil.jpg","contentUrl":"https:\/\/tg4-docs.s3.amazonaws.com\/tg4-redesign-2015\/wp-content\/uploads\/2015\/08\/GAA_Peil.jpg","width":1920,"height":1080,"caption":"GAA Peil"},{"@type":"BreadcrumbList","@id":"https:\/\/dev.tg4.ie\/en\/information\/press\/press-releases\/2015-2\/20-01-15\/#breadcrumb","itemListElement":[{"@type":"ListItem","position":1,"name":"Home","item":"https:\/\/dev.tg4.ie\/en\/"},{"@type":"ListItem","position":2,"name":"Information","item":"https:\/\/dev.tg4.ie\/en\/information\/"},{"@type":"ListItem","position":3,"name":"Press","item":"https:\/\/dev.tg4.ie\/en\/information\/press\/"},{"@type":"ListItem","position":4,"name":"Press Releases","item":"https:\/\/dev.tg4.ie\/en\/information\/press\/press-releases\/"},{"@type":"ListItem","position":5,"name":"2015","item":"https:\/\/dev.tg4.ie\/en\/information\/press\/press-releases\/2015-2\/"},{"@type":"ListItem","position":6,"name":"20.01.15"}]},{"@type":"WebSite","@id":"https:\/\/dev.tg4.ie\/en\/#website","url":"https:\/\/dev.tg4.ie\/en\/","name":"TG4","description":"S\u00fail Eile","potentialAction":[{"@type":"SearchAction","target":{"@type":"EntryPoint","urlTemplate":"https:\/\/dev.tg4.ie\/en\/?s={search_term_string}"},"query-input":"required name=search_term_string"}],"inLanguage":"en-ie"}]}},"_links":{"self":[{"href":"https:\/\/dev.tg4.ie\/en\/wp-json\/wp\/v2\/pages\/1467"}],"collection":[{"href":"https:\/\/dev.tg4.ie\/en\/wp-json\/wp\/v2\/pages"}],"about":[{"href":"https:\/\/dev.tg4.ie\/en\/wp-json\/wp\/v2\/types\/page"}],"author":[{"embeddable":true,"href":"https:\/\/dev.tg4.ie\/en\/wp-json\/wp\/v2\/users\/6"}],"replies":[{"embeddable":true,"href":"https:\/\/dev.tg4.ie\/en\/wp-json\/wp\/v2\/comments?post=1467"}],"version-history":[{"count":0,"href":"https:\/\/dev.tg4.ie\/en\/wp-json\/wp\/v2\/pages\/1467\/revisions"}],"up":[{"embeddable":true,"href":"https:\/\/dev.tg4.ie\/en\/wp-json\/wp\/v2\/pages\/984"}],"wp:featuredmedia":[{"embeddable":true,"href":"https:\/\/dev.tg4.ie\/en\/wp-json\/wp\/v2\/media\/1468"}],"wp:attachment":[{"href":"https:\/\/dev.tg4.ie\/en\/wp-json\/wp\/v2\/media?parent=1467"}],"curies":[{"name":"wp","href":"https:\/\/api.w.org\/{rel}","templated":true}]}}