{"id":148096,"date":"2022-05-11T11:22:37","date_gmt":"2022-05-11T10:22:37","guid":{"rendered":"https:\/\/dev.tg4.ie\/?page_id=148096"},"modified":"2022-05-11T11:22:37","modified_gmt":"2022-05-11T10:22:37","slug":"vacancies-for-three-candidates-on-the-tg4-board-announced-by-stateboards-ie","status":"publish","type":"page","link":"https:\/\/dev.tg4.ie\/en\/information\/press\/press-releases\/2022-2\/vacancies-for-three-candidates-on-the-tg4-board-announced-by-stateboards-ie\/","title":{"rendered":"Vacancies for three candidates on the TG4 Board announced by Stateboards.ie"},"content":{"rendered":"<p><img loading=\"lazy\" decoding=\"async\" width=\"1920\" height=\"1080\" src=\"https:\/\/tg4-docs.s3.amazonaws.com\/wp-content\/uploads\/2022\/05\/11111735\/Foluntais_Bord_TG4_2022_1-1920x1080-1.jpg\" alt=\"\" class=\"alignleft size-full wp-image-148093\" srcset=\"https:\/\/tg4-docs.s3.amazonaws.com\/wp-content\/uploads\/2022\/05\/11111735\/Foluntais_Bord_TG4_2022_1-1920x1080-1.jpg 1920w, https:\/\/tg4-docs.s3.amazonaws.com\/wp-content\/uploads\/2022\/05\/11111735\/Foluntais_Bord_TG4_2022_1-1920x1080-1-250x141.jpg 250w, https:\/\/tg4-docs.s3.amazonaws.com\/wp-content\/uploads\/2022\/05\/11111735\/Foluntais_Bord_TG4_2022_1-1920x1080-1-700x394.jpg 700w, https:\/\/tg4-docs.s3.amazonaws.com\/wp-content\/uploads\/2022\/05\/11111735\/Foluntais_Bord_TG4_2022_1-1920x1080-1-252x141.jpg 252w, https:\/\/tg4-docs.s3.amazonaws.com\/wp-content\/uploads\/2022\/05\/11111735\/Foluntais_Bord_TG4_2022_1-1920x1080-1-1536x864.jpg 1536w, https:\/\/tg4-docs.s3.amazonaws.com\/wp-content\/uploads\/2022\/05\/11111735\/Foluntais_Bord_TG4_2022_1-1920x1080-1-120x68.jpg 120w\" sizes=\"(max-width: 1920px) 100vw, 1920px\" \/><br \/>\n&nbsp;<\/p>\n<p>Vacancies for three suitably qualified candidates for appointment to the TG4 Board have been announced by Stateboards.ie.  The Minister for Tourism, Culture, Arts, Gaeltacht, Sport &#038; Media, Catherine Martin will appoint three candidates including a new Chairperson and two ordinary members to the TG4 board.  The Chairman will be responsible for the leadership and effectiveness in all aspects of its role and will have an understanding of the key issues facing TG4 and the context in which it operates. The candidate for chairperson will have proven experience at senior level in the audiovisual sector, or in the public service, or in a related cultural \/ educational institution.<\/p>\n<p>Two candidates as Ordinary Members are also for the TG4 Board with experience at an appropriate senior level in one or more of the following: Finance, Business and Corporate Governance; Creative Sector Development or Audience Development.<\/p>\n<p>The Board of Teilif\u00eds na Gaeilge was established in April 2007 under the provision of the Broadcasting Act, 2001. The board consists of a chair and 11 members, including the Director General in an ex-officio capacity and a staff representative.  The tenure of five members of TG4\u2019s Board came to an end on April 16th, including the Chairperson Si\u00fan N\u00ed Raghallaigh, and four ordinary members Des Geraghty, Michelle N\u00ed Chr\u00f3in\u00edn, Mair\u00e9ad N\u00ed Cheoin\u00edn and Miche\u00e1l Seoighe. The members all served two five-year terms. Frank Reidy and Br\u00edd N\u00ed Fhachtna were re-appointed to the board in 2020 and the term of Mair\u00e9ad N\u00ed Nuadh\u00e1in, Siobh\u00e1n N\u00ed Ghadhra, Darach \u00d3 Tuairisg, and staff member Se\u00e1n \u00d3 Domhnaill continues.<\/p>\n<p>The closing date for applications is 15:00 on May 31st 2022.<\/p>\n<p>More details here: <a href=\"https:\/\/stateboards.ie\/ga\/\" rel=\"noopener\" target=\"_blank\">Stateboards.ie<\/a><br \/>\n&nbsp;<br \/>\n&nbsp;<\/p>\n","protected":false},"excerpt":{"rendered":"<p>&nbsp; Vacancies for three suitably qualified candidates for appointment to the TG4 Board have been announced by Stateboards.ie. The Minister for Tourism, Culture, Arts, Gaeltacht, Sport &#038; Media, Catherine Martin will appoint three candidates including a new Chairperson and two ordinary members to the TG4 board. The Chairman will be responsible for the leadership and [&hellip;]<\/p>\n","protected":false},"author":876,"featured_media":0,"parent":138173,"menu_order":15,"comment_status":"closed","ping_status":"closed","template":"page-templates\/template-pr.php","meta":{"_acf_changed":false,"footnotes":""},"acf":[],"yoast_head":"<!-- This site is optimized with the Yoast SEO plugin v22.6 - https:\/\/yoast.com\/wordpress\/plugins\/seo\/ -->\n<title>Vacancies for three candidates on the TG4 Board announced by Stateboards.ie | Press Release | TG4<\/title>\n<meta name=\"description\" content=\"Vacancies for three suitably qualified candidates for appointment to the TG4 Board have been announced by Stateboards.ie.\" \/>\n<meta name=\"robots\" content=\"index, follow, max-snippet:-1, max-image-preview:large, max-video-preview:-1\" \/>\n<meta property=\"og:locale\" content=\"en_US\" \/>\n<meta property=\"og:type\" content=\"article\" \/>\n<meta property=\"og:title\" content=\"Vacancies for three candidates on the TG4 Board announced by Stateboards.ie | Press Release | TG4\" \/>\n<meta property=\"og:description\" content=\"Vacancies for three suitably qualified candidates for appointment to the TG4 Board have been announced by Stateboards.ie.\" \/>\n<meta property=\"og:url\" content=\"https:\/\/dev.tg4.ie\/en\/information\/press\/press-releases\/2022-2\/vacancies-for-three-candidates-on-the-tg4-board-announced-by-stateboards-ie\/\" \/>\n<meta property=\"og:site_name\" content=\"TG4\" \/>\n<meta property=\"article:publisher\" content=\"https:\/\/www.facebook.com\/TG4TV\" \/>\n<meta property=\"og:image\" content=\"https:\/\/tg4-docs.s3.amazonaws.com\/wp-content\/uploads\/2022\/05\/11111735\/Foluntais_Bord_TG4_2022_1-1920x1080-1-700x394.jpg\" \/>\n<meta name=\"twitter:card\" content=\"summary_large_image\" \/>\n<meta name=\"twitter:image\" content=\"https:\/\/tg4-docs.s3.amazonaws.com\/wp-content\/uploads\/2022\/05\/11111735\/Foluntais_Bord_TG4_2022_1-1920x1080-1-700x394.jpg\" \/>\n<meta name=\"twitter:site\" content=\"@TG4TV\" \/>\n<meta name=\"twitter:label1\" content=\"Est. reading time\" \/>\n\t<meta name=\"twitter:data1\" content=\"1 minute\" \/>\n<script type=\"application\/ld+json\" class=\"yoast-schema-graph\">{\"@context\":\"https:\/\/schema.org\",\"@graph\":[{\"@type\":\"WebPage\",\"@id\":\"https:\/\/dev.tg4.ie\/en\/information\/press\/press-releases\/2022-2\/vacancies-for-three-candidates-on-the-tg4-board-announced-by-stateboards-ie\/\",\"url\":\"https:\/\/dev.tg4.ie\/en\/information\/press\/press-releases\/2022-2\/vacancies-for-three-candidates-on-the-tg4-board-announced-by-stateboards-ie\/\",\"name\":\"Vacancies for three candidates on the TG4 Board announced by Stateboards.ie | Press Release | TG4\",\"isPartOf\":{\"@id\":\"https:\/\/dev.tg4.ie\/en\/#website\"},\"primaryImageOfPage\":{\"@id\":\"https:\/\/dev.tg4.ie\/en\/information\/press\/press-releases\/2022-2\/vacancies-for-three-candidates-on-the-tg4-board-announced-by-stateboards-ie\/#primaryimage\"},\"image\":{\"@id\":\"https:\/\/dev.tg4.ie\/en\/information\/press\/press-releases\/2022-2\/vacancies-for-three-candidates-on-the-tg4-board-announced-by-stateboards-ie\/#primaryimage\"},\"thumbnailUrl\":\"https:\/\/dev.tg4.ie\/wp-content\/uploads\/2022\/05\/Foluntais_Bord_TG4_2022_1-1920x1080-1.jpg\",\"datePublished\":\"2022-05-11T10:22:37+00:00\",\"dateModified\":\"2022-05-11T10:22:37+00:00\",\"description\":\"Vacancies for three suitably qualified candidates for appointment to the TG4 Board have been announced by Stateboards.ie.\",\"breadcrumb\":{\"@id\":\"https:\/\/dev.tg4.ie\/en\/information\/press\/press-releases\/2022-2\/vacancies-for-three-candidates-on-the-tg4-board-announced-by-stateboards-ie\/#breadcrumb\"},\"inLanguage\":\"en-ie\",\"potentialAction\":[{\"@type\":\"ReadAction\",\"target\":[\"https:\/\/dev.tg4.ie\/en\/information\/press\/press-releases\/2022-2\/vacancies-for-three-candidates-on-the-tg4-board-announced-by-stateboards-ie\/\"]}]},{\"@type\":\"ImageObject\",\"inLanguage\":\"en-ie\",\"@id\":\"https:\/\/dev.tg4.ie\/en\/information\/press\/press-releases\/2022-2\/vacancies-for-three-candidates-on-the-tg4-board-announced-by-stateboards-ie\/#primaryimage\",\"url\":\"https:\/\/dev.tg4.ie\/wp-content\/uploads\/2022\/05\/Foluntais_Bord_TG4_2022_1-1920x1080-1.jpg\",\"contentUrl\":\"https:\/\/dev.tg4.ie\/wp-content\/uploads\/2022\/05\/Foluntais_Bord_TG4_2022_1-1920x1080-1.jpg\"},{\"@type\":\"BreadcrumbList\",\"@id\":\"https:\/\/dev.tg4.ie\/en\/information\/press\/press-releases\/2022-2\/vacancies-for-three-candidates-on-the-tg4-board-announced-by-stateboards-ie\/#breadcrumb\",\"itemListElement\":[{\"@type\":\"ListItem\",\"position\":1,\"name\":\"Home\",\"item\":\"https:\/\/dev.tg4.ie\/en\/\"},{\"@type\":\"ListItem\",\"position\":2,\"name\":\"Information\",\"item\":\"https:\/\/dev.tg4.ie\/en\/information\/\"},{\"@type\":\"ListItem\",\"position\":3,\"name\":\"Press\",\"item\":\"https:\/\/dev.tg4.ie\/en\/information\/press\/\"},{\"@type\":\"ListItem\",\"position\":4,\"name\":\"Press Releases\",\"item\":\"https:\/\/dev.tg4.ie\/en\/information\/press\/press-releases\/\"},{\"@type\":\"ListItem\",\"position\":5,\"name\":\"2022\",\"item\":\"https:\/\/dev.tg4.ie\/en\/information\/press\/press-releases\/2022-2\/\"},{\"@type\":\"ListItem\",\"position\":6,\"name\":\"Vacancies for three candidates on the TG4 Board announced by Stateboards.ie\"}]},{\"@type\":\"WebSite\",\"@id\":\"https:\/\/dev.tg4.ie\/en\/#website\",\"url\":\"https:\/\/dev.tg4.ie\/en\/\",\"name\":\"TG4\",\"description\":\"S\u00fail Eile\",\"potentialAction\":[{\"@type\":\"SearchAction\",\"target\":{\"@type\":\"EntryPoint\",\"urlTemplate\":\"https:\/\/dev.tg4.ie\/en\/?s={search_term_string}\"},\"query-input\":\"required name=search_term_string\"}],\"inLanguage\":\"en-ie\"}]}<\/script>\n<!-- \/ Yoast SEO plugin. -->","yoast_head_json":{"title":"Vacancies for three candidates on the TG4 Board announced by Stateboards.ie | Press Release | TG4","description":"Vacancies for three suitably qualified candidates for appointment to the TG4 Board have been announced by Stateboards.ie.","robots":{"index":"index","follow":"follow","max-snippet":"max-snippet:-1","max-image-preview":"max-image-preview:large","max-video-preview":"max-video-preview:-1"},"og_locale":"en_US","og_type":"article","og_title":"Vacancies for three candidates on the TG4 Board announced by Stateboards.ie | Press Release | TG4","og_description":"Vacancies for three suitably qualified candidates for appointment to the TG4 Board have been announced by Stateboards.ie.","og_url":"https:\/\/dev.tg4.ie\/en\/information\/press\/press-releases\/2022-2\/vacancies-for-three-candidates-on-the-tg4-board-announced-by-stateboards-ie\/","og_site_name":"TG4","article_publisher":"https:\/\/www.facebook.com\/TG4TV","og_image":[{"url":"https:\/\/tg4-docs.s3.amazonaws.com\/wp-content\/uploads\/2022\/05\/11111735\/Foluntais_Bord_TG4_2022_1-1920x1080-1-700x394.jpg"}],"twitter_card":"summary_large_image","twitter_image":"https:\/\/tg4-docs.s3.amazonaws.com\/wp-content\/uploads\/2022\/05\/11111735\/Foluntais_Bord_TG4_2022_1-1920x1080-1-700x394.jpg","twitter_site":"@TG4TV","twitter_misc":{"Est. reading time":"1 minute"},"schema":{"@context":"https:\/\/schema.org","@graph":[{"@type":"WebPage","@id":"https:\/\/dev.tg4.ie\/en\/information\/press\/press-releases\/2022-2\/vacancies-for-three-candidates-on-the-tg4-board-announced-by-stateboards-ie\/","url":"https:\/\/dev.tg4.ie\/en\/information\/press\/press-releases\/2022-2\/vacancies-for-three-candidates-on-the-tg4-board-announced-by-stateboards-ie\/","name":"Vacancies for three candidates on the TG4 Board announced by Stateboards.ie | Press Release | TG4","isPartOf":{"@id":"https:\/\/dev.tg4.ie\/en\/#website"},"primaryImageOfPage":{"@id":"https:\/\/dev.tg4.ie\/en\/information\/press\/press-releases\/2022-2\/vacancies-for-three-candidates-on-the-tg4-board-announced-by-stateboards-ie\/#primaryimage"},"image":{"@id":"https:\/\/dev.tg4.ie\/en\/information\/press\/press-releases\/2022-2\/vacancies-for-three-candidates-on-the-tg4-board-announced-by-stateboards-ie\/#primaryimage"},"thumbnailUrl":"https:\/\/dev.tg4.ie\/wp-content\/uploads\/2022\/05\/Foluntais_Bord_TG4_2022_1-1920x1080-1.jpg","datePublished":"2022-05-11T10:22:37+00:00","dateModified":"2022-05-11T10:22:37+00:00","description":"Vacancies for three suitably qualified candidates for appointment to the TG4 Board have been announced by Stateboards.ie.","breadcrumb":{"@id":"https:\/\/dev.tg4.ie\/en\/information\/press\/press-releases\/2022-2\/vacancies-for-three-candidates-on-the-tg4-board-announced-by-stateboards-ie\/#breadcrumb"},"inLanguage":"en-ie","potentialAction":[{"@type":"ReadAction","target":["https:\/\/dev.tg4.ie\/en\/information\/press\/press-releases\/2022-2\/vacancies-for-three-candidates-on-the-tg4-board-announced-by-stateboards-ie\/"]}]},{"@type":"ImageObject","inLanguage":"en-ie","@id":"https:\/\/dev.tg4.ie\/en\/information\/press\/press-releases\/2022-2\/vacancies-for-three-candidates-on-the-tg4-board-announced-by-stateboards-ie\/#primaryimage","url":"https:\/\/dev.tg4.ie\/wp-content\/uploads\/2022\/05\/Foluntais_Bord_TG4_2022_1-1920x1080-1.jpg","contentUrl":"https:\/\/dev.tg4.ie\/wp-content\/uploads\/2022\/05\/Foluntais_Bord_TG4_2022_1-1920x1080-1.jpg"},{"@type":"BreadcrumbList","@id":"https:\/\/dev.tg4.ie\/en\/information\/press\/press-releases\/2022-2\/vacancies-for-three-candidates-on-the-tg4-board-announced-by-stateboards-ie\/#breadcrumb","itemListElement":[{"@type":"ListItem","position":1,"name":"Home","item":"https:\/\/dev.tg4.ie\/en\/"},{"@type":"ListItem","position":2,"name":"Information","item":"https:\/\/dev.tg4.ie\/en\/information\/"},{"@type":"ListItem","position":3,"name":"Press","item":"https:\/\/dev.tg4.ie\/en\/information\/press\/"},{"@type":"ListItem","position":4,"name":"Press Releases","item":"https:\/\/dev.tg4.ie\/en\/information\/press\/press-releases\/"},{"@type":"ListItem","position":5,"name":"2022","item":"https:\/\/dev.tg4.ie\/en\/information\/press\/press-releases\/2022-2\/"},{"@type":"ListItem","position":6,"name":"Vacancies for three candidates on the TG4 Board announced by Stateboards.ie"}]},{"@type":"WebSite","@id":"https:\/\/dev.tg4.ie\/en\/#website","url":"https:\/\/dev.tg4.ie\/en\/","name":"TG4","description":"S\u00fail Eile","potentialAction":[{"@type":"SearchAction","target":{"@type":"EntryPoint","urlTemplate":"https:\/\/dev.tg4.ie\/en\/?s={search_term_string}"},"query-input":"required name=search_term_string"}],"inLanguage":"en-ie"}]}},"_links":{"self":[{"href":"https:\/\/dev.tg4.ie\/en\/wp-json\/wp\/v2\/pages\/148096"}],"collection":[{"href":"https:\/\/dev.tg4.ie\/en\/wp-json\/wp\/v2\/pages"}],"about":[{"href":"https:\/\/dev.tg4.ie\/en\/wp-json\/wp\/v2\/types\/page"}],"author":[{"embeddable":true,"href":"https:\/\/dev.tg4.ie\/en\/wp-json\/wp\/v2\/users\/876"}],"replies":[{"embeddable":true,"href":"https:\/\/dev.tg4.ie\/en\/wp-json\/wp\/v2\/comments?post=148096"}],"version-history":[{"count":0,"href":"https:\/\/dev.tg4.ie\/en\/wp-json\/wp\/v2\/pages\/148096\/revisions"}],"up":[{"embeddable":true,"href":"https:\/\/dev.tg4.ie\/en\/wp-json\/wp\/v2\/pages\/138173"}],"wp:attachment":[{"href":"https:\/\/dev.tg4.ie\/en\/wp-json\/wp\/v2\/media?parent=148096"}],"curies":[{"name":"wp","href":"https:\/\/api.w.org\/{rel}","templated":true}]}}