{"id":14829,"date":"2016-02-24T16:50:59","date_gmt":"2016-02-24T16:50:59","guid":{"rendered":"https:\/\/dev.tg4.ie\/en\/?page_id=14829"},"modified":"2019-06-24T16:18:59","modified_gmt":"2019-06-24T15:18:59","slug":"24-02-16","status":"publish","type":"page","link":"https:\/\/dev.tg4.ie\/en\/information\/press\/press-releases\/2016-2\/24-02-16\/","title":{"rendered":"24.02.16"},"content":{"rendered":"<h2>TG4\u2019s extensive <em>s\u00fail eile<\/em> offers live results coverage of 2016 General Election<\/h2>\n<p>TG4 will once again offer its highly regarded coverage of the election counts from all D\u00e1il constituency count centres throughout the coming weekend.\u00a0 <em>V\u00f3ta 2016<\/em> will air from 10am on Saturday morning (27<sup>th<\/sup> February) right through to 1am on Sunday morning, resuming at 10am on Sunday and continuing till 1pm.<\/p>\n<p>This detailed results coverage will combine; updated results for all 40 constituencies from TG4 reporters at each of the election count centres; interviews with candidates whose fate hangs in the balance; expert analysis from a panel of political practitioners and commentators;\u00a0 \u00a0regular\u00a0 easy to digest graphic summaries of the emerging national and regional trends and hourly news headlines.<\/p>\n<p>The channel\u2019s current affairs anchor <strong>P\u00e1id\u00ed \u00d3 Lion\u00e1ird<\/strong> will present this marathon coverage and he\u2019ll be joined over the two days by an informed panel comprising former T\u00e1naist\u00ed, former party leaders and Ministers and serving members of the European Parliament, including<strong> Mary Coughlan, <\/strong>\u00a0\u00a0<strong>Alan Dukes, \u00c9amon Gilmore, Tony Killeen <\/strong>and current MEPs <strong>Liadh N\u00ed Riada <\/strong>and <strong>Se\u00e1n Kelly <\/strong>as well as political analysts \u00a0<strong>Beirn\u00ed N\u00ed Chuinn, Antoin Delap, Eoghan \u00d3 Neacht\u00e1in, Eoin \u00d3 Murch\u00fa <\/strong>and <strong>Dr. S\u00e9in \u00d3 Muineach\u00e1in <\/strong>to dissect and discuss the results as they come in. Election candidates such as <strong>\u00c9amon \u00d3 Cu\u00edv<\/strong> and <strong>Trevor \u00d3 Clochartaigh <\/strong>will also join in to discuss their own fortunes and the overall national picture as it emerges as will representatives of all the parties and groupings and Independents too.<\/p>\n<p>Regular summaries of results and trends will be presented by news presenter <strong>Maolra Mac Donnacha <\/strong>in studio with easy-to-read graphics conveying how the votes, emerging trends and transfer patterns will impact the political landscape. <strong>Eimear N\u00ed Chonaola<\/strong> will anchor news headlines on the hour, with concise summaries and overviews on election and other world events as they unfold.<\/p>\n<p>Let us know what you think during the broadcast through our social media platforms;<\/p>\n<p>Twitter @7LaTG4\u00a0 #Vota2016<\/p>\n<p>Facebook <a href=\"https:\/\/www.facebook.com\/7LATG4\" target=\"_blank\" rel=\"noopener noreferrer\">https:\/\/www.facebook.com\/7LATG4<\/a><\/p>\n","protected":false},"excerpt":{"rendered":"<p>TG4\u2019s extensive s\u00fail eile offers live results coverage of 2016 General Election TG4 will once again offer its highly regarded coverage of the election counts from all D\u00e1il constituency count centres throughout the coming weekend.\u00a0 V\u00f3ta 2016 will air from 10am on Saturday morning (27th February) right through to 1am on Sunday morning, resuming at [&hellip;]<\/p>\n","protected":false},"author":876,"featured_media":0,"parent":6901,"menu_order":8,"comment_status":"closed","ping_status":"closed","template":"page-templates\/template-pr.php","meta":{"_acf_changed":false,"footnotes":""},"acf":[],"yoast_head":"<!-- This site is optimized with the Yoast SEO plugin v22.6 - https:\/\/yoast.com\/wordpress\/plugins\/seo\/ -->\n<title>24.02.16 - TG4<\/title>\n<meta name=\"robots\" content=\"index, follow, max-snippet:-1, max-image-preview:large, max-video-preview:-1\" \/>\n<meta property=\"og:locale\" content=\"en_US\" \/>\n<meta property=\"og:type\" content=\"article\" \/>\n<meta property=\"og:title\" content=\"24.02.16 - TG4\" \/>\n<meta property=\"og:description\" content=\"TG4\u2019s extensive s\u00fail eile offers live results coverage of 2016 General Election TG4 will once again offer its highly regarded coverage of the election counts from all D\u00e1il constituency count centres throughout the coming weekend.\u00a0 V\u00f3ta 2016 will air from 10am on Saturday morning (27th February) right through to 1am on Sunday morning, resuming at [&hellip;]\" \/>\n<meta property=\"og:url\" content=\"https:\/\/dev.tg4.ie\/en\/information\/press\/press-releases\/2016-2\/24-02-16\/\" \/>\n<meta property=\"og:site_name\" content=\"TG4\" \/>\n<meta property=\"article:publisher\" content=\"https:\/\/www.facebook.com\/TG4TV\" \/>\n<meta property=\"article:modified_time\" content=\"2019-06-24T15:18:59+00:00\" \/>\n<meta property=\"og:image\" content=\"https:\/\/tg4-docs.s3.amazonaws.com\/wp-content\/uploads\/2024\/11\/18151812\/TG4_2024_corcra_teal_1-1920x1080-1.jpg\" \/>\n\t<meta property=\"og:image:width\" content=\"1920\" \/>\n\t<meta property=\"og:image:height\" content=\"1080\" \/>\n\t<meta property=\"og:image:type\" content=\"image\/jpeg\" \/>\n<meta name=\"twitter:card\" content=\"summary_large_image\" \/>\n<meta name=\"twitter:site\" content=\"@TG4TV\" \/>\n<meta name=\"twitter:label1\" content=\"Est. reading time\" \/>\n\t<meta name=\"twitter:data1\" content=\"2 minutes\" \/>\n<script type=\"application\/ld+json\" class=\"yoast-schema-graph\">{\"@context\":\"https:\/\/schema.org\",\"@graph\":[{\"@type\":\"WebPage\",\"@id\":\"https:\/\/dev.tg4.ie\/en\/information\/press\/press-releases\/2016-2\/24-02-16\/\",\"url\":\"https:\/\/dev.tg4.ie\/en\/information\/press\/press-releases\/2016-2\/24-02-16\/\",\"name\":\"24.02.16 - TG4\",\"isPartOf\":{\"@id\":\"https:\/\/dev.tg4.ie\/en\/#website\"},\"datePublished\":\"2016-02-24T16:50:59+00:00\",\"dateModified\":\"2019-06-24T15:18:59+00:00\",\"breadcrumb\":{\"@id\":\"https:\/\/dev.tg4.ie\/en\/information\/press\/press-releases\/2016-2\/24-02-16\/#breadcrumb\"},\"inLanguage\":\"en-ie\",\"potentialAction\":[{\"@type\":\"ReadAction\",\"target\":[\"https:\/\/dev.tg4.ie\/en\/information\/press\/press-releases\/2016-2\/24-02-16\/\"]}]},{\"@type\":\"BreadcrumbList\",\"@id\":\"https:\/\/dev.tg4.ie\/en\/information\/press\/press-releases\/2016-2\/24-02-16\/#breadcrumb\",\"itemListElement\":[{\"@type\":\"ListItem\",\"position\":1,\"name\":\"Home\",\"item\":\"https:\/\/dev.tg4.ie\/en\/\"},{\"@type\":\"ListItem\",\"position\":2,\"name\":\"Information\",\"item\":\"https:\/\/dev.tg4.ie\/en\/information\/\"},{\"@type\":\"ListItem\",\"position\":3,\"name\":\"Press\",\"item\":\"https:\/\/dev.tg4.ie\/en\/information\/press\/\"},{\"@type\":\"ListItem\",\"position\":4,\"name\":\"Press Releases\",\"item\":\"https:\/\/dev.tg4.ie\/en\/information\/press\/press-releases\/\"},{\"@type\":\"ListItem\",\"position\":5,\"name\":\"2016\",\"item\":\"https:\/\/dev.tg4.ie\/en\/information\/press\/press-releases\/2016-2\/\"},{\"@type\":\"ListItem\",\"position\":6,\"name\":\"24.02.16\"}]},{\"@type\":\"WebSite\",\"@id\":\"https:\/\/dev.tg4.ie\/en\/#website\",\"url\":\"https:\/\/dev.tg4.ie\/en\/\",\"name\":\"TG4\",\"description\":\"S\u00fail Eile\",\"potentialAction\":[{\"@type\":\"SearchAction\",\"target\":{\"@type\":\"EntryPoint\",\"urlTemplate\":\"https:\/\/dev.tg4.ie\/en\/?s={search_term_string}\"},\"query-input\":\"required name=search_term_string\"}],\"inLanguage\":\"en-ie\"}]}<\/script>\n<!-- \/ Yoast SEO plugin. -->","yoast_head_json":{"title":"24.02.16 - TG4","robots":{"index":"index","follow":"follow","max-snippet":"max-snippet:-1","max-image-preview":"max-image-preview:large","max-video-preview":"max-video-preview:-1"},"og_locale":"en_US","og_type":"article","og_title":"24.02.16 - TG4","og_description":"TG4\u2019s extensive s\u00fail eile offers live results coverage of 2016 General Election TG4 will once again offer its highly regarded coverage of the election counts from all D\u00e1il constituency count centres throughout the coming weekend.\u00a0 V\u00f3ta 2016 will air from 10am on Saturday morning (27th February) right through to 1am on Sunday morning, resuming at [&hellip;]","og_url":"https:\/\/dev.tg4.ie\/en\/information\/press\/press-releases\/2016-2\/24-02-16\/","og_site_name":"TG4","article_publisher":"https:\/\/www.facebook.com\/TG4TV","article_modified_time":"2019-06-24T15:18:59+00:00","og_image":[{"width":1920,"height":1080,"url":"https:\/\/tg4-docs.s3.amazonaws.com\/wp-content\/uploads\/2024\/11\/18151812\/TG4_2024_corcra_teal_1-1920x1080-1.jpg","type":"image\/jpeg"}],"twitter_card":"summary_large_image","twitter_site":"@TG4TV","twitter_misc":{"Est. reading time":"2 minutes"},"schema":{"@context":"https:\/\/schema.org","@graph":[{"@type":"WebPage","@id":"https:\/\/dev.tg4.ie\/en\/information\/press\/press-releases\/2016-2\/24-02-16\/","url":"https:\/\/dev.tg4.ie\/en\/information\/press\/press-releases\/2016-2\/24-02-16\/","name":"24.02.16 - TG4","isPartOf":{"@id":"https:\/\/dev.tg4.ie\/en\/#website"},"datePublished":"2016-02-24T16:50:59+00:00","dateModified":"2019-06-24T15:18:59+00:00","breadcrumb":{"@id":"https:\/\/dev.tg4.ie\/en\/information\/press\/press-releases\/2016-2\/24-02-16\/#breadcrumb"},"inLanguage":"en-ie","potentialAction":[{"@type":"ReadAction","target":["https:\/\/dev.tg4.ie\/en\/information\/press\/press-releases\/2016-2\/24-02-16\/"]}]},{"@type":"BreadcrumbList","@id":"https:\/\/dev.tg4.ie\/en\/information\/press\/press-releases\/2016-2\/24-02-16\/#breadcrumb","itemListElement":[{"@type":"ListItem","position":1,"name":"Home","item":"https:\/\/dev.tg4.ie\/en\/"},{"@type":"ListItem","position":2,"name":"Information","item":"https:\/\/dev.tg4.ie\/en\/information\/"},{"@type":"ListItem","position":3,"name":"Press","item":"https:\/\/dev.tg4.ie\/en\/information\/press\/"},{"@type":"ListItem","position":4,"name":"Press Releases","item":"https:\/\/dev.tg4.ie\/en\/information\/press\/press-releases\/"},{"@type":"ListItem","position":5,"name":"2016","item":"https:\/\/dev.tg4.ie\/en\/information\/press\/press-releases\/2016-2\/"},{"@type":"ListItem","position":6,"name":"24.02.16"}]},{"@type":"WebSite","@id":"https:\/\/dev.tg4.ie\/en\/#website","url":"https:\/\/dev.tg4.ie\/en\/","name":"TG4","description":"S\u00fail Eile","potentialAction":[{"@type":"SearchAction","target":{"@type":"EntryPoint","urlTemplate":"https:\/\/dev.tg4.ie\/en\/?s={search_term_string}"},"query-input":"required name=search_term_string"}],"inLanguage":"en-ie"}]}},"_links":{"self":[{"href":"https:\/\/dev.tg4.ie\/en\/wp-json\/wp\/v2\/pages\/14829"}],"collection":[{"href":"https:\/\/dev.tg4.ie\/en\/wp-json\/wp\/v2\/pages"}],"about":[{"href":"https:\/\/dev.tg4.ie\/en\/wp-json\/wp\/v2\/types\/page"}],"author":[{"embeddable":true,"href":"https:\/\/dev.tg4.ie\/en\/wp-json\/wp\/v2\/users\/876"}],"replies":[{"embeddable":true,"href":"https:\/\/dev.tg4.ie\/en\/wp-json\/wp\/v2\/comments?post=14829"}],"version-history":[{"count":0,"href":"https:\/\/dev.tg4.ie\/en\/wp-json\/wp\/v2\/pages\/14829\/revisions"}],"up":[{"embeddable":true,"href":"https:\/\/dev.tg4.ie\/en\/wp-json\/wp\/v2\/pages\/6901"}],"wp:attachment":[{"href":"https:\/\/dev.tg4.ie\/en\/wp-json\/wp\/v2\/media?parent=14829"}],"curies":[{"name":"wp","href":"https:\/\/api.w.org\/{rel}","templated":true}]}}