{"id":149853,"date":"2022-05-19T09:43:57","date_gmt":"2022-05-19T08:43:57","guid":{"rendered":"https:\/\/dev.tg4.ie\/?page_id=149853"},"modified":"2022-05-19T09:43:57","modified_gmt":"2022-05-19T08:43:57","slug":"tg4-to-host-200-delegates-from-across-europe-at-circom-regional-conference-in-galway-city","status":"publish","type":"page","link":"https:\/\/dev.tg4.ie\/en\/information\/press\/press-releases\/2022-2\/tg4-to-host-200-delegates-from-across-europe-at-circom-regional-conference-in-galway-city\/","title":{"rendered":"TG4 to host 200 delegates from across Europe at CIRCOM Regional conference in Galway City"},"content":{"rendered":"<p><img loading=\"lazy\" decoding=\"async\" width=\"1920\" height=\"1080\" src=\"https:\/\/tg4-docs.s3.amazonaws.com\/wp-content\/uploads\/2022\/05\/19092523\/Circom_Regional_2022_1-1920x1080-1.jpg\" alt=\"\" class=\"alignleft size-full wp-image-149850\" srcset=\"https:\/\/tg4-docs.s3.amazonaws.com\/wp-content\/uploads\/2022\/05\/19092523\/Circom_Regional_2022_1-1920x1080-1.jpg 1920w, https:\/\/tg4-docs.s3.amazonaws.com\/wp-content\/uploads\/2022\/05\/19092523\/Circom_Regional_2022_1-1920x1080-1-250x141.jpg 250w, https:\/\/tg4-docs.s3.amazonaws.com\/wp-content\/uploads\/2022\/05\/19092523\/Circom_Regional_2022_1-1920x1080-1-700x394.jpg 700w, https:\/\/tg4-docs.s3.amazonaws.com\/wp-content\/uploads\/2022\/05\/19092523\/Circom_Regional_2022_1-1920x1080-1-252x141.jpg 252w, https:\/\/tg4-docs.s3.amazonaws.com\/wp-content\/uploads\/2022\/05\/19092523\/Circom_Regional_2022_1-1920x1080-1-1536x864.jpg 1536w, https:\/\/tg4-docs.s3.amazonaws.com\/wp-content\/uploads\/2022\/05\/19092523\/Circom_Regional_2022_1-1920x1080-1-120x68.jpg 120w\" sizes=\"(max-width: 1920px) 100vw, 1920px\" \/><br \/>\n&nbsp;<\/p>\n<p>TG4 will host over two hundred delegates who will travel to Galway from across Europe to take part in the 38th Annual Conference of CIRCOM Regional from May 25-27th. CIRCOM is a Professional Association of Regional Public Service Television in Europe. The theme of this year&#8217;s conference is &#8220;Creative Regions, Creative Economy&#8221;. The three-day conference will feature topics of Sustainability of Journalism Creative Regions: Creative Economies, Digital Transformation, Reaching Young Audiences, Climate Coverage in News, PSB Prominence and the role regional public service broadcasters can play in influencing the cultural and economic vibrancy.<br \/>\n&nbsp;<\/p>\n<p>TG4 is Europe\u2019s most westerly-based broadcaster and supports employment, development and sustainability of talent in Ireland\u2019s regions. As the media world globalises regional broadcasters and regional storytellers offer a unique position as guardians and exponents of the true values of public service broadcasting. Demand for audiovisual content and the value of public service media is stronger than ever despite changing audience viewing habits.<br \/>\n&nbsp;<\/p>\n<p>TG4 Director-General Alan Esslemont said <em>&#8220;I congratulate all those at CIRCOM who have been involved in shaping this year\u2019s key conference topics of Sustainability of Journalism, Creative Regions: Creative Economies, Digital Transformation, Reaching Young Audiences and PSB Prominence.  It is a truly compelling and forward-looking programme and I look forward to excellent discussions.   As our media world globalises and becomes more homogenous, I believe that regional broadcasters and regional storytellers will move to centre-stage as guardians and exponents of the true values of public service broadcasting.&#8221;<\/em><br \/>\n&nbsp;<\/p>\n<p>Conference speakers include: RT\u00c9&#8217;s Cormac \u00d3 hEadhra, Irish Satirist and Podcaster Blindboyboatclub, Senior News Reporter at Vice World News Sophia Smith Galer, Nergiz Nora Westerbergh; Head of Digital at Sweden&#8217;s SVT News, M\u00e1ir\u00edn N\u00ed Ghadhra; RT\u00c9 Raidio na Gaeltachta, P\u00e1id\u00ed \u00d3 Lion\u00e1ird; Nuacht TG4, Eibhl\u00edn N\u00ed Chonghaile formerly of Sky News and RT\u00c9 Raidi\u00f3 na Gaeltachta and Tom\u00e1s \u00d3 S\u00edoch\u00e1in CEO of Western Development Commission.<br \/>\n&nbsp;<\/p>\n<p>Victor Pickard, Professor of Media Policy and Political Economy at the University of Pennsylvania\u2019s Annenberg School for Communication, has written extensively on the role of media in a democratic society. He will join Olaf Steenfadt who heads the Journalism Trust Initiative at the press freedom watchdog Reporters Without Borders and Razan Ibraheem, Irish-Syrian journalist and senior analyst with Kinzen to discuss the sustainability of journalism. Dr. Richard Burnley from the EBU and Kate Biggs, Director from Ofcom will join Liam Boyle from the BAI to discuss measure to ensure prominence of public service media.<br \/>\n&nbsp;<\/p>\n<p>The keynote on Creative Economy will be from John Newbigin OBE, a special advisor to the UK Minister for Culture, Rt Hon Chris Smith MP.  He was closely involved in developing the UK government\u2019s first policies for the creative industries in the 1990s.    The topic of how PSBs ensure Climate is kept top of the agenda will be discussed with Erika Bjerstr\u00f6m who was appointed as the first ever Global Climate Correspondent at Swedish National Television (2020) and  Tara Peterman award-winning journalist and Executive Producer of RT\u00c9\u2019s Climate Change coverage.<br \/>\n&nbsp;<\/p>\n<p>As part of the conference events, journalists will take part in a 3-day digital journalism course at National University of Ireland, Galway.<br \/>\n&nbsp;<br \/>\nThe CIRCOM Regional 38th conference is supported by the BAI, F\u00e1ilte Ireland, Gr\u00e9as\u00e1n na Me\u00e1n, Nuacht RT\u00c9 and Creative Media Europe.<br \/>\n&nbsp;<br \/>\nMore information available here: <a href=\"https:\/\/www.circom-regional.eu\/ac2022-programme\" rel=\"noopener\" target=\"_blank\">https:\/\/www.circom-regional.eu\/ac2022-programme<\/a><br \/>\n&nbsp;<br \/>\n&nbsp;<\/p>\n","protected":false},"excerpt":{"rendered":"<p>&nbsp; TG4 will host over two hundred delegates who will travel to Galway from across Europe to take part in the 38th Annual Conference of CIRCOM Regional from May 25-27th. CIRCOM is a Professional Association of Regional Public Service Television in Europe. The theme of this year&#8217;s conference is &#8220;Creative Regions, Creative Economy&#8221;. The three-day [&hellip;]<\/p>\n","protected":false},"author":876,"featured_media":0,"parent":138173,"menu_order":16,"comment_status":"closed","ping_status":"closed","template":"page-templates\/template-pr.php","meta":{"_acf_changed":false,"footnotes":""},"acf":[],"yoast_head":"<!-- This site is optimized with the Yoast SEO plugin v22.6 - https:\/\/yoast.com\/wordpress\/plugins\/seo\/ -->\n<title>TG4 to host 200 delegates from across Europe at CIRCOM Regional conference in Galway City | Press Release | TG4<\/title>\n<meta name=\"description\" content=\"TG4 will host over two hundred delegates who will travel to Galway from across Europe to take part in the 38th Annual Conference of CIRCOM Regional from May 25-27th.\" \/>\n<meta name=\"robots\" content=\"index, follow, max-snippet:-1, max-image-preview:large, max-video-preview:-1\" \/>\n<meta property=\"og:locale\" content=\"en_US\" \/>\n<meta property=\"og:type\" content=\"article\" \/>\n<meta property=\"og:title\" content=\"TG4 to host 200 delegates from across Europe at CIRCOM Regional conference in Galway City | Press Release | TG4\" \/>\n<meta property=\"og:description\" content=\"TG4 will host over two hundred delegates who will travel to Galway from across Europe to take part in the 38th Annual Conference of CIRCOM Regional from May 25-27th.\" \/>\n<meta property=\"og:url\" content=\"https:\/\/dev.tg4.ie\/en\/information\/press\/press-releases\/2022-2\/tg4-to-host-200-delegates-from-across-europe-at-circom-regional-conference-in-galway-city\/\" \/>\n<meta property=\"og:site_name\" content=\"TG4\" \/>\n<meta property=\"article:publisher\" content=\"https:\/\/www.facebook.com\/TG4TV\" \/>\n<meta property=\"og:image\" content=\"https:\/\/tg4-docs.s3.amazonaws.com\/wp-content\/uploads\/2022\/05\/19092523\/Circom_Regional_2022_1-1920x1080-1-700x394.jpg\" \/>\n<meta name=\"twitter:card\" content=\"summary_large_image\" \/>\n<meta name=\"twitter:image\" content=\"https:\/\/tg4-docs.s3.amazonaws.com\/wp-content\/uploads\/2022\/05\/19092523\/Circom_Regional_2022_1-1920x1080-1-700x394.jpg\" \/>\n<meta name=\"twitter:site\" content=\"@TG4TV\" \/>\n<meta name=\"twitter:label1\" content=\"Est. reading time\" \/>\n\t<meta name=\"twitter:data1\" content=\"3 minutes\" \/>\n<script type=\"application\/ld+json\" class=\"yoast-schema-graph\">{\"@context\":\"https:\/\/schema.org\",\"@graph\":[{\"@type\":\"WebPage\",\"@id\":\"https:\/\/dev.tg4.ie\/en\/information\/press\/press-releases\/2022-2\/tg4-to-host-200-delegates-from-across-europe-at-circom-regional-conference-in-galway-city\/\",\"url\":\"https:\/\/dev.tg4.ie\/en\/information\/press\/press-releases\/2022-2\/tg4-to-host-200-delegates-from-across-europe-at-circom-regional-conference-in-galway-city\/\",\"name\":\"TG4 to host 200 delegates from across Europe at CIRCOM Regional conference in Galway City | Press Release | TG4\",\"isPartOf\":{\"@id\":\"https:\/\/dev.tg4.ie\/en\/#website\"},\"primaryImageOfPage\":{\"@id\":\"https:\/\/dev.tg4.ie\/en\/information\/press\/press-releases\/2022-2\/tg4-to-host-200-delegates-from-across-europe-at-circom-regional-conference-in-galway-city\/#primaryimage\"},\"image\":{\"@id\":\"https:\/\/dev.tg4.ie\/en\/information\/press\/press-releases\/2022-2\/tg4-to-host-200-delegates-from-across-europe-at-circom-regional-conference-in-galway-city\/#primaryimage\"},\"thumbnailUrl\":\"https:\/\/dev.tg4.ie\/wp-content\/uploads\/2022\/05\/Circom_Regional_2022_1-1920x1080-1.jpg\",\"datePublished\":\"2022-05-19T08:43:57+00:00\",\"dateModified\":\"2022-05-19T08:43:57+00:00\",\"description\":\"TG4 will host over two hundred delegates who will travel to Galway from across Europe to take part in the 38th Annual Conference of CIRCOM Regional from May 25-27th.\",\"breadcrumb\":{\"@id\":\"https:\/\/dev.tg4.ie\/en\/information\/press\/press-releases\/2022-2\/tg4-to-host-200-delegates-from-across-europe-at-circom-regional-conference-in-galway-city\/#breadcrumb\"},\"inLanguage\":\"en-ie\",\"potentialAction\":[{\"@type\":\"ReadAction\",\"target\":[\"https:\/\/dev.tg4.ie\/en\/information\/press\/press-releases\/2022-2\/tg4-to-host-200-delegates-from-across-europe-at-circom-regional-conference-in-galway-city\/\"]}]},{\"@type\":\"ImageObject\",\"inLanguage\":\"en-ie\",\"@id\":\"https:\/\/dev.tg4.ie\/en\/information\/press\/press-releases\/2022-2\/tg4-to-host-200-delegates-from-across-europe-at-circom-regional-conference-in-galway-city\/#primaryimage\",\"url\":\"https:\/\/dev.tg4.ie\/wp-content\/uploads\/2022\/05\/Circom_Regional_2022_1-1920x1080-1.jpg\",\"contentUrl\":\"https:\/\/dev.tg4.ie\/wp-content\/uploads\/2022\/05\/Circom_Regional_2022_1-1920x1080-1.jpg\"},{\"@type\":\"BreadcrumbList\",\"@id\":\"https:\/\/dev.tg4.ie\/en\/information\/press\/press-releases\/2022-2\/tg4-to-host-200-delegates-from-across-europe-at-circom-regional-conference-in-galway-city\/#breadcrumb\",\"itemListElement\":[{\"@type\":\"ListItem\",\"position\":1,\"name\":\"Home\",\"item\":\"https:\/\/dev.tg4.ie\/en\/\"},{\"@type\":\"ListItem\",\"position\":2,\"name\":\"Information\",\"item\":\"https:\/\/dev.tg4.ie\/en\/information\/\"},{\"@type\":\"ListItem\",\"position\":3,\"name\":\"Press\",\"item\":\"https:\/\/dev.tg4.ie\/en\/information\/press\/\"},{\"@type\":\"ListItem\",\"position\":4,\"name\":\"Press Releases\",\"item\":\"https:\/\/dev.tg4.ie\/en\/information\/press\/press-releases\/\"},{\"@type\":\"ListItem\",\"position\":5,\"name\":\"2022\",\"item\":\"https:\/\/dev.tg4.ie\/en\/information\/press\/press-releases\/2022-2\/\"},{\"@type\":\"ListItem\",\"position\":6,\"name\":\"TG4 to host 200 delegates from across Europe at CIRCOM Regional conference in Galway City\"}]},{\"@type\":\"WebSite\",\"@id\":\"https:\/\/dev.tg4.ie\/en\/#website\",\"url\":\"https:\/\/dev.tg4.ie\/en\/\",\"name\":\"TG4\",\"description\":\"S\u00fail Eile\",\"potentialAction\":[{\"@type\":\"SearchAction\",\"target\":{\"@type\":\"EntryPoint\",\"urlTemplate\":\"https:\/\/dev.tg4.ie\/en\/?s={search_term_string}\"},\"query-input\":\"required name=search_term_string\"}],\"inLanguage\":\"en-ie\"}]}<\/script>\n<!-- \/ Yoast SEO plugin. -->","yoast_head_json":{"title":"TG4 to host 200 delegates from across Europe at CIRCOM Regional conference in Galway City | Press Release | TG4","description":"TG4 will host over two hundred delegates who will travel to Galway from across Europe to take part in the 38th Annual Conference of CIRCOM Regional from May 25-27th.","robots":{"index":"index","follow":"follow","max-snippet":"max-snippet:-1","max-image-preview":"max-image-preview:large","max-video-preview":"max-video-preview:-1"},"og_locale":"en_US","og_type":"article","og_title":"TG4 to host 200 delegates from across Europe at CIRCOM Regional conference in Galway City | Press Release | TG4","og_description":"TG4 will host over two hundred delegates who will travel to Galway from across Europe to take part in the 38th Annual Conference of CIRCOM Regional from May 25-27th.","og_url":"https:\/\/dev.tg4.ie\/en\/information\/press\/press-releases\/2022-2\/tg4-to-host-200-delegates-from-across-europe-at-circom-regional-conference-in-galway-city\/","og_site_name":"TG4","article_publisher":"https:\/\/www.facebook.com\/TG4TV","og_image":[{"url":"https:\/\/tg4-docs.s3.amazonaws.com\/wp-content\/uploads\/2022\/05\/19092523\/Circom_Regional_2022_1-1920x1080-1-700x394.jpg"}],"twitter_card":"summary_large_image","twitter_image":"https:\/\/tg4-docs.s3.amazonaws.com\/wp-content\/uploads\/2022\/05\/19092523\/Circom_Regional_2022_1-1920x1080-1-700x394.jpg","twitter_site":"@TG4TV","twitter_misc":{"Est. reading time":"3 minutes"},"schema":{"@context":"https:\/\/schema.org","@graph":[{"@type":"WebPage","@id":"https:\/\/dev.tg4.ie\/en\/information\/press\/press-releases\/2022-2\/tg4-to-host-200-delegates-from-across-europe-at-circom-regional-conference-in-galway-city\/","url":"https:\/\/dev.tg4.ie\/en\/information\/press\/press-releases\/2022-2\/tg4-to-host-200-delegates-from-across-europe-at-circom-regional-conference-in-galway-city\/","name":"TG4 to host 200 delegates from across Europe at CIRCOM Regional conference in Galway City | Press Release | TG4","isPartOf":{"@id":"https:\/\/dev.tg4.ie\/en\/#website"},"primaryImageOfPage":{"@id":"https:\/\/dev.tg4.ie\/en\/information\/press\/press-releases\/2022-2\/tg4-to-host-200-delegates-from-across-europe-at-circom-regional-conference-in-galway-city\/#primaryimage"},"image":{"@id":"https:\/\/dev.tg4.ie\/en\/information\/press\/press-releases\/2022-2\/tg4-to-host-200-delegates-from-across-europe-at-circom-regional-conference-in-galway-city\/#primaryimage"},"thumbnailUrl":"https:\/\/dev.tg4.ie\/wp-content\/uploads\/2022\/05\/Circom_Regional_2022_1-1920x1080-1.jpg","datePublished":"2022-05-19T08:43:57+00:00","dateModified":"2022-05-19T08:43:57+00:00","description":"TG4 will host over two hundred delegates who will travel to Galway from across Europe to take part in the 38th Annual Conference of CIRCOM Regional from May 25-27th.","breadcrumb":{"@id":"https:\/\/dev.tg4.ie\/en\/information\/press\/press-releases\/2022-2\/tg4-to-host-200-delegates-from-across-europe-at-circom-regional-conference-in-galway-city\/#breadcrumb"},"inLanguage":"en-ie","potentialAction":[{"@type":"ReadAction","target":["https:\/\/dev.tg4.ie\/en\/information\/press\/press-releases\/2022-2\/tg4-to-host-200-delegates-from-across-europe-at-circom-regional-conference-in-galway-city\/"]}]},{"@type":"ImageObject","inLanguage":"en-ie","@id":"https:\/\/dev.tg4.ie\/en\/information\/press\/press-releases\/2022-2\/tg4-to-host-200-delegates-from-across-europe-at-circom-regional-conference-in-galway-city\/#primaryimage","url":"https:\/\/dev.tg4.ie\/wp-content\/uploads\/2022\/05\/Circom_Regional_2022_1-1920x1080-1.jpg","contentUrl":"https:\/\/dev.tg4.ie\/wp-content\/uploads\/2022\/05\/Circom_Regional_2022_1-1920x1080-1.jpg"},{"@type":"BreadcrumbList","@id":"https:\/\/dev.tg4.ie\/en\/information\/press\/press-releases\/2022-2\/tg4-to-host-200-delegates-from-across-europe-at-circom-regional-conference-in-galway-city\/#breadcrumb","itemListElement":[{"@type":"ListItem","position":1,"name":"Home","item":"https:\/\/dev.tg4.ie\/en\/"},{"@type":"ListItem","position":2,"name":"Information","item":"https:\/\/dev.tg4.ie\/en\/information\/"},{"@type":"ListItem","position":3,"name":"Press","item":"https:\/\/dev.tg4.ie\/en\/information\/press\/"},{"@type":"ListItem","position":4,"name":"Press Releases","item":"https:\/\/dev.tg4.ie\/en\/information\/press\/press-releases\/"},{"@type":"ListItem","position":5,"name":"2022","item":"https:\/\/dev.tg4.ie\/en\/information\/press\/press-releases\/2022-2\/"},{"@type":"ListItem","position":6,"name":"TG4 to host 200 delegates from across Europe at CIRCOM Regional conference in Galway City"}]},{"@type":"WebSite","@id":"https:\/\/dev.tg4.ie\/en\/#website","url":"https:\/\/dev.tg4.ie\/en\/","name":"TG4","description":"S\u00fail Eile","potentialAction":[{"@type":"SearchAction","target":{"@type":"EntryPoint","urlTemplate":"https:\/\/dev.tg4.ie\/en\/?s={search_term_string}"},"query-input":"required name=search_term_string"}],"inLanguage":"en-ie"}]}},"_links":{"self":[{"href":"https:\/\/dev.tg4.ie\/en\/wp-json\/wp\/v2\/pages\/149853"}],"collection":[{"href":"https:\/\/dev.tg4.ie\/en\/wp-json\/wp\/v2\/pages"}],"about":[{"href":"https:\/\/dev.tg4.ie\/en\/wp-json\/wp\/v2\/types\/page"}],"author":[{"embeddable":true,"href":"https:\/\/dev.tg4.ie\/en\/wp-json\/wp\/v2\/users\/876"}],"replies":[{"embeddable":true,"href":"https:\/\/dev.tg4.ie\/en\/wp-json\/wp\/v2\/comments?post=149853"}],"version-history":[{"count":0,"href":"https:\/\/dev.tg4.ie\/en\/wp-json\/wp\/v2\/pages\/149853\/revisions"}],"up":[{"embeddable":true,"href":"https:\/\/dev.tg4.ie\/en\/wp-json\/wp\/v2\/pages\/138173"}],"wp:attachment":[{"href":"https:\/\/dev.tg4.ie\/en\/wp-json\/wp\/v2\/media?parent=149853"}],"curies":[{"name":"wp","href":"https:\/\/api.w.org\/{rel}","templated":true}]}}