{"id":151586,"date":"2022-05-31T14:12:51","date_gmt":"2022-05-31T13:12:51","guid":{"rendered":"https:\/\/dev.tg4.ie\/?page_id=151586"},"modified":"2022-05-31T14:14:47","modified_gmt":"2022-05-31T13:14:47","slug":"tg4-celebrates-the-return-of-comortas-peile-na-gaeltachta-this-weekend-in-leitir-moir-connemara","status":"publish","type":"page","link":"https:\/\/dev.tg4.ie\/en\/information\/press\/press-releases\/2022-2\/tg4-celebrates-the-return-of-comortas-peile-na-gaeltachta-this-weekend-in-leitir-moir-connemara\/","title":{"rendered":"TG4 celebrates the return of Com\u00f3rtas Peile na Gaeltachta this weekend in Leitir M\u00f3ir, Connemara"},"content":{"rendered":"<p><img loading=\"lazy\" decoding=\"async\" width=\"1920\" height=\"1080\" src=\"https:\/\/tg4-docs.s3.amazonaws.com\/wp-content\/uploads\/2022\/05\/31133043\/Logo_CPnaG2022_2_1920x1080.jpg\" alt=\"\" class=\"alignleft size-full wp-image-151570\" srcset=\"https:\/\/tg4-docs.s3.amazonaws.com\/wp-content\/uploads\/2022\/05\/31133043\/Logo_CPnaG2022_2_1920x1080.jpg 1920w, https:\/\/tg4-docs.s3.amazonaws.com\/wp-content\/uploads\/2022\/05\/31133043\/Logo_CPnaG2022_2_1920x1080-250x141.jpg 250w, https:\/\/tg4-docs.s3.amazonaws.com\/wp-content\/uploads\/2022\/05\/31133043\/Logo_CPnaG2022_2_1920x1080-700x394.jpg 700w, https:\/\/tg4-docs.s3.amazonaws.com\/wp-content\/uploads\/2022\/05\/31133043\/Logo_CPnaG2022_2_1920x1080-252x141.jpg 252w, https:\/\/tg4-docs.s3.amazonaws.com\/wp-content\/uploads\/2022\/05\/31133043\/Logo_CPnaG2022_2_1920x1080-1536x864.jpg 1536w, https:\/\/tg4-docs.s3.amazonaws.com\/wp-content\/uploads\/2022\/05\/31133043\/Logo_CPnaG2022_2_1920x1080-120x68.jpg 120w\" sizes=\"(max-width: 1920px) 100vw, 1920px\" \/><br \/>\n&nbsp;<\/p>\n<p><strong>#CPnaG<\/strong><br \/>\n&nbsp;<br \/>\n<strong>Trailer:<\/strong><\/p>\n<div style=\"position:relative;padding-top:56.25%;\">\n  <iframe src=\"https:\/\/www.youtube.com\/embed\/KxHRXv1veiE\" frameborder=\"0\" allowfullscreen style=\"position:absolute;top:0;left:0;width:100%;height:100%;\"><\/iframe>\n<\/div>\n<p>&nbsp;<br \/>\nTG4 celebrates the return of Com\u00f3rtas Peile na Gaeltachta for the first time since 2019.   The annual inter-Gaeltacht Gaelic Football tournament takes place this weekend June 3rd-6th in Cumann Peile Naomh Anna club grounds in Leitir M\u00f3ir, Connemara.  TG4 as the main sponsor of the competition will have unparalleled and comprehensive coverage of this unique festival on and off the playing fields across all TG4&#8217;s braodcast platforms.  TG4\u2019s <em>GAA Beo<\/em> will broadcast all the best action from the weekend\u2019s games; with eight games being streamed live on the Sp\u00f3rt TG4\u2019s YouTube channel, and five games being televised live on TG4. All thirteen games will be available to watch globally via their various broadcast platforms. Miche\u00e1l \u00d3 Domhnaill will present the games with commentary from Brian Tyers, Mac Dara Mac Donncha and Cu\u00e1n \u00d3 Flatharta.  Analysts will include some Com\u00f3rtas Peile legends including Kerry\u2019s Aodh\u00e1n Mac Gearailt (An Ghaeltacht) Galway\u2019s Se\u00e1n \u00d3g de Paor (An Cheathr\u00fa Rua) and Donegal\u2019s Kevin Cassidy (Gaoth Dobhair).  Cork\u2019s Rhona N\u00ed Bhuachalla and Donegal\u2019s Emer Gallagher will share their expert views on the Ladies Gaelic Football games.  The Ladies Senior Football Final will broadcast for the first time on TG4 on Bank Holiday Monday, 6th June and the Ladies Junior Final will be broadcast live on Sp\u00f3rt TG4&#8217;s YouTube channel on Sunday. Sp\u00f3rt TG4\u2019s YouTube channel can be found here: <a href=\"https:\/\/www.youtube.com\/sporttg4\" rel=\"noopener\" target=\"_blank\">www.youtube.com\/sporttg4<\/a><br \/>\n&nbsp;<br \/>\nThe festival will be officially launched on Friday 3 June at 9pm and the first programmme of the new sports <em>Sp\u00f3rt Iris<\/em> presented by Dara \u00d3 Cinn\u00e9ide and Gemma N\u00ed Chionnaith live at 9.55pm will preview the weekend\u2019s action in Leitir M\u00f3ir and from the upcoming games in the GAA Championships.<br \/>\n&nbsp;<br \/>\nNuacht TG4 and <a href=\"https:\/\/www.molsceal.ie\/\" rel=\"noopener\" target=\"_blank\">MOLSC\u00c9AL<\/a> will be reporting from the competition over the weekend. <em>An Cail\u00edn Gaelach<\/em> will broadcast live on Molsc\u00e9al&#8217;s Facebook page <a href=\"https:\/\/www.facebook.com\/MOLSCEALTG4\/\" rel=\"noopener\" target=\"_blank\">https:\/\/www.facebook.com\/MOLSCEALTG4\/<\/a> Sunday night from 9pm hosted by PJ Sonny Choilm Leara\u00ed.<br \/>\n&nbsp;<br \/>\nFollow the conversation online on MOLSC\u00c9AL and Sp\u00f3rt TG4&#8217;s social media platforms using the hashtag #CPnaG<br \/>\n&nbsp;<\/p>\n<p><strong>The Games:<\/strong><br \/>\n&nbsp;<br \/>\n<strong>Saturday 4 June<\/strong><\/p>\n<table border=\"1\">\n<tr>\n<td>11:00<\/td>\n<td>Men&#8217;s Quarter Finals &#8211; Junior<\/td>\n<td>Boston Gaels v Clann na nGael<\/td>\n<td>YouTube Sp\u00f3rt TG4<\/td>\n<\/tr>\n<tr>\n<td>13:15<\/td>\n<td>Ladies Preliminary Rounds &#8211; Junior<\/td>\n<td>Cumann Peile Naomh Anna  v  Na Gaeil \u00d3ga<\/td>\n<td>YouTube Sp\u00f3rt TG4<\/td>\n<\/tr>\n<tr>\n<td>15:00<\/td>\n<td>Men&#8217;s Quarter Finals &#8211; Seniors<\/td>\n<td>Baile \u00c1tha an Ghaothraidh  v Bearna<\/td>\n<td>YouTube Sp\u00f3rt TG4<\/td>\n<\/tr>\n<tr>\n<td>17:00<\/td>\n<td>Men&#8217;s Quarter Finals &#8211; Junior<\/td>\n<td>Winners Preliminary Rounds A  v  B<\/td>\n<td>YouTube Sp\u00f3rt TG4<\/td>\n<\/tr>\n<tr>\n<td>19:00<\/p>\n<td>Men&#8217;s Quarter Finals &#8211; Seniors<\/td>\n<td>1   v   2 preliminaries<\/td>\n<td>YouTube Sp\u00f3rt TG4<\/td>\n<\/tr>\n<\/table>\n<p>&nbsp; <\/p>\n<p><strong>Sunday 5 June<\/strong><\/p>\n<table border=\"1\">\n<tr>\n<td>11:00<\/td>\n<td>Men&#8217;s Semi &#8211; Final Game &#8211; Junior<\/td>\n<td>P\u00e1irc an Mhaim\u00edn<\/td>\n<td>YouTube Sp\u00f3rt TG4<\/td>\n<\/tr>\n<tr>\n<td>13:15<\/td>\n<td>Ladies Semi &#8211; Finals<\/td>\n<td>Naomh Anna  v Cill Chom\u00e1in<\/td>\n<td>YouTube Sp\u00f3rt TG4<\/td>\n<\/tr>\n<tr>\n<td>15:00<\/td>\n<td>Ladies Final &#8211; Junior<\/td>\n<td>P\u00e1irc an Mhaim\u00edn<\/td>\n<td>YouTube Sp\u00f3rt TG4<\/td>\n<\/tr>\n<tr>\n<td>17:00<\/td>\n<td>Men&#8217;s Semi &#8211; Final &#8211; Senior<\/td>\n<td>P\u00e1irc an Mhaim\u00edn<\/td>\n<td>TG4<\/td>\n<\/tr>\n<tr>\n<td>19:00<\/td>\n<td>Men&#8217;s Semi &#8211; Final &#8211; Senior<\/td>\n<td>Cumann Peile Naomh Anna v   Winners C<\/td>\n<td>TG4<\/td>\n<\/tr>\n<\/table>\n<p>&nbsp;<\/p>\n<p><strong>Monday 6 June<\/strong><\/p>\n<table border=\"1\">\n<tr>\n<td>12:00<\/td>\n<td>Men&#8217;s Final &#8211; Junior<\/td>\n<td>P\u00e1irc an Mhaim\u00edn<\/td>\n<td>TG4<\/td>\n<\/tr>\n<tr>\n<td>14:00<\/td>\n<td>Ladies Final &#8211; Senior<\/td>\n<td>P\u00e1irc an Mhaim\u00edn<\/td>\n<td>TG4<\/td>\n<\/tr>\n<tr>\n<td>16:00<\/td>\n<td>Senior Men&#8217;s Final<\/td>\n<td>P\u00e1irc an Mhaim\u00edn<\/td>\n<td>TG4<\/td>\n<\/tr>\n<\/table>\n<p>&nbsp;<br \/>\n&nbsp;<\/p>\n","protected":false},"excerpt":{"rendered":"<p>&nbsp; #CPnaG &nbsp; Trailer: &nbsp; TG4 celebrates the return of Com\u00f3rtas Peile na Gaeltachta for the first time since 2019. The annual inter-Gaeltacht Gaelic Football tournament takes place this weekend June 3rd-6th in Cumann Peile Naomh Anna club grounds in Leitir M\u00f3ir, Connemara. TG4 as the main sponsor of the competition will have unparalleled and [&hellip;]<\/p>\n","protected":false},"author":876,"featured_media":0,"parent":138173,"menu_order":17,"comment_status":"closed","ping_status":"closed","template":"page-templates\/template-pr.php","meta":{"_acf_changed":false,"footnotes":""},"acf":[],"yoast_head":"<!-- This site is optimized with the Yoast SEO plugin v22.6 - https:\/\/yoast.com\/wordpress\/plugins\/seo\/ -->\n<title>TG4 celebrates the return of Com\u00f3rtas Peile na Gaeltachta this weekend in Leitir M\u00f3ir, Connemara | Press Release | TG4<\/title>\n<meta name=\"description\" content=\"TG4 celebrates the return of Com\u00f3rtas Peile na Gaeltachta for the first time since 2019. The annual inter-Gaeltacht Gaelic Football tournament takes place this weekend June 3rd-6th in Cumann Peile Naomh Anna club grounds in Leitir M\u00f3ir, Connemara.\" \/>\n<meta name=\"robots\" content=\"index, follow, max-snippet:-1, max-image-preview:large, max-video-preview:-1\" \/>\n<meta property=\"og:locale\" content=\"en_US\" \/>\n<meta property=\"og:type\" content=\"article\" \/>\n<meta property=\"og:title\" content=\"TG4 celebrates the return of Com\u00f3rtas Peile na Gaeltachta this weekend in Leitir M\u00f3ir, Connemara | Press Release | TG4\" \/>\n<meta property=\"og:description\" content=\"TG4 celebrates the return of Com\u00f3rtas Peile na Gaeltachta for the first time since 2019. The annual inter-Gaeltacht Gaelic Football tournament takes place this weekend June 3rd-6th in Cumann Peile Naomh Anna club grounds in Leitir M\u00f3ir, Connemara.\" \/>\n<meta property=\"og:url\" content=\"https:\/\/dev.tg4.ie\/en\/information\/press\/press-releases\/2022-2\/tg4-celebrates-the-return-of-comortas-peile-na-gaeltachta-this-weekend-in-leitir-moir-connemara\/\" \/>\n<meta property=\"og:site_name\" content=\"TG4\" \/>\n<meta property=\"article:publisher\" content=\"https:\/\/www.facebook.com\/TG4TV\" \/>\n<meta property=\"article:modified_time\" content=\"2022-05-31T13:14:47+00:00\" \/>\n<meta property=\"og:image\" content=\"https:\/\/tg4-docs.s3.amazonaws.com\/wp-content\/uploads\/2022\/05\/31133043\/Logo_CPnaG2022_2_1920x1080-700x394.jpg\" \/>\n<meta name=\"twitter:card\" content=\"summary_large_image\" \/>\n<meta name=\"twitter:image\" content=\"https:\/\/tg4-docs.s3.amazonaws.com\/wp-content\/uploads\/2022\/05\/31133043\/Logo_CPnaG2022_2_1920x1080-700x394.jpg\" \/>\n<meta name=\"twitter:site\" content=\"@TG4TV\" \/>\n<meta name=\"twitter:label1\" content=\"Est. reading time\" \/>\n\t<meta name=\"twitter:data1\" content=\"3 minutes\" \/>\n<script type=\"application\/ld+json\" class=\"yoast-schema-graph\">{\"@context\":\"https:\/\/schema.org\",\"@graph\":[{\"@type\":\"WebPage\",\"@id\":\"https:\/\/dev.tg4.ie\/en\/information\/press\/press-releases\/2022-2\/tg4-celebrates-the-return-of-comortas-peile-na-gaeltachta-this-weekend-in-leitir-moir-connemara\/\",\"url\":\"https:\/\/dev.tg4.ie\/en\/information\/press\/press-releases\/2022-2\/tg4-celebrates-the-return-of-comortas-peile-na-gaeltachta-this-weekend-in-leitir-moir-connemara\/\",\"name\":\"TG4 celebrates the return of Com\u00f3rtas Peile na Gaeltachta this weekend in Leitir M\u00f3ir, Connemara | Press Release | TG4\",\"isPartOf\":{\"@id\":\"https:\/\/dev.tg4.ie\/en\/#website\"},\"primaryImageOfPage\":{\"@id\":\"https:\/\/dev.tg4.ie\/en\/information\/press\/press-releases\/2022-2\/tg4-celebrates-the-return-of-comortas-peile-na-gaeltachta-this-weekend-in-leitir-moir-connemara\/#primaryimage\"},\"image\":{\"@id\":\"https:\/\/dev.tg4.ie\/en\/information\/press\/press-releases\/2022-2\/tg4-celebrates-the-return-of-comortas-peile-na-gaeltachta-this-weekend-in-leitir-moir-connemara\/#primaryimage\"},\"thumbnailUrl\":\"https:\/\/dev.tg4.ie\/wp-content\/uploads\/2022\/05\/Logo_CPnaG2022_2_1920x1080.jpg\",\"datePublished\":\"2022-05-31T13:12:51+00:00\",\"dateModified\":\"2022-05-31T13:14:47+00:00\",\"description\":\"TG4 celebrates the return of Com\u00f3rtas Peile na Gaeltachta for the first time since 2019. The annual inter-Gaeltacht Gaelic Football tournament takes place this weekend June 3rd-6th in Cumann Peile Naomh Anna club grounds in Leitir M\u00f3ir, Connemara.\",\"breadcrumb\":{\"@id\":\"https:\/\/dev.tg4.ie\/en\/information\/press\/press-releases\/2022-2\/tg4-celebrates-the-return-of-comortas-peile-na-gaeltachta-this-weekend-in-leitir-moir-connemara\/#breadcrumb\"},\"inLanguage\":\"en-ie\",\"potentialAction\":[{\"@type\":\"ReadAction\",\"target\":[\"https:\/\/dev.tg4.ie\/en\/information\/press\/press-releases\/2022-2\/tg4-celebrates-the-return-of-comortas-peile-na-gaeltachta-this-weekend-in-leitir-moir-connemara\/\"]}]},{\"@type\":\"ImageObject\",\"inLanguage\":\"en-ie\",\"@id\":\"https:\/\/dev.tg4.ie\/en\/information\/press\/press-releases\/2022-2\/tg4-celebrates-the-return-of-comortas-peile-na-gaeltachta-this-weekend-in-leitir-moir-connemara\/#primaryimage\",\"url\":\"https:\/\/dev.tg4.ie\/wp-content\/uploads\/2022\/05\/Logo_CPnaG2022_2_1920x1080.jpg\",\"contentUrl\":\"https:\/\/dev.tg4.ie\/wp-content\/uploads\/2022\/05\/Logo_CPnaG2022_2_1920x1080.jpg\"},{\"@type\":\"BreadcrumbList\",\"@id\":\"https:\/\/dev.tg4.ie\/en\/information\/press\/press-releases\/2022-2\/tg4-celebrates-the-return-of-comortas-peile-na-gaeltachta-this-weekend-in-leitir-moir-connemara\/#breadcrumb\",\"itemListElement\":[{\"@type\":\"ListItem\",\"position\":1,\"name\":\"Home\",\"item\":\"https:\/\/dev.tg4.ie\/en\/\"},{\"@type\":\"ListItem\",\"position\":2,\"name\":\"Information\",\"item\":\"https:\/\/dev.tg4.ie\/en\/information\/\"},{\"@type\":\"ListItem\",\"position\":3,\"name\":\"Press\",\"item\":\"https:\/\/dev.tg4.ie\/en\/information\/press\/\"},{\"@type\":\"ListItem\",\"position\":4,\"name\":\"Press Releases\",\"item\":\"https:\/\/dev.tg4.ie\/en\/information\/press\/press-releases\/\"},{\"@type\":\"ListItem\",\"position\":5,\"name\":\"2022\",\"item\":\"https:\/\/dev.tg4.ie\/en\/information\/press\/press-releases\/2022-2\/\"},{\"@type\":\"ListItem\",\"position\":6,\"name\":\"TG4 celebrates the return of Com\u00f3rtas Peile na Gaeltachta this weekend in Leitir M\u00f3ir, Connemara\"}]},{\"@type\":\"WebSite\",\"@id\":\"https:\/\/dev.tg4.ie\/en\/#website\",\"url\":\"https:\/\/dev.tg4.ie\/en\/\",\"name\":\"TG4\",\"description\":\"S\u00fail Eile\",\"potentialAction\":[{\"@type\":\"SearchAction\",\"target\":{\"@type\":\"EntryPoint\",\"urlTemplate\":\"https:\/\/dev.tg4.ie\/en\/?s={search_term_string}\"},\"query-input\":\"required name=search_term_string\"}],\"inLanguage\":\"en-ie\"}]}<\/script>\n<!-- \/ Yoast SEO plugin. -->","yoast_head_json":{"title":"TG4 celebrates the return of Com\u00f3rtas Peile na Gaeltachta this weekend in Leitir M\u00f3ir, Connemara | Press Release | TG4","description":"TG4 celebrates the return of Com\u00f3rtas Peile na Gaeltachta for the first time since 2019. The annual inter-Gaeltacht Gaelic Football tournament takes place this weekend June 3rd-6th in Cumann Peile Naomh Anna club grounds in Leitir M\u00f3ir, Connemara.","robots":{"index":"index","follow":"follow","max-snippet":"max-snippet:-1","max-image-preview":"max-image-preview:large","max-video-preview":"max-video-preview:-1"},"og_locale":"en_US","og_type":"article","og_title":"TG4 celebrates the return of Com\u00f3rtas Peile na Gaeltachta this weekend in Leitir M\u00f3ir, Connemara | Press Release | TG4","og_description":"TG4 celebrates the return of Com\u00f3rtas Peile na Gaeltachta for the first time since 2019. The annual inter-Gaeltacht Gaelic Football tournament takes place this weekend June 3rd-6th in Cumann Peile Naomh Anna club grounds in Leitir M\u00f3ir, Connemara.","og_url":"https:\/\/dev.tg4.ie\/en\/information\/press\/press-releases\/2022-2\/tg4-celebrates-the-return-of-comortas-peile-na-gaeltachta-this-weekend-in-leitir-moir-connemara\/","og_site_name":"TG4","article_publisher":"https:\/\/www.facebook.com\/TG4TV","article_modified_time":"2022-05-31T13:14:47+00:00","og_image":[{"url":"https:\/\/tg4-docs.s3.amazonaws.com\/wp-content\/uploads\/2022\/05\/31133043\/Logo_CPnaG2022_2_1920x1080-700x394.jpg"}],"twitter_card":"summary_large_image","twitter_image":"https:\/\/tg4-docs.s3.amazonaws.com\/wp-content\/uploads\/2022\/05\/31133043\/Logo_CPnaG2022_2_1920x1080-700x394.jpg","twitter_site":"@TG4TV","twitter_misc":{"Est. reading time":"3 minutes"},"schema":{"@context":"https:\/\/schema.org","@graph":[{"@type":"WebPage","@id":"https:\/\/dev.tg4.ie\/en\/information\/press\/press-releases\/2022-2\/tg4-celebrates-the-return-of-comortas-peile-na-gaeltachta-this-weekend-in-leitir-moir-connemara\/","url":"https:\/\/dev.tg4.ie\/en\/information\/press\/press-releases\/2022-2\/tg4-celebrates-the-return-of-comortas-peile-na-gaeltachta-this-weekend-in-leitir-moir-connemara\/","name":"TG4 celebrates the return of Com\u00f3rtas Peile na Gaeltachta this weekend in Leitir M\u00f3ir, Connemara | Press Release | TG4","isPartOf":{"@id":"https:\/\/dev.tg4.ie\/en\/#website"},"primaryImageOfPage":{"@id":"https:\/\/dev.tg4.ie\/en\/information\/press\/press-releases\/2022-2\/tg4-celebrates-the-return-of-comortas-peile-na-gaeltachta-this-weekend-in-leitir-moir-connemara\/#primaryimage"},"image":{"@id":"https:\/\/dev.tg4.ie\/en\/information\/press\/press-releases\/2022-2\/tg4-celebrates-the-return-of-comortas-peile-na-gaeltachta-this-weekend-in-leitir-moir-connemara\/#primaryimage"},"thumbnailUrl":"https:\/\/dev.tg4.ie\/wp-content\/uploads\/2022\/05\/Logo_CPnaG2022_2_1920x1080.jpg","datePublished":"2022-05-31T13:12:51+00:00","dateModified":"2022-05-31T13:14:47+00:00","description":"TG4 celebrates the return of Com\u00f3rtas Peile na Gaeltachta for the first time since 2019. The annual inter-Gaeltacht Gaelic Football tournament takes place this weekend June 3rd-6th in Cumann Peile Naomh Anna club grounds in Leitir M\u00f3ir, Connemara.","breadcrumb":{"@id":"https:\/\/dev.tg4.ie\/en\/information\/press\/press-releases\/2022-2\/tg4-celebrates-the-return-of-comortas-peile-na-gaeltachta-this-weekend-in-leitir-moir-connemara\/#breadcrumb"},"inLanguage":"en-ie","potentialAction":[{"@type":"ReadAction","target":["https:\/\/dev.tg4.ie\/en\/information\/press\/press-releases\/2022-2\/tg4-celebrates-the-return-of-comortas-peile-na-gaeltachta-this-weekend-in-leitir-moir-connemara\/"]}]},{"@type":"ImageObject","inLanguage":"en-ie","@id":"https:\/\/dev.tg4.ie\/en\/information\/press\/press-releases\/2022-2\/tg4-celebrates-the-return-of-comortas-peile-na-gaeltachta-this-weekend-in-leitir-moir-connemara\/#primaryimage","url":"https:\/\/dev.tg4.ie\/wp-content\/uploads\/2022\/05\/Logo_CPnaG2022_2_1920x1080.jpg","contentUrl":"https:\/\/dev.tg4.ie\/wp-content\/uploads\/2022\/05\/Logo_CPnaG2022_2_1920x1080.jpg"},{"@type":"BreadcrumbList","@id":"https:\/\/dev.tg4.ie\/en\/information\/press\/press-releases\/2022-2\/tg4-celebrates-the-return-of-comortas-peile-na-gaeltachta-this-weekend-in-leitir-moir-connemara\/#breadcrumb","itemListElement":[{"@type":"ListItem","position":1,"name":"Home","item":"https:\/\/dev.tg4.ie\/en\/"},{"@type":"ListItem","position":2,"name":"Information","item":"https:\/\/dev.tg4.ie\/en\/information\/"},{"@type":"ListItem","position":3,"name":"Press","item":"https:\/\/dev.tg4.ie\/en\/information\/press\/"},{"@type":"ListItem","position":4,"name":"Press Releases","item":"https:\/\/dev.tg4.ie\/en\/information\/press\/press-releases\/"},{"@type":"ListItem","position":5,"name":"2022","item":"https:\/\/dev.tg4.ie\/en\/information\/press\/press-releases\/2022-2\/"},{"@type":"ListItem","position":6,"name":"TG4 celebrates the return of Com\u00f3rtas Peile na Gaeltachta this weekend in Leitir M\u00f3ir, Connemara"}]},{"@type":"WebSite","@id":"https:\/\/dev.tg4.ie\/en\/#website","url":"https:\/\/dev.tg4.ie\/en\/","name":"TG4","description":"S\u00fail Eile","potentialAction":[{"@type":"SearchAction","target":{"@type":"EntryPoint","urlTemplate":"https:\/\/dev.tg4.ie\/en\/?s={search_term_string}"},"query-input":"required name=search_term_string"}],"inLanguage":"en-ie"}]}},"_links":{"self":[{"href":"https:\/\/dev.tg4.ie\/en\/wp-json\/wp\/v2\/pages\/151586"}],"collection":[{"href":"https:\/\/dev.tg4.ie\/en\/wp-json\/wp\/v2\/pages"}],"about":[{"href":"https:\/\/dev.tg4.ie\/en\/wp-json\/wp\/v2\/types\/page"}],"author":[{"embeddable":true,"href":"https:\/\/dev.tg4.ie\/en\/wp-json\/wp\/v2\/users\/876"}],"replies":[{"embeddable":true,"href":"https:\/\/dev.tg4.ie\/en\/wp-json\/wp\/v2\/comments?post=151586"}],"version-history":[{"count":0,"href":"https:\/\/dev.tg4.ie\/en\/wp-json\/wp\/v2\/pages\/151586\/revisions"}],"up":[{"embeddable":true,"href":"https:\/\/dev.tg4.ie\/en\/wp-json\/wp\/v2\/pages\/138173"}],"wp:attachment":[{"href":"https:\/\/dev.tg4.ie\/en\/wp-json\/wp\/v2\/media?parent=151586"}],"curies":[{"name":"wp","href":"https:\/\/api.w.org\/{rel}","templated":true}]}}