{"id":15264,"date":"2016-03-15T15:07:33","date_gmt":"2016-03-15T15:07:33","guid":{"rendered":"https:\/\/dev.tg4.ie\/en\/?page_id=15264"},"modified":"2019-06-24T16:20:52","modified_gmt":"2019-06-24T15:20:52","slug":"14-03-16","status":"publish","type":"page","link":"https:\/\/dev.tg4.ie\/en\/information\/press\/press-releases\/2016-2\/14-03-16\/","title":{"rendered":"14.03.16"},"content":{"rendered":"<h2>An Klondike rushes for gold on IFTA list<\/h2>\n<p>TG4\u2019s reputation for quality has been further enhanced by the nine short-listed nominations for this year\u2019s IFTA awards.\u00a0\u00a0 An Klondike has received no less than 9 IFTA nominations across the creative and craft categories and the channel also funded Tae leis an marbh\/ Tea with the Dead, a nominee in the Animation category.<\/p>\n<p>The IFTA Awards are the most prestigious awards in Irish film and television.\u00a0 Selection juries comprising leading practitioners in the industry select the short- listed entries and the ultimate prizewinners are announced at a televised gala occasion (9th April).<\/p>\n<p><strong>An Klondike<\/strong> is both a 4 part drama series and a feature-length film, set in the harsh world of the gold mines of Alaska a century ago. It follows the turbulent lives of three Irish-born brothers as they journey seek their fortune in Dominion Creek, a town built on greed.\u00a0\u00a0 The drama was produced by Ab\u00fa Media (previous IFTA winners) and shot on location in Ireland with the mining town constructed on the grounds of the Glengowla mines outside Oughterard in Connemara.\u00a0\u00a0 The project was funded by BAI, TG4 and by the Section 481 supports provided by the Irish Government.<\/p>\n<p>The TV series has received IFTA nominations in TV for <strong>Best Drama,<\/strong> for <strong>Dara Devaney <\/strong>(Actor in a Lead Drama role),\u00a0\u00a0 <strong>Robert O\u2019Mahoney<\/strong> (Actor in a Supporting Role), <strong>Datha\u00ed Keane <\/strong>(Director, TV Drama), <strong>Marcus Fleming<\/strong> (Best TV Drama Script) as well as\u00a0 TV Craft nominations for <strong>Triona Lillis, <\/strong>(Costume Design), for<strong> Make-up and Hair <\/strong>and for <strong>P\u00e1draig O\u2019Neil \u00a0<\/strong>(Production Design).\u00a0\u00a0 Actress <strong>Siobh\u00e1n O\u2019Kelly<\/strong> has been shortlisted for her performance in a supporting role in the Feature Film version of the work.<\/p>\n<p><strong>Tea with the Dead\/Tae leis an marbh<\/strong> is an animation in which an embalmer gets to have a good conversation with his (dead) clients over a nice cup of tea.\u00a0 It was co-funded by TG4 and the BAI and in the Irish language version, the main narrator is Frank Kelly, the revered actor who died very recently.<\/p>\n<p>The full list of this year\u2019s IFTA nominees is available on\u00a0\u00a0 <a href=\"http:\/\/ifta.ie\/awards\/nominees_2016\/index.html\" target=\"_blank\" rel=\"noopener noreferrer\">http:\/\/ifta.ie\/awards\/nominees_2016\/index.html<\/a><\/p>\n<p>Director General P\u00f3l \u00d3 Gallch\u00f3ir, congratulated the nominees, saying \u201cTG4 has received nominations and prizes at each IFTA since we came on air, and this impressive list for 2016 represents another marker of the excellence of our output and the regard in which it is held by our industry peers and the audience\u201d.<\/p>\n","protected":false},"excerpt":{"rendered":"<p>An Klondike rushes for gold on IFTA list TG4\u2019s reputation for quality has been further enhanced by the nine short-listed nominations for this year\u2019s IFTA awards.\u00a0\u00a0 An Klondike has received no less than 9 IFTA nominations across the creative and craft categories and the channel also funded Tae leis an marbh\/ Tea with the Dead, [&hellip;]<\/p>\n","protected":false},"author":876,"featured_media":0,"parent":6901,"menu_order":10,"comment_status":"closed","ping_status":"closed","template":"page-templates\/template-pr.php","meta":{"_acf_changed":false,"footnotes":""},"acf":[],"yoast_head":"<!-- This site is optimized with the Yoast SEO plugin v22.6 - https:\/\/yoast.com\/wordpress\/plugins\/seo\/ -->\n<title>14.03.16 - TG4<\/title>\n<meta name=\"robots\" content=\"index, follow, max-snippet:-1, max-image-preview:large, max-video-preview:-1\" \/>\n<meta property=\"og:locale\" content=\"en_US\" \/>\n<meta property=\"og:type\" content=\"article\" \/>\n<meta property=\"og:title\" content=\"14.03.16 - TG4\" \/>\n<meta property=\"og:description\" content=\"An Klondike rushes for gold on IFTA list TG4\u2019s reputation for quality has been further enhanced by the nine short-listed nominations for this year\u2019s IFTA awards.\u00a0\u00a0 An Klondike has received no less than 9 IFTA nominations across the creative and craft categories and the channel also funded Tae leis an marbh\/ Tea with the Dead, [&hellip;]\" \/>\n<meta property=\"og:url\" content=\"https:\/\/dev.tg4.ie\/en\/information\/press\/press-releases\/2016-2\/14-03-16\/\" \/>\n<meta property=\"og:site_name\" content=\"TG4\" \/>\n<meta property=\"article:publisher\" content=\"https:\/\/www.facebook.com\/TG4TV\" \/>\n<meta property=\"article:modified_time\" content=\"2019-06-24T15:20:52+00:00\" \/>\n<meta property=\"og:image\" content=\"https:\/\/tg4-docs.s3.amazonaws.com\/wp-content\/uploads\/2024\/11\/18151812\/TG4_2024_corcra_teal_1-1920x1080-1.jpg\" \/>\n\t<meta property=\"og:image:width\" content=\"1920\" \/>\n\t<meta property=\"og:image:height\" content=\"1080\" \/>\n\t<meta property=\"og:image:type\" content=\"image\/jpeg\" \/>\n<meta name=\"twitter:card\" content=\"summary_large_image\" \/>\n<meta name=\"twitter:site\" content=\"@TG4TV\" \/>\n<meta name=\"twitter:label1\" content=\"Est. reading time\" \/>\n\t<meta name=\"twitter:data1\" content=\"2 minutes\" \/>\n<script type=\"application\/ld+json\" class=\"yoast-schema-graph\">{\"@context\":\"https:\/\/schema.org\",\"@graph\":[{\"@type\":\"WebPage\",\"@id\":\"https:\/\/dev.tg4.ie\/en\/information\/press\/press-releases\/2016-2\/14-03-16\/\",\"url\":\"https:\/\/dev.tg4.ie\/en\/information\/press\/press-releases\/2016-2\/14-03-16\/\",\"name\":\"14.03.16 - TG4\",\"isPartOf\":{\"@id\":\"https:\/\/dev.tg4.ie\/en\/#website\"},\"datePublished\":\"2016-03-15T15:07:33+00:00\",\"dateModified\":\"2019-06-24T15:20:52+00:00\",\"breadcrumb\":{\"@id\":\"https:\/\/dev.tg4.ie\/en\/information\/press\/press-releases\/2016-2\/14-03-16\/#breadcrumb\"},\"inLanguage\":\"en-ie\",\"potentialAction\":[{\"@type\":\"ReadAction\",\"target\":[\"https:\/\/dev.tg4.ie\/en\/information\/press\/press-releases\/2016-2\/14-03-16\/\"]}]},{\"@type\":\"BreadcrumbList\",\"@id\":\"https:\/\/dev.tg4.ie\/en\/information\/press\/press-releases\/2016-2\/14-03-16\/#breadcrumb\",\"itemListElement\":[{\"@type\":\"ListItem\",\"position\":1,\"name\":\"Home\",\"item\":\"https:\/\/dev.tg4.ie\/en\/\"},{\"@type\":\"ListItem\",\"position\":2,\"name\":\"Information\",\"item\":\"https:\/\/dev.tg4.ie\/en\/information\/\"},{\"@type\":\"ListItem\",\"position\":3,\"name\":\"Press\",\"item\":\"https:\/\/dev.tg4.ie\/en\/information\/press\/\"},{\"@type\":\"ListItem\",\"position\":4,\"name\":\"Press Releases\",\"item\":\"https:\/\/dev.tg4.ie\/en\/information\/press\/press-releases\/\"},{\"@type\":\"ListItem\",\"position\":5,\"name\":\"2016\",\"item\":\"https:\/\/dev.tg4.ie\/en\/information\/press\/press-releases\/2016-2\/\"},{\"@type\":\"ListItem\",\"position\":6,\"name\":\"14.03.16\"}]},{\"@type\":\"WebSite\",\"@id\":\"https:\/\/dev.tg4.ie\/en\/#website\",\"url\":\"https:\/\/dev.tg4.ie\/en\/\",\"name\":\"TG4\",\"description\":\"S\u00fail Eile\",\"potentialAction\":[{\"@type\":\"SearchAction\",\"target\":{\"@type\":\"EntryPoint\",\"urlTemplate\":\"https:\/\/dev.tg4.ie\/en\/?s={search_term_string}\"},\"query-input\":\"required name=search_term_string\"}],\"inLanguage\":\"en-ie\"}]}<\/script>\n<!-- \/ Yoast SEO plugin. -->","yoast_head_json":{"title":"14.03.16 - TG4","robots":{"index":"index","follow":"follow","max-snippet":"max-snippet:-1","max-image-preview":"max-image-preview:large","max-video-preview":"max-video-preview:-1"},"og_locale":"en_US","og_type":"article","og_title":"14.03.16 - TG4","og_description":"An Klondike rushes for gold on IFTA list TG4\u2019s reputation for quality has been further enhanced by the nine short-listed nominations for this year\u2019s IFTA awards.\u00a0\u00a0 An Klondike has received no less than 9 IFTA nominations across the creative and craft categories and the channel also funded Tae leis an marbh\/ Tea with the Dead, [&hellip;]","og_url":"https:\/\/dev.tg4.ie\/en\/information\/press\/press-releases\/2016-2\/14-03-16\/","og_site_name":"TG4","article_publisher":"https:\/\/www.facebook.com\/TG4TV","article_modified_time":"2019-06-24T15:20:52+00:00","og_image":[{"width":1920,"height":1080,"url":"https:\/\/tg4-docs.s3.amazonaws.com\/wp-content\/uploads\/2024\/11\/18151812\/TG4_2024_corcra_teal_1-1920x1080-1.jpg","type":"image\/jpeg"}],"twitter_card":"summary_large_image","twitter_site":"@TG4TV","twitter_misc":{"Est. reading time":"2 minutes"},"schema":{"@context":"https:\/\/schema.org","@graph":[{"@type":"WebPage","@id":"https:\/\/dev.tg4.ie\/en\/information\/press\/press-releases\/2016-2\/14-03-16\/","url":"https:\/\/dev.tg4.ie\/en\/information\/press\/press-releases\/2016-2\/14-03-16\/","name":"14.03.16 - TG4","isPartOf":{"@id":"https:\/\/dev.tg4.ie\/en\/#website"},"datePublished":"2016-03-15T15:07:33+00:00","dateModified":"2019-06-24T15:20:52+00:00","breadcrumb":{"@id":"https:\/\/dev.tg4.ie\/en\/information\/press\/press-releases\/2016-2\/14-03-16\/#breadcrumb"},"inLanguage":"en-ie","potentialAction":[{"@type":"ReadAction","target":["https:\/\/dev.tg4.ie\/en\/information\/press\/press-releases\/2016-2\/14-03-16\/"]}]},{"@type":"BreadcrumbList","@id":"https:\/\/dev.tg4.ie\/en\/information\/press\/press-releases\/2016-2\/14-03-16\/#breadcrumb","itemListElement":[{"@type":"ListItem","position":1,"name":"Home","item":"https:\/\/dev.tg4.ie\/en\/"},{"@type":"ListItem","position":2,"name":"Information","item":"https:\/\/dev.tg4.ie\/en\/information\/"},{"@type":"ListItem","position":3,"name":"Press","item":"https:\/\/dev.tg4.ie\/en\/information\/press\/"},{"@type":"ListItem","position":4,"name":"Press Releases","item":"https:\/\/dev.tg4.ie\/en\/information\/press\/press-releases\/"},{"@type":"ListItem","position":5,"name":"2016","item":"https:\/\/dev.tg4.ie\/en\/information\/press\/press-releases\/2016-2\/"},{"@type":"ListItem","position":6,"name":"14.03.16"}]},{"@type":"WebSite","@id":"https:\/\/dev.tg4.ie\/en\/#website","url":"https:\/\/dev.tg4.ie\/en\/","name":"TG4","description":"S\u00fail Eile","potentialAction":[{"@type":"SearchAction","target":{"@type":"EntryPoint","urlTemplate":"https:\/\/dev.tg4.ie\/en\/?s={search_term_string}"},"query-input":"required name=search_term_string"}],"inLanguage":"en-ie"}]}},"_links":{"self":[{"href":"https:\/\/dev.tg4.ie\/en\/wp-json\/wp\/v2\/pages\/15264"}],"collection":[{"href":"https:\/\/dev.tg4.ie\/en\/wp-json\/wp\/v2\/pages"}],"about":[{"href":"https:\/\/dev.tg4.ie\/en\/wp-json\/wp\/v2\/types\/page"}],"author":[{"embeddable":true,"href":"https:\/\/dev.tg4.ie\/en\/wp-json\/wp\/v2\/users\/876"}],"replies":[{"embeddable":true,"href":"https:\/\/dev.tg4.ie\/en\/wp-json\/wp\/v2\/comments?post=15264"}],"version-history":[{"count":0,"href":"https:\/\/dev.tg4.ie\/en\/wp-json\/wp\/v2\/pages\/15264\/revisions"}],"up":[{"embeddable":true,"href":"https:\/\/dev.tg4.ie\/en\/wp-json\/wp\/v2\/pages\/6901"}],"wp:attachment":[{"href":"https:\/\/dev.tg4.ie\/en\/wp-json\/wp\/v2\/media?parent=15264"}],"curies":[{"name":"wp","href":"https:\/\/api.w.org\/{rel}","templated":true}]}}